{"id":1871,"date":"2023-09-18T17:56:15","date_gmt":"2023-09-18T17:56:15","guid":{"rendered":"https:\/\/abaa.mx\/tienda\/?post_type=product&#038;p=1871"},"modified":"2023-09-18T17:56:16","modified_gmt":"2023-09-18T17:56:16","slug":"termohigrometro-extech-445703","status":"publish","type":"product","link":"https:\/\/abaa.mx\/tienda\/termohigrometro-extech-445703\/","title":{"rendered":"Termohigrometro Extech 445703"},"content":{"rendered":"<h1><strong>Termohigrometro Extech 445703<\/strong><\/h1>\n<p>&nbsp;<\/p>\n<ul>\n<li><span class=\"fs12 ff1\">Gran pantalla LCD (80 x 62 mm \/3.1 x 2.4\u2033) proporciona mediciones simult\u00e1neas de humedad y temperatura.<br \/>\n<\/span><\/li>\n<li><span class=\"fs12 ff1\">Memoria con funci\u00f3n de reinicio almacena mediciones m\u00e1ximas y m\u00ednimas.<br \/>\n<\/span><\/li>\n<li><span class=\"fs12 ff1\">Rango de medici\u00f3n.<br \/>\n<\/span><\/li>\n<li><span class=\"fs12 ff1\">Temperatura: -10\u00b0C~60\u00b0C\/ 14\u00b0F a 140\u00b0F.<br \/>\n<\/span><\/li>\n<li><span class=\"fs12 ff1\">Humedad: 10%~99% HR.<br \/>\n<\/span><\/li>\n<li><span class=\"fs12 ff1\">Precisi\u00f3n de 5% HR, 1\u00b0C y 1.8\u00b0F (@ 0~50\u00b0C\/32~122\u00b0F).<br \/>\n<\/span><\/li>\n<li><span class=\"fs12 ff1\">Mediciones de temperatura seleccionables entre \u00b0C\/\u00b0F.<br \/>\n<\/span><\/li>\n<li><span class=\"fs12 ff1\">Indicaci\u00f3n de bater\u00eda baja.<br \/>\n<\/span><\/li>\n<li><span class=\"fs12 ff1\">Dimensiones: 110 x 100 x 20 mm (4.3 x 3.9 x 0.78\u2033).<br \/>\n<\/span><\/li>\n<li><span class=\"fs12 ff1\">Peso: 169 g (6 oz).<br \/>\n<\/span><\/li>\n<li><span class=\"fs12 ff1\">Con soporte de inclinaci\u00f3n inclinado, soporte de pared y bater\u00eda 1.5V AAA.<br \/>\n<\/span><\/li>\n<li><span class=\"ff1\"><span class=\"fs12\">Para uso en f\u00e1bricas, invernaderos y oficinas para mantener las condiciones adecuadas de temperatura, humedad y para registrar mediciones extremas durante el d\u00eda<\/span><\/span><\/li>\n<\/ul>\n<p>&nbsp;<\/p>\n<h3><span class=\"ff1\"><span class=\"fs21\"><b>Especificaciones<\/b><\/span><br \/>\n<\/span><\/h3>\n<ul>\n<li><span class=\"fs12 ff1\">Rango de temperatura: -10\u00b0C~60\u00b0C\/ 14\u00b0F a 140\u00b0F.<br \/>\n<\/span><\/li>\n<li><span class=\"fs12 ff1\">Precisi\u00f3n de temperatura: \u00b11.0\u00b0C dentro de -10\u00b0C a 50\u00b0C\/\u00b11.8\u00b0F dentro de 14\u00b0F a 122\u00b0F.<br \/>\n<\/span><\/li>\n<li><span class=\"fs12 ff1\">Rango de humedad: 10%~99% HR.<br \/>\n<\/span><\/li>\n<li><span class=\"fs12 ff1\">Precisi\u00f3n de humedad: \u00b15% HR dentro de 25% \u00a0a 85% HR y 0 a 50\u00b0C \u00f3 32 a 122\u00b0F.<br \/>\n<\/span><\/li>\n<li><span class=\"fs12 ff1\">Fuente de poder; Bater\u00eda AAA 1.5V.<br \/>\n<\/span><\/li>\n<li><span class=\"fs12 ff1\">Dimensiones: 110 x 100 x 20 mm (4.3 x 3.9 x 0.78\u2033).<br \/>\n<\/span><\/li>\n<li><span class=\"ff1\"><span class=\"fs12\">Peso: 169 g (6 oz).<\/span><\/span><\/li>\n<\/ul>\n","protected":false},"excerpt":{"rendered":"<h3><span class=\"ff1\"><span class=\"fs21\">Caracter\u00edsticas<\/span><\/span><\/h3>\n<ul>\n<li><span class=\"fs12 ff1\">Gran pantalla LCD (80 x 62 mm \/3.1 x 2.4\u2033) proporciona mediciones simult\u00e1neas de humedad y temperatura.<br \/>\n<\/span><\/li>\n<li><span class=\"fs12 ff1\">Memoria con funci\u00f3n de reinicio almacena mediciones m\u00e1ximas y m\u00ednimas.<br \/>\n<\/span><\/li>\n<li><span class=\"fs12 ff1\">Rango de medici\u00f3n.<br \/>\n<\/span><\/li>\n<li><span class=\"fs12 ff1\">Temperatura: -10\u00b0C~60\u00b0C\/ 14\u00b0F a 140\u00b0F.<br \/>\n<\/span><\/li>\n<li><span class=\"fs12 ff1\">Humedad: 10%~99% HR.<br \/>\n<\/span><\/li>\n<li><span class=\"fs12 ff1\">Precisi\u00f3n de 5% HR, 1\u00b0C y 1.8\u00b0F (@ 0~50\u00b0C\/32~122\u00b0F).<br \/>\n<\/span><\/li>\n<li><span class=\"fs12 ff1\">Mediciones de temperatura seleccionables entre \u00b0C\/\u00b0F.<br \/>\n<\/span><\/li>\n<li><span class=\"fs12 ff1\">Indicaci\u00f3n de bater\u00eda baja.<br \/>\n<\/span><\/li>\n<li><span class=\"fs12 ff1\">Dimensiones: 110 x 100 x 20 mm (4.3 x 3.9 x 0.78\u2033).<br \/>\n<\/span><\/li>\n<li><span class=\"fs12 ff1\">Peso: 169 g (6 oz).<br \/>\n<\/span><\/li>\n<li><span class=\"fs12 ff1\">Con soporte de inclinaci\u00f3n inclinado, soporte de pared y bater\u00eda 1.5V AAA.<br \/>\n<\/span><\/li>\n<li><span class=\"ff1\"><span class=\"fs12\">Para uso en f\u00e1bricas, invernaderos y oficinas para mantener las condiciones adecuadas de temperatura, humedad y para registrar mediciones extremas durante el d\u00eda.<\/span><\/span><\/li>\n<\/ul>\n","protected":false},"featured_media":1873,"comment_status":"open","ping_status":"closed","template":"","meta":{"_joinchat":[]},"product_brand":[],"product_cat":[15],"product_tag":[],"class_list":{"0":"post-1871","1":"product","2":"type-product","3":"status-publish","4":"has-post-thumbnail","6":"product_cat-sin-categorizar","8":"first","9":"instock","10":"shipping-taxable","11":"product-type-simple"},"yoast_head":"<!-- This site is optimized with the Yoast SEO plugin v26.4 - https:\/\/yoast.com\/wordpress\/plugins\/seo\/ -->\n<title>Termohigrometro Extech 445703 - Abaa tienda online<\/title>\n<meta name=\"robots\" content=\"index, follow, max-snippet:-1, max-image-preview:large, max-video-preview:-1\" \/>\n<link rel=\"canonical\" href=\"https:\/\/abaa.mx\/tienda\/termohigrometro-extech-445703\/\" \/>\n<meta property=\"og:locale\" content=\"es_MX\" \/>\n<meta property=\"og:type\" content=\"article\" \/>\n<meta property=\"og:title\" content=\"Termohigrometro Extech 445703 - Abaa tienda online\" \/>\n<meta property=\"og:description\" content=\"Caracter\u00edsticas   Gran pantalla LCD (80 x 62 mm \/3.1 x 2.4\u2033) proporciona mediciones simult\u00e1neas de humedad y temperatura.   Memoria con funci\u00f3n de reinicio almacena mediciones m\u00e1ximas y m\u00ednimas.   Rango de medici\u00f3n.   Temperatura: -10\u00b0C~60\u00b0C\/ 14\u00b0F a 140\u00b0F.   Humedad: 10%~99% HR.   Precisi\u00f3n de 5% HR, 1\u00b0C y 1.8\u00b0F (@ 0~50\u00b0C\/32~122\u00b0F).   Mediciones de temperatura seleccionables entre \u00b0C\/\u00b0F.   Indicaci\u00f3n de bater\u00eda baja.   Dimensiones: 110 x 100 x 20 mm (4.3 x 3.9 x 0.78\u2033).   Peso: 169 g (6 oz).   Con soporte de inclinaci\u00f3n inclinado, soporte de pared y bater\u00eda 1.5V AAA.   Para uso en f\u00e1bricas, invernaderos y oficinas para mantener las condiciones adecuadas de temperatura, humedad y para registrar mediciones extremas durante el d\u00eda.\" \/>\n<meta property=\"og:url\" content=\"https:\/\/abaa.mx\/tienda\/termohigrometro-extech-445703\/\" \/>\n<meta property=\"og:site_name\" content=\"Abaa tienda online\" \/>\n<meta property=\"article:modified_time\" content=\"2023-09-18T17:56:16+00:00\" \/>\n<meta property=\"og:image\" content=\"https:\/\/abaa.mx\/tienda\/wp-content\/uploads\/2023\/09\/445703.jpg\" \/>\n\t<meta property=\"og:image:width\" content=\"500\" \/>\n\t<meta property=\"og:image:height\" content=\"500\" \/>\n\t<meta property=\"og:image:type\" content=\"image\/jpeg\" \/>\n<meta name=\"twitter:card\" content=\"summary_large_image\" \/>\n<meta name=\"twitter:label1\" content=\"Tiempo de lectura\" \/>\n\t<meta name=\"twitter:data1\" content=\"1 minuto\" \/>\n<script type=\"application\/ld+json\" class=\"yoast-schema-graph\">{\"@context\":\"https:\/\/schema.org\",\"@graph\":[{\"@type\":\"WebPage\",\"@id\":\"https:\/\/abaa.mx\/tienda\/termohigrometro-extech-445703\/\",\"url\":\"https:\/\/abaa.mx\/tienda\/termohigrometro-extech-445703\/\",\"name\":\"Termohigrometro Extech 445703 - Abaa tienda online\",\"isPartOf\":{\"@id\":\"https:\/\/abaa.mx\/tienda\/#website\"},\"primaryImageOfPage\":{\"@id\":\"https:\/\/abaa.mx\/tienda\/termohigrometro-extech-445703\/#primaryimage\"},\"image\":{\"@id\":\"https:\/\/abaa.mx\/tienda\/termohigrometro-extech-445703\/#primaryimage\"},\"thumbnailUrl\":\"https:\/\/abaa.mx\/tienda\/wp-content\/uploads\/2023\/09\/445703.jpg\",\"datePublished\":\"2023-09-18T17:56:15+00:00\",\"dateModified\":\"2023-09-18T17:56:16+00:00\",\"breadcrumb\":{\"@id\":\"https:\/\/abaa.mx\/tienda\/termohigrometro-extech-445703\/#breadcrumb\"},\"inLanguage\":\"es\",\"potentialAction\":[{\"@type\":\"ReadAction\",\"target\":[\"https:\/\/abaa.mx\/tienda\/termohigrometro-extech-445703\/\"]}]},{\"@type\":\"ImageObject\",\"inLanguage\":\"es\",\"@id\":\"https:\/\/abaa.mx\/tienda\/termohigrometro-extech-445703\/#primaryimage\",\"url\":\"https:\/\/abaa.mx\/tienda\/wp-content\/uploads\/2023\/09\/445703.jpg\",\"contentUrl\":\"https:\/\/abaa.mx\/tienda\/wp-content\/uploads\/2023\/09\/445703.jpg\",\"width\":500,\"height\":500,\"caption\":\"termohigrometro-extech-445703\"},{\"@type\":\"BreadcrumbList\",\"@id\":\"https:\/\/abaa.mx\/tienda\/termohigrometro-extech-445703\/#breadcrumb\",\"itemListElement\":[{\"@type\":\"ListItem\",\"position\":1,\"name\":\"Inicio\",\"item\":\"https:\/\/abaa.mx\/tienda\/\"},{\"@type\":\"ListItem\",\"position\":2,\"name\":\"Tienda\",\"item\":\"https:\/\/abaa.mx\/tienda\/\"},{\"@type\":\"ListItem\",\"position\":3,\"name\":\"Termohigrometro Extech 445703\"}]},{\"@type\":\"WebSite\",\"@id\":\"https:\/\/abaa.mx\/tienda\/#website\",\"url\":\"https:\/\/abaa.mx\/tienda\/\",\"name\":\"Abaa tienda online\",\"description\":\"Instrumentos de medici\u00f3n\",\"publisher\":{\"@id\":\"https:\/\/abaa.mx\/tienda\/#organization\"},\"potentialAction\":[{\"@type\":\"SearchAction\",\"target\":{\"@type\":\"EntryPoint\",\"urlTemplate\":\"https:\/\/abaa.mx\/tienda\/?s={search_term_string}\"},\"query-input\":{\"@type\":\"PropertyValueSpecification\",\"valueRequired\":true,\"valueName\":\"search_term_string\"}}],\"inLanguage\":\"es\"},{\"@type\":\"Organization\",\"@id\":\"https:\/\/abaa.mx\/tienda\/#organization\",\"name\":\"Abaa tienda online\",\"url\":\"https:\/\/abaa.mx\/tienda\/\",\"logo\":{\"@type\":\"ImageObject\",\"inLanguage\":\"es\",\"@id\":\"https:\/\/abaa.mx\/tienda\/#\/schema\/logo\/image\/\",\"url\":\"https:\/\/abaa.mx\/tienda\/wp-content\/uploads\/2024\/01\/abaa-metrologia-tienda.png\",\"contentUrl\":\"https:\/\/abaa.mx\/tienda\/wp-content\/uploads\/2024\/01\/abaa-metrologia-tienda.png\",\"width\":300,\"height\":141,\"caption\":\"Abaa tienda online\"},\"image\":{\"@id\":\"https:\/\/abaa.mx\/tienda\/#\/schema\/logo\/image\/\"}}]}<\/script>\n<!-- \/ Yoast SEO plugin. -->","yoast_head_json":{"title":"Termohigrometro Extech 445703 - Abaa tienda online","robots":{"index":"index","follow":"follow","max-snippet":"max-snippet:-1","max-image-preview":"max-image-preview:large","max-video-preview":"max-video-preview:-1"},"canonical":"https:\/\/abaa.mx\/tienda\/termohigrometro-extech-445703\/","og_locale":"es_MX","og_type":"article","og_title":"Termohigrometro Extech 445703 - Abaa tienda online","og_description":"Caracter\u00edsticas   Gran pantalla LCD (80 x 62 mm \/3.1 x 2.4\u2033) proporciona mediciones simult\u00e1neas de humedad y temperatura.   Memoria con funci\u00f3n de reinicio almacena mediciones m\u00e1ximas y m\u00ednimas.   Rango de medici\u00f3n.   Temperatura: -10\u00b0C~60\u00b0C\/ 14\u00b0F a 140\u00b0F.   Humedad: 10%~99% HR.   Precisi\u00f3n de 5% HR, 1\u00b0C y 1.8\u00b0F (@ 0~50\u00b0C\/32~122\u00b0F).   Mediciones de temperatura seleccionables entre \u00b0C\/\u00b0F.   Indicaci\u00f3n de bater\u00eda baja.   Dimensiones: 110 x 100 x 20 mm (4.3 x 3.9 x 0.78\u2033).   Peso: 169 g (6 oz).   Con soporte de inclinaci\u00f3n inclinado, soporte de pared y bater\u00eda 1.5V AAA.   Para uso en f\u00e1bricas, invernaderos y oficinas para mantener las condiciones adecuadas de temperatura, humedad y para registrar mediciones extremas durante el d\u00eda.","og_url":"https:\/\/abaa.mx\/tienda\/termohigrometro-extech-445703\/","og_site_name":"Abaa tienda online","article_modified_time":"2023-09-18T17:56:16+00:00","og_image":[{"width":500,"height":500,"url":"https:\/\/abaa.mx\/tienda\/wp-content\/uploads\/2023\/09\/445703.jpg","type":"image\/jpeg"}],"twitter_card":"summary_large_image","twitter_misc":{"Tiempo de lectura":"1 minuto"},"schema":{"@context":"https:\/\/schema.org","@graph":[{"@type":"WebPage","@id":"https:\/\/abaa.mx\/tienda\/termohigrometro-extech-445703\/","url":"https:\/\/abaa.mx\/tienda\/termohigrometro-extech-445703\/","name":"Termohigrometro Extech 445703 - Abaa tienda online","isPartOf":{"@id":"https:\/\/abaa.mx\/tienda\/#website"},"primaryImageOfPage":{"@id":"https:\/\/abaa.mx\/tienda\/termohigrometro-extech-445703\/#primaryimage"},"image":{"@id":"https:\/\/abaa.mx\/tienda\/termohigrometro-extech-445703\/#primaryimage"},"thumbnailUrl":"https:\/\/abaa.mx\/tienda\/wp-content\/uploads\/2023\/09\/445703.jpg","datePublished":"2023-09-18T17:56:15+00:00","dateModified":"2023-09-18T17:56:16+00:00","breadcrumb":{"@id":"https:\/\/abaa.mx\/tienda\/termohigrometro-extech-445703\/#breadcrumb"},"inLanguage":"es","potentialAction":[{"@type":"ReadAction","target":["https:\/\/abaa.mx\/tienda\/termohigrometro-extech-445703\/"]}]},{"@type":"ImageObject","inLanguage":"es","@id":"https:\/\/abaa.mx\/tienda\/termohigrometro-extech-445703\/#primaryimage","url":"https:\/\/abaa.mx\/tienda\/wp-content\/uploads\/2023\/09\/445703.jpg","contentUrl":"https:\/\/abaa.mx\/tienda\/wp-content\/uploads\/2023\/09\/445703.jpg","width":500,"height":500,"caption":"termohigrometro-extech-445703"},{"@type":"BreadcrumbList","@id":"https:\/\/abaa.mx\/tienda\/termohigrometro-extech-445703\/#breadcrumb","itemListElement":[{"@type":"ListItem","position":1,"name":"Inicio","item":"https:\/\/abaa.mx\/tienda\/"},{"@type":"ListItem","position":2,"name":"Tienda","item":"https:\/\/abaa.mx\/tienda\/"},{"@type":"ListItem","position":3,"name":"Termohigrometro Extech 445703"}]},{"@type":"WebSite","@id":"https:\/\/abaa.mx\/tienda\/#website","url":"https:\/\/abaa.mx\/tienda\/","name":"Abaa tienda online","description":"Instrumentos de medici\u00f3n","publisher":{"@id":"https:\/\/abaa.mx\/tienda\/#organization"},"potentialAction":[{"@type":"SearchAction","target":{"@type":"EntryPoint","urlTemplate":"https:\/\/abaa.mx\/tienda\/?s={search_term_string}"},"query-input":{"@type":"PropertyValueSpecification","valueRequired":true,"valueName":"search_term_string"}}],"inLanguage":"es"},{"@type":"Organization","@id":"https:\/\/abaa.mx\/tienda\/#organization","name":"Abaa tienda online","url":"https:\/\/abaa.mx\/tienda\/","logo":{"@type":"ImageObject","inLanguage":"es","@id":"https:\/\/abaa.mx\/tienda\/#\/schema\/logo\/image\/","url":"https:\/\/abaa.mx\/tienda\/wp-content\/uploads\/2024\/01\/abaa-metrologia-tienda.png","contentUrl":"https:\/\/abaa.mx\/tienda\/wp-content\/uploads\/2024\/01\/abaa-metrologia-tienda.png","width":300,"height":141,"caption":"Abaa tienda online"},"image":{"@id":"https:\/\/abaa.mx\/tienda\/#\/schema\/logo\/image\/"}}]}},"_links":{"self":[{"href":"https:\/\/abaa.mx\/tienda\/wp-json\/wp\/v2\/product\/1871","targetHints":{"allow":["GET"]}}],"collection":[{"href":"https:\/\/abaa.mx\/tienda\/wp-json\/wp\/v2\/product"}],"about":[{"href":"https:\/\/abaa.mx\/tienda\/wp-json\/wp\/v2\/types\/product"}],"replies":[{"embeddable":true,"href":"https:\/\/abaa.mx\/tienda\/wp-json\/wp\/v2\/comments?post=1871"}],"wp:featuredmedia":[{"embeddable":true,"href":"https:\/\/abaa.mx\/tienda\/wp-json\/wp\/v2\/media\/1873"}],"wp:attachment":[{"href":"https:\/\/abaa.mx\/tienda\/wp-json\/wp\/v2\/media?parent=1871"}],"wp:term":[{"taxonomy":"product_brand","embeddable":true,"href":"https:\/\/abaa.mx\/tienda\/wp-json\/wp\/v2\/product_brand?post=1871"},{"taxonomy":"product_cat","embeddable":true,"href":"https:\/\/abaa.mx\/tienda\/wp-json\/wp\/v2\/product_cat?post=1871"},{"taxonomy":"product_tag","embeddable":true,"href":"https:\/\/abaa.mx\/tienda\/wp-json\/wp\/v2\/product_tag?post=1871"}],"curies":[{"name":"wp","href":"https:\/\/api.w.org\/{rel}","templated":true}]}}