{"id":1858,"date":"2023-09-18T17:38:58","date_gmt":"2023-09-18T17:38:58","guid":{"rendered":"https:\/\/abaa.mx\/tienda\/?post_type=product&#038;p=1858"},"modified":"2023-11-15T16:55:01","modified_gmt":"2023-11-15T16:55:01","slug":"datalogger-de-temperatura-y-humedad-tlog-t100h","status":"publish","type":"product","link":"https:\/\/abaa.mx\/tienda\/datalogger-de-temperatura-y-humedad-tlog-t100h\/","title":{"rendered":"Datalogger de temperatura y humedad tlog t100h"},"content":{"rendered":"<p>&nbsp;<\/p>\n<p><strong>Funciones Principales:<\/strong><\/p>\n<ul>\n<li>Multiuso y alta capacidad de grabaci\u00f3n:\u00a0 Hasta 32.000 puntos de temperatura.<\/li>\n<li>Sensor de temperatura y humedad interno de alta precisi\u00f3n:\u00a0 Un amplio rango de temperatura y humedad de -22 \u00b0 F a 158 \u00b0 F y del 10% al 90% con alta precisi\u00f3n, hasta \u00b1 0.6 \u2109 y \u00b1 3% RH, m\u00e1s adecuado para un variedad de productos sensibles a la temperatura y la humedad.<\/li>\n<li>Conecte y lea: No se requiere cable ni lector, el conector USB permite una conexi\u00f3n r\u00e1pida a las PC para descargar datos.<\/li>\n<li>Informe PDF: Informe PDF generado y cifrado autom\u00e1ticamente con funci\u00f3n de protecci\u00f3n por contrase\u00f1a; Configuraci\u00f3n y gesti\u00f3n personalizadas proporcionadas por el software gratuito Elitechlog.<\/li>\n<li>Larga vida \u00fatil:\u00a0 Adoptando una bater\u00eda de litio reemplazable, se puede almacenar y usar en 2 a\u00f1os.<\/li>\n<\/ul>\n<p>&nbsp;<\/p>\n<p><strong>Especificaci\u00f3n:<\/strong><\/p>\n<ul>\n<li>Rango de medici\u00f3n: -30 \u2103 ~ + 70 \u2103 \/ -22 \u00b0 F a 158 \u00b0 F; Resoluci\u00f3n: 0,1 \u2103.<\/li>\n<li>Precisi\u00f3n: Temperatura: \u00b1 0.3 \u2103 (-20 \u2103 ~ + 40 \u2103); \u00b1 0.5C (otros).<\/li>\n<li>Tipo de sensor: sensor de temperatura-humedad interno.<\/li>\n<li>Memoria: 32000 puntos (MAX).<\/li>\n<li>Intervalo de registro: 10 segundos ~ 24 horas (10 minutos por defecto).<\/li>\n<li>Modo de inicio: bot\u00f3n o software.<\/li>\n<li>Modo de parada: bot\u00f3n, software o parada cuando est\u00e1 lleno.<\/li>\n<li>Umbrales de alarma: Temperatura: hasta 3 l\u00edmites altos y 2 l\u00edmites bajos.<\/li>\n<li>Dimensiones: 115,5 mm x 47 mm x 16,2 mm (largo x ancho x alto).<\/li>\n<li>Tipo de alarma: \u00fanica \/ acumulativa.<\/li>\n<li>Transmisi\u00f3n de datos: puerto USB.<\/li>\n<li>Tipo de informe: formato PDF.<\/li>\n<li>Bater\u00eda: bater\u00eda de litio de un solo uso CR2450 de 3,0 V.<\/li>\n<li>Duraci\u00f3n de la bater\u00eda: 2 a\u00f1os (almacenada y utilizada en un entorno de temperatura normal).<br \/>\nGrado de protecci\u00f3n: IP67.<br \/>\nPeso: 70g.<\/li>\n<\/ul>\n","protected":false},"excerpt":{"rendered":"<p>El datalogger Elitech Tlog 100H es ideal para el registro de temperatura y humedad en diferentes aplicaciones , como en la industria alimentaria , farmac\u00e9utica, de almacenamiento de materiales, entre otras.<\/p>\n","protected":false},"featured_media":1861,"comment_status":"open","ping_status":"closed","template":"","meta":{"_joinchat":[]},"product_brand":[],"product_cat":[15],"product_tag":[],"class_list":{"0":"post-1858","1":"product","2":"type-product","3":"status-publish","4":"has-post-thumbnail","6":"product_cat-sin-categorizar","8":"first","9":"instock","10":"shipping-taxable","11":"product-type-simple"},"yoast_head":"<!-- This site is optimized with the Yoast SEO plugin v26.4 - https:\/\/yoast.com\/wordpress\/plugins\/seo\/ -->\n<title>Datalogger de temperatura y humedad tlog t100h - Abaa tienda online<\/title>\n<meta name=\"robots\" content=\"index, follow, max-snippet:-1, max-image-preview:large, max-video-preview:-1\" \/>\n<link rel=\"canonical\" href=\"https:\/\/abaa.mx\/tienda\/datalogger-de-temperatura-y-humedad-tlog-t100h\/\" \/>\n<meta property=\"og:locale\" content=\"es_MX\" \/>\n<meta property=\"og:type\" content=\"article\" \/>\n<meta property=\"og:title\" content=\"Datalogger de temperatura y humedad tlog t100h - Abaa tienda online\" \/>\n<meta property=\"og:description\" content=\"El datalogger Elitech Tlog 100H es ideal para el registro de temperatura y humedad en diferentes aplicaciones , como en la industria alimentaria , farmac\u00e9utica, de almacenamiento de materiales, entre otras.\" \/>\n<meta property=\"og:url\" content=\"https:\/\/abaa.mx\/tienda\/datalogger-de-temperatura-y-humedad-tlog-t100h\/\" \/>\n<meta property=\"og:site_name\" content=\"Abaa tienda online\" \/>\n<meta property=\"article:modified_time\" content=\"2023-11-15T16:55:01+00:00\" \/>\n<meta property=\"og:image\" content=\"https:\/\/abaa.mx\/tienda\/wp-content\/uploads\/2023\/09\/TLOG-100EH.jpg\" \/>\n\t<meta property=\"og:image:width\" content=\"474\" \/>\n\t<meta property=\"og:image:height\" content=\"474\" \/>\n\t<meta property=\"og:image:type\" content=\"image\/jpeg\" \/>\n<meta name=\"twitter:card\" content=\"summary_large_image\" \/>\n<meta name=\"twitter:label1\" content=\"Tiempo de lectura\" \/>\n\t<meta name=\"twitter:data1\" content=\"2 minutos\" \/>\n<script type=\"application\/ld+json\" class=\"yoast-schema-graph\">{\"@context\":\"https:\/\/schema.org\",\"@graph\":[{\"@type\":\"WebPage\",\"@id\":\"https:\/\/abaa.mx\/tienda\/datalogger-de-temperatura-y-humedad-tlog-t100h\/\",\"url\":\"https:\/\/abaa.mx\/tienda\/datalogger-de-temperatura-y-humedad-tlog-t100h\/\",\"name\":\"Datalogger de temperatura y humedad tlog t100h - Abaa tienda online\",\"isPartOf\":{\"@id\":\"https:\/\/abaa.mx\/tienda\/#website\"},\"primaryImageOfPage\":{\"@id\":\"https:\/\/abaa.mx\/tienda\/datalogger-de-temperatura-y-humedad-tlog-t100h\/#primaryimage\"},\"image\":{\"@id\":\"https:\/\/abaa.mx\/tienda\/datalogger-de-temperatura-y-humedad-tlog-t100h\/#primaryimage\"},\"thumbnailUrl\":\"https:\/\/abaa.mx\/tienda\/wp-content\/uploads\/2023\/09\/TLOG-100EH.jpg\",\"datePublished\":\"2023-09-18T17:38:58+00:00\",\"dateModified\":\"2023-11-15T16:55:01+00:00\",\"breadcrumb\":{\"@id\":\"https:\/\/abaa.mx\/tienda\/datalogger-de-temperatura-y-humedad-tlog-t100h\/#breadcrumb\"},\"inLanguage\":\"es\",\"potentialAction\":[{\"@type\":\"ReadAction\",\"target\":[\"https:\/\/abaa.mx\/tienda\/datalogger-de-temperatura-y-humedad-tlog-t100h\/\"]}]},{\"@type\":\"ImageObject\",\"inLanguage\":\"es\",\"@id\":\"https:\/\/abaa.mx\/tienda\/datalogger-de-temperatura-y-humedad-tlog-t100h\/#primaryimage\",\"url\":\"https:\/\/abaa.mx\/tienda\/wp-content\/uploads\/2023\/09\/TLOG-100EH.jpg\",\"contentUrl\":\"https:\/\/abaa.mx\/tienda\/wp-content\/uploads\/2023\/09\/TLOG-100EH.jpg\",\"width\":474,\"height\":474,\"caption\":\"datalogger-de-temperatura-y-humedad-tlog-t100h\"},{\"@type\":\"BreadcrumbList\",\"@id\":\"https:\/\/abaa.mx\/tienda\/datalogger-de-temperatura-y-humedad-tlog-t100h\/#breadcrumb\",\"itemListElement\":[{\"@type\":\"ListItem\",\"position\":1,\"name\":\"Inicio\",\"item\":\"https:\/\/abaa.mx\/tienda\/\"},{\"@type\":\"ListItem\",\"position\":2,\"name\":\"Tienda\",\"item\":\"https:\/\/abaa.mx\/tienda\/\"},{\"@type\":\"ListItem\",\"position\":3,\"name\":\"Datalogger de temperatura y humedad tlog t100h\"}]},{\"@type\":\"WebSite\",\"@id\":\"https:\/\/abaa.mx\/tienda\/#website\",\"url\":\"https:\/\/abaa.mx\/tienda\/\",\"name\":\"Abaa tienda online\",\"description\":\"Instrumentos de medici\u00f3n\",\"publisher\":{\"@id\":\"https:\/\/abaa.mx\/tienda\/#organization\"},\"potentialAction\":[{\"@type\":\"SearchAction\",\"target\":{\"@type\":\"EntryPoint\",\"urlTemplate\":\"https:\/\/abaa.mx\/tienda\/?s={search_term_string}\"},\"query-input\":{\"@type\":\"PropertyValueSpecification\",\"valueRequired\":true,\"valueName\":\"search_term_string\"}}],\"inLanguage\":\"es\"},{\"@type\":\"Organization\",\"@id\":\"https:\/\/abaa.mx\/tienda\/#organization\",\"name\":\"Abaa tienda online\",\"url\":\"https:\/\/abaa.mx\/tienda\/\",\"logo\":{\"@type\":\"ImageObject\",\"inLanguage\":\"es\",\"@id\":\"https:\/\/abaa.mx\/tienda\/#\/schema\/logo\/image\/\",\"url\":\"https:\/\/abaa.mx\/tienda\/wp-content\/uploads\/2024\/01\/abaa-metrologia-tienda.png\",\"contentUrl\":\"https:\/\/abaa.mx\/tienda\/wp-content\/uploads\/2024\/01\/abaa-metrologia-tienda.png\",\"width\":300,\"height\":141,\"caption\":\"Abaa tienda online\"},\"image\":{\"@id\":\"https:\/\/abaa.mx\/tienda\/#\/schema\/logo\/image\/\"}}]}<\/script>\n<!-- \/ Yoast SEO plugin. -->","yoast_head_json":{"title":"Datalogger de temperatura y humedad tlog t100h - Abaa tienda online","robots":{"index":"index","follow":"follow","max-snippet":"max-snippet:-1","max-image-preview":"max-image-preview:large","max-video-preview":"max-video-preview:-1"},"canonical":"https:\/\/abaa.mx\/tienda\/datalogger-de-temperatura-y-humedad-tlog-t100h\/","og_locale":"es_MX","og_type":"article","og_title":"Datalogger de temperatura y humedad tlog t100h - Abaa tienda online","og_description":"El datalogger Elitech Tlog 100H es ideal para el registro de temperatura y humedad en diferentes aplicaciones , como en la industria alimentaria , farmac\u00e9utica, de almacenamiento de materiales, entre otras.","og_url":"https:\/\/abaa.mx\/tienda\/datalogger-de-temperatura-y-humedad-tlog-t100h\/","og_site_name":"Abaa tienda online","article_modified_time":"2023-11-15T16:55:01+00:00","og_image":[{"width":474,"height":474,"url":"https:\/\/abaa.mx\/tienda\/wp-content\/uploads\/2023\/09\/TLOG-100EH.jpg","type":"image\/jpeg"}],"twitter_card":"summary_large_image","twitter_misc":{"Tiempo de lectura":"2 minutos"},"schema":{"@context":"https:\/\/schema.org","@graph":[{"@type":"WebPage","@id":"https:\/\/abaa.mx\/tienda\/datalogger-de-temperatura-y-humedad-tlog-t100h\/","url":"https:\/\/abaa.mx\/tienda\/datalogger-de-temperatura-y-humedad-tlog-t100h\/","name":"Datalogger de temperatura y humedad tlog t100h - Abaa tienda online","isPartOf":{"@id":"https:\/\/abaa.mx\/tienda\/#website"},"primaryImageOfPage":{"@id":"https:\/\/abaa.mx\/tienda\/datalogger-de-temperatura-y-humedad-tlog-t100h\/#primaryimage"},"image":{"@id":"https:\/\/abaa.mx\/tienda\/datalogger-de-temperatura-y-humedad-tlog-t100h\/#primaryimage"},"thumbnailUrl":"https:\/\/abaa.mx\/tienda\/wp-content\/uploads\/2023\/09\/TLOG-100EH.jpg","datePublished":"2023-09-18T17:38:58+00:00","dateModified":"2023-11-15T16:55:01+00:00","breadcrumb":{"@id":"https:\/\/abaa.mx\/tienda\/datalogger-de-temperatura-y-humedad-tlog-t100h\/#breadcrumb"},"inLanguage":"es","potentialAction":[{"@type":"ReadAction","target":["https:\/\/abaa.mx\/tienda\/datalogger-de-temperatura-y-humedad-tlog-t100h\/"]}]},{"@type":"ImageObject","inLanguage":"es","@id":"https:\/\/abaa.mx\/tienda\/datalogger-de-temperatura-y-humedad-tlog-t100h\/#primaryimage","url":"https:\/\/abaa.mx\/tienda\/wp-content\/uploads\/2023\/09\/TLOG-100EH.jpg","contentUrl":"https:\/\/abaa.mx\/tienda\/wp-content\/uploads\/2023\/09\/TLOG-100EH.jpg","width":474,"height":474,"caption":"datalogger-de-temperatura-y-humedad-tlog-t100h"},{"@type":"BreadcrumbList","@id":"https:\/\/abaa.mx\/tienda\/datalogger-de-temperatura-y-humedad-tlog-t100h\/#breadcrumb","itemListElement":[{"@type":"ListItem","position":1,"name":"Inicio","item":"https:\/\/abaa.mx\/tienda\/"},{"@type":"ListItem","position":2,"name":"Tienda","item":"https:\/\/abaa.mx\/tienda\/"},{"@type":"ListItem","position":3,"name":"Datalogger de temperatura y humedad tlog t100h"}]},{"@type":"WebSite","@id":"https:\/\/abaa.mx\/tienda\/#website","url":"https:\/\/abaa.mx\/tienda\/","name":"Abaa tienda online","description":"Instrumentos de medici\u00f3n","publisher":{"@id":"https:\/\/abaa.mx\/tienda\/#organization"},"potentialAction":[{"@type":"SearchAction","target":{"@type":"EntryPoint","urlTemplate":"https:\/\/abaa.mx\/tienda\/?s={search_term_string}"},"query-input":{"@type":"PropertyValueSpecification","valueRequired":true,"valueName":"search_term_string"}}],"inLanguage":"es"},{"@type":"Organization","@id":"https:\/\/abaa.mx\/tienda\/#organization","name":"Abaa tienda online","url":"https:\/\/abaa.mx\/tienda\/","logo":{"@type":"ImageObject","inLanguage":"es","@id":"https:\/\/abaa.mx\/tienda\/#\/schema\/logo\/image\/","url":"https:\/\/abaa.mx\/tienda\/wp-content\/uploads\/2024\/01\/abaa-metrologia-tienda.png","contentUrl":"https:\/\/abaa.mx\/tienda\/wp-content\/uploads\/2024\/01\/abaa-metrologia-tienda.png","width":300,"height":141,"caption":"Abaa tienda online"},"image":{"@id":"https:\/\/abaa.mx\/tienda\/#\/schema\/logo\/image\/"}}]}},"_links":{"self":[{"href":"https:\/\/abaa.mx\/tienda\/wp-json\/wp\/v2\/product\/1858","targetHints":{"allow":["GET"]}}],"collection":[{"href":"https:\/\/abaa.mx\/tienda\/wp-json\/wp\/v2\/product"}],"about":[{"href":"https:\/\/abaa.mx\/tienda\/wp-json\/wp\/v2\/types\/product"}],"replies":[{"embeddable":true,"href":"https:\/\/abaa.mx\/tienda\/wp-json\/wp\/v2\/comments?post=1858"}],"wp:featuredmedia":[{"embeddable":true,"href":"https:\/\/abaa.mx\/tienda\/wp-json\/wp\/v2\/media\/1861"}],"wp:attachment":[{"href":"https:\/\/abaa.mx\/tienda\/wp-json\/wp\/v2\/media?parent=1858"}],"wp:term":[{"taxonomy":"product_brand","embeddable":true,"href":"https:\/\/abaa.mx\/tienda\/wp-json\/wp\/v2\/product_brand?post=1858"},{"taxonomy":"product_cat","embeddable":true,"href":"https:\/\/abaa.mx\/tienda\/wp-json\/wp\/v2\/product_cat?post=1858"},{"taxonomy":"product_tag","embeddable":true,"href":"https:\/\/abaa.mx\/tienda\/wp-json\/wp\/v2\/product_tag?post=1858"}],"curies":[{"name":"wp","href":"https:\/\/api.w.org\/{rel}","templated":true}]}}