{"id":1854,"date":"2023-09-18T17:27:15","date_gmt":"2023-09-18T17:27:15","guid":{"rendered":"https:\/\/abaa.mx\/tienda\/?post_type=product&#038;p=1854"},"modified":"2023-12-19T20:22:58","modified_gmt":"2023-12-19T20:22:58","slug":"data-logger-temperatura-extech-instruments-th10","status":"publish","type":"product","link":"https:\/\/abaa.mx\/tienda\/data-logger-temperatura-extech-instruments-th10\/","title":{"rendered":"Data Logger (Temperatura) Extech Instruments TH10"},"content":{"rendered":"<p>Presenta un rango de temperatura de -40 a 158 \u00b0F (-40 a 70 \u00b0F) con una precisi\u00f3n de \u00b11 \u00b0C\/1.8 \u00b0F, Extech TH10 captura y almacena hasta 32,000 lecturas de temperatura. Los usuarios pueden seleccionar velocidades de muestreo de datos de 2 s, 5 s, 10 s, 30 s, 1 min, 5 min, 10 min, 30 min, 1 h, 2 h, 3 h, 6 h, 12 h y 24 h. TH10 tambi\u00e9n tiene umbrales de alarma alto\/bajo programables por el usuario e indicaci\u00f3n de estado mediante LED rojos\/amarillos y verdes. Incluye bater\u00eda de litio de 3.6 voltios, tapa de protecci\u00f3n para USB, soporte de montaje, software compatible con Windows para an\u00e1lisis y manual de usuario.<\/p>\n<p>&nbsp;<\/p>\n<p><strong>Caracter\u00edsticas<\/strong>:<\/p>\n<ul>\n<li>Registros de datos hasta 32.000 lecturas de temperatura con una velocidad de muestra programable por el usuario.<\/li>\n<li>Frecuencia de muestreo de datos seleccionable: 2 s, 5 s, 10 s, 30 s, 1 min, 5 min, 10 min, 30 min, 1 h, 2 h, 3 h, 6 h, 12 h, 24 h.<\/li>\n<li>Umbrales de alarma programables por el usuario.<\/li>\n<li style=\"text-align: left;\">Indicaci\u00f3n de estado mediante LED rojo\/amarillo y LED verde.<\/li>\n<li>Vida \u00fatil de la bater\u00eda (aproximadamente 1 a\u00f1o).<\/li>\n<li>Incluye bater\u00eda de litio de 3.6 V, cubierta protectora de USB, soporte de montaje y software de an\u00e1lisis compatible con Windows.<\/li>\n<\/ul>\n<p>&nbsp;<\/p>\n<div class=\"Product\">\n<div class=\"ProductSection Product-Specifications\">\n<div class=\"ProductSection-wrapper Specifications\">\n<div class=\"Product\">\n<div class=\"ProductSection Product-Specifications\">\n<div class=\"ProductSection-wrapper Specifications\">\n<div class=\"Specifications-list \">\n<h6 class=\"Specifications-header\">ESPECIFICACIONES GENERALES<\/h6>\n<dl class=\"Spec-list\">\n<dt>Intervalo de registro de datos<\/dt>\n<dd>2 segundos a 24 horas<\/dd>\n<\/dl>\n<dl class=\"Spec-list\">\n<dt>Memoria<\/dt>\n<dd>32,000 puntos<\/dd>\n<\/dl>\n<dl class=\"Spec-list\">\n<dt>Temperatura (aire)<\/dt>\n<dd>-40 a 158\u00a0\u00b0F (-40 a 70\u00a0\u00b0C)<\/dd>\n<\/dl>\n<\/div>\n<div class=\"Specifications-list js-hideable\">\n<h6 class=\"Specifications-header\">DETALLES ADICIONALES<\/h6>\n<dl class=\"Spec-list\">\n<dt>Alimentaci\u00f3n<\/dt>\n<dd>1 bater\u00eda de litio de 3.6 V<\/dd>\n<\/dl>\n<dl class=\"Spec-list\">\n<dt>Certificaciones<\/dt>\n<dd>CE<\/dd>\n<\/dl>\n<dl class=\"Spec-list\">\n<dt>Dimensiones<\/dt>\n<dd>5.1 \u00d7 1.1 \u00d7 0.9&#8243; (130 \u00d7 30 \u00d7 25 mm)<\/dd>\n<\/dl>\n<dl class=\"Spec-list\">\n<dt>Garant\u00eda<\/dt>\n<dd>2 a\u00f1os<\/dd>\n<\/dl>\n<dl class=\"Spec-list\">\n<dt>Peso<\/dt>\n<dd>1 oz (20 g)<\/dd>\n<\/dl>\n<\/div>\n<\/div>\n<\/div>\n<div><\/div>\n<\/div>\n<\/div>\n<\/div>\n<div><\/div>\n<\/div>\n","protected":false},"excerpt":{"rendered":"<h3><strong>Caracter\u00edsticas:<\/strong><\/h3>\n<ul>\n<li>Registros de datos hasta 32.000 lecturas de temperatura con una velocidad de muestra programable por el usuario.<\/li>\n<li>Frecuencia de muestreo de datos seleccionable: 2 s, 5 s, 10 s, 30 s, 1 min, 5 min, 10 min, 30 min, 1 h, 2 h, 3 h, 6 h, 12 h, 24 h.<\/li>\n<li>Umbrales de alarma programables por el usuario.<\/li>\n<li>Indicaci\u00f3n de estado mediante LED rojo\/amarillo y LED verde.<\/li>\n<li>Vida \u00fatil de la bater\u00eda (aproximadamente 1 a\u00f1o).<\/li>\n<li>Incluye bater\u00eda de litio de 3.6 V, cubierta protectora de USB, soporte de montaje y software de an\u00e1lisis compatible con Windows.<\/li>\n<\/ul>\n","protected":false},"featured_media":1856,"comment_status":"open","ping_status":"closed","template":"","meta":{"_joinchat":[]},"product_brand":[],"product_cat":[15],"product_tag":[],"class_list":{"0":"post-1854","1":"product","2":"type-product","3":"status-publish","4":"has-post-thumbnail","6":"product_cat-sin-categorizar","8":"first","9":"instock","10":"shipping-taxable","11":"product-type-simple"},"yoast_head":"<!-- This site is optimized with the Yoast SEO plugin v26.4 - https:\/\/yoast.com\/wordpress\/plugins\/seo\/ -->\n<title>Data Logger (Temperatura) Extech Instruments TH10 - Abaa tienda online<\/title>\n<meta name=\"robots\" content=\"index, follow, max-snippet:-1, max-image-preview:large, max-video-preview:-1\" \/>\n<link rel=\"canonical\" href=\"https:\/\/abaa.mx\/tienda\/data-logger-temperatura-extech-instruments-th10\/\" \/>\n<meta property=\"og:locale\" content=\"es_MX\" \/>\n<meta property=\"og:type\" content=\"article\" \/>\n<meta property=\"og:title\" content=\"Data Logger (Temperatura) Extech Instruments TH10 - Abaa tienda online\" \/>\n<meta property=\"og:description\" content=\"Caracter\u00edsticas:   Registros de datos hasta 32.000 lecturas de temperatura con una velocidad de muestra programable por el usuario.  Frecuencia de muestreo de datos seleccionable: 2 s, 5 s, 10 s, 30 s, 1 min, 5 min, 10 min, 30 min, 1 h, 2 h, 3 h, 6 h, 12 h, 24 h.  Umbrales de alarma programables por el usuario.  Indicaci\u00f3n de estado mediante LED rojo\/amarillo y LED verde.  Vida \u00fatil de la bater\u00eda (aproximadamente 1 a\u00f1o).  Incluye bater\u00eda de litio de 3.6 V, cubierta protectora de USB, soporte de montaje y software de an\u00e1lisis compatible con Windows.\" \/>\n<meta property=\"og:url\" content=\"https:\/\/abaa.mx\/tienda\/data-logger-temperatura-extech-instruments-th10\/\" \/>\n<meta property=\"og:site_name\" content=\"Abaa tienda online\" \/>\n<meta property=\"article:modified_time\" content=\"2023-12-19T20:22:58+00:00\" \/>\n<meta property=\"og:image\" content=\"https:\/\/abaa.mx\/tienda\/wp-content\/uploads\/2023\/09\/TH-10.jpg\" \/>\n\t<meta property=\"og:image:width\" content=\"474\" \/>\n\t<meta property=\"og:image:height\" content=\"474\" \/>\n\t<meta property=\"og:image:type\" content=\"image\/jpeg\" \/>\n<meta name=\"twitter:card\" content=\"summary_large_image\" \/>\n<meta name=\"twitter:label1\" content=\"Tiempo de lectura\" \/>\n\t<meta name=\"twitter:data1\" content=\"2 minutos\" \/>\n<script type=\"application\/ld+json\" class=\"yoast-schema-graph\">{\"@context\":\"https:\/\/schema.org\",\"@graph\":[{\"@type\":\"WebPage\",\"@id\":\"https:\/\/abaa.mx\/tienda\/data-logger-temperatura-extech-instruments-th10\/\",\"url\":\"https:\/\/abaa.mx\/tienda\/data-logger-temperatura-extech-instruments-th10\/\",\"name\":\"Data Logger (Temperatura) Extech Instruments TH10 - Abaa tienda online\",\"isPartOf\":{\"@id\":\"https:\/\/abaa.mx\/tienda\/#website\"},\"primaryImageOfPage\":{\"@id\":\"https:\/\/abaa.mx\/tienda\/data-logger-temperatura-extech-instruments-th10\/#primaryimage\"},\"image\":{\"@id\":\"https:\/\/abaa.mx\/tienda\/data-logger-temperatura-extech-instruments-th10\/#primaryimage\"},\"thumbnailUrl\":\"https:\/\/abaa.mx\/tienda\/wp-content\/uploads\/2023\/09\/TH-10.jpg\",\"datePublished\":\"2023-09-18T17:27:15+00:00\",\"dateModified\":\"2023-12-19T20:22:58+00:00\",\"breadcrumb\":{\"@id\":\"https:\/\/abaa.mx\/tienda\/data-logger-temperatura-extech-instruments-th10\/#breadcrumb\"},\"inLanguage\":\"es\",\"potentialAction\":[{\"@type\":\"ReadAction\",\"target\":[\"https:\/\/abaa.mx\/tienda\/data-logger-temperatura-extech-instruments-th10\/\"]}]},{\"@type\":\"ImageObject\",\"inLanguage\":\"es\",\"@id\":\"https:\/\/abaa.mx\/tienda\/data-logger-temperatura-extech-instruments-th10\/#primaryimage\",\"url\":\"https:\/\/abaa.mx\/tienda\/wp-content\/uploads\/2023\/09\/TH-10.jpg\",\"contentUrl\":\"https:\/\/abaa.mx\/tienda\/wp-content\/uploads\/2023\/09\/TH-10.jpg\",\"width\":474,\"height\":474,\"caption\":\"data-logger-temperatura-extech-instruments-th-10\"},{\"@type\":\"BreadcrumbList\",\"@id\":\"https:\/\/abaa.mx\/tienda\/data-logger-temperatura-extech-instruments-th10\/#breadcrumb\",\"itemListElement\":[{\"@type\":\"ListItem\",\"position\":1,\"name\":\"Inicio\",\"item\":\"https:\/\/abaa.mx\/tienda\/\"},{\"@type\":\"ListItem\",\"position\":2,\"name\":\"Tienda\",\"item\":\"https:\/\/abaa.mx\/tienda\/\"},{\"@type\":\"ListItem\",\"position\":3,\"name\":\"Data Logger (Temperatura) Extech Instruments TH10\"}]},{\"@type\":\"WebSite\",\"@id\":\"https:\/\/abaa.mx\/tienda\/#website\",\"url\":\"https:\/\/abaa.mx\/tienda\/\",\"name\":\"Abaa tienda online\",\"description\":\"Instrumentos de medici\u00f3n\",\"publisher\":{\"@id\":\"https:\/\/abaa.mx\/tienda\/#organization\"},\"potentialAction\":[{\"@type\":\"SearchAction\",\"target\":{\"@type\":\"EntryPoint\",\"urlTemplate\":\"https:\/\/abaa.mx\/tienda\/?s={search_term_string}\"},\"query-input\":{\"@type\":\"PropertyValueSpecification\",\"valueRequired\":true,\"valueName\":\"search_term_string\"}}],\"inLanguage\":\"es\"},{\"@type\":\"Organization\",\"@id\":\"https:\/\/abaa.mx\/tienda\/#organization\",\"name\":\"Abaa tienda online\",\"url\":\"https:\/\/abaa.mx\/tienda\/\",\"logo\":{\"@type\":\"ImageObject\",\"inLanguage\":\"es\",\"@id\":\"https:\/\/abaa.mx\/tienda\/#\/schema\/logo\/image\/\",\"url\":\"https:\/\/abaa.mx\/tienda\/wp-content\/uploads\/2024\/01\/abaa-metrologia-tienda.png\",\"contentUrl\":\"https:\/\/abaa.mx\/tienda\/wp-content\/uploads\/2024\/01\/abaa-metrologia-tienda.png\",\"width\":300,\"height\":141,\"caption\":\"Abaa tienda online\"},\"image\":{\"@id\":\"https:\/\/abaa.mx\/tienda\/#\/schema\/logo\/image\/\"}}]}<\/script>\n<!-- \/ Yoast SEO plugin. -->","yoast_head_json":{"title":"Data Logger (Temperatura) Extech Instruments TH10 - Abaa tienda online","robots":{"index":"index","follow":"follow","max-snippet":"max-snippet:-1","max-image-preview":"max-image-preview:large","max-video-preview":"max-video-preview:-1"},"canonical":"https:\/\/abaa.mx\/tienda\/data-logger-temperatura-extech-instruments-th10\/","og_locale":"es_MX","og_type":"article","og_title":"Data Logger (Temperatura) Extech Instruments TH10 - Abaa tienda online","og_description":"Caracter\u00edsticas:   Registros de datos hasta 32.000 lecturas de temperatura con una velocidad de muestra programable por el usuario.  Frecuencia de muestreo de datos seleccionable: 2 s, 5 s, 10 s, 30 s, 1 min, 5 min, 10 min, 30 min, 1 h, 2 h, 3 h, 6 h, 12 h, 24 h.  Umbrales de alarma programables por el usuario.  Indicaci\u00f3n de estado mediante LED rojo\/amarillo y LED verde.  Vida \u00fatil de la bater\u00eda (aproximadamente 1 a\u00f1o).  Incluye bater\u00eda de litio de 3.6 V, cubierta protectora de USB, soporte de montaje y software de an\u00e1lisis compatible con Windows.","og_url":"https:\/\/abaa.mx\/tienda\/data-logger-temperatura-extech-instruments-th10\/","og_site_name":"Abaa tienda online","article_modified_time":"2023-12-19T20:22:58+00:00","og_image":[{"width":474,"height":474,"url":"https:\/\/abaa.mx\/tienda\/wp-content\/uploads\/2023\/09\/TH-10.jpg","type":"image\/jpeg"}],"twitter_card":"summary_large_image","twitter_misc":{"Tiempo de lectura":"2 minutos"},"schema":{"@context":"https:\/\/schema.org","@graph":[{"@type":"WebPage","@id":"https:\/\/abaa.mx\/tienda\/data-logger-temperatura-extech-instruments-th10\/","url":"https:\/\/abaa.mx\/tienda\/data-logger-temperatura-extech-instruments-th10\/","name":"Data Logger (Temperatura) Extech Instruments TH10 - Abaa tienda online","isPartOf":{"@id":"https:\/\/abaa.mx\/tienda\/#website"},"primaryImageOfPage":{"@id":"https:\/\/abaa.mx\/tienda\/data-logger-temperatura-extech-instruments-th10\/#primaryimage"},"image":{"@id":"https:\/\/abaa.mx\/tienda\/data-logger-temperatura-extech-instruments-th10\/#primaryimage"},"thumbnailUrl":"https:\/\/abaa.mx\/tienda\/wp-content\/uploads\/2023\/09\/TH-10.jpg","datePublished":"2023-09-18T17:27:15+00:00","dateModified":"2023-12-19T20:22:58+00:00","breadcrumb":{"@id":"https:\/\/abaa.mx\/tienda\/data-logger-temperatura-extech-instruments-th10\/#breadcrumb"},"inLanguage":"es","potentialAction":[{"@type":"ReadAction","target":["https:\/\/abaa.mx\/tienda\/data-logger-temperatura-extech-instruments-th10\/"]}]},{"@type":"ImageObject","inLanguage":"es","@id":"https:\/\/abaa.mx\/tienda\/data-logger-temperatura-extech-instruments-th10\/#primaryimage","url":"https:\/\/abaa.mx\/tienda\/wp-content\/uploads\/2023\/09\/TH-10.jpg","contentUrl":"https:\/\/abaa.mx\/tienda\/wp-content\/uploads\/2023\/09\/TH-10.jpg","width":474,"height":474,"caption":"data-logger-temperatura-extech-instruments-th-10"},{"@type":"BreadcrumbList","@id":"https:\/\/abaa.mx\/tienda\/data-logger-temperatura-extech-instruments-th10\/#breadcrumb","itemListElement":[{"@type":"ListItem","position":1,"name":"Inicio","item":"https:\/\/abaa.mx\/tienda\/"},{"@type":"ListItem","position":2,"name":"Tienda","item":"https:\/\/abaa.mx\/tienda\/"},{"@type":"ListItem","position":3,"name":"Data Logger (Temperatura) Extech Instruments TH10"}]},{"@type":"WebSite","@id":"https:\/\/abaa.mx\/tienda\/#website","url":"https:\/\/abaa.mx\/tienda\/","name":"Abaa tienda online","description":"Instrumentos de medici\u00f3n","publisher":{"@id":"https:\/\/abaa.mx\/tienda\/#organization"},"potentialAction":[{"@type":"SearchAction","target":{"@type":"EntryPoint","urlTemplate":"https:\/\/abaa.mx\/tienda\/?s={search_term_string}"},"query-input":{"@type":"PropertyValueSpecification","valueRequired":true,"valueName":"search_term_string"}}],"inLanguage":"es"},{"@type":"Organization","@id":"https:\/\/abaa.mx\/tienda\/#organization","name":"Abaa tienda online","url":"https:\/\/abaa.mx\/tienda\/","logo":{"@type":"ImageObject","inLanguage":"es","@id":"https:\/\/abaa.mx\/tienda\/#\/schema\/logo\/image\/","url":"https:\/\/abaa.mx\/tienda\/wp-content\/uploads\/2024\/01\/abaa-metrologia-tienda.png","contentUrl":"https:\/\/abaa.mx\/tienda\/wp-content\/uploads\/2024\/01\/abaa-metrologia-tienda.png","width":300,"height":141,"caption":"Abaa tienda online"},"image":{"@id":"https:\/\/abaa.mx\/tienda\/#\/schema\/logo\/image\/"}}]}},"_links":{"self":[{"href":"https:\/\/abaa.mx\/tienda\/wp-json\/wp\/v2\/product\/1854","targetHints":{"allow":["GET"]}}],"collection":[{"href":"https:\/\/abaa.mx\/tienda\/wp-json\/wp\/v2\/product"}],"about":[{"href":"https:\/\/abaa.mx\/tienda\/wp-json\/wp\/v2\/types\/product"}],"replies":[{"embeddable":true,"href":"https:\/\/abaa.mx\/tienda\/wp-json\/wp\/v2\/comments?post=1854"}],"wp:featuredmedia":[{"embeddable":true,"href":"https:\/\/abaa.mx\/tienda\/wp-json\/wp\/v2\/media\/1856"}],"wp:attachment":[{"href":"https:\/\/abaa.mx\/tienda\/wp-json\/wp\/v2\/media?parent=1854"}],"wp:term":[{"taxonomy":"product_brand","embeddable":true,"href":"https:\/\/abaa.mx\/tienda\/wp-json\/wp\/v2\/product_brand?post=1854"},{"taxonomy":"product_cat","embeddable":true,"href":"https:\/\/abaa.mx\/tienda\/wp-json\/wp\/v2\/product_cat?post=1854"},{"taxonomy":"product_tag","embeddable":true,"href":"https:\/\/abaa.mx\/tienda\/wp-json\/wp\/v2\/product_tag?post=1854"}],"curies":[{"name":"wp","href":"https:\/\/api.w.org\/{rel}","templated":true}]}}