{"id":1849,"date":"2023-09-18T17:14:37","date_gmt":"2023-09-18T17:14:37","guid":{"rendered":"https:\/\/abaa.mx\/tienda\/?post_type=product&#038;p=1849"},"modified":"2023-12-19T20:29:48","modified_gmt":"2023-12-19T20:29:48","slug":"termohigrometro-data-logger-extech-rht20","status":"publish","type":"product","link":"https:\/\/abaa.mx\/tienda\/termohigrometro-data-logger-extech-rht20\/","title":{"rendered":"TERMOHIGROMETRO DATA LOGGER EXTECH RHT20"},"content":{"rendered":"<p><strong>Caracter\u00edsticas:<\/strong><\/p>\n<ul>\n<li><span class=\"fs12 ff1\">Interfaz USB para una f\u00e1cil configuraci\u00f3n y descarga de datos.<br \/>\n<\/span><\/li>\n<li><span class=\"fs12 ff1\">Velocidad de muestreo de datos seleccionable: 1 segundo a 24 horas.<br \/>\n<\/span><\/li>\n<li><span class=\"fs12 ff1\">Umbrales de alarma programables por el usuario para HR y temperatura.<br \/>\n<\/span><\/li>\n<li><span class=\"fs12 ff1\">La LCD muestra las lecturas actuales, Min\/Max y estado de alarma.<br \/>\n<\/span><\/li>\n<li><span class=\"fs12 ff1\">Con bater\u00eda de litio de 3.6 V, soporte de montaje con cerradura de combinaci\u00f3n.<br \/>\n<\/span><\/li>\n<li><span class=\"fs12 ff1\">Incluye software para an\u00e1lisis compatible con Windows 2000\/XP\/Vista\/7.<\/span><\/li>\n<\/ul>\n<p>&nbsp;<\/p>\n<p><span class=\"ff1\"><span class=\"fs21\"><b>Especificaciones<\/b><\/span><\/span><\/p>\n<ul>\n<li><span class=\"fs12 ff1\">Pantalla: LCD multifunci\u00f3n.<br \/>\n<\/span><\/li>\n<li><span class=\"fs12 ff1\">Escala de medici\u00f3n: 0 a 100% HR , -40 a 70\u00b0C, -40 a 158\u00b0F<br \/>\n<\/span><\/li>\n<li><span class=\"fs12 ff1\">Resoluci\u00f3n: 0.1\u00b0, 0.1 HR.<br \/>\n<\/span><\/li>\n<li><span class=\"fs12 ff1\">Puntos de datos m\u00e1ximos: 16350 de temperatura y 16350 de humedad.<br \/>\n<\/span><\/li>\n<li><span class=\"fs12 ff1\">Tasa de muestreo: Entre 1 s a 24 h.<br \/>\n<\/span><\/li>\n<li><span class=\"fs12 ff1\">Software para an\u00e1lisis: Verificar la p\u00e1gina de descarga de software de la extech.com sitio web para la versi\u00f3n m\u00e1s reciente del software del PC y su compatibilidad con el sistema operativo.<br \/>\n<\/span><\/li>\n<li><span class=\"fs12 ff1\">Indicaci\u00f3n de entrada abierta: En la pantalla LCD aparece \u201cLO\u201d.<br \/>\n<\/span><\/li>\n<li><span class=\"fs12 ff1\">Indicaci\u00f3n de bater\u00eda d\u00e9bil: El s\u00edmbolo de bater\u00eda vac\u00eda aparece en la LCD.<br \/>\n<\/span><\/li>\n<li><span class=\"fs12 ff1\">Fuente de tensi\u00f3n: Bater\u00eda de litio de 3.6 V.<br \/>\n<\/span><\/li>\n<li><span class=\"fs12 ff1\">Vida de la bater\u00eda: 3 meses (aproximadamente).<br \/>\n<\/span><\/li>\n<li><span class=\"fs12 ff1\">Temperatura de operaci\u00f3n: -40 a 70\u00b0C, -40 a 158\u00b0F.<br \/>\n<\/span><\/li>\n<li><span class=\"fs12 ff1\">Humedad de operaci\u00f3n: 0 a 100% HR.<br \/>\n<\/span><\/li>\n<li><span class=\"fs12 ff1\">Temperatura de operaci\u00f3n LCD: -25\u00b0C a 70\u00b0C (-13\u00b0F a 158\u00b0F).<br \/>\n<\/span><\/li>\n<li><span class=\"fs12 ff1\">Dimensiones: 94.4 x 48.9 x 31.2 mm (3.7 x 1.9 x 1.2\u2033).<\/span><\/li>\n<li><span class=\"fs12 ff1\">Peso: 90.7 g (3.2 oz).<\/span><\/li>\n<\/ul>\n<p>&nbsp;<\/p>\n<h5><strong><span class=\"ff1\"><span class=\"fs12\">Termohigr\u00f3metro Extech RHT20<\/span><\/span><\/strong><\/h5>\n<p><img loading=\"lazy\" decoding=\"async\" class=\"alignnone size-full wp-image-1295\" src=\"https:\/\/greentechmexico.com\/wp-content\/uploads\/2019\/12\/otro.png\" sizes=\"auto, (max-width: 598px) 100vw, 598px\" srcset=\"https:\/\/greentechmexico.com\/wp-content\/uploads\/2019\/12\/otro.png 598w, https:\/\/greentechmexico.com\/wp-content\/uploads\/2019\/12\/otro-510x159.png 510w\" alt=\"\" width=\"598\" height=\"187\" \/><\/p>\n","protected":false},"excerpt":{"rendered":"<h4><span class=\"ff1\"><span class=\"fs21\">Caracter\u00edsticas:<\/span><\/span><\/h4>\n<ul>\n<li><span class=\"fs12 ff1\">Interfaz USB para una f\u00e1cil configuraci\u00f3n y descarga de datos.<br \/>\n<\/span><\/li>\n<li><span class=\"fs12 ff1\">Velocidad de muestreo de datos seleccionable: 1 segundo a 24 horas.<br \/>\n<\/span><\/li>\n<li><span class=\"fs12 ff1\">Umbrales de alarma programables por el usuario para HR y temperatura.<br \/>\n<\/span><\/li>\n<li><span class=\"fs12 ff1\">La LCD muestra las lecturas actuales, Min\/Max y estado de alarma.<br \/>\n<\/span><\/li>\n<li><span class=\"fs12 ff1\">Con bater\u00eda de litio de 3.6 V, soporte de montaje con cerradura de combinaci\u00f3n.<br \/>\n<\/span><\/li>\n<li><span class=\"fs12 ff1\">Incluye software para an\u00e1lisis compatible con Windows 2000\/XP\/Vista\/7.<\/span><\/li>\n<\/ul>\n","protected":false},"featured_media":1851,"comment_status":"open","ping_status":"closed","template":"","meta":{"_joinchat":[]},"product_brand":[],"product_cat":[15],"product_tag":[],"class_list":{"0":"post-1849","1":"product","2":"type-product","3":"status-publish","4":"has-post-thumbnail","6":"product_cat-sin-categorizar","8":"first","9":"instock","10":"shipping-taxable","11":"product-type-simple"},"yoast_head":"<!-- This site is optimized with the Yoast SEO plugin v26.4 - https:\/\/yoast.com\/wordpress\/plugins\/seo\/ -->\n<title>TERMOHIGROMETRO DATA LOGGER EXTECH RHT20 - Abaa tienda online<\/title>\n<meta name=\"robots\" content=\"index, follow, max-snippet:-1, max-image-preview:large, max-video-preview:-1\" \/>\n<link rel=\"canonical\" href=\"https:\/\/abaa.mx\/tienda\/termohigrometro-data-logger-extech-rht20\/\" \/>\n<meta property=\"og:locale\" content=\"es_MX\" \/>\n<meta property=\"og:type\" content=\"article\" \/>\n<meta property=\"og:title\" content=\"TERMOHIGROMETRO DATA LOGGER EXTECH RHT20 - Abaa tienda online\" \/>\n<meta property=\"og:description\" content=\"Caracter\u00edsticas:   Interfaz USB para una f\u00e1cil configuraci\u00f3n y descarga de datos.   Velocidad de muestreo de datos seleccionable: 1 segundo a 24 horas.   Umbrales de alarma programables por el usuario para HR y temperatura.   La LCD muestra las lecturas actuales, Min\/Max y estado de alarma.   Con bater\u00eda de litio de 3.6 V, soporte de montaje con cerradura de combinaci\u00f3n.   Incluye software para an\u00e1lisis compatible con Windows 2000\/XP\/Vista\/7.\" \/>\n<meta property=\"og:url\" content=\"https:\/\/abaa.mx\/tienda\/termohigrometro-data-logger-extech-rht20\/\" \/>\n<meta property=\"og:site_name\" content=\"Abaa tienda online\" \/>\n<meta property=\"article:modified_time\" content=\"2023-12-19T20:29:48+00:00\" \/>\n<meta property=\"og:image\" content=\"https:\/\/abaa.mx\/tienda\/wp-content\/uploads\/2023\/09\/RHT-20.jpg\" \/>\n\t<meta property=\"og:image:width\" content=\"500\" \/>\n\t<meta property=\"og:image:height\" content=\"500\" \/>\n\t<meta property=\"og:image:type\" content=\"image\/jpeg\" \/>\n<meta name=\"twitter:card\" content=\"summary_large_image\" \/>\n<meta name=\"twitter:label1\" content=\"Tiempo de lectura\" \/>\n\t<meta name=\"twitter:data1\" content=\"2 minutos\" \/>\n<script type=\"application\/ld+json\" class=\"yoast-schema-graph\">{\"@context\":\"https:\/\/schema.org\",\"@graph\":[{\"@type\":\"WebPage\",\"@id\":\"https:\/\/abaa.mx\/tienda\/termohigrometro-data-logger-extech-rht20\/\",\"url\":\"https:\/\/abaa.mx\/tienda\/termohigrometro-data-logger-extech-rht20\/\",\"name\":\"TERMOHIGROMETRO DATA LOGGER EXTECH RHT20 - Abaa tienda online\",\"isPartOf\":{\"@id\":\"https:\/\/abaa.mx\/tienda\/#website\"},\"primaryImageOfPage\":{\"@id\":\"https:\/\/abaa.mx\/tienda\/termohigrometro-data-logger-extech-rht20\/#primaryimage\"},\"image\":{\"@id\":\"https:\/\/abaa.mx\/tienda\/termohigrometro-data-logger-extech-rht20\/#primaryimage\"},\"thumbnailUrl\":\"https:\/\/abaa.mx\/tienda\/wp-content\/uploads\/2023\/09\/RHT-20.jpg\",\"datePublished\":\"2023-09-18T17:14:37+00:00\",\"dateModified\":\"2023-12-19T20:29:48+00:00\",\"breadcrumb\":{\"@id\":\"https:\/\/abaa.mx\/tienda\/termohigrometro-data-logger-extech-rht20\/#breadcrumb\"},\"inLanguage\":\"es\",\"potentialAction\":[{\"@type\":\"ReadAction\",\"target\":[\"https:\/\/abaa.mx\/tienda\/termohigrometro-data-logger-extech-rht20\/\"]}]},{\"@type\":\"ImageObject\",\"inLanguage\":\"es\",\"@id\":\"https:\/\/abaa.mx\/tienda\/termohigrometro-data-logger-extech-rht20\/#primaryimage\",\"url\":\"https:\/\/abaa.mx\/tienda\/wp-content\/uploads\/2023\/09\/RHT-20.jpg\",\"contentUrl\":\"https:\/\/abaa.mx\/tienda\/wp-content\/uploads\/2023\/09\/RHT-20.jpg\",\"width\":500,\"height\":500,\"caption\":\"termohigrometro-data-logger-extech-rht20\"},{\"@type\":\"BreadcrumbList\",\"@id\":\"https:\/\/abaa.mx\/tienda\/termohigrometro-data-logger-extech-rht20\/#breadcrumb\",\"itemListElement\":[{\"@type\":\"ListItem\",\"position\":1,\"name\":\"Inicio\",\"item\":\"https:\/\/abaa.mx\/tienda\/\"},{\"@type\":\"ListItem\",\"position\":2,\"name\":\"Tienda\",\"item\":\"https:\/\/abaa.mx\/tienda\/\"},{\"@type\":\"ListItem\",\"position\":3,\"name\":\"TERMOHIGROMETRO DATA LOGGER EXTECH RHT20\"}]},{\"@type\":\"WebSite\",\"@id\":\"https:\/\/abaa.mx\/tienda\/#website\",\"url\":\"https:\/\/abaa.mx\/tienda\/\",\"name\":\"Abaa tienda online\",\"description\":\"Instrumentos de medici\u00f3n\",\"publisher\":{\"@id\":\"https:\/\/abaa.mx\/tienda\/#organization\"},\"potentialAction\":[{\"@type\":\"SearchAction\",\"target\":{\"@type\":\"EntryPoint\",\"urlTemplate\":\"https:\/\/abaa.mx\/tienda\/?s={search_term_string}\"},\"query-input\":{\"@type\":\"PropertyValueSpecification\",\"valueRequired\":true,\"valueName\":\"search_term_string\"}}],\"inLanguage\":\"es\"},{\"@type\":\"Organization\",\"@id\":\"https:\/\/abaa.mx\/tienda\/#organization\",\"name\":\"Abaa tienda online\",\"url\":\"https:\/\/abaa.mx\/tienda\/\",\"logo\":{\"@type\":\"ImageObject\",\"inLanguage\":\"es\",\"@id\":\"https:\/\/abaa.mx\/tienda\/#\/schema\/logo\/image\/\",\"url\":\"https:\/\/abaa.mx\/tienda\/wp-content\/uploads\/2024\/01\/abaa-metrologia-tienda.png\",\"contentUrl\":\"https:\/\/abaa.mx\/tienda\/wp-content\/uploads\/2024\/01\/abaa-metrologia-tienda.png\",\"width\":300,\"height\":141,\"caption\":\"Abaa tienda online\"},\"image\":{\"@id\":\"https:\/\/abaa.mx\/tienda\/#\/schema\/logo\/image\/\"}}]}<\/script>\n<!-- \/ Yoast SEO plugin. -->","yoast_head_json":{"title":"TERMOHIGROMETRO DATA LOGGER EXTECH RHT20 - Abaa tienda online","robots":{"index":"index","follow":"follow","max-snippet":"max-snippet:-1","max-image-preview":"max-image-preview:large","max-video-preview":"max-video-preview:-1"},"canonical":"https:\/\/abaa.mx\/tienda\/termohigrometro-data-logger-extech-rht20\/","og_locale":"es_MX","og_type":"article","og_title":"TERMOHIGROMETRO DATA LOGGER EXTECH RHT20 - Abaa tienda online","og_description":"Caracter\u00edsticas:   Interfaz USB para una f\u00e1cil configuraci\u00f3n y descarga de datos.   Velocidad de muestreo de datos seleccionable: 1 segundo a 24 horas.   Umbrales de alarma programables por el usuario para HR y temperatura.   La LCD muestra las lecturas actuales, Min\/Max y estado de alarma.   Con bater\u00eda de litio de 3.6 V, soporte de montaje con cerradura de combinaci\u00f3n.   Incluye software para an\u00e1lisis compatible con Windows 2000\/XP\/Vista\/7.","og_url":"https:\/\/abaa.mx\/tienda\/termohigrometro-data-logger-extech-rht20\/","og_site_name":"Abaa tienda online","article_modified_time":"2023-12-19T20:29:48+00:00","og_image":[{"width":500,"height":500,"url":"https:\/\/abaa.mx\/tienda\/wp-content\/uploads\/2023\/09\/RHT-20.jpg","type":"image\/jpeg"}],"twitter_card":"summary_large_image","twitter_misc":{"Tiempo de lectura":"2 minutos"},"schema":{"@context":"https:\/\/schema.org","@graph":[{"@type":"WebPage","@id":"https:\/\/abaa.mx\/tienda\/termohigrometro-data-logger-extech-rht20\/","url":"https:\/\/abaa.mx\/tienda\/termohigrometro-data-logger-extech-rht20\/","name":"TERMOHIGROMETRO DATA LOGGER EXTECH RHT20 - Abaa tienda online","isPartOf":{"@id":"https:\/\/abaa.mx\/tienda\/#website"},"primaryImageOfPage":{"@id":"https:\/\/abaa.mx\/tienda\/termohigrometro-data-logger-extech-rht20\/#primaryimage"},"image":{"@id":"https:\/\/abaa.mx\/tienda\/termohigrometro-data-logger-extech-rht20\/#primaryimage"},"thumbnailUrl":"https:\/\/abaa.mx\/tienda\/wp-content\/uploads\/2023\/09\/RHT-20.jpg","datePublished":"2023-09-18T17:14:37+00:00","dateModified":"2023-12-19T20:29:48+00:00","breadcrumb":{"@id":"https:\/\/abaa.mx\/tienda\/termohigrometro-data-logger-extech-rht20\/#breadcrumb"},"inLanguage":"es","potentialAction":[{"@type":"ReadAction","target":["https:\/\/abaa.mx\/tienda\/termohigrometro-data-logger-extech-rht20\/"]}]},{"@type":"ImageObject","inLanguage":"es","@id":"https:\/\/abaa.mx\/tienda\/termohigrometro-data-logger-extech-rht20\/#primaryimage","url":"https:\/\/abaa.mx\/tienda\/wp-content\/uploads\/2023\/09\/RHT-20.jpg","contentUrl":"https:\/\/abaa.mx\/tienda\/wp-content\/uploads\/2023\/09\/RHT-20.jpg","width":500,"height":500,"caption":"termohigrometro-data-logger-extech-rht20"},{"@type":"BreadcrumbList","@id":"https:\/\/abaa.mx\/tienda\/termohigrometro-data-logger-extech-rht20\/#breadcrumb","itemListElement":[{"@type":"ListItem","position":1,"name":"Inicio","item":"https:\/\/abaa.mx\/tienda\/"},{"@type":"ListItem","position":2,"name":"Tienda","item":"https:\/\/abaa.mx\/tienda\/"},{"@type":"ListItem","position":3,"name":"TERMOHIGROMETRO DATA LOGGER EXTECH RHT20"}]},{"@type":"WebSite","@id":"https:\/\/abaa.mx\/tienda\/#website","url":"https:\/\/abaa.mx\/tienda\/","name":"Abaa tienda online","description":"Instrumentos de medici\u00f3n","publisher":{"@id":"https:\/\/abaa.mx\/tienda\/#organization"},"potentialAction":[{"@type":"SearchAction","target":{"@type":"EntryPoint","urlTemplate":"https:\/\/abaa.mx\/tienda\/?s={search_term_string}"},"query-input":{"@type":"PropertyValueSpecification","valueRequired":true,"valueName":"search_term_string"}}],"inLanguage":"es"},{"@type":"Organization","@id":"https:\/\/abaa.mx\/tienda\/#organization","name":"Abaa tienda online","url":"https:\/\/abaa.mx\/tienda\/","logo":{"@type":"ImageObject","inLanguage":"es","@id":"https:\/\/abaa.mx\/tienda\/#\/schema\/logo\/image\/","url":"https:\/\/abaa.mx\/tienda\/wp-content\/uploads\/2024\/01\/abaa-metrologia-tienda.png","contentUrl":"https:\/\/abaa.mx\/tienda\/wp-content\/uploads\/2024\/01\/abaa-metrologia-tienda.png","width":300,"height":141,"caption":"Abaa tienda online"},"image":{"@id":"https:\/\/abaa.mx\/tienda\/#\/schema\/logo\/image\/"}}]}},"_links":{"self":[{"href":"https:\/\/abaa.mx\/tienda\/wp-json\/wp\/v2\/product\/1849","targetHints":{"allow":["GET"]}}],"collection":[{"href":"https:\/\/abaa.mx\/tienda\/wp-json\/wp\/v2\/product"}],"about":[{"href":"https:\/\/abaa.mx\/tienda\/wp-json\/wp\/v2\/types\/product"}],"replies":[{"embeddable":true,"href":"https:\/\/abaa.mx\/tienda\/wp-json\/wp\/v2\/comments?post=1849"}],"wp:featuredmedia":[{"embeddable":true,"href":"https:\/\/abaa.mx\/tienda\/wp-json\/wp\/v2\/media\/1851"}],"wp:attachment":[{"href":"https:\/\/abaa.mx\/tienda\/wp-json\/wp\/v2\/media?parent=1849"}],"wp:term":[{"taxonomy":"product_brand","embeddable":true,"href":"https:\/\/abaa.mx\/tienda\/wp-json\/wp\/v2\/product_brand?post=1849"},{"taxonomy":"product_cat","embeddable":true,"href":"https:\/\/abaa.mx\/tienda\/wp-json\/wp\/v2\/product_cat?post=1849"},{"taxonomy":"product_tag","embeddable":true,"href":"https:\/\/abaa.mx\/tienda\/wp-json\/wp\/v2\/product_tag?post=1849"}],"curies":[{"name":"wp","href":"https:\/\/api.w.org\/{rel}","templated":true}]}}