{"id":1848,"date":"2023-09-18T17:19:36","date_gmt":"2023-09-18T17:19:36","guid":{"rendered":"https:\/\/abaa.mx\/tienda\/?post_type=product&#038;p=1848"},"modified":"2023-09-18T17:19:37","modified_gmt":"2023-09-18T17:19:37","slug":"set-de-caudal-testo-400-con-sonda-de-hilo-caliente","status":"publish","type":"product","link":"https:\/\/abaa.mx\/tienda\/set-de-caudal-testo-400-con-sonda-de-hilo-caliente\/","title":{"rendered":"Set de caudal testo 400 con sonda de hilo caliente"},"content":{"rendered":"<p>Set ideal para profesionales de la climatizaci\u00f3n con \u00e9nfasis en la medici\u00f3n de caudal volum\u00e9trico. Obtendr\u00e1 el medidor para climatizaci\u00f3n universal testo 400 con men\u00fas de medici\u00f3n intuitivos, un cabezal de la sonda de hilo caliente (incl. sensor de humedad y temperatura), un cabezal de la sonda de molinete (\u00d8 100 mm) y un cabezal de la sonda de temperatura y humedad de alta precisi\u00f3n, las tres pueden insertarse en la empu\u00f1adura Bluetooth suministrada. Para mediciones en salidas de techo simplemente combine la sonda de molinete de 100 mm con el telescopio (extensible hasta 1,0 m) y el \u00e1ngulo de 90\u00b0.<\/p>\n<ul class=\"list-elements\">\n<li>C\u00e1lculo conforme a las normativas del caudal volum\u00e9trico en el canal mediante una medici\u00f3n seg\u00fan EN ISO 12599 y ASHRAE 111.<\/li>\n<li>C\u00e1lculo del caudal volum\u00e9trico en la salida a trav\u00e9s de la medici\u00f3n de la presi\u00f3n referencial y la entrada del factor k espec\u00edfico del fabricante.<\/li>\n<li>Programas de medici\u00f3n inteligentes e intuitivos, finalizaci\u00f3n de la medici\u00f3n con documentaci\u00f3n completa directamente en las instalaciones del cliente o valoraci\u00f3n con el software de gesti\u00f3n de datos de medici\u00f3n y an\u00e1lisis testo DataControl<\/li>\n<li>En el set: Medidor para climatizaci\u00f3n universal testo 400, sonda de hilo caliente (con empu\u00f1adura Bluetooth y telescopio), cabezal de la sonda de molinete (\u00d8 100 mm), cabezal de la sonda de temperatura y humedad de alta precisi\u00f3n, \u00e1ngulo de 90\u00b0, malet\u00edn.<br \/>\n<h2>Aplicaciones<\/h2>\n<div class=\"large-12\">\n<div class=\"medium-6\">\n<div class=\"m-paragraph\">\n<h2 class=\"s4 title\">Ideal para mediciones relacionadas con las instalaciones de sistemas de climatizaci\u00f3n y ventilaci\u00f3n<\/h2>\n<ul>\n<li>Sensor de presi\u00f3n diferencial integrado, altamente preciso e independiente de la ubicaci\u00f3n, programas de medici\u00f3n inteligentes e intuitivos para mediciones de climatizaci\u00f3n seg\u00fan las normativas, creaci\u00f3n de documentaci\u00f3n in situ, env\u00edo de protocolos por correo electr\u00f3nico, distintas posibilidades de combinaci\u00f3n con sondas para climatizaci\u00f3n.<\/li>\n<li>\n<h2 class=\"s4 title\">Mediciones en el sector de climatizaci\u00f3n y ventilaci\u00f3n<\/h2>\n<p>Combine su medidor para climatizaci\u00f3n de Testo individualmente con sondas de climatizaci\u00f3n y accesorios para su aplicaci\u00f3n.<\/p>\n<div>Con los productos adecuados podr\u00e1 gestionar todas las aplicaciones de climatizaci\u00f3n:<\/div>\n<div><\/div>\n<ul>\n<li>Medici\u00f3n de caudal volum\u00e9trico: Medici\u00f3n de caudal en canales, salidas y filtros seg\u00fan EN ISO 12599 y ASHRAE 111<\/li>\n<li>Medici\u00f3n del nivel de confort: Medici\u00f3n de la calidad del aire interior o grado de turbulencia seg\u00fan EN ISO 7730 y ASHRAE 55, medici\u00f3n NET seg\u00fan DIN 33403, PMV\/PPD seg\u00fan EN ISO 7730 y ASHRAE 55, medici\u00f3n WBGT conforme a DIN 33403 y EN ISO 7243<\/li>\n<li>Mediciones en laboratorios y salas blancas: Medici\u00f3n de caudal en la campana de laboratorio seg\u00fan DIN EN 14175-3\/-4, medici\u00f3n de presi\u00f3n diferencial y mediciones del flujo laminar en salas blancas, mediciones de humedad en salas blancas.<\/li>\n<\/ul>\n<\/li>\n<\/ul>\n<\/div>\n<\/div>\n<\/div>\n<\/li>\n<\/ul>\n","protected":false},"excerpt":{"rendered":"<p>Set ideal para profesionales de la climatizaci\u00f3n con \u00e9nfasis en la medici\u00f3n de caudal volum\u00e9trico. Obtendr\u00e1 el medidor para climatizaci\u00f3n universal testo\u00a0400 con men\u00fas de medici\u00f3n intuitivos, un cabezal de la sonda de hilo caliente (incl. sensor de humedad y temperatura), un cabezal de la sonda de molinete (\u00d8 100\u00a0mm) y un cabezal de la sonda de temperatura y humedad de alta precisi\u00f3n, las tres pueden insertarse en la empu\u00f1adura Bluetooth\u00a0suministrada. Para mediciones en salidas de techo simplemente combine la sonda de molinete de 100 mm con el telescopio (extensible hasta 1,0 m) y el \u00e1ngulo de 90\u00b0.<\/p>\n","protected":false},"featured_media":1853,"comment_status":"open","ping_status":"closed","template":"","meta":{"_joinchat":[]},"product_brand":[],"product_cat":[15],"product_tag":[],"class_list":{"0":"post-1848","1":"product","2":"type-product","3":"status-publish","4":"has-post-thumbnail","6":"product_cat-sin-categorizar","8":"first","9":"instock","10":"shipping-taxable","11":"product-type-simple"},"yoast_head":"<!-- This site is optimized with the Yoast SEO plugin v26.4 - https:\/\/yoast.com\/wordpress\/plugins\/seo\/ -->\n<title>Set de caudal testo 400 con sonda de hilo caliente - Abaa tienda online<\/title>\n<meta name=\"robots\" content=\"index, follow, max-snippet:-1, max-image-preview:large, max-video-preview:-1\" \/>\n<link rel=\"canonical\" href=\"https:\/\/abaa.mx\/tienda\/set-de-caudal-testo-400-con-sonda-de-hilo-caliente\/\" \/>\n<meta property=\"og:locale\" content=\"es_MX\" \/>\n<meta property=\"og:type\" content=\"article\" \/>\n<meta property=\"og:title\" content=\"Set de caudal testo 400 con sonda de hilo caliente - Abaa tienda online\" \/>\n<meta property=\"og:description\" content=\"Set ideal para profesionales de la climatizaci\u00f3n con \u00e9nfasis en la medici\u00f3n de caudal volum\u00e9trico. Obtendr\u00e1 el medidor para climatizaci\u00f3n universal testo\u00a0400 con men\u00fas de medici\u00f3n intuitivos, un cabezal de la sonda de hilo caliente (incl. sensor de humedad y temperatura), un cabezal de la sonda de molinete (\u00d8 100\u00a0mm) y un cabezal de la sonda de temperatura y humedad de alta precisi\u00f3n, las tres pueden insertarse en la empu\u00f1adura Bluetooth\u00a0suministrada. Para mediciones en salidas de techo simplemente combine la sonda de molinete de 100 mm con el telescopio (extensible hasta 1,0 m) y el \u00e1ngulo de 90\u00b0.\" \/>\n<meta property=\"og:url\" content=\"https:\/\/abaa.mx\/tienda\/set-de-caudal-testo-400-con-sonda-de-hilo-caliente\/\" \/>\n<meta property=\"og:site_name\" content=\"Abaa tienda online\" \/>\n<meta property=\"article:modified_time\" content=\"2023-09-18T17:19:37+00:00\" \/>\n<meta property=\"og:image\" content=\"https:\/\/abaa.mx\/tienda\/wp-content\/uploads\/2023\/09\/set-de-caudal-testo-400-con-sonda-de-hilo-caliente.jpg\" \/>\n\t<meta property=\"og:image:width\" content=\"660\" \/>\n\t<meta property=\"og:image:height\" content=\"495\" \/>\n\t<meta property=\"og:image:type\" content=\"image\/jpeg\" \/>\n<meta name=\"twitter:card\" content=\"summary_large_image\" \/>\n<meta name=\"twitter:label1\" content=\"Tiempo de lectura\" \/>\n\t<meta name=\"twitter:data1\" content=\"2 minutos\" \/>\n<script type=\"application\/ld+json\" class=\"yoast-schema-graph\">{\"@context\":\"https:\/\/schema.org\",\"@graph\":[{\"@type\":\"WebPage\",\"@id\":\"https:\/\/abaa.mx\/tienda\/set-de-caudal-testo-400-con-sonda-de-hilo-caliente\/\",\"url\":\"https:\/\/abaa.mx\/tienda\/set-de-caudal-testo-400-con-sonda-de-hilo-caliente\/\",\"name\":\"Set de caudal testo 400 con sonda de hilo caliente - Abaa tienda online\",\"isPartOf\":{\"@id\":\"https:\/\/abaa.mx\/tienda\/#website\"},\"primaryImageOfPage\":{\"@id\":\"https:\/\/abaa.mx\/tienda\/set-de-caudal-testo-400-con-sonda-de-hilo-caliente\/#primaryimage\"},\"image\":{\"@id\":\"https:\/\/abaa.mx\/tienda\/set-de-caudal-testo-400-con-sonda-de-hilo-caliente\/#primaryimage\"},\"thumbnailUrl\":\"https:\/\/abaa.mx\/tienda\/wp-content\/uploads\/2023\/09\/set-de-caudal-testo-400-con-sonda-de-hilo-caliente.jpg\",\"datePublished\":\"2023-09-18T17:19:36+00:00\",\"dateModified\":\"2023-09-18T17:19:37+00:00\",\"breadcrumb\":{\"@id\":\"https:\/\/abaa.mx\/tienda\/set-de-caudal-testo-400-con-sonda-de-hilo-caliente\/#breadcrumb\"},\"inLanguage\":\"es\",\"potentialAction\":[{\"@type\":\"ReadAction\",\"target\":[\"https:\/\/abaa.mx\/tienda\/set-de-caudal-testo-400-con-sonda-de-hilo-caliente\/\"]}]},{\"@type\":\"ImageObject\",\"inLanguage\":\"es\",\"@id\":\"https:\/\/abaa.mx\/tienda\/set-de-caudal-testo-400-con-sonda-de-hilo-caliente\/#primaryimage\",\"url\":\"https:\/\/abaa.mx\/tienda\/wp-content\/uploads\/2023\/09\/set-de-caudal-testo-400-con-sonda-de-hilo-caliente.jpg\",\"contentUrl\":\"https:\/\/abaa.mx\/tienda\/wp-content\/uploads\/2023\/09\/set-de-caudal-testo-400-con-sonda-de-hilo-caliente.jpg\",\"width\":660,\"height\":495,\"caption\":\"set-de-caudal-testo-400-con-sonda-de-hilo-caliente\"},{\"@type\":\"BreadcrumbList\",\"@id\":\"https:\/\/abaa.mx\/tienda\/set-de-caudal-testo-400-con-sonda-de-hilo-caliente\/#breadcrumb\",\"itemListElement\":[{\"@type\":\"ListItem\",\"position\":1,\"name\":\"Inicio\",\"item\":\"https:\/\/abaa.mx\/tienda\/\"},{\"@type\":\"ListItem\",\"position\":2,\"name\":\"Tienda\",\"item\":\"https:\/\/abaa.mx\/tienda\/\"},{\"@type\":\"ListItem\",\"position\":3,\"name\":\"Set de caudal testo 400 con sonda de hilo caliente\"}]},{\"@type\":\"WebSite\",\"@id\":\"https:\/\/abaa.mx\/tienda\/#website\",\"url\":\"https:\/\/abaa.mx\/tienda\/\",\"name\":\"Abaa tienda online\",\"description\":\"Instrumentos de medici\u00f3n\",\"publisher\":{\"@id\":\"https:\/\/abaa.mx\/tienda\/#organization\"},\"potentialAction\":[{\"@type\":\"SearchAction\",\"target\":{\"@type\":\"EntryPoint\",\"urlTemplate\":\"https:\/\/abaa.mx\/tienda\/?s={search_term_string}\"},\"query-input\":{\"@type\":\"PropertyValueSpecification\",\"valueRequired\":true,\"valueName\":\"search_term_string\"}}],\"inLanguage\":\"es\"},{\"@type\":\"Organization\",\"@id\":\"https:\/\/abaa.mx\/tienda\/#organization\",\"name\":\"Abaa tienda online\",\"url\":\"https:\/\/abaa.mx\/tienda\/\",\"logo\":{\"@type\":\"ImageObject\",\"inLanguage\":\"es\",\"@id\":\"https:\/\/abaa.mx\/tienda\/#\/schema\/logo\/image\/\",\"url\":\"https:\/\/abaa.mx\/tienda\/wp-content\/uploads\/2024\/01\/abaa-metrologia-tienda.png\",\"contentUrl\":\"https:\/\/abaa.mx\/tienda\/wp-content\/uploads\/2024\/01\/abaa-metrologia-tienda.png\",\"width\":300,\"height\":141,\"caption\":\"Abaa tienda online\"},\"image\":{\"@id\":\"https:\/\/abaa.mx\/tienda\/#\/schema\/logo\/image\/\"}}]}<\/script>\n<!-- \/ Yoast SEO plugin. -->","yoast_head_json":{"title":"Set de caudal testo 400 con sonda de hilo caliente - Abaa tienda online","robots":{"index":"index","follow":"follow","max-snippet":"max-snippet:-1","max-image-preview":"max-image-preview:large","max-video-preview":"max-video-preview:-1"},"canonical":"https:\/\/abaa.mx\/tienda\/set-de-caudal-testo-400-con-sonda-de-hilo-caliente\/","og_locale":"es_MX","og_type":"article","og_title":"Set de caudal testo 400 con sonda de hilo caliente - Abaa tienda online","og_description":"Set ideal para profesionales de la climatizaci\u00f3n con \u00e9nfasis en la medici\u00f3n de caudal volum\u00e9trico. Obtendr\u00e1 el medidor para climatizaci\u00f3n universal testo\u00a0400 con men\u00fas de medici\u00f3n intuitivos, un cabezal de la sonda de hilo caliente (incl. sensor de humedad y temperatura), un cabezal de la sonda de molinete (\u00d8 100\u00a0mm) y un cabezal de la sonda de temperatura y humedad de alta precisi\u00f3n, las tres pueden insertarse en la empu\u00f1adura Bluetooth\u00a0suministrada. Para mediciones en salidas de techo simplemente combine la sonda de molinete de 100 mm con el telescopio (extensible hasta 1,0 m) y el \u00e1ngulo de 90\u00b0.","og_url":"https:\/\/abaa.mx\/tienda\/set-de-caudal-testo-400-con-sonda-de-hilo-caliente\/","og_site_name":"Abaa tienda online","article_modified_time":"2023-09-18T17:19:37+00:00","og_image":[{"width":660,"height":495,"url":"https:\/\/abaa.mx\/tienda\/wp-content\/uploads\/2023\/09\/set-de-caudal-testo-400-con-sonda-de-hilo-caliente.jpg","type":"image\/jpeg"}],"twitter_card":"summary_large_image","twitter_misc":{"Tiempo de lectura":"2 minutos"},"schema":{"@context":"https:\/\/schema.org","@graph":[{"@type":"WebPage","@id":"https:\/\/abaa.mx\/tienda\/set-de-caudal-testo-400-con-sonda-de-hilo-caliente\/","url":"https:\/\/abaa.mx\/tienda\/set-de-caudal-testo-400-con-sonda-de-hilo-caliente\/","name":"Set de caudal testo 400 con sonda de hilo caliente - Abaa tienda online","isPartOf":{"@id":"https:\/\/abaa.mx\/tienda\/#website"},"primaryImageOfPage":{"@id":"https:\/\/abaa.mx\/tienda\/set-de-caudal-testo-400-con-sonda-de-hilo-caliente\/#primaryimage"},"image":{"@id":"https:\/\/abaa.mx\/tienda\/set-de-caudal-testo-400-con-sonda-de-hilo-caliente\/#primaryimage"},"thumbnailUrl":"https:\/\/abaa.mx\/tienda\/wp-content\/uploads\/2023\/09\/set-de-caudal-testo-400-con-sonda-de-hilo-caliente.jpg","datePublished":"2023-09-18T17:19:36+00:00","dateModified":"2023-09-18T17:19:37+00:00","breadcrumb":{"@id":"https:\/\/abaa.mx\/tienda\/set-de-caudal-testo-400-con-sonda-de-hilo-caliente\/#breadcrumb"},"inLanguage":"es","potentialAction":[{"@type":"ReadAction","target":["https:\/\/abaa.mx\/tienda\/set-de-caudal-testo-400-con-sonda-de-hilo-caliente\/"]}]},{"@type":"ImageObject","inLanguage":"es","@id":"https:\/\/abaa.mx\/tienda\/set-de-caudal-testo-400-con-sonda-de-hilo-caliente\/#primaryimage","url":"https:\/\/abaa.mx\/tienda\/wp-content\/uploads\/2023\/09\/set-de-caudal-testo-400-con-sonda-de-hilo-caliente.jpg","contentUrl":"https:\/\/abaa.mx\/tienda\/wp-content\/uploads\/2023\/09\/set-de-caudal-testo-400-con-sonda-de-hilo-caliente.jpg","width":660,"height":495,"caption":"set-de-caudal-testo-400-con-sonda-de-hilo-caliente"},{"@type":"BreadcrumbList","@id":"https:\/\/abaa.mx\/tienda\/set-de-caudal-testo-400-con-sonda-de-hilo-caliente\/#breadcrumb","itemListElement":[{"@type":"ListItem","position":1,"name":"Inicio","item":"https:\/\/abaa.mx\/tienda\/"},{"@type":"ListItem","position":2,"name":"Tienda","item":"https:\/\/abaa.mx\/tienda\/"},{"@type":"ListItem","position":3,"name":"Set de caudal testo 400 con sonda de hilo caliente"}]},{"@type":"WebSite","@id":"https:\/\/abaa.mx\/tienda\/#website","url":"https:\/\/abaa.mx\/tienda\/","name":"Abaa tienda online","description":"Instrumentos de medici\u00f3n","publisher":{"@id":"https:\/\/abaa.mx\/tienda\/#organization"},"potentialAction":[{"@type":"SearchAction","target":{"@type":"EntryPoint","urlTemplate":"https:\/\/abaa.mx\/tienda\/?s={search_term_string}"},"query-input":{"@type":"PropertyValueSpecification","valueRequired":true,"valueName":"search_term_string"}}],"inLanguage":"es"},{"@type":"Organization","@id":"https:\/\/abaa.mx\/tienda\/#organization","name":"Abaa tienda online","url":"https:\/\/abaa.mx\/tienda\/","logo":{"@type":"ImageObject","inLanguage":"es","@id":"https:\/\/abaa.mx\/tienda\/#\/schema\/logo\/image\/","url":"https:\/\/abaa.mx\/tienda\/wp-content\/uploads\/2024\/01\/abaa-metrologia-tienda.png","contentUrl":"https:\/\/abaa.mx\/tienda\/wp-content\/uploads\/2024\/01\/abaa-metrologia-tienda.png","width":300,"height":141,"caption":"Abaa tienda online"},"image":{"@id":"https:\/\/abaa.mx\/tienda\/#\/schema\/logo\/image\/"}}]}},"_links":{"self":[{"href":"https:\/\/abaa.mx\/tienda\/wp-json\/wp\/v2\/product\/1848","targetHints":{"allow":["GET"]}}],"collection":[{"href":"https:\/\/abaa.mx\/tienda\/wp-json\/wp\/v2\/product"}],"about":[{"href":"https:\/\/abaa.mx\/tienda\/wp-json\/wp\/v2\/types\/product"}],"replies":[{"embeddable":true,"href":"https:\/\/abaa.mx\/tienda\/wp-json\/wp\/v2\/comments?post=1848"}],"wp:featuredmedia":[{"embeddable":true,"href":"https:\/\/abaa.mx\/tienda\/wp-json\/wp\/v2\/media\/1853"}],"wp:attachment":[{"href":"https:\/\/abaa.mx\/tienda\/wp-json\/wp\/v2\/media?parent=1848"}],"wp:term":[{"taxonomy":"product_brand","embeddable":true,"href":"https:\/\/abaa.mx\/tienda\/wp-json\/wp\/v2\/product_brand?post=1848"},{"taxonomy":"product_cat","embeddable":true,"href":"https:\/\/abaa.mx\/tienda\/wp-json\/wp\/v2\/product_cat?post=1848"},{"taxonomy":"product_tag","embeddable":true,"href":"https:\/\/abaa.mx\/tienda\/wp-json\/wp\/v2\/product_tag?post=1848"}],"curies":[{"name":"wp","href":"https:\/\/api.w.org\/{rel}","templated":true}]}}