{"id":1845,"date":"2023-09-18T16:47:54","date_gmt":"2023-09-18T16:47:54","guid":{"rendered":"https:\/\/abaa.mx\/tienda\/?post_type=product&#038;p=1845"},"modified":"2023-09-18T16:47:55","modified_gmt":"2023-09-18T16:47:55","slug":"monitor-de-refrigerador-inalambrico-flashtrak-wrm-modelo-22144","status":"publish","type":"product","link":"https:\/\/abaa.mx\/tienda\/monitor-de-refrigerador-inalambrico-flashtrak-wrm-modelo-22144\/","title":{"rendered":"Monitor de refrigerador inal\u00e1mbrico flashtrak (wrm) Modelo 22144"},"content":{"rendered":"<h1>Monitor de refrigerador inal\u00e1mbrico flashtrak\u00a0(wrm)<\/h1>\n<h3><strong>Modelo\u00a022144<\/strong><\/h3>\n<ul>\n<li>Capacidad de registro de dos canales.<\/li>\n<li>Aguja de punta redonda.<\/li>\n<li>Sensor en Glicol que emula la condici\u00f3n de vacunas y la mayor\u00eda de los fluidos.<\/li>\n<li>Transmisi\u00f3n de datos sin interrupci\u00f3n durante los cortes de energ\u00eda.<\/li>\n<li>30 horas de reserva de bater\u00eda.<\/li>\n<li>Informes seguros, an\u00e1lisis y consultas en PDF.<\/li>\n<li>Pista de auditor\u00eda para documentar el cumplimiento normativo.<\/li>\n<li>Cumple con 21 CFR Parte 11, con un sistema de administraci\u00f3n basado en la nube.<\/li>\n<\/ul>\n<p>Este sistema inal\u00e1mbrico es ideal para las unidades de refrigerador y congelador donde se almacenan las vacunas, productos farmac\u00e9uticos o alimenticios. Continuamente, monitorea la hora y la temperatura las 24 horas del d\u00eda, el usando Wi-Fi y comunicaciones celulares para transmitir datos a una aplicaci\u00f3n basada en la nube donde es visible en tiempo real y se puede acceder 24\/7. Esta aplicaci\u00f3n web segura permite a los usuarios configurar de forma remota la unidad WRM con par\u00e1metros de registro como el intervalo de muestra, los l\u00edmites de alarma alto \/ bajo, as\u00ed como alertas y notificaciones a personal designado que pueden tomar medidas correctivas inmediatas cuando se producen las excursiones.<\/p>\n<p>El FlashTrak WRM asegura que los datos no se pierdan nunca, incluso en caso de corte de electricidad. Esta caracter\u00edstica es esencial a fin de mantener la calidad, la eficacia y la seguridad de los productos. El WRM es una valiosa herramienta para la documentaci\u00f3n de cumplimiento de la normativa, para mantener la continuidad del negocio y seguimiento para planes de recuperaci\u00f3n despu\u00e9s de desastres despu\u00e9s de un corte de energ\u00eda.<\/p>\n<h2 class=\"rl_tabs-title nn_tabs-title\"><span>Especificaciones<\/span><\/h2>\n<table>\n<caption>Monitor de refrigerador inal\u00e1mbrico FlashTrak, Modelo 22144 Especificaciones<\/caption>\n<thead>\n<tr>\n<th scope=\"col\">Caracter\u00edstica<\/th>\n<th scope=\"col\">Especificaci\u00f3n<\/th>\n<\/tr>\n<\/thead>\n<tfoot>\n<tr>\n<td colspan=\"2\"><\/td>\n<\/tr>\n<\/tfoot>\n<tbody>\n<tr>\n<td>Rango de Medici\u00f3n de la Aguja<\/td>\n<td>-40\u00b0F a 185\u00b0F (-40\u00b0C a 85\u00b0C)<\/td>\n<\/tr>\n<tr>\n<td>Rango de Operaci\u00f3n<\/td>\n<td>-22\u00b0F a 140\u00b0F (-30\u00b0C a 60\u00b0C)<\/td>\n<\/tr>\n<tr>\n<td>Intervalo de Muestra Programable<\/td>\n<td>1 a 60 minutos<\/td>\n<\/tr>\n<tr>\n<td>Resoluci\u00f3n de Pantalla<\/td>\n<td>0.1\u00b0 F \/ \u00baC<\/td>\n<\/tr>\n<tr>\n<td>Exactitud dentro del rango de funcionamiento normal<\/td>\n<td>\u00b11.0\u00b0F de 14\u00b0F a 77\u00b0F (\u00b10.5\u00b0C de -10\u00b0C a 25\u00b0C)<\/td>\n<\/tr>\n<tr>\n<td>Bandas de RF<\/td>\n<td>915 MHz<br \/>\n868 MHz ISM Banda (disponible por orden especial)<\/td>\n<\/tr>\n<tr>\n<td>Fuente de Energ\u00eda<\/td>\n<td>110V AC \/ 220V AC<\/td>\n<\/tr>\n<tr>\n<td>Bater\u00eda de respaldo<\/td>\n<td>5 AA bater\u00edas NiCad<\/td>\n<\/tr>\n<tr>\n<td>Vida \u00fatil (en bater\u00eda de reserva)<\/td>\n<td>30 horas<\/td>\n<\/tr>\n<tr>\n<td>Capacidad de datos (en la bater\u00eda de reserva)<\/td>\n<td>6400 puntos de datos, puntos de datos 1M en una tarjeta SD opcional<\/td>\n<\/tr>\n<tr>\n<td>Vida \u00fatil de la bater\u00eda (no operando)<\/td>\n<td>18 meses<\/td>\n<\/tr>\n<tr>\n<td>Peso<\/td>\n<td>21,9 onzas (621 g)<\/td>\n<\/tr>\n<tr>\n<td>Dimensiones<\/td>\n<td>5,1 x 7,1 en x 2,0 en (129,5 mm x 180,3 mm x 50,8 mm)<\/td>\n<\/tr>\n<tr>\n<td>Carcaza<\/td>\n<td>Pl\u00e1stico ABS<\/td>\n<\/tr>\n<tr>\n<td>Pantalla LCD<\/td>\n<td>2 l\u00edneas, 60 caracteres por l\u00ednea, fondo rojo, verde y azul<\/td>\n<\/tr>\n<tr>\n<td>Alarma<\/td>\n<td>Zumbador de audio<\/td>\n<\/tr>\n<tr>\n<td>Botones<\/td>\n<td>Verde &#8211; Info<br \/>\nRojo &#8211; Alarma \/ cancelar<\/td>\n<\/tr>\n<tr>\n<td>Comunicaci\u00f3n de datos<\/td>\n<td>Tel\u00e9fono Celular servicio de datos GSM \/ 3G (copia de seguridad a trav\u00e9s de Wi-Fi)<\/td>\n<\/tr>\n<tr>\n<td>Certificaciones<\/td>\n<td>FCC, RAEE, CE Mark, compatible con RoHS<\/td>\n<\/tr>\n<\/tbody>\n<\/table>\n","protected":false},"excerpt":{"rendered":"<h3><strong>Caracter\u00edsticas\u00a0<\/strong><\/h3>\n<ul>\n<li>Capacidad de registro de dos canales.<\/li>\n<li>Aguja de punta redonda.<\/li>\n<li>Sensor en Glicol que emula la condici\u00f3n de vacunas y la mayor\u00eda de los fluidos.<\/li>\n<li>Transmisi\u00f3n de datos sin interrupci\u00f3n durante los cortes de energ\u00eda.<\/li>\n<li>30 horas de reserva de bater\u00eda.<\/li>\n<li>Informes seguros, an\u00e1lisis y consultas en PDF.<\/li>\n<li>Pista de auditor\u00eda para documentar el cumplimiento normativo<\/li>\n<li>Cumple con 21 CFR Parte 11, con un sistema de administraci\u00f3n basado en la nube<\/li>\n<\/ul>\n","protected":false},"featured_media":1846,"comment_status":"open","ping_status":"closed","template":"","meta":{"_joinchat":[]},"product_brand":[],"product_cat":[15],"product_tag":[],"class_list":{"0":"post-1845","1":"product","2":"type-product","3":"status-publish","4":"has-post-thumbnail","6":"product_cat-sin-categorizar","8":"first","9":"instock","10":"shipping-taxable","11":"product-type-simple"},"yoast_head":"<!-- This site is optimized with the Yoast SEO plugin v26.4 - https:\/\/yoast.com\/wordpress\/plugins\/seo\/ -->\n<title>Monitor de refrigerador inal\u00e1mbrico flashtrak (wrm) Modelo 22144 - Abaa tienda online<\/title>\n<meta name=\"robots\" content=\"index, follow, max-snippet:-1, max-image-preview:large, max-video-preview:-1\" \/>\n<link rel=\"canonical\" href=\"https:\/\/abaa.mx\/tienda\/monitor-de-refrigerador-inalambrico-flashtrak-wrm-modelo-22144\/\" \/>\n<meta property=\"og:locale\" content=\"es_MX\" \/>\n<meta property=\"og:type\" content=\"article\" \/>\n<meta property=\"og:title\" content=\"Monitor de refrigerador inal\u00e1mbrico flashtrak (wrm) Modelo 22144 - Abaa tienda online\" \/>\n<meta property=\"og:description\" content=\"Caracter\u00edsticas\u00a0   Capacidad de registro de dos canales.  Aguja de punta redonda.  Sensor en Glicol que emula la condici\u00f3n de vacunas y la mayor\u00eda de los fluidos.  Transmisi\u00f3n de datos sin interrupci\u00f3n durante los cortes de energ\u00eda.  30 horas de reserva de bater\u00eda.  Informes seguros, an\u00e1lisis y consultas en PDF.  Pista de auditor\u00eda para documentar el cumplimiento normativo  Cumple con 21 CFR Parte 11, con un sistema de administraci\u00f3n basado en la nube\" \/>\n<meta property=\"og:url\" content=\"https:\/\/abaa.mx\/tienda\/monitor-de-refrigerador-inalambrico-flashtrak-wrm-modelo-22144\/\" \/>\n<meta property=\"og:site_name\" content=\"Abaa tienda online\" \/>\n<meta property=\"article:modified_time\" content=\"2023-09-18T16:47:55+00:00\" \/>\n<meta property=\"og:image\" content=\"https:\/\/abaa.mx\/tienda\/wp-content\/uploads\/2023\/09\/22144.jpg\" \/>\n\t<meta property=\"og:image:width\" content=\"400\" \/>\n\t<meta property=\"og:image:height\" content=\"400\" \/>\n\t<meta property=\"og:image:type\" content=\"image\/jpeg\" \/>\n<meta name=\"twitter:card\" content=\"summary_large_image\" \/>\n<meta name=\"twitter:label1\" content=\"Tiempo de lectura\" \/>\n\t<meta name=\"twitter:data1\" content=\"3 minutos\" \/>\n<script type=\"application\/ld+json\" class=\"yoast-schema-graph\">{\"@context\":\"https:\/\/schema.org\",\"@graph\":[{\"@type\":\"WebPage\",\"@id\":\"https:\/\/abaa.mx\/tienda\/monitor-de-refrigerador-inalambrico-flashtrak-wrm-modelo-22144\/\",\"url\":\"https:\/\/abaa.mx\/tienda\/monitor-de-refrigerador-inalambrico-flashtrak-wrm-modelo-22144\/\",\"name\":\"Monitor de refrigerador inal\u00e1mbrico flashtrak (wrm) Modelo 22144 - Abaa tienda online\",\"isPartOf\":{\"@id\":\"https:\/\/abaa.mx\/tienda\/#website\"},\"primaryImageOfPage\":{\"@id\":\"https:\/\/abaa.mx\/tienda\/monitor-de-refrigerador-inalambrico-flashtrak-wrm-modelo-22144\/#primaryimage\"},\"image\":{\"@id\":\"https:\/\/abaa.mx\/tienda\/monitor-de-refrigerador-inalambrico-flashtrak-wrm-modelo-22144\/#primaryimage\"},\"thumbnailUrl\":\"https:\/\/abaa.mx\/tienda\/wp-content\/uploads\/2023\/09\/22144.jpg\",\"datePublished\":\"2023-09-18T16:47:54+00:00\",\"dateModified\":\"2023-09-18T16:47:55+00:00\",\"breadcrumb\":{\"@id\":\"https:\/\/abaa.mx\/tienda\/monitor-de-refrigerador-inalambrico-flashtrak-wrm-modelo-22144\/#breadcrumb\"},\"inLanguage\":\"es\",\"potentialAction\":[{\"@type\":\"ReadAction\",\"target\":[\"https:\/\/abaa.mx\/tienda\/monitor-de-refrigerador-inalambrico-flashtrak-wrm-modelo-22144\/\"]}]},{\"@type\":\"ImageObject\",\"inLanguage\":\"es\",\"@id\":\"https:\/\/abaa.mx\/tienda\/monitor-de-refrigerador-inalambrico-flashtrak-wrm-modelo-22144\/#primaryimage\",\"url\":\"https:\/\/abaa.mx\/tienda\/wp-content\/uploads\/2023\/09\/22144.jpg\",\"contentUrl\":\"https:\/\/abaa.mx\/tienda\/wp-content\/uploads\/2023\/09\/22144.jpg\",\"width\":400,\"height\":400,\"caption\":\"monitor-de-refrigerador-inalambrico-flashtrak-wrm-modelo-22144\"},{\"@type\":\"BreadcrumbList\",\"@id\":\"https:\/\/abaa.mx\/tienda\/monitor-de-refrigerador-inalambrico-flashtrak-wrm-modelo-22144\/#breadcrumb\",\"itemListElement\":[{\"@type\":\"ListItem\",\"position\":1,\"name\":\"Inicio\",\"item\":\"https:\/\/abaa.mx\/tienda\/\"},{\"@type\":\"ListItem\",\"position\":2,\"name\":\"Tienda\",\"item\":\"https:\/\/abaa.mx\/tienda\/\"},{\"@type\":\"ListItem\",\"position\":3,\"name\":\"Monitor de refrigerador inal\u00e1mbrico flashtrak (wrm) Modelo 22144\"}]},{\"@type\":\"WebSite\",\"@id\":\"https:\/\/abaa.mx\/tienda\/#website\",\"url\":\"https:\/\/abaa.mx\/tienda\/\",\"name\":\"Abaa tienda online\",\"description\":\"Instrumentos de medici\u00f3n\",\"publisher\":{\"@id\":\"https:\/\/abaa.mx\/tienda\/#organization\"},\"potentialAction\":[{\"@type\":\"SearchAction\",\"target\":{\"@type\":\"EntryPoint\",\"urlTemplate\":\"https:\/\/abaa.mx\/tienda\/?s={search_term_string}\"},\"query-input\":{\"@type\":\"PropertyValueSpecification\",\"valueRequired\":true,\"valueName\":\"search_term_string\"}}],\"inLanguage\":\"es\"},{\"@type\":\"Organization\",\"@id\":\"https:\/\/abaa.mx\/tienda\/#organization\",\"name\":\"Abaa tienda online\",\"url\":\"https:\/\/abaa.mx\/tienda\/\",\"logo\":{\"@type\":\"ImageObject\",\"inLanguage\":\"es\",\"@id\":\"https:\/\/abaa.mx\/tienda\/#\/schema\/logo\/image\/\",\"url\":\"https:\/\/abaa.mx\/tienda\/wp-content\/uploads\/2024\/01\/abaa-metrologia-tienda.png\",\"contentUrl\":\"https:\/\/abaa.mx\/tienda\/wp-content\/uploads\/2024\/01\/abaa-metrologia-tienda.png\",\"width\":300,\"height\":141,\"caption\":\"Abaa tienda online\"},\"image\":{\"@id\":\"https:\/\/abaa.mx\/tienda\/#\/schema\/logo\/image\/\"}}]}<\/script>\n<!-- \/ Yoast SEO plugin. -->","yoast_head_json":{"title":"Monitor de refrigerador inal\u00e1mbrico flashtrak (wrm) Modelo 22144 - Abaa tienda online","robots":{"index":"index","follow":"follow","max-snippet":"max-snippet:-1","max-image-preview":"max-image-preview:large","max-video-preview":"max-video-preview:-1"},"canonical":"https:\/\/abaa.mx\/tienda\/monitor-de-refrigerador-inalambrico-flashtrak-wrm-modelo-22144\/","og_locale":"es_MX","og_type":"article","og_title":"Monitor de refrigerador inal\u00e1mbrico flashtrak (wrm) Modelo 22144 - Abaa tienda online","og_description":"Caracter\u00edsticas\u00a0   Capacidad de registro de dos canales.  Aguja de punta redonda.  Sensor en Glicol que emula la condici\u00f3n de vacunas y la mayor\u00eda de los fluidos.  Transmisi\u00f3n de datos sin interrupci\u00f3n durante los cortes de energ\u00eda.  30 horas de reserva de bater\u00eda.  Informes seguros, an\u00e1lisis y consultas en PDF.  Pista de auditor\u00eda para documentar el cumplimiento normativo  Cumple con 21 CFR Parte 11, con un sistema de administraci\u00f3n basado en la nube","og_url":"https:\/\/abaa.mx\/tienda\/monitor-de-refrigerador-inalambrico-flashtrak-wrm-modelo-22144\/","og_site_name":"Abaa tienda online","article_modified_time":"2023-09-18T16:47:55+00:00","og_image":[{"width":400,"height":400,"url":"https:\/\/abaa.mx\/tienda\/wp-content\/uploads\/2023\/09\/22144.jpg","type":"image\/jpeg"}],"twitter_card":"summary_large_image","twitter_misc":{"Tiempo de lectura":"3 minutos"},"schema":{"@context":"https:\/\/schema.org","@graph":[{"@type":"WebPage","@id":"https:\/\/abaa.mx\/tienda\/monitor-de-refrigerador-inalambrico-flashtrak-wrm-modelo-22144\/","url":"https:\/\/abaa.mx\/tienda\/monitor-de-refrigerador-inalambrico-flashtrak-wrm-modelo-22144\/","name":"Monitor de refrigerador inal\u00e1mbrico flashtrak (wrm) Modelo 22144 - Abaa tienda online","isPartOf":{"@id":"https:\/\/abaa.mx\/tienda\/#website"},"primaryImageOfPage":{"@id":"https:\/\/abaa.mx\/tienda\/monitor-de-refrigerador-inalambrico-flashtrak-wrm-modelo-22144\/#primaryimage"},"image":{"@id":"https:\/\/abaa.mx\/tienda\/monitor-de-refrigerador-inalambrico-flashtrak-wrm-modelo-22144\/#primaryimage"},"thumbnailUrl":"https:\/\/abaa.mx\/tienda\/wp-content\/uploads\/2023\/09\/22144.jpg","datePublished":"2023-09-18T16:47:54+00:00","dateModified":"2023-09-18T16:47:55+00:00","breadcrumb":{"@id":"https:\/\/abaa.mx\/tienda\/monitor-de-refrigerador-inalambrico-flashtrak-wrm-modelo-22144\/#breadcrumb"},"inLanguage":"es","potentialAction":[{"@type":"ReadAction","target":["https:\/\/abaa.mx\/tienda\/monitor-de-refrigerador-inalambrico-flashtrak-wrm-modelo-22144\/"]}]},{"@type":"ImageObject","inLanguage":"es","@id":"https:\/\/abaa.mx\/tienda\/monitor-de-refrigerador-inalambrico-flashtrak-wrm-modelo-22144\/#primaryimage","url":"https:\/\/abaa.mx\/tienda\/wp-content\/uploads\/2023\/09\/22144.jpg","contentUrl":"https:\/\/abaa.mx\/tienda\/wp-content\/uploads\/2023\/09\/22144.jpg","width":400,"height":400,"caption":"monitor-de-refrigerador-inalambrico-flashtrak-wrm-modelo-22144"},{"@type":"BreadcrumbList","@id":"https:\/\/abaa.mx\/tienda\/monitor-de-refrigerador-inalambrico-flashtrak-wrm-modelo-22144\/#breadcrumb","itemListElement":[{"@type":"ListItem","position":1,"name":"Inicio","item":"https:\/\/abaa.mx\/tienda\/"},{"@type":"ListItem","position":2,"name":"Tienda","item":"https:\/\/abaa.mx\/tienda\/"},{"@type":"ListItem","position":3,"name":"Monitor de refrigerador inal\u00e1mbrico flashtrak (wrm) Modelo 22144"}]},{"@type":"WebSite","@id":"https:\/\/abaa.mx\/tienda\/#website","url":"https:\/\/abaa.mx\/tienda\/","name":"Abaa tienda online","description":"Instrumentos de medici\u00f3n","publisher":{"@id":"https:\/\/abaa.mx\/tienda\/#organization"},"potentialAction":[{"@type":"SearchAction","target":{"@type":"EntryPoint","urlTemplate":"https:\/\/abaa.mx\/tienda\/?s={search_term_string}"},"query-input":{"@type":"PropertyValueSpecification","valueRequired":true,"valueName":"search_term_string"}}],"inLanguage":"es"},{"@type":"Organization","@id":"https:\/\/abaa.mx\/tienda\/#organization","name":"Abaa tienda online","url":"https:\/\/abaa.mx\/tienda\/","logo":{"@type":"ImageObject","inLanguage":"es","@id":"https:\/\/abaa.mx\/tienda\/#\/schema\/logo\/image\/","url":"https:\/\/abaa.mx\/tienda\/wp-content\/uploads\/2024\/01\/abaa-metrologia-tienda.png","contentUrl":"https:\/\/abaa.mx\/tienda\/wp-content\/uploads\/2024\/01\/abaa-metrologia-tienda.png","width":300,"height":141,"caption":"Abaa tienda online"},"image":{"@id":"https:\/\/abaa.mx\/tienda\/#\/schema\/logo\/image\/"}}]}},"_links":{"self":[{"href":"https:\/\/abaa.mx\/tienda\/wp-json\/wp\/v2\/product\/1845","targetHints":{"allow":["GET"]}}],"collection":[{"href":"https:\/\/abaa.mx\/tienda\/wp-json\/wp\/v2\/product"}],"about":[{"href":"https:\/\/abaa.mx\/tienda\/wp-json\/wp\/v2\/types\/product"}],"replies":[{"embeddable":true,"href":"https:\/\/abaa.mx\/tienda\/wp-json\/wp\/v2\/comments?post=1845"}],"wp:featuredmedia":[{"embeddable":true,"href":"https:\/\/abaa.mx\/tienda\/wp-json\/wp\/v2\/media\/1846"}],"wp:attachment":[{"href":"https:\/\/abaa.mx\/tienda\/wp-json\/wp\/v2\/media?parent=1845"}],"wp:term":[{"taxonomy":"product_brand","embeddable":true,"href":"https:\/\/abaa.mx\/tienda\/wp-json\/wp\/v2\/product_brand?post=1845"},{"taxonomy":"product_cat","embeddable":true,"href":"https:\/\/abaa.mx\/tienda\/wp-json\/wp\/v2\/product_cat?post=1845"},{"taxonomy":"product_tag","embeddable":true,"href":"https:\/\/abaa.mx\/tienda\/wp-json\/wp\/v2\/product_tag?post=1845"}],"curies":[{"name":"wp","href":"https:\/\/api.w.org\/{rel}","templated":true}]}}