{"id":1838,"date":"2023-09-18T16:31:13","date_gmt":"2023-09-18T16:31:13","guid":{"rendered":"https:\/\/abaa.mx\/tienda\/?post_type=product&#038;p=1838"},"modified":"2023-09-18T16:31:13","modified_gmt":"2023-09-18T16:31:13","slug":"registrador-de-datos-pdf-de-vacunas-certificado-por-flashlink-ult-con-sensor-de-aluminio-externo-modelo-40571","status":"publish","type":"product","link":"https:\/\/abaa.mx\/tienda\/registrador-de-datos-pdf-de-vacunas-certificado-por-flashlink-ult-con-sensor-de-aluminio-externo-modelo-40571\/","title":{"rendered":"Registrador de datos pdf de vacunas certificado por flashlink ult con sensor de aluminio externo Modelo 40571"},"content":{"rendered":"<h3><strong>\u00a0<\/strong><\/h3>\n<h1>Registrador de datos pdf de vacunas certificado por flashlink\u00a0ult con sensor de aluminio externo<\/h1>\n<h3><strong>Modelo\u00a040571<\/strong><\/h3>\n<div class=\"prod-intro\">\n<ul>\n<li>Monitoree las vacunas a temperaturas ultrabajas de hasta -82 \u00b0 C.<\/li>\n<li>Ideal para unidades de almacenamiento ULT con vacunas y productos biol\u00f3gicos.<\/li>\n<li>Compatible con las pautas de los CDC.<\/li>\n<li>Software compatible con 21 CFR Parte 11.<\/li>\n<li>El sensor con b\u00fafer de aluminio emula productos y evita falsas alarmas.<\/li>\n<li>Genera autom\u00e1ticamente informes PDF, CSV y de registro diario.<\/li>\n<li>Alarmas sonoras y visuales programables.<\/li>\n<li>Indicador de bater\u00eda baja en la pantalla LCD.<\/li>\n<li>Cable de desconexi\u00f3n r\u00e1pida para retirar el registrador al terminar el viaje.<\/li>\n<li>Desplazarse por los datos registrados en la pantalla LCD.<\/li>\n<\/ul>\n<\/div>\n<div class=\"prod-app\"><b>Aplicaciones:<\/b>Hospitales, Laboratorios, Farmacias, Supermercados, L\u00e1cteos, Vitrinas de Conservaci\u00f3n en Fr\u00edo, Frigor\u00edficos y Congeladores.<\/p>\n<h2 class=\"rl_tabs-title nn_tabs-title\">Modelos<\/h2>\n<table>\n<thead>\n<tr>\n<th scope=\"col\">Modelo<\/th>\n<th scope=\"col\"><\/th>\n<\/tr>\n<\/thead>\n<tbody>\n<tr>\n<td>40571<\/td>\n<td>Incluye certificado de cumplimiento del fabricante<\/td>\n<\/tr>\n<tr>\n<td>40571-01<\/td>\n<td>Incluye certificado de calibraci\u00f3n ISO 17025 de 2 a\u00f1osIncludes 2-yr ISO 17025 Calibration Certificate<\/td>\n<\/tr>\n<\/tbody>\n<\/table>\n<h2 class=\"rl_tabs-title nn_tabs-title\"><span>Especificaciones<\/span><\/h2>\n<table>\n<caption><span>Registrador de datos PDF de vacunas certificado por FlashLink ULT con sensor de aluminio externo<\/span><\/caption>\n<thead>\n<tr>\n<th scope=\"col\">Caracter\u00edstica<\/th>\n<th scope=\"col\">Especificaci\u00f3n<\/th>\n<\/tr>\n<\/thead>\n<tfoot>\n<tr>\n<td colspan=\"2\"><\/td>\n<\/tr>\n<\/tfoot>\n<tbody>\n<tr>\n<td>Rango de medici\u00f3n del sensor<\/td>\n<td>-115.6\u00b0F a 113\u00b0F (-82\u00b0C a 45\u00b0C)<\/td>\n<\/tr>\n<tr>\n<td>Rango de funcionamiento del registrador<\/td>\n<td>-4.0\u00b0F a 122\u00b0F (-20\u00b0C a 50\u00b0C)<\/td>\n<\/tr>\n<tr>\n<td>Resoluci\u00f3n de temperatura<\/td>\n<td>0.1\u00b0F\/\u00b0C<\/td>\n<\/tr>\n<tr>\n<td>Precisi\u00f3n dentro del rango de funcionamiento normal<\/td>\n<td>\u00b11.0\u00b0F de -115.6\u00b0F a 113\u00b0F (\u00b10.5\u00b0C de -82\u00b0C a 45\u00b0C)<\/td>\n<\/tr>\n<tr>\n<td>Capacidad de datos<\/td>\n<td>32,496 puntos de registro<\/td>\n<\/tr>\n<tr>\n<td>Tiempo de descarga de datos<\/td>\n<td>5 segundos t\u00edpico para 3823 puntos<\/td>\n<\/tr>\n<tr>\n<td>M\u00faltiples niveles de alarma<\/td>\n<td><span>Niveles altos y bajos y niveles extremadamente altos y bajos se muestran en la pantalla LCD, con alarma audible<\/span><\/td>\n<\/tr>\n<tr>\n<td>Bater\u00eda<\/td>\n<td>Dos bater\u00edas de litio AAA, indicador LCD de % de energ\u00eda restante<\/td>\n<\/tr>\n<tr>\n<td>Dimensiones del registrador (cuerpo)<\/td>\n<td>.575 pulg.x 3.66 pulg.x 0.94 pulg. (40 mm x 93 mm x 24 mm)<\/td>\n<\/tr>\n<tr>\n<td>Vivienda<\/td>\n<td>Pl\u00e1stico ABS<\/td>\n<\/tr>\n<tr>\n<td>Sensor externo<\/td>\n<td>Sensor de aluminio 0,96 pulg. (24,4 mm) de di\u00e1metro x 1,26 pulg. (32 mm) H 9,8 pies (3 m) Cable PTFE con conector Jack est\u00e9reo<\/td>\n<\/tr>\n<tr>\n<td>Peso<\/td>\n<td>2,24 oz (63,5 gramos) (solo registrador)<\/td>\n<\/tr>\n<tr>\n<td>Calibraci\u00f3n<\/td>\n<td>Certificado de calibraci\u00f3n ISO 17025 de 2 a\u00f1os (A2LA), Certificado de calibraci\u00f3n NIST de 1 a\u00f1o y Certificado de cumplimiento del fabricante disponibles<\/td>\n<\/tr>\n<tr>\n<td>Certificaci\u00f3n<\/td>\n<td>Marca CE, trazabilidad NIST, RoHS, WEEE<\/td>\n<\/tr>\n<tr>\n<td>Pantalla<\/td>\n<td>LCD, alarma LED roja<\/td>\n<\/tr>\n<tr>\n<td>Clasificaci\u00f3n de impermeabilidad<\/td>\n<td>IP64 (con tapa de silicona)<\/td>\n<\/tr>\n<tr>\n<td>Condiciones de almacenamiento<\/td>\n<td>-4 \u00b0 F a 122 \u00b0 F (-20 \u00b0 C a 50 \u00b0 C) 0% a 95% RH sin condensaci\u00f3n<\/td>\n<\/tr>\n<tr>\n<td>Vida \u00fatil<\/td>\n<td>2 a\u00f1os (duraci\u00f3n de la bater\u00eda)<\/td>\n<\/tr>\n<tr>\n<td>Requisitos del sistema<\/td>\n<td>PC con Windows con sistema operativo actual, Adobe Reader<\/td>\n<\/tr>\n<tr>\n<td>Programaci\u00f3n<\/td>\n<td>Programable por el usuario con el software FlashLink Program Manager (incluido)<\/td>\n<\/tr>\n<tr>\n<td>Requisitos de descarga<\/td>\n<td>Conexi\u00f3n USB directa a la PC (no se requiere software especial para descargar el registrador).<\/td>\n<\/tr>\n<\/tbody>\n<\/table>\n<\/div>\n","protected":false},"excerpt":{"rendered":"<div class=\"prod-intro\">\n<h3><strong>Caracter\u00edsticas\u00a0<\/strong><\/h3>\n<ul>\n<li>Monitoree las vacunas a temperaturas ultrabajas de hasta -82 \u00b0 C.<\/li>\n<li>Ideal para unidades de almacenamiento ULT con vacunas y productos biol\u00f3gicos.<\/li>\n<li>Compatible con las pautas de los CDC.<\/li>\n<li>Software compatible con 21 CFR Parte 11.<\/li>\n<li>El sensor con b\u00fafer de aluminio emula productos y evita falsas alarmas.<\/li>\n<li>Genera autom\u00e1ticamente informes PDF, CSV y de registro diario.<\/li>\n<li>Alarmas sonoras y visuales programables.<\/li>\n<li>Indicador de bater\u00eda baja en la pantalla LCD.<\/li>\n<li>Cable de desconexi\u00f3n r\u00e1pida para retirar el registrador al terminar el viaje.<\/li>\n<li>Desplazarse por los datos registrados en la pantalla LCD.<\/li>\n<\/ul>\n<\/div>\n","protected":false},"featured_media":1840,"comment_status":"open","ping_status":"closed","template":"","meta":{"_joinchat":[]},"product_brand":[],"product_cat":[15],"product_tag":[],"class_list":{"0":"post-1838","1":"product","2":"type-product","3":"status-publish","4":"has-post-thumbnail","6":"product_cat-sin-categorizar","8":"first","9":"instock","10":"shipping-taxable","11":"product-type-simple"},"yoast_head":"<!-- This site is optimized with the Yoast SEO plugin v26.4 - https:\/\/yoast.com\/wordpress\/plugins\/seo\/ -->\n<title>Registrador de datos pdf de vacunas certificado por flashlink ult con sensor de aluminio externo Modelo 40571 - Abaa tienda online<\/title>\n<meta name=\"robots\" content=\"index, follow, max-snippet:-1, max-image-preview:large, max-video-preview:-1\" \/>\n<link rel=\"canonical\" href=\"https:\/\/abaa.mx\/tienda\/registrador-de-datos-pdf-de-vacunas-certificado-por-flashlink-ult-con-sensor-de-aluminio-externo-modelo-40571\/\" \/>\n<meta property=\"og:locale\" content=\"es_MX\" \/>\n<meta property=\"og:type\" content=\"article\" \/>\n<meta property=\"og:title\" content=\"Registrador de datos pdf de vacunas certificado por flashlink ult con sensor de aluminio externo Modelo 40571 - Abaa tienda online\" \/>\n<meta property=\"og:description\" content=\"Caracter\u00edsticas\u00a0   Monitoree las vacunas a temperaturas ultrabajas de hasta -82 \u00b0 C.  Ideal para unidades de almacenamiento ULT con vacunas y productos biol\u00f3gicos.  Compatible con las pautas de los CDC.  Software compatible con 21 CFR Parte 11.  El sensor con b\u00fafer de aluminio emula productos y evita falsas alarmas.  Genera autom\u00e1ticamente informes PDF, CSV y de registro diario.  Alarmas sonoras y visuales programables.  Indicador de bater\u00eda baja en la pantalla LCD.  Cable de desconexi\u00f3n r\u00e1pida para retirar el registrador al terminar el viaje.  Desplazarse por los datos registrados en la pantalla LCD.\" \/>\n<meta property=\"og:url\" content=\"https:\/\/abaa.mx\/tienda\/registrador-de-datos-pdf-de-vacunas-certificado-por-flashlink-ult-con-sensor-de-aluminio-externo-modelo-40571\/\" \/>\n<meta property=\"og:site_name\" content=\"Abaa tienda online\" \/>\n<meta property=\"og:image\" content=\"https:\/\/abaa.mx\/tienda\/wp-content\/uploads\/2023\/09\/40571.jpg\" \/>\n\t<meta property=\"og:image:width\" content=\"1000\" \/>\n\t<meta property=\"og:image:height\" content=\"580\" \/>\n\t<meta property=\"og:image:type\" content=\"image\/jpeg\" \/>\n<meta name=\"twitter:card\" content=\"summary_large_image\" \/>\n<meta name=\"twitter:label1\" content=\"Tiempo de lectura\" \/>\n\t<meta name=\"twitter:data1\" content=\"2 minutos\" \/>\n<script type=\"application\/ld+json\" class=\"yoast-schema-graph\">{\"@context\":\"https:\/\/schema.org\",\"@graph\":[{\"@type\":\"WebPage\",\"@id\":\"https:\/\/abaa.mx\/tienda\/registrador-de-datos-pdf-de-vacunas-certificado-por-flashlink-ult-con-sensor-de-aluminio-externo-modelo-40571\/\",\"url\":\"https:\/\/abaa.mx\/tienda\/registrador-de-datos-pdf-de-vacunas-certificado-por-flashlink-ult-con-sensor-de-aluminio-externo-modelo-40571\/\",\"name\":\"Registrador de datos pdf de vacunas certificado por flashlink ult con sensor de aluminio externo Modelo 40571 - Abaa tienda online\",\"isPartOf\":{\"@id\":\"https:\/\/abaa.mx\/tienda\/#website\"},\"primaryImageOfPage\":{\"@id\":\"https:\/\/abaa.mx\/tienda\/registrador-de-datos-pdf-de-vacunas-certificado-por-flashlink-ult-con-sensor-de-aluminio-externo-modelo-40571\/#primaryimage\"},\"image\":{\"@id\":\"https:\/\/abaa.mx\/tienda\/registrador-de-datos-pdf-de-vacunas-certificado-por-flashlink-ult-con-sensor-de-aluminio-externo-modelo-40571\/#primaryimage\"},\"thumbnailUrl\":\"https:\/\/abaa.mx\/tienda\/wp-content\/uploads\/2023\/09\/40571.jpg\",\"datePublished\":\"2023-09-18T16:31:13+00:00\",\"breadcrumb\":{\"@id\":\"https:\/\/abaa.mx\/tienda\/registrador-de-datos-pdf-de-vacunas-certificado-por-flashlink-ult-con-sensor-de-aluminio-externo-modelo-40571\/#breadcrumb\"},\"inLanguage\":\"es\",\"potentialAction\":[{\"@type\":\"ReadAction\",\"target\":[\"https:\/\/abaa.mx\/tienda\/registrador-de-datos-pdf-de-vacunas-certificado-por-flashlink-ult-con-sensor-de-aluminio-externo-modelo-40571\/\"]}]},{\"@type\":\"ImageObject\",\"inLanguage\":\"es\",\"@id\":\"https:\/\/abaa.mx\/tienda\/registrador-de-datos-pdf-de-vacunas-certificado-por-flashlink-ult-con-sensor-de-aluminio-externo-modelo-40571\/#primaryimage\",\"url\":\"https:\/\/abaa.mx\/tienda\/wp-content\/uploads\/2023\/09\/40571.jpg\",\"contentUrl\":\"https:\/\/abaa.mx\/tienda\/wp-content\/uploads\/2023\/09\/40571.jpg\",\"width\":1000,\"height\":580,\"caption\":\"registrador-de-datos-pdf-de-vacunas-certificado-por-flashlink-ult-con-sensor-de-aluminio-externo-modelo-40571\"},{\"@type\":\"BreadcrumbList\",\"@id\":\"https:\/\/abaa.mx\/tienda\/registrador-de-datos-pdf-de-vacunas-certificado-por-flashlink-ult-con-sensor-de-aluminio-externo-modelo-40571\/#breadcrumb\",\"itemListElement\":[{\"@type\":\"ListItem\",\"position\":1,\"name\":\"Inicio\",\"item\":\"https:\/\/abaa.mx\/tienda\/\"},{\"@type\":\"ListItem\",\"position\":2,\"name\":\"Tienda\",\"item\":\"https:\/\/abaa.mx\/tienda\/\"},{\"@type\":\"ListItem\",\"position\":3,\"name\":\"Registrador de datos pdf de vacunas certificado por flashlink ult con sensor de aluminio externo Modelo 40571\"}]},{\"@type\":\"WebSite\",\"@id\":\"https:\/\/abaa.mx\/tienda\/#website\",\"url\":\"https:\/\/abaa.mx\/tienda\/\",\"name\":\"Abaa tienda online\",\"description\":\"Instrumentos de medici\u00f3n\",\"publisher\":{\"@id\":\"https:\/\/abaa.mx\/tienda\/#organization\"},\"potentialAction\":[{\"@type\":\"SearchAction\",\"target\":{\"@type\":\"EntryPoint\",\"urlTemplate\":\"https:\/\/abaa.mx\/tienda\/?s={search_term_string}\"},\"query-input\":{\"@type\":\"PropertyValueSpecification\",\"valueRequired\":true,\"valueName\":\"search_term_string\"}}],\"inLanguage\":\"es\"},{\"@type\":\"Organization\",\"@id\":\"https:\/\/abaa.mx\/tienda\/#organization\",\"name\":\"Abaa tienda online\",\"url\":\"https:\/\/abaa.mx\/tienda\/\",\"logo\":{\"@type\":\"ImageObject\",\"inLanguage\":\"es\",\"@id\":\"https:\/\/abaa.mx\/tienda\/#\/schema\/logo\/image\/\",\"url\":\"https:\/\/abaa.mx\/tienda\/wp-content\/uploads\/2024\/01\/abaa-metrologia-tienda.png\",\"contentUrl\":\"https:\/\/abaa.mx\/tienda\/wp-content\/uploads\/2024\/01\/abaa-metrologia-tienda.png\",\"width\":300,\"height\":141,\"caption\":\"Abaa tienda online\"},\"image\":{\"@id\":\"https:\/\/abaa.mx\/tienda\/#\/schema\/logo\/image\/\"}}]}<\/script>\n<!-- \/ Yoast SEO plugin. -->","yoast_head_json":{"title":"Registrador de datos pdf de vacunas certificado por flashlink ult con sensor de aluminio externo Modelo 40571 - Abaa tienda online","robots":{"index":"index","follow":"follow","max-snippet":"max-snippet:-1","max-image-preview":"max-image-preview:large","max-video-preview":"max-video-preview:-1"},"canonical":"https:\/\/abaa.mx\/tienda\/registrador-de-datos-pdf-de-vacunas-certificado-por-flashlink-ult-con-sensor-de-aluminio-externo-modelo-40571\/","og_locale":"es_MX","og_type":"article","og_title":"Registrador de datos pdf de vacunas certificado por flashlink ult con sensor de aluminio externo Modelo 40571 - Abaa tienda online","og_description":"Caracter\u00edsticas\u00a0   Monitoree las vacunas a temperaturas ultrabajas de hasta -82 \u00b0 C.  Ideal para unidades de almacenamiento ULT con vacunas y productos biol\u00f3gicos.  Compatible con las pautas de los CDC.  Software compatible con 21 CFR Parte 11.  El sensor con b\u00fafer de aluminio emula productos y evita falsas alarmas.  Genera autom\u00e1ticamente informes PDF, CSV y de registro diario.  Alarmas sonoras y visuales programables.  Indicador de bater\u00eda baja en la pantalla LCD.  Cable de desconexi\u00f3n r\u00e1pida para retirar el registrador al terminar el viaje.  Desplazarse por los datos registrados en la pantalla LCD.","og_url":"https:\/\/abaa.mx\/tienda\/registrador-de-datos-pdf-de-vacunas-certificado-por-flashlink-ult-con-sensor-de-aluminio-externo-modelo-40571\/","og_site_name":"Abaa tienda online","og_image":[{"width":1000,"height":580,"url":"https:\/\/abaa.mx\/tienda\/wp-content\/uploads\/2023\/09\/40571.jpg","type":"image\/jpeg"}],"twitter_card":"summary_large_image","twitter_misc":{"Tiempo de lectura":"2 minutos"},"schema":{"@context":"https:\/\/schema.org","@graph":[{"@type":"WebPage","@id":"https:\/\/abaa.mx\/tienda\/registrador-de-datos-pdf-de-vacunas-certificado-por-flashlink-ult-con-sensor-de-aluminio-externo-modelo-40571\/","url":"https:\/\/abaa.mx\/tienda\/registrador-de-datos-pdf-de-vacunas-certificado-por-flashlink-ult-con-sensor-de-aluminio-externo-modelo-40571\/","name":"Registrador de datos pdf de vacunas certificado por flashlink ult con sensor de aluminio externo Modelo 40571 - Abaa tienda online","isPartOf":{"@id":"https:\/\/abaa.mx\/tienda\/#website"},"primaryImageOfPage":{"@id":"https:\/\/abaa.mx\/tienda\/registrador-de-datos-pdf-de-vacunas-certificado-por-flashlink-ult-con-sensor-de-aluminio-externo-modelo-40571\/#primaryimage"},"image":{"@id":"https:\/\/abaa.mx\/tienda\/registrador-de-datos-pdf-de-vacunas-certificado-por-flashlink-ult-con-sensor-de-aluminio-externo-modelo-40571\/#primaryimage"},"thumbnailUrl":"https:\/\/abaa.mx\/tienda\/wp-content\/uploads\/2023\/09\/40571.jpg","datePublished":"2023-09-18T16:31:13+00:00","breadcrumb":{"@id":"https:\/\/abaa.mx\/tienda\/registrador-de-datos-pdf-de-vacunas-certificado-por-flashlink-ult-con-sensor-de-aluminio-externo-modelo-40571\/#breadcrumb"},"inLanguage":"es","potentialAction":[{"@type":"ReadAction","target":["https:\/\/abaa.mx\/tienda\/registrador-de-datos-pdf-de-vacunas-certificado-por-flashlink-ult-con-sensor-de-aluminio-externo-modelo-40571\/"]}]},{"@type":"ImageObject","inLanguage":"es","@id":"https:\/\/abaa.mx\/tienda\/registrador-de-datos-pdf-de-vacunas-certificado-por-flashlink-ult-con-sensor-de-aluminio-externo-modelo-40571\/#primaryimage","url":"https:\/\/abaa.mx\/tienda\/wp-content\/uploads\/2023\/09\/40571.jpg","contentUrl":"https:\/\/abaa.mx\/tienda\/wp-content\/uploads\/2023\/09\/40571.jpg","width":1000,"height":580,"caption":"registrador-de-datos-pdf-de-vacunas-certificado-por-flashlink-ult-con-sensor-de-aluminio-externo-modelo-40571"},{"@type":"BreadcrumbList","@id":"https:\/\/abaa.mx\/tienda\/registrador-de-datos-pdf-de-vacunas-certificado-por-flashlink-ult-con-sensor-de-aluminio-externo-modelo-40571\/#breadcrumb","itemListElement":[{"@type":"ListItem","position":1,"name":"Inicio","item":"https:\/\/abaa.mx\/tienda\/"},{"@type":"ListItem","position":2,"name":"Tienda","item":"https:\/\/abaa.mx\/tienda\/"},{"@type":"ListItem","position":3,"name":"Registrador de datos pdf de vacunas certificado por flashlink ult con sensor de aluminio externo Modelo 40571"}]},{"@type":"WebSite","@id":"https:\/\/abaa.mx\/tienda\/#website","url":"https:\/\/abaa.mx\/tienda\/","name":"Abaa tienda online","description":"Instrumentos de medici\u00f3n","publisher":{"@id":"https:\/\/abaa.mx\/tienda\/#organization"},"potentialAction":[{"@type":"SearchAction","target":{"@type":"EntryPoint","urlTemplate":"https:\/\/abaa.mx\/tienda\/?s={search_term_string}"},"query-input":{"@type":"PropertyValueSpecification","valueRequired":true,"valueName":"search_term_string"}}],"inLanguage":"es"},{"@type":"Organization","@id":"https:\/\/abaa.mx\/tienda\/#organization","name":"Abaa tienda online","url":"https:\/\/abaa.mx\/tienda\/","logo":{"@type":"ImageObject","inLanguage":"es","@id":"https:\/\/abaa.mx\/tienda\/#\/schema\/logo\/image\/","url":"https:\/\/abaa.mx\/tienda\/wp-content\/uploads\/2024\/01\/abaa-metrologia-tienda.png","contentUrl":"https:\/\/abaa.mx\/tienda\/wp-content\/uploads\/2024\/01\/abaa-metrologia-tienda.png","width":300,"height":141,"caption":"Abaa tienda online"},"image":{"@id":"https:\/\/abaa.mx\/tienda\/#\/schema\/logo\/image\/"}}]}},"_links":{"self":[{"href":"https:\/\/abaa.mx\/tienda\/wp-json\/wp\/v2\/product\/1838","targetHints":{"allow":["GET"]}}],"collection":[{"href":"https:\/\/abaa.mx\/tienda\/wp-json\/wp\/v2\/product"}],"about":[{"href":"https:\/\/abaa.mx\/tienda\/wp-json\/wp\/v2\/types\/product"}],"replies":[{"embeddable":true,"href":"https:\/\/abaa.mx\/tienda\/wp-json\/wp\/v2\/comments?post=1838"}],"wp:featuredmedia":[{"embeddable":true,"href":"https:\/\/abaa.mx\/tienda\/wp-json\/wp\/v2\/media\/1840"}],"wp:attachment":[{"href":"https:\/\/abaa.mx\/tienda\/wp-json\/wp\/v2\/media?parent=1838"}],"wp:term":[{"taxonomy":"product_brand","embeddable":true,"href":"https:\/\/abaa.mx\/tienda\/wp-json\/wp\/v2\/product_brand?post=1838"},{"taxonomy":"product_cat","embeddable":true,"href":"https:\/\/abaa.mx\/tienda\/wp-json\/wp\/v2\/product_cat?post=1838"},{"taxonomy":"product_tag","embeddable":true,"href":"https:\/\/abaa.mx\/tienda\/wp-json\/wp\/v2\/product_tag?post=1838"}],"curies":[{"name":"wp","href":"https:\/\/api.w.org\/{rel}","templated":true}]}}