{"id":1837,"date":"2023-09-18T16:58:59","date_gmt":"2023-09-18T16:58:59","guid":{"rendered":"https:\/\/abaa.mx\/tienda\/?post_type=product&#038;p=1837"},"modified":"2023-09-18T16:59:01","modified_gmt":"2023-09-18T16:59:01","slug":"testo-410-2-anemometro-de-molinete","status":"publish","type":"product","link":"https:\/\/abaa.mx\/tienda\/testo-410-2-anemometro-de-molinete\/","title":{"rendered":"testo 410-2 &#8211; anem\u00f3metro de molinete"},"content":{"rendered":"<p>Con su pr\u00e1ctico formato nuestro anem\u00f3metro de molinete testo 410-2 resulta sumamente pr\u00e1ctico para las mediciones de control r\u00e1pidas en rejillas y en exteriores. Con el molinete montado permanentemente (di\u00e1metro de 30 mm), puede medir bajas velocidades de aire a partir de 0.4 m\/s hasta 20 m\/s.<br \/>\nPara comprobar las condiciones ambiente el anem\u00f3metro est\u00e1 equipado con nuestro sensor de humedad testo de gran estabilidad a largo plazo y con un sensor de temperatura NTC con rango de medici\u00f3n de -10 &#8230; +50 \u00b0C que le permitir\u00e1 medir de forma fiable la temperatura y humedad ambiente. Pulsando un bot\u00f3n el testo 410-2 muestra otros par\u00e1metros: el punto de roc\u00edo y la temperatura de bulbo h\u00famedo, la intensidad del viento en la escala de Beaufort y la sensaci\u00f3n t\u00e9rmica. que es la temperatura percibida por las personas como resultado de la combinaci\u00f3n de temperatura y viento.<\/p>\n<div class=\"m-list\">\n<ul class=\"list-elements\">\n<li>Molinete montado permanentemente con un di\u00e1metro de 30 mm<\/li>\n<li>Medici\u00f3n de la velocidad del aire, la temperatura y humedad ambiente<\/li>\n<li>C\u00e1lculo de la temperatura de bulbo h\u00famedo, del punto de roc\u00edo, de la sensaci\u00f3n t\u00e9rmica o de la intensidad del viento en la escala de Beaufort<\/li>\n<li>Con promediado temporal incluido, funci\u00f3n M\u00edn.\/M\u00e1x. y Hold<\/li>\n<\/ul>\n<\/div>\n<p class=\"text\">Ideal para las mediciones r\u00e1pidas en rejillas (salida de aire) y para la supervisi\u00f3n de las condiciones ambiente &#8211; tambi\u00e9n en el exterior: con el anem\u00f3metro de molinete testo 410-2 medir\u00e1 adem\u00e1s la velocidad del aire, la temperatura y la humedad ambiente. Sea la temperatura de bulbo h\u00famedo, el punto de roc\u00edo, la sensaci\u00f3n t\u00e9rmica o la intensidad del viento en la escala de Beaufort: el anem\u00f3metro pone el c\u00e1lculo de estos par\u00e1metros a su alcance tan solo pulsando un bot\u00f3n.<\/p>\n<article class=\"child-1 paragraph\">\n<h3>El anem\u00f3metro ofrece accesorios pr\u00e1cticos y funciones \u00fatiles<\/h3>\n<p>Nuestro anem\u00f3metro est\u00e1 equipado con una tapa de protecci\u00f3n desmontable. Proporciona una protecci\u00f3n segura cuando no se usa el testo 410-2. Si durante la medici\u00f3n utiliza la correa de mu\u00f1eca que lleva incorporada proteger\u00e1 al anem\u00f3metro de molinete de posibles ca\u00eddas.<br \/>\nConv\u00e9nzase de las \u00fatiles funciones del anem\u00f3metro:<\/p>\n<ul>\n<li><strong>Promediado temporal:<\/strong>\u00a0c\u00e1lculo de la velocidad media del aire, por ejemplo en las rejillas (salida de aire)<\/li>\n<li><strong>Funci\u00f3n Hold:<\/strong>\u00a0permite retener los valores de medici\u00f3n actuales de la velocidad del aire y la humedad y temperatura ambiente para compararlos con otros<\/li>\n<li><strong>Valores M\u00edn.\/M\u00e1x.:<\/strong>\u00a0muestra los valores m\u00ednimo y m\u00e1ximo desde el \u00faltimo encendido o reseteo del anem\u00f3metro de molinete<\/li>\n<li><strong>Pantalla con retroiluminaci\u00f3n:<\/strong>\u00a0incluso en condiciones de poca visibilidad, puede ver leer los valores de medici\u00f3n de forma r\u00e1pida y sencilla<\/li>\n<li><strong>Unidades seleccionables:<\/strong>\u00a0velocidad del aire: m\/s, km\/h, fpm, mph, kts y escala de Beaufort; temperatura ambiente: \u00b0C, \u00b0F y sensaci\u00f3n t\u00e9rmica; humedad ambiente: humedad relativa, temperatura de bulbo h\u00famedo y temperatura de punto de roc\u00edo<\/li>\n<\/ul>\n<\/article>\n<h3>Volumen de suministro<\/h3>\n<article class=\"child-2 paragraph\">Anem\u00f3metro de molinete testo 410-2 para la medici\u00f3n de la velocidad del aire, la humedad y la temperatura ambiente, tapa de protecci\u00f3n, correa de mu\u00f1eca, protocolo de calibraci\u00f3n y pilas.<\/p>\n<h2>Datos t\u00e9cnicos<\/h2>\n<table>\n<colgroup>\n<col class=\"colWidth25\" \/>\n<col \/><\/colgroup>\n<thead>\n<tr>\n<th colspan=\"2\">Datos t\u00e9cnicos generales<\/th>\n<\/tr>\n<\/thead>\n<tbody>\n<tr>\n<td class=\"table-bold\">Peso<\/td>\n<td>110 g (con la tapa de protecci\u00f3n y las pilas)<\/td>\n<\/tr>\n<tr>\n<td class=\"table-bold\">Medidas<\/td>\n<td>133 X 46 X 25 mm (incl. tapa de protecci\u00f3n)<\/td>\n<\/tr>\n<tr>\n<td class=\"table-bold\">Temperatura de funcionamiento<\/td>\n<td>-10 hasta +50 \u00baC<\/td>\n<\/tr>\n<tr>\n<td class=\"table-bold\">Clase de protecci\u00f3n<\/td>\n<td>IP10<\/td>\n<\/tr>\n<tr>\n<td class=\"table-bold\">Tipo de bater\u00eda<\/td>\n<td>2 pilas AAA<\/td>\n<\/tr>\n<tr>\n<td class=\"table-bold\">Autonom\u00eda<\/td>\n<td>60 h (promedio, sin iluminaci\u00f3n en el visualizador)<\/td>\n<\/tr>\n<tr>\n<td class=\"table-bold\">Temperatura de almacenamiento<\/td>\n<td>-20 hasta +70 \u00baC<\/td>\n<\/tr>\n<\/tbody>\n<\/table>\n<table>\n<colgroup>\n<col class=\"colWidth25\" \/>\n<col \/><\/colgroup>\n<thead>\n<tr>\n<th colspan=\"2\">NTC<\/th>\n<\/tr>\n<\/thead>\n<tbody>\n<tr>\n<td class=\"table-bold\">Rango<\/td>\n<td>-10 hasta +50 \u00baC<\/td>\n<\/tr>\n<tr>\n<td class=\"table-bold\">Exactitud<\/td>\n<td>\u00b10,5 \u00baC<\/td>\n<\/tr>\n<tr>\n<td class=\"table-bold\">Resoluci\u00f3n<\/td>\n<td>0,1 \u00baC<\/td>\n<\/tr>\n<tr>\n<td class=\"table-bold\">C\u00edclo de medici\u00f3n<\/td>\n<td>0,5 s<\/td>\n<\/tr>\n<\/tbody>\n<\/table>\n<table>\n<colgroup>\n<col class=\"colWidth25\" \/>\n<col \/><\/colgroup>\n<thead>\n<tr>\n<th colspan=\"2\">Humedad &#8211; capacitivo<\/th>\n<\/tr>\n<\/thead>\n<tbody>\n<tr>\n<td class=\"table-bold\">Rango<\/td>\n<td>0 hasta 100 %HR<\/td>\n<\/tr>\n<tr>\n<td class=\"table-bold\">Exactitud<\/td>\n<td>\u00b12,5 %HR (5 hasta 95 %HR)<\/td>\n<\/tr>\n<tr>\n<td class=\"table-bold\">Resoluci\u00f3n<\/td>\n<td>0,1 %HR<\/td>\n<\/tr>\n<\/tbody>\n<\/table>\n<p class=\"footnote\">Observe la informaci\u00f3n adicional sobre la exactitud de la humedad en el manual de instrucciones.<\/p>\n<table>\n<colgroup>\n<col class=\"colWidth25\" \/>\n<col \/><\/colgroup>\n<thead>\n<tr>\n<th colspan=\"2\">Anem\u00f3metro de molinete<\/th>\n<\/tr>\n<\/thead>\n<tbody>\n<tr>\n<td class=\"table-bold\">Rango<\/td>\n<td>0,4 hasta 20 m\/s<\/td>\n<\/tr>\n<tr>\n<td class=\"table-bold\">Exactitud<\/td>\n<td>\u00b1(0,2 m\/s + 2 % del v.m.)<\/td>\n<\/tr>\n<tr>\n<td class=\"table-bold\">Resoluci\u00f3n<\/td>\n<td>0,1 m\/s<\/td>\n<\/tr>\n<\/tbody>\n<\/table>\n<\/article>\n","protected":false},"excerpt":{"rendered":"<p>Con su pr\u00e1ctico formato nuestro anem\u00f3metro de molinete testo 410-2 resulta sumamente pr\u00e1ctico para las mediciones de control r\u00e1pidas en rejillas y en exteriores. Con el molinete montado permanentemente (di\u00e1metro de 30 mm), puede medir bajas velocidades de aire a partir de 0.4 m\/s hasta 20 m\/s.<br \/>\nPara comprobar las condiciones ambiente el anem\u00f3metro est\u00e1 equipado con nuestro sensor de humedad testo de gran estabilidad a largo plazo y con un sensor de temperatura NTC con rango de medici\u00f3n de -10 &#8230; +50 \u00b0C que le permitir\u00e1 medir de forma fiable la temperatura y humedad ambiente. Pulsando un bot\u00f3n el testo 410-2 muestra otros par\u00e1metros: el punto de roc\u00edo y la temperatura de bulbo h\u00famedo, la intensidad del viento en la escala de Beaufort y la sensaci\u00f3n t\u00e9rmica. que es la temperatura percibida por las personas como resultado de la combinaci\u00f3n de temperatura y viento.<\/p>\n","protected":false},"featured_media":1847,"comment_status":"open","ping_status":"closed","template":"","meta":{"_joinchat":[]},"product_brand":[],"product_cat":[15],"product_tag":[],"class_list":{"0":"post-1837","1":"product","2":"type-product","3":"status-publish","4":"has-post-thumbnail","6":"product_cat-sin-categorizar","8":"first","9":"instock","10":"shipping-taxable","11":"product-type-simple"},"yoast_head":"<!-- This site is optimized with the Yoast SEO plugin v26.4 - https:\/\/yoast.com\/wordpress\/plugins\/seo\/ -->\n<title>testo 410-2 - anem\u00f3metro de molinete - Abaa tienda online<\/title>\n<meta name=\"robots\" content=\"index, follow, max-snippet:-1, max-image-preview:large, max-video-preview:-1\" \/>\n<link rel=\"canonical\" href=\"https:\/\/abaa.mx\/tienda\/testo-410-2-anemometro-de-molinete\/\" \/>\n<meta property=\"og:locale\" content=\"es_MX\" \/>\n<meta property=\"og:type\" content=\"article\" \/>\n<meta property=\"og:title\" content=\"testo 410-2 - anem\u00f3metro de molinete - Abaa tienda online\" \/>\n<meta property=\"og:description\" content=\"Con su pr\u00e1ctico formato nuestro anem\u00f3metro de molinete testo 410-2 resulta sumamente pr\u00e1ctico para las mediciones de control r\u00e1pidas en rejillas y en exteriores. Con el molinete montado permanentemente (di\u00e1metro de 30 mm), puede medir bajas velocidades de aire a partir de 0.4 m\/s hasta 20 m\/s. Para comprobar las condiciones ambiente el anem\u00f3metro est\u00e1 equipado con nuestro sensor de humedad testo de gran estabilidad a largo plazo y con un sensor de temperatura NTC con rango de medici\u00f3n de -10 ... +50 \u00b0C que le permitir\u00e1 medir de forma fiable la temperatura y humedad ambiente. Pulsando un bot\u00f3n el testo 410-2 muestra otros par\u00e1metros: el punto de roc\u00edo y la temperatura de bulbo h\u00famedo, la intensidad del viento en la escala de Beaufort y la sensaci\u00f3n t\u00e9rmica. que es la temperatura percibida por las personas como resultado de la combinaci\u00f3n de temperatura y viento.\" \/>\n<meta property=\"og:url\" content=\"https:\/\/abaa.mx\/tienda\/testo-410-2-anemometro-de-molinete\/\" \/>\n<meta property=\"og:site_name\" content=\"Abaa tienda online\" \/>\n<meta property=\"article:modified_time\" content=\"2023-09-18T16:59:01+00:00\" \/>\n<meta property=\"og:image\" content=\"https:\/\/abaa.mx\/tienda\/wp-content\/uploads\/2023\/09\/testo-410-2.jpg\" \/>\n\t<meta property=\"og:image:width\" content=\"243\" \/>\n\t<meta property=\"og:image:height\" content=\"620\" \/>\n\t<meta property=\"og:image:type\" content=\"image\/jpeg\" \/>\n<meta name=\"twitter:card\" content=\"summary_large_image\" \/>\n<meta name=\"twitter:label1\" content=\"Tiempo de lectura\" \/>\n\t<meta name=\"twitter:data1\" content=\"3 minutos\" \/>\n<script type=\"application\/ld+json\" class=\"yoast-schema-graph\">{\"@context\":\"https:\/\/schema.org\",\"@graph\":[{\"@type\":\"WebPage\",\"@id\":\"https:\/\/abaa.mx\/tienda\/testo-410-2-anemometro-de-molinete\/\",\"url\":\"https:\/\/abaa.mx\/tienda\/testo-410-2-anemometro-de-molinete\/\",\"name\":\"testo 410-2 - anem\u00f3metro de molinete - Abaa tienda online\",\"isPartOf\":{\"@id\":\"https:\/\/abaa.mx\/tienda\/#website\"},\"primaryImageOfPage\":{\"@id\":\"https:\/\/abaa.mx\/tienda\/testo-410-2-anemometro-de-molinete\/#primaryimage\"},\"image\":{\"@id\":\"https:\/\/abaa.mx\/tienda\/testo-410-2-anemometro-de-molinete\/#primaryimage\"},\"thumbnailUrl\":\"https:\/\/abaa.mx\/tienda\/wp-content\/uploads\/2023\/09\/testo-410-2.jpg\",\"datePublished\":\"2023-09-18T16:58:59+00:00\",\"dateModified\":\"2023-09-18T16:59:01+00:00\",\"breadcrumb\":{\"@id\":\"https:\/\/abaa.mx\/tienda\/testo-410-2-anemometro-de-molinete\/#breadcrumb\"},\"inLanguage\":\"es\",\"potentialAction\":[{\"@type\":\"ReadAction\",\"target\":[\"https:\/\/abaa.mx\/tienda\/testo-410-2-anemometro-de-molinete\/\"]}]},{\"@type\":\"ImageObject\",\"inLanguage\":\"es\",\"@id\":\"https:\/\/abaa.mx\/tienda\/testo-410-2-anemometro-de-molinete\/#primaryimage\",\"url\":\"https:\/\/abaa.mx\/tienda\/wp-content\/uploads\/2023\/09\/testo-410-2.jpg\",\"contentUrl\":\"https:\/\/abaa.mx\/tienda\/wp-content\/uploads\/2023\/09\/testo-410-2.jpg\",\"width\":243,\"height\":620,\"caption\":\"testo 410-2\"},{\"@type\":\"BreadcrumbList\",\"@id\":\"https:\/\/abaa.mx\/tienda\/testo-410-2-anemometro-de-molinete\/#breadcrumb\",\"itemListElement\":[{\"@type\":\"ListItem\",\"position\":1,\"name\":\"Inicio\",\"item\":\"https:\/\/abaa.mx\/tienda\/\"},{\"@type\":\"ListItem\",\"position\":2,\"name\":\"Tienda\",\"item\":\"https:\/\/abaa.mx\/tienda\/\"},{\"@type\":\"ListItem\",\"position\":3,\"name\":\"testo 410-2 &#8211; anem\u00f3metro de molinete\"}]},{\"@type\":\"WebSite\",\"@id\":\"https:\/\/abaa.mx\/tienda\/#website\",\"url\":\"https:\/\/abaa.mx\/tienda\/\",\"name\":\"Abaa tienda online\",\"description\":\"Instrumentos de medici\u00f3n\",\"publisher\":{\"@id\":\"https:\/\/abaa.mx\/tienda\/#organization\"},\"potentialAction\":[{\"@type\":\"SearchAction\",\"target\":{\"@type\":\"EntryPoint\",\"urlTemplate\":\"https:\/\/abaa.mx\/tienda\/?s={search_term_string}\"},\"query-input\":{\"@type\":\"PropertyValueSpecification\",\"valueRequired\":true,\"valueName\":\"search_term_string\"}}],\"inLanguage\":\"es\"},{\"@type\":\"Organization\",\"@id\":\"https:\/\/abaa.mx\/tienda\/#organization\",\"name\":\"Abaa tienda online\",\"url\":\"https:\/\/abaa.mx\/tienda\/\",\"logo\":{\"@type\":\"ImageObject\",\"inLanguage\":\"es\",\"@id\":\"https:\/\/abaa.mx\/tienda\/#\/schema\/logo\/image\/\",\"url\":\"https:\/\/abaa.mx\/tienda\/wp-content\/uploads\/2024\/01\/abaa-metrologia-tienda.png\",\"contentUrl\":\"https:\/\/abaa.mx\/tienda\/wp-content\/uploads\/2024\/01\/abaa-metrologia-tienda.png\",\"width\":300,\"height\":141,\"caption\":\"Abaa tienda online\"},\"image\":{\"@id\":\"https:\/\/abaa.mx\/tienda\/#\/schema\/logo\/image\/\"}}]}<\/script>\n<!-- \/ Yoast SEO plugin. -->","yoast_head_json":{"title":"testo 410-2 - anem\u00f3metro de molinete - Abaa tienda online","robots":{"index":"index","follow":"follow","max-snippet":"max-snippet:-1","max-image-preview":"max-image-preview:large","max-video-preview":"max-video-preview:-1"},"canonical":"https:\/\/abaa.mx\/tienda\/testo-410-2-anemometro-de-molinete\/","og_locale":"es_MX","og_type":"article","og_title":"testo 410-2 - anem\u00f3metro de molinete - Abaa tienda online","og_description":"Con su pr\u00e1ctico formato nuestro anem\u00f3metro de molinete testo 410-2 resulta sumamente pr\u00e1ctico para las mediciones de control r\u00e1pidas en rejillas y en exteriores. Con el molinete montado permanentemente (di\u00e1metro de 30 mm), puede medir bajas velocidades de aire a partir de 0.4 m\/s hasta 20 m\/s. Para comprobar las condiciones ambiente el anem\u00f3metro est\u00e1 equipado con nuestro sensor de humedad testo de gran estabilidad a largo plazo y con un sensor de temperatura NTC con rango de medici\u00f3n de -10 ... +50 \u00b0C que le permitir\u00e1 medir de forma fiable la temperatura y humedad ambiente. Pulsando un bot\u00f3n el testo 410-2 muestra otros par\u00e1metros: el punto de roc\u00edo y la temperatura de bulbo h\u00famedo, la intensidad del viento en la escala de Beaufort y la sensaci\u00f3n t\u00e9rmica. que es la temperatura percibida por las personas como resultado de la combinaci\u00f3n de temperatura y viento.","og_url":"https:\/\/abaa.mx\/tienda\/testo-410-2-anemometro-de-molinete\/","og_site_name":"Abaa tienda online","article_modified_time":"2023-09-18T16:59:01+00:00","og_image":[{"width":243,"height":620,"url":"https:\/\/abaa.mx\/tienda\/wp-content\/uploads\/2023\/09\/testo-410-2.jpg","type":"image\/jpeg"}],"twitter_card":"summary_large_image","twitter_misc":{"Tiempo de lectura":"3 minutos"},"schema":{"@context":"https:\/\/schema.org","@graph":[{"@type":"WebPage","@id":"https:\/\/abaa.mx\/tienda\/testo-410-2-anemometro-de-molinete\/","url":"https:\/\/abaa.mx\/tienda\/testo-410-2-anemometro-de-molinete\/","name":"testo 410-2 - anem\u00f3metro de molinete - Abaa tienda online","isPartOf":{"@id":"https:\/\/abaa.mx\/tienda\/#website"},"primaryImageOfPage":{"@id":"https:\/\/abaa.mx\/tienda\/testo-410-2-anemometro-de-molinete\/#primaryimage"},"image":{"@id":"https:\/\/abaa.mx\/tienda\/testo-410-2-anemometro-de-molinete\/#primaryimage"},"thumbnailUrl":"https:\/\/abaa.mx\/tienda\/wp-content\/uploads\/2023\/09\/testo-410-2.jpg","datePublished":"2023-09-18T16:58:59+00:00","dateModified":"2023-09-18T16:59:01+00:00","breadcrumb":{"@id":"https:\/\/abaa.mx\/tienda\/testo-410-2-anemometro-de-molinete\/#breadcrumb"},"inLanguage":"es","potentialAction":[{"@type":"ReadAction","target":["https:\/\/abaa.mx\/tienda\/testo-410-2-anemometro-de-molinete\/"]}]},{"@type":"ImageObject","inLanguage":"es","@id":"https:\/\/abaa.mx\/tienda\/testo-410-2-anemometro-de-molinete\/#primaryimage","url":"https:\/\/abaa.mx\/tienda\/wp-content\/uploads\/2023\/09\/testo-410-2.jpg","contentUrl":"https:\/\/abaa.mx\/tienda\/wp-content\/uploads\/2023\/09\/testo-410-2.jpg","width":243,"height":620,"caption":"testo 410-2"},{"@type":"BreadcrumbList","@id":"https:\/\/abaa.mx\/tienda\/testo-410-2-anemometro-de-molinete\/#breadcrumb","itemListElement":[{"@type":"ListItem","position":1,"name":"Inicio","item":"https:\/\/abaa.mx\/tienda\/"},{"@type":"ListItem","position":2,"name":"Tienda","item":"https:\/\/abaa.mx\/tienda\/"},{"@type":"ListItem","position":3,"name":"testo 410-2 &#8211; anem\u00f3metro de molinete"}]},{"@type":"WebSite","@id":"https:\/\/abaa.mx\/tienda\/#website","url":"https:\/\/abaa.mx\/tienda\/","name":"Abaa tienda online","description":"Instrumentos de medici\u00f3n","publisher":{"@id":"https:\/\/abaa.mx\/tienda\/#organization"},"potentialAction":[{"@type":"SearchAction","target":{"@type":"EntryPoint","urlTemplate":"https:\/\/abaa.mx\/tienda\/?s={search_term_string}"},"query-input":{"@type":"PropertyValueSpecification","valueRequired":true,"valueName":"search_term_string"}}],"inLanguage":"es"},{"@type":"Organization","@id":"https:\/\/abaa.mx\/tienda\/#organization","name":"Abaa tienda online","url":"https:\/\/abaa.mx\/tienda\/","logo":{"@type":"ImageObject","inLanguage":"es","@id":"https:\/\/abaa.mx\/tienda\/#\/schema\/logo\/image\/","url":"https:\/\/abaa.mx\/tienda\/wp-content\/uploads\/2024\/01\/abaa-metrologia-tienda.png","contentUrl":"https:\/\/abaa.mx\/tienda\/wp-content\/uploads\/2024\/01\/abaa-metrologia-tienda.png","width":300,"height":141,"caption":"Abaa tienda online"},"image":{"@id":"https:\/\/abaa.mx\/tienda\/#\/schema\/logo\/image\/"}}]}},"_links":{"self":[{"href":"https:\/\/abaa.mx\/tienda\/wp-json\/wp\/v2\/product\/1837","targetHints":{"allow":["GET"]}}],"collection":[{"href":"https:\/\/abaa.mx\/tienda\/wp-json\/wp\/v2\/product"}],"about":[{"href":"https:\/\/abaa.mx\/tienda\/wp-json\/wp\/v2\/types\/product"}],"replies":[{"embeddable":true,"href":"https:\/\/abaa.mx\/tienda\/wp-json\/wp\/v2\/comments?post=1837"}],"wp:featuredmedia":[{"embeddable":true,"href":"https:\/\/abaa.mx\/tienda\/wp-json\/wp\/v2\/media\/1847"}],"wp:attachment":[{"href":"https:\/\/abaa.mx\/tienda\/wp-json\/wp\/v2\/media?parent=1837"}],"wp:term":[{"taxonomy":"product_brand","embeddable":true,"href":"https:\/\/abaa.mx\/tienda\/wp-json\/wp\/v2\/product_brand?post=1837"},{"taxonomy":"product_cat","embeddable":true,"href":"https:\/\/abaa.mx\/tienda\/wp-json\/wp\/v2\/product_cat?post=1837"},{"taxonomy":"product_tag","embeddable":true,"href":"https:\/\/abaa.mx\/tienda\/wp-json\/wp\/v2\/product_tag?post=1837"}],"curies":[{"name":"wp","href":"https:\/\/api.w.org\/{rel}","templated":true}]}}