{"id":1826,"date":"2023-09-18T16:02:11","date_gmt":"2023-09-18T16:02:11","guid":{"rendered":"https:\/\/abaa.mx\/tienda\/?post_type=product&#038;p=1826"},"modified":"2023-09-18T16:02:11","modified_gmt":"2023-09-18T16:02:11","slug":"testo-176-h2-data-logger-de-humedad-y-temperatura-de-altas-prestaciones","status":"publish","type":"product","link":"https:\/\/abaa.mx\/tienda\/testo-176-h2-data-logger-de-humedad-y-temperatura-de-altas-prestaciones\/","title":{"rendered":"testo 176 h2 &#8211; data logger de humedad y temperatura de altas prestaciones"},"content":{"rendered":"<p>\u00bfSus mediciones puntuales no muestran anomal\u00edas? \u00bfLa climatizaci\u00f3n del edificio o del almac\u00e9n todav\u00eda no cumple con los requisitos deseados? Entonces el testo 176 H2 es el registrador id\u00f3neo para analizar la evoluci\u00f3n clim\u00e1tica exacta con mediciones de larga duraci\u00f3n.<br \/>\nAl registrador de datos clim\u00e1ticos se le pueden conectar dos sondas externas de humedad ambiente y temperatura que puede solicitar al adquirir el registrador de datos. As\u00ed le ser\u00e1 posible medir al mismo tiempo y en dos lugares diferentes tanto la temperatura como la humedad ambiente.<br \/>\nCon la memoria de gran capacidad (hasta valores de 2 millones de valores medici\u00f3n) y su pila de larga duraci\u00f3n (hasta 8 a\u00f1os), este data logger es el instrumento ideal para los registros clim\u00e1ticos a largo plazo.<\/p>\n<div class=\"m-list\">\n<ul class=\"list-elements\">\n<li>La medici\u00f3n de la humedad ambiente y temperatura en dos canales es posible gracias a dos conexiones para sondas externas<\/li>\n<li>Memoria para un m\u00e1ximo de 2 millones de valores de medici\u00f3n, duraci\u00f3n de la pila hasta 8 a\u00f1os<\/li>\n<li>Caja met\u00e1lica robusta y protecci\u00f3n contra el polvo y salpicaduras seg\u00fan el grado de protecci\u00f3n IP 65<\/li>\n<li>Para el an\u00e1lisis de los datos de medici\u00f3n en el ordenador hay disponibles tres versiones del programa, la descarga de la versi\u00f3n b\u00e1sica es gratuita<\/li>\n<\/ul>\n<\/div>\n<p class=\"text\">El data logger testo 176 H2 est\u00e1 protegido contra las adversidades gracias a su robusta caja met\u00e1lica. Esto le permite medir la temperatura y la humedad ambiente incluso en condiciones ambiente extremas.<\/p>\n<div class=\"c2a-tabSection m-tabs\">\n<div id=\"tab-details\" class=\"large-12 column m-tab-pdp\">\n<div class=\"medium-8\">\n<article class=\"child-1 paragraph\">\n<h3>Seguridad y comodidad a todos los niveles<\/h3>\n<p>Con su robusta caja met\u00e1lica, el registrador de datos clim\u00e1ticos est\u00e1 protegido contra los golpes y mantiene su durabilidad incluso en condiciones ambiente adversas. Tambi\u00e9n cuenta con el tipo de protecci\u00f3n IP 65 y por lo tanto puede estar expuesto a salpicaduras y polvo, lo que es especialmente \u00fatil cuando en el lugar de medici\u00f3n se llevan a cabo trabajos de limpiezas pero el data logger no debe retirarse. Tambi\u00e9n en condiciones de mucho polvo y suciedad, el registrador de datos no sufre da\u00f1os.<br \/>\nLa seguridad de los datos de medici\u00f3n es una prioridad con el registrador de datos clim\u00e1ticos. Una vez se inicie un programa de medici\u00f3n y los valores de la temperatura y humedad ambiente se guarden en el data logger, ya no se perder\u00e1n. Incluso con la pila vac\u00eda o al cambiarla, los datos est\u00e1n disponibles en su totalidad en el testo 176 H2.<br \/>\nPara el suministro de corriente del registrador de datos se proporcionan pilas AA est\u00e1ndar. Cuando la pila est\u00e9 vac\u00eda, usted mismo puede reemplazarla.<\/p>\n<h3><\/h3>\n<h3>Programaci\u00f3n y evaluaci\u00f3n del registrador de datos clim\u00e1ticos<\/h3>\n<p>La programaci\u00f3n y lectura del registrador de datos, as\u00ed como el an\u00e1lisis de los datos de medici\u00f3n en el ordenador es posible con ayuda de un programa. Le ofrecemos tres versiones diferentes del software:<\/p>\n<ul>\n<li><strong>ComSoft B\u00e1sico<\/strong>\u00a0\u2013 disponible para su descarga gratuita &#8211; permite una programaci\u00f3n r\u00e1pida del registrador de datos clim\u00e1ticos as\u00ed como una evaluaci\u00f3n f\u00e1cil de los datos de medici\u00f3n<\/li>\n<li><strong>ComSoft Profesional\u00a0<\/strong>\u2013 disponible opcionalmente &#8211; ofrece varias posibilidades para analizar los valores de temperatura y humedad ambiente<\/li>\n<li><strong>ComSoft CFR 21 Parte 11<\/strong>\u00a0\u2013 disponible opcionalmente &#8211; adecuado para su uso en el sector farmac\u00e9utico gracias a sus requisitos especiales de acuerdo con CFR 21 parte 11<\/li>\n<\/ul>\n<p>La programaci\u00f3n del data logger solo es posible con un cable USB que no est\u00e1 incluido en el suministro. La transmisi\u00f3n de los valores medidos en el ordenador se puede hacer a trav\u00e9s del cable USB, pero tambi\u00e9n con una tarjeta SD. Tanto el cable como la tarjeta se pueden solicitar como accesorios opcionales.<\/p>\n<h3><\/h3>\n<h3>\u00c1reas de aplicaci\u00f3n del registrador de datos para la temperatura y humedad ambiente<\/h3>\n<ul>\n<li>Supervisi\u00f3n y documentaci\u00f3n de la climatizaci\u00f3n de edificios<\/li>\n<li>Supervisi\u00f3n y documentaci\u00f3n de la temperatura y humedad ambiente durante la producci\u00f3n y el almacenamiento de los productos<\/li>\n<\/ul>\n<\/article>\n<h3>Volumen de suministro<\/h3>\n<article class=\"child-2 paragraph\">Registrador de datos clim\u00e1ticos para la humedad ambiente\/temperatura testo 176 H2 con conexiones para 2 sondas externas (NTC\/sondas de humedad), soporte para pared, candado, pilas y protocolo de calibraci\u00f3n.<\/p>\n<\/article>\n<\/div>\n<div class=\"medium-4\">\n<div class=\"m-cert large-12 column\"><\/div>\n<\/div>\n<\/div>\n<\/div>\n<hr \/>\n<div class=\"c2a-tabSection m-tabs\">\n<div id=\"tab-technicalData\" class=\"large-12 column m-data-tab\">\n<h2>Datos t\u00e9cnicos<\/h2>\n<table>\n<colgroup>\n<col class=\"colWidth25\" \/>\n<col \/><\/colgroup>\n<thead>\n<tr>\n<th colspan=\"2\">Datos t\u00e9cnicos generales<\/th>\n<\/tr>\n<\/thead>\n<tbody>\n<tr>\n<td class=\"table-bold\">Peso<\/td>\n<td>430 g<\/td>\n<\/tr>\n<tr>\n<td class=\"table-bold\">Medidas<\/td>\n<td>103 X 63 X 33 mm<\/td>\n<\/tr>\n<tr>\n<td class=\"table-bold\">Temperatura de funcionamiento<\/td>\n<td>-20 hasta +70 \u00baC<\/td>\n<\/tr>\n<tr>\n<td class=\"table-bold\">Material de la carcasa \/ del producto<\/td>\n<td>Carcasa met\u00e1lica<\/td>\n<\/tr>\n<tr>\n<td class=\"table-bold\">Clase de protecci\u00f3n<\/td>\n<td>IP65<\/td>\n<\/tr>\n<tr>\n<td class=\"table-bold\">Canales<\/td>\n<td>4 interno<\/td>\n<\/tr>\n<tr>\n<td class=\"table-bold\">Sondas conectables<\/td>\n<td>2 x sonda de humedad<\/td>\n<\/tr>\n<tr>\n<td class=\"table-bold\">Color del producto<\/td>\n<td>plata<\/td>\n<\/tr>\n<tr>\n<td class=\"table-bold\">Norma<\/td>\n<td>Directriz UE 2014\/30\/EU; 2011\/65\/EU<\/td>\n<\/tr>\n<tr>\n<td class=\"table-bold\">Intervalo de medici\u00f3n<\/td>\n<td>1 s hasta 24 h; 2 s &#8211; 24 h (medici\u00f3n online)<\/td>\n<\/tr>\n<tr>\n<td class=\"table-bold\">Tipo de bater\u00eda<\/td>\n<td>1 pila alcalina de manganeso (litio, TL-5903)<\/td>\n<\/tr>\n<tr>\n<td class=\"table-bold\">Autonom\u00eda<\/td>\n<td>8 a\u00f1os a 15 min. intervalo med.<\/td>\n<\/tr>\n<tr>\n<td class=\"table-bold\">Interfaces<\/td>\n<td>mini usb, ranura para tarjeta SD<\/td>\n<\/tr>\n<tr>\n<td class=\"table-bold\">Memoria<\/td>\n<td>2.000.000 valor medido<\/td>\n<\/tr>\n<tr>\n<td class=\"table-bold\">Temperatura de almacenamiento<\/td>\n<td>-40 hasta +85 \u00baC<\/td>\n<\/tr>\n<\/tbody>\n<\/table>\n<table>\n<colgroup>\n<col class=\"colWidth25\" \/>\n<col \/><\/colgroup>\n<thead>\n<tr>\n<th colspan=\"2\">NTC<\/th>\n<\/tr>\n<\/thead>\n<tbody>\n<tr>\n<td class=\"table-bold\">Rango<\/td>\n<td>-20 hasta +70 \u00baC<\/td>\n<\/tr>\n<tr>\n<td class=\"table-bold\">Exactitud<\/td>\n<td>\u00b10,2 \u00baC (-20 hasta +70 \u00baC) \u00b11 Digito<\/p>\n<p>\u00b10,4 \u00baC (Resto rango) \u00b11 Digito<\/td>\n<\/tr>\n<tr>\n<td class=\"table-bold\">Resoluci\u00f3n<\/td>\n<td>0,1 \u00baC<\/td>\n<\/tr>\n<\/tbody>\n<\/table>\n<table>\n<colgroup>\n<col class=\"colWidth25\" \/>\n<col \/><\/colgroup>\n<thead>\n<tr>\n<th colspan=\"2\">Humedad &#8211; capacitivo<\/th>\n<\/tr>\n<\/thead>\n<tbody>\n<tr>\n<td class=\"table-bold\">Rango<\/td>\n<td>0 hasta +100 %HR*<\/td>\n<\/tr>\n<tr>\n<td class=\"table-bold\">Exactitud<\/td>\n<td>seg\u00fan la sonda escogida<\/td>\n<\/tr>\n<tr>\n<td class=\"table-bold\">Resoluci\u00f3n<\/td>\n<td>0,1 %HR<\/td>\n<\/tr>\n<\/tbody>\n<\/table>\n<\/div>\n<\/div>\n","protected":false},"excerpt":{"rendered":"<p>\u00bfSus mediciones puntuales no muestran anomal\u00edas? \u00bfLa climatizaci\u00f3n del edificio o del almac\u00e9n todav\u00eda no cumple con los requisitos deseados? Entonces el testo 176 H2 es el registrador id\u00f3neo para analizar la evoluci\u00f3n clim\u00e1tica exacta con mediciones de larga duraci\u00f3n.<br \/>\nAl registrador de datos clim\u00e1ticos se le pueden conectar dos sondas externas de humedad ambiente y temperatura que puede solicitar al adquirir el registrador de datos. As\u00ed le ser\u00e1 posible medir al mismo tiempo y en dos lugares diferentes tanto la temperatura como la humedad ambiente.<br \/>\nCon la memoria de gran capacidad (hasta valores de 2 millones de valores medici\u00f3n) y su pila de larga duraci\u00f3n (hasta 8 a\u00f1os), este data logger es el instrumento ideal para los registros clim\u00e1ticos a largo plazo.<\/p>\n","protected":false},"featured_media":1830,"comment_status":"open","ping_status":"closed","template":"","meta":{"_joinchat":[]},"product_brand":[],"product_cat":[15],"product_tag":[],"class_list":{"0":"post-1826","1":"product","2":"type-product","3":"status-publish","4":"has-post-thumbnail","6":"product_cat-sin-categorizar","8":"first","9":"instock","10":"shipping-taxable","11":"product-type-simple"},"yoast_head":"<!-- This site is optimized with the Yoast SEO plugin v26.4 - https:\/\/yoast.com\/wordpress\/plugins\/seo\/ -->\n<title>testo 176 h2 - data logger de humedad y temperatura de altas prestaciones - Abaa tienda online<\/title>\n<meta name=\"robots\" content=\"index, follow, max-snippet:-1, max-image-preview:large, max-video-preview:-1\" \/>\n<link rel=\"canonical\" href=\"https:\/\/abaa.mx\/tienda\/testo-176-h2-data-logger-de-humedad-y-temperatura-de-altas-prestaciones\/\" \/>\n<meta property=\"og:locale\" content=\"es_MX\" \/>\n<meta property=\"og:type\" content=\"article\" \/>\n<meta property=\"og:title\" content=\"testo 176 h2 - data logger de humedad y temperatura de altas prestaciones - Abaa tienda online\" \/>\n<meta property=\"og:description\" content=\"\u00bfSus mediciones puntuales no muestran anomal\u00edas? \u00bfLa climatizaci\u00f3n del edificio o del almac\u00e9n todav\u00eda no cumple con los requisitos deseados? Entonces el testo 176 H2 es el registrador id\u00f3neo para analizar la evoluci\u00f3n clim\u00e1tica exacta con mediciones de larga duraci\u00f3n. Al registrador de datos clim\u00e1ticos se le pueden conectar dos sondas externas de humedad ambiente y temperatura que puede solicitar al adquirir el registrador de datos. As\u00ed le ser\u00e1 posible medir al mismo tiempo y en dos lugares diferentes tanto la temperatura como la humedad ambiente. Con la memoria de gran capacidad (hasta valores de 2 millones de valores medici\u00f3n) y su pila de larga duraci\u00f3n (hasta 8 a\u00f1os), este data logger es el instrumento ideal para los registros clim\u00e1ticos a largo plazo.\" \/>\n<meta property=\"og:url\" content=\"https:\/\/abaa.mx\/tienda\/testo-176-h2-data-logger-de-humedad-y-temperatura-de-altas-prestaciones\/\" \/>\n<meta property=\"og:site_name\" content=\"Abaa tienda online\" \/>\n<meta property=\"og:image\" content=\"https:\/\/abaa.mx\/tienda\/wp-content\/uploads\/2023\/09\/testo-176-h2.jpg\" \/>\n\t<meta property=\"og:image:width\" content=\"660\" \/>\n\t<meta property=\"og:image:height\" content=\"495\" \/>\n\t<meta property=\"og:image:type\" content=\"image\/jpeg\" \/>\n<meta name=\"twitter:card\" content=\"summary_large_image\" \/>\n<meta name=\"twitter:label1\" content=\"Tiempo de lectura\" \/>\n\t<meta name=\"twitter:data1\" content=\"4 minutos\" \/>\n<script type=\"application\/ld+json\" class=\"yoast-schema-graph\">{\"@context\":\"https:\/\/schema.org\",\"@graph\":[{\"@type\":\"WebPage\",\"@id\":\"https:\/\/abaa.mx\/tienda\/testo-176-h2-data-logger-de-humedad-y-temperatura-de-altas-prestaciones\/\",\"url\":\"https:\/\/abaa.mx\/tienda\/testo-176-h2-data-logger-de-humedad-y-temperatura-de-altas-prestaciones\/\",\"name\":\"testo 176 h2 - data logger de humedad y temperatura de altas prestaciones - Abaa tienda online\",\"isPartOf\":{\"@id\":\"https:\/\/abaa.mx\/tienda\/#website\"},\"primaryImageOfPage\":{\"@id\":\"https:\/\/abaa.mx\/tienda\/testo-176-h2-data-logger-de-humedad-y-temperatura-de-altas-prestaciones\/#primaryimage\"},\"image\":{\"@id\":\"https:\/\/abaa.mx\/tienda\/testo-176-h2-data-logger-de-humedad-y-temperatura-de-altas-prestaciones\/#primaryimage\"},\"thumbnailUrl\":\"https:\/\/abaa.mx\/tienda\/wp-content\/uploads\/2023\/09\/testo-176-h2.jpg\",\"datePublished\":\"2023-09-18T16:02:11+00:00\",\"breadcrumb\":{\"@id\":\"https:\/\/abaa.mx\/tienda\/testo-176-h2-data-logger-de-humedad-y-temperatura-de-altas-prestaciones\/#breadcrumb\"},\"inLanguage\":\"es\",\"potentialAction\":[{\"@type\":\"ReadAction\",\"target\":[\"https:\/\/abaa.mx\/tienda\/testo-176-h2-data-logger-de-humedad-y-temperatura-de-altas-prestaciones\/\"]}]},{\"@type\":\"ImageObject\",\"inLanguage\":\"es\",\"@id\":\"https:\/\/abaa.mx\/tienda\/testo-176-h2-data-logger-de-humedad-y-temperatura-de-altas-prestaciones\/#primaryimage\",\"url\":\"https:\/\/abaa.mx\/tienda\/wp-content\/uploads\/2023\/09\/testo-176-h2.jpg\",\"contentUrl\":\"https:\/\/abaa.mx\/tienda\/wp-content\/uploads\/2023\/09\/testo-176-h2.jpg\",\"width\":660,\"height\":495,\"caption\":\"testo 176 h2\"},{\"@type\":\"BreadcrumbList\",\"@id\":\"https:\/\/abaa.mx\/tienda\/testo-176-h2-data-logger-de-humedad-y-temperatura-de-altas-prestaciones\/#breadcrumb\",\"itemListElement\":[{\"@type\":\"ListItem\",\"position\":1,\"name\":\"Inicio\",\"item\":\"https:\/\/abaa.mx\/tienda\/\"},{\"@type\":\"ListItem\",\"position\":2,\"name\":\"Tienda\",\"item\":\"https:\/\/abaa.mx\/tienda\/\"},{\"@type\":\"ListItem\",\"position\":3,\"name\":\"testo 176 h2 &#8211; data logger de humedad y temperatura de altas prestaciones\"}]},{\"@type\":\"WebSite\",\"@id\":\"https:\/\/abaa.mx\/tienda\/#website\",\"url\":\"https:\/\/abaa.mx\/tienda\/\",\"name\":\"Abaa tienda online\",\"description\":\"Instrumentos de medici\u00f3n\",\"publisher\":{\"@id\":\"https:\/\/abaa.mx\/tienda\/#organization\"},\"potentialAction\":[{\"@type\":\"SearchAction\",\"target\":{\"@type\":\"EntryPoint\",\"urlTemplate\":\"https:\/\/abaa.mx\/tienda\/?s={search_term_string}\"},\"query-input\":{\"@type\":\"PropertyValueSpecification\",\"valueRequired\":true,\"valueName\":\"search_term_string\"}}],\"inLanguage\":\"es\"},{\"@type\":\"Organization\",\"@id\":\"https:\/\/abaa.mx\/tienda\/#organization\",\"name\":\"Abaa tienda online\",\"url\":\"https:\/\/abaa.mx\/tienda\/\",\"logo\":{\"@type\":\"ImageObject\",\"inLanguage\":\"es\",\"@id\":\"https:\/\/abaa.mx\/tienda\/#\/schema\/logo\/image\/\",\"url\":\"https:\/\/abaa.mx\/tienda\/wp-content\/uploads\/2024\/01\/abaa-metrologia-tienda.png\",\"contentUrl\":\"https:\/\/abaa.mx\/tienda\/wp-content\/uploads\/2024\/01\/abaa-metrologia-tienda.png\",\"width\":300,\"height\":141,\"caption\":\"Abaa tienda online\"},\"image\":{\"@id\":\"https:\/\/abaa.mx\/tienda\/#\/schema\/logo\/image\/\"}}]}<\/script>\n<!-- \/ Yoast SEO plugin. -->","yoast_head_json":{"title":"testo 176 h2 - data logger de humedad y temperatura de altas prestaciones - Abaa tienda online","robots":{"index":"index","follow":"follow","max-snippet":"max-snippet:-1","max-image-preview":"max-image-preview:large","max-video-preview":"max-video-preview:-1"},"canonical":"https:\/\/abaa.mx\/tienda\/testo-176-h2-data-logger-de-humedad-y-temperatura-de-altas-prestaciones\/","og_locale":"es_MX","og_type":"article","og_title":"testo 176 h2 - data logger de humedad y temperatura de altas prestaciones - Abaa tienda online","og_description":"\u00bfSus mediciones puntuales no muestran anomal\u00edas? \u00bfLa climatizaci\u00f3n del edificio o del almac\u00e9n todav\u00eda no cumple con los requisitos deseados? Entonces el testo 176 H2 es el registrador id\u00f3neo para analizar la evoluci\u00f3n clim\u00e1tica exacta con mediciones de larga duraci\u00f3n. Al registrador de datos clim\u00e1ticos se le pueden conectar dos sondas externas de humedad ambiente y temperatura que puede solicitar al adquirir el registrador de datos. As\u00ed le ser\u00e1 posible medir al mismo tiempo y en dos lugares diferentes tanto la temperatura como la humedad ambiente. Con la memoria de gran capacidad (hasta valores de 2 millones de valores medici\u00f3n) y su pila de larga duraci\u00f3n (hasta 8 a\u00f1os), este data logger es el instrumento ideal para los registros clim\u00e1ticos a largo plazo.","og_url":"https:\/\/abaa.mx\/tienda\/testo-176-h2-data-logger-de-humedad-y-temperatura-de-altas-prestaciones\/","og_site_name":"Abaa tienda online","og_image":[{"width":660,"height":495,"url":"https:\/\/abaa.mx\/tienda\/wp-content\/uploads\/2023\/09\/testo-176-h2.jpg","type":"image\/jpeg"}],"twitter_card":"summary_large_image","twitter_misc":{"Tiempo de lectura":"4 minutos"},"schema":{"@context":"https:\/\/schema.org","@graph":[{"@type":"WebPage","@id":"https:\/\/abaa.mx\/tienda\/testo-176-h2-data-logger-de-humedad-y-temperatura-de-altas-prestaciones\/","url":"https:\/\/abaa.mx\/tienda\/testo-176-h2-data-logger-de-humedad-y-temperatura-de-altas-prestaciones\/","name":"testo 176 h2 - data logger de humedad y temperatura de altas prestaciones - Abaa tienda online","isPartOf":{"@id":"https:\/\/abaa.mx\/tienda\/#website"},"primaryImageOfPage":{"@id":"https:\/\/abaa.mx\/tienda\/testo-176-h2-data-logger-de-humedad-y-temperatura-de-altas-prestaciones\/#primaryimage"},"image":{"@id":"https:\/\/abaa.mx\/tienda\/testo-176-h2-data-logger-de-humedad-y-temperatura-de-altas-prestaciones\/#primaryimage"},"thumbnailUrl":"https:\/\/abaa.mx\/tienda\/wp-content\/uploads\/2023\/09\/testo-176-h2.jpg","datePublished":"2023-09-18T16:02:11+00:00","breadcrumb":{"@id":"https:\/\/abaa.mx\/tienda\/testo-176-h2-data-logger-de-humedad-y-temperatura-de-altas-prestaciones\/#breadcrumb"},"inLanguage":"es","potentialAction":[{"@type":"ReadAction","target":["https:\/\/abaa.mx\/tienda\/testo-176-h2-data-logger-de-humedad-y-temperatura-de-altas-prestaciones\/"]}]},{"@type":"ImageObject","inLanguage":"es","@id":"https:\/\/abaa.mx\/tienda\/testo-176-h2-data-logger-de-humedad-y-temperatura-de-altas-prestaciones\/#primaryimage","url":"https:\/\/abaa.mx\/tienda\/wp-content\/uploads\/2023\/09\/testo-176-h2.jpg","contentUrl":"https:\/\/abaa.mx\/tienda\/wp-content\/uploads\/2023\/09\/testo-176-h2.jpg","width":660,"height":495,"caption":"testo 176 h2"},{"@type":"BreadcrumbList","@id":"https:\/\/abaa.mx\/tienda\/testo-176-h2-data-logger-de-humedad-y-temperatura-de-altas-prestaciones\/#breadcrumb","itemListElement":[{"@type":"ListItem","position":1,"name":"Inicio","item":"https:\/\/abaa.mx\/tienda\/"},{"@type":"ListItem","position":2,"name":"Tienda","item":"https:\/\/abaa.mx\/tienda\/"},{"@type":"ListItem","position":3,"name":"testo 176 h2 &#8211; data logger de humedad y temperatura de altas prestaciones"}]},{"@type":"WebSite","@id":"https:\/\/abaa.mx\/tienda\/#website","url":"https:\/\/abaa.mx\/tienda\/","name":"Abaa tienda online","description":"Instrumentos de medici\u00f3n","publisher":{"@id":"https:\/\/abaa.mx\/tienda\/#organization"},"potentialAction":[{"@type":"SearchAction","target":{"@type":"EntryPoint","urlTemplate":"https:\/\/abaa.mx\/tienda\/?s={search_term_string}"},"query-input":{"@type":"PropertyValueSpecification","valueRequired":true,"valueName":"search_term_string"}}],"inLanguage":"es"},{"@type":"Organization","@id":"https:\/\/abaa.mx\/tienda\/#organization","name":"Abaa tienda online","url":"https:\/\/abaa.mx\/tienda\/","logo":{"@type":"ImageObject","inLanguage":"es","@id":"https:\/\/abaa.mx\/tienda\/#\/schema\/logo\/image\/","url":"https:\/\/abaa.mx\/tienda\/wp-content\/uploads\/2024\/01\/abaa-metrologia-tienda.png","contentUrl":"https:\/\/abaa.mx\/tienda\/wp-content\/uploads\/2024\/01\/abaa-metrologia-tienda.png","width":300,"height":141,"caption":"Abaa tienda online"},"image":{"@id":"https:\/\/abaa.mx\/tienda\/#\/schema\/logo\/image\/"}}]}},"_links":{"self":[{"href":"https:\/\/abaa.mx\/tienda\/wp-json\/wp\/v2\/product\/1826","targetHints":{"allow":["GET"]}}],"collection":[{"href":"https:\/\/abaa.mx\/tienda\/wp-json\/wp\/v2\/product"}],"about":[{"href":"https:\/\/abaa.mx\/tienda\/wp-json\/wp\/v2\/types\/product"}],"replies":[{"embeddable":true,"href":"https:\/\/abaa.mx\/tienda\/wp-json\/wp\/v2\/comments?post=1826"}],"wp:featuredmedia":[{"embeddable":true,"href":"https:\/\/abaa.mx\/tienda\/wp-json\/wp\/v2\/media\/1830"}],"wp:attachment":[{"href":"https:\/\/abaa.mx\/tienda\/wp-json\/wp\/v2\/media?parent=1826"}],"wp:term":[{"taxonomy":"product_brand","embeddable":true,"href":"https:\/\/abaa.mx\/tienda\/wp-json\/wp\/v2\/product_brand?post=1826"},{"taxonomy":"product_cat","embeddable":true,"href":"https:\/\/abaa.mx\/tienda\/wp-json\/wp\/v2\/product_cat?post=1826"},{"taxonomy":"product_tag","embeddable":true,"href":"https:\/\/abaa.mx\/tienda\/wp-json\/wp\/v2\/product_tag?post=1826"}],"curies":[{"name":"wp","href":"https:\/\/api.w.org\/{rel}","templated":true}]}}