{"id":1825,"date":"2023-11-27T16:08:03","date_gmt":"2023-11-27T16:08:03","guid":{"rendered":"https:\/\/abaa.mx\/tienda\/?post_type=product&#038;p=1825"},"modified":"2023-11-27T16:11:14","modified_gmt":"2023-11-27T16:11:14","slug":"medidor-de-estatica-a-20000v-fmx-003","status":"publish","type":"product","link":"https:\/\/abaa.mx\/tienda\/medidor-de-estatica-a-20000v-fmx-003\/","title":{"rendered":"Medidor de Estatica a 20,000v FMX-003"},"content":{"rendered":"<p>Medidor de Estatica a 20,000v FMX-003.<\/p>\n","protected":false},"excerpt":{"rendered":"<p><b>Descripci\u00f3n<\/b>\u00a0:<\/p>\n<ul>\n<li>El FMX-003 es un conveniente medidor de campo electrost\u00e1tico compacto y de bolsillo. Con este medidor de campo puede medir y almacenar la intensidad y la polaridad del campo.<\/li>\n<li>El estado de la bater\u00eda se muestra en la pantalla.<\/li>\n<li>La exclusiva pantalla bicolor muestra el valor medido tanto num\u00e9rica como gr\u00e1ficamente.<\/li>\n<li>Le permite realizar mediciones en lugares dif\u00edciles. La distancia de medici\u00f3n correcta se muestra mediante dos LED integrados.<\/li>\n<li>La carcasa de pl\u00e1stico conductor de electricidad con una conexi\u00f3n a tierra instalada en el lateral garantiza mediciones precisas.<\/li>\n<li>El FMX-003 es un medidor de campo electrost\u00e1tico compacto que se utiliza para localizar y medir cargas est\u00e1ticas.<\/li>\n<\/ul>\n<p><b>Caracter\u00edsticas<\/b>\u00a0:<\/p>\n<ul>\n<li>Pantalla digital con gr\u00e1ficos de barras codificados por colores.<\/li>\n<li>Dise\u00f1o liviano y compacto.<\/li>\n<li>Luces de rango de distancia.<\/li>\n<li>Funci\u00f3n de alarma audible.<\/li>\n<li>Alimentado por bater\u00eda con funci\u00f3n de apagado autom\u00e1tico.<\/li>\n<\/ul>\n<p><strong data-spm-anchor-id=\"a2g0o.detail.1000023.i0.4b806ac0oo49sS\">Rango de medici\u00f3n:<\/strong>0 a \u00b1 1,49 kV (rango bajo)<br \/>\n\u00b1 1,0kv a \u00b1 20,00kv (alto rango)<br \/>\n(Hist\u00e9resis de rango: \u00b1 1,0kv a \u00b1 1,5kv)<br \/>\n0 a \u00b1 200V (rango de medici\u00f3n de Bajo equilibrio).<\/p>\n<p><strong>Distancia de medici\u00f3n:<\/strong>1 &#8220;\u00b1 1\/64&#8221; ( 25mm \u00b1 0,5mm), gu\u00eda LED para una distancia correcta (entre el objeto y el medidor de campo).<\/p>\n<p><strong>Tiempo de respuesta:<\/strong>&lt;1s.<\/p>\n<p><strong>Tasa de renovaci\u00f3n de pantalla LCD:<\/strong>5 veces\/s.<\/p>\n<p><strong>Precisi\u00f3n:<\/strong>\u00b1 10%.<\/p>\n<p><strong>Condiciones ambientales:<\/strong>50 \u00b0-100 \u00b0F, (10 \u00b0- 40 \u00b0), 0-60% RH (sin condensaci\u00f3n).<\/p>\n<p><strong>Caracter\u00edsticas de la pantalla: <\/strong>Gr\u00e1fico de barras, voltaje de polaridad positiva LCD rojo, voltaje de polaridad negativa LCD azul.<\/p>\n<p><strong>Precisi\u00f3n del gr\u00e1fico de barras: <\/strong>\u00b1 0.1kV para rango bajo \u00b1 1.5kV para rango alto, \u00b1 15V para rango de equilibrio i\u00f3nico.<\/p>\n<p><strong>Lectura Digital:<\/strong><\/p>\n<p>Rango autom\u00e1tico, tres d\u00edgitos x.xx = 0 a \u00b1 1.49kV.<br \/>\nXx. x = \u00b1 1,0kv a \u00b1 20,0kv (Hi).<br \/>\nXxx = 0 a 200 ( lon balance).<br \/>\nVisualizaci\u00f3n del modo de equilibrio: (IB).<br \/>\nIndicador de la capacidad de la bater\u00eda.<br \/>\nMantenga presionado el interruptor para conservar la pantalla despu\u00e9s de la medici\u00f3n.<br \/>\nAparece un signo de Error (ERR) si el sensoe est\u00e1 da\u00f1ado.<\/p>\n<p><strong>Funci\u00f3n de alarma: <\/strong><\/p>\n<p>Se escuchar\u00e1 un pitido durante las acciones de plegado;.<br \/>\nEncendido: un pitido.<br \/>\nEncendido con funci\u00f3n de apagado autom\u00e1tico desactivado: {bot\u00f3n de encendido de presi\u00f3n.<br \/>\nDurante m\u00e1s de 3 segundos} tres pitidos.<br \/>\nApagado autom\u00e1tico: pitidos cortos en un intervalo de 1 segundo durante 5 segundos.<br \/>\nAntes de apagar.<br \/>\nSobre rango: sond continuo.<\/p>\n<p><strong>Apagado autom\u00e1tico:<\/strong><\/p>\n<p>La alimentaci\u00f3n se apaga autom\u00e1ticamente despu\u00e9s de cinco minutos, se muestra {A off} siempre que estas caracter\u00edsticas se deshabilitan.<\/p>\n<p><strong>Fuente de alimentaci\u00f3n:<\/strong>Bater\u00eda de manganeso 9V, 6F22Y.<br \/>\n<strong>Duraci\u00f3n de la bater\u00eda:<\/strong>M\u00e1s de 30 horas.<br \/>\n<strong>Tama\u00f1o:<\/strong>123mm (L) x 73mm (W) x 25mm (D).<\/p>\n","protected":false},"featured_media":9342,"comment_status":"open","ping_status":"closed","template":"","meta":{"_joinchat":[]},"product_brand":[],"product_cat":[15],"product_tag":[],"class_list":{"0":"post-1825","1":"product","2":"type-product","3":"status-publish","4":"has-post-thumbnail","6":"product_cat-sin-categorizar","8":"first","9":"instock","10":"shipping-taxable","11":"product-type-simple"},"yoast_head":"<!-- This site is optimized with the Yoast SEO plugin v26.4 - https:\/\/yoast.com\/wordpress\/plugins\/seo\/ -->\n<title>Medidor de Estatica a 20,000v FMX-003 - Abaa tienda online<\/title>\n<meta name=\"robots\" content=\"index, follow, max-snippet:-1, max-image-preview:large, max-video-preview:-1\" \/>\n<link rel=\"canonical\" href=\"https:\/\/abaa.mx\/tienda\/medidor-de-estatica-a-20000v-fmx-003\/\" \/>\n<meta property=\"og:locale\" content=\"es_MX\" \/>\n<meta property=\"og:type\" content=\"article\" \/>\n<meta property=\"og:title\" content=\"Medidor de Estatica a 20,000v FMX-003 - Abaa tienda online\" \/>\n<meta property=\"og:description\" content=\"Descripci\u00f3n\u00a0:   El FMX-003 es un conveniente medidor de campo electrost\u00e1tico compacto y de bolsillo. Con este medidor de campo puede medir y almacenar la intensidad y la polaridad del campo.  El estado de la bater\u00eda se muestra en la pantalla.  La exclusiva pantalla bicolor muestra el valor medido tanto num\u00e9rica como gr\u00e1ficamente.  Le permite realizar mediciones en lugares dif\u00edciles. La distancia de medici\u00f3n correcta se muestra mediante dos LED integrados.  La carcasa de pl\u00e1stico conductor de electricidad con una conexi\u00f3n a tierra instalada en el lateral garantiza mediciones precisas.  El FMX-003 es un medidor de campo electrost\u00e1tico compacto que se utiliza para localizar y medir cargas est\u00e1ticas.  Caracter\u00edsticas\u00a0:   Pantalla digital con gr\u00e1ficos de barras codificados por colores.  Dise\u00f1o liviano y compacto.  Luces de rango de distancia.  Funci\u00f3n de alarma audible.  Alimentado por bater\u00eda con funci\u00f3n de apagado autom\u00e1tico.  Rango de medici\u00f3n:0 a \u00b1 1,49 kV (rango bajo) \u00b1 1,0kv a \u00b1 20,00kv (alto rango) (Hist\u00e9resis de rango: \u00b1 1,0kv a \u00b1 1,5kv) 0 a \u00b1 200V (rango de medici\u00f3n de Bajo equilibrio).  Distancia de medici\u00f3n:1 &quot;\u00b1 1\/64&quot; ( 25mm \u00b1 0,5mm), gu\u00eda LED para una distancia correcta (entre el objeto y el medidor de campo).  Tiempo de respuesta:&lt;1s.  Tasa de renovaci\u00f3n de pantalla LCD:5 veces\/s.  Precisi\u00f3n:\u00b1 10%.  Condiciones ambientales:50 \u00b0-100 \u00b0F, (10 \u00b0- 40 \u00b0), 0-60% RH (sin condensaci\u00f3n).  Caracter\u00edsticas de la pantalla: Gr\u00e1fico de barras, voltaje de polaridad positiva LCD rojo, voltaje de polaridad negativa LCD azul.  Precisi\u00f3n del gr\u00e1fico de barras: \u00b1 0.1kV para rango bajo \u00b1 1.5kV para rango alto, \u00b1 15V para rango de equilibrio i\u00f3nico.  Lectura Digital:  Rango autom\u00e1tico, tres d\u00edgitos x.xx = 0 a \u00b1 1.49kV. Xx. x = \u00b1 1,0kv a \u00b1 20,0kv (Hi). Xxx = 0 a 200 ( lon balance). Visualizaci\u00f3n del modo de equilibrio: (IB). Indicador de la capacidad de la bater\u00eda. Mantenga presionado el interruptor para conservar la pantalla despu\u00e9s de la medici\u00f3n. Aparece un signo de Error (ERR) si el sensoe est\u00e1 da\u00f1ado.  Funci\u00f3n de alarma:   Se escuchar\u00e1 un pitido durante las acciones de plegado;. Encendido: un pitido. Encendido con funci\u00f3n de apagado autom\u00e1tico desactivado: {bot\u00f3n de encendido de presi\u00f3n. Durante m\u00e1s de 3 segundos} tres pitidos. Apagado autom\u00e1tico: pitidos cortos en un intervalo de 1 segundo durante 5 segundos. Antes de apagar. Sobre rango: sond continuo.  Apagado autom\u00e1tico:  La alimentaci\u00f3n se apaga autom\u00e1ticamente despu\u00e9s de cinco minutos, se muestra {A off} siempre que estas caracter\u00edsticas se deshabilitan.  Fuente de alimentaci\u00f3n:Bater\u00eda de manganeso 9V, 6F22Y. Duraci\u00f3n de la bater\u00eda:M\u00e1s de 30 horas. Tama\u00f1o:123mm (L) x 73mm (W) x 25mm (D).\" \/>\n<meta property=\"og:url\" content=\"https:\/\/abaa.mx\/tienda\/medidor-de-estatica-a-20000v-fmx-003\/\" \/>\n<meta property=\"og:site_name\" content=\"Abaa tienda online\" \/>\n<meta property=\"article:modified_time\" content=\"2023-11-27T16:11:14+00:00\" \/>\n<meta property=\"og:image\" content=\"https:\/\/abaa.mx\/tienda\/wp-content\/uploads\/2023\/11\/SIMCO-FMX-003.jpg\" \/>\n\t<meta property=\"og:image:width\" content=\"342\" \/>\n\t<meta property=\"og:image:height\" content=\"439\" \/>\n\t<meta property=\"og:image:type\" content=\"image\/jpeg\" \/>\n<meta name=\"twitter:card\" content=\"summary_large_image\" \/>\n<meta name=\"twitter:label1\" content=\"Tiempo de lectura\" \/>\n\t<meta name=\"twitter:data1\" content=\"1 minuto\" \/>\n<script type=\"application\/ld+json\" class=\"yoast-schema-graph\">{\"@context\":\"https:\/\/schema.org\",\"@graph\":[{\"@type\":\"WebPage\",\"@id\":\"https:\/\/abaa.mx\/tienda\/medidor-de-estatica-a-20000v-fmx-003\/\",\"url\":\"https:\/\/abaa.mx\/tienda\/medidor-de-estatica-a-20000v-fmx-003\/\",\"name\":\"Medidor de Estatica a 20,000v FMX-003 - Abaa tienda online\",\"isPartOf\":{\"@id\":\"https:\/\/abaa.mx\/tienda\/#website\"},\"primaryImageOfPage\":{\"@id\":\"https:\/\/abaa.mx\/tienda\/medidor-de-estatica-a-20000v-fmx-003\/#primaryimage\"},\"image\":{\"@id\":\"https:\/\/abaa.mx\/tienda\/medidor-de-estatica-a-20000v-fmx-003\/#primaryimage\"},\"thumbnailUrl\":\"https:\/\/abaa.mx\/tienda\/wp-content\/uploads\/2023\/11\/SIMCO-FMX-003.jpg\",\"datePublished\":\"2023-11-27T16:08:03+00:00\",\"dateModified\":\"2023-11-27T16:11:14+00:00\",\"breadcrumb\":{\"@id\":\"https:\/\/abaa.mx\/tienda\/medidor-de-estatica-a-20000v-fmx-003\/#breadcrumb\"},\"inLanguage\":\"es\",\"potentialAction\":[{\"@type\":\"ReadAction\",\"target\":[\"https:\/\/abaa.mx\/tienda\/medidor-de-estatica-a-20000v-fmx-003\/\"]}]},{\"@type\":\"ImageObject\",\"inLanguage\":\"es\",\"@id\":\"https:\/\/abaa.mx\/tienda\/medidor-de-estatica-a-20000v-fmx-003\/#primaryimage\",\"url\":\"https:\/\/abaa.mx\/tienda\/wp-content\/uploads\/2023\/11\/SIMCO-FMX-003.jpg\",\"contentUrl\":\"https:\/\/abaa.mx\/tienda\/wp-content\/uploads\/2023\/11\/SIMCO-FMX-003.jpg\",\"width\":342,\"height\":439,\"caption\":\"SIMCO-FMX-003\"},{\"@type\":\"BreadcrumbList\",\"@id\":\"https:\/\/abaa.mx\/tienda\/medidor-de-estatica-a-20000v-fmx-003\/#breadcrumb\",\"itemListElement\":[{\"@type\":\"ListItem\",\"position\":1,\"name\":\"Inicio\",\"item\":\"https:\/\/abaa.mx\/tienda\/\"},{\"@type\":\"ListItem\",\"position\":2,\"name\":\"Tienda\",\"item\":\"https:\/\/abaa.mx\/tienda\/\"},{\"@type\":\"ListItem\",\"position\":3,\"name\":\"Medidor de Estatica a 20,000v FMX-003\"}]},{\"@type\":\"WebSite\",\"@id\":\"https:\/\/abaa.mx\/tienda\/#website\",\"url\":\"https:\/\/abaa.mx\/tienda\/\",\"name\":\"Abaa tienda online\",\"description\":\"Instrumentos de medici\u00f3n\",\"publisher\":{\"@id\":\"https:\/\/abaa.mx\/tienda\/#organization\"},\"potentialAction\":[{\"@type\":\"SearchAction\",\"target\":{\"@type\":\"EntryPoint\",\"urlTemplate\":\"https:\/\/abaa.mx\/tienda\/?s={search_term_string}\"},\"query-input\":{\"@type\":\"PropertyValueSpecification\",\"valueRequired\":true,\"valueName\":\"search_term_string\"}}],\"inLanguage\":\"es\"},{\"@type\":\"Organization\",\"@id\":\"https:\/\/abaa.mx\/tienda\/#organization\",\"name\":\"Abaa tienda online\",\"url\":\"https:\/\/abaa.mx\/tienda\/\",\"logo\":{\"@type\":\"ImageObject\",\"inLanguage\":\"es\",\"@id\":\"https:\/\/abaa.mx\/tienda\/#\/schema\/logo\/image\/\",\"url\":\"https:\/\/abaa.mx\/tienda\/wp-content\/uploads\/2024\/01\/abaa-metrologia-tienda.png\",\"contentUrl\":\"https:\/\/abaa.mx\/tienda\/wp-content\/uploads\/2024\/01\/abaa-metrologia-tienda.png\",\"width\":300,\"height\":141,\"caption\":\"Abaa tienda online\"},\"image\":{\"@id\":\"https:\/\/abaa.mx\/tienda\/#\/schema\/logo\/image\/\"}}]}<\/script>\n<!-- \/ Yoast SEO plugin. -->","yoast_head_json":{"title":"Medidor de Estatica a 20,000v FMX-003 - Abaa tienda online","robots":{"index":"index","follow":"follow","max-snippet":"max-snippet:-1","max-image-preview":"max-image-preview:large","max-video-preview":"max-video-preview:-1"},"canonical":"https:\/\/abaa.mx\/tienda\/medidor-de-estatica-a-20000v-fmx-003\/","og_locale":"es_MX","og_type":"article","og_title":"Medidor de Estatica a 20,000v FMX-003 - Abaa tienda online","og_description":"Descripci\u00f3n\u00a0:   El FMX-003 es un conveniente medidor de campo electrost\u00e1tico compacto y de bolsillo. Con este medidor de campo puede medir y almacenar la intensidad y la polaridad del campo.  El estado de la bater\u00eda se muestra en la pantalla.  La exclusiva pantalla bicolor muestra el valor medido tanto num\u00e9rica como gr\u00e1ficamente.  Le permite realizar mediciones en lugares dif\u00edciles. La distancia de medici\u00f3n correcta se muestra mediante dos LED integrados.  La carcasa de pl\u00e1stico conductor de electricidad con una conexi\u00f3n a tierra instalada en el lateral garantiza mediciones precisas.  El FMX-003 es un medidor de campo electrost\u00e1tico compacto que se utiliza para localizar y medir cargas est\u00e1ticas.  Caracter\u00edsticas\u00a0:   Pantalla digital con gr\u00e1ficos de barras codificados por colores.  Dise\u00f1o liviano y compacto.  Luces de rango de distancia.  Funci\u00f3n de alarma audible.  Alimentado por bater\u00eda con funci\u00f3n de apagado autom\u00e1tico.  Rango de medici\u00f3n:0 a \u00b1 1,49 kV (rango bajo) \u00b1 1,0kv a \u00b1 20,00kv (alto rango) (Hist\u00e9resis de rango: \u00b1 1,0kv a \u00b1 1,5kv) 0 a \u00b1 200V (rango de medici\u00f3n de Bajo equilibrio).  Distancia de medici\u00f3n:1 \"\u00b1 1\/64\" ( 25mm \u00b1 0,5mm), gu\u00eda LED para una distancia correcta (entre el objeto y el medidor de campo).  Tiempo de respuesta:&lt;1s.  Tasa de renovaci\u00f3n de pantalla LCD:5 veces\/s.  Precisi\u00f3n:\u00b1 10%.  Condiciones ambientales:50 \u00b0-100 \u00b0F, (10 \u00b0- 40 \u00b0), 0-60% RH (sin condensaci\u00f3n).  Caracter\u00edsticas de la pantalla: Gr\u00e1fico de barras, voltaje de polaridad positiva LCD rojo, voltaje de polaridad negativa LCD azul.  Precisi\u00f3n del gr\u00e1fico de barras: \u00b1 0.1kV para rango bajo \u00b1 1.5kV para rango alto, \u00b1 15V para rango de equilibrio i\u00f3nico.  Lectura Digital:  Rango autom\u00e1tico, tres d\u00edgitos x.xx = 0 a \u00b1 1.49kV. Xx. x = \u00b1 1,0kv a \u00b1 20,0kv (Hi). Xxx = 0 a 200 ( lon balance). Visualizaci\u00f3n del modo de equilibrio: (IB). Indicador de la capacidad de la bater\u00eda. Mantenga presionado el interruptor para conservar la pantalla despu\u00e9s de la medici\u00f3n. Aparece un signo de Error (ERR) si el sensoe est\u00e1 da\u00f1ado.  Funci\u00f3n de alarma:   Se escuchar\u00e1 un pitido durante las acciones de plegado;. Encendido: un pitido. Encendido con funci\u00f3n de apagado autom\u00e1tico desactivado: {bot\u00f3n de encendido de presi\u00f3n. Durante m\u00e1s de 3 segundos} tres pitidos. Apagado autom\u00e1tico: pitidos cortos en un intervalo de 1 segundo durante 5 segundos. Antes de apagar. Sobre rango: sond continuo.  Apagado autom\u00e1tico:  La alimentaci\u00f3n se apaga autom\u00e1ticamente despu\u00e9s de cinco minutos, se muestra {A off} siempre que estas caracter\u00edsticas se deshabilitan.  Fuente de alimentaci\u00f3n:Bater\u00eda de manganeso 9V, 6F22Y. Duraci\u00f3n de la bater\u00eda:M\u00e1s de 30 horas. Tama\u00f1o:123mm (L) x 73mm (W) x 25mm (D).","og_url":"https:\/\/abaa.mx\/tienda\/medidor-de-estatica-a-20000v-fmx-003\/","og_site_name":"Abaa tienda online","article_modified_time":"2023-11-27T16:11:14+00:00","og_image":[{"width":342,"height":439,"url":"https:\/\/abaa.mx\/tienda\/wp-content\/uploads\/2023\/11\/SIMCO-FMX-003.jpg","type":"image\/jpeg"}],"twitter_card":"summary_large_image","twitter_misc":{"Tiempo de lectura":"1 minuto"},"schema":{"@context":"https:\/\/schema.org","@graph":[{"@type":"WebPage","@id":"https:\/\/abaa.mx\/tienda\/medidor-de-estatica-a-20000v-fmx-003\/","url":"https:\/\/abaa.mx\/tienda\/medidor-de-estatica-a-20000v-fmx-003\/","name":"Medidor de Estatica a 20,000v FMX-003 - Abaa tienda online","isPartOf":{"@id":"https:\/\/abaa.mx\/tienda\/#website"},"primaryImageOfPage":{"@id":"https:\/\/abaa.mx\/tienda\/medidor-de-estatica-a-20000v-fmx-003\/#primaryimage"},"image":{"@id":"https:\/\/abaa.mx\/tienda\/medidor-de-estatica-a-20000v-fmx-003\/#primaryimage"},"thumbnailUrl":"https:\/\/abaa.mx\/tienda\/wp-content\/uploads\/2023\/11\/SIMCO-FMX-003.jpg","datePublished":"2023-11-27T16:08:03+00:00","dateModified":"2023-11-27T16:11:14+00:00","breadcrumb":{"@id":"https:\/\/abaa.mx\/tienda\/medidor-de-estatica-a-20000v-fmx-003\/#breadcrumb"},"inLanguage":"es","potentialAction":[{"@type":"ReadAction","target":["https:\/\/abaa.mx\/tienda\/medidor-de-estatica-a-20000v-fmx-003\/"]}]},{"@type":"ImageObject","inLanguage":"es","@id":"https:\/\/abaa.mx\/tienda\/medidor-de-estatica-a-20000v-fmx-003\/#primaryimage","url":"https:\/\/abaa.mx\/tienda\/wp-content\/uploads\/2023\/11\/SIMCO-FMX-003.jpg","contentUrl":"https:\/\/abaa.mx\/tienda\/wp-content\/uploads\/2023\/11\/SIMCO-FMX-003.jpg","width":342,"height":439,"caption":"SIMCO-FMX-003"},{"@type":"BreadcrumbList","@id":"https:\/\/abaa.mx\/tienda\/medidor-de-estatica-a-20000v-fmx-003\/#breadcrumb","itemListElement":[{"@type":"ListItem","position":1,"name":"Inicio","item":"https:\/\/abaa.mx\/tienda\/"},{"@type":"ListItem","position":2,"name":"Tienda","item":"https:\/\/abaa.mx\/tienda\/"},{"@type":"ListItem","position":3,"name":"Medidor de Estatica a 20,000v FMX-003"}]},{"@type":"WebSite","@id":"https:\/\/abaa.mx\/tienda\/#website","url":"https:\/\/abaa.mx\/tienda\/","name":"Abaa tienda online","description":"Instrumentos de medici\u00f3n","publisher":{"@id":"https:\/\/abaa.mx\/tienda\/#organization"},"potentialAction":[{"@type":"SearchAction","target":{"@type":"EntryPoint","urlTemplate":"https:\/\/abaa.mx\/tienda\/?s={search_term_string}"},"query-input":{"@type":"PropertyValueSpecification","valueRequired":true,"valueName":"search_term_string"}}],"inLanguage":"es"},{"@type":"Organization","@id":"https:\/\/abaa.mx\/tienda\/#organization","name":"Abaa tienda online","url":"https:\/\/abaa.mx\/tienda\/","logo":{"@type":"ImageObject","inLanguage":"es","@id":"https:\/\/abaa.mx\/tienda\/#\/schema\/logo\/image\/","url":"https:\/\/abaa.mx\/tienda\/wp-content\/uploads\/2024\/01\/abaa-metrologia-tienda.png","contentUrl":"https:\/\/abaa.mx\/tienda\/wp-content\/uploads\/2024\/01\/abaa-metrologia-tienda.png","width":300,"height":141,"caption":"Abaa tienda online"},"image":{"@id":"https:\/\/abaa.mx\/tienda\/#\/schema\/logo\/image\/"}}]}},"_links":{"self":[{"href":"https:\/\/abaa.mx\/tienda\/wp-json\/wp\/v2\/product\/1825","targetHints":{"allow":["GET"]}}],"collection":[{"href":"https:\/\/abaa.mx\/tienda\/wp-json\/wp\/v2\/product"}],"about":[{"href":"https:\/\/abaa.mx\/tienda\/wp-json\/wp\/v2\/types\/product"}],"replies":[{"embeddable":true,"href":"https:\/\/abaa.mx\/tienda\/wp-json\/wp\/v2\/comments?post=1825"}],"wp:featuredmedia":[{"embeddable":true,"href":"https:\/\/abaa.mx\/tienda\/wp-json\/wp\/v2\/media\/9342"}],"wp:attachment":[{"href":"https:\/\/abaa.mx\/tienda\/wp-json\/wp\/v2\/media?parent=1825"}],"wp:term":[{"taxonomy":"product_brand","embeddable":true,"href":"https:\/\/abaa.mx\/tienda\/wp-json\/wp\/v2\/product_brand?post=1825"},{"taxonomy":"product_cat","embeddable":true,"href":"https:\/\/abaa.mx\/tienda\/wp-json\/wp\/v2\/product_cat?post=1825"},{"taxonomy":"product_tag","embeddable":true,"href":"https:\/\/abaa.mx\/tienda\/wp-json\/wp\/v2\/product_tag?post=1825"}],"curies":[{"name":"wp","href":"https:\/\/api.w.org\/{rel}","templated":true}]}}