{"id":1819,"date":"2023-09-18T15:29:43","date_gmt":"2023-09-18T15:29:43","guid":{"rendered":"https:\/\/abaa.mx\/tienda\/?post_type=product&#038;p=1819"},"modified":"2023-09-18T15:29:43","modified_gmt":"2023-09-18T15:29:43","slug":"registrador-de-datos-reutilizable-flashlink-200c-con-cryo-probe-modelo-40565","status":"publish","type":"product","link":"https:\/\/abaa.mx\/tienda\/registrador-de-datos-reutilizable-flashlink-200c-con-cryo-probe-modelo-40565\/","title":{"rendered":"Registrador de datos reutilizable flashlink -200\u00b0c con cryo probe Modelo 40565"},"content":{"rendered":"<h1>Registrador de datos reutilizable flashlink\u00a0-200\u00b0c con cryo probe<\/h1>\n<h3><strong>Modelo\u00a040565<\/strong><\/h3>\n<div class=\"prod-intro\">\n<ul>\n<li>Sonda criog\u00e9nica externa de un solo canal.<\/li>\n<li>Genera autom\u00e1ticamente un informe PDF y un archivo CSV.<\/li>\n<li>Gran pantalla LCD f\u00e1cil de leer.<\/li>\n<li>Software FlashLink Program Manager en varios idiomas.<\/li>\n<li>An\u00e1lisis resumido de datos, con informaci\u00f3n de alarma.<\/li>\n<li>Alarmas sonoras y\/o visuales.<\/li>\n<li>Minutos de grado y c\u00e1lculos de MKT.<\/li>\n<li>Indicador de bater\u00eda baja en la pantalla LCD.<\/li>\n<\/ul>\n<\/div>\n<div class=\"prod-app\"><b>Aplicaciones:<\/b> Transporte de Esperma Congelado, Huevos Congelados, Medicamentos de Regeneraci\u00f3n como Aplicaciones Criog\u00e9nicas.<\/div>\n<div>\n<p>USB PDF Data Logger con sonda especial de acero inoxidable permite mediciones de temperatura de -200 \u00b0 C a 40 \u00b0 C para aplicaciones criog\u00e9nicas como tanques de nitr\u00f3geno l\u00edquido. Este registrador reutilizable monitorea temperaturas extremadamente bajas Ideal para monitorear tanques de nitr\u00f3geno l\u00edquido con hielo seco donde los huevos y embriones congelados se almacenan t\u00edpicamente. Los datos se analizan para identificar tendencias y patrones, luego se utilizan para mejorar las pr\u00e1cticas de gesti\u00f3n en \u00e1reas como el procesamiento y la log\u00edstica de la cadena de fr\u00edo. Los informes en PDF se pueden archivar para el mantenimiento de registros, auditor\u00edas y para cumplir con HACCP, FSMA y otros requisitos reglamentarios.<\/p>\n<p>Un conector USB incorporado facilita la programaci\u00f3n y descarga del registrador sin dispositivos de lectura especiales. El software FlashLink Program Manager permite a los usuarios configurar par\u00e1metros de registro, como intervalos de muestra, l\u00edmites de alarma alta\/baja, inicio autom\u00e1tico o manual y retraso de alarma. Los informes en PDF muestran el historial de temperatura como un gr\u00e1fico con an\u00e1lisis de resumen, as\u00ed como en formato de tabla. La caracter\u00edstica \u00fanica de esta unidad es el software integrado, lo que lo convierte en un registrador plug-and-play que permite al personal en el campo un acceso r\u00e1pido a los informes de temperatura. Los datos se pueden descargar a una PC o tableta con puerto USB, sin necesidad de instalar el software FlashLink Program Manager en computadoras adicionales.<\/p>\n<h2 class=\"rl_tabs-title nn_tabs-title\">Modelos<\/h2>\n<table>\n<thead>\n<tr>\n<th scope=\"col\">Modelo<\/th>\n<th scope=\"col\"><\/th>\n<\/tr>\n<\/thead>\n<tbody>\n<tr>\n<td>40565<\/td>\n<td>Incluye Certificado de Cumplimiento del Fabricante<\/td>\n<\/tr>\n<tr>\n<td>40565-01<\/td>\n<td>Incluye Certificado de Calibraci\u00f3n ISO 17025 de 2 a\u00f1os<\/td>\n<\/tr>\n<\/tbody>\n<\/table>\n<h2 class=\"rl_tabs-title nn_tabs-title\"><span>Especificaciones<\/span><\/h2>\n<table>\n<caption><span>Registrador de datos reutilizable FlashLink -200\u00b0C con Cryo Probe<\/span><\/caption>\n<thead>\n<tr>\n<th scope=\"col\">Caracter\u00edstica<\/th>\n<th scope=\"col\">Especificaci\u00f3n<\/th>\n<\/tr>\n<\/thead>\n<tfoot>\n<tr>\n<td colspan=\"2\"><\/td>\n<\/tr>\n<\/tfoot>\n<tbody>\n<tr>\n<td>Rango de Medici\u00f3n de la Sonda<\/td>\n<td>-328\u00b0F a 104\u00b0F (-200\u00b0C a 40\u00b0C)<\/td>\n<\/tr>\n<tr>\n<td>Rango de Operaci\u00f3n<\/td>\n<td>-4\u00b0F a 122\u00b0F (-20\u00b0C a 50\u00b0C)<\/td>\n<\/tr>\n<tr>\n<td>Resoluci\u00f3n de Temperatura<\/td>\n<td>0.1\u00b0F\/\u00b0C<\/td>\n<\/tr>\n<tr>\n<td>Precisi\u00f3n<\/td>\n<td>\u00b11.0\u00baF, de -320.8\u00baF a 104\u00baF<br \/>\n(\u00b10.5\u00baC, de -196\u00baC a 40\u00baC)<\/td>\n<\/tr>\n<tr>\n<td>Capacidad de Datos<\/td>\n<td>16,000 puntos de datos<\/td>\n<\/tr>\n<tr>\n<td>Bater\u00eda<\/td>\n<td>Dos bater\u00edas de litio AAA, Indicador en % de bater\u00eda restante<\/td>\n<\/tr>\n<tr>\n<td>Dimensiones\/Cuerpo<\/td>\n<td>1.575 pulg x 3.66 pulg x 0.94 pulg (40 mm x 93 mm x 24 mm)<\/td>\n<\/tr>\n<tr>\n<td>Cubierta<\/td>\n<td>Pl\u00e1stico ABS<\/td>\n<\/tr>\n<tr>\n<td>Tama\u00f1o de la Sonda<\/td>\n<td>0,25 pulg. de di\u00e1metro (6,35 mm de di\u00e1metro) x 1,98 pulg. de largo (50 mm de largo), 3,3 pies (1 m) de PTFE con malla tejida de acero inoxidable<\/td>\n<\/tr>\n<tr>\n<td>Peso<\/td>\n<td>2.92 onzas (83 gramos)<\/td>\n<\/tr>\n<tr>\n<td>Certificaci\u00f3n<\/td>\n<td>Certificado de Calibraci\u00f3n ISO 17025 de 2 a\u00f1os (A2LA), Certificado de Calibraci\u00f3n NIST de 1 a\u00f1o y Certificado de Cumplimiento del Fabricante disponible<\/td>\n<\/tr>\n<tr>\n<td>Cumplimiento de la FAA<\/td>\n<td>RTCA\/DO-160<\/td>\n<\/tr>\n<tr>\n<td>Pantalla<\/td>\n<td>LCD, Alarma LED roja<\/td>\n<\/tr>\n<tr>\n<td>Clasificaci\u00f3n Impermeable<\/td>\n<td>IP64 con la tapa de silic\u00f3n puesta<\/td>\n<\/tr>\n<tr>\n<td>Condiciones de Almacenaje<\/td>\n<td>-4\u00b0F a 122\u00b0F (-20\u00b0C a\u00a050\u00b0C) 0% a\u00a095% de Humedad Relativa<\/td>\n<\/tr>\n<tr>\n<td>Requisitos del Sistema<\/td>\n<td>PC con sistema operativo actual Windows y\u00a0Lector Adobe<\/td>\n<\/tr>\n<tr>\n<td>Programaci\u00f3n<\/td>\n<td>Software de Administraci\u00f3n de Programas FlashLink<\/td>\n<\/tr>\n<tr>\n<td>Requisitos para Descarga<\/td>\n<td>Conexi\u00f3n de USB directa a la PC<\/td>\n<\/tr>\n<\/tbody>\n<\/table>\n<\/div>\n<div class=\"prod-bottom\">\n<div class=\"prod-desc\"><\/div>\n<\/div>\n<p>&nbsp;<\/p>\n","protected":false},"excerpt":{"rendered":"<h3><strong>Caracter\u00edsticas\u00a0<\/strong><\/h3>\n<div class=\"prod-intro\">\n<ul>\n<li>Sonda criog\u00e9nica externa de un solo canal.<\/li>\n<li>Genera autom\u00e1ticamente un informe PDF y un archivo CSV.<\/li>\n<li>Gran pantalla LCD f\u00e1cil de leer.<\/li>\n<li>Software FlashLink Program Manager en varios idiomas.<\/li>\n<li>An\u00e1lisis resumido de datos, con informaci\u00f3n de alarma.<\/li>\n<li>Alarmas sonoras y\/o visuales.<\/li>\n<li>Minutos de grado y c\u00e1lculos de MKT.<\/li>\n<li>Indicador de bater\u00eda baja en la pantalla LCD.<\/li>\n<\/ul>\n<\/div>\n","protected":false},"featured_media":1820,"comment_status":"open","ping_status":"closed","template":"","meta":{"_joinchat":[]},"product_brand":[],"product_cat":[15],"product_tag":[],"class_list":{"0":"post-1819","1":"product","2":"type-product","3":"status-publish","4":"has-post-thumbnail","6":"product_cat-sin-categorizar","8":"first","9":"instock","10":"shipping-taxable","11":"product-type-simple"},"yoast_head":"<!-- This site is optimized with the Yoast SEO plugin v26.4 - https:\/\/yoast.com\/wordpress\/plugins\/seo\/ -->\n<title>Registrador de datos reutilizable flashlink -200\u00b0c con cryo probe Modelo 40565 - Abaa tienda online<\/title>\n<meta name=\"robots\" content=\"index, follow, max-snippet:-1, max-image-preview:large, max-video-preview:-1\" \/>\n<link rel=\"canonical\" href=\"https:\/\/abaa.mx\/tienda\/registrador-de-datos-reutilizable-flashlink-200c-con-cryo-probe-modelo-40565\/\" \/>\n<meta property=\"og:locale\" content=\"es_MX\" \/>\n<meta property=\"og:type\" content=\"article\" \/>\n<meta property=\"og:title\" content=\"Registrador de datos reutilizable flashlink -200\u00b0c con cryo probe Modelo 40565 - Abaa tienda online\" \/>\n<meta property=\"og:description\" content=\"Caracter\u00edsticas\u00a0    Sonda criog\u00e9nica externa de un solo canal.  Genera autom\u00e1ticamente un informe PDF y un archivo CSV.  Gran pantalla LCD f\u00e1cil de leer.  Software FlashLink Program Manager en varios idiomas.  An\u00e1lisis resumido de datos, con informaci\u00f3n de alarma.  Alarmas sonoras y\/o visuales.  Minutos de grado y c\u00e1lculos de MKT.  Indicador de bater\u00eda baja en la pantalla LCD.\" \/>\n<meta property=\"og:url\" content=\"https:\/\/abaa.mx\/tienda\/registrador-de-datos-reutilizable-flashlink-200c-con-cryo-probe-modelo-40565\/\" \/>\n<meta property=\"og:site_name\" content=\"Abaa tienda online\" \/>\n<meta property=\"og:image\" content=\"https:\/\/abaa.mx\/tienda\/wp-content\/uploads\/2023\/09\/40565.jpg\" \/>\n\t<meta property=\"og:image:width\" content=\"452\" \/>\n\t<meta property=\"og:image:height\" content=\"452\" \/>\n\t<meta property=\"og:image:type\" content=\"image\/jpeg\" \/>\n<meta name=\"twitter:card\" content=\"summary_large_image\" \/>\n<meta name=\"twitter:label1\" content=\"Tiempo de lectura\" \/>\n\t<meta name=\"twitter:data1\" content=\"3 minutos\" \/>\n<script type=\"application\/ld+json\" class=\"yoast-schema-graph\">{\"@context\":\"https:\/\/schema.org\",\"@graph\":[{\"@type\":\"WebPage\",\"@id\":\"https:\/\/abaa.mx\/tienda\/registrador-de-datos-reutilizable-flashlink-200c-con-cryo-probe-modelo-40565\/\",\"url\":\"https:\/\/abaa.mx\/tienda\/registrador-de-datos-reutilizable-flashlink-200c-con-cryo-probe-modelo-40565\/\",\"name\":\"Registrador de datos reutilizable flashlink -200\u00b0c con cryo probe Modelo 40565 - Abaa tienda online\",\"isPartOf\":{\"@id\":\"https:\/\/abaa.mx\/tienda\/#website\"},\"primaryImageOfPage\":{\"@id\":\"https:\/\/abaa.mx\/tienda\/registrador-de-datos-reutilizable-flashlink-200c-con-cryo-probe-modelo-40565\/#primaryimage\"},\"image\":{\"@id\":\"https:\/\/abaa.mx\/tienda\/registrador-de-datos-reutilizable-flashlink-200c-con-cryo-probe-modelo-40565\/#primaryimage\"},\"thumbnailUrl\":\"https:\/\/abaa.mx\/tienda\/wp-content\/uploads\/2023\/09\/40565.jpg\",\"datePublished\":\"2023-09-18T15:29:43+00:00\",\"breadcrumb\":{\"@id\":\"https:\/\/abaa.mx\/tienda\/registrador-de-datos-reutilizable-flashlink-200c-con-cryo-probe-modelo-40565\/#breadcrumb\"},\"inLanguage\":\"es\",\"potentialAction\":[{\"@type\":\"ReadAction\",\"target\":[\"https:\/\/abaa.mx\/tienda\/registrador-de-datos-reutilizable-flashlink-200c-con-cryo-probe-modelo-40565\/\"]}]},{\"@type\":\"ImageObject\",\"inLanguage\":\"es\",\"@id\":\"https:\/\/abaa.mx\/tienda\/registrador-de-datos-reutilizable-flashlink-200c-con-cryo-probe-modelo-40565\/#primaryimage\",\"url\":\"https:\/\/abaa.mx\/tienda\/wp-content\/uploads\/2023\/09\/40565.jpg\",\"contentUrl\":\"https:\/\/abaa.mx\/tienda\/wp-content\/uploads\/2023\/09\/40565.jpg\",\"width\":452,\"height\":452,\"caption\":\"registrador-de-datos-reutilizable-flashlink-200c-con-cryo-probe-modelo-40565\"},{\"@type\":\"BreadcrumbList\",\"@id\":\"https:\/\/abaa.mx\/tienda\/registrador-de-datos-reutilizable-flashlink-200c-con-cryo-probe-modelo-40565\/#breadcrumb\",\"itemListElement\":[{\"@type\":\"ListItem\",\"position\":1,\"name\":\"Inicio\",\"item\":\"https:\/\/abaa.mx\/tienda\/\"},{\"@type\":\"ListItem\",\"position\":2,\"name\":\"Tienda\",\"item\":\"https:\/\/abaa.mx\/tienda\/\"},{\"@type\":\"ListItem\",\"position\":3,\"name\":\"Registrador de datos reutilizable flashlink -200\u00b0c con cryo probe Modelo 40565\"}]},{\"@type\":\"WebSite\",\"@id\":\"https:\/\/abaa.mx\/tienda\/#website\",\"url\":\"https:\/\/abaa.mx\/tienda\/\",\"name\":\"Abaa tienda online\",\"description\":\"Instrumentos de medici\u00f3n\",\"publisher\":{\"@id\":\"https:\/\/abaa.mx\/tienda\/#organization\"},\"potentialAction\":[{\"@type\":\"SearchAction\",\"target\":{\"@type\":\"EntryPoint\",\"urlTemplate\":\"https:\/\/abaa.mx\/tienda\/?s={search_term_string}\"},\"query-input\":{\"@type\":\"PropertyValueSpecification\",\"valueRequired\":true,\"valueName\":\"search_term_string\"}}],\"inLanguage\":\"es\"},{\"@type\":\"Organization\",\"@id\":\"https:\/\/abaa.mx\/tienda\/#organization\",\"name\":\"Abaa tienda online\",\"url\":\"https:\/\/abaa.mx\/tienda\/\",\"logo\":{\"@type\":\"ImageObject\",\"inLanguage\":\"es\",\"@id\":\"https:\/\/abaa.mx\/tienda\/#\/schema\/logo\/image\/\",\"url\":\"https:\/\/abaa.mx\/tienda\/wp-content\/uploads\/2024\/01\/abaa-metrologia-tienda.png\",\"contentUrl\":\"https:\/\/abaa.mx\/tienda\/wp-content\/uploads\/2024\/01\/abaa-metrologia-tienda.png\",\"width\":300,\"height\":141,\"caption\":\"Abaa tienda online\"},\"image\":{\"@id\":\"https:\/\/abaa.mx\/tienda\/#\/schema\/logo\/image\/\"}}]}<\/script>\n<!-- \/ Yoast SEO plugin. -->","yoast_head_json":{"title":"Registrador de datos reutilizable flashlink -200\u00b0c con cryo probe Modelo 40565 - Abaa tienda online","robots":{"index":"index","follow":"follow","max-snippet":"max-snippet:-1","max-image-preview":"max-image-preview:large","max-video-preview":"max-video-preview:-1"},"canonical":"https:\/\/abaa.mx\/tienda\/registrador-de-datos-reutilizable-flashlink-200c-con-cryo-probe-modelo-40565\/","og_locale":"es_MX","og_type":"article","og_title":"Registrador de datos reutilizable flashlink -200\u00b0c con cryo probe Modelo 40565 - Abaa tienda online","og_description":"Caracter\u00edsticas\u00a0    Sonda criog\u00e9nica externa de un solo canal.  Genera autom\u00e1ticamente un informe PDF y un archivo CSV.  Gran pantalla LCD f\u00e1cil de leer.  Software FlashLink Program Manager en varios idiomas.  An\u00e1lisis resumido de datos, con informaci\u00f3n de alarma.  Alarmas sonoras y\/o visuales.  Minutos de grado y c\u00e1lculos de MKT.  Indicador de bater\u00eda baja en la pantalla LCD.","og_url":"https:\/\/abaa.mx\/tienda\/registrador-de-datos-reutilizable-flashlink-200c-con-cryo-probe-modelo-40565\/","og_site_name":"Abaa tienda online","og_image":[{"width":452,"height":452,"url":"https:\/\/abaa.mx\/tienda\/wp-content\/uploads\/2023\/09\/40565.jpg","type":"image\/jpeg"}],"twitter_card":"summary_large_image","twitter_misc":{"Tiempo de lectura":"3 minutos"},"schema":{"@context":"https:\/\/schema.org","@graph":[{"@type":"WebPage","@id":"https:\/\/abaa.mx\/tienda\/registrador-de-datos-reutilizable-flashlink-200c-con-cryo-probe-modelo-40565\/","url":"https:\/\/abaa.mx\/tienda\/registrador-de-datos-reutilizable-flashlink-200c-con-cryo-probe-modelo-40565\/","name":"Registrador de datos reutilizable flashlink -200\u00b0c con cryo probe Modelo 40565 - Abaa tienda online","isPartOf":{"@id":"https:\/\/abaa.mx\/tienda\/#website"},"primaryImageOfPage":{"@id":"https:\/\/abaa.mx\/tienda\/registrador-de-datos-reutilizable-flashlink-200c-con-cryo-probe-modelo-40565\/#primaryimage"},"image":{"@id":"https:\/\/abaa.mx\/tienda\/registrador-de-datos-reutilizable-flashlink-200c-con-cryo-probe-modelo-40565\/#primaryimage"},"thumbnailUrl":"https:\/\/abaa.mx\/tienda\/wp-content\/uploads\/2023\/09\/40565.jpg","datePublished":"2023-09-18T15:29:43+00:00","breadcrumb":{"@id":"https:\/\/abaa.mx\/tienda\/registrador-de-datos-reutilizable-flashlink-200c-con-cryo-probe-modelo-40565\/#breadcrumb"},"inLanguage":"es","potentialAction":[{"@type":"ReadAction","target":["https:\/\/abaa.mx\/tienda\/registrador-de-datos-reutilizable-flashlink-200c-con-cryo-probe-modelo-40565\/"]}]},{"@type":"ImageObject","inLanguage":"es","@id":"https:\/\/abaa.mx\/tienda\/registrador-de-datos-reutilizable-flashlink-200c-con-cryo-probe-modelo-40565\/#primaryimage","url":"https:\/\/abaa.mx\/tienda\/wp-content\/uploads\/2023\/09\/40565.jpg","contentUrl":"https:\/\/abaa.mx\/tienda\/wp-content\/uploads\/2023\/09\/40565.jpg","width":452,"height":452,"caption":"registrador-de-datos-reutilizable-flashlink-200c-con-cryo-probe-modelo-40565"},{"@type":"BreadcrumbList","@id":"https:\/\/abaa.mx\/tienda\/registrador-de-datos-reutilizable-flashlink-200c-con-cryo-probe-modelo-40565\/#breadcrumb","itemListElement":[{"@type":"ListItem","position":1,"name":"Inicio","item":"https:\/\/abaa.mx\/tienda\/"},{"@type":"ListItem","position":2,"name":"Tienda","item":"https:\/\/abaa.mx\/tienda\/"},{"@type":"ListItem","position":3,"name":"Registrador de datos reutilizable flashlink -200\u00b0c con cryo probe Modelo 40565"}]},{"@type":"WebSite","@id":"https:\/\/abaa.mx\/tienda\/#website","url":"https:\/\/abaa.mx\/tienda\/","name":"Abaa tienda online","description":"Instrumentos de medici\u00f3n","publisher":{"@id":"https:\/\/abaa.mx\/tienda\/#organization"},"potentialAction":[{"@type":"SearchAction","target":{"@type":"EntryPoint","urlTemplate":"https:\/\/abaa.mx\/tienda\/?s={search_term_string}"},"query-input":{"@type":"PropertyValueSpecification","valueRequired":true,"valueName":"search_term_string"}}],"inLanguage":"es"},{"@type":"Organization","@id":"https:\/\/abaa.mx\/tienda\/#organization","name":"Abaa tienda online","url":"https:\/\/abaa.mx\/tienda\/","logo":{"@type":"ImageObject","inLanguage":"es","@id":"https:\/\/abaa.mx\/tienda\/#\/schema\/logo\/image\/","url":"https:\/\/abaa.mx\/tienda\/wp-content\/uploads\/2024\/01\/abaa-metrologia-tienda.png","contentUrl":"https:\/\/abaa.mx\/tienda\/wp-content\/uploads\/2024\/01\/abaa-metrologia-tienda.png","width":300,"height":141,"caption":"Abaa tienda online"},"image":{"@id":"https:\/\/abaa.mx\/tienda\/#\/schema\/logo\/image\/"}}]}},"_links":{"self":[{"href":"https:\/\/abaa.mx\/tienda\/wp-json\/wp\/v2\/product\/1819","targetHints":{"allow":["GET"]}}],"collection":[{"href":"https:\/\/abaa.mx\/tienda\/wp-json\/wp\/v2\/product"}],"about":[{"href":"https:\/\/abaa.mx\/tienda\/wp-json\/wp\/v2\/types\/product"}],"replies":[{"embeddable":true,"href":"https:\/\/abaa.mx\/tienda\/wp-json\/wp\/v2\/comments?post=1819"}],"wp:featuredmedia":[{"embeddable":true,"href":"https:\/\/abaa.mx\/tienda\/wp-json\/wp\/v2\/media\/1820"}],"wp:attachment":[{"href":"https:\/\/abaa.mx\/tienda\/wp-json\/wp\/v2\/media?parent=1819"}],"wp:term":[{"taxonomy":"product_brand","embeddable":true,"href":"https:\/\/abaa.mx\/tienda\/wp-json\/wp\/v2\/product_brand?post=1819"},{"taxonomy":"product_cat","embeddable":true,"href":"https:\/\/abaa.mx\/tienda\/wp-json\/wp\/v2\/product_cat?post=1819"},{"taxonomy":"product_tag","embeddable":true,"href":"https:\/\/abaa.mx\/tienda\/wp-json\/wp\/v2\/product_tag?post=1819"}],"curies":[{"name":"wp","href":"https:\/\/api.w.org\/{rel}","templated":true}]}}