{"id":1818,"date":"2023-09-18T15:54:33","date_gmt":"2023-09-18T15:54:33","guid":{"rendered":"https:\/\/abaa.mx\/tienda\/?post_type=product&#038;p=1818"},"modified":"2023-09-18T15:54:33","modified_gmt":"2023-09-18T15:54:33","slug":"testo-176-h1-registrador-de-datos-para-temperatura-y-humedad","status":"publish","type":"product","link":"https:\/\/abaa.mx\/tienda\/testo-176-h1-registrador-de-datos-para-temperatura-y-humedad\/","title":{"rendered":"testo 176 h1 &#8211; registrador de datos para temperatura y humedad"},"content":{"rendered":"<p>\u00bfSe cumplen los valores de humedad y temperatura especificados en el almac\u00e9n y en los edificios? \u00bfEl moho en la vivienda es resultado de la falta de ventilaci\u00f3n o de da\u00f1os en la construcci\u00f3n? Con el registrador de datos de temperatura y humedad testo 176 H1 lo averiguar\u00e1.<\/p>\n<p>Se pueden conectar hasta dos sondas de temperatura o de temperatura\/humedad al registrador de datos de 4 canales testo 176 H1 y ubicar en distintos puntos de la estancia seg\u00fan las necesidades de medici\u00f3n. Para este fin cuenta con una amplia gama de sondas opcionales a su disposici\u00f3n.<\/p>\n<p>El candado suministrado protege el registrador de datos de temperatura y humedad contra accesos no autorizados.<\/p>\n<div class=\"m-list\">\n<ul class=\"list-elements\">\n<li>Medici\u00f3n y documentaci\u00f3n continuas de la temperatura, humedad relativa y punto de roc\u00edo<\/li>\n<li>Registro simult\u00e1neo de hasta dos valores de humedad y temperatura gracias a sondas conectables disponibles como opci\u00f3n<\/li>\n<li>Medici\u00f3n perfecta a largo plazo: amplia memoria para hasta 2 millones de valores de medici\u00f3n, duraci\u00f3n de la bater\u00eda hasta 8 a\u00f1os<\/li>\n<li>Para la evaluaci\u00f3n de datos en el ordenador hay tres versiones del software disponibles, la descarga de la versi\u00f3n b\u00e1sica es gratuita<\/li>\n<\/ul>\n<\/div>\n<p class=\"text\">El registrador de datos testo 176 H1 permite la supervisi\u00f3n de la temperatura y la humedad en el almac\u00e9n y en los edificios. Con el testo 176 H1 analizar\u00e1 si la aparici\u00f3n del moho en la vivienda se debe a la falta de ventilaci\u00f3n o a da\u00f1os en la construcci\u00f3n.<\/p>\n<div class=\"c2a-tabSection m-tabs\">\n<div id=\"tab-details\" class=\"large-12 column m-tab-pdp\">\n<div class=\"medium-8\">\n<article class=\"child-1 paragraph\">\n<h3>Seguridad y comodidad a todos los niveles<\/h3>\n<p>El registrador de datos para temperatura y humedad testo 176 H1 garantiza una alta seguridad de los datos y resultados fiables basados en la \u00faltima tecnolog\u00eda de medici\u00f3n.<\/p>\n<p>Adem\u00e1s de los valores de temperatura y humedad actuales, en la pantalla del registrador de datos testo 176 H1 se puede visualizar el punto de roc\u00edo (cuando se conecta una sonda de temperatura\/humedad). En la gran pantalla se pueden leer con facilidad los valores l\u00edmite programados, los valores m\u00ednimos y m\u00e1ximos, los incumplimientos de los valores l\u00edmite y la duraci\u00f3n de la bater\u00eda restante. Para obtener r\u00e1pidamente una visi\u00f3n de los datos no es necesario el ordenador para leer el registrador de temperatura y humedad.<\/p>\n<p>Gracias a la gran memoria de datos de medici\u00f3n de 2 millones de lecturas y a la duraci\u00f3n de la bater\u00eda de hasta 8 a\u00f1os, no tendr\u00e1 que leer los datos con frecuencia, incluso en intervalos de medici\u00f3n m\u00e1s cortos. Las pilas est\u00e1ndar (AA) pueden ser reemplazadas en cualquier momento por el mismo usuario.<\/p>\n<p>&nbsp;<\/p>\n<h3>Programaci\u00f3n y evaluaci\u00f3n del registrador de datos para temperatura y humedad<\/h3>\n<p>Para la programaci\u00f3n y la lectura del registrador de datos para temperatura y humedad, as\u00ed como para la evaluaci\u00f3n de los datos medidos en el ordenador, puede elegir entre tres versiones del software:<\/p>\n<ul>\n<li>ComSoft B\u00e1sico \u2013 disponible para su descarga gratuita \u2013 permite una programaci\u00f3n r\u00e1pida del registrador de datos as\u00ed como un an\u00e1lisis f\u00e1cil de los datos<\/li>\n<li>ComSoft Profesional \u2013 disponible opcionalmente \u2013 le ofrece varias posibilidades para la evaluaci\u00f3n detallada de los valores de temperatura y humedad<\/li>\n<li>ComSoft CFR 21 Parte 11 \u2013 disponible opcionalmente \u2013 ideal para los requisitos especiales de acuerdo con CFR 21 parte 11 en el sector farmac\u00e9utico<\/li>\n<\/ul>\n<p>Atenci\u00f3n: Para la programaci\u00f3n del registrador de datos para temperatura y humedad necesita un cable USB que no viene incluido en el suministro. La transmisi\u00f3n de los valores de medici\u00f3n desde el registrador de datos al ordenador se puede hacer a trav\u00e9s del cable USB o con una tarjeta SD \u2013 ambos pueden solicitarlos como accesorios opcionales con la compra del testo 176 H1.<\/p>\n<p>&nbsp;<\/p>\n<h3>\u00c1reas de aplicaci\u00f3n para el registrador de datos de temperatura y humedad<\/h3>\n<ul>\n<li>Supervisi\u00f3n y documentaci\u00f3n de la climatizaci\u00f3n de edificios<\/li>\n<li>Supervisi\u00f3n y documentaci\u00f3n de la temperatura y humedad de almacenamiento<\/li>\n<li>Moho en la vivienda: Con el registrador de datos de temperatura y humedad averiguar\u00e1 si la humedad y el moho en techos y paredes son consecuencia de da\u00f1os en las construcciones o se deben a una ventilaci\u00f3n incorrecta<\/li>\n<\/ul>\n<p>Haga clic en la pesta\u00f1a &#8220;Aplicaciones&#8221; para informarse m\u00e1s al respecto.<\/p>\n<p>&nbsp;<\/p>\n<h3>Volumen de suministro<\/h3>\n<p>Registrador de datos de 4 canales para temperatura y humedad testo 176 H1 con conexiones de sondas externas (NTC\/sensor de humedad capacitivo), se incluye soporte para pared, candado, bater\u00eda y protocolo de calibraci\u00f3n.<\/p>\n<p>&nbsp;<\/p>\n<\/article>\n<h3>Volumen de suministro<\/h3>\n<article class=\"child-2 paragraph\">4-channel data logger for temperature and humidity testo 176 H1 with external probe connections (NTC\/capacitive humidity sensor), including wall bracket, battery and calibration protocol.<\/p>\n<\/article>\n<\/div>\n<div class=\"medium-4\">\n<div class=\"m-cert large-12 column\"><\/div>\n<\/div>\n<\/div>\n<\/div>\n<hr \/>\n<div class=\"c2a-tabSection m-tabs\">\n<div id=\"tab-technicalData\" class=\"large-12 column m-data-tab\">\n<h2>Datos t\u00e9cnicos<\/h2>\n<table>\n<colgroup>\n<col class=\"colWidth25\" \/>\n<col \/><\/colgroup>\n<thead>\n<tr>\n<th colspan=\"2\">Datos t\u00e9cnicos generales<\/th>\n<\/tr>\n<\/thead>\n<tbody>\n<tr>\n<td class=\"table-bold\">Peso<\/td>\n<td>220 g<\/td>\n<\/tr>\n<tr>\n<td class=\"table-bold\">Medidas<\/td>\n<td>103 X 63 X 33 mm<\/td>\n<\/tr>\n<tr>\n<td class=\"table-bold\">Temperatura de funcionamiento<\/td>\n<td>-20 hasta +70 \u00baC<\/td>\n<\/tr>\n<tr>\n<td class=\"table-bold\">Material de la carcasa \/ del producto<\/td>\n<td>Pl\u00e1stico<\/td>\n<\/tr>\n<tr>\n<td class=\"table-bold\">Clase de protecci\u00f3n<\/td>\n<td>IP65<\/td>\n<\/tr>\n<tr>\n<td class=\"table-bold\">Canales<\/td>\n<td>4 interno<\/td>\n<\/tr>\n<tr>\n<td class=\"table-bold\">Sondas conectables<\/td>\n<td>2 x sonda de temperatura NTC o 2 x sonda de humedad<\/td>\n<\/tr>\n<tr>\n<td class=\"table-bold\">Color del producto<\/td>\n<td>Negro<\/td>\n<\/tr>\n<tr>\n<td class=\"table-bold\">Norma<\/td>\n<td>Directriz UE 2014\/30\/EU; 2011\/65\/EU<\/td>\n<\/tr>\n<tr>\n<td class=\"table-bold\">Intervalo de medici\u00f3n<\/td>\n<td>1 s hasta 24 h; 2 s &#8211; 24 h (medici\u00f3n online)<\/td>\n<\/tr>\n<tr>\n<td class=\"table-bold\">Tipo de bater\u00eda<\/td>\n<td>1 pila alcalina de manganeso (litio, TL-5903)<\/td>\n<\/tr>\n<tr>\n<td class=\"table-bold\">Autonom\u00eda<\/td>\n<td>8 a\u00f1os a 15 min. intervalo med., +25 \u00b0C<\/td>\n<\/tr>\n<tr>\n<td class=\"table-bold\">Interfaces<\/td>\n<td>mini usb, ranura para tarjeta SD<\/td>\n<\/tr>\n<tr>\n<td class=\"table-bold\">Memoria<\/td>\n<td>2.000.000 valor medido<\/td>\n<\/tr>\n<tr>\n<td class=\"table-bold\">Temperatura de almacenamiento<\/td>\n<td>-40 hasta +85 \u00baC<\/td>\n<\/tr>\n<\/tbody>\n<\/table>\n<table>\n<colgroup>\n<col class=\"colWidth25\" \/>\n<col \/><\/colgroup>\n<thead>\n<tr>\n<th colspan=\"2\">NTC<\/th>\n<\/tr>\n<\/thead>\n<tbody>\n<tr>\n<td class=\"table-bold\">Rango<\/td>\n<td>-20 hasta +70 \u00baC<\/td>\n<\/tr>\n<tr>\n<td class=\"table-bold\">Exactitud<\/td>\n<td>\u00b10,2 \u00baC (-20 hasta +70 \u00baC) \u00b11 Digito<\/p>\n<p>\u00b10,4 \u00baC (Resto rango) \u00b11 Digito<\/td>\n<\/tr>\n<tr>\n<td class=\"table-bold\">Resoluci\u00f3n<\/td>\n<td>0,1 \u00baC<\/td>\n<\/tr>\n<\/tbody>\n<\/table>\n<table>\n<colgroup>\n<col class=\"colWidth25\" \/>\n<col \/><\/colgroup>\n<thead>\n<tr>\n<th colspan=\"2\">Humedad &#8211; capacitivo<\/th>\n<\/tr>\n<\/thead>\n<tbody>\n<tr>\n<td class=\"table-bold\">Rango<\/td>\n<td>0 hasta 100 %HR*<\/td>\n<\/tr>\n<tr>\n<td class=\"table-bold\">Exactitud<\/td>\n<td>seg\u00fan la sonda escogida<\/td>\n<\/tr>\n<tr>\n<td class=\"table-bold\">Resoluci\u00f3n<\/td>\n<td>0,1 %HR<\/td>\n<\/tr>\n<\/tbody>\n<\/table>\n<\/div>\n<\/div>\n","protected":false},"excerpt":{"rendered":"<p>\u00bfSe cumplen los valores de humedad y temperatura especificados en el almac\u00e9n y en los edificios? \u00bfEl moho en la vivienda es resultado de la falta de ventilaci\u00f3n o de da\u00f1os en la construcci\u00f3n? Con el registrador de datos de temperatura y humedad testo 176 H1 lo averiguar\u00e1.<\/p>\n<p>Se pueden conectar hasta dos sondas de temperatura o de temperatura\/humedad al registrador de datos de 4 canales testo 176 H1 y ubicar en distintos puntos de la estancia seg\u00fan las necesidades de medici\u00f3n. Para este fin cuenta con una amplia gama de sondas opcionales a su disposici\u00f3n.<\/p>\n<p>El candado suministrado protege el registrador de datos de temperatura y humedad contra accesos no autorizados.<\/p>\n","protected":false},"featured_media":1823,"comment_status":"open","ping_status":"closed","template":"","meta":{"_joinchat":[]},"product_brand":[],"product_cat":[15],"product_tag":[],"class_list":{"0":"post-1818","1":"product","2":"type-product","3":"status-publish","4":"has-post-thumbnail","6":"product_cat-sin-categorizar","8":"first","9":"instock","10":"shipping-taxable","11":"product-type-simple"},"yoast_head":"<!-- This site is optimized with the Yoast SEO plugin v26.4 - https:\/\/yoast.com\/wordpress\/plugins\/seo\/ -->\n<title>testo 176 h1 - registrador de datos para temperatura y humedad - Abaa tienda online<\/title>\n<meta name=\"robots\" content=\"index, follow, max-snippet:-1, max-image-preview:large, max-video-preview:-1\" \/>\n<link rel=\"canonical\" href=\"https:\/\/abaa.mx\/tienda\/testo-176-h1-registrador-de-datos-para-temperatura-y-humedad\/\" \/>\n<meta property=\"og:locale\" content=\"es_MX\" \/>\n<meta property=\"og:type\" content=\"article\" \/>\n<meta property=\"og:title\" content=\"testo 176 h1 - registrador de datos para temperatura y humedad - Abaa tienda online\" \/>\n<meta property=\"og:description\" content=\"\u00bfSe cumplen los valores de humedad y temperatura especificados en el almac\u00e9n y en los edificios? \u00bfEl moho en la vivienda es resultado de la falta de ventilaci\u00f3n o de da\u00f1os en la construcci\u00f3n? Con el registrador de datos de temperatura y humedad testo 176 H1 lo averiguar\u00e1.  Se pueden conectar hasta dos sondas de temperatura o de temperatura\/humedad al registrador de datos de 4 canales testo 176 H1 y ubicar en distintos puntos de la estancia seg\u00fan las necesidades de medici\u00f3n. Para este fin cuenta con una amplia gama de sondas opcionales a su disposici\u00f3n.  El candado suministrado protege el registrador de datos de temperatura y humedad contra accesos no autorizados.\" \/>\n<meta property=\"og:url\" content=\"https:\/\/abaa.mx\/tienda\/testo-176-h1-registrador-de-datos-para-temperatura-y-humedad\/\" \/>\n<meta property=\"og:site_name\" content=\"Abaa tienda online\" \/>\n<meta property=\"og:image\" content=\"https:\/\/abaa.mx\/tienda\/wp-content\/uploads\/2023\/09\/testo-176-h1.jpg\" \/>\n\t<meta property=\"og:image:width\" content=\"660\" \/>\n\t<meta property=\"og:image:height\" content=\"495\" \/>\n\t<meta property=\"og:image:type\" content=\"image\/jpeg\" \/>\n<meta name=\"twitter:card\" content=\"summary_large_image\" \/>\n<meta name=\"twitter:label1\" content=\"Tiempo de lectura\" \/>\n\t<meta name=\"twitter:data1\" content=\"5 minutos\" \/>\n<script type=\"application\/ld+json\" class=\"yoast-schema-graph\">{\"@context\":\"https:\/\/schema.org\",\"@graph\":[{\"@type\":\"WebPage\",\"@id\":\"https:\/\/abaa.mx\/tienda\/testo-176-h1-registrador-de-datos-para-temperatura-y-humedad\/\",\"url\":\"https:\/\/abaa.mx\/tienda\/testo-176-h1-registrador-de-datos-para-temperatura-y-humedad\/\",\"name\":\"testo 176 h1 - registrador de datos para temperatura y humedad - Abaa tienda online\",\"isPartOf\":{\"@id\":\"https:\/\/abaa.mx\/tienda\/#website\"},\"primaryImageOfPage\":{\"@id\":\"https:\/\/abaa.mx\/tienda\/testo-176-h1-registrador-de-datos-para-temperatura-y-humedad\/#primaryimage\"},\"image\":{\"@id\":\"https:\/\/abaa.mx\/tienda\/testo-176-h1-registrador-de-datos-para-temperatura-y-humedad\/#primaryimage\"},\"thumbnailUrl\":\"https:\/\/abaa.mx\/tienda\/wp-content\/uploads\/2023\/09\/testo-176-h1.jpg\",\"datePublished\":\"2023-09-18T15:54:33+00:00\",\"breadcrumb\":{\"@id\":\"https:\/\/abaa.mx\/tienda\/testo-176-h1-registrador-de-datos-para-temperatura-y-humedad\/#breadcrumb\"},\"inLanguage\":\"es\",\"potentialAction\":[{\"@type\":\"ReadAction\",\"target\":[\"https:\/\/abaa.mx\/tienda\/testo-176-h1-registrador-de-datos-para-temperatura-y-humedad\/\"]}]},{\"@type\":\"ImageObject\",\"inLanguage\":\"es\",\"@id\":\"https:\/\/abaa.mx\/tienda\/testo-176-h1-registrador-de-datos-para-temperatura-y-humedad\/#primaryimage\",\"url\":\"https:\/\/abaa.mx\/tienda\/wp-content\/uploads\/2023\/09\/testo-176-h1.jpg\",\"contentUrl\":\"https:\/\/abaa.mx\/tienda\/wp-content\/uploads\/2023\/09\/testo-176-h1.jpg\",\"width\":660,\"height\":495,\"caption\":\"testo 176 h1\"},{\"@type\":\"BreadcrumbList\",\"@id\":\"https:\/\/abaa.mx\/tienda\/testo-176-h1-registrador-de-datos-para-temperatura-y-humedad\/#breadcrumb\",\"itemListElement\":[{\"@type\":\"ListItem\",\"position\":1,\"name\":\"Inicio\",\"item\":\"https:\/\/abaa.mx\/tienda\/\"},{\"@type\":\"ListItem\",\"position\":2,\"name\":\"Tienda\",\"item\":\"https:\/\/abaa.mx\/tienda\/\"},{\"@type\":\"ListItem\",\"position\":3,\"name\":\"testo 176 h1 &#8211; registrador de datos para temperatura y humedad\"}]},{\"@type\":\"WebSite\",\"@id\":\"https:\/\/abaa.mx\/tienda\/#website\",\"url\":\"https:\/\/abaa.mx\/tienda\/\",\"name\":\"Abaa tienda online\",\"description\":\"Instrumentos de medici\u00f3n\",\"publisher\":{\"@id\":\"https:\/\/abaa.mx\/tienda\/#organization\"},\"potentialAction\":[{\"@type\":\"SearchAction\",\"target\":{\"@type\":\"EntryPoint\",\"urlTemplate\":\"https:\/\/abaa.mx\/tienda\/?s={search_term_string}\"},\"query-input\":{\"@type\":\"PropertyValueSpecification\",\"valueRequired\":true,\"valueName\":\"search_term_string\"}}],\"inLanguage\":\"es\"},{\"@type\":\"Organization\",\"@id\":\"https:\/\/abaa.mx\/tienda\/#organization\",\"name\":\"Abaa tienda online\",\"url\":\"https:\/\/abaa.mx\/tienda\/\",\"logo\":{\"@type\":\"ImageObject\",\"inLanguage\":\"es\",\"@id\":\"https:\/\/abaa.mx\/tienda\/#\/schema\/logo\/image\/\",\"url\":\"https:\/\/abaa.mx\/tienda\/wp-content\/uploads\/2024\/01\/abaa-metrologia-tienda.png\",\"contentUrl\":\"https:\/\/abaa.mx\/tienda\/wp-content\/uploads\/2024\/01\/abaa-metrologia-tienda.png\",\"width\":300,\"height\":141,\"caption\":\"Abaa tienda online\"},\"image\":{\"@id\":\"https:\/\/abaa.mx\/tienda\/#\/schema\/logo\/image\/\"}}]}<\/script>\n<!-- \/ Yoast SEO plugin. -->","yoast_head_json":{"title":"testo 176 h1 - registrador de datos para temperatura y humedad - Abaa tienda online","robots":{"index":"index","follow":"follow","max-snippet":"max-snippet:-1","max-image-preview":"max-image-preview:large","max-video-preview":"max-video-preview:-1"},"canonical":"https:\/\/abaa.mx\/tienda\/testo-176-h1-registrador-de-datos-para-temperatura-y-humedad\/","og_locale":"es_MX","og_type":"article","og_title":"testo 176 h1 - registrador de datos para temperatura y humedad - Abaa tienda online","og_description":"\u00bfSe cumplen los valores de humedad y temperatura especificados en el almac\u00e9n y en los edificios? \u00bfEl moho en la vivienda es resultado de la falta de ventilaci\u00f3n o de da\u00f1os en la construcci\u00f3n? Con el registrador de datos de temperatura y humedad testo 176 H1 lo averiguar\u00e1.  Se pueden conectar hasta dos sondas de temperatura o de temperatura\/humedad al registrador de datos de 4 canales testo 176 H1 y ubicar en distintos puntos de la estancia seg\u00fan las necesidades de medici\u00f3n. Para este fin cuenta con una amplia gama de sondas opcionales a su disposici\u00f3n.  El candado suministrado protege el registrador de datos de temperatura y humedad contra accesos no autorizados.","og_url":"https:\/\/abaa.mx\/tienda\/testo-176-h1-registrador-de-datos-para-temperatura-y-humedad\/","og_site_name":"Abaa tienda online","og_image":[{"width":660,"height":495,"url":"https:\/\/abaa.mx\/tienda\/wp-content\/uploads\/2023\/09\/testo-176-h1.jpg","type":"image\/jpeg"}],"twitter_card":"summary_large_image","twitter_misc":{"Tiempo de lectura":"5 minutos"},"schema":{"@context":"https:\/\/schema.org","@graph":[{"@type":"WebPage","@id":"https:\/\/abaa.mx\/tienda\/testo-176-h1-registrador-de-datos-para-temperatura-y-humedad\/","url":"https:\/\/abaa.mx\/tienda\/testo-176-h1-registrador-de-datos-para-temperatura-y-humedad\/","name":"testo 176 h1 - registrador de datos para temperatura y humedad - Abaa tienda online","isPartOf":{"@id":"https:\/\/abaa.mx\/tienda\/#website"},"primaryImageOfPage":{"@id":"https:\/\/abaa.mx\/tienda\/testo-176-h1-registrador-de-datos-para-temperatura-y-humedad\/#primaryimage"},"image":{"@id":"https:\/\/abaa.mx\/tienda\/testo-176-h1-registrador-de-datos-para-temperatura-y-humedad\/#primaryimage"},"thumbnailUrl":"https:\/\/abaa.mx\/tienda\/wp-content\/uploads\/2023\/09\/testo-176-h1.jpg","datePublished":"2023-09-18T15:54:33+00:00","breadcrumb":{"@id":"https:\/\/abaa.mx\/tienda\/testo-176-h1-registrador-de-datos-para-temperatura-y-humedad\/#breadcrumb"},"inLanguage":"es","potentialAction":[{"@type":"ReadAction","target":["https:\/\/abaa.mx\/tienda\/testo-176-h1-registrador-de-datos-para-temperatura-y-humedad\/"]}]},{"@type":"ImageObject","inLanguage":"es","@id":"https:\/\/abaa.mx\/tienda\/testo-176-h1-registrador-de-datos-para-temperatura-y-humedad\/#primaryimage","url":"https:\/\/abaa.mx\/tienda\/wp-content\/uploads\/2023\/09\/testo-176-h1.jpg","contentUrl":"https:\/\/abaa.mx\/tienda\/wp-content\/uploads\/2023\/09\/testo-176-h1.jpg","width":660,"height":495,"caption":"testo 176 h1"},{"@type":"BreadcrumbList","@id":"https:\/\/abaa.mx\/tienda\/testo-176-h1-registrador-de-datos-para-temperatura-y-humedad\/#breadcrumb","itemListElement":[{"@type":"ListItem","position":1,"name":"Inicio","item":"https:\/\/abaa.mx\/tienda\/"},{"@type":"ListItem","position":2,"name":"Tienda","item":"https:\/\/abaa.mx\/tienda\/"},{"@type":"ListItem","position":3,"name":"testo 176 h1 &#8211; registrador de datos para temperatura y humedad"}]},{"@type":"WebSite","@id":"https:\/\/abaa.mx\/tienda\/#website","url":"https:\/\/abaa.mx\/tienda\/","name":"Abaa tienda online","description":"Instrumentos de medici\u00f3n","publisher":{"@id":"https:\/\/abaa.mx\/tienda\/#organization"},"potentialAction":[{"@type":"SearchAction","target":{"@type":"EntryPoint","urlTemplate":"https:\/\/abaa.mx\/tienda\/?s={search_term_string}"},"query-input":{"@type":"PropertyValueSpecification","valueRequired":true,"valueName":"search_term_string"}}],"inLanguage":"es"},{"@type":"Organization","@id":"https:\/\/abaa.mx\/tienda\/#organization","name":"Abaa tienda online","url":"https:\/\/abaa.mx\/tienda\/","logo":{"@type":"ImageObject","inLanguage":"es","@id":"https:\/\/abaa.mx\/tienda\/#\/schema\/logo\/image\/","url":"https:\/\/abaa.mx\/tienda\/wp-content\/uploads\/2024\/01\/abaa-metrologia-tienda.png","contentUrl":"https:\/\/abaa.mx\/tienda\/wp-content\/uploads\/2024\/01\/abaa-metrologia-tienda.png","width":300,"height":141,"caption":"Abaa tienda online"},"image":{"@id":"https:\/\/abaa.mx\/tienda\/#\/schema\/logo\/image\/"}}]}},"_links":{"self":[{"href":"https:\/\/abaa.mx\/tienda\/wp-json\/wp\/v2\/product\/1818","targetHints":{"allow":["GET"]}}],"collection":[{"href":"https:\/\/abaa.mx\/tienda\/wp-json\/wp\/v2\/product"}],"about":[{"href":"https:\/\/abaa.mx\/tienda\/wp-json\/wp\/v2\/types\/product"}],"replies":[{"embeddable":true,"href":"https:\/\/abaa.mx\/tienda\/wp-json\/wp\/v2\/comments?post=1818"}],"wp:featuredmedia":[{"embeddable":true,"href":"https:\/\/abaa.mx\/tienda\/wp-json\/wp\/v2\/media\/1823"}],"wp:attachment":[{"href":"https:\/\/abaa.mx\/tienda\/wp-json\/wp\/v2\/media?parent=1818"}],"wp:term":[{"taxonomy":"product_brand","embeddable":true,"href":"https:\/\/abaa.mx\/tienda\/wp-json\/wp\/v2\/product_brand?post=1818"},{"taxonomy":"product_cat","embeddable":true,"href":"https:\/\/abaa.mx\/tienda\/wp-json\/wp\/v2\/product_cat?post=1818"},{"taxonomy":"product_tag","embeddable":true,"href":"https:\/\/abaa.mx\/tienda\/wp-json\/wp\/v2\/product_tag?post=1818"}],"curies":[{"name":"wp","href":"https:\/\/api.w.org\/{rel}","templated":true}]}}