{"id":1815,"date":"2023-09-18T15:22:15","date_gmt":"2023-09-18T15:22:15","guid":{"rendered":"https:\/\/abaa.mx\/tienda\/?post_type=product&#038;p=1815"},"modified":"2023-09-18T15:22:16","modified_gmt":"2023-09-18T15:22:16","slug":"registrador-de-datos-reutilizable-flashlink-usb-pdf-con-sonda-externa-de-punta-roma-modelo-40520","status":"publish","type":"product","link":"https:\/\/abaa.mx\/tienda\/registrador-de-datos-reutilizable-flashlink-usb-pdf-con-sonda-externa-de-punta-roma-modelo-40520\/","title":{"rendered":"Registrador de datos reutilizable flashlink usb pdf con sonda externa de punta roma Modelo 40520"},"content":{"rendered":"<h1>Registrador de datos reutilizable flashlink USB pdf con sonda externa de punta roma<\/h1>\n<h3><strong>Modelo\u00a040520<\/strong><\/h3>\n<div class=\"prod-intro\">\n<ul>\n<li>Un solo canal, sonda achatada externa.<\/li>\n<li>Genera autom\u00e1ticamente informe PDF y archivo CSV.<\/li>\n<li>Ideal para controlar la temperatura interna de los productos.<\/li>\n<li>Programable por el usuario: inicio manual o autom\u00e1tico, intervalos de registro, alarmas alta\/ baja.<\/li>\n<li>Gran pantalla LCD f\u00e1cil de leer.<\/li>\n<li>Software multi-idioma del FlashLink Program Manager.<\/li>\n<li>An\u00e1lisis de resumen de datos, con informaci\u00f3n de alarma.<\/li>\n<li>Minutos de Grado y c\u00e1lculos de MKT.<\/li>\n<li>Indicador de bater\u00eda baja en la pantalla LCD.<\/li>\n<\/ul>\n<\/div>\n<div class=\"prod-app\"><b>Aplicaciones:<\/b> Productos, Alimentos Preparados, Productos Farmac\u00e9uticos, Productos Qu\u00edmicos, Unidades de Almacenamiento, Refrigeradores.<\/div>\n<div>\n<p>Este registrador reutilizable cuenta con una aguja de punta chata para controlar la temperatura interna del producto en instalaciones, veh\u00edculos de transporte, \u00e1reas de almacenamiento y procesamiento. Proporciona informes que se utilizan para diversas aplicaciones, como la verificaci\u00f3n y validaci\u00f3n de procesos o equipos, mapeo t\u00e9rmico y cumplimiento normativo. Los datos se analizan para identificar tendencias y patrones, y luego se utilizan para mejorar las pr\u00e1cticas de gesti\u00f3n en \u00e1reas como el procesamiento y la log\u00edstica de la cadena de fr\u00edo. Los informes PDF se pueden archivar para llevar registros, realizar auditor\u00edas y cumplir con HACCP, FSMA y otros requisitos reglamentarios.<\/p>\n<p>Su conector USB incorporado facilita la programaci\u00f3n y descarga del registrador sin dispositivos de lectura especiales. El software FlashLink Program Manager permite a los usuarios configurar par\u00e1metros de registro, como intervalos de muestra, l\u00edmites de alarma alto\/bajo, inicio autom\u00e1tico o manual y retardo de alarma. Los informes PDF muestran el historial de temperatura como gr\u00e1fico con an\u00e1lisis de resumen, as\u00ed como tambi\u00e9n en formato de hoja de calculo. La caracter\u00edstica especial de esta unidad es el software incorporado, que lo convierte en un registrador plug-and-play que permite al personal en el campo un r\u00e1pido acceso a los informes de temperatura. Los datos se pueden descargar a una PC o tablet con puerto USB, sin la necesidad de instalar el software FlashLink Program Manager en computadoras adicionales.<\/p>\n<h2 class=\"rl_tabs-title nn_tabs-title\"><span>Especificaciones<\/span><\/h2>\n<table>\n<caption><span>Registrador de datos reutilizable FlashLink USB PDF con sonda externa de punta roma, Modelo 40520<\/span><\/caption>\n<thead>\n<tr>\n<th scope=\"col\">Caracter\u00edstica<\/th>\n<th scope=\"col\">Especificaci\u00f3n<\/th>\n<\/tr>\n<\/thead>\n<tfoot>\n<tr>\n<td colspan=\"2\"><\/td>\n<\/tr>\n<\/tfoot>\n<tbody>\n<tr>\n<td>Rango de Medici\u00f3n de la Aguja<\/td>\n<td>-40\u00b0C a 85\u00b0C (-40\u00b0F a 185\u00b0F)<\/td>\n<\/tr>\n<tr>\n<td>Rango de Operaci\u00f3n<\/td>\n<td>-40\u00b0C a 50\u00b0C (-40\u00b0F a 122\u00b0F)<\/td>\n<\/tr>\n<tr>\n<td>Resoluci\u00f3n de Temperatura<\/td>\n<td>0.1\u00b0F\/C<\/td>\n<\/tr>\n<tr>\n<td>Precisi\u00f3n<\/td>\n<td>\u00b1 0.5 \u00b0 C desde -10 \u00b0 C a 25 \u00b0 C\u00a0(\u00b1 0.5 \u00b0 C desde -10 \u00b0 C a 25 \u00b0 C\u00b1 1.0 \u00b0 F de 14 \u00b0 F a 77 \u00b0 F)<br \/>\n\u00b1 1.0 \u00b0 C por encima de 25 \u00b0 C (\u00b1 2.0 \u00b0 F por encima de 77 \u00b0 F)<br \/>\n\u00b1 1.0 \u00b0 C por debajo de -10 \u00b0 C (\u00b1 2.0 \u00b0 F por debajo de 14 \u00b0 F)<\/td>\n<\/tr>\n<tr>\n<td>Capacidad de Datos<\/td>\n<td>32,496 puntos<\/td>\n<\/tr>\n<tr>\n<td>Tiempo de Descarga de Datos<\/td>\n<td>5 segundos t\u00edpico para 3823 puntos<\/td>\n<\/tr>\n<tr>\n<td>Niveles de Alarma Programables de F\u00e1brica<\/td>\n<td>Niveles altos y bajos en todo el rango, visualizados en la pantalla LCD<\/td>\n<\/tr>\n<tr>\n<td>Bater\u00eda<\/td>\n<td>Dos bater\u00edas de litio AAA, LCD% Indicador de potencia restante<\/td>\n<\/tr>\n<tr>\n<td>Dimensiones \/ Cuerpo<\/td>\n<td>40 mm x 93 mm x 24 mm (1,575&#8243; x 3,66&#8243; x 0,94&#8243;)<\/td>\n<\/tr>\n<tr>\n<td>Caja<\/td>\n<td>Pl\u00e1stico ABS<\/td>\n<\/tr>\n<tr>\n<td>Tama\u00f1o de la Aguja<\/td>\n<td>3.8 mm di\u00e1m x 25 mm l (0.15&#8221; Di\u00e1metro x 0.98 in L), 2 m (6.56 ft.) cable de tefl\u00f3n<\/td>\n<\/tr>\n<tr>\n<td>Peso<\/td>\n<td>72.57 gramos (2.56 oz)<\/td>\n<\/tr>\n<tr>\n<td>Certificado<\/td>\n<td>Marca CE, NIST trazable, compatible con ROHS<\/td>\n<\/tr>\n<tr>\n<td>Cumplimiento con la FAA<\/td>\n<td>RTCA \/ DO-160<\/td>\n<\/tr>\n<tr>\n<td>Monitor<\/td>\n<td>LCD, alarma LED roja<\/td>\n<\/tr>\n<tr>\n<td>Calificaci\u00f3n Impermeable<\/td>\n<td>IP64 (con tapa de silicona activada)<\/td>\n<\/tr>\n<tr>\n<td>Condiciones de Almacenaje<\/td>\n<td>-20 \u00b0C a 50 \u00b0C (-4 \u00b0F a 122 \u00b0F) 0% a 95% HR<\/td>\n<\/tr>\n<tr>\n<td>Requisitos del Sistema<\/td>\n<td>PC con Windows con sistema operativo actual, lector de Adobe<\/td>\n<\/tr>\n<tr>\n<td>Programaci\u00f3n<\/td>\n<td>Software del FlashLink Program Manager<\/td>\n<\/tr>\n<tr>\n<td>Requisitos de Descarga<\/td>\n<td>Conexi\u00f3n USB directa a PC<\/td>\n<\/tr>\n<\/tbody>\n<\/table>\n<\/div>\n<p>&nbsp;<\/p>\n","protected":false},"excerpt":{"rendered":"<div class=\"prod-intro\">\n<h3><strong>Caracter\u00edsticas\u00a0<\/strong><\/h3>\n<ul>\n<li>Un solo canal, sonda achatada externa.<\/li>\n<li>Genera autom\u00e1ticamente informe PDF y archivo CSV.<\/li>\n<li>Ideal para controlar la temperatura interna de los productos.<\/li>\n<li>Programable por el usuario: inicio manual o autom\u00e1tico, intervalos de registro, alarmas alta\/ baja.<\/li>\n<li>Gran pantalla LCD f\u00e1cil de leer.<\/li>\n<li>Software multi-idioma del FlashLink Program Manager.<\/li>\n<li>An\u00e1lisis de resumen de datos, con informaci\u00f3n de alarma.<\/li>\n<li>Minutos de Grado y c\u00e1lculos de MKT.<\/li>\n<li>Indicador de bater\u00eda baja en la pantalla LCD.<\/li>\n<\/ul>\n<\/div>\n","protected":false},"featured_media":1817,"comment_status":"open","ping_status":"closed","template":"","meta":{"_joinchat":[]},"product_brand":[],"product_cat":[15],"product_tag":[],"class_list":{"0":"post-1815","1":"product","2":"type-product","3":"status-publish","4":"has-post-thumbnail","6":"product_cat-sin-categorizar","8":"first","9":"instock","10":"shipping-taxable","11":"product-type-simple"},"yoast_head":"<!-- This site is optimized with the Yoast SEO plugin v26.4 - https:\/\/yoast.com\/wordpress\/plugins\/seo\/ -->\n<title>Registrador de datos reutilizable flashlink usb pdf con sonda externa de punta roma Modelo 40520 - Abaa tienda online<\/title>\n<meta name=\"robots\" content=\"index, follow, max-snippet:-1, max-image-preview:large, max-video-preview:-1\" \/>\n<link rel=\"canonical\" href=\"https:\/\/abaa.mx\/tienda\/registrador-de-datos-reutilizable-flashlink-usb-pdf-con-sonda-externa-de-punta-roma-modelo-40520\/\" \/>\n<meta property=\"og:locale\" content=\"es_MX\" \/>\n<meta property=\"og:type\" content=\"article\" \/>\n<meta property=\"og:title\" content=\"Registrador de datos reutilizable flashlink usb pdf con sonda externa de punta roma Modelo 40520 - Abaa tienda online\" \/>\n<meta property=\"og:description\" content=\"Caracter\u00edsticas\u00a0   Un solo canal, sonda achatada externa.  Genera autom\u00e1ticamente informe PDF y archivo CSV.  Ideal para controlar la temperatura interna de los productos.  Programable por el usuario: inicio manual o autom\u00e1tico, intervalos de registro, alarmas alta\/ baja.  Gran pantalla LCD f\u00e1cil de leer.  Software multi-idioma del FlashLink Program Manager.  An\u00e1lisis de resumen de datos, con informaci\u00f3n de alarma.  Minutos de Grado y c\u00e1lculos de MKT.  Indicador de bater\u00eda baja en la pantalla LCD.\" \/>\n<meta property=\"og:url\" content=\"https:\/\/abaa.mx\/tienda\/registrador-de-datos-reutilizable-flashlink-usb-pdf-con-sonda-externa-de-punta-roma-modelo-40520\/\" \/>\n<meta property=\"og:site_name\" content=\"Abaa tienda online\" \/>\n<meta property=\"article:modified_time\" content=\"2023-09-18T15:22:16+00:00\" \/>\n<meta property=\"og:image\" content=\"https:\/\/abaa.mx\/tienda\/wp-content\/uploads\/2023\/09\/40520.jpg\" \/>\n\t<meta property=\"og:image:width\" content=\"474\" \/>\n\t<meta property=\"og:image:height\" content=\"474\" \/>\n\t<meta property=\"og:image:type\" content=\"image\/jpeg\" \/>\n<meta name=\"twitter:card\" content=\"summary_large_image\" \/>\n<meta name=\"twitter:label1\" content=\"Tiempo de lectura\" \/>\n\t<meta name=\"twitter:data1\" content=\"3 minutos\" \/>\n<script type=\"application\/ld+json\" class=\"yoast-schema-graph\">{\"@context\":\"https:\/\/schema.org\",\"@graph\":[{\"@type\":\"WebPage\",\"@id\":\"https:\/\/abaa.mx\/tienda\/registrador-de-datos-reutilizable-flashlink-usb-pdf-con-sonda-externa-de-punta-roma-modelo-40520\/\",\"url\":\"https:\/\/abaa.mx\/tienda\/registrador-de-datos-reutilizable-flashlink-usb-pdf-con-sonda-externa-de-punta-roma-modelo-40520\/\",\"name\":\"Registrador de datos reutilizable flashlink usb pdf con sonda externa de punta roma Modelo 40520 - Abaa tienda online\",\"isPartOf\":{\"@id\":\"https:\/\/abaa.mx\/tienda\/#website\"},\"primaryImageOfPage\":{\"@id\":\"https:\/\/abaa.mx\/tienda\/registrador-de-datos-reutilizable-flashlink-usb-pdf-con-sonda-externa-de-punta-roma-modelo-40520\/#primaryimage\"},\"image\":{\"@id\":\"https:\/\/abaa.mx\/tienda\/registrador-de-datos-reutilizable-flashlink-usb-pdf-con-sonda-externa-de-punta-roma-modelo-40520\/#primaryimage\"},\"thumbnailUrl\":\"https:\/\/abaa.mx\/tienda\/wp-content\/uploads\/2023\/09\/40520.jpg\",\"datePublished\":\"2023-09-18T15:22:15+00:00\",\"dateModified\":\"2023-09-18T15:22:16+00:00\",\"breadcrumb\":{\"@id\":\"https:\/\/abaa.mx\/tienda\/registrador-de-datos-reutilizable-flashlink-usb-pdf-con-sonda-externa-de-punta-roma-modelo-40520\/#breadcrumb\"},\"inLanguage\":\"es\",\"potentialAction\":[{\"@type\":\"ReadAction\",\"target\":[\"https:\/\/abaa.mx\/tienda\/registrador-de-datos-reutilizable-flashlink-usb-pdf-con-sonda-externa-de-punta-roma-modelo-40520\/\"]}]},{\"@type\":\"ImageObject\",\"inLanguage\":\"es\",\"@id\":\"https:\/\/abaa.mx\/tienda\/registrador-de-datos-reutilizable-flashlink-usb-pdf-con-sonda-externa-de-punta-roma-modelo-40520\/#primaryimage\",\"url\":\"https:\/\/abaa.mx\/tienda\/wp-content\/uploads\/2023\/09\/40520.jpg\",\"contentUrl\":\"https:\/\/abaa.mx\/tienda\/wp-content\/uploads\/2023\/09\/40520.jpg\",\"width\":474,\"height\":474,\"caption\":\"registrador-de-datos-reutilizable-flashlink-usb-pdf-con-sonda-externa-de-punta-roma-modelo-40520\"},{\"@type\":\"BreadcrumbList\",\"@id\":\"https:\/\/abaa.mx\/tienda\/registrador-de-datos-reutilizable-flashlink-usb-pdf-con-sonda-externa-de-punta-roma-modelo-40520\/#breadcrumb\",\"itemListElement\":[{\"@type\":\"ListItem\",\"position\":1,\"name\":\"Inicio\",\"item\":\"https:\/\/abaa.mx\/tienda\/\"},{\"@type\":\"ListItem\",\"position\":2,\"name\":\"Tienda\",\"item\":\"https:\/\/abaa.mx\/tienda\/\"},{\"@type\":\"ListItem\",\"position\":3,\"name\":\"Registrador de datos reutilizable flashlink usb pdf con sonda externa de punta roma Modelo 40520\"}]},{\"@type\":\"WebSite\",\"@id\":\"https:\/\/abaa.mx\/tienda\/#website\",\"url\":\"https:\/\/abaa.mx\/tienda\/\",\"name\":\"Abaa tienda online\",\"description\":\"Instrumentos de medici\u00f3n\",\"publisher\":{\"@id\":\"https:\/\/abaa.mx\/tienda\/#organization\"},\"potentialAction\":[{\"@type\":\"SearchAction\",\"target\":{\"@type\":\"EntryPoint\",\"urlTemplate\":\"https:\/\/abaa.mx\/tienda\/?s={search_term_string}\"},\"query-input\":{\"@type\":\"PropertyValueSpecification\",\"valueRequired\":true,\"valueName\":\"search_term_string\"}}],\"inLanguage\":\"es\"},{\"@type\":\"Organization\",\"@id\":\"https:\/\/abaa.mx\/tienda\/#organization\",\"name\":\"Abaa tienda online\",\"url\":\"https:\/\/abaa.mx\/tienda\/\",\"logo\":{\"@type\":\"ImageObject\",\"inLanguage\":\"es\",\"@id\":\"https:\/\/abaa.mx\/tienda\/#\/schema\/logo\/image\/\",\"url\":\"https:\/\/abaa.mx\/tienda\/wp-content\/uploads\/2024\/01\/abaa-metrologia-tienda.png\",\"contentUrl\":\"https:\/\/abaa.mx\/tienda\/wp-content\/uploads\/2024\/01\/abaa-metrologia-tienda.png\",\"width\":300,\"height\":141,\"caption\":\"Abaa tienda online\"},\"image\":{\"@id\":\"https:\/\/abaa.mx\/tienda\/#\/schema\/logo\/image\/\"}}]}<\/script>\n<!-- \/ Yoast SEO plugin. -->","yoast_head_json":{"title":"Registrador de datos reutilizable flashlink usb pdf con sonda externa de punta roma Modelo 40520 - Abaa tienda online","robots":{"index":"index","follow":"follow","max-snippet":"max-snippet:-1","max-image-preview":"max-image-preview:large","max-video-preview":"max-video-preview:-1"},"canonical":"https:\/\/abaa.mx\/tienda\/registrador-de-datos-reutilizable-flashlink-usb-pdf-con-sonda-externa-de-punta-roma-modelo-40520\/","og_locale":"es_MX","og_type":"article","og_title":"Registrador de datos reutilizable flashlink usb pdf con sonda externa de punta roma Modelo 40520 - Abaa tienda online","og_description":"Caracter\u00edsticas\u00a0   Un solo canal, sonda achatada externa.  Genera autom\u00e1ticamente informe PDF y archivo CSV.  Ideal para controlar la temperatura interna de los productos.  Programable por el usuario: inicio manual o autom\u00e1tico, intervalos de registro, alarmas alta\/ baja.  Gran pantalla LCD f\u00e1cil de leer.  Software multi-idioma del FlashLink Program Manager.  An\u00e1lisis de resumen de datos, con informaci\u00f3n de alarma.  Minutos de Grado y c\u00e1lculos de MKT.  Indicador de bater\u00eda baja en la pantalla LCD.","og_url":"https:\/\/abaa.mx\/tienda\/registrador-de-datos-reutilizable-flashlink-usb-pdf-con-sonda-externa-de-punta-roma-modelo-40520\/","og_site_name":"Abaa tienda online","article_modified_time":"2023-09-18T15:22:16+00:00","og_image":[{"width":474,"height":474,"url":"https:\/\/abaa.mx\/tienda\/wp-content\/uploads\/2023\/09\/40520.jpg","type":"image\/jpeg"}],"twitter_card":"summary_large_image","twitter_misc":{"Tiempo de lectura":"3 minutos"},"schema":{"@context":"https:\/\/schema.org","@graph":[{"@type":"WebPage","@id":"https:\/\/abaa.mx\/tienda\/registrador-de-datos-reutilizable-flashlink-usb-pdf-con-sonda-externa-de-punta-roma-modelo-40520\/","url":"https:\/\/abaa.mx\/tienda\/registrador-de-datos-reutilizable-flashlink-usb-pdf-con-sonda-externa-de-punta-roma-modelo-40520\/","name":"Registrador de datos reutilizable flashlink usb pdf con sonda externa de punta roma Modelo 40520 - Abaa tienda online","isPartOf":{"@id":"https:\/\/abaa.mx\/tienda\/#website"},"primaryImageOfPage":{"@id":"https:\/\/abaa.mx\/tienda\/registrador-de-datos-reutilizable-flashlink-usb-pdf-con-sonda-externa-de-punta-roma-modelo-40520\/#primaryimage"},"image":{"@id":"https:\/\/abaa.mx\/tienda\/registrador-de-datos-reutilizable-flashlink-usb-pdf-con-sonda-externa-de-punta-roma-modelo-40520\/#primaryimage"},"thumbnailUrl":"https:\/\/abaa.mx\/tienda\/wp-content\/uploads\/2023\/09\/40520.jpg","datePublished":"2023-09-18T15:22:15+00:00","dateModified":"2023-09-18T15:22:16+00:00","breadcrumb":{"@id":"https:\/\/abaa.mx\/tienda\/registrador-de-datos-reutilizable-flashlink-usb-pdf-con-sonda-externa-de-punta-roma-modelo-40520\/#breadcrumb"},"inLanguage":"es","potentialAction":[{"@type":"ReadAction","target":["https:\/\/abaa.mx\/tienda\/registrador-de-datos-reutilizable-flashlink-usb-pdf-con-sonda-externa-de-punta-roma-modelo-40520\/"]}]},{"@type":"ImageObject","inLanguage":"es","@id":"https:\/\/abaa.mx\/tienda\/registrador-de-datos-reutilizable-flashlink-usb-pdf-con-sonda-externa-de-punta-roma-modelo-40520\/#primaryimage","url":"https:\/\/abaa.mx\/tienda\/wp-content\/uploads\/2023\/09\/40520.jpg","contentUrl":"https:\/\/abaa.mx\/tienda\/wp-content\/uploads\/2023\/09\/40520.jpg","width":474,"height":474,"caption":"registrador-de-datos-reutilizable-flashlink-usb-pdf-con-sonda-externa-de-punta-roma-modelo-40520"},{"@type":"BreadcrumbList","@id":"https:\/\/abaa.mx\/tienda\/registrador-de-datos-reutilizable-flashlink-usb-pdf-con-sonda-externa-de-punta-roma-modelo-40520\/#breadcrumb","itemListElement":[{"@type":"ListItem","position":1,"name":"Inicio","item":"https:\/\/abaa.mx\/tienda\/"},{"@type":"ListItem","position":2,"name":"Tienda","item":"https:\/\/abaa.mx\/tienda\/"},{"@type":"ListItem","position":3,"name":"Registrador de datos reutilizable flashlink usb pdf con sonda externa de punta roma Modelo 40520"}]},{"@type":"WebSite","@id":"https:\/\/abaa.mx\/tienda\/#website","url":"https:\/\/abaa.mx\/tienda\/","name":"Abaa tienda online","description":"Instrumentos de medici\u00f3n","publisher":{"@id":"https:\/\/abaa.mx\/tienda\/#organization"},"potentialAction":[{"@type":"SearchAction","target":{"@type":"EntryPoint","urlTemplate":"https:\/\/abaa.mx\/tienda\/?s={search_term_string}"},"query-input":{"@type":"PropertyValueSpecification","valueRequired":true,"valueName":"search_term_string"}}],"inLanguage":"es"},{"@type":"Organization","@id":"https:\/\/abaa.mx\/tienda\/#organization","name":"Abaa tienda online","url":"https:\/\/abaa.mx\/tienda\/","logo":{"@type":"ImageObject","inLanguage":"es","@id":"https:\/\/abaa.mx\/tienda\/#\/schema\/logo\/image\/","url":"https:\/\/abaa.mx\/tienda\/wp-content\/uploads\/2024\/01\/abaa-metrologia-tienda.png","contentUrl":"https:\/\/abaa.mx\/tienda\/wp-content\/uploads\/2024\/01\/abaa-metrologia-tienda.png","width":300,"height":141,"caption":"Abaa tienda online"},"image":{"@id":"https:\/\/abaa.mx\/tienda\/#\/schema\/logo\/image\/"}}]}},"_links":{"self":[{"href":"https:\/\/abaa.mx\/tienda\/wp-json\/wp\/v2\/product\/1815","targetHints":{"allow":["GET"]}}],"collection":[{"href":"https:\/\/abaa.mx\/tienda\/wp-json\/wp\/v2\/product"}],"about":[{"href":"https:\/\/abaa.mx\/tienda\/wp-json\/wp\/v2\/types\/product"}],"replies":[{"embeddable":true,"href":"https:\/\/abaa.mx\/tienda\/wp-json\/wp\/v2\/comments?post=1815"}],"wp:featuredmedia":[{"embeddable":true,"href":"https:\/\/abaa.mx\/tienda\/wp-json\/wp\/v2\/media\/1817"}],"wp:attachment":[{"href":"https:\/\/abaa.mx\/tienda\/wp-json\/wp\/v2\/media?parent=1815"}],"wp:term":[{"taxonomy":"product_brand","embeddable":true,"href":"https:\/\/abaa.mx\/tienda\/wp-json\/wp\/v2\/product_brand?post=1815"},{"taxonomy":"product_cat","embeddable":true,"href":"https:\/\/abaa.mx\/tienda\/wp-json\/wp\/v2\/product_cat?post=1815"},{"taxonomy":"product_tag","embeddable":true,"href":"https:\/\/abaa.mx\/tienda\/wp-json\/wp\/v2\/product_tag?post=1815"}],"curies":[{"name":"wp","href":"https:\/\/api.w.org\/{rel}","templated":true}]}}