{"id":1804,"date":"2023-09-18T14:59:55","date_gmt":"2023-09-18T14:59:55","guid":{"rendered":"https:\/\/abaa.mx\/tienda\/?post_type=product&#038;p=1804"},"modified":"2023-09-18T14:59:55","modified_gmt":"2023-09-18T14:59:55","slug":"registrador-de-datos-reutilizable-flashlink-usb-pdf-modelo-40510","status":"publish","type":"product","link":"https:\/\/abaa.mx\/tienda\/registrador-de-datos-reutilizable-flashlink-usb-pdf-modelo-40510\/","title":{"rendered":"Registrador de datos reutilizable FlashLink USB PDF Modelo 40510"},"content":{"rendered":"<h1>Registrador de datos reutilizable FlashLink\u00a0USB PDF<\/h1>\n<h3><strong>Modelo\u00a040510<\/strong><\/h3>\n<ul>\n<li>Un solo canal, sensor interno.<\/li>\n<li>Genera autom\u00e1ticamente informe PDF y archivo CSV.<\/li>\n<li>Ideal para controlar la temperatura ambiente.<\/li>\n<li>Programable por usuario: inicio manual o autom\u00e1tico, intervalos de registro, alarmas alta\/baja.<\/li>\n<li>Gran pantalla LCD f\u00e1cil de leer.<\/li>\n<li>Software multi-idioma de FlashLink Program Manager.<\/li>\n<li>An\u00e1lisis de resumen de datos, con informaci\u00f3n de alarma.<\/li>\n<li>Minutos de Grado y c\u00e1lculos de MKT.<\/li>\n<\/ul>\n<div class=\"prod-top\">\n<div class=\"prod-left\">\n<div class=\"prod-app\"><b>Aplicaciones:<\/b> Productos, Alimentos Preparados, Productos Farmac\u00e9uticos, Productos Qu\u00edmicos, Unidades de Almacenamiento, Refrigeradores.<\/div>\n<\/div>\n<\/div>\n<div class=\"prod-desc\">\n<p>Este registrador reutilizable monitorea la temperatura ambiente en instalaciones, veh\u00edculos de transporte, \u00e1reas de almacenamiento y procesamiento. Proporciona informes que se utilizan para diversas aplicaciones, como la verificaci\u00f3n y validaci\u00f3n de procesos o equipos, el mapeo t\u00e9rmico y el cumplimiento normativo. Los datos se analizan para identificar tendencias y patrones, y luego se utilizan para mejorar las pr\u00e1cticas de gesti\u00f3n en \u00e1reas como el procesamiento y la log\u00edstica de la cadena de fr\u00edo. Los informes PDF se pueden archivar para llevar registros, realizar auditor\u00edas y cumplir con HACCP, FSMA y otros requisitos reglamentarios.<\/p>\n<p>Su conector USB integrado facilita la programaci\u00f3n y descarga del registrador sin dispositivos de lectura especiales. El software FlashLink Program Manager permite a los usuarios configurar par\u00e1metros de registro, como intervalos de muestra, l\u00edmites de alarma alto\/bajo, inicio autom\u00e1tico o manual y retras\u00f3 de alarma. Los informes PDF muestran historial de temperatura como un gr\u00e1fico con an\u00e1lisis de resumen, as\u00ed como tambi\u00e9n en formato de tabla. La peculiaridad de esta unidad es el software incorporado, que lo convierte en un registrador plug-and-play que permite al personal en campo un r\u00e1pido acceso a informes de temperatura. Los datos se pueden descargar a una PC o tableta con puerto USB, sin la necesidad de instalar el software FlashLink Program Manager en computadoras adicionales.<\/p>\n<h2 class=\"rl_tabs-title nn_tabs-title\"><span>Especificaciones<\/span><\/h2>\n<table>\n<caption><span>Registrador de datos reutilizable FlashLink USB PDF, Modelo 40510<\/span><\/caption>\n<thead>\n<tr>\n<th scope=\"col\">Caracter\u00edstica<\/th>\n<th scope=\"col\">Especificaci\u00f3n<\/th>\n<\/tr>\n<\/thead>\n<tfoot>\n<tr>\n<td colspan=\"2\"><\/td>\n<\/tr>\n<\/tfoot>\n<tbody>\n<tr>\n<td>Rango de medici\u00f3n<\/td>\n<td>-40\u00b0F a 122\u00b0F (-40\u00b0C a 50\u00b0C)<\/td>\n<\/tr>\n<tr>\n<td>Resoluci\u00f3n de temperatura<\/td>\n<td>0.1\u00b0F\/C<\/td>\n<\/tr>\n<tr>\n<td>Precisi\u00f3n<\/td>\n<td>\u00b1 1.0 \u00b0 F de 14 \u00b0 F a 77 \u00b0 F (\u00b1 0.5 \u00b0 C de -10 \u00b0 C a 25 \u00b0 C)<br \/>\n\u00b1 2.0 \u00b0 F por encima de 77 \u00b0 F (\u00b1 1.0 \u00b0 C por encima de 25 \u00b0 C)<br \/>\n\u00b1 2.0 \u00b0 F por debajo de 14 \u00b0 F (\u00b1 1.0 \u00b0 C por debajo de -10 \u00b0 C)<\/td>\n<\/tr>\n<tr>\n<td>Capacidad de datos<\/td>\n<td>32,496 puntos<\/td>\n<\/tr>\n<tr>\n<td>Tiempo de descarga de datos<\/td>\n<td>5 segundos t\u00edpicos para 3823 puntos<\/td>\n<\/tr>\n<tr>\n<td>Niveles de alarma programables de f\u00e1brica<\/td>\n<td>Niveles altos y bajos en todo el rango, que se muestra en la pantalla LCD<\/td>\n<\/tr>\n<tr>\n<td>Bater\u00eda<\/td>\n<td>Dos bater\u00edas de litio AAA, LCD% Indicador de energ\u00eda restante<\/td>\n<\/tr>\n<tr>\n<td>Dimensiones \/ Cuerpo<\/td>\n<td>1,57&#8243; x 3,66&#8243; x 0,94&#8243; (40 mm x 93 mm x 24 mm)<\/td>\n<\/tr>\n<tr>\n<td>Caja<\/td>\n<td>Pl\u00e1stico ABS<\/td>\n<\/tr>\n<tr>\n<td>Peso<\/td>\n<td>1.9 oz. (54,3 gramos)<\/td>\n<\/tr>\n<tr>\n<td>Resistencia a los golpes<\/td>\n<td>Resiste una ca\u00edda de 3 pies (1 metro) en una superficie dura<\/td>\n<\/tr>\n<tr>\n<td>Proceso de dar un t\u00edtulo<\/td>\n<td>Marca CE, NIST trazable, cumple con ROHS<\/td>\n<\/tr>\n<tr>\n<td>Cumplimiento con la FAA<\/td>\n<td>RTCA\/DO-160<\/td>\n<\/tr>\n<tr>\n<td>Monitor<\/td>\n<td>LCD, alarma LED roja<\/td>\n<\/tr>\n<tr>\n<td>Calificaci\u00f3n impermeable<\/td>\n<td>IP64 (con tapa de silicona)<\/td>\n<\/tr>\n<tr>\n<td>Condiciones de almacenaje<\/td>\n<td>-4 \u00b0 F a 122 \u00b0 F (-20 \u00b0 C a 50 \u00b0 C) 0% a 95% HR sin condensaci\u00f3n<\/td>\n<\/tr>\n<tr>\n<td>Requisitos del sistema<\/td>\n<td>PC con sistema operativo actual\u00a0Windows, lector de Adobe<\/td>\n<\/tr>\n<tr>\n<td>Programaci\u00f3n<\/td>\n<td>Software de FlashLink Program Manager<\/td>\n<\/tr>\n<tr>\n<td>Requisitos de descarga<\/td>\n<td>Conexi\u00f3n USB directa a PC<\/td>\n<\/tr>\n<\/tbody>\n<\/table>\n<\/div>\n","protected":false},"excerpt":{"rendered":"<h3><strong>Caracteristicas\u00a0<\/strong><\/h3>\n<ul>\n<li>Un solo canal, sensor interno.<\/li>\n<li>Genera autom\u00e1ticamente informe PDF y archivo CSV.<\/li>\n<li>Ideal para controlar la temperatura ambiente.<\/li>\n<li>Programable por usuario: inicio manual o autom\u00e1tico, intervalos de registro, alarmas alta\/baja.<\/li>\n<li>Gran pantalla LCD f\u00e1cil de leer.<\/li>\n<li>Software multi-idioma de FlashLink Program Manager.<\/li>\n<li>An\u00e1lisis de resumen de datos, con informaci\u00f3n de alarma.<\/li>\n<li>Minutos de Grado y c\u00e1lculos de MKT.<\/li>\n<\/ul>\n","protected":false},"featured_media":1806,"comment_status":"open","ping_status":"closed","template":"","meta":{"_joinchat":[]},"product_brand":[],"product_cat":[15],"product_tag":[],"class_list":{"0":"post-1804","1":"product","2":"type-product","3":"status-publish","4":"has-post-thumbnail","6":"product_cat-sin-categorizar","8":"first","9":"instock","10":"shipping-taxable","11":"product-type-simple"},"yoast_head":"<!-- This site is optimized with the Yoast SEO plugin v26.4 - https:\/\/yoast.com\/wordpress\/plugins\/seo\/ -->\n<title>Registrador de datos reutilizable FlashLink USB PDF Modelo 40510 - Abaa tienda online<\/title>\n<meta name=\"robots\" content=\"index, follow, max-snippet:-1, max-image-preview:large, max-video-preview:-1\" \/>\n<link rel=\"canonical\" href=\"https:\/\/abaa.mx\/tienda\/registrador-de-datos-reutilizable-flashlink-usb-pdf-modelo-40510\/\" \/>\n<meta property=\"og:locale\" content=\"es_MX\" \/>\n<meta property=\"og:type\" content=\"article\" \/>\n<meta property=\"og:title\" content=\"Registrador de datos reutilizable FlashLink USB PDF Modelo 40510 - Abaa tienda online\" \/>\n<meta property=\"og:description\" content=\"Caracteristicas\u00a0   Un solo canal, sensor interno.  Genera autom\u00e1ticamente informe PDF y archivo CSV.  Ideal para controlar la temperatura ambiente.  Programable por usuario: inicio manual o autom\u00e1tico, intervalos de registro, alarmas alta\/baja.  Gran pantalla LCD f\u00e1cil de leer.  Software multi-idioma de FlashLink Program Manager.  An\u00e1lisis de resumen de datos, con informaci\u00f3n de alarma.  Minutos de Grado y c\u00e1lculos de MKT.\" \/>\n<meta property=\"og:url\" content=\"https:\/\/abaa.mx\/tienda\/registrador-de-datos-reutilizable-flashlink-usb-pdf-modelo-40510\/\" \/>\n<meta property=\"og:site_name\" content=\"Abaa tienda online\" \/>\n<meta property=\"og:image\" content=\"https:\/\/abaa.mx\/tienda\/wp-content\/uploads\/2023\/09\/40510.jpg\" \/>\n\t<meta property=\"og:image:width\" content=\"1000\" \/>\n\t<meta property=\"og:image:height\" content=\"479\" \/>\n\t<meta property=\"og:image:type\" content=\"image\/jpeg\" \/>\n<meta name=\"twitter:card\" content=\"summary_large_image\" \/>\n<meta name=\"twitter:label1\" content=\"Tiempo de lectura\" \/>\n\t<meta name=\"twitter:data1\" content=\"3 minutos\" \/>\n<script type=\"application\/ld+json\" class=\"yoast-schema-graph\">{\"@context\":\"https:\/\/schema.org\",\"@graph\":[{\"@type\":\"WebPage\",\"@id\":\"https:\/\/abaa.mx\/tienda\/registrador-de-datos-reutilizable-flashlink-usb-pdf-modelo-40510\/\",\"url\":\"https:\/\/abaa.mx\/tienda\/registrador-de-datos-reutilizable-flashlink-usb-pdf-modelo-40510\/\",\"name\":\"Registrador de datos reutilizable FlashLink USB PDF Modelo 40510 - Abaa tienda online\",\"isPartOf\":{\"@id\":\"https:\/\/abaa.mx\/tienda\/#website\"},\"primaryImageOfPage\":{\"@id\":\"https:\/\/abaa.mx\/tienda\/registrador-de-datos-reutilizable-flashlink-usb-pdf-modelo-40510\/#primaryimage\"},\"image\":{\"@id\":\"https:\/\/abaa.mx\/tienda\/registrador-de-datos-reutilizable-flashlink-usb-pdf-modelo-40510\/#primaryimage\"},\"thumbnailUrl\":\"https:\/\/abaa.mx\/tienda\/wp-content\/uploads\/2023\/09\/40510.jpg\",\"datePublished\":\"2023-09-18T14:59:55+00:00\",\"breadcrumb\":{\"@id\":\"https:\/\/abaa.mx\/tienda\/registrador-de-datos-reutilizable-flashlink-usb-pdf-modelo-40510\/#breadcrumb\"},\"inLanguage\":\"es\",\"potentialAction\":[{\"@type\":\"ReadAction\",\"target\":[\"https:\/\/abaa.mx\/tienda\/registrador-de-datos-reutilizable-flashlink-usb-pdf-modelo-40510\/\"]}]},{\"@type\":\"ImageObject\",\"inLanguage\":\"es\",\"@id\":\"https:\/\/abaa.mx\/tienda\/registrador-de-datos-reutilizable-flashlink-usb-pdf-modelo-40510\/#primaryimage\",\"url\":\"https:\/\/abaa.mx\/tienda\/wp-content\/uploads\/2023\/09\/40510.jpg\",\"contentUrl\":\"https:\/\/abaa.mx\/tienda\/wp-content\/uploads\/2023\/09\/40510.jpg\",\"width\":1000,\"height\":479,\"caption\":\"registrador-de-datos-reutilizable-flashlink-usb-pdf-modelo-40510\"},{\"@type\":\"BreadcrumbList\",\"@id\":\"https:\/\/abaa.mx\/tienda\/registrador-de-datos-reutilizable-flashlink-usb-pdf-modelo-40510\/#breadcrumb\",\"itemListElement\":[{\"@type\":\"ListItem\",\"position\":1,\"name\":\"Inicio\",\"item\":\"https:\/\/abaa.mx\/tienda\/\"},{\"@type\":\"ListItem\",\"position\":2,\"name\":\"Tienda\",\"item\":\"https:\/\/abaa.mx\/tienda\/\"},{\"@type\":\"ListItem\",\"position\":3,\"name\":\"Registrador de datos reutilizable FlashLink USB PDF Modelo 40510\"}]},{\"@type\":\"WebSite\",\"@id\":\"https:\/\/abaa.mx\/tienda\/#website\",\"url\":\"https:\/\/abaa.mx\/tienda\/\",\"name\":\"Abaa tienda online\",\"description\":\"Instrumentos de medici\u00f3n\",\"publisher\":{\"@id\":\"https:\/\/abaa.mx\/tienda\/#organization\"},\"potentialAction\":[{\"@type\":\"SearchAction\",\"target\":{\"@type\":\"EntryPoint\",\"urlTemplate\":\"https:\/\/abaa.mx\/tienda\/?s={search_term_string}\"},\"query-input\":{\"@type\":\"PropertyValueSpecification\",\"valueRequired\":true,\"valueName\":\"search_term_string\"}}],\"inLanguage\":\"es\"},{\"@type\":\"Organization\",\"@id\":\"https:\/\/abaa.mx\/tienda\/#organization\",\"name\":\"Abaa tienda online\",\"url\":\"https:\/\/abaa.mx\/tienda\/\",\"logo\":{\"@type\":\"ImageObject\",\"inLanguage\":\"es\",\"@id\":\"https:\/\/abaa.mx\/tienda\/#\/schema\/logo\/image\/\",\"url\":\"https:\/\/abaa.mx\/tienda\/wp-content\/uploads\/2024\/01\/abaa-metrologia-tienda.png\",\"contentUrl\":\"https:\/\/abaa.mx\/tienda\/wp-content\/uploads\/2024\/01\/abaa-metrologia-tienda.png\",\"width\":300,\"height\":141,\"caption\":\"Abaa tienda online\"},\"image\":{\"@id\":\"https:\/\/abaa.mx\/tienda\/#\/schema\/logo\/image\/\"}}]}<\/script>\n<!-- \/ Yoast SEO plugin. -->","yoast_head_json":{"title":"Registrador de datos reutilizable FlashLink USB PDF Modelo 40510 - Abaa tienda online","robots":{"index":"index","follow":"follow","max-snippet":"max-snippet:-1","max-image-preview":"max-image-preview:large","max-video-preview":"max-video-preview:-1"},"canonical":"https:\/\/abaa.mx\/tienda\/registrador-de-datos-reutilizable-flashlink-usb-pdf-modelo-40510\/","og_locale":"es_MX","og_type":"article","og_title":"Registrador de datos reutilizable FlashLink USB PDF Modelo 40510 - Abaa tienda online","og_description":"Caracteristicas\u00a0   Un solo canal, sensor interno.  Genera autom\u00e1ticamente informe PDF y archivo CSV.  Ideal para controlar la temperatura ambiente.  Programable por usuario: inicio manual o autom\u00e1tico, intervalos de registro, alarmas alta\/baja.  Gran pantalla LCD f\u00e1cil de leer.  Software multi-idioma de FlashLink Program Manager.  An\u00e1lisis de resumen de datos, con informaci\u00f3n de alarma.  Minutos de Grado y c\u00e1lculos de MKT.","og_url":"https:\/\/abaa.mx\/tienda\/registrador-de-datos-reutilizable-flashlink-usb-pdf-modelo-40510\/","og_site_name":"Abaa tienda online","og_image":[{"width":1000,"height":479,"url":"https:\/\/abaa.mx\/tienda\/wp-content\/uploads\/2023\/09\/40510.jpg","type":"image\/jpeg"}],"twitter_card":"summary_large_image","twitter_misc":{"Tiempo de lectura":"3 minutos"},"schema":{"@context":"https:\/\/schema.org","@graph":[{"@type":"WebPage","@id":"https:\/\/abaa.mx\/tienda\/registrador-de-datos-reutilizable-flashlink-usb-pdf-modelo-40510\/","url":"https:\/\/abaa.mx\/tienda\/registrador-de-datos-reutilizable-flashlink-usb-pdf-modelo-40510\/","name":"Registrador de datos reutilizable FlashLink USB PDF Modelo 40510 - Abaa tienda online","isPartOf":{"@id":"https:\/\/abaa.mx\/tienda\/#website"},"primaryImageOfPage":{"@id":"https:\/\/abaa.mx\/tienda\/registrador-de-datos-reutilizable-flashlink-usb-pdf-modelo-40510\/#primaryimage"},"image":{"@id":"https:\/\/abaa.mx\/tienda\/registrador-de-datos-reutilizable-flashlink-usb-pdf-modelo-40510\/#primaryimage"},"thumbnailUrl":"https:\/\/abaa.mx\/tienda\/wp-content\/uploads\/2023\/09\/40510.jpg","datePublished":"2023-09-18T14:59:55+00:00","breadcrumb":{"@id":"https:\/\/abaa.mx\/tienda\/registrador-de-datos-reutilizable-flashlink-usb-pdf-modelo-40510\/#breadcrumb"},"inLanguage":"es","potentialAction":[{"@type":"ReadAction","target":["https:\/\/abaa.mx\/tienda\/registrador-de-datos-reutilizable-flashlink-usb-pdf-modelo-40510\/"]}]},{"@type":"ImageObject","inLanguage":"es","@id":"https:\/\/abaa.mx\/tienda\/registrador-de-datos-reutilizable-flashlink-usb-pdf-modelo-40510\/#primaryimage","url":"https:\/\/abaa.mx\/tienda\/wp-content\/uploads\/2023\/09\/40510.jpg","contentUrl":"https:\/\/abaa.mx\/tienda\/wp-content\/uploads\/2023\/09\/40510.jpg","width":1000,"height":479,"caption":"registrador-de-datos-reutilizable-flashlink-usb-pdf-modelo-40510"},{"@type":"BreadcrumbList","@id":"https:\/\/abaa.mx\/tienda\/registrador-de-datos-reutilizable-flashlink-usb-pdf-modelo-40510\/#breadcrumb","itemListElement":[{"@type":"ListItem","position":1,"name":"Inicio","item":"https:\/\/abaa.mx\/tienda\/"},{"@type":"ListItem","position":2,"name":"Tienda","item":"https:\/\/abaa.mx\/tienda\/"},{"@type":"ListItem","position":3,"name":"Registrador de datos reutilizable FlashLink USB PDF Modelo 40510"}]},{"@type":"WebSite","@id":"https:\/\/abaa.mx\/tienda\/#website","url":"https:\/\/abaa.mx\/tienda\/","name":"Abaa tienda online","description":"Instrumentos de medici\u00f3n","publisher":{"@id":"https:\/\/abaa.mx\/tienda\/#organization"},"potentialAction":[{"@type":"SearchAction","target":{"@type":"EntryPoint","urlTemplate":"https:\/\/abaa.mx\/tienda\/?s={search_term_string}"},"query-input":{"@type":"PropertyValueSpecification","valueRequired":true,"valueName":"search_term_string"}}],"inLanguage":"es"},{"@type":"Organization","@id":"https:\/\/abaa.mx\/tienda\/#organization","name":"Abaa tienda online","url":"https:\/\/abaa.mx\/tienda\/","logo":{"@type":"ImageObject","inLanguage":"es","@id":"https:\/\/abaa.mx\/tienda\/#\/schema\/logo\/image\/","url":"https:\/\/abaa.mx\/tienda\/wp-content\/uploads\/2024\/01\/abaa-metrologia-tienda.png","contentUrl":"https:\/\/abaa.mx\/tienda\/wp-content\/uploads\/2024\/01\/abaa-metrologia-tienda.png","width":300,"height":141,"caption":"Abaa tienda online"},"image":{"@id":"https:\/\/abaa.mx\/tienda\/#\/schema\/logo\/image\/"}}]}},"_links":{"self":[{"href":"https:\/\/abaa.mx\/tienda\/wp-json\/wp\/v2\/product\/1804","targetHints":{"allow":["GET"]}}],"collection":[{"href":"https:\/\/abaa.mx\/tienda\/wp-json\/wp\/v2\/product"}],"about":[{"href":"https:\/\/abaa.mx\/tienda\/wp-json\/wp\/v2\/types\/product"}],"replies":[{"embeddable":true,"href":"https:\/\/abaa.mx\/tienda\/wp-json\/wp\/v2\/comments?post=1804"}],"wp:featuredmedia":[{"embeddable":true,"href":"https:\/\/abaa.mx\/tienda\/wp-json\/wp\/v2\/media\/1806"}],"wp:attachment":[{"href":"https:\/\/abaa.mx\/tienda\/wp-json\/wp\/v2\/media?parent=1804"}],"wp:term":[{"taxonomy":"product_brand","embeddable":true,"href":"https:\/\/abaa.mx\/tienda\/wp-json\/wp\/v2\/product_brand?post=1804"},{"taxonomy":"product_cat","embeddable":true,"href":"https:\/\/abaa.mx\/tienda\/wp-json\/wp\/v2\/product_cat?post=1804"},{"taxonomy":"product_tag","embeddable":true,"href":"https:\/\/abaa.mx\/tienda\/wp-json\/wp\/v2\/product_tag?post=1804"}],"curies":[{"name":"wp","href":"https:\/\/api.w.org\/{rel}","templated":true}]}}