{"id":1802,"date":"2023-09-18T14:51:15","date_gmt":"2023-09-18T14:51:15","guid":{"rendered":"https:\/\/abaa.mx\/tienda\/?post_type=product&#038;p=1802"},"modified":"2023-09-18T14:51:16","modified_gmt":"2023-09-18T14:51:16","slug":"registrador-de-datos-reutilizable-flashlink-usb-pdf-modelo-40516","status":"publish","type":"product","link":"https:\/\/abaa.mx\/tienda\/registrador-de-datos-reutilizable-flashlink-usb-pdf-modelo-40516\/","title":{"rendered":"Registrador de datos reutilizable FlashLink USB PDF Modelo 40516"},"content":{"rendered":"<h1>Registrador de datos reutilizable FlashLink\u00a0USB PDF<\/h1>\n<h3><strong>Modelo\u00a040516<\/strong><\/h3>\n<ul>\n<li>Sensor interno de un solo canal.<\/li>\n<li>Puntos de datos de 16K, memoria no vol\u00e1til.<\/li>\n<li>Rango de medici\u00f3n de -40 \u00b0F\/\u00b0C a 116 \u00b0F\/47 \u00b0C.<\/li>\n<li>Genera autom\u00e1ticamente un informe PDF y un archivo CSV.<\/li>\n<li>Ideal para controlar la temperatura ambiente.<\/li>\n<li>Programable por el usuario: inicio manual o autom\u00e1tico, intervalos de registro, alarmas altas\/bajas.<\/li>\n<li>Gran pantalla LCD f\u00e1cil de leer.<\/li>\n<li>Software multiling\u00fce FlashLink Program Manager.<\/li>\n<li>An\u00e1lisis resumido de datos, con informaci\u00f3n de alarma.<\/li>\n<li>Grados Minutos y c\u00e1lculos MKT.<\/li>\n<\/ul>\n<div class=\"prod-top\">\n<div class=\"prod-left\">\n<div class=\"prod-app\"><b>Aplicaciones:<\/b> Productos, Alimentos preparados, Productos farmac\u00e9uticos, Productos qu\u00edmicos, Unidades de almacenamiento, Refrigeradores.<\/div>\n<div>\n<p>Este registrador reutilizable monitorea la temperatura ambiente en instalaciones, veh\u00edculos de transporte, \u00e1reas de almacenamiento y procesamiento. Proporciona informes que se utilizan para diversas aplicaciones, como la verificaci\u00f3n y validaci\u00f3n de procesos o equipos, el mapeo t\u00e9rmico y el cumplimiento normativo. Los datos se analizan para identificar tendencias y patrones, y luego se utilizan para mejorar las pr\u00e1cticas de gesti\u00f3n en \u00e1reas como el procesamiento y la log\u00edstica de la cadena de fr\u00edo. Los informes PDF se pueden archivar para el mantenimiento de registros, auditor\u00edas y para cumplir con HACCP, FSMA y otros requisitos reglamentarios.<\/p>\n<p>Un conector USB incorporado facilita la programaci\u00f3n y descarga del registrador sin dispositivos de lectura especiales. El software FlashLink Program Manager permite a los usuarios configurar par\u00e1metros de registro, como intervalos de muestra, l\u00edmites de alarma altos\/bajos, inicio autom\u00e1tico o manual y retardo de alarma. Los informes PDF muestran el historial de temperatura como un gr\u00e1fico con an\u00e1lisis de resumen, as\u00ed como en formato de tabla. La caracter\u00edstica \u00fanica de esta unidad es el software a bordo, lo que lo convierte en un registrador plug-and-play que permite al personal en el campo acceder r\u00e1pidamente a los informes de temperatura. Los datos se pueden descargar a un PC o tableta con puerto USB, sin necesidad de instalar el software FlashLink Program Manager en computadoras adicionales.<\/p>\n<h2 class=\"rl_tabs-title nn_tabs-title\"><span>Especificaciones<\/span><\/h2>\n<table style=\"height: 1098px;\" width=\"582\">\n<caption><span>Registrador de datos reutilizable FlashLink USB PDF, modelo 40516<\/span><\/caption>\n<thead>\n<tr>\n<th scope=\"col\">Caracter\u00edstica<\/th>\n<th scope=\"col\">Especificaci\u00f3n<\/th>\n<\/tr>\n<\/thead>\n<tfoot>\n<tr>\n<td colspan=\"2\"><\/td>\n<\/tr>\n<\/tfoot>\n<tbody>\n<tr>\n<td>Rango de medici\u00f3n<\/td>\n<td>-40\u00b0F a 116\u00b0F (-40\u00b0C a 47\u00b0C)<\/td>\n<\/tr>\n<tr>\n<td>Resoluci\u00f3n de temperatura<\/td>\n<td>0,1 \u00b0C en el rango completo de medici\u00f3n de temperatura<\/td>\n<\/tr>\n<tr>\n<td>Exactitud<\/td>\n<td>\u00b10.5\u00b0C de 0\u00b0C a 25\u00b0C \u00b11.0\u00b0C de 25\u00b0C a 47\u00b0C \u00b11.0\u00b0C de -40\u00b0C a 0\u00b0C<\/td>\n<\/tr>\n<tr>\n<td>Capacidad de datos<\/td>\n<td>16.000 puntos de datos<\/td>\n<\/tr>\n<tr>\n<td>Tiempo de descarga de datos<\/td>\n<td>5 segundos t\u00edpicos para 3823 puntos<\/td>\n<\/tr>\n<tr>\n<td>Niveles de alarma programables de f\u00e1brica<\/td>\n<td>Niveles altos y bajos en todo el rango, mostrados en LCD<\/td>\n<\/tr>\n<tr>\n<td>Bater\u00eda<\/td>\n<td>2 pilas de litio AAA, reemplazables por el usuario Opci\u00f3n de reemplazar con 2 pilas alcalinas AAA<\/td>\n<\/tr>\n<tr>\n<td>Dimensiones<\/td>\n<td>1,57&#8243; x 3,67&#8243; x 0,94&#8243; (40 mm x 93,5 mm x 24 mm)<\/td>\n<\/tr>\n<tr>\n<td>Cubierta<\/td>\n<td>Pl\u00e1stico PC\/ABS<\/td>\n<\/tr>\n<tr>\n<td>Peso<\/td>\n<td>1.9 onzas (54 gramos)<\/td>\n<\/tr>\n<tr>\n<td>Resistencia a los golpes<\/td>\n<td>Soporta ca\u00eddas de 3 pies (1 metro) a la superficie dura<\/td>\n<\/tr>\n<tr>\n<td>Certificaci\u00f3n<\/td>\n<td>Marca CE, trazable NIST, compatible con ROHS, compatible con BSS 7061<\/td>\n<\/tr>\n<tr>\n<td>Cumplimiento de la FAA<\/td>\n<td>RTCA\/DO-160<\/td>\n<\/tr>\n<tr>\n<td>Monitor<\/td>\n<td>Alarma LED roja<\/td>\n<\/tr>\n<tr>\n<td>Clasificaci\u00f3n IP<\/td>\n<td>IP54 (con tapa de silicona puesta)<\/td>\n<\/tr>\n<tr>\n<td>Condiciones de almacenamiento<\/td>\n<td>-4\u00b0F a 122\u00b0F (-20\u00b0C a 50\u00b0C) 0% a 95% HR sin condensaci\u00f3n<\/td>\n<\/tr>\n<tr>\n<td>Requisitos del sistema<\/td>\n<td>PC con Windows con sistema operativo actual Adobe reader<\/td>\n<\/tr>\n<tr>\n<td>Programaci\u00f3n<\/td>\n<td>FlashLink Program Manager Software<\/td>\n<\/tr>\n<tr>\n<td>Requisitos de descarga<\/td>\n<td>Conexi\u00f3n USB directa<\/td>\n<\/tr>\n<tr>\n<td colspan=\"2\">Patente No. 6,088,514<\/td>\n<\/tr>\n<\/tbody>\n<\/table>\n<\/div>\n<\/div>\n<\/div>\n<div class=\"prod-bottom\">\n<div class=\"prod-desc\"><\/div>\n<\/div>\n","protected":false},"excerpt":{"rendered":"<h3><strong>Caracter\u00edsticas\u00a0<\/strong><\/h3>\n<ul>\n<li>Sensor interno de un solo canal<\/li>\n<li>Puntos de datos de 16K, memoria no vol\u00e1til<\/li>\n<li>Rango de medici\u00f3n de -40 \u00b0F\/\u00b0C a 116 \u00b0F\/47 \u00b0C<\/li>\n<li>Genera autom\u00e1ticamente un informe PDF y un archivo CSV<\/li>\n<li>Ideal para controlar la temperatura ambiente<\/li>\n<li>Programable por el usuario: inicio manual o autom\u00e1tico, intervalos de registro, alarmas altas\/bajas<\/li>\n<li>Gran pantalla LCD f\u00e1cil de leer<\/li>\n<li>Software multiling\u00fce FlashLink Program Manager<\/li>\n<li>An\u00e1lisis resumido de datos, con informaci\u00f3n de alarma<\/li>\n<li>Grados Minutos y c\u00e1lculos MKT<\/li>\n<\/ul>\n","protected":false},"featured_media":1803,"comment_status":"open","ping_status":"closed","template":"","meta":{"_joinchat":[]},"product_brand":[],"product_cat":[15],"product_tag":[],"class_list":{"0":"post-1802","1":"product","2":"type-product","3":"status-publish","4":"has-post-thumbnail","6":"product_cat-sin-categorizar","8":"first","9":"instock","10":"shipping-taxable","11":"product-type-simple"},"yoast_head":"<!-- This site is optimized with the Yoast SEO plugin v26.4 - https:\/\/yoast.com\/wordpress\/plugins\/seo\/ -->\n<title>Registrador de datos reutilizable FlashLink USB PDF Modelo 40516 - Abaa tienda online<\/title>\n<meta name=\"robots\" content=\"index, follow, max-snippet:-1, max-image-preview:large, max-video-preview:-1\" \/>\n<link rel=\"canonical\" href=\"https:\/\/abaa.mx\/tienda\/registrador-de-datos-reutilizable-flashlink-usb-pdf-modelo-40516\/\" \/>\n<meta property=\"og:locale\" content=\"es_MX\" \/>\n<meta property=\"og:type\" content=\"article\" \/>\n<meta property=\"og:title\" content=\"Registrador de datos reutilizable FlashLink USB PDF Modelo 40516 - Abaa tienda online\" \/>\n<meta property=\"og:description\" content=\"Caracter\u00edsticas\u00a0   Sensor interno de un solo canal  Puntos de datos de 16K, memoria no vol\u00e1til  Rango de medici\u00f3n de -40 \u00b0F\/\u00b0C a 116 \u00b0F\/47 \u00b0C  Genera autom\u00e1ticamente un informe PDF y un archivo CSV  Ideal para controlar la temperatura ambiente  Programable por el usuario: inicio manual o autom\u00e1tico, intervalos de registro, alarmas altas\/bajas  Gran pantalla LCD f\u00e1cil de leer  Software multiling\u00fce FlashLink Program Manager  An\u00e1lisis resumido de datos, con informaci\u00f3n de alarma  Grados Minutos y c\u00e1lculos MKT\" \/>\n<meta property=\"og:url\" content=\"https:\/\/abaa.mx\/tienda\/registrador-de-datos-reutilizable-flashlink-usb-pdf-modelo-40516\/\" \/>\n<meta property=\"og:site_name\" content=\"Abaa tienda online\" \/>\n<meta property=\"article:modified_time\" content=\"2023-09-18T14:51:16+00:00\" \/>\n<meta property=\"og:image\" content=\"https:\/\/abaa.mx\/tienda\/wp-content\/uploads\/2023\/09\/40516.jpg\" \/>\n\t<meta property=\"og:image:width\" content=\"474\" \/>\n\t<meta property=\"og:image:height\" content=\"474\" \/>\n\t<meta property=\"og:image:type\" content=\"image\/jpeg\" \/>\n<meta name=\"twitter:card\" content=\"summary_large_image\" \/>\n<meta name=\"twitter:label1\" content=\"Tiempo de lectura\" \/>\n\t<meta name=\"twitter:data1\" content=\"3 minutos\" \/>\n<script type=\"application\/ld+json\" class=\"yoast-schema-graph\">{\"@context\":\"https:\/\/schema.org\",\"@graph\":[{\"@type\":\"WebPage\",\"@id\":\"https:\/\/abaa.mx\/tienda\/registrador-de-datos-reutilizable-flashlink-usb-pdf-modelo-40516\/\",\"url\":\"https:\/\/abaa.mx\/tienda\/registrador-de-datos-reutilizable-flashlink-usb-pdf-modelo-40516\/\",\"name\":\"Registrador de datos reutilizable FlashLink USB PDF Modelo 40516 - Abaa tienda online\",\"isPartOf\":{\"@id\":\"https:\/\/abaa.mx\/tienda\/#website\"},\"primaryImageOfPage\":{\"@id\":\"https:\/\/abaa.mx\/tienda\/registrador-de-datos-reutilizable-flashlink-usb-pdf-modelo-40516\/#primaryimage\"},\"image\":{\"@id\":\"https:\/\/abaa.mx\/tienda\/registrador-de-datos-reutilizable-flashlink-usb-pdf-modelo-40516\/#primaryimage\"},\"thumbnailUrl\":\"https:\/\/abaa.mx\/tienda\/wp-content\/uploads\/2023\/09\/40516.jpg\",\"datePublished\":\"2023-09-18T14:51:15+00:00\",\"dateModified\":\"2023-09-18T14:51:16+00:00\",\"breadcrumb\":{\"@id\":\"https:\/\/abaa.mx\/tienda\/registrador-de-datos-reutilizable-flashlink-usb-pdf-modelo-40516\/#breadcrumb\"},\"inLanguage\":\"es\",\"potentialAction\":[{\"@type\":\"ReadAction\",\"target\":[\"https:\/\/abaa.mx\/tienda\/registrador-de-datos-reutilizable-flashlink-usb-pdf-modelo-40516\/\"]}]},{\"@type\":\"ImageObject\",\"inLanguage\":\"es\",\"@id\":\"https:\/\/abaa.mx\/tienda\/registrador-de-datos-reutilizable-flashlink-usb-pdf-modelo-40516\/#primaryimage\",\"url\":\"https:\/\/abaa.mx\/tienda\/wp-content\/uploads\/2023\/09\/40516.jpg\",\"contentUrl\":\"https:\/\/abaa.mx\/tienda\/wp-content\/uploads\/2023\/09\/40516.jpg\",\"width\":474,\"height\":474,\"caption\":\"registrador-de-datos-reutilizable-flashlink-usb-pdf-modelo-40516\"},{\"@type\":\"BreadcrumbList\",\"@id\":\"https:\/\/abaa.mx\/tienda\/registrador-de-datos-reutilizable-flashlink-usb-pdf-modelo-40516\/#breadcrumb\",\"itemListElement\":[{\"@type\":\"ListItem\",\"position\":1,\"name\":\"Inicio\",\"item\":\"https:\/\/abaa.mx\/tienda\/\"},{\"@type\":\"ListItem\",\"position\":2,\"name\":\"Tienda\",\"item\":\"https:\/\/abaa.mx\/tienda\/\"},{\"@type\":\"ListItem\",\"position\":3,\"name\":\"Registrador de datos reutilizable FlashLink USB PDF Modelo 40516\"}]},{\"@type\":\"WebSite\",\"@id\":\"https:\/\/abaa.mx\/tienda\/#website\",\"url\":\"https:\/\/abaa.mx\/tienda\/\",\"name\":\"Abaa tienda online\",\"description\":\"Instrumentos de medici\u00f3n\",\"publisher\":{\"@id\":\"https:\/\/abaa.mx\/tienda\/#organization\"},\"potentialAction\":[{\"@type\":\"SearchAction\",\"target\":{\"@type\":\"EntryPoint\",\"urlTemplate\":\"https:\/\/abaa.mx\/tienda\/?s={search_term_string}\"},\"query-input\":{\"@type\":\"PropertyValueSpecification\",\"valueRequired\":true,\"valueName\":\"search_term_string\"}}],\"inLanguage\":\"es\"},{\"@type\":\"Organization\",\"@id\":\"https:\/\/abaa.mx\/tienda\/#organization\",\"name\":\"Abaa tienda online\",\"url\":\"https:\/\/abaa.mx\/tienda\/\",\"logo\":{\"@type\":\"ImageObject\",\"inLanguage\":\"es\",\"@id\":\"https:\/\/abaa.mx\/tienda\/#\/schema\/logo\/image\/\",\"url\":\"https:\/\/abaa.mx\/tienda\/wp-content\/uploads\/2024\/01\/abaa-metrologia-tienda.png\",\"contentUrl\":\"https:\/\/abaa.mx\/tienda\/wp-content\/uploads\/2024\/01\/abaa-metrologia-tienda.png\",\"width\":300,\"height\":141,\"caption\":\"Abaa tienda online\"},\"image\":{\"@id\":\"https:\/\/abaa.mx\/tienda\/#\/schema\/logo\/image\/\"}}]}<\/script>\n<!-- \/ Yoast SEO plugin. -->","yoast_head_json":{"title":"Registrador de datos reutilizable FlashLink USB PDF Modelo 40516 - Abaa tienda online","robots":{"index":"index","follow":"follow","max-snippet":"max-snippet:-1","max-image-preview":"max-image-preview:large","max-video-preview":"max-video-preview:-1"},"canonical":"https:\/\/abaa.mx\/tienda\/registrador-de-datos-reutilizable-flashlink-usb-pdf-modelo-40516\/","og_locale":"es_MX","og_type":"article","og_title":"Registrador de datos reutilizable FlashLink USB PDF Modelo 40516 - Abaa tienda online","og_description":"Caracter\u00edsticas\u00a0   Sensor interno de un solo canal  Puntos de datos de 16K, memoria no vol\u00e1til  Rango de medici\u00f3n de -40 \u00b0F\/\u00b0C a 116 \u00b0F\/47 \u00b0C  Genera autom\u00e1ticamente un informe PDF y un archivo CSV  Ideal para controlar la temperatura ambiente  Programable por el usuario: inicio manual o autom\u00e1tico, intervalos de registro, alarmas altas\/bajas  Gran pantalla LCD f\u00e1cil de leer  Software multiling\u00fce FlashLink Program Manager  An\u00e1lisis resumido de datos, con informaci\u00f3n de alarma  Grados Minutos y c\u00e1lculos MKT","og_url":"https:\/\/abaa.mx\/tienda\/registrador-de-datos-reutilizable-flashlink-usb-pdf-modelo-40516\/","og_site_name":"Abaa tienda online","article_modified_time":"2023-09-18T14:51:16+00:00","og_image":[{"width":474,"height":474,"url":"https:\/\/abaa.mx\/tienda\/wp-content\/uploads\/2023\/09\/40516.jpg","type":"image\/jpeg"}],"twitter_card":"summary_large_image","twitter_misc":{"Tiempo de lectura":"3 minutos"},"schema":{"@context":"https:\/\/schema.org","@graph":[{"@type":"WebPage","@id":"https:\/\/abaa.mx\/tienda\/registrador-de-datos-reutilizable-flashlink-usb-pdf-modelo-40516\/","url":"https:\/\/abaa.mx\/tienda\/registrador-de-datos-reutilizable-flashlink-usb-pdf-modelo-40516\/","name":"Registrador de datos reutilizable FlashLink USB PDF Modelo 40516 - Abaa tienda online","isPartOf":{"@id":"https:\/\/abaa.mx\/tienda\/#website"},"primaryImageOfPage":{"@id":"https:\/\/abaa.mx\/tienda\/registrador-de-datos-reutilizable-flashlink-usb-pdf-modelo-40516\/#primaryimage"},"image":{"@id":"https:\/\/abaa.mx\/tienda\/registrador-de-datos-reutilizable-flashlink-usb-pdf-modelo-40516\/#primaryimage"},"thumbnailUrl":"https:\/\/abaa.mx\/tienda\/wp-content\/uploads\/2023\/09\/40516.jpg","datePublished":"2023-09-18T14:51:15+00:00","dateModified":"2023-09-18T14:51:16+00:00","breadcrumb":{"@id":"https:\/\/abaa.mx\/tienda\/registrador-de-datos-reutilizable-flashlink-usb-pdf-modelo-40516\/#breadcrumb"},"inLanguage":"es","potentialAction":[{"@type":"ReadAction","target":["https:\/\/abaa.mx\/tienda\/registrador-de-datos-reutilizable-flashlink-usb-pdf-modelo-40516\/"]}]},{"@type":"ImageObject","inLanguage":"es","@id":"https:\/\/abaa.mx\/tienda\/registrador-de-datos-reutilizable-flashlink-usb-pdf-modelo-40516\/#primaryimage","url":"https:\/\/abaa.mx\/tienda\/wp-content\/uploads\/2023\/09\/40516.jpg","contentUrl":"https:\/\/abaa.mx\/tienda\/wp-content\/uploads\/2023\/09\/40516.jpg","width":474,"height":474,"caption":"registrador-de-datos-reutilizable-flashlink-usb-pdf-modelo-40516"},{"@type":"BreadcrumbList","@id":"https:\/\/abaa.mx\/tienda\/registrador-de-datos-reutilizable-flashlink-usb-pdf-modelo-40516\/#breadcrumb","itemListElement":[{"@type":"ListItem","position":1,"name":"Inicio","item":"https:\/\/abaa.mx\/tienda\/"},{"@type":"ListItem","position":2,"name":"Tienda","item":"https:\/\/abaa.mx\/tienda\/"},{"@type":"ListItem","position":3,"name":"Registrador de datos reutilizable FlashLink USB PDF Modelo 40516"}]},{"@type":"WebSite","@id":"https:\/\/abaa.mx\/tienda\/#website","url":"https:\/\/abaa.mx\/tienda\/","name":"Abaa tienda online","description":"Instrumentos de medici\u00f3n","publisher":{"@id":"https:\/\/abaa.mx\/tienda\/#organization"},"potentialAction":[{"@type":"SearchAction","target":{"@type":"EntryPoint","urlTemplate":"https:\/\/abaa.mx\/tienda\/?s={search_term_string}"},"query-input":{"@type":"PropertyValueSpecification","valueRequired":true,"valueName":"search_term_string"}}],"inLanguage":"es"},{"@type":"Organization","@id":"https:\/\/abaa.mx\/tienda\/#organization","name":"Abaa tienda online","url":"https:\/\/abaa.mx\/tienda\/","logo":{"@type":"ImageObject","inLanguage":"es","@id":"https:\/\/abaa.mx\/tienda\/#\/schema\/logo\/image\/","url":"https:\/\/abaa.mx\/tienda\/wp-content\/uploads\/2024\/01\/abaa-metrologia-tienda.png","contentUrl":"https:\/\/abaa.mx\/tienda\/wp-content\/uploads\/2024\/01\/abaa-metrologia-tienda.png","width":300,"height":141,"caption":"Abaa tienda online"},"image":{"@id":"https:\/\/abaa.mx\/tienda\/#\/schema\/logo\/image\/"}}]}},"_links":{"self":[{"href":"https:\/\/abaa.mx\/tienda\/wp-json\/wp\/v2\/product\/1802","targetHints":{"allow":["GET"]}}],"collection":[{"href":"https:\/\/abaa.mx\/tienda\/wp-json\/wp\/v2\/product"}],"about":[{"href":"https:\/\/abaa.mx\/tienda\/wp-json\/wp\/v2\/types\/product"}],"replies":[{"embeddable":true,"href":"https:\/\/abaa.mx\/tienda\/wp-json\/wp\/v2\/comments?post=1802"}],"wp:featuredmedia":[{"embeddable":true,"href":"https:\/\/abaa.mx\/tienda\/wp-json\/wp\/v2\/media\/1803"}],"wp:attachment":[{"href":"https:\/\/abaa.mx\/tienda\/wp-json\/wp\/v2\/media?parent=1802"}],"wp:term":[{"taxonomy":"product_brand","embeddable":true,"href":"https:\/\/abaa.mx\/tienda\/wp-json\/wp\/v2\/product_brand?post=1802"},{"taxonomy":"product_cat","embeddable":true,"href":"https:\/\/abaa.mx\/tienda\/wp-json\/wp\/v2\/product_cat?post=1802"},{"taxonomy":"product_tag","embeddable":true,"href":"https:\/\/abaa.mx\/tienda\/wp-json\/wp\/v2\/product_tag?post=1802"}],"curies":[{"name":"wp","href":"https:\/\/api.w.org\/{rel}","templated":true}]}}