{"id":1801,"date":"2023-09-18T15:07:34","date_gmt":"2023-09-18T15:07:34","guid":{"rendered":"https:\/\/abaa.mx\/tienda\/?post_type=product&#038;p=1801"},"modified":"2023-09-18T15:07:35","modified_gmt":"2023-09-18T15:07:35","slug":"testo-184-h1-monitor-de-humedad-y-temperatura-para-medios-de-transporte","status":"publish","type":"product","link":"https:\/\/abaa.mx\/tienda\/testo-184-h1-monitor-de-humedad-y-temperatura-para-medios-de-transporte\/","title":{"rendered":"testo 184 h1 &#8211; monitor de humedad y temperatura para medios de transporte"},"content":{"rendered":"<p>Con el data logger testo 184 H1 se amplia el campo de supervisi\u00f3n de las mercanc\u00edas en transporte: la humedad y la temperatura de productos sensibles como alimentos, f\u00e1rmacos, productos electr\u00f3nicos o perecederos se monitoriza durante tiempo ilimitado.<\/p>\n<p>Cuando las mercanc\u00edas llegan a destino, un vistazo al indicador LED o a la pantalla permite averiguar si la temperatura se ha mantenido dentro de los l\u00edmites configurados. Y para obtener m\u00e1s detalles, solo hay que conectar el data logger a un PC: al instante se genera un informe en PDF que contiene todos los datos relevantes de la medici\u00f3n. El data logger est\u00e1 preparado para facilitar el trabajo al usuario, puesto que todos los archivos e informaci\u00f3n se guardan en memoria: archivos de configuraci\u00f3n, manual de instrucciones y los informes en PDF de los datos registrados.<\/p>\n<p>El data logger testo 184 H1 est\u00e1 equipado con: memoria para 60.000 valores de medici\u00f3n, intervalo de medici\u00f3n l\u00edbremente seleccionable entre 1 minuto y 24 horas y pila con 500 horas de autonom\u00eda f\u00e1cilmente reemplazable por el usuario.<\/p>\n<p>El testo 184 H1 cumple con las normativas GxP, 21 CFR Parte 11 y APPCC. El grupo Testo AG es una empresa con certificaci\u00f3n ISO 9001 que garantiza la adecuaci\u00f3n a esas normas mediante auditor\u00edas internas y auditor\u00edas externas realizadas por empresas auditoras acreditadas.<\/p>\n<div class=\"m-list\">\n<ul class=\"list-elements\">\n<li>Tiempo de funcionamiento ilimitado<\/li>\n<li>Todo memorizado en el data logger: informe en PDF con las mediciones, archivo de configuraci\u00f3n y manual de instrucciones<\/li>\n<li>Creaci\u00f3n instant\u00e1nea de un informe en PDF en cuanto se conecta el data logger al puerto USB del ordenador<\/li>\n<li>Cumple con las normas GxP, 21 CFR Parte 11, y APPCC<\/li>\n<\/ul>\n<\/div>\n<p class=\"text\">Con el registrador de datos para humedad ambiental y temperatura testo\u00a0184 H1 es posible supervisar el transporte de productos sensibles como alimentos, f\u00e1rmacos, sistemas electr\u00f3nicos u obras de arte desde ahora de modo seguro y c\u00f3modo. El registrador de humedad garantiza un manejo sencillo durante el registro de datos a trav\u00e9s del bot\u00f3n de inicio y parada. En el lugar de destino es posible visualizar en la pantalla o en los LEDs si se han respetado los valores l\u00edmite configurados durante el transporte.<\/p>\n<div class=\"c2a-tabSection m-tabs\">\n<div id=\"tab-details\" class=\"large-12 column m-tab-pdp\">\n<div class=\"medium-8\">\n<article class=\"child-1 paragraph\">\n<h3>Las ventajas del testo 184 H1:<\/h3>\n<p>1. Indicaci\u00f3n inequ\u00edvoca de alarmas<br \/>\nBasta con dar un vistazo a la pantalla o a los LEDs para saber si se han respetado los valores l\u00edmite.<\/p>\n<p>2. Manejo sencillo<br \/>\nEl funcionamiento del testo 184 H1 es totalmente intuitivo y se puede usar sin necesidad de formaci\u00f3n especial ni conocimientos previos: bot\u00f3n &#8220;Start&#8221; para iniciar la medici\u00f3n y &#8220;Stop&#8221; para detenerla.<\/p>\n<p>3. F\u00e1cil configuraci\u00f3n<br \/>\nEn cada testo 184 H1 hay grabado un archivo de configuraci\u00f3n para ajustar el data logger con total facilidad, sin descargas, sin instalaci\u00f3n, sin interfaz y sin gastos adicionales.<\/p>\n<p>4. C\u00f3modo volcado de datos<br \/>\nAl conectar el data logger testo 184 H1 al puerto USB de un ordenador, se crea autom\u00e1ticamente un informe PDF con los datos registrados durante el transporte. El informe es adecuado para el archivo a largo plazo seg\u00fan el est\u00e1ndar PDF\/A.<\/p>\n<p>5. Volcado m\u00f3vil\/impresi\u00f3n in situ<br \/>\nCon tecnolog\u00eda NFC se pueden transferir los datos medidos por el data logger a una impresora port\u00e1til Testo compatible.<\/p>\n<p>6. Seguridad inform\u00e1tica<br \/>\nLos registradores de datos testo 184 funcionan de manera segura sin necesidad de instalaci\u00f3n de programas ni descarga por lo que no dan problemas con el firewall ni el antivirus.<\/article>\n<h3>Volumen de suministro<\/h3>\n<article class=\"child-2 paragraph\">Data logger de humedad y temperatura testo 184 H1 y pila.<\/article>\n<\/div>\n<div class=\"medium-4\">\n<div class=\"m-cert large-12 column\"><\/div>\n<\/div>\n<\/div>\n<\/div>\n<hr \/>\n<div class=\"c2a-tabSection m-tabs\">\n<div id=\"tab-technicalData\" class=\"large-12 column m-data-tab\">\n<h2>Datos t\u00e9cnicos<\/h2>\n<table>\n<colgroup>\n<col class=\"colWidth25\" \/>\n<col \/><\/colgroup>\n<thead>\n<tr>\n<th colspan=\"2\">Datos t\u00e9cnicos generales<\/th>\n<\/tr>\n<\/thead>\n<tbody>\n<tr>\n<td class=\"table-bold\">Peso<\/td>\n<td>44 g<\/td>\n<\/tr>\n<tr>\n<td class=\"table-bold\">Medidas<\/td>\n<td>40 X 12,5 X 96,5 mm<\/td>\n<\/tr>\n<tr>\n<td class=\"table-bold\">Temperatura de funcionamiento<\/td>\n<td>-20 hasta +70 \u00baC<\/td>\n<\/tr>\n<tr>\n<td class=\"table-bold\">Material de la carcasa \/ del producto<\/td>\n<td>Pl\u00e1stico (ABS)<\/td>\n<\/tr>\n<tr>\n<td class=\"table-bold\">Clase de protecci\u00f3n<\/td>\n<td>IP30<\/td>\n<\/tr>\n<tr>\n<td class=\"table-bold\">Requisitos del sistema<\/td>\n<td>Adobe\u00ae Acrobat Reader<\/td>\n<\/tr>\n<tr>\n<td class=\"table-bold\">Color del producto<\/td>\n<td>blanco<\/td>\n<\/tr>\n<tr>\n<td class=\"table-bold\">Norma<\/td>\n<td>CE 2014\/30\/EU; CFR 21 Part 11 (en uso con testo ComSoft CFR-Software)<\/td>\n<\/tr>\n<tr>\n<td class=\"table-bold\">Certificado<\/td>\n<td>Certificado por HACCP (APPCC) International<\/td>\n<\/tr>\n<tr>\n<td class=\"table-bold\">Canales<\/td>\n<td>2 externo<\/td>\n<\/tr>\n<tr>\n<td class=\"table-bold\">Homologaciones<\/td>\n<td>CE<\/td>\n<\/tr>\n<tr>\n<td class=\"table-bold\">Se\u00f1al alarma<\/td>\n<td>v\u00eda LEDs y pantalla<\/td>\n<\/tr>\n<tr>\n<td class=\"table-bold\">Tipo de bater\u00eda<\/td>\n<td>Pila de litio (CR2450, 3V), reemplazable<\/td>\n<\/tr>\n<tr>\n<td class=\"table-bold\">Autonom\u00eda<\/td>\n<td>ilimitado<\/p>\n<p>500 d\u00edas (a +25 \u00b0C y con un intervalo de medici\u00f3n de 15 min)<\/td>\n<\/tr>\n<tr>\n<td class=\"table-bold\">Tipo de pantalla<\/td>\n<td>LCD<\/td>\n<\/tr>\n<tr>\n<td class=\"table-bold\">Medidas de la pantalla<\/td>\n<td>1 l\u00ednea<\/td>\n<\/tr>\n<tr>\n<td class=\"table-bold\">Iluminaci\u00f3n de pantalla<\/td>\n<td>no<\/td>\n<\/tr>\n<tr>\n<td class=\"table-bold\">Interfaces<\/td>\n<td>USB; NFC<\/td>\n<\/tr>\n<tr>\n<td class=\"table-bold\">Memoria<\/td>\n<td>60.000 valor medido<\/td>\n<\/tr>\n<tr>\n<td class=\"table-bold\">Temperatura de almacenamiento<\/td>\n<td>-55 hasta +70 \u00baC<\/td>\n<\/tr>\n<\/tbody>\n<\/table>\n<table>\n<colgroup>\n<col class=\"colWidth25\" \/>\n<col \/><\/colgroup>\n<thead>\n<tr>\n<th colspan=\"2\">NTC<\/th>\n<\/tr>\n<\/thead>\n<tbody>\n<tr>\n<td class=\"table-bold\">Rango<\/td>\n<td>-20 hasta +70 \u00baC<\/td>\n<\/tr>\n<tr>\n<td class=\"table-bold\">Exactitud<\/td>\n<td>\u00b10,5 \u00baC (0 hasta +70 \u00baC)<\/p>\n<p>\u00b10,8 \u00baC (-20 hasta 0 \u00baC)<\/td>\n<\/tr>\n<tr>\n<td class=\"table-bold\">Resoluci\u00f3n<\/td>\n<td>0,1 \u00baC<\/td>\n<\/tr>\n<tr>\n<td class=\"table-bold\">Tiempo de respuesta<\/td>\n<td>t\u2089\u2080 = 30 min<\/td>\n<\/tr>\n<tr>\n<td class=\"table-bold\">C\u00edclo de medici\u00f3n<\/td>\n<td>1 min hasta 24 h<\/td>\n<\/tr>\n<\/tbody>\n<\/table>\n<table>\n<colgroup>\n<col class=\"colWidth25\" \/>\n<col \/><\/colgroup>\n<thead>\n<tr>\n<th colspan=\"2\">Humedad &#8211; capacitivo<\/th>\n<\/tr>\n<\/thead>\n<tbody>\n<tr>\n<td class=\"table-bold\">Rango<\/td>\n<td>0 hasta 100 %HR<\/td>\n<\/tr>\n<tr>\n<td class=\"table-bold\">Exactitud<\/td>\n<td>\u00b11,8 %HR, +3 % del v.m. (a 25 \u00b0C , 5 % hasta 80 %HR)<\/p>\n<p>\u00b10,03 %HR\/K (AT 0 hasta 60 \u00baC)<\/p>\n<p>\u00b11 %RH hist\u00e9resis<\/p>\n<p>\u00b11 %RH\/a\u00f1o deriva<\/td>\n<\/tr>\n<tr>\n<td class=\"table-bold\">Resoluci\u00f3n<\/td>\n<td>0,1 %HR<\/td>\n<\/tr>\n<tr>\n<td class=\"table-bold\">C\u00edclo de medici\u00f3n<\/td>\n<td>1 min hasta 24 h.<\/td>\n<\/tr>\n<\/tbody>\n<\/table>\n<\/div>\n<\/div>\n","protected":false},"excerpt":{"rendered":"<p>Con el data logger testo 184 H1 se amplia el campo de supervisi\u00f3n de las mercanc\u00edas en transporte: la humedad y la temperatura de productos sensibles como alimentos, f\u00e1rmacos, productos electr\u00f3nicos o perecederos se monitoriza durante tiempo ilimitado.<\/p>\n<p>Cuando las mercanc\u00edas llegan a destino, un vistazo al indicador LED o a la pantalla permite averiguar si la temperatura se ha mantenido dentro de los l\u00edmites configurados. Y para obtener m\u00e1s detalles, solo hay que conectar el data logger a un PC: al instante se genera un informe en PDF que contiene todos los datos relevantes de la medici\u00f3n. El data logger est\u00e1 preparado para facilitar el trabajo al usuario, puesto que todos los archivos e informaci\u00f3n se guardan en memoria: archivos de configuraci\u00f3n, manual de instrucciones y los informes en PDF de los datos registrados.<\/p>\n<p>El data logger testo 184 H1 est\u00e1 equipado con: memoria para 60.000 valores de medici\u00f3n, intervalo de medici\u00f3n l\u00edbremente seleccionable entre 1 minuto y 24 horas y pila con 500 horas de autonom\u00eda f\u00e1cilmente reemplazable por el usuario.<\/p>\n<p>El testo 184 H1 cumple con las normativas GxP, 21 CFR Parte 11 y APPCC. El grupo Testo AG es una empresa con certificaci\u00f3n ISO 9001 que garantiza la adecuaci\u00f3n a esas normas mediante auditor\u00edas internas y auditor\u00edas externas realizadas por empresas auditoras acreditadas.<\/p>\n","protected":false},"featured_media":1810,"comment_status":"open","ping_status":"closed","template":"","meta":{"_joinchat":[]},"product_brand":[],"product_cat":[15],"product_tag":[],"class_list":{"0":"post-1801","1":"product","2":"type-product","3":"status-publish","4":"has-post-thumbnail","6":"product_cat-sin-categorizar","8":"first","9":"instock","10":"shipping-taxable","11":"product-type-simple"},"yoast_head":"<!-- This site is optimized with the Yoast SEO plugin v26.4 - https:\/\/yoast.com\/wordpress\/plugins\/seo\/ -->\n<title>testo 184 h1 - monitor de humedad y temperatura para medios de transporte - Abaa tienda online<\/title>\n<meta name=\"robots\" content=\"index, follow, max-snippet:-1, max-image-preview:large, max-video-preview:-1\" \/>\n<link rel=\"canonical\" href=\"https:\/\/abaa.mx\/tienda\/testo-184-h1-monitor-de-humedad-y-temperatura-para-medios-de-transporte\/\" \/>\n<meta property=\"og:locale\" content=\"es_MX\" \/>\n<meta property=\"og:type\" content=\"article\" \/>\n<meta property=\"og:title\" content=\"testo 184 h1 - monitor de humedad y temperatura para medios de transporte - Abaa tienda online\" \/>\n<meta property=\"og:description\" content=\"Con el data logger testo 184 H1 se amplia el campo de supervisi\u00f3n de las mercanc\u00edas en transporte: la humedad y la temperatura de productos sensibles como alimentos, f\u00e1rmacos, productos electr\u00f3nicos o perecederos se monitoriza durante tiempo ilimitado.  Cuando las mercanc\u00edas llegan a destino, un vistazo al indicador LED o a la pantalla permite averiguar si la temperatura se ha mantenido dentro de los l\u00edmites configurados. Y para obtener m\u00e1s detalles, solo hay que conectar el data logger a un PC: al instante se genera un informe en PDF que contiene todos los datos relevantes de la medici\u00f3n. El data logger est\u00e1 preparado para facilitar el trabajo al usuario, puesto que todos los archivos e informaci\u00f3n se guardan en memoria: archivos de configuraci\u00f3n, manual de instrucciones y los informes en PDF de los datos registrados.  El data logger testo 184 H1 est\u00e1 equipado con: memoria para 60.000 valores de medici\u00f3n, intervalo de medici\u00f3n l\u00edbremente seleccionable entre 1 minuto y 24 horas y pila con 500 horas de autonom\u00eda f\u00e1cilmente reemplazable por el usuario.  El testo 184 H1 cumple con las normativas GxP, 21 CFR Parte 11 y APPCC. El grupo Testo AG es una empresa con certificaci\u00f3n ISO 9001 que garantiza la adecuaci\u00f3n a esas normas mediante auditor\u00edas internas y auditor\u00edas externas realizadas por empresas auditoras acreditadas.\" \/>\n<meta property=\"og:url\" content=\"https:\/\/abaa.mx\/tienda\/testo-184-h1-monitor-de-humedad-y-temperatura-para-medios-de-transporte\/\" \/>\n<meta property=\"og:site_name\" content=\"Abaa tienda online\" \/>\n<meta property=\"article:modified_time\" content=\"2023-09-18T15:07:35+00:00\" \/>\n<meta property=\"og:image\" content=\"https:\/\/abaa.mx\/tienda\/wp-content\/uploads\/2023\/09\/testo-184-h1.jpg\" \/>\n\t<meta property=\"og:image:width\" content=\"628\" \/>\n\t<meta property=\"og:image:height\" content=\"660\" \/>\n\t<meta property=\"og:image:type\" content=\"image\/jpeg\" \/>\n<meta name=\"twitter:card\" content=\"summary_large_image\" \/>\n<meta name=\"twitter:label1\" content=\"Tiempo de lectura\" \/>\n\t<meta name=\"twitter:data1\" content=\"4 minutos\" \/>\n<script type=\"application\/ld+json\" class=\"yoast-schema-graph\">{\"@context\":\"https:\/\/schema.org\",\"@graph\":[{\"@type\":\"WebPage\",\"@id\":\"https:\/\/abaa.mx\/tienda\/testo-184-h1-monitor-de-humedad-y-temperatura-para-medios-de-transporte\/\",\"url\":\"https:\/\/abaa.mx\/tienda\/testo-184-h1-monitor-de-humedad-y-temperatura-para-medios-de-transporte\/\",\"name\":\"testo 184 h1 - monitor de humedad y temperatura para medios de transporte - Abaa tienda online\",\"isPartOf\":{\"@id\":\"https:\/\/abaa.mx\/tienda\/#website\"},\"primaryImageOfPage\":{\"@id\":\"https:\/\/abaa.mx\/tienda\/testo-184-h1-monitor-de-humedad-y-temperatura-para-medios-de-transporte\/#primaryimage\"},\"image\":{\"@id\":\"https:\/\/abaa.mx\/tienda\/testo-184-h1-monitor-de-humedad-y-temperatura-para-medios-de-transporte\/#primaryimage\"},\"thumbnailUrl\":\"https:\/\/abaa.mx\/tienda\/wp-content\/uploads\/2023\/09\/testo-184-h1.jpg\",\"datePublished\":\"2023-09-18T15:07:34+00:00\",\"dateModified\":\"2023-09-18T15:07:35+00:00\",\"breadcrumb\":{\"@id\":\"https:\/\/abaa.mx\/tienda\/testo-184-h1-monitor-de-humedad-y-temperatura-para-medios-de-transporte\/#breadcrumb\"},\"inLanguage\":\"es\",\"potentialAction\":[{\"@type\":\"ReadAction\",\"target\":[\"https:\/\/abaa.mx\/tienda\/testo-184-h1-monitor-de-humedad-y-temperatura-para-medios-de-transporte\/\"]}]},{\"@type\":\"ImageObject\",\"inLanguage\":\"es\",\"@id\":\"https:\/\/abaa.mx\/tienda\/testo-184-h1-monitor-de-humedad-y-temperatura-para-medios-de-transporte\/#primaryimage\",\"url\":\"https:\/\/abaa.mx\/tienda\/wp-content\/uploads\/2023\/09\/testo-184-h1.jpg\",\"contentUrl\":\"https:\/\/abaa.mx\/tienda\/wp-content\/uploads\/2023\/09\/testo-184-h1.jpg\",\"width\":628,\"height\":660,\"caption\":\"testo 184 h1\"},{\"@type\":\"BreadcrumbList\",\"@id\":\"https:\/\/abaa.mx\/tienda\/testo-184-h1-monitor-de-humedad-y-temperatura-para-medios-de-transporte\/#breadcrumb\",\"itemListElement\":[{\"@type\":\"ListItem\",\"position\":1,\"name\":\"Inicio\",\"item\":\"https:\/\/abaa.mx\/tienda\/\"},{\"@type\":\"ListItem\",\"position\":2,\"name\":\"Tienda\",\"item\":\"https:\/\/abaa.mx\/tienda\/\"},{\"@type\":\"ListItem\",\"position\":3,\"name\":\"testo 184 h1 &#8211; monitor de humedad y temperatura para medios de transporte\"}]},{\"@type\":\"WebSite\",\"@id\":\"https:\/\/abaa.mx\/tienda\/#website\",\"url\":\"https:\/\/abaa.mx\/tienda\/\",\"name\":\"Abaa tienda online\",\"description\":\"Instrumentos de medici\u00f3n\",\"publisher\":{\"@id\":\"https:\/\/abaa.mx\/tienda\/#organization\"},\"potentialAction\":[{\"@type\":\"SearchAction\",\"target\":{\"@type\":\"EntryPoint\",\"urlTemplate\":\"https:\/\/abaa.mx\/tienda\/?s={search_term_string}\"},\"query-input\":{\"@type\":\"PropertyValueSpecification\",\"valueRequired\":true,\"valueName\":\"search_term_string\"}}],\"inLanguage\":\"es\"},{\"@type\":\"Organization\",\"@id\":\"https:\/\/abaa.mx\/tienda\/#organization\",\"name\":\"Abaa tienda online\",\"url\":\"https:\/\/abaa.mx\/tienda\/\",\"logo\":{\"@type\":\"ImageObject\",\"inLanguage\":\"es\",\"@id\":\"https:\/\/abaa.mx\/tienda\/#\/schema\/logo\/image\/\",\"url\":\"https:\/\/abaa.mx\/tienda\/wp-content\/uploads\/2024\/01\/abaa-metrologia-tienda.png\",\"contentUrl\":\"https:\/\/abaa.mx\/tienda\/wp-content\/uploads\/2024\/01\/abaa-metrologia-tienda.png\",\"width\":300,\"height\":141,\"caption\":\"Abaa tienda online\"},\"image\":{\"@id\":\"https:\/\/abaa.mx\/tienda\/#\/schema\/logo\/image\/\"}}]}<\/script>\n<!-- \/ Yoast SEO plugin. -->","yoast_head_json":{"title":"testo 184 h1 - monitor de humedad y temperatura para medios de transporte - Abaa tienda online","robots":{"index":"index","follow":"follow","max-snippet":"max-snippet:-1","max-image-preview":"max-image-preview:large","max-video-preview":"max-video-preview:-1"},"canonical":"https:\/\/abaa.mx\/tienda\/testo-184-h1-monitor-de-humedad-y-temperatura-para-medios-de-transporte\/","og_locale":"es_MX","og_type":"article","og_title":"testo 184 h1 - monitor de humedad y temperatura para medios de transporte - Abaa tienda online","og_description":"Con el data logger testo 184 H1 se amplia el campo de supervisi\u00f3n de las mercanc\u00edas en transporte: la humedad y la temperatura de productos sensibles como alimentos, f\u00e1rmacos, productos electr\u00f3nicos o perecederos se monitoriza durante tiempo ilimitado.  Cuando las mercanc\u00edas llegan a destino, un vistazo al indicador LED o a la pantalla permite averiguar si la temperatura se ha mantenido dentro de los l\u00edmites configurados. Y para obtener m\u00e1s detalles, solo hay que conectar el data logger a un PC: al instante se genera un informe en PDF que contiene todos los datos relevantes de la medici\u00f3n. El data logger est\u00e1 preparado para facilitar el trabajo al usuario, puesto que todos los archivos e informaci\u00f3n se guardan en memoria: archivos de configuraci\u00f3n, manual de instrucciones y los informes en PDF de los datos registrados.  El data logger testo 184 H1 est\u00e1 equipado con: memoria para 60.000 valores de medici\u00f3n, intervalo de medici\u00f3n l\u00edbremente seleccionable entre 1 minuto y 24 horas y pila con 500 horas de autonom\u00eda f\u00e1cilmente reemplazable por el usuario.  El testo 184 H1 cumple con las normativas GxP, 21 CFR Parte 11 y APPCC. El grupo Testo AG es una empresa con certificaci\u00f3n ISO 9001 que garantiza la adecuaci\u00f3n a esas normas mediante auditor\u00edas internas y auditor\u00edas externas realizadas por empresas auditoras acreditadas.","og_url":"https:\/\/abaa.mx\/tienda\/testo-184-h1-monitor-de-humedad-y-temperatura-para-medios-de-transporte\/","og_site_name":"Abaa tienda online","article_modified_time":"2023-09-18T15:07:35+00:00","og_image":[{"width":628,"height":660,"url":"https:\/\/abaa.mx\/tienda\/wp-content\/uploads\/2023\/09\/testo-184-h1.jpg","type":"image\/jpeg"}],"twitter_card":"summary_large_image","twitter_misc":{"Tiempo de lectura":"4 minutos"},"schema":{"@context":"https:\/\/schema.org","@graph":[{"@type":"WebPage","@id":"https:\/\/abaa.mx\/tienda\/testo-184-h1-monitor-de-humedad-y-temperatura-para-medios-de-transporte\/","url":"https:\/\/abaa.mx\/tienda\/testo-184-h1-monitor-de-humedad-y-temperatura-para-medios-de-transporte\/","name":"testo 184 h1 - monitor de humedad y temperatura para medios de transporte - Abaa tienda online","isPartOf":{"@id":"https:\/\/abaa.mx\/tienda\/#website"},"primaryImageOfPage":{"@id":"https:\/\/abaa.mx\/tienda\/testo-184-h1-monitor-de-humedad-y-temperatura-para-medios-de-transporte\/#primaryimage"},"image":{"@id":"https:\/\/abaa.mx\/tienda\/testo-184-h1-monitor-de-humedad-y-temperatura-para-medios-de-transporte\/#primaryimage"},"thumbnailUrl":"https:\/\/abaa.mx\/tienda\/wp-content\/uploads\/2023\/09\/testo-184-h1.jpg","datePublished":"2023-09-18T15:07:34+00:00","dateModified":"2023-09-18T15:07:35+00:00","breadcrumb":{"@id":"https:\/\/abaa.mx\/tienda\/testo-184-h1-monitor-de-humedad-y-temperatura-para-medios-de-transporte\/#breadcrumb"},"inLanguage":"es","potentialAction":[{"@type":"ReadAction","target":["https:\/\/abaa.mx\/tienda\/testo-184-h1-monitor-de-humedad-y-temperatura-para-medios-de-transporte\/"]}]},{"@type":"ImageObject","inLanguage":"es","@id":"https:\/\/abaa.mx\/tienda\/testo-184-h1-monitor-de-humedad-y-temperatura-para-medios-de-transporte\/#primaryimage","url":"https:\/\/abaa.mx\/tienda\/wp-content\/uploads\/2023\/09\/testo-184-h1.jpg","contentUrl":"https:\/\/abaa.mx\/tienda\/wp-content\/uploads\/2023\/09\/testo-184-h1.jpg","width":628,"height":660,"caption":"testo 184 h1"},{"@type":"BreadcrumbList","@id":"https:\/\/abaa.mx\/tienda\/testo-184-h1-monitor-de-humedad-y-temperatura-para-medios-de-transporte\/#breadcrumb","itemListElement":[{"@type":"ListItem","position":1,"name":"Inicio","item":"https:\/\/abaa.mx\/tienda\/"},{"@type":"ListItem","position":2,"name":"Tienda","item":"https:\/\/abaa.mx\/tienda\/"},{"@type":"ListItem","position":3,"name":"testo 184 h1 &#8211; monitor de humedad y temperatura para medios de transporte"}]},{"@type":"WebSite","@id":"https:\/\/abaa.mx\/tienda\/#website","url":"https:\/\/abaa.mx\/tienda\/","name":"Abaa tienda online","description":"Instrumentos de medici\u00f3n","publisher":{"@id":"https:\/\/abaa.mx\/tienda\/#organization"},"potentialAction":[{"@type":"SearchAction","target":{"@type":"EntryPoint","urlTemplate":"https:\/\/abaa.mx\/tienda\/?s={search_term_string}"},"query-input":{"@type":"PropertyValueSpecification","valueRequired":true,"valueName":"search_term_string"}}],"inLanguage":"es"},{"@type":"Organization","@id":"https:\/\/abaa.mx\/tienda\/#organization","name":"Abaa tienda online","url":"https:\/\/abaa.mx\/tienda\/","logo":{"@type":"ImageObject","inLanguage":"es","@id":"https:\/\/abaa.mx\/tienda\/#\/schema\/logo\/image\/","url":"https:\/\/abaa.mx\/tienda\/wp-content\/uploads\/2024\/01\/abaa-metrologia-tienda.png","contentUrl":"https:\/\/abaa.mx\/tienda\/wp-content\/uploads\/2024\/01\/abaa-metrologia-tienda.png","width":300,"height":141,"caption":"Abaa tienda online"},"image":{"@id":"https:\/\/abaa.mx\/tienda\/#\/schema\/logo\/image\/"}}]}},"_links":{"self":[{"href":"https:\/\/abaa.mx\/tienda\/wp-json\/wp\/v2\/product\/1801","targetHints":{"allow":["GET"]}}],"collection":[{"href":"https:\/\/abaa.mx\/tienda\/wp-json\/wp\/v2\/product"}],"about":[{"href":"https:\/\/abaa.mx\/tienda\/wp-json\/wp\/v2\/types\/product"}],"replies":[{"embeddable":true,"href":"https:\/\/abaa.mx\/tienda\/wp-json\/wp\/v2\/comments?post=1801"}],"wp:featuredmedia":[{"embeddable":true,"href":"https:\/\/abaa.mx\/tienda\/wp-json\/wp\/v2\/media\/1810"}],"wp:attachment":[{"href":"https:\/\/abaa.mx\/tienda\/wp-json\/wp\/v2\/media?parent=1801"}],"wp:term":[{"taxonomy":"product_brand","embeddable":true,"href":"https:\/\/abaa.mx\/tienda\/wp-json\/wp\/v2\/product_brand?post=1801"},{"taxonomy":"product_cat","embeddable":true,"href":"https:\/\/abaa.mx\/tienda\/wp-json\/wp\/v2\/product_cat?post=1801"},{"taxonomy":"product_tag","embeddable":true,"href":"https:\/\/abaa.mx\/tienda\/wp-json\/wp\/v2\/product_tag?post=1801"}],"curies":[{"name":"wp","href":"https:\/\/api.w.org\/{rel}","templated":true}]}}