{"id":1800,"date":"2023-09-18T15:01:55","date_gmt":"2023-09-18T15:01:55","guid":{"rendered":"https:\/\/abaa.mx\/tienda\/?post_type=product&#038;p=1800"},"modified":"2023-09-18T15:01:56","modified_gmt":"2023-09-18T15:01:56","slug":"set-testo-174-h-mini-registrador-de-datos-para-temperatura-y-humedad-ambiente","status":"publish","type":"product","link":"https:\/\/abaa.mx\/tienda\/set-testo-174-h-mini-registrador-de-datos-para-temperatura-y-humedad-ambiente\/","title":{"rendered":"set testo 174 h &#8211; mini registrador de datos para temperatura y humedad ambiente"},"content":{"rendered":"<p>\u00bfEs usted responsable del almacenamiento o conservaci\u00f3n de objetos sensibles a las condiciones ambientales (alimentos, medicamentos, documentos antiguos, obras de arte, piezas met\u00e1licas propensas a la corrosi\u00f3n, etc.)? \u00bfO desea controlar la climatizaci\u00f3n de edificios, por ejemplo, para comprobar la ventilaci\u00f3n de sus inquilinos? Entonces le ser\u00e1 de gran utilidad el registro continuo de los valores de temperatura y humedad ambiente. Para esta tarea de medici\u00f3n, nada mejor que contar con el mini registrador de datos para temperatura y humedad ambiente testo 174 H. A pesar de su peque\u00f1o tama\u00f1o, ofrece grandes resultados.<\/p>\n<div class=\"m-list\">\n<ul class=\"list-elements\">\n<li>Memoria de datos de medici\u00f3n para 16\u202f000 valores de temperatura y humedad ambiente<\/li>\n<li>Medici\u00f3n fiable gracias al sensor de humedad de gran estabilidad a largo plazo<\/li>\n<li>Ventaja del set: se incluye interfaz USB para la transferencia de datos a un ordenador<\/li>\n<li>Sencilla evaluaci\u00f3n de los datos en el ordenador con el programa correspondiente (tres versiones del programa disponibles, la descarga de la versi\u00f3n b\u00e1sica es gratuita)<\/li>\n<\/ul>\n<\/div>\n<p class=\"text\">El mini registrador de datos para temperatura y humedad ambiente testo 174 H es su data logger ideal: peque\u00f1o, pr\u00e1ctico, pero tambi\u00e9n fiable en la supervisi\u00f3n de las condiciones ambientales. Ya sea en el almac\u00e9n, museo, archivo, oficina o vivienda, el mini registrador de datos garantiza el registro de temperatura y humedad ambiente.<\/p>\n<div class=\"c2a-tabSection m-tabs\">\n<div id=\"tab-details\" class=\"large-12 column m-tab-pdp\">\n<div class=\"medium-8\">\n<article class=\"child-1 paragraph\">\n<h3>Estas son las prestaciones del mini registrador de datos para temperatura y humedad ambiente<\/h3>\n<p>En la pantalla del mini data logger se leen los valores de medici\u00f3n actuales y los posibles incumplimientos de los valores l\u00edmites. La memoria puede almacenar un total de 16\u202f000 valores de forma segura. Incluso con la pila vac\u00eda o al cambiarla, los datos de medici\u00f3n almacenados no se pierden.<br \/>\nEl mini registrador de datos testo 174H dispone de sensores internos que miden la temperatura y la humedad ambiente. El sensor de humedad testo capacitivo de gran estabilidad a largo plazo es un sensor que logra una exactitud de hasta \u00b1 3 %HR durante la medici\u00f3n de la humedad ambiente. El sensor de temperatura NTC interno no solo es especialmente preciso gracias a su exactitud de \u00b1 0.5 \u00b0C, sino que cubre un rango de medici\u00f3n de -20 a +70 \u00b0C.<br \/>\nEspecialmente pr\u00e1ctico: el mini registrador de datos funciona con pilas est\u00e1ndar (2x CR 2032) que el usuario puede reemplazar en cualquier momento.<\/p>\n<h3>Programaci\u00f3n y evaluaci\u00f3n del data logger para temperatura y humedad ambiente<\/h3>\n<p>La programaci\u00f3n y la lectura de su mini registrador de datos, as\u00ed como la evaluaci\u00f3n de los datos medidos en un ordenador es posible con la ayuda de un programa. Puede elegir entre tres versiones del programa:<\/p>\n<ul>\n<li><strong>ComSoft B\u00e1sico<\/strong>\u00a0&#8211; disponible para su descarga gratuita &#8211; para la programaci\u00f3n r\u00e1pida del mini registrador de datos y un an\u00e1lisis f\u00e1cil de los datos de medici\u00f3n<\/li>\n<li><strong>ComSoft Profesional<\/strong>\u00a0&#8211; disponible opcionalmente &#8211; ofrece varias posibilidades para la evaluaci\u00f3n detallada de los valores de temperatura y humedad ambiente<\/li>\n<li><strong>ComSoft CFR 21 Parte 11<\/strong>\u00a0&#8211; disponible opcionalmente &#8211; ideal para los requisitos especiales de acuerdo con CFR 21 parte 11 en el sector farmac\u00e9utico<\/li>\n<\/ul>\n<h3>Ventaja del set: el mini registrador de datos est\u00e1 listo para usarse<\/h3>\n<p>Para programar y leer el mini registrador de datos para temperatura y humedad ambiente se requiere una interfaz USB. Si se ha decidido por este set, le proporcionaremos la interfaz USB para que pueda comenzar r\u00e1pidamente con sus mediciones.<\/p>\n<p><strong>Atenci\u00f3n:<\/strong>\u00a0Antes de poner en marcha la interfaz USB descargue la versi\u00f3n actual del software. Esta se encuentra en el \u00e1rea de descarga.<\/article>\n<h3>Volumen de suministro<\/h3>\n<article class=\"child-2 paragraph\">Mini registrador de datos para temperatura y humedad ambiente testo 174 H, interfaz USB para programaci\u00f3n y lectura del mini registrador de datos, soporte para pared, pilas (2 x CR 2032 de litio) y protocolo de calibraci\u00f3n.<\/p>\n<\/article>\n<\/div>\n<div class=\"medium-4\">\n<div class=\"m-cert large-12 column\"><\/div>\n<\/div>\n<\/div>\n<\/div>\n<div class=\"c2a-tabSection m-tabs\">\n<div id=\"tab-technicalData\" class=\"large-12 column m-data-tab\">\n<h2>Datos t\u00e9cnicos<\/h2>\n<table>\n<colgroup>\n<col class=\"colWidth25\" \/>\n<col \/><\/colgroup>\n<thead>\n<tr>\n<th colspan=\"2\">Datos t\u00e9cnicos generales<\/th>\n<\/tr>\n<\/thead>\n<tbody>\n<tr>\n<td class=\"table-bold\">Peso<\/td>\n<td>34 g<\/td>\n<\/tr>\n<tr>\n<td class=\"table-bold\">Medidas<\/td>\n<td>60 X 38 X 18,5 mm<\/td>\n<\/tr>\n<tr>\n<td class=\"table-bold\">Temperatura de funcionamiento<\/td>\n<td>-20 hasta +70 \u00baC<\/td>\n<\/tr>\n<tr>\n<td class=\"table-bold\">Material de la carcasa \/ del producto<\/td>\n<td>Pl\u00e1stico<\/td>\n<\/tr>\n<tr>\n<td class=\"table-bold\">Clase de protecci\u00f3n<\/td>\n<td>IP20<\/td>\n<\/tr>\n<tr>\n<td class=\"table-bold\">Canales<\/td>\n<td>2 externo<\/td>\n<\/tr>\n<tr>\n<td class=\"table-bold\">Color del producto<\/td>\n<td>Negro<\/td>\n<\/tr>\n<tr>\n<td class=\"table-bold\">Norma<\/td>\n<td>2011\/65\/EU; Directriz UE 2014\/30\/EU<\/td>\n<\/tr>\n<tr>\n<td class=\"table-bold\">Intervalo de medici\u00f3n<\/td>\n<td>1 min &#8211; 24 h<\/td>\n<\/tr>\n<tr>\n<td class=\"table-bold\">Tipo de bater\u00eda<\/td>\n<td>2 pilas bot\u00f3n (3 V, CR 2032)<\/td>\n<\/tr>\n<tr>\n<td class=\"table-bold\">Autonom\u00eda<\/td>\n<td>1 a\u00f1o (15&#8242; intervalo de medici\u00f3n a +25\u00b0C)<\/td>\n<\/tr>\n<tr>\n<td class=\"table-bold\">Memoria<\/td>\n<td>16.000 valor medido<\/td>\n<\/tr>\n<tr>\n<td class=\"table-bold\">Temperatura de almacenamiento<\/td>\n<td>-40 hasta +70 \u00baC<\/td>\n<\/tr>\n<\/tbody>\n<\/table>\n<table>\n<colgroup>\n<col class=\"colWidth25\" \/>\n<col \/><\/colgroup>\n<thead>\n<tr>\n<th colspan=\"2\">NTC<\/th>\n<\/tr>\n<\/thead>\n<tbody>\n<tr>\n<td class=\"table-bold\">Rango<\/td>\n<td>-20 hasta +70 \u00baC<\/td>\n<\/tr>\n<tr>\n<td class=\"table-bold\">Exactitud<\/td>\n<td>\u00b10,5 \u00baC (-20 hasta +70 \u00baC)<\/td>\n<\/tr>\n<tr>\n<td class=\"table-bold\">Resoluci\u00f3n<\/td>\n<td>0,1 \u00baC<\/td>\n<\/tr>\n<\/tbody>\n<\/table>\n<table>\n<colgroup>\n<col class=\"colWidth25\" \/>\n<col \/><\/colgroup>\n<thead>\n<tr>\n<th colspan=\"2\">Humedad &#8211; capacitivo<\/th>\n<\/tr>\n<\/thead>\n<tbody>\n<tr>\n<td class=\"table-bold\">Rango<\/td>\n<td>0 hasta +100 %HR*<\/td>\n<\/tr>\n<tr>\n<td class=\"table-bold\">Exactitud<\/td>\n<td>\u00b13 %HR (2 hasta +98 %HR) AT +25 \u00baC<\/p>\n<p>\u00b10,03 %HR\/K \u00b11 Digito<\/td>\n<\/tr>\n<tr>\n<td class=\"table-bold\">Resoluci\u00f3n<\/td>\n<td>0,1 %HR<\/td>\n<\/tr>\n<\/tbody>\n<\/table>\n<\/div>\n<\/div>\n","protected":false},"excerpt":{"rendered":"<p>\u00bfEs usted responsable del almacenamiento o conservaci\u00f3n de objetos sensibles a las condiciones ambientales (alimentos, medicamentos, documentos antiguos, obras de arte, piezas met\u00e1licas propensas a la corrosi\u00f3n, etc.)? \u00bfO desea controlar la climatizaci\u00f3n de edificios, por ejemplo, para comprobar la ventilaci\u00f3n de sus inquilinos? Entonces le ser\u00e1 de gran utilidad el registro continuo de los valores de temperatura y humedad ambiente. Para esta tarea de medici\u00f3n, nada mejor que contar con el mini registrador de datos para temperatura y humedad ambiente testo 174 H. A pesar de su peque\u00f1o tama\u00f1o, ofrece grandes resultados.<\/p>\n","protected":false},"featured_media":1808,"comment_status":"open","ping_status":"closed","template":"","meta":{"_joinchat":[]},"product_brand":[],"product_cat":[15],"product_tag":[],"class_list":{"0":"post-1800","1":"product","2":"type-product","3":"status-publish","4":"has-post-thumbnail","6":"product_cat-sin-categorizar","8":"first","9":"instock","10":"shipping-taxable","11":"product-type-simple"},"yoast_head":"<!-- This site is optimized with the Yoast SEO plugin v26.4 - https:\/\/yoast.com\/wordpress\/plugins\/seo\/ -->\n<title>set testo 174 h - mini registrador de datos para temperatura y humedad ambiente - Abaa tienda online<\/title>\n<meta name=\"robots\" content=\"index, follow, max-snippet:-1, max-image-preview:large, max-video-preview:-1\" \/>\n<link rel=\"canonical\" href=\"https:\/\/abaa.mx\/tienda\/set-testo-174-h-mini-registrador-de-datos-para-temperatura-y-humedad-ambiente\/\" \/>\n<meta property=\"og:locale\" content=\"es_MX\" \/>\n<meta property=\"og:type\" content=\"article\" \/>\n<meta property=\"og:title\" content=\"set testo 174 h - mini registrador de datos para temperatura y humedad ambiente - Abaa tienda online\" \/>\n<meta property=\"og:description\" content=\"\u00bfEs usted responsable del almacenamiento o conservaci\u00f3n de objetos sensibles a las condiciones ambientales (alimentos, medicamentos, documentos antiguos, obras de arte, piezas met\u00e1licas propensas a la corrosi\u00f3n, etc.)? \u00bfO desea controlar la climatizaci\u00f3n de edificios, por ejemplo, para comprobar la ventilaci\u00f3n de sus inquilinos? Entonces le ser\u00e1 de gran utilidad el registro continuo de los valores de temperatura y humedad ambiente. Para esta tarea de medici\u00f3n, nada mejor que contar con el mini registrador de datos para temperatura y humedad ambiente testo 174 H. A pesar de su peque\u00f1o tama\u00f1o, ofrece grandes resultados.\" \/>\n<meta property=\"og:url\" content=\"https:\/\/abaa.mx\/tienda\/set-testo-174-h-mini-registrador-de-datos-para-temperatura-y-humedad-ambiente\/\" \/>\n<meta property=\"og:site_name\" content=\"Abaa tienda online\" \/>\n<meta property=\"article:modified_time\" content=\"2023-09-18T15:01:56+00:00\" \/>\n<meta property=\"og:image\" content=\"https:\/\/abaa.mx\/tienda\/wp-content\/uploads\/2023\/09\/set-testo-174-h.jpg\" \/>\n\t<meta property=\"og:image:width\" content=\"660\" \/>\n\t<meta property=\"og:image:height\" content=\"495\" \/>\n\t<meta property=\"og:image:type\" content=\"image\/jpeg\" \/>\n<meta name=\"twitter:card\" content=\"summary_large_image\" \/>\n<meta name=\"twitter:label1\" content=\"Tiempo de lectura\" \/>\n\t<meta name=\"twitter:data1\" content=\"4 minutos\" \/>\n<script type=\"application\/ld+json\" class=\"yoast-schema-graph\">{\"@context\":\"https:\/\/schema.org\",\"@graph\":[{\"@type\":\"WebPage\",\"@id\":\"https:\/\/abaa.mx\/tienda\/set-testo-174-h-mini-registrador-de-datos-para-temperatura-y-humedad-ambiente\/\",\"url\":\"https:\/\/abaa.mx\/tienda\/set-testo-174-h-mini-registrador-de-datos-para-temperatura-y-humedad-ambiente\/\",\"name\":\"set testo 174 h - mini registrador de datos para temperatura y humedad ambiente - Abaa tienda online\",\"isPartOf\":{\"@id\":\"https:\/\/abaa.mx\/tienda\/#website\"},\"primaryImageOfPage\":{\"@id\":\"https:\/\/abaa.mx\/tienda\/set-testo-174-h-mini-registrador-de-datos-para-temperatura-y-humedad-ambiente\/#primaryimage\"},\"image\":{\"@id\":\"https:\/\/abaa.mx\/tienda\/set-testo-174-h-mini-registrador-de-datos-para-temperatura-y-humedad-ambiente\/#primaryimage\"},\"thumbnailUrl\":\"https:\/\/abaa.mx\/tienda\/wp-content\/uploads\/2023\/09\/set-testo-174-h.jpg\",\"datePublished\":\"2023-09-18T15:01:55+00:00\",\"dateModified\":\"2023-09-18T15:01:56+00:00\",\"breadcrumb\":{\"@id\":\"https:\/\/abaa.mx\/tienda\/set-testo-174-h-mini-registrador-de-datos-para-temperatura-y-humedad-ambiente\/#breadcrumb\"},\"inLanguage\":\"es\",\"potentialAction\":[{\"@type\":\"ReadAction\",\"target\":[\"https:\/\/abaa.mx\/tienda\/set-testo-174-h-mini-registrador-de-datos-para-temperatura-y-humedad-ambiente\/\"]}]},{\"@type\":\"ImageObject\",\"inLanguage\":\"es\",\"@id\":\"https:\/\/abaa.mx\/tienda\/set-testo-174-h-mini-registrador-de-datos-para-temperatura-y-humedad-ambiente\/#primaryimage\",\"url\":\"https:\/\/abaa.mx\/tienda\/wp-content\/uploads\/2023\/09\/set-testo-174-h.jpg\",\"contentUrl\":\"https:\/\/abaa.mx\/tienda\/wp-content\/uploads\/2023\/09\/set-testo-174-h.jpg\",\"width\":660,\"height\":495,\"caption\":\"set testo 174 h\"},{\"@type\":\"BreadcrumbList\",\"@id\":\"https:\/\/abaa.mx\/tienda\/set-testo-174-h-mini-registrador-de-datos-para-temperatura-y-humedad-ambiente\/#breadcrumb\",\"itemListElement\":[{\"@type\":\"ListItem\",\"position\":1,\"name\":\"Inicio\",\"item\":\"https:\/\/abaa.mx\/tienda\/\"},{\"@type\":\"ListItem\",\"position\":2,\"name\":\"Tienda\",\"item\":\"https:\/\/abaa.mx\/tienda\/\"},{\"@type\":\"ListItem\",\"position\":3,\"name\":\"set testo 174 h &#8211; mini registrador de datos para temperatura y humedad ambiente\"}]},{\"@type\":\"WebSite\",\"@id\":\"https:\/\/abaa.mx\/tienda\/#website\",\"url\":\"https:\/\/abaa.mx\/tienda\/\",\"name\":\"Abaa tienda online\",\"description\":\"Instrumentos de medici\u00f3n\",\"publisher\":{\"@id\":\"https:\/\/abaa.mx\/tienda\/#organization\"},\"potentialAction\":[{\"@type\":\"SearchAction\",\"target\":{\"@type\":\"EntryPoint\",\"urlTemplate\":\"https:\/\/abaa.mx\/tienda\/?s={search_term_string}\"},\"query-input\":{\"@type\":\"PropertyValueSpecification\",\"valueRequired\":true,\"valueName\":\"search_term_string\"}}],\"inLanguage\":\"es\"},{\"@type\":\"Organization\",\"@id\":\"https:\/\/abaa.mx\/tienda\/#organization\",\"name\":\"Abaa tienda online\",\"url\":\"https:\/\/abaa.mx\/tienda\/\",\"logo\":{\"@type\":\"ImageObject\",\"inLanguage\":\"es\",\"@id\":\"https:\/\/abaa.mx\/tienda\/#\/schema\/logo\/image\/\",\"url\":\"https:\/\/abaa.mx\/tienda\/wp-content\/uploads\/2024\/01\/abaa-metrologia-tienda.png\",\"contentUrl\":\"https:\/\/abaa.mx\/tienda\/wp-content\/uploads\/2024\/01\/abaa-metrologia-tienda.png\",\"width\":300,\"height\":141,\"caption\":\"Abaa tienda online\"},\"image\":{\"@id\":\"https:\/\/abaa.mx\/tienda\/#\/schema\/logo\/image\/\"}}]}<\/script>\n<!-- \/ Yoast SEO plugin. -->","yoast_head_json":{"title":"set testo 174 h - mini registrador de datos para temperatura y humedad ambiente - Abaa tienda online","robots":{"index":"index","follow":"follow","max-snippet":"max-snippet:-1","max-image-preview":"max-image-preview:large","max-video-preview":"max-video-preview:-1"},"canonical":"https:\/\/abaa.mx\/tienda\/set-testo-174-h-mini-registrador-de-datos-para-temperatura-y-humedad-ambiente\/","og_locale":"es_MX","og_type":"article","og_title":"set testo 174 h - mini registrador de datos para temperatura y humedad ambiente - Abaa tienda online","og_description":"\u00bfEs usted responsable del almacenamiento o conservaci\u00f3n de objetos sensibles a las condiciones ambientales (alimentos, medicamentos, documentos antiguos, obras de arte, piezas met\u00e1licas propensas a la corrosi\u00f3n, etc.)? \u00bfO desea controlar la climatizaci\u00f3n de edificios, por ejemplo, para comprobar la ventilaci\u00f3n de sus inquilinos? Entonces le ser\u00e1 de gran utilidad el registro continuo de los valores de temperatura y humedad ambiente. Para esta tarea de medici\u00f3n, nada mejor que contar con el mini registrador de datos para temperatura y humedad ambiente testo 174 H. A pesar de su peque\u00f1o tama\u00f1o, ofrece grandes resultados.","og_url":"https:\/\/abaa.mx\/tienda\/set-testo-174-h-mini-registrador-de-datos-para-temperatura-y-humedad-ambiente\/","og_site_name":"Abaa tienda online","article_modified_time":"2023-09-18T15:01:56+00:00","og_image":[{"width":660,"height":495,"url":"https:\/\/abaa.mx\/tienda\/wp-content\/uploads\/2023\/09\/set-testo-174-h.jpg","type":"image\/jpeg"}],"twitter_card":"summary_large_image","twitter_misc":{"Tiempo de lectura":"4 minutos"},"schema":{"@context":"https:\/\/schema.org","@graph":[{"@type":"WebPage","@id":"https:\/\/abaa.mx\/tienda\/set-testo-174-h-mini-registrador-de-datos-para-temperatura-y-humedad-ambiente\/","url":"https:\/\/abaa.mx\/tienda\/set-testo-174-h-mini-registrador-de-datos-para-temperatura-y-humedad-ambiente\/","name":"set testo 174 h - mini registrador de datos para temperatura y humedad ambiente - Abaa tienda online","isPartOf":{"@id":"https:\/\/abaa.mx\/tienda\/#website"},"primaryImageOfPage":{"@id":"https:\/\/abaa.mx\/tienda\/set-testo-174-h-mini-registrador-de-datos-para-temperatura-y-humedad-ambiente\/#primaryimage"},"image":{"@id":"https:\/\/abaa.mx\/tienda\/set-testo-174-h-mini-registrador-de-datos-para-temperatura-y-humedad-ambiente\/#primaryimage"},"thumbnailUrl":"https:\/\/abaa.mx\/tienda\/wp-content\/uploads\/2023\/09\/set-testo-174-h.jpg","datePublished":"2023-09-18T15:01:55+00:00","dateModified":"2023-09-18T15:01:56+00:00","breadcrumb":{"@id":"https:\/\/abaa.mx\/tienda\/set-testo-174-h-mini-registrador-de-datos-para-temperatura-y-humedad-ambiente\/#breadcrumb"},"inLanguage":"es","potentialAction":[{"@type":"ReadAction","target":["https:\/\/abaa.mx\/tienda\/set-testo-174-h-mini-registrador-de-datos-para-temperatura-y-humedad-ambiente\/"]}]},{"@type":"ImageObject","inLanguage":"es","@id":"https:\/\/abaa.mx\/tienda\/set-testo-174-h-mini-registrador-de-datos-para-temperatura-y-humedad-ambiente\/#primaryimage","url":"https:\/\/abaa.mx\/tienda\/wp-content\/uploads\/2023\/09\/set-testo-174-h.jpg","contentUrl":"https:\/\/abaa.mx\/tienda\/wp-content\/uploads\/2023\/09\/set-testo-174-h.jpg","width":660,"height":495,"caption":"set testo 174 h"},{"@type":"BreadcrumbList","@id":"https:\/\/abaa.mx\/tienda\/set-testo-174-h-mini-registrador-de-datos-para-temperatura-y-humedad-ambiente\/#breadcrumb","itemListElement":[{"@type":"ListItem","position":1,"name":"Inicio","item":"https:\/\/abaa.mx\/tienda\/"},{"@type":"ListItem","position":2,"name":"Tienda","item":"https:\/\/abaa.mx\/tienda\/"},{"@type":"ListItem","position":3,"name":"set testo 174 h &#8211; mini registrador de datos para temperatura y humedad ambiente"}]},{"@type":"WebSite","@id":"https:\/\/abaa.mx\/tienda\/#website","url":"https:\/\/abaa.mx\/tienda\/","name":"Abaa tienda online","description":"Instrumentos de medici\u00f3n","publisher":{"@id":"https:\/\/abaa.mx\/tienda\/#organization"},"potentialAction":[{"@type":"SearchAction","target":{"@type":"EntryPoint","urlTemplate":"https:\/\/abaa.mx\/tienda\/?s={search_term_string}"},"query-input":{"@type":"PropertyValueSpecification","valueRequired":true,"valueName":"search_term_string"}}],"inLanguage":"es"},{"@type":"Organization","@id":"https:\/\/abaa.mx\/tienda\/#organization","name":"Abaa tienda online","url":"https:\/\/abaa.mx\/tienda\/","logo":{"@type":"ImageObject","inLanguage":"es","@id":"https:\/\/abaa.mx\/tienda\/#\/schema\/logo\/image\/","url":"https:\/\/abaa.mx\/tienda\/wp-content\/uploads\/2024\/01\/abaa-metrologia-tienda.png","contentUrl":"https:\/\/abaa.mx\/tienda\/wp-content\/uploads\/2024\/01\/abaa-metrologia-tienda.png","width":300,"height":141,"caption":"Abaa tienda online"},"image":{"@id":"https:\/\/abaa.mx\/tienda\/#\/schema\/logo\/image\/"}}]}},"_links":{"self":[{"href":"https:\/\/abaa.mx\/tienda\/wp-json\/wp\/v2\/product\/1800","targetHints":{"allow":["GET"]}}],"collection":[{"href":"https:\/\/abaa.mx\/tienda\/wp-json\/wp\/v2\/product"}],"about":[{"href":"https:\/\/abaa.mx\/tienda\/wp-json\/wp\/v2\/types\/product"}],"replies":[{"embeddable":true,"href":"https:\/\/abaa.mx\/tienda\/wp-json\/wp\/v2\/comments?post=1800"}],"wp:featuredmedia":[{"embeddable":true,"href":"https:\/\/abaa.mx\/tienda\/wp-json\/wp\/v2\/media\/1808"}],"wp:attachment":[{"href":"https:\/\/abaa.mx\/tienda\/wp-json\/wp\/v2\/media?parent=1800"}],"wp:term":[{"taxonomy":"product_brand","embeddable":true,"href":"https:\/\/abaa.mx\/tienda\/wp-json\/wp\/v2\/product_brand?post=1800"},{"taxonomy":"product_cat","embeddable":true,"href":"https:\/\/abaa.mx\/tienda\/wp-json\/wp\/v2\/product_cat?post=1800"},{"taxonomy":"product_tag","embeddable":true,"href":"https:\/\/abaa.mx\/tienda\/wp-json\/wp\/v2\/product_tag?post=1800"}],"curies":[{"name":"wp","href":"https:\/\/api.w.org\/{rel}","templated":true}]}}