{"id":1795,"date":"2023-09-15T20:57:14","date_gmt":"2023-09-15T20:57:14","guid":{"rendered":"https:\/\/abaa.mx\/tienda\/?post_type=product&#038;p=1795"},"modified":"2023-09-15T20:57:14","modified_gmt":"2023-09-15T20:57:14","slug":"registrador-de-datos-de-temperatura-y-humedad-reutilizable-usb-flashlink-modelo-40550","status":"publish","type":"product","link":"https:\/\/abaa.mx\/tienda\/registrador-de-datos-de-temperatura-y-humedad-reutilizable-usb-flashlink-modelo-40550\/","title":{"rendered":"Registrador de datos de temperatura y humedad reutilizable usb flashlink Modelo 40550"},"content":{"rendered":"<h1>Registrador de datos de temperatura y humedad reutilizable usb flashlink<\/h1>\n<h3><strong>Modelo\u00a040550<\/strong><\/h3>\n<div class=\"prod-top\">\n<div class=\"prod-left\">\n<div class=\"prod-intro\">\n<ul>\n<li>Sensores internos de temperatura y humedad.<\/li>\n<li>Aguja de temperatura externa.<\/li>\n<li>Configuraciones programables: intervalo de registro, l\u00edmites de alarma superior \/ inferior, inicio diferido.<\/li>\n<li>Indicador de alarma alta \/ baja con tono audible.<\/li>\n<li>LCD grande y f\u00e1cil de leer.<\/li>\n<li>Conector USB incorporado, no se necesita un dispositivo de lectura especial.<\/li>\n<li><span>Lecturas m\u00ednimas \/ m\u00e1ximas visibles en LCD.<\/span><\/li>\n<\/ul>\n<\/div>\n<div class=\"prod-app\"><b>Aplicaciones:<\/b>\u00a0Producir, alimentos preparados, productos farmac\u00e9uticos, productos qu\u00edmicos, unidades de almacenamiento, refrigeradores<\/div>\n<\/div>\n<\/div>\n<div class=\"prod-bottom\">\n<div class=\"prod-desc\">\n<p>Este registrador reutilizable puede controlar la temperatura y la humedad en instalaciones, \u00e1reas de almacenamiento y procesamiento, salas limpias, laboratorios y durante su transporte. Est\u00e1 equipado con una aguja externa de punta afilada, que ofrece la opci\u00f3n de controlar la temperatura interna del n\u00facleo. Los datos est\u00e1n disponibles en formato PDF u hoja de c\u00e1lculo y se utilizan para diversos fines, como la verificaci\u00f3n y validaci\u00f3n de procesos o equipos, mapeo t\u00e9rmico y documentaci\u00f3n de condiciones ambientales para cumplir con GMP, PIB y cumplimiento normativo. Los informes se analizan para identificar tendencias y patrones, y se pueden tomar decisiones de gesti\u00f3n para mejorar las pr\u00e1cticas en \u00e1reas como el procesamiento y la log\u00edstica de la cadena de fr\u00edo. Los datos son f\u00e1ciles de archivar para el mantenimiento de registros, auditor\u00edas y el cumplimiento de la FDA, CDC, HACCP, FSMA y otros requisitos reglamentarios.<\/p>\n<p>Un conector USB incorporado hace que sea conveniente programar y descargar el registrador sin dispositivos especiales de lectura. El software Data Manager permite a los usuarios configurar par\u00e1metros, como intervalos de registro, inicio diferido, l\u00edmites de alarma alta \/ baja y tono de alarma audible. Los informes muestran la temperatura y la humedad en formatos de gr\u00e1ficos y tablas; Los datos de resumen y los an\u00e1lisis se calculan autom\u00e1ticamente, incluida la temperatura cin\u00e9tica media (MKT).<\/p>\n<h2 class=\"rl_tabs-title nn_tabs-title\"><span>Especificaciones<\/span><\/h2>\n<table>\n<caption><span>Modelo 40550 FlashLink USB Reutilizable Registrador de Datos de Temperatura y Humedad<\/span><\/caption>\n<thead>\n<tr>\n<th scope=\"col\">Caracter\u00edstica<\/th>\n<th scope=\"col\">Especificaci\u00f3n<\/th>\n<\/tr>\n<\/thead>\n<tfoot>\n<tr>\n<td colspan=\"2\"><\/td>\n<\/tr>\n<\/tfoot>\n<tbody>\n<tr>\n<td>Rango de Medici\u00f3n de la Aguja<\/td>\n<td>-40\u00b0F a 185\u00b0F (-40\u00b0C a 85\u00b0C)<\/td>\n<\/tr>\n<tr>\n<td>Rango del Sensor de Temperatura Interna<\/td>\n<td>-22\u00b0F a 140\u00b0F (-30\u00b0C a 60\u00b0C)<\/td>\n<\/tr>\n<tr>\n<td>Resoluci\u00f3n de Temperatura<\/td>\n<td>Temperatura 0.2 \u00b0 F (0.1 \u00b0 C) Humedad 0.1% RH<\/td>\n<\/tr>\n<tr>\n<td>Precisi\u00f3n de Temperatura<\/td>\n<td>\u00b11.0\u00b0F de -4\u00b0F a +104\u00b0F<br \/>\n(\u00b10.5\u00b0C de -20\u00b0C a +40\u00b0C)<\/td>\n<\/tr>\n<tr>\n<td>Rango de Medici\u00f3n de Humedad<\/td>\n<td>0% a 99% HR<\/td>\n<\/tr>\n<tr>\n<td>Precisi\u00f3n de Humedad<\/td>\n<td>\u00b14% HR (77\u00b0F\/25\u00b0C, 20%-90% HR)<\/td>\n<\/tr>\n<tr>\n<td>Capacidad de Datos<\/td>\n<td>8,000\u00a0puntos de datos<\/td>\n<\/tr>\n<tr>\n<td>Intervalo de Muestra Programable<\/td>\n<td>10 segundos a 24 horas<\/td>\n<\/tr>\n<tr>\n<td>Bater\u00eda<\/td>\n<td>Bater\u00eda de celda de moneda<\/td>\n<\/tr>\n<tr>\n<td>Dimensiones \/ Cuerpo<\/td>\n<td>44mm x 84mm x 20mm<\/td>\n<\/tr>\n<tr>\n<td>Caja<\/td>\n<td>Pl\u00e1stico ABS<\/td>\n<\/tr>\n<tr>\n<td>Tama\u00f1o de Aguja<\/td>\n<td>0.08 pulg. De di\u00e1metro x 1.97 pulg. (2 mm de di\u00e1metro x 50 mm)<br \/>\nCable de 3 pies (1 m)<\/td>\n<\/tr>\n<tr>\n<td>Certificaci\u00f3n<\/td>\n<td>Marca CE, NIST trazable, cumple con RoHS<\/td>\n<\/tr>\n<tr>\n<td>Pantalla<\/td>\n<td>LCD<\/td>\n<\/tr>\n<tr>\n<td>Est\u00e1ndares PDF<\/td>\n<td>Cumple con ISO 19005-1, PDF \/ A,<\/td>\n<\/tr>\n<tr>\n<td>Requisitos de Sistema<\/td>\n<td>PC con Windows con sistema operativo actual, Adobe Reader<\/td>\n<\/tr>\n<tr>\n<td>Programaci\u00f3n<\/td>\n<td>Software de gesti\u00f3n de datos<\/td>\n<\/tr>\n<tr>\n<td>Requisitos de\u00a0Descargar<\/td>\n<td>Conexi\u00f3n USB directa<\/td>\n<\/tr>\n<\/tbody>\n<\/table>\n<\/div>\n<\/div>\n<p>&nbsp;<\/p>\n","protected":false},"excerpt":{"rendered":"<h3><strong>Caracter\u00edsticas\u00a0<\/strong><\/h3>\n<ul>\n<li>Sensores internos de temperatura y humedad<\/li>\n<li>Aguja de temperatura externa<\/li>\n<li>Configuraciones programables: intervalo de registro, l\u00edmites de alarma superior \/ inferior, inicio diferido<\/li>\n<li>Indicador de alarma alta \/ baja con tono audible<\/li>\n<li>LCD grande y f\u00e1cil de leer<\/li>\n<li>Conector USB incorporado, no se necesita un dispositivo de lectura especial<\/li>\n<li><span>Lecturas m\u00ednimas \/ m\u00e1ximas visibles en LCD<\/span><\/li>\n<\/ul>\n","protected":false},"featured_media":1796,"comment_status":"open","ping_status":"closed","template":"","meta":{"_joinchat":[]},"product_brand":[],"product_cat":[15],"product_tag":[],"class_list":{"0":"post-1795","1":"product","2":"type-product","3":"status-publish","4":"has-post-thumbnail","6":"product_cat-sin-categorizar","8":"first","9":"instock","10":"shipping-taxable","11":"product-type-simple"},"yoast_head":"<!-- This site is optimized with the Yoast SEO plugin v26.4 - https:\/\/yoast.com\/wordpress\/plugins\/seo\/ -->\n<title>Registrador de datos de temperatura y humedad reutilizable usb flashlink Modelo 40550 - Abaa tienda online<\/title>\n<meta name=\"robots\" content=\"index, follow, max-snippet:-1, max-image-preview:large, max-video-preview:-1\" \/>\n<link rel=\"canonical\" href=\"https:\/\/abaa.mx\/tienda\/registrador-de-datos-de-temperatura-y-humedad-reutilizable-usb-flashlink-modelo-40550\/\" \/>\n<meta property=\"og:locale\" content=\"es_MX\" \/>\n<meta property=\"og:type\" content=\"article\" \/>\n<meta property=\"og:title\" content=\"Registrador de datos de temperatura y humedad reutilizable usb flashlink Modelo 40550 - Abaa tienda online\" \/>\n<meta property=\"og:description\" content=\"Caracter\u00edsticas\u00a0   Sensores internos de temperatura y humedad  Aguja de temperatura externa  Configuraciones programables: intervalo de registro, l\u00edmites de alarma superior \/ inferior, inicio diferido  Indicador de alarma alta \/ baja con tono audible  LCD grande y f\u00e1cil de leer  Conector USB incorporado, no se necesita un dispositivo de lectura especial  Lecturas m\u00ednimas \/ m\u00e1ximas visibles en LCD\" \/>\n<meta property=\"og:url\" content=\"https:\/\/abaa.mx\/tienda\/registrador-de-datos-de-temperatura-y-humedad-reutilizable-usb-flashlink-modelo-40550\/\" \/>\n<meta property=\"og:site_name\" content=\"Abaa tienda online\" \/>\n<meta property=\"og:image\" content=\"https:\/\/abaa.mx\/tienda\/wp-content\/uploads\/2023\/09\/40550.jpg\" \/>\n\t<meta property=\"og:image:width\" content=\"452\" \/>\n\t<meta property=\"og:image:height\" content=\"452\" \/>\n\t<meta property=\"og:image:type\" content=\"image\/jpeg\" \/>\n<meta name=\"twitter:card\" content=\"summary_large_image\" \/>\n<meta name=\"twitter:label1\" content=\"Tiempo de lectura\" \/>\n\t<meta name=\"twitter:data1\" content=\"3 minutos\" \/>\n<script type=\"application\/ld+json\" class=\"yoast-schema-graph\">{\"@context\":\"https:\/\/schema.org\",\"@graph\":[{\"@type\":\"WebPage\",\"@id\":\"https:\/\/abaa.mx\/tienda\/registrador-de-datos-de-temperatura-y-humedad-reutilizable-usb-flashlink-modelo-40550\/\",\"url\":\"https:\/\/abaa.mx\/tienda\/registrador-de-datos-de-temperatura-y-humedad-reutilizable-usb-flashlink-modelo-40550\/\",\"name\":\"Registrador de datos de temperatura y humedad reutilizable usb flashlink Modelo 40550 - Abaa tienda online\",\"isPartOf\":{\"@id\":\"https:\/\/abaa.mx\/tienda\/#website\"},\"primaryImageOfPage\":{\"@id\":\"https:\/\/abaa.mx\/tienda\/registrador-de-datos-de-temperatura-y-humedad-reutilizable-usb-flashlink-modelo-40550\/#primaryimage\"},\"image\":{\"@id\":\"https:\/\/abaa.mx\/tienda\/registrador-de-datos-de-temperatura-y-humedad-reutilizable-usb-flashlink-modelo-40550\/#primaryimage\"},\"thumbnailUrl\":\"https:\/\/abaa.mx\/tienda\/wp-content\/uploads\/2023\/09\/40550.jpg\",\"datePublished\":\"2023-09-15T20:57:14+00:00\",\"breadcrumb\":{\"@id\":\"https:\/\/abaa.mx\/tienda\/registrador-de-datos-de-temperatura-y-humedad-reutilizable-usb-flashlink-modelo-40550\/#breadcrumb\"},\"inLanguage\":\"es\",\"potentialAction\":[{\"@type\":\"ReadAction\",\"target\":[\"https:\/\/abaa.mx\/tienda\/registrador-de-datos-de-temperatura-y-humedad-reutilizable-usb-flashlink-modelo-40550\/\"]}]},{\"@type\":\"ImageObject\",\"inLanguage\":\"es\",\"@id\":\"https:\/\/abaa.mx\/tienda\/registrador-de-datos-de-temperatura-y-humedad-reutilizable-usb-flashlink-modelo-40550\/#primaryimage\",\"url\":\"https:\/\/abaa.mx\/tienda\/wp-content\/uploads\/2023\/09\/40550.jpg\",\"contentUrl\":\"https:\/\/abaa.mx\/tienda\/wp-content\/uploads\/2023\/09\/40550.jpg\",\"width\":452,\"height\":452,\"caption\":\"registrador-de-datos-de-temperatura-y-humedad-reutilizable-usb-flashlink-modelo-40550\"},{\"@type\":\"BreadcrumbList\",\"@id\":\"https:\/\/abaa.mx\/tienda\/registrador-de-datos-de-temperatura-y-humedad-reutilizable-usb-flashlink-modelo-40550\/#breadcrumb\",\"itemListElement\":[{\"@type\":\"ListItem\",\"position\":1,\"name\":\"Inicio\",\"item\":\"https:\/\/abaa.mx\/tienda\/\"},{\"@type\":\"ListItem\",\"position\":2,\"name\":\"Tienda\",\"item\":\"https:\/\/abaa.mx\/tienda\/\"},{\"@type\":\"ListItem\",\"position\":3,\"name\":\"Registrador de datos de temperatura y humedad reutilizable usb flashlink Modelo 40550\"}]},{\"@type\":\"WebSite\",\"@id\":\"https:\/\/abaa.mx\/tienda\/#website\",\"url\":\"https:\/\/abaa.mx\/tienda\/\",\"name\":\"Abaa tienda online\",\"description\":\"Instrumentos de medici\u00f3n\",\"publisher\":{\"@id\":\"https:\/\/abaa.mx\/tienda\/#organization\"},\"potentialAction\":[{\"@type\":\"SearchAction\",\"target\":{\"@type\":\"EntryPoint\",\"urlTemplate\":\"https:\/\/abaa.mx\/tienda\/?s={search_term_string}\"},\"query-input\":{\"@type\":\"PropertyValueSpecification\",\"valueRequired\":true,\"valueName\":\"search_term_string\"}}],\"inLanguage\":\"es\"},{\"@type\":\"Organization\",\"@id\":\"https:\/\/abaa.mx\/tienda\/#organization\",\"name\":\"Abaa tienda online\",\"url\":\"https:\/\/abaa.mx\/tienda\/\",\"logo\":{\"@type\":\"ImageObject\",\"inLanguage\":\"es\",\"@id\":\"https:\/\/abaa.mx\/tienda\/#\/schema\/logo\/image\/\",\"url\":\"https:\/\/abaa.mx\/tienda\/wp-content\/uploads\/2024\/01\/abaa-metrologia-tienda.png\",\"contentUrl\":\"https:\/\/abaa.mx\/tienda\/wp-content\/uploads\/2024\/01\/abaa-metrologia-tienda.png\",\"width\":300,\"height\":141,\"caption\":\"Abaa tienda online\"},\"image\":{\"@id\":\"https:\/\/abaa.mx\/tienda\/#\/schema\/logo\/image\/\"}}]}<\/script>\n<!-- \/ Yoast SEO plugin. -->","yoast_head_json":{"title":"Registrador de datos de temperatura y humedad reutilizable usb flashlink Modelo 40550 - Abaa tienda online","robots":{"index":"index","follow":"follow","max-snippet":"max-snippet:-1","max-image-preview":"max-image-preview:large","max-video-preview":"max-video-preview:-1"},"canonical":"https:\/\/abaa.mx\/tienda\/registrador-de-datos-de-temperatura-y-humedad-reutilizable-usb-flashlink-modelo-40550\/","og_locale":"es_MX","og_type":"article","og_title":"Registrador de datos de temperatura y humedad reutilizable usb flashlink Modelo 40550 - Abaa tienda online","og_description":"Caracter\u00edsticas\u00a0   Sensores internos de temperatura y humedad  Aguja de temperatura externa  Configuraciones programables: intervalo de registro, l\u00edmites de alarma superior \/ inferior, inicio diferido  Indicador de alarma alta \/ baja con tono audible  LCD grande y f\u00e1cil de leer  Conector USB incorporado, no se necesita un dispositivo de lectura especial  Lecturas m\u00ednimas \/ m\u00e1ximas visibles en LCD","og_url":"https:\/\/abaa.mx\/tienda\/registrador-de-datos-de-temperatura-y-humedad-reutilizable-usb-flashlink-modelo-40550\/","og_site_name":"Abaa tienda online","og_image":[{"width":452,"height":452,"url":"https:\/\/abaa.mx\/tienda\/wp-content\/uploads\/2023\/09\/40550.jpg","type":"image\/jpeg"}],"twitter_card":"summary_large_image","twitter_misc":{"Tiempo de lectura":"3 minutos"},"schema":{"@context":"https:\/\/schema.org","@graph":[{"@type":"WebPage","@id":"https:\/\/abaa.mx\/tienda\/registrador-de-datos-de-temperatura-y-humedad-reutilizable-usb-flashlink-modelo-40550\/","url":"https:\/\/abaa.mx\/tienda\/registrador-de-datos-de-temperatura-y-humedad-reutilizable-usb-flashlink-modelo-40550\/","name":"Registrador de datos de temperatura y humedad reutilizable usb flashlink Modelo 40550 - Abaa tienda online","isPartOf":{"@id":"https:\/\/abaa.mx\/tienda\/#website"},"primaryImageOfPage":{"@id":"https:\/\/abaa.mx\/tienda\/registrador-de-datos-de-temperatura-y-humedad-reutilizable-usb-flashlink-modelo-40550\/#primaryimage"},"image":{"@id":"https:\/\/abaa.mx\/tienda\/registrador-de-datos-de-temperatura-y-humedad-reutilizable-usb-flashlink-modelo-40550\/#primaryimage"},"thumbnailUrl":"https:\/\/abaa.mx\/tienda\/wp-content\/uploads\/2023\/09\/40550.jpg","datePublished":"2023-09-15T20:57:14+00:00","breadcrumb":{"@id":"https:\/\/abaa.mx\/tienda\/registrador-de-datos-de-temperatura-y-humedad-reutilizable-usb-flashlink-modelo-40550\/#breadcrumb"},"inLanguage":"es","potentialAction":[{"@type":"ReadAction","target":["https:\/\/abaa.mx\/tienda\/registrador-de-datos-de-temperatura-y-humedad-reutilizable-usb-flashlink-modelo-40550\/"]}]},{"@type":"ImageObject","inLanguage":"es","@id":"https:\/\/abaa.mx\/tienda\/registrador-de-datos-de-temperatura-y-humedad-reutilizable-usb-flashlink-modelo-40550\/#primaryimage","url":"https:\/\/abaa.mx\/tienda\/wp-content\/uploads\/2023\/09\/40550.jpg","contentUrl":"https:\/\/abaa.mx\/tienda\/wp-content\/uploads\/2023\/09\/40550.jpg","width":452,"height":452,"caption":"registrador-de-datos-de-temperatura-y-humedad-reutilizable-usb-flashlink-modelo-40550"},{"@type":"BreadcrumbList","@id":"https:\/\/abaa.mx\/tienda\/registrador-de-datos-de-temperatura-y-humedad-reutilizable-usb-flashlink-modelo-40550\/#breadcrumb","itemListElement":[{"@type":"ListItem","position":1,"name":"Inicio","item":"https:\/\/abaa.mx\/tienda\/"},{"@type":"ListItem","position":2,"name":"Tienda","item":"https:\/\/abaa.mx\/tienda\/"},{"@type":"ListItem","position":3,"name":"Registrador de datos de temperatura y humedad reutilizable usb flashlink Modelo 40550"}]},{"@type":"WebSite","@id":"https:\/\/abaa.mx\/tienda\/#website","url":"https:\/\/abaa.mx\/tienda\/","name":"Abaa tienda online","description":"Instrumentos de medici\u00f3n","publisher":{"@id":"https:\/\/abaa.mx\/tienda\/#organization"},"potentialAction":[{"@type":"SearchAction","target":{"@type":"EntryPoint","urlTemplate":"https:\/\/abaa.mx\/tienda\/?s={search_term_string}"},"query-input":{"@type":"PropertyValueSpecification","valueRequired":true,"valueName":"search_term_string"}}],"inLanguage":"es"},{"@type":"Organization","@id":"https:\/\/abaa.mx\/tienda\/#organization","name":"Abaa tienda online","url":"https:\/\/abaa.mx\/tienda\/","logo":{"@type":"ImageObject","inLanguage":"es","@id":"https:\/\/abaa.mx\/tienda\/#\/schema\/logo\/image\/","url":"https:\/\/abaa.mx\/tienda\/wp-content\/uploads\/2024\/01\/abaa-metrologia-tienda.png","contentUrl":"https:\/\/abaa.mx\/tienda\/wp-content\/uploads\/2024\/01\/abaa-metrologia-tienda.png","width":300,"height":141,"caption":"Abaa tienda online"},"image":{"@id":"https:\/\/abaa.mx\/tienda\/#\/schema\/logo\/image\/"}}]}},"_links":{"self":[{"href":"https:\/\/abaa.mx\/tienda\/wp-json\/wp\/v2\/product\/1795","targetHints":{"allow":["GET"]}}],"collection":[{"href":"https:\/\/abaa.mx\/tienda\/wp-json\/wp\/v2\/product"}],"about":[{"href":"https:\/\/abaa.mx\/tienda\/wp-json\/wp\/v2\/types\/product"}],"replies":[{"embeddable":true,"href":"https:\/\/abaa.mx\/tienda\/wp-json\/wp\/v2\/comments?post=1795"}],"wp:featuredmedia":[{"embeddable":true,"href":"https:\/\/abaa.mx\/tienda\/wp-json\/wp\/v2\/media\/1796"}],"wp:attachment":[{"href":"https:\/\/abaa.mx\/tienda\/wp-json\/wp\/v2\/media?parent=1795"}],"wp:term":[{"taxonomy":"product_brand","embeddable":true,"href":"https:\/\/abaa.mx\/tienda\/wp-json\/wp\/v2\/product_brand?post=1795"},{"taxonomy":"product_cat","embeddable":true,"href":"https:\/\/abaa.mx\/tienda\/wp-json\/wp\/v2\/product_cat?post=1795"},{"taxonomy":"product_tag","embeddable":true,"href":"https:\/\/abaa.mx\/tienda\/wp-json\/wp\/v2\/product_tag?post=1795"}],"curies":[{"name":"wp","href":"https:\/\/api.w.org\/{rel}","templated":true}]}}