{"id":1789,"date":"2023-09-15T20:42:19","date_gmt":"2023-09-15T20:42:19","guid":{"rendered":"https:\/\/abaa.mx\/tienda\/?post_type=product&#038;p=1789"},"modified":"2023-09-15T20:42:20","modified_gmt":"2023-09-15T20:42:20","slug":"registrador-de-datos-usb-reutilizable-flashlink-con-sonda-externa-modelo-20902-20903","status":"publish","type":"product","link":"https:\/\/abaa.mx\/tienda\/registrador-de-datos-usb-reutilizable-flashlink-con-sonda-externa-modelo-20902-20903\/","title":{"rendered":"Registrador de datos usb reutilizable flashlink con sonda externa Modelo 20902, 20903"},"content":{"rendered":"<h1>Registrador de datos usb reutilizable flashlink\u00a0con sonda externa<\/h1>\n<h3><strong>Modelo\u00a020902, 20903<\/strong><\/h3>\n<ul>\n<li>Un solo canal con sonda externa para la temperatura interna del producto<\/li>\n<li>Programable por Usuario: Encendido autom\u00e1tico o manual, intervalo de muestreo, l\u00edmites de alarma y etiquetas de datos<\/li>\n<li>Pantalla grande de f\u00e1cil lectura<\/li>\n<li>Indicador de bater\u00eda restante (bater\u00eda baja)<\/li>\n<li>Estad\u00edsticas de historial de viajes en la pantalla LCD<\/li>\n<li>Trazable a NIST y CE Mark<\/li>\n<li>Conexi\u00f3n USB<\/li>\n<\/ul>\n<div class=\"prod-top\">\n<div class=\"prod-left\">\n<div class=\"prod-app\"><b>Aplicaciones:<\/b>\u00a0Productos, Alimentos Preparados, Productos Farmac\u00e9uticos, Productos Qu\u00edmicos, Unidades de Almacenamiento, Refrigeradores<\/div>\n<\/div>\n<\/div>\n<div class=\"prod-bottom\">\n<div class=\"prod-desc\">\n<p>El Registrador de Datos USB Reutilizable FlashLink tambi\u00e9n est\u00e1 disponible en dos modelos con un solo canal, sensores externos; uno con punta redonda y una sonda afilada de penetraci\u00f3n. Estos registradores de datos reutilizables tienen un intervalo de medici\u00f3n de -40\u00b0F a 185\u00b0F (-40\u00b0C a 85\u00b0C) y cuentan con una gran pantalla de f\u00e1cil lectura que muestra la temperatura actual. Tambi\u00e9n permite ver las estad\u00edsticas de los datos almacenados sin necesidad de descargar; incluyendo temperaturas medias, m\u00e1ximas y m\u00ednimas, l\u00edmites altos de alarma y hora en la alarma. Las conexiones USB permiten la programaci\u00f3n y descarga usando el software FlashLink Program Manager o el Software USB Program Manager de escritorio de DeltaTrak. Los Registradores de Datos USB Reutilizables de DeltaTrak Trazables a NIST son herramientas esenciales para documentar las condiciones de los productos sensibles a la temperatura, a fin de asegurar la calidad e integridad.<\/p>\n<h2 class=\"rl_tabs-title nn_tabs-title\">Modelos<\/h2>\n<table>\n<tbody>\n<tr>\n<th colspan=\"2\">Modelos<\/th>\n<\/tr>\n<tr>\n<td>Punta de penetraci\u00f3n<\/td>\n<td>20902<\/td>\n<\/tr>\n<tr>\n<td>Punta redonda<\/td>\n<td>20903<\/td>\n<\/tr>\n<\/tbody>\n<\/table>\n<h2 class=\"rl_tabs-title nn_tabs-title\"><span>Especificaciones<\/span><\/h2>\n<table>\n<caption><span>Registrador de datos USB reutilizable FlashLink con sonda externa<\/span><\/caption>\n<thead>\n<tr>\n<th scope=\"col\">Caracter\u00edstica<\/th>\n<th scope=\"col\">Especificaci\u00f3n<\/th>\n<\/tr>\n<\/thead>\n<tfoot>\n<tr>\n<td colspan=\"2\"><\/td>\n<\/tr>\n<\/tfoot>\n<tbody>\n<tr>\n<td>Intervalo de Medici\u00f3n de la Sonda<\/td>\n<td>-40\u00b0F a 185\u00b0F (-40\u00b0C a 85\u00b0C)<\/td>\n<\/tr>\n<tr>\n<td>Tama\u00f1o de la Sonda: Punta de penetraci\u00f3n (20902)<\/td>\n<td>0.14 pulg. Dia x 3.98 pulg. L (3.5mm Dia x 101mm L), 3.28 ft (1m) cable de tefl\u00f3n<\/td>\n<\/tr>\n<tr>\n<td>Punta redonda (20903)<\/td>\n<td>0.15 pulg. Dia x 0.98 pulg. L (3.8mm Dia x 25mm L), 3.28 pies (1m) cable de tefl\u00f3n<\/td>\n<\/tr>\n<tr>\n<td>Resoluci\u00f3n de la Temperatura<\/td>\n<td>0.1\u00b0F\/\u00b0C<\/td>\n<\/tr>\n<tr>\n<td>Precisi\u00f3n<\/td>\n<td>\u00b11.0\u00b0F de 14\u00b0F a 77\u00b0F (\u00b10.5\u00b0C de -10\u00b0C a 25\u00b0C);<br \/>\n\u00b12.0\u00b0F por encima de 77\u00b0F (\u00b11.0\u00b0C por encima de 25\u00b0C)<br \/>\n\u00b12.0\u00b0F por debajo de 14\u00b0F (\u00b11.0\u00b0C por debajo de -10\u00b0C)<\/td>\n<\/tr>\n<tr>\n<td>Capacidad de Datos<\/td>\n<td>3823 puntos de datos<\/td>\n<\/tr>\n<tr>\n<td>Tiempo de Descarga de Datos<\/td>\n<td>2 segundos normalmente para 3823 puntos<\/td>\n<\/tr>\n<tr>\n<td>Niveles de Alarma Programables<\/td>\n<td>Niveles altos y bajos sobre todo el intervalo<\/td>\n<\/tr>\n<tr>\n<td>Bater\u00eda<\/td>\n<td>(CR2032) 3.6V de Litio\/18 meses<\/td>\n<\/tr>\n<tr>\n<td>Dimensiones\/Cuerpo<\/td>\n<td>1.575&#8243; x 3.189&#8243; x 0.575&#8243; (40mm x 81mm x 13mm)<\/td>\n<\/tr>\n<tr>\n<td>Cubierta<\/td>\n<td>Pl\u00e1stico PC\/ABS<\/td>\n<\/tr>\n<tr>\n<td>Certificaci\u00f3n<\/td>\n<td>Marca CE, Trazable a NIST, Cumplimiento RoHS<\/td>\n<\/tr>\n<tr>\n<td>Pantalla<\/td>\n<td>LCD, LED Rojo de Alarma<\/td>\n<\/tr>\n<tr>\n<td>Grado Impermeable<\/td>\n<td>IP64 con la tapa de silic\u00f3n puesta<\/td>\n<\/tr>\n<tr>\n<td>Condiciones de Almacenamiento<\/td>\n<td>-4\u00b0F a 122\u00b0F (-20\u00b0C a 50\u00b0C) 0% a 95% HR<\/td>\n<\/tr>\n<tr>\n<td>Requisitos del Sistema<\/td>\n<td>Windows PC con systema operative actual, Adobe Reader<\/td>\n<\/tr>\n<tr>\n<td>Programaci\u00f3n<\/td>\n<td>Software FlashLink Program Manager o software USB Program Manager<\/td>\n<\/tr>\n<tr>\n<td>Requisitos Para Descarga<\/td>\n<td>Conexi\u00f3n USB directa<\/td>\n<\/tr>\n<\/tbody>\n<\/table>\n<\/div>\n<\/div>\n","protected":false},"excerpt":{"rendered":"<h3><strong>Caracter\u00edsticas\u00a0<\/strong><\/h3>\n<ul>\n<li>Un solo canal con sonda externa para la temperatura interna del producto.<\/li>\n<li>Programable por Usuario: Encendido autom\u00e1tico o manual, intervalo de muestreo, l\u00edmites de alarma y etiquetas de datos.<\/li>\n<li>Pantalla grande de f\u00e1cil lectura.<\/li>\n<li>Indicador de bater\u00eda restante (bater\u00eda baja).<\/li>\n<li>Estad\u00edsticas de historial de viajes en la pantalla LCD.<\/li>\n<li>Trazable a NIST y CE Mark.<\/li>\n<li>Conexi\u00f3n USB.<\/li>\n<\/ul>\n","protected":false},"featured_media":1790,"comment_status":"open","ping_status":"closed","template":"","meta":{"_joinchat":[]},"product_brand":[],"product_cat":[15],"product_tag":[],"class_list":{"0":"post-1789","1":"product","2":"type-product","3":"status-publish","4":"has-post-thumbnail","6":"product_cat-sin-categorizar","8":"first","9":"instock","10":"shipping-taxable","11":"product-type-simple"},"yoast_head":"<!-- This site is optimized with the Yoast SEO plugin v26.4 - https:\/\/yoast.com\/wordpress\/plugins\/seo\/ -->\n<title>Registrador de datos usb reutilizable flashlink con sonda externa Modelo 20902, 20903 - Abaa tienda online<\/title>\n<meta name=\"robots\" content=\"index, follow, max-snippet:-1, max-image-preview:large, max-video-preview:-1\" \/>\n<link rel=\"canonical\" href=\"https:\/\/abaa.mx\/tienda\/registrador-de-datos-usb-reutilizable-flashlink-con-sonda-externa-modelo-20902-20903\/\" \/>\n<meta property=\"og:locale\" content=\"es_MX\" \/>\n<meta property=\"og:type\" content=\"article\" \/>\n<meta property=\"og:title\" content=\"Registrador de datos usb reutilizable flashlink con sonda externa Modelo 20902, 20903 - Abaa tienda online\" \/>\n<meta property=\"og:description\" content=\"Caracter\u00edsticas\u00a0   Un solo canal con sonda externa para la temperatura interna del producto.  Programable por Usuario: Encendido autom\u00e1tico o manual, intervalo de muestreo, l\u00edmites de alarma y etiquetas de datos.  Pantalla grande de f\u00e1cil lectura.  Indicador de bater\u00eda restante (bater\u00eda baja).  Estad\u00edsticas de historial de viajes en la pantalla LCD.  Trazable a NIST y CE Mark.  Conexi\u00f3n USB.\" \/>\n<meta property=\"og:url\" content=\"https:\/\/abaa.mx\/tienda\/registrador-de-datos-usb-reutilizable-flashlink-con-sonda-externa-modelo-20902-20903\/\" \/>\n<meta property=\"og:site_name\" content=\"Abaa tienda online\" \/>\n<meta property=\"article:modified_time\" content=\"2023-09-15T20:42:20+00:00\" \/>\n<meta property=\"og:image\" content=\"https:\/\/abaa.mx\/tienda\/wp-content\/uploads\/2023\/09\/20902-20903.jpg\" \/>\n\t<meta property=\"og:image:width\" content=\"800\" \/>\n\t<meta property=\"og:image:height\" content=\"800\" \/>\n\t<meta property=\"og:image:type\" content=\"image\/jpeg\" \/>\n<meta name=\"twitter:card\" content=\"summary_large_image\" \/>\n<meta name=\"twitter:label1\" content=\"Tiempo de lectura\" \/>\n\t<meta name=\"twitter:data1\" content=\"3 minutos\" \/>\n<script type=\"application\/ld+json\" class=\"yoast-schema-graph\">{\"@context\":\"https:\/\/schema.org\",\"@graph\":[{\"@type\":\"WebPage\",\"@id\":\"https:\/\/abaa.mx\/tienda\/registrador-de-datos-usb-reutilizable-flashlink-con-sonda-externa-modelo-20902-20903\/\",\"url\":\"https:\/\/abaa.mx\/tienda\/registrador-de-datos-usb-reutilizable-flashlink-con-sonda-externa-modelo-20902-20903\/\",\"name\":\"Registrador de datos usb reutilizable flashlink con sonda externa Modelo 20902, 20903 - Abaa tienda online\",\"isPartOf\":{\"@id\":\"https:\/\/abaa.mx\/tienda\/#website\"},\"primaryImageOfPage\":{\"@id\":\"https:\/\/abaa.mx\/tienda\/registrador-de-datos-usb-reutilizable-flashlink-con-sonda-externa-modelo-20902-20903\/#primaryimage\"},\"image\":{\"@id\":\"https:\/\/abaa.mx\/tienda\/registrador-de-datos-usb-reutilizable-flashlink-con-sonda-externa-modelo-20902-20903\/#primaryimage\"},\"thumbnailUrl\":\"https:\/\/abaa.mx\/tienda\/wp-content\/uploads\/2023\/09\/20902-20903.jpg\",\"datePublished\":\"2023-09-15T20:42:19+00:00\",\"dateModified\":\"2023-09-15T20:42:20+00:00\",\"breadcrumb\":{\"@id\":\"https:\/\/abaa.mx\/tienda\/registrador-de-datos-usb-reutilizable-flashlink-con-sonda-externa-modelo-20902-20903\/#breadcrumb\"},\"inLanguage\":\"es\",\"potentialAction\":[{\"@type\":\"ReadAction\",\"target\":[\"https:\/\/abaa.mx\/tienda\/registrador-de-datos-usb-reutilizable-flashlink-con-sonda-externa-modelo-20902-20903\/\"]}]},{\"@type\":\"ImageObject\",\"inLanguage\":\"es\",\"@id\":\"https:\/\/abaa.mx\/tienda\/registrador-de-datos-usb-reutilizable-flashlink-con-sonda-externa-modelo-20902-20903\/#primaryimage\",\"url\":\"https:\/\/abaa.mx\/tienda\/wp-content\/uploads\/2023\/09\/20902-20903.jpg\",\"contentUrl\":\"https:\/\/abaa.mx\/tienda\/wp-content\/uploads\/2023\/09\/20902-20903.jpg\",\"width\":800,\"height\":800,\"caption\":\"registrador-de-datos-usb-reutilizable-flashlink-con-sonda-externa-modelo-20902-20903\"},{\"@type\":\"BreadcrumbList\",\"@id\":\"https:\/\/abaa.mx\/tienda\/registrador-de-datos-usb-reutilizable-flashlink-con-sonda-externa-modelo-20902-20903\/#breadcrumb\",\"itemListElement\":[{\"@type\":\"ListItem\",\"position\":1,\"name\":\"Inicio\",\"item\":\"https:\/\/abaa.mx\/tienda\/\"},{\"@type\":\"ListItem\",\"position\":2,\"name\":\"Tienda\",\"item\":\"https:\/\/abaa.mx\/tienda\/\"},{\"@type\":\"ListItem\",\"position\":3,\"name\":\"Registrador de datos usb reutilizable flashlink con sonda externa Modelo 20902, 20903\"}]},{\"@type\":\"WebSite\",\"@id\":\"https:\/\/abaa.mx\/tienda\/#website\",\"url\":\"https:\/\/abaa.mx\/tienda\/\",\"name\":\"Abaa tienda online\",\"description\":\"Instrumentos de medici\u00f3n\",\"publisher\":{\"@id\":\"https:\/\/abaa.mx\/tienda\/#organization\"},\"potentialAction\":[{\"@type\":\"SearchAction\",\"target\":{\"@type\":\"EntryPoint\",\"urlTemplate\":\"https:\/\/abaa.mx\/tienda\/?s={search_term_string}\"},\"query-input\":{\"@type\":\"PropertyValueSpecification\",\"valueRequired\":true,\"valueName\":\"search_term_string\"}}],\"inLanguage\":\"es\"},{\"@type\":\"Organization\",\"@id\":\"https:\/\/abaa.mx\/tienda\/#organization\",\"name\":\"Abaa tienda online\",\"url\":\"https:\/\/abaa.mx\/tienda\/\",\"logo\":{\"@type\":\"ImageObject\",\"inLanguage\":\"es\",\"@id\":\"https:\/\/abaa.mx\/tienda\/#\/schema\/logo\/image\/\",\"url\":\"https:\/\/abaa.mx\/tienda\/wp-content\/uploads\/2024\/01\/abaa-metrologia-tienda.png\",\"contentUrl\":\"https:\/\/abaa.mx\/tienda\/wp-content\/uploads\/2024\/01\/abaa-metrologia-tienda.png\",\"width\":300,\"height\":141,\"caption\":\"Abaa tienda online\"},\"image\":{\"@id\":\"https:\/\/abaa.mx\/tienda\/#\/schema\/logo\/image\/\"}}]}<\/script>\n<!-- \/ Yoast SEO plugin. -->","yoast_head_json":{"title":"Registrador de datos usb reutilizable flashlink con sonda externa Modelo 20902, 20903 - Abaa tienda online","robots":{"index":"index","follow":"follow","max-snippet":"max-snippet:-1","max-image-preview":"max-image-preview:large","max-video-preview":"max-video-preview:-1"},"canonical":"https:\/\/abaa.mx\/tienda\/registrador-de-datos-usb-reutilizable-flashlink-con-sonda-externa-modelo-20902-20903\/","og_locale":"es_MX","og_type":"article","og_title":"Registrador de datos usb reutilizable flashlink con sonda externa Modelo 20902, 20903 - Abaa tienda online","og_description":"Caracter\u00edsticas\u00a0   Un solo canal con sonda externa para la temperatura interna del producto.  Programable por Usuario: Encendido autom\u00e1tico o manual, intervalo de muestreo, l\u00edmites de alarma y etiquetas de datos.  Pantalla grande de f\u00e1cil lectura.  Indicador de bater\u00eda restante (bater\u00eda baja).  Estad\u00edsticas de historial de viajes en la pantalla LCD.  Trazable a NIST y CE Mark.  Conexi\u00f3n USB.","og_url":"https:\/\/abaa.mx\/tienda\/registrador-de-datos-usb-reutilizable-flashlink-con-sonda-externa-modelo-20902-20903\/","og_site_name":"Abaa tienda online","article_modified_time":"2023-09-15T20:42:20+00:00","og_image":[{"width":800,"height":800,"url":"https:\/\/abaa.mx\/tienda\/wp-content\/uploads\/2023\/09\/20902-20903.jpg","type":"image\/jpeg"}],"twitter_card":"summary_large_image","twitter_misc":{"Tiempo de lectura":"3 minutos"},"schema":{"@context":"https:\/\/schema.org","@graph":[{"@type":"WebPage","@id":"https:\/\/abaa.mx\/tienda\/registrador-de-datos-usb-reutilizable-flashlink-con-sonda-externa-modelo-20902-20903\/","url":"https:\/\/abaa.mx\/tienda\/registrador-de-datos-usb-reutilizable-flashlink-con-sonda-externa-modelo-20902-20903\/","name":"Registrador de datos usb reutilizable flashlink con sonda externa Modelo 20902, 20903 - Abaa tienda online","isPartOf":{"@id":"https:\/\/abaa.mx\/tienda\/#website"},"primaryImageOfPage":{"@id":"https:\/\/abaa.mx\/tienda\/registrador-de-datos-usb-reutilizable-flashlink-con-sonda-externa-modelo-20902-20903\/#primaryimage"},"image":{"@id":"https:\/\/abaa.mx\/tienda\/registrador-de-datos-usb-reutilizable-flashlink-con-sonda-externa-modelo-20902-20903\/#primaryimage"},"thumbnailUrl":"https:\/\/abaa.mx\/tienda\/wp-content\/uploads\/2023\/09\/20902-20903.jpg","datePublished":"2023-09-15T20:42:19+00:00","dateModified":"2023-09-15T20:42:20+00:00","breadcrumb":{"@id":"https:\/\/abaa.mx\/tienda\/registrador-de-datos-usb-reutilizable-flashlink-con-sonda-externa-modelo-20902-20903\/#breadcrumb"},"inLanguage":"es","potentialAction":[{"@type":"ReadAction","target":["https:\/\/abaa.mx\/tienda\/registrador-de-datos-usb-reutilizable-flashlink-con-sonda-externa-modelo-20902-20903\/"]}]},{"@type":"ImageObject","inLanguage":"es","@id":"https:\/\/abaa.mx\/tienda\/registrador-de-datos-usb-reutilizable-flashlink-con-sonda-externa-modelo-20902-20903\/#primaryimage","url":"https:\/\/abaa.mx\/tienda\/wp-content\/uploads\/2023\/09\/20902-20903.jpg","contentUrl":"https:\/\/abaa.mx\/tienda\/wp-content\/uploads\/2023\/09\/20902-20903.jpg","width":800,"height":800,"caption":"registrador-de-datos-usb-reutilizable-flashlink-con-sonda-externa-modelo-20902-20903"},{"@type":"BreadcrumbList","@id":"https:\/\/abaa.mx\/tienda\/registrador-de-datos-usb-reutilizable-flashlink-con-sonda-externa-modelo-20902-20903\/#breadcrumb","itemListElement":[{"@type":"ListItem","position":1,"name":"Inicio","item":"https:\/\/abaa.mx\/tienda\/"},{"@type":"ListItem","position":2,"name":"Tienda","item":"https:\/\/abaa.mx\/tienda\/"},{"@type":"ListItem","position":3,"name":"Registrador de datos usb reutilizable flashlink con sonda externa Modelo 20902, 20903"}]},{"@type":"WebSite","@id":"https:\/\/abaa.mx\/tienda\/#website","url":"https:\/\/abaa.mx\/tienda\/","name":"Abaa tienda online","description":"Instrumentos de medici\u00f3n","publisher":{"@id":"https:\/\/abaa.mx\/tienda\/#organization"},"potentialAction":[{"@type":"SearchAction","target":{"@type":"EntryPoint","urlTemplate":"https:\/\/abaa.mx\/tienda\/?s={search_term_string}"},"query-input":{"@type":"PropertyValueSpecification","valueRequired":true,"valueName":"search_term_string"}}],"inLanguage":"es"},{"@type":"Organization","@id":"https:\/\/abaa.mx\/tienda\/#organization","name":"Abaa tienda online","url":"https:\/\/abaa.mx\/tienda\/","logo":{"@type":"ImageObject","inLanguage":"es","@id":"https:\/\/abaa.mx\/tienda\/#\/schema\/logo\/image\/","url":"https:\/\/abaa.mx\/tienda\/wp-content\/uploads\/2024\/01\/abaa-metrologia-tienda.png","contentUrl":"https:\/\/abaa.mx\/tienda\/wp-content\/uploads\/2024\/01\/abaa-metrologia-tienda.png","width":300,"height":141,"caption":"Abaa tienda online"},"image":{"@id":"https:\/\/abaa.mx\/tienda\/#\/schema\/logo\/image\/"}}]}},"_links":{"self":[{"href":"https:\/\/abaa.mx\/tienda\/wp-json\/wp\/v2\/product\/1789","targetHints":{"allow":["GET"]}}],"collection":[{"href":"https:\/\/abaa.mx\/tienda\/wp-json\/wp\/v2\/product"}],"about":[{"href":"https:\/\/abaa.mx\/tienda\/wp-json\/wp\/v2\/types\/product"}],"replies":[{"embeddable":true,"href":"https:\/\/abaa.mx\/tienda\/wp-json\/wp\/v2\/comments?post=1789"}],"wp:featuredmedia":[{"embeddable":true,"href":"https:\/\/abaa.mx\/tienda\/wp-json\/wp\/v2\/media\/1790"}],"wp:attachment":[{"href":"https:\/\/abaa.mx\/tienda\/wp-json\/wp\/v2\/media?parent=1789"}],"wp:term":[{"taxonomy":"product_brand","embeddable":true,"href":"https:\/\/abaa.mx\/tienda\/wp-json\/wp\/v2\/product_brand?post=1789"},{"taxonomy":"product_cat","embeddable":true,"href":"https:\/\/abaa.mx\/tienda\/wp-json\/wp\/v2\/product_cat?post=1789"},{"taxonomy":"product_tag","embeddable":true,"href":"https:\/\/abaa.mx\/tienda\/wp-json\/wp\/v2\/product_tag?post=1789"}],"curies":[{"name":"wp","href":"https:\/\/api.w.org\/{rel}","templated":true}]}}