{"id":1770,"date":"2023-09-15T19:36:50","date_gmt":"2023-09-15T19:36:50","guid":{"rendered":"https:\/\/abaa.mx\/tienda\/?post_type=product&#038;p=1770"},"modified":"2023-09-15T19:52:27","modified_gmt":"2023-09-15T19:52:27","slug":"aplicaciones-productos-alimentos-preparados-productos-farmaceuticos-productos-quimicos-unidades-de-almacenamiento-refrigeradores-este-registrador-de-temperatura-plug-and-play-viene-preprogramado","status":"publish","type":"product","link":"https:\/\/abaa.mx\/tienda\/aplicaciones-productos-alimentos-preparados-productos-farmaceuticos-productos-quimicos-unidades-de-almacenamiento-refrigeradores-este-registrador-de-temperatura-plug-and-play-viene-preprogramado\/","title":{"rendered":"Registrador de datos multiuso flashlink pdf Modelo 40202, 40203"},"content":{"rendered":"<h1>Registrador de datos multiuso flashlink\u00a0pdf<\/h1>\n<h3><strong>Modelo\u00a040202, 40203<\/strong><\/h3>\n<ul>\n<li>La unidad est\u00e1 dise\u00f1ada para usarse varias veces.<\/li>\n<li>El registrador se proporciona preprogramado.<\/li>\n<li>No necesita software para descargar datos.<\/li>\n<li>Conector USB incorporado, no se requieren dispositivos especiales de lectura.<\/li>\n<li>Detiene la grabaci\u00f3n despu\u00e9s de descargar los datos.<\/li>\n<li>Crea autom\u00e1ticamente un informe PDF seguro y un archivo CSV.<\/li>\n<li>Restablece el bot\u00f3n para el siguiente uso.<\/li>\n<li>Estad\u00edsticas de temperatura disponibles en LCD.<\/li>\n<li>Configuraci\u00f3n personalizada disponible para los par\u00e1metros de registro, alarmas y arranque diferido.<\/li>\n<\/ul>\n<div class=\"prod-top\">\n<div class=\"prod-left\">\n<div class=\"prod-app\"><b>Aplicaciones:<\/b> Productos, Alimentos Preparados, Productos Farmac\u00e9uticos, Productos Qu\u00edmicos, Unidades de Almacenamiento, Refrigeradores.<\/div>\n<\/div>\n<\/div>\n<div class=\"prod-bottom\">\n<div class=\"prod-desc\">\n<p>Este registrador de temperatura plug-and-play viene preprogramado y puede ser reutilizado una y otra vez. Despu\u00e9s de cada uso, los datos se descargan en un dispositivo USB habilitado como un archivo PDF cifrado con un n\u00famero de identificaci\u00f3n \u00fanico para el mantenimiento de registros y la trazabilidad. Una vez que se recuperan los datos, simplemente reinicie la unidad presionando y manteniendo pulsados ambos botones hasta que se borren los datos y se cree un nuevo ID de viaje. Esto lo convierte en una soluci\u00f3n rentable de gesti\u00f3n de cadena de fr\u00edo y log\u00edstica para el monitoreo de productos sensibles a la temperatura durante el env\u00edo y \/ o almacenamiento. El registrador de datos multiuso de FlashLink PDF es ideal para rastrear productos transportados entre instalaciones o como un reemplazo econ\u00f3mico para grabadores de Chart reutilizables. El logger tiene la capacidad de monitorear las condiciones ambientales en instalaciones con temperatura controlada, tales como almacenes, centros de distribuci\u00f3n, procesamiento, empaque o \u00e1reas de ensayo.<\/p>\n<p>Configurado de f\u00e1brica, los usuarios no programan esta unidad. Adem\u00e1s, no se necesita ning\u00fan software para descargar datos, ya que el registrador contiene software incorporado que simplemente necesita un dispositivo USB habilitado para acceder a la informaci\u00f3n. La descarga es un informe PDF seguro y cifrado que se guarda autom\u00e1ticamente en el disco duro local. Las configuraciones personalizadas est\u00e1n disponibles desde la f\u00e1brica para preconfigurar los par\u00e1metros de registro, tales como l\u00edmites de alarma alta \/ baja personalizados, intervalos de registro e inicio diferido.<\/p>\n<h2 class=\"rl_tabs-title nn_tabs-title\">Modelos<\/h2>\n<table>\n<tbody>\n<tr>\n<th colspan=\"2\">Modelos<\/th>\n<\/tr>\n<tr>\n<td>\u00b0F<\/td>\n<td>40202<\/td>\n<\/tr>\n<tr>\n<td>\u00b0C<\/td>\n<td>40203<\/td>\n<\/tr>\n<\/tbody>\n<\/table>\n<p>&nbsp;<\/p>\n<table>\n<caption>Registrador de datos multiuso FlashLink PDF<\/caption>\n<thead>\n<tr>\n<th scope=\"col\">Caracter\u00edstica<\/th>\n<th scope=\"col\">Especificaci\u00f3n<\/th>\n<\/tr>\n<\/thead>\n<tfoot>\n<tr>\n<td colspan=\"2\"><\/td>\n<\/tr>\n<\/tfoot>\n<tbody>\n<tr>\n<td>Intervalo de Medici\u00f3n<\/td>\n<td>-40\u00b0F a 122\u00b0F (-40\u00b0C a 50\u00b0C)<\/td>\n<\/tr>\n<tr>\n<td>Resoluci\u00f3n de la Temperatura<\/td>\n<td>0.1\u00b0C\/0.2\u00b0F<\/td>\n<\/tr>\n<tr>\n<td>Precisi\u00f3n<\/td>\n<td>\u00b11.0\u00b0F desde -4\u00b0F a 113\u00b0F; (\u00b10.5\u00b0C desde -20\u00b0C a 45\u00b0C)<br \/>\n\u00b12.0\u00b0F por encima de 113\u00b0F; (\u00b11.0\u00b0C por encima de 45\u00b0C)<br \/>\n\u00b12.0\u00b0F por debajo de -4\u00b0F; (\u00b11.0\u00b0C por debajo de -20\u00b0C)<\/td>\n<\/tr>\n<tr>\n<td>Capacidad de Datos<\/td>\n<td>16,112 puntos<\/td>\n<\/tr>\n<tr>\n<td>Intervalo de Muestreo<\/td>\n<td>5 minutos<\/td>\n<\/tr>\n<tr>\n<td>Tiempo de Descarga de Datos<\/td>\n<td>30 segundos t\u00edpicos<\/td>\n<\/tr>\n<tr>\n<td>Niveles de Alarma Programados de Fabrica<\/td>\n<td>L\u00edmites altos \/ bajos en todo el rango de temperatura<\/td>\n<\/tr>\n<tr>\n<td>Bater\u00eda<\/td>\n<td>Pila de bot\u00f3n de litio<\/td>\n<\/tr>\n<tr>\n<td>Dimensiones<\/td>\n<td>1,93&#8243; x 3,62&#8243; x 0,67&#8243; (49 mm x 92 mm x 17 mm)<\/td>\n<\/tr>\n<tr>\n<td>Cubierta<\/td>\n<td>Pl\u00e1stico ABS<\/td>\n<\/tr>\n<tr>\n<td>Peso<\/td>\n<td>1.6 oz. (45.36 gramos)<\/td>\n<\/tr>\n<tr>\n<td>Resistencia a Golpes<\/td>\n<td>Soporta ca\u00eddas de 3 p\u00edes (1 meter) a una superficie dura<\/td>\n<\/tr>\n<tr>\n<td>Certificaci\u00f3n<\/td>\n<td>CE Mark, Calibraci\u00f3n trazable a NIST, Cumplimiento RoHS, Cumplimiento BSS 7061<\/td>\n<\/tr>\n<tr>\n<td>Pantalla<\/td>\n<td>LCD, LED rojo de alarma<\/td>\n<\/tr>\n<tr>\n<td>Condiciones de Almacenamiento<\/td>\n<td>-4\u00b0F a 122\u00b0F (-20\u00b0C a 50\u00b0C) HR 0% a 95% sin condensaci\u00f3n<\/td>\n<\/tr>\n<tr>\n<td>Normas PDF<\/td>\n<td>Cumple con ISO19005-1, PDF\/A, 21 CFR Parte 11<\/td>\n<\/tr>\n<tr>\n<td>Requisitos M\u00ednimos del Sistema<\/td>\n<td>PC con sistema operativo actual<br \/>\nAdobe Reader<\/td>\n<\/tr>\n<tr>\n<td>Requisitos para la Descarga<\/td>\n<td>Conexi\u00f3n directa de USB<\/td>\n<\/tr>\n<\/tbody>\n<\/table>\n<\/div>\n<\/div>\n","protected":false},"excerpt":{"rendered":"<h3><strong>Caracter\u00edsticas\u00a0<\/strong><\/h3>\n<ul>\n<li>La unidad est\u00e1 dise\u00f1ada para usarse varias veces.<\/li>\n<li>El registrador se proporciona preprogramado.<\/li>\n<li>No necesita software para descargar datos.<\/li>\n<li>Conector USB incorporado, no se requieren dispositivos especiales de lectura.<\/li>\n<li>Detiene la grabaci\u00f3n despu\u00e9s de descargar los datos.<\/li>\n<li>Crea autom\u00e1ticamente un informe PDF seguro y un archivo CSV.<\/li>\n<li>Restablece el bot\u00f3n para el siguiente uso.<\/li>\n<li>Estad\u00edsticas de temperatura disponibles en LCD.<\/li>\n<li>Configuraci\u00f3n personalizada disponible para los par\u00e1metros de registro, alarmas y arranque diferido.<\/li>\n<\/ul>\n","protected":false},"featured_media":1773,"comment_status":"open","ping_status":"closed","template":"","meta":{"_joinchat":[]},"product_brand":[],"product_cat":[15],"product_tag":[],"class_list":{"0":"post-1770","1":"product","2":"type-product","3":"status-publish","4":"has-post-thumbnail","6":"product_cat-sin-categorizar","8":"first","9":"instock","10":"shipping-taxable","11":"product-type-simple"},"yoast_head":"<!-- This site is optimized with the Yoast SEO plugin v26.4 - https:\/\/yoast.com\/wordpress\/plugins\/seo\/ -->\n<title>Registrador de datos multiuso flashlink pdf Modelo 40202, 40203 - Abaa tienda online<\/title>\n<meta name=\"robots\" content=\"index, follow, max-snippet:-1, max-image-preview:large, max-video-preview:-1\" \/>\n<link rel=\"canonical\" href=\"https:\/\/abaa.mx\/tienda\/aplicaciones-productos-alimentos-preparados-productos-farmaceuticos-productos-quimicos-unidades-de-almacenamiento-refrigeradores-este-registrador-de-temperatura-plug-and-play-viene-preprogramado\/\" \/>\n<meta property=\"og:locale\" content=\"es_MX\" \/>\n<meta property=\"og:type\" content=\"article\" \/>\n<meta property=\"og:title\" content=\"Registrador de datos multiuso flashlink pdf Modelo 40202, 40203 - Abaa tienda online\" \/>\n<meta property=\"og:description\" content=\"Caracter\u00edsticas\u00a0   La unidad est\u00e1 dise\u00f1ada para usarse varias veces.  El registrador se proporciona preprogramado.  No necesita software para descargar datos.  Conector USB incorporado, no se requieren dispositivos especiales de lectura.  Detiene la grabaci\u00f3n despu\u00e9s de descargar los datos.  Crea autom\u00e1ticamente un informe PDF seguro y un archivo CSV.  Restablece el bot\u00f3n para el siguiente uso.  Estad\u00edsticas de temperatura disponibles en LCD.  Configuraci\u00f3n personalizada disponible para los par\u00e1metros de registro, alarmas y arranque diferido.\" \/>\n<meta property=\"og:url\" content=\"https:\/\/abaa.mx\/tienda\/aplicaciones-productos-alimentos-preparados-productos-farmaceuticos-productos-quimicos-unidades-de-almacenamiento-refrigeradores-este-registrador-de-temperatura-plug-and-play-viene-preprogramado\/\" \/>\n<meta property=\"og:site_name\" content=\"Abaa tienda online\" \/>\n<meta property=\"article:modified_time\" content=\"2023-09-15T19:52:27+00:00\" \/>\n<meta property=\"og:image\" content=\"https:\/\/abaa.mx\/tienda\/wp-content\/uploads\/2023\/09\/40202-40203.jpg\" \/>\n\t<meta property=\"og:image:width\" content=\"427\" \/>\n\t<meta property=\"og:image:height\" content=\"1000\" \/>\n\t<meta property=\"og:image:type\" content=\"image\/jpeg\" \/>\n<meta name=\"twitter:card\" content=\"summary_large_image\" \/>\n<meta name=\"twitter:label1\" content=\"Tiempo de lectura\" \/>\n\t<meta name=\"twitter:data1\" content=\"3 minutos\" \/>\n<script type=\"application\/ld+json\" class=\"yoast-schema-graph\">{\"@context\":\"https:\/\/schema.org\",\"@graph\":[{\"@type\":\"WebPage\",\"@id\":\"https:\/\/abaa.mx\/tienda\/aplicaciones-productos-alimentos-preparados-productos-farmaceuticos-productos-quimicos-unidades-de-almacenamiento-refrigeradores-este-registrador-de-temperatura-plug-and-play-viene-preprogramado\/\",\"url\":\"https:\/\/abaa.mx\/tienda\/aplicaciones-productos-alimentos-preparados-productos-farmaceuticos-productos-quimicos-unidades-de-almacenamiento-refrigeradores-este-registrador-de-temperatura-plug-and-play-viene-preprogramado\/\",\"name\":\"Registrador de datos multiuso flashlink pdf Modelo 40202, 40203 - Abaa tienda online\",\"isPartOf\":{\"@id\":\"https:\/\/abaa.mx\/tienda\/#website\"},\"primaryImageOfPage\":{\"@id\":\"https:\/\/abaa.mx\/tienda\/aplicaciones-productos-alimentos-preparados-productos-farmaceuticos-productos-quimicos-unidades-de-almacenamiento-refrigeradores-este-registrador-de-temperatura-plug-and-play-viene-preprogramado\/#primaryimage\"},\"image\":{\"@id\":\"https:\/\/abaa.mx\/tienda\/aplicaciones-productos-alimentos-preparados-productos-farmaceuticos-productos-quimicos-unidades-de-almacenamiento-refrigeradores-este-registrador-de-temperatura-plug-and-play-viene-preprogramado\/#primaryimage\"},\"thumbnailUrl\":\"https:\/\/abaa.mx\/tienda\/wp-content\/uploads\/2023\/09\/40202-40203.jpg\",\"datePublished\":\"2023-09-15T19:36:50+00:00\",\"dateModified\":\"2023-09-15T19:52:27+00:00\",\"breadcrumb\":{\"@id\":\"https:\/\/abaa.mx\/tienda\/aplicaciones-productos-alimentos-preparados-productos-farmaceuticos-productos-quimicos-unidades-de-almacenamiento-refrigeradores-este-registrador-de-temperatura-plug-and-play-viene-preprogramado\/#breadcrumb\"},\"inLanguage\":\"es\",\"potentialAction\":[{\"@type\":\"ReadAction\",\"target\":[\"https:\/\/abaa.mx\/tienda\/aplicaciones-productos-alimentos-preparados-productos-farmaceuticos-productos-quimicos-unidades-de-almacenamiento-refrigeradores-este-registrador-de-temperatura-plug-and-play-viene-preprogramado\/\"]}]},{\"@type\":\"ImageObject\",\"inLanguage\":\"es\",\"@id\":\"https:\/\/abaa.mx\/tienda\/aplicaciones-productos-alimentos-preparados-productos-farmaceuticos-productos-quimicos-unidades-de-almacenamiento-refrigeradores-este-registrador-de-temperatura-plug-and-play-viene-preprogramado\/#primaryimage\",\"url\":\"https:\/\/abaa.mx\/tienda\/wp-content\/uploads\/2023\/09\/40202-40203.jpg\",\"contentUrl\":\"https:\/\/abaa.mx\/tienda\/wp-content\/uploads\/2023\/09\/40202-40203.jpg\",\"width\":427,\"height\":1000,\"caption\":\"aplicaciones-productos-alimentos-preparados-productos-farmaceuticos-productos-quimicos-unidades-de-almacenamiento-refrigeradores-este-registrador-de-temperatura-plug-and-play-viene-preprogramado\"},{\"@type\":\"BreadcrumbList\",\"@id\":\"https:\/\/abaa.mx\/tienda\/aplicaciones-productos-alimentos-preparados-productos-farmaceuticos-productos-quimicos-unidades-de-almacenamiento-refrigeradores-este-registrador-de-temperatura-plug-and-play-viene-preprogramado\/#breadcrumb\",\"itemListElement\":[{\"@type\":\"ListItem\",\"position\":1,\"name\":\"Inicio\",\"item\":\"https:\/\/abaa.mx\/tienda\/\"},{\"@type\":\"ListItem\",\"position\":2,\"name\":\"Tienda\",\"item\":\"https:\/\/abaa.mx\/tienda\/\"},{\"@type\":\"ListItem\",\"position\":3,\"name\":\"Registrador de datos multiuso flashlink pdf Modelo 40202, 40203\"}]},{\"@type\":\"WebSite\",\"@id\":\"https:\/\/abaa.mx\/tienda\/#website\",\"url\":\"https:\/\/abaa.mx\/tienda\/\",\"name\":\"Abaa tienda online\",\"description\":\"Instrumentos de medici\u00f3n\",\"publisher\":{\"@id\":\"https:\/\/abaa.mx\/tienda\/#organization\"},\"potentialAction\":[{\"@type\":\"SearchAction\",\"target\":{\"@type\":\"EntryPoint\",\"urlTemplate\":\"https:\/\/abaa.mx\/tienda\/?s={search_term_string}\"},\"query-input\":{\"@type\":\"PropertyValueSpecification\",\"valueRequired\":true,\"valueName\":\"search_term_string\"}}],\"inLanguage\":\"es\"},{\"@type\":\"Organization\",\"@id\":\"https:\/\/abaa.mx\/tienda\/#organization\",\"name\":\"Abaa tienda online\",\"url\":\"https:\/\/abaa.mx\/tienda\/\",\"logo\":{\"@type\":\"ImageObject\",\"inLanguage\":\"es\",\"@id\":\"https:\/\/abaa.mx\/tienda\/#\/schema\/logo\/image\/\",\"url\":\"https:\/\/abaa.mx\/tienda\/wp-content\/uploads\/2024\/01\/abaa-metrologia-tienda.png\",\"contentUrl\":\"https:\/\/abaa.mx\/tienda\/wp-content\/uploads\/2024\/01\/abaa-metrologia-tienda.png\",\"width\":300,\"height\":141,\"caption\":\"Abaa tienda online\"},\"image\":{\"@id\":\"https:\/\/abaa.mx\/tienda\/#\/schema\/logo\/image\/\"}}]}<\/script>\n<!-- \/ Yoast SEO plugin. -->","yoast_head_json":{"title":"Registrador de datos multiuso flashlink pdf Modelo 40202, 40203 - Abaa tienda online","robots":{"index":"index","follow":"follow","max-snippet":"max-snippet:-1","max-image-preview":"max-image-preview:large","max-video-preview":"max-video-preview:-1"},"canonical":"https:\/\/abaa.mx\/tienda\/aplicaciones-productos-alimentos-preparados-productos-farmaceuticos-productos-quimicos-unidades-de-almacenamiento-refrigeradores-este-registrador-de-temperatura-plug-and-play-viene-preprogramado\/","og_locale":"es_MX","og_type":"article","og_title":"Registrador de datos multiuso flashlink pdf Modelo 40202, 40203 - Abaa tienda online","og_description":"Caracter\u00edsticas\u00a0   La unidad est\u00e1 dise\u00f1ada para usarse varias veces.  El registrador se proporciona preprogramado.  No necesita software para descargar datos.  Conector USB incorporado, no se requieren dispositivos especiales de lectura.  Detiene la grabaci\u00f3n despu\u00e9s de descargar los datos.  Crea autom\u00e1ticamente un informe PDF seguro y un archivo CSV.  Restablece el bot\u00f3n para el siguiente uso.  Estad\u00edsticas de temperatura disponibles en LCD.  Configuraci\u00f3n personalizada disponible para los par\u00e1metros de registro, alarmas y arranque diferido.","og_url":"https:\/\/abaa.mx\/tienda\/aplicaciones-productos-alimentos-preparados-productos-farmaceuticos-productos-quimicos-unidades-de-almacenamiento-refrigeradores-este-registrador-de-temperatura-plug-and-play-viene-preprogramado\/","og_site_name":"Abaa tienda online","article_modified_time":"2023-09-15T19:52:27+00:00","og_image":[{"width":427,"height":1000,"url":"https:\/\/abaa.mx\/tienda\/wp-content\/uploads\/2023\/09\/40202-40203.jpg","type":"image\/jpeg"}],"twitter_card":"summary_large_image","twitter_misc":{"Tiempo de lectura":"3 minutos"},"schema":{"@context":"https:\/\/schema.org","@graph":[{"@type":"WebPage","@id":"https:\/\/abaa.mx\/tienda\/aplicaciones-productos-alimentos-preparados-productos-farmaceuticos-productos-quimicos-unidades-de-almacenamiento-refrigeradores-este-registrador-de-temperatura-plug-and-play-viene-preprogramado\/","url":"https:\/\/abaa.mx\/tienda\/aplicaciones-productos-alimentos-preparados-productos-farmaceuticos-productos-quimicos-unidades-de-almacenamiento-refrigeradores-este-registrador-de-temperatura-plug-and-play-viene-preprogramado\/","name":"Registrador de datos multiuso flashlink pdf Modelo 40202, 40203 - Abaa tienda online","isPartOf":{"@id":"https:\/\/abaa.mx\/tienda\/#website"},"primaryImageOfPage":{"@id":"https:\/\/abaa.mx\/tienda\/aplicaciones-productos-alimentos-preparados-productos-farmaceuticos-productos-quimicos-unidades-de-almacenamiento-refrigeradores-este-registrador-de-temperatura-plug-and-play-viene-preprogramado\/#primaryimage"},"image":{"@id":"https:\/\/abaa.mx\/tienda\/aplicaciones-productos-alimentos-preparados-productos-farmaceuticos-productos-quimicos-unidades-de-almacenamiento-refrigeradores-este-registrador-de-temperatura-plug-and-play-viene-preprogramado\/#primaryimage"},"thumbnailUrl":"https:\/\/abaa.mx\/tienda\/wp-content\/uploads\/2023\/09\/40202-40203.jpg","datePublished":"2023-09-15T19:36:50+00:00","dateModified":"2023-09-15T19:52:27+00:00","breadcrumb":{"@id":"https:\/\/abaa.mx\/tienda\/aplicaciones-productos-alimentos-preparados-productos-farmaceuticos-productos-quimicos-unidades-de-almacenamiento-refrigeradores-este-registrador-de-temperatura-plug-and-play-viene-preprogramado\/#breadcrumb"},"inLanguage":"es","potentialAction":[{"@type":"ReadAction","target":["https:\/\/abaa.mx\/tienda\/aplicaciones-productos-alimentos-preparados-productos-farmaceuticos-productos-quimicos-unidades-de-almacenamiento-refrigeradores-este-registrador-de-temperatura-plug-and-play-viene-preprogramado\/"]}]},{"@type":"ImageObject","inLanguage":"es","@id":"https:\/\/abaa.mx\/tienda\/aplicaciones-productos-alimentos-preparados-productos-farmaceuticos-productos-quimicos-unidades-de-almacenamiento-refrigeradores-este-registrador-de-temperatura-plug-and-play-viene-preprogramado\/#primaryimage","url":"https:\/\/abaa.mx\/tienda\/wp-content\/uploads\/2023\/09\/40202-40203.jpg","contentUrl":"https:\/\/abaa.mx\/tienda\/wp-content\/uploads\/2023\/09\/40202-40203.jpg","width":427,"height":1000,"caption":"aplicaciones-productos-alimentos-preparados-productos-farmaceuticos-productos-quimicos-unidades-de-almacenamiento-refrigeradores-este-registrador-de-temperatura-plug-and-play-viene-preprogramado"},{"@type":"BreadcrumbList","@id":"https:\/\/abaa.mx\/tienda\/aplicaciones-productos-alimentos-preparados-productos-farmaceuticos-productos-quimicos-unidades-de-almacenamiento-refrigeradores-este-registrador-de-temperatura-plug-and-play-viene-preprogramado\/#breadcrumb","itemListElement":[{"@type":"ListItem","position":1,"name":"Inicio","item":"https:\/\/abaa.mx\/tienda\/"},{"@type":"ListItem","position":2,"name":"Tienda","item":"https:\/\/abaa.mx\/tienda\/"},{"@type":"ListItem","position":3,"name":"Registrador de datos multiuso flashlink pdf Modelo 40202, 40203"}]},{"@type":"WebSite","@id":"https:\/\/abaa.mx\/tienda\/#website","url":"https:\/\/abaa.mx\/tienda\/","name":"Abaa tienda online","description":"Instrumentos de medici\u00f3n","publisher":{"@id":"https:\/\/abaa.mx\/tienda\/#organization"},"potentialAction":[{"@type":"SearchAction","target":{"@type":"EntryPoint","urlTemplate":"https:\/\/abaa.mx\/tienda\/?s={search_term_string}"},"query-input":{"@type":"PropertyValueSpecification","valueRequired":true,"valueName":"search_term_string"}}],"inLanguage":"es"},{"@type":"Organization","@id":"https:\/\/abaa.mx\/tienda\/#organization","name":"Abaa tienda online","url":"https:\/\/abaa.mx\/tienda\/","logo":{"@type":"ImageObject","inLanguage":"es","@id":"https:\/\/abaa.mx\/tienda\/#\/schema\/logo\/image\/","url":"https:\/\/abaa.mx\/tienda\/wp-content\/uploads\/2024\/01\/abaa-metrologia-tienda.png","contentUrl":"https:\/\/abaa.mx\/tienda\/wp-content\/uploads\/2024\/01\/abaa-metrologia-tienda.png","width":300,"height":141,"caption":"Abaa tienda online"},"image":{"@id":"https:\/\/abaa.mx\/tienda\/#\/schema\/logo\/image\/"}}]}},"_links":{"self":[{"href":"https:\/\/abaa.mx\/tienda\/wp-json\/wp\/v2\/product\/1770","targetHints":{"allow":["GET"]}}],"collection":[{"href":"https:\/\/abaa.mx\/tienda\/wp-json\/wp\/v2\/product"}],"about":[{"href":"https:\/\/abaa.mx\/tienda\/wp-json\/wp\/v2\/types\/product"}],"replies":[{"embeddable":true,"href":"https:\/\/abaa.mx\/tienda\/wp-json\/wp\/v2\/comments?post=1770"}],"wp:featuredmedia":[{"embeddable":true,"href":"https:\/\/abaa.mx\/tienda\/wp-json\/wp\/v2\/media\/1773"}],"wp:attachment":[{"href":"https:\/\/abaa.mx\/tienda\/wp-json\/wp\/v2\/media?parent=1770"}],"wp:term":[{"taxonomy":"product_brand","embeddable":true,"href":"https:\/\/abaa.mx\/tienda\/wp-json\/wp\/v2\/product_brand?post=1770"},{"taxonomy":"product_cat","embeddable":true,"href":"https:\/\/abaa.mx\/tienda\/wp-json\/wp\/v2\/product_cat?post=1770"},{"taxonomy":"product_tag","embeddable":true,"href":"https:\/\/abaa.mx\/tienda\/wp-json\/wp\/v2\/product_tag?post=1770"}],"curies":[{"name":"wp","href":"https:\/\/api.w.org\/{rel}","templated":true}]}}