{"id":1769,"date":"2023-09-15T19:44:41","date_gmt":"2023-09-15T19:44:41","guid":{"rendered":"https:\/\/abaa.mx\/tienda\/?post_type=product&#038;p=1769"},"modified":"2023-11-15T19:42:41","modified_gmt":"2023-11-15T19:42:41","slug":"testo-191-t3-registrador-de-datos-de-temperatura-haccp-con-una-sonda-larga-y-flexible","status":"publish","type":"product","link":"https:\/\/abaa.mx\/tienda\/testo-191-t3-registrador-de-datos-de-temperatura-haccp-con-una-sonda-larga-y-flexible\/","title":{"rendered":"Testo 191-T3 &#8211; Registrador de datos de temperatura HACCP con una sonda larga y flexible"},"content":{"rendered":"<p>La pasteurizaci\u00f3n, la esterilizaci\u00f3n y la liofilizaci\u00f3n son procesos fundamentales en la producci\u00f3n de alimentos para incrementar la caducidad de los alimentos. Estos procesos est\u00e1n sujetos a las m\u00e1s altas exigencias hacia la tecnolog\u00eda de medici\u00f3n utilizada.<\/p>\n<p>Nuestro registrador de datos de temperatura HACCP fiable y robusto le apoya para vigilar estos procesos de forma eficiente.<\/p>\n<div class=\"m-list\">\n<ul class=\"list-elements\">\n<li>Medici\u00f3n de la temperatura precisa en l\u00edquidos y superficies con una sonda larga y flexible<\/li>\n<li>Duradero, robusto, fiablemente estanco incluso tras el cambio de pilas<\/li>\n<li>El cambio de pila en segundos ahorra tiempo y aumenta la eficiencia<\/li>\n<li>Programaci\u00f3n y lectura simult\u00e1neas de varios registradores de datos HACCP a trav\u00e9s del malet\u00edn multifunci\u00f3n<\/li>\n<\/ul>\n<\/div>\n<p class=\"text\">El registrador de datos de temperatura testo 191-T3 con certificado HACCP International es ideal para la supervisi\u00f3n de temperatura en l\u00edquidos o superficies, como por ejemplo en placas de las instalaciones de liofilizaci\u00f3n. Utilice el registrador de datos dise\u00f1ado para la producci\u00f3n de alimentos para vigilar los procesos de pasteurizaci\u00f3n, esterilizaci\u00f3n y liofilizaci\u00f3n.<\/p>\n<div class=\"c2a-tabSection m-tabs\">\n<div id=\"tab-details\" class=\"large-12 column m-tab-pdp\">\n<div class=\"medium-8\">\n<article class=\"child-1 paragraph\">\n<h3>Esto ofrece el registrador de datos HACCP de temperatura testo\u00a0191-T3<\/h3>\n<p>&nbsp;<\/p>\n<ul>\n<li>Exacto: Registrador de datos HACCP preciso con sonda larga y flexible (longitud 775 mm, \u00d8 1,5 mm), memoria de 60.000 valores medidos<\/li>\n<li>Sonda larga y flexible: Ideal para aplicaciones de esterilizaci\u00f3n, en l\u00edquidos o en superficies de instalaciones de liofilizaci\u00f3n. En combinaci\u00f3n con el soporte de sondas para liofilizaci\u00f3n (solicitar por separado) se puede medir de forma precisa la temperatura de las superficies en las instalaciones de liofilizaci\u00f3n<\/li>\n<li>Dise\u00f1o delgado: Con un di\u00e1metro de 20 mm, los registradores pueden usarse perfectamente en objetos o entornos estrechos<\/li>\n<li>Robusto y duradero: Materiales de alta calidad y una fabricaci\u00f3n innovadora permiten que el registrador de datos HACCP sea especialmente robusto y duradero. El registrador de datos HACCP convence por su fiabilidad y una robustez m\u00e1xima gracias a la t\u00e9cnica de medici\u00f3n herm\u00e9ticamente cerrada en una carcasa separada de acero inoxidable<\/li>\n<li>Cambio de pila en segundos: Gracias a la pr\u00e1ctica rosca es posible atornillar y cambiar la pila de forma intuitiva, segura y sin herramientas en el registrador de datos HACCP<\/li>\n<li>Fiablemente estanco: El registrador de datos HACCP permanece 100 % estanco incluso despu\u00e9s de un cambio de pilas. La carcasa de la pila est\u00e1 revestida con polieteretercetona (PEEK) resistente a altas temperaturas<\/li>\n<li>Altura flexible: El tama\u00f1o del registrador de datos HACCP puede variar dependiendo de los dos tipos de pilas diferentes. Con la pila peque\u00f1a las dimensiones del registrador son particularmente compactas. Una pila m\u00e1s grande es ideal para mediciones a bajas temperaturas, por ejemplo, en instalaciones de refrigeraci\u00f3n (incluida en el volumen de suministro)<\/li>\n<\/ul>\n<p>&nbsp;<\/p>\n<h3>Programaci\u00f3n, lectura y valoraci\u00f3n del registrador de datos<\/h3>\n<p>Especialmente pr\u00e1ctico en su uso: Adem\u00e1s de servir para el almacenamiento, el malet\u00edn multifunci\u00f3n (disponible en dos tama\u00f1os diferentes) puede utilizarse con el fin de programar y leer simult\u00e1neamente hasta 8 registradores de datos. Por esta raz\u00f3n no se requiere otra estaci\u00f3n de lectura adicional y se ahorra tiempo.<\/p>\n<p>Con el software profesional testo 191 especialmente desarrollado (solicitar por separado) es posible programar y leer el registrador de datos en el PC y analizar los datos de medici\u00f3n. La estructura clara del software le gu\u00eda paso a paso a trav\u00e9s del proceso de forma intuitiva. En los puntos cr\u00edticos ayuda con la introducci\u00f3n mediante indicaciones de advertencia. De este modo el software permite una ejecuci\u00f3n sencilla del proceso de medici\u00f3n incluso a usuarios sin experiencia.<\/p>\n<\/article>\n<h3>Volumen de suministro<\/h3>\n<article class=\"child-2 paragraph\">1 registrador de datos HACCP testo 191-T3, incl. pila grande, adaptador de distancia largo para la unidad de lectura y programaci\u00f3n testo 191, protocolo de calibraci\u00f3n y manual de instrucciones.<\/article>\n<\/div>\n<div class=\"medium-4\">\n<div class=\"m-cert large-12 column\"><\/div>\n<\/div>\n<\/div>\n<\/div>\n<hr \/>\n<div class=\"c2a-tabSection m-tabs\">\n<div id=\"tab-technicalData\" class=\"large-12 column m-data-tab\">\n<h2>Datos t\u00e9cnicos<\/h2>\n<table>\n<colgroup>\n<col class=\"colWidth25\" \/>\n<col \/><\/colgroup>\n<thead>\n<tr>\n<th colspan=\"2\">Datos t\u00e9cnicos generales<\/th>\n<\/tr>\n<\/thead>\n<tbody>\n<tr>\n<td class=\"table-bold\">Medidas<\/td>\n<td>20 X 63 mm (\u00f8 X altura)<\/td>\n<\/tr>\n<tr>\n<td class=\"table-bold\">Temperatura de funcionamiento<\/td>\n<td>-50 hasta +140 \u00baC<\/td>\n<\/tr>\n<tr>\n<td class=\"table-bold\">Material de la carcasa \/ del producto<\/td>\n<td>Acero, pl\u00e1stico PEEK<\/td>\n<\/tr>\n<tr>\n<td class=\"table-bold\">Clase de protecci\u00f3n<\/td>\n<td>IP68<\/td>\n<\/tr>\n<tr>\n<td class=\"table-bold\">Longitud del tubo de la sonda<\/td>\n<td>775 mm<\/td>\n<\/tr>\n<tr>\n<td class=\"table-bold\">Longitud de la punta de la sonda<\/td>\n<td>25 mm<\/td>\n<\/tr>\n<tr>\n<td class=\"table-bold\">Di\u00e1metro tubo de la sonda<\/td>\n<td>15 mm<\/td>\n<\/tr>\n<tr>\n<td class=\"table-bold\">Di\u00e1metro punta del tubo de la sonda<\/td>\n<td>3 mm<\/td>\n<\/tr>\n<tr>\n<td class=\"table-bold\">Intervalo de medici\u00f3n<\/td>\n<td>1 s hasta 24 h<\/td>\n<\/tr>\n<tr>\n<td class=\"table-bold\">Canales<\/td>\n<td>1<\/td>\n<\/tr>\n<tr>\n<td class=\"table-bold\">Homologaciones<\/td>\n<td>CE<\/td>\n<\/tr>\n<tr>\n<td class=\"table-bold\">Tipo de bater\u00eda<\/td>\n<td>1\/2 AA litio<\/td>\n<\/tr>\n<tr>\n<td class=\"table-bold\">Autonom\u00eda<\/td>\n<td>2.500 horas de proceso (intervalo de medici\u00f3n 10 seg a +121 \u00b0C)<\/td>\n<\/tr>\n<tr>\n<td class=\"table-bold\">Memoria<\/td>\n<td>60.000 valor medido<\/td>\n<\/tr>\n<tr>\n<td class=\"table-bold\">Temperatura de almacenamiento<\/td>\n<td>-20 hasta +50 \u00baC<\/td>\n<\/tr>\n<\/tbody>\n<\/table>\n<table>\n<colgroup>\n<col class=\"colWidth25\" \/>\n<col \/><\/colgroup>\n<thead>\n<tr>\n<th colspan=\"2\">Pt1000<\/th>\n<\/tr>\n<\/thead>\n<tbody>\n<tr>\n<td class=\"table-bold\">Rango<\/td>\n<td>-50 hasta +140 \u00baC<\/td>\n<\/tr>\n<tr>\n<td class=\"table-bold\">Exactitud<\/td>\n<td>\u00b10,2 \u00baC (-50 hasta -40 \u00baC)<\/p>\n<p>\u00b10,1 \u00baC (-40 hasta 140 \u00baC)<\/td>\n<\/tr>\n<tr>\n<td class=\"table-bold\">Resoluci\u00f3n<\/td>\n<td>0,01 \u00baC<\/td>\n<\/tr>\n<tr>\n<td class=\"table-bold\">Tiempo de respuesta t\u2089\u2080<\/td>\n<td>t\u2089\u2080 = 6 s<\/td>\n<\/tr>\n<\/tbody>\n<\/table>\n<\/div>\n<\/div>\n<p>&nbsp;<\/p>\n","protected":false},"excerpt":{"rendered":"<p>La pasteurizaci\u00f3n, la esterilizaci\u00f3n y la liofilizaci\u00f3n son procesos fundamentales en la producci\u00f3n de alimentos para incrementar la caducidad de los alimentos. Estos procesos est\u00e1n sujetos a las m\u00e1s altas exigencias hacia la tecnolog\u00eda de medici\u00f3n utilizada.<\/p>\n<p>Nuestro registrador de datos de temperatura HACCP fiable y robusto le apoya para vigilar estos procesos de forma eficiente.<\/p>\n","protected":false},"featured_media":8930,"comment_status":"open","ping_status":"closed","template":"","meta":{"_joinchat":[]},"product_brand":[],"product_cat":[15],"product_tag":[],"class_list":{"0":"post-1769","1":"product","2":"type-product","3":"status-publish","4":"has-post-thumbnail","6":"product_cat-sin-categorizar","8":"first","9":"instock","10":"shipping-taxable","11":"product-type-simple"},"yoast_head":"<!-- This site is optimized with the Yoast SEO plugin v26.4 - https:\/\/yoast.com\/wordpress\/plugins\/seo\/ -->\n<title>Testo 191-T3 - Registrador de datos de temperatura HACCP con una sonda larga y flexible - Abaa tienda online<\/title>\n<meta name=\"robots\" content=\"index, follow, max-snippet:-1, max-image-preview:large, max-video-preview:-1\" \/>\n<link rel=\"canonical\" href=\"https:\/\/abaa.mx\/tienda\/testo-191-t3-registrador-de-datos-de-temperatura-haccp-con-una-sonda-larga-y-flexible\/\" \/>\n<meta property=\"og:locale\" content=\"es_MX\" \/>\n<meta property=\"og:type\" content=\"article\" \/>\n<meta property=\"og:title\" content=\"Testo 191-T3 - Registrador de datos de temperatura HACCP con una sonda larga y flexible - Abaa tienda online\" \/>\n<meta property=\"og:description\" content=\"La pasteurizaci\u00f3n, la esterilizaci\u00f3n y la liofilizaci\u00f3n son procesos fundamentales en la producci\u00f3n de alimentos para incrementar la caducidad de los alimentos. Estos procesos est\u00e1n sujetos a las m\u00e1s altas exigencias hacia la tecnolog\u00eda de medici\u00f3n utilizada.  Nuestro registrador de datos de temperatura HACCP fiable y robusto le apoya para vigilar estos procesos de forma eficiente.\" \/>\n<meta property=\"og:url\" content=\"https:\/\/abaa.mx\/tienda\/testo-191-t3-registrador-de-datos-de-temperatura-haccp-con-una-sonda-larga-y-flexible\/\" \/>\n<meta property=\"og:site_name\" content=\"Abaa tienda online\" \/>\n<meta property=\"article:modified_time\" content=\"2023-11-15T19:42:41+00:00\" \/>\n<meta property=\"og:image\" content=\"https:\/\/abaa.mx\/tienda\/wp-content\/uploads\/2023\/09\/testo-191-t3-1.jpg\" \/>\n\t<meta property=\"og:image:width\" content=\"750\" \/>\n\t<meta property=\"og:image:height\" content=\"750\" \/>\n\t<meta property=\"og:image:type\" content=\"image\/jpeg\" \/>\n<meta name=\"twitter:card\" content=\"summary_large_image\" \/>\n<meta name=\"twitter:label1\" content=\"Tiempo de lectura\" \/>\n\t<meta name=\"twitter:data1\" content=\"4 minutos\" \/>\n<script type=\"application\/ld+json\" class=\"yoast-schema-graph\">{\"@context\":\"https:\/\/schema.org\",\"@graph\":[{\"@type\":\"WebPage\",\"@id\":\"https:\/\/abaa.mx\/tienda\/testo-191-t3-registrador-de-datos-de-temperatura-haccp-con-una-sonda-larga-y-flexible\/\",\"url\":\"https:\/\/abaa.mx\/tienda\/testo-191-t3-registrador-de-datos-de-temperatura-haccp-con-una-sonda-larga-y-flexible\/\",\"name\":\"Testo 191-T3 - Registrador de datos de temperatura HACCP con una sonda larga y flexible - Abaa tienda online\",\"isPartOf\":{\"@id\":\"https:\/\/abaa.mx\/tienda\/#website\"},\"primaryImageOfPage\":{\"@id\":\"https:\/\/abaa.mx\/tienda\/testo-191-t3-registrador-de-datos-de-temperatura-haccp-con-una-sonda-larga-y-flexible\/#primaryimage\"},\"image\":{\"@id\":\"https:\/\/abaa.mx\/tienda\/testo-191-t3-registrador-de-datos-de-temperatura-haccp-con-una-sonda-larga-y-flexible\/#primaryimage\"},\"thumbnailUrl\":\"https:\/\/abaa.mx\/tienda\/wp-content\/uploads\/2023\/09\/testo-191-t3-1.jpg\",\"datePublished\":\"2023-09-15T19:44:41+00:00\",\"dateModified\":\"2023-11-15T19:42:41+00:00\",\"breadcrumb\":{\"@id\":\"https:\/\/abaa.mx\/tienda\/testo-191-t3-registrador-de-datos-de-temperatura-haccp-con-una-sonda-larga-y-flexible\/#breadcrumb\"},\"inLanguage\":\"es\",\"potentialAction\":[{\"@type\":\"ReadAction\",\"target\":[\"https:\/\/abaa.mx\/tienda\/testo-191-t3-registrador-de-datos-de-temperatura-haccp-con-una-sonda-larga-y-flexible\/\"]}]},{\"@type\":\"ImageObject\",\"inLanguage\":\"es\",\"@id\":\"https:\/\/abaa.mx\/tienda\/testo-191-t3-registrador-de-datos-de-temperatura-haccp-con-una-sonda-larga-y-flexible\/#primaryimage\",\"url\":\"https:\/\/abaa.mx\/tienda\/wp-content\/uploads\/2023\/09\/testo-191-t3-1.jpg\",\"contentUrl\":\"https:\/\/abaa.mx\/tienda\/wp-content\/uploads\/2023\/09\/testo-191-t3-1.jpg\",\"width\":750,\"height\":750,\"caption\":\"testo 191-t3\"},{\"@type\":\"BreadcrumbList\",\"@id\":\"https:\/\/abaa.mx\/tienda\/testo-191-t3-registrador-de-datos-de-temperatura-haccp-con-una-sonda-larga-y-flexible\/#breadcrumb\",\"itemListElement\":[{\"@type\":\"ListItem\",\"position\":1,\"name\":\"Inicio\",\"item\":\"https:\/\/abaa.mx\/tienda\/\"},{\"@type\":\"ListItem\",\"position\":2,\"name\":\"Tienda\",\"item\":\"https:\/\/abaa.mx\/tienda\/\"},{\"@type\":\"ListItem\",\"position\":3,\"name\":\"Testo 191-T3 &#8211; Registrador de datos de temperatura HACCP con una sonda larga y flexible\"}]},{\"@type\":\"WebSite\",\"@id\":\"https:\/\/abaa.mx\/tienda\/#website\",\"url\":\"https:\/\/abaa.mx\/tienda\/\",\"name\":\"Abaa tienda online\",\"description\":\"Instrumentos de medici\u00f3n\",\"publisher\":{\"@id\":\"https:\/\/abaa.mx\/tienda\/#organization\"},\"potentialAction\":[{\"@type\":\"SearchAction\",\"target\":{\"@type\":\"EntryPoint\",\"urlTemplate\":\"https:\/\/abaa.mx\/tienda\/?s={search_term_string}\"},\"query-input\":{\"@type\":\"PropertyValueSpecification\",\"valueRequired\":true,\"valueName\":\"search_term_string\"}}],\"inLanguage\":\"es\"},{\"@type\":\"Organization\",\"@id\":\"https:\/\/abaa.mx\/tienda\/#organization\",\"name\":\"Abaa tienda online\",\"url\":\"https:\/\/abaa.mx\/tienda\/\",\"logo\":{\"@type\":\"ImageObject\",\"inLanguage\":\"es\",\"@id\":\"https:\/\/abaa.mx\/tienda\/#\/schema\/logo\/image\/\",\"url\":\"https:\/\/abaa.mx\/tienda\/wp-content\/uploads\/2024\/01\/abaa-metrologia-tienda.png\",\"contentUrl\":\"https:\/\/abaa.mx\/tienda\/wp-content\/uploads\/2024\/01\/abaa-metrologia-tienda.png\",\"width\":300,\"height\":141,\"caption\":\"Abaa tienda online\"},\"image\":{\"@id\":\"https:\/\/abaa.mx\/tienda\/#\/schema\/logo\/image\/\"}}]}<\/script>\n<!-- \/ Yoast SEO plugin. -->","yoast_head_json":{"title":"Testo 191-T3 - Registrador de datos de temperatura HACCP con una sonda larga y flexible - Abaa tienda online","robots":{"index":"index","follow":"follow","max-snippet":"max-snippet:-1","max-image-preview":"max-image-preview:large","max-video-preview":"max-video-preview:-1"},"canonical":"https:\/\/abaa.mx\/tienda\/testo-191-t3-registrador-de-datos-de-temperatura-haccp-con-una-sonda-larga-y-flexible\/","og_locale":"es_MX","og_type":"article","og_title":"Testo 191-T3 - Registrador de datos de temperatura HACCP con una sonda larga y flexible - Abaa tienda online","og_description":"La pasteurizaci\u00f3n, la esterilizaci\u00f3n y la liofilizaci\u00f3n son procesos fundamentales en la producci\u00f3n de alimentos para incrementar la caducidad de los alimentos. Estos procesos est\u00e1n sujetos a las m\u00e1s altas exigencias hacia la tecnolog\u00eda de medici\u00f3n utilizada.  Nuestro registrador de datos de temperatura HACCP fiable y robusto le apoya para vigilar estos procesos de forma eficiente.","og_url":"https:\/\/abaa.mx\/tienda\/testo-191-t3-registrador-de-datos-de-temperatura-haccp-con-una-sonda-larga-y-flexible\/","og_site_name":"Abaa tienda online","article_modified_time":"2023-11-15T19:42:41+00:00","og_image":[{"width":750,"height":750,"url":"https:\/\/abaa.mx\/tienda\/wp-content\/uploads\/2023\/09\/testo-191-t3-1.jpg","type":"image\/jpeg"}],"twitter_card":"summary_large_image","twitter_misc":{"Tiempo de lectura":"4 minutos"},"schema":{"@context":"https:\/\/schema.org","@graph":[{"@type":"WebPage","@id":"https:\/\/abaa.mx\/tienda\/testo-191-t3-registrador-de-datos-de-temperatura-haccp-con-una-sonda-larga-y-flexible\/","url":"https:\/\/abaa.mx\/tienda\/testo-191-t3-registrador-de-datos-de-temperatura-haccp-con-una-sonda-larga-y-flexible\/","name":"Testo 191-T3 - Registrador de datos de temperatura HACCP con una sonda larga y flexible - Abaa tienda online","isPartOf":{"@id":"https:\/\/abaa.mx\/tienda\/#website"},"primaryImageOfPage":{"@id":"https:\/\/abaa.mx\/tienda\/testo-191-t3-registrador-de-datos-de-temperatura-haccp-con-una-sonda-larga-y-flexible\/#primaryimage"},"image":{"@id":"https:\/\/abaa.mx\/tienda\/testo-191-t3-registrador-de-datos-de-temperatura-haccp-con-una-sonda-larga-y-flexible\/#primaryimage"},"thumbnailUrl":"https:\/\/abaa.mx\/tienda\/wp-content\/uploads\/2023\/09\/testo-191-t3-1.jpg","datePublished":"2023-09-15T19:44:41+00:00","dateModified":"2023-11-15T19:42:41+00:00","breadcrumb":{"@id":"https:\/\/abaa.mx\/tienda\/testo-191-t3-registrador-de-datos-de-temperatura-haccp-con-una-sonda-larga-y-flexible\/#breadcrumb"},"inLanguage":"es","potentialAction":[{"@type":"ReadAction","target":["https:\/\/abaa.mx\/tienda\/testo-191-t3-registrador-de-datos-de-temperatura-haccp-con-una-sonda-larga-y-flexible\/"]}]},{"@type":"ImageObject","inLanguage":"es","@id":"https:\/\/abaa.mx\/tienda\/testo-191-t3-registrador-de-datos-de-temperatura-haccp-con-una-sonda-larga-y-flexible\/#primaryimage","url":"https:\/\/abaa.mx\/tienda\/wp-content\/uploads\/2023\/09\/testo-191-t3-1.jpg","contentUrl":"https:\/\/abaa.mx\/tienda\/wp-content\/uploads\/2023\/09\/testo-191-t3-1.jpg","width":750,"height":750,"caption":"testo 191-t3"},{"@type":"BreadcrumbList","@id":"https:\/\/abaa.mx\/tienda\/testo-191-t3-registrador-de-datos-de-temperatura-haccp-con-una-sonda-larga-y-flexible\/#breadcrumb","itemListElement":[{"@type":"ListItem","position":1,"name":"Inicio","item":"https:\/\/abaa.mx\/tienda\/"},{"@type":"ListItem","position":2,"name":"Tienda","item":"https:\/\/abaa.mx\/tienda\/"},{"@type":"ListItem","position":3,"name":"Testo 191-T3 &#8211; Registrador de datos de temperatura HACCP con una sonda larga y flexible"}]},{"@type":"WebSite","@id":"https:\/\/abaa.mx\/tienda\/#website","url":"https:\/\/abaa.mx\/tienda\/","name":"Abaa tienda online","description":"Instrumentos de medici\u00f3n","publisher":{"@id":"https:\/\/abaa.mx\/tienda\/#organization"},"potentialAction":[{"@type":"SearchAction","target":{"@type":"EntryPoint","urlTemplate":"https:\/\/abaa.mx\/tienda\/?s={search_term_string}"},"query-input":{"@type":"PropertyValueSpecification","valueRequired":true,"valueName":"search_term_string"}}],"inLanguage":"es"},{"@type":"Organization","@id":"https:\/\/abaa.mx\/tienda\/#organization","name":"Abaa tienda online","url":"https:\/\/abaa.mx\/tienda\/","logo":{"@type":"ImageObject","inLanguage":"es","@id":"https:\/\/abaa.mx\/tienda\/#\/schema\/logo\/image\/","url":"https:\/\/abaa.mx\/tienda\/wp-content\/uploads\/2024\/01\/abaa-metrologia-tienda.png","contentUrl":"https:\/\/abaa.mx\/tienda\/wp-content\/uploads\/2024\/01\/abaa-metrologia-tienda.png","width":300,"height":141,"caption":"Abaa tienda online"},"image":{"@id":"https:\/\/abaa.mx\/tienda\/#\/schema\/logo\/image\/"}}]}},"_links":{"self":[{"href":"https:\/\/abaa.mx\/tienda\/wp-json\/wp\/v2\/product\/1769","targetHints":{"allow":["GET"]}}],"collection":[{"href":"https:\/\/abaa.mx\/tienda\/wp-json\/wp\/v2\/product"}],"about":[{"href":"https:\/\/abaa.mx\/tienda\/wp-json\/wp\/v2\/types\/product"}],"replies":[{"embeddable":true,"href":"https:\/\/abaa.mx\/tienda\/wp-json\/wp\/v2\/comments?post=1769"}],"wp:featuredmedia":[{"embeddable":true,"href":"https:\/\/abaa.mx\/tienda\/wp-json\/wp\/v2\/media\/8930"}],"wp:attachment":[{"href":"https:\/\/abaa.mx\/tienda\/wp-json\/wp\/v2\/media?parent=1769"}],"wp:term":[{"taxonomy":"product_brand","embeddable":true,"href":"https:\/\/abaa.mx\/tienda\/wp-json\/wp\/v2\/product_brand?post=1769"},{"taxonomy":"product_cat","embeddable":true,"href":"https:\/\/abaa.mx\/tienda\/wp-json\/wp\/v2\/product_cat?post=1769"},{"taxonomy":"product_tag","embeddable":true,"href":"https:\/\/abaa.mx\/tienda\/wp-json\/wp\/v2\/product_tag?post=1769"}],"curies":[{"name":"wp","href":"https:\/\/api.w.org\/{rel}","templated":true}]}}