{"id":1758,"date":"2023-09-15T19:20:20","date_gmt":"2023-09-15T19:20:20","guid":{"rendered":"https:\/\/abaa.mx\/tienda\/?post_type=product&#038;p=1758"},"modified":"2023-09-15T19:20:21","modified_gmt":"2023-09-15T19:20:21","slug":"flashlink-mini-pdf-in-transit-logger-modelo-31011-31012","status":"publish","type":"product","link":"https:\/\/abaa.mx\/tienda\/flashlink-mini-pdf-in-transit-logger-modelo-31011-31012\/","title":{"rendered":"Flashlink mini pdf in-transit logger Modelo 31011, 31012"},"content":{"rendered":"<h1>Flashlink mini pdf in-transit logger<\/h1>\n<h3><strong>Modelo\u00a031011, 31012<\/strong><\/h3>\n<ul>\n<li>Configuraci\u00f3n de Alarmas Baja\/Alta.<\/li>\n<li>Registrador de temperatura compacto de un solo uso.<\/li>\n<li>Shadow Log garantiza datos de viaje.<\/li>\n<li>Modelo para una duraci\u00f3n de viaje de hasta 42.5 d\u00edas.<\/li>\n<li>No se requiere software para descargar informes.<\/li>\n<li>Conector USB incorporado, sin dispositivo de lectura especial.<\/li>\n<li>Informes PDF y CSV en escalas \u00b0 F y \u00b0 C.<\/li>\n<li>Los datos grabados se escalan autom\u00e1ticamente para ajustarse al gr\u00e1fico completo.<\/li>\n<li><span>Guardar y compartir archivos desde PC o tablet.<\/span><\/li>\n<\/ul>\n<div class=\"prod-top\">\n<div class=\"prod-left\">\n<div class=\"prod-app\"><b>Aplicaciones:<\/b>\u00a0Vacunas, f\u00e1rmacos de ensayos cl\u00ednicos, insulina, productos biol\u00f3gicos y otros productos farmac\u00e9uticos.<\/div>\n<\/div>\n<\/div>\n<div class=\"prod-bottom\">\n<div class=\"prod-desc\">\n<p>Este registrador est\u00e1 dise\u00f1ado para aplicaciones en ciencias biol\u00f3gicas, con intervalos de muestra cada 5 minutos y alarmas preestablecidas, ideal para enviar vacunas, medicamentos de ensayos cl\u00ednicos, insulina, productos biol\u00f3gicos y otros productos farmac\u00e9uticos. El modelo 31011 tiene alarmas bajas\/altas de 2 \u00b0 C \/ 8 \u00b0 C para condiciones de refrigeraci\u00f3n, el modelo 31012 tiene alarmas de 15 \u00b0 C \/ 25 \u00b0 C para productos TAC (temperatura ambiente controlada).<\/p>\n<p>Nuestro registrador plug-and-play de pr\u00f3xima generaci\u00f3n tiene el beneficio adicional de la tecnolog\u00eda Shadow Log, garantizando que los receptores siempre obtengan datos de viaje, incluso si el remitente olvida iniciar la unidad. Este registrador de temperatura compacto de un solo uso tiene un conector USB incorporado y software incorporado, lo que lo hace ideal para env\u00edos de exportaci\u00f3n.<\/p>\n<p>Los receptores de todo el mundo pueden descargar r\u00e1pida y f\u00e1cilmente el historial de viajes grabado sin dispositivos de lectura especiales o instalar software. Los informes PDF y CSV se generan autom\u00e1ticamente con escalas \u00b0 F y \u00b0 C, que incluyen un gr\u00e1fico, an\u00e1lisis de resumen y datos tabulares. Los archivos se comparten, imprimen y guardan convenientemente desde una PC, tableta o tel\u00e9fono inteligente con adaptador y aplicaci\u00f3n Adobe Reader compatible.<\/p>\n<h2 class=\"rl_tabs-title nn_tabs-title\">Modelos<\/h2>\n<table>\n<thead>\n<tr>\n<th>Modelo<\/th>\n<th>31011<\/th>\n<th>31012<\/th>\n<\/tr>\n<\/thead>\n<tbody>\n<tr>\n<td>Configuraci\u00f3n de Alarmas Baja\/Alta<\/td>\n<td>2\u00b0C\/8\u00b0C<\/td>\n<td>15\u00b0C\/25\u00b0C<\/td>\n<\/tr>\n<tr>\n<td>Frecuencia de Muestreo<\/td>\n<td>5 Minutos<\/td>\n<td>5 Minutos<\/td>\n<\/tr>\n<tr>\n<td>Capacidad de Datos<\/td>\n<td>12,288\u00a0puntos de datos<\/td>\n<td>12,288\u00a0puntos de datos<\/td>\n<\/tr>\n<tr>\n<td>Duraci\u00f3n de Viaje<\/td>\n<td>42.5 d\u00edas<\/td>\n<td>42.5 d\u00edas<\/td>\n<\/tr>\n<tr>\n<td>Escala de Temperatura<\/td>\n<td>\u00b0F \/ \u00b0C<\/td>\n<td>\u00b0F \/ \u00b0C<\/td>\n<\/tr>\n<\/tbody>\n<\/table>\n<p>&nbsp;<\/p>\n<table>\n<caption><span>Registrador en tr\u00e1nsito FlashLink Mini PDF, modelo 31011, 31012<\/span><\/caption>\n<thead>\n<tr>\n<th>Caracter\u00edstica<\/th>\n<th>Especificaci\u00f3n<\/th>\n<\/tr>\n<\/thead>\n<tfoot>\n<tr>\n<td colspan=\"2\"><\/td>\n<\/tr>\n<\/tfoot>\n<tbody>\n<tr>\n<td>Rango de Medici\u00f3n<\/td>\n<td>-40\u00b0F a 188.6\u00b0F (-40\u00b0C a 87\u00b0C)<\/td>\n<\/tr>\n<tr>\n<td>Precisi\u00f3n<\/td>\n<td>\u00b11.0\u00b0F de -4\u00b0F a 14\u00b0F (\u00b10.5\u00b0C de -20\u00b0C a -10\u00b0C) \u00b10.6\u00b0F de 14\u00b0F a 50\u00b0F (\u00b10.3\u00b0C de -10\u00b0C a 10\u00b0C) \u00b11.0\u00b0F de 50\u00b0F a 77\u00b0F (\u00b10.5\u00b0C de 10\u00b0C a 25\u00b0C) \u00b11.8\u00b0F si &lt; -4\u00b0F o &gt; 77\u00b0F (\u00b11.0\u00b0C si &lt; -20\u00b0C o &gt; 25\u00b0C)<\/td>\n<\/tr>\n<tr>\n<td>Tiempo de Descarga de Datos<\/td>\n<td>T\u00edpicos 30 segundos<\/td>\n<\/tr>\n<tr>\n<td>Programable de F\u00e1brica<\/td>\n<td>Niveles alto y bajo en todo el rango<\/td>\n<\/tr>\n<tr>\n<td>Inicio Atrasado<\/td>\n<td>30 minutos<\/td>\n<\/tr>\n<tr>\n<td>Bater\u00eda<\/td>\n<td>Bater\u00eda de celda de moneda<\/td>\n<\/tr>\n<tr>\n<td>Dimensiones<\/td>\n<td>1.858 pulgadas x 3.071 pulgadas x 0.402 pulgadas (47.2 mm x 78 mm x 10.2 mm)<\/td>\n<\/tr>\n<tr>\n<td>Peso<\/td>\n<td>0.854 onzas (24,2 gramos) \/ TD&gt;<\/td>\n<\/tr>\n<tr>\n<td>Duraci\u00f3n<\/td>\n<td>18 Meses<\/td>\n<\/tr>\n<tr>\n<td>Certificaci\u00f3n<\/td>\n<td>RTCA\/DO-160G Sect 21.5, Marca CE, calibraci\u00f3n trazable a NIST, compatible con RoHS<\/td>\n<\/tr>\n<tr>\n<td>Pantalla<\/td>\n<td>LED Verde y Rojo<\/td>\n<\/tr>\n<tr>\n<td>Calificaci\u00f3n impermeable<\/td>\n<td>IP54 con tapa de silicona<\/td>\n<\/tr>\n<tr>\n<td>Condiciones de Almacenaje<\/td>\n<td>-4 \u00b0 F a 122 \u00b0 F (-20 \u00b0 C a 50 \u00b0 C) 0% a 95% HR sin condensaci\u00f3n<\/td>\n<\/tr>\n<tr>\n<td>Requisitos de\u00a0Sistema<\/td>\n<td>PC con Windows con sistema operativo actual, Adobe Reader<\/td>\n<\/tr>\n<tr>\n<td>Requisitos de Descarga<\/td>\n<td>Conexi\u00f3n USB directa a PC, tableta o impresorar<\/td>\n<\/tr>\n<\/tbody>\n<\/table>\n<\/div>\n<\/div>\n","protected":false},"excerpt":{"rendered":"<h3><strong>Caracter\u00edsticas\u00a0<\/strong><\/h3>\n<ul>\n<li>Configuraci\u00f3n de Alarmas Baja\/Alta.<\/li>\n<li>Registrador de temperatura compacto de un solo uso.<\/li>\n<li>Shadow Log garantiza datos de viaje.<\/li>\n<li>Modelo para una duraci\u00f3n de viaje de hasta 42.5 d\u00edas.<\/li>\n<li>No se requiere software para descargar informes.<\/li>\n<li>Conector USB incorporado, sin dispositivo de lectura especial.<\/li>\n<li>Informes PDF y CSV en escalas \u00b0 F y \u00b0 C.<\/li>\n<li>Los datos grabados se escalan autom\u00e1ticamente para ajustarse al gr\u00e1fico completo.<\/li>\n<li><span>Guardar y compartir archivos desde PC o tablet.<\/span><\/li>\n<\/ul>\n","protected":false},"featured_media":1760,"comment_status":"open","ping_status":"closed","template":"","meta":{"_joinchat":[]},"product_brand":[],"product_cat":[15],"product_tag":[],"class_list":{"0":"post-1758","1":"product","2":"type-product","3":"status-publish","4":"has-post-thumbnail","6":"product_cat-sin-categorizar","8":"first","9":"instock","10":"shipping-taxable","11":"product-type-simple"},"yoast_head":"<!-- This site is optimized with the Yoast SEO plugin v26.4 - https:\/\/yoast.com\/wordpress\/plugins\/seo\/ -->\n<title>Flashlink mini pdf in-transit logger Modelo 31011, 31012 - Abaa tienda online<\/title>\n<meta name=\"robots\" content=\"index, follow, max-snippet:-1, max-image-preview:large, max-video-preview:-1\" \/>\n<link rel=\"canonical\" href=\"https:\/\/abaa.mx\/tienda\/flashlink-mini-pdf-in-transit-logger-modelo-31011-31012\/\" \/>\n<meta property=\"og:locale\" content=\"es_MX\" \/>\n<meta property=\"og:type\" content=\"article\" \/>\n<meta property=\"og:title\" content=\"Flashlink mini pdf in-transit logger Modelo 31011, 31012 - Abaa tienda online\" \/>\n<meta property=\"og:description\" content=\"Caracter\u00edsticas\u00a0   Configuraci\u00f3n de Alarmas Baja\/Alta.  Registrador de temperatura compacto de un solo uso.  Shadow Log garantiza datos de viaje.  Modelo para una duraci\u00f3n de viaje de hasta 42.5 d\u00edas.  No se requiere software para descargar informes.  Conector USB incorporado, sin dispositivo de lectura especial.  Informes PDF y CSV en escalas \u00b0 F y \u00b0 C.  Los datos grabados se escalan autom\u00e1ticamente para ajustarse al gr\u00e1fico completo.  Guardar y compartir archivos desde PC o tablet.\" \/>\n<meta property=\"og:url\" content=\"https:\/\/abaa.mx\/tienda\/flashlink-mini-pdf-in-transit-logger-modelo-31011-31012\/\" \/>\n<meta property=\"og:site_name\" content=\"Abaa tienda online\" \/>\n<meta property=\"article:modified_time\" content=\"2023-09-15T19:20:21+00:00\" \/>\n<meta property=\"og:image\" content=\"https:\/\/abaa.mx\/tienda\/wp-content\/uploads\/2023\/09\/31011-31012.jpg\" \/>\n\t<meta property=\"og:image:width\" content=\"474\" \/>\n\t<meta property=\"og:image:height\" content=\"298\" \/>\n\t<meta property=\"og:image:type\" content=\"image\/jpeg\" \/>\n<meta name=\"twitter:card\" content=\"summary_large_image\" \/>\n<meta name=\"twitter:label1\" content=\"Tiempo de lectura\" \/>\n\t<meta name=\"twitter:data1\" content=\"3 minutos\" \/>\n<script type=\"application\/ld+json\" class=\"yoast-schema-graph\">{\"@context\":\"https:\/\/schema.org\",\"@graph\":[{\"@type\":\"WebPage\",\"@id\":\"https:\/\/abaa.mx\/tienda\/flashlink-mini-pdf-in-transit-logger-modelo-31011-31012\/\",\"url\":\"https:\/\/abaa.mx\/tienda\/flashlink-mini-pdf-in-transit-logger-modelo-31011-31012\/\",\"name\":\"Flashlink mini pdf in-transit logger Modelo 31011, 31012 - Abaa tienda online\",\"isPartOf\":{\"@id\":\"https:\/\/abaa.mx\/tienda\/#website\"},\"primaryImageOfPage\":{\"@id\":\"https:\/\/abaa.mx\/tienda\/flashlink-mini-pdf-in-transit-logger-modelo-31011-31012\/#primaryimage\"},\"image\":{\"@id\":\"https:\/\/abaa.mx\/tienda\/flashlink-mini-pdf-in-transit-logger-modelo-31011-31012\/#primaryimage\"},\"thumbnailUrl\":\"https:\/\/abaa.mx\/tienda\/wp-content\/uploads\/2023\/09\/31011-31012.jpg\",\"datePublished\":\"2023-09-15T19:20:20+00:00\",\"dateModified\":\"2023-09-15T19:20:21+00:00\",\"breadcrumb\":{\"@id\":\"https:\/\/abaa.mx\/tienda\/flashlink-mini-pdf-in-transit-logger-modelo-31011-31012\/#breadcrumb\"},\"inLanguage\":\"es\",\"potentialAction\":[{\"@type\":\"ReadAction\",\"target\":[\"https:\/\/abaa.mx\/tienda\/flashlink-mini-pdf-in-transit-logger-modelo-31011-31012\/\"]}]},{\"@type\":\"ImageObject\",\"inLanguage\":\"es\",\"@id\":\"https:\/\/abaa.mx\/tienda\/flashlink-mini-pdf-in-transit-logger-modelo-31011-31012\/#primaryimage\",\"url\":\"https:\/\/abaa.mx\/tienda\/wp-content\/uploads\/2023\/09\/31011-31012.jpg\",\"contentUrl\":\"https:\/\/abaa.mx\/tienda\/wp-content\/uploads\/2023\/09\/31011-31012.jpg\",\"width\":474,\"height\":298,\"caption\":\"flashlink-mini-pdf-in-transit-logger-modelo-31011-31012\"},{\"@type\":\"BreadcrumbList\",\"@id\":\"https:\/\/abaa.mx\/tienda\/flashlink-mini-pdf-in-transit-logger-modelo-31011-31012\/#breadcrumb\",\"itemListElement\":[{\"@type\":\"ListItem\",\"position\":1,\"name\":\"Inicio\",\"item\":\"https:\/\/abaa.mx\/tienda\/\"},{\"@type\":\"ListItem\",\"position\":2,\"name\":\"Tienda\",\"item\":\"https:\/\/abaa.mx\/tienda\/\"},{\"@type\":\"ListItem\",\"position\":3,\"name\":\"Flashlink mini pdf in-transit logger Modelo 31011, 31012\"}]},{\"@type\":\"WebSite\",\"@id\":\"https:\/\/abaa.mx\/tienda\/#website\",\"url\":\"https:\/\/abaa.mx\/tienda\/\",\"name\":\"Abaa tienda online\",\"description\":\"Instrumentos de medici\u00f3n\",\"publisher\":{\"@id\":\"https:\/\/abaa.mx\/tienda\/#organization\"},\"potentialAction\":[{\"@type\":\"SearchAction\",\"target\":{\"@type\":\"EntryPoint\",\"urlTemplate\":\"https:\/\/abaa.mx\/tienda\/?s={search_term_string}\"},\"query-input\":{\"@type\":\"PropertyValueSpecification\",\"valueRequired\":true,\"valueName\":\"search_term_string\"}}],\"inLanguage\":\"es\"},{\"@type\":\"Organization\",\"@id\":\"https:\/\/abaa.mx\/tienda\/#organization\",\"name\":\"Abaa tienda online\",\"url\":\"https:\/\/abaa.mx\/tienda\/\",\"logo\":{\"@type\":\"ImageObject\",\"inLanguage\":\"es\",\"@id\":\"https:\/\/abaa.mx\/tienda\/#\/schema\/logo\/image\/\",\"url\":\"https:\/\/abaa.mx\/tienda\/wp-content\/uploads\/2024\/01\/abaa-metrologia-tienda.png\",\"contentUrl\":\"https:\/\/abaa.mx\/tienda\/wp-content\/uploads\/2024\/01\/abaa-metrologia-tienda.png\",\"width\":300,\"height\":141,\"caption\":\"Abaa tienda online\"},\"image\":{\"@id\":\"https:\/\/abaa.mx\/tienda\/#\/schema\/logo\/image\/\"}}]}<\/script>\n<!-- \/ Yoast SEO plugin. -->","yoast_head_json":{"title":"Flashlink mini pdf in-transit logger Modelo 31011, 31012 - Abaa tienda online","robots":{"index":"index","follow":"follow","max-snippet":"max-snippet:-1","max-image-preview":"max-image-preview:large","max-video-preview":"max-video-preview:-1"},"canonical":"https:\/\/abaa.mx\/tienda\/flashlink-mini-pdf-in-transit-logger-modelo-31011-31012\/","og_locale":"es_MX","og_type":"article","og_title":"Flashlink mini pdf in-transit logger Modelo 31011, 31012 - Abaa tienda online","og_description":"Caracter\u00edsticas\u00a0   Configuraci\u00f3n de Alarmas Baja\/Alta.  Registrador de temperatura compacto de un solo uso.  Shadow Log garantiza datos de viaje.  Modelo para una duraci\u00f3n de viaje de hasta 42.5 d\u00edas.  No se requiere software para descargar informes.  Conector USB incorporado, sin dispositivo de lectura especial.  Informes PDF y CSV en escalas \u00b0 F y \u00b0 C.  Los datos grabados se escalan autom\u00e1ticamente para ajustarse al gr\u00e1fico completo.  Guardar y compartir archivos desde PC o tablet.","og_url":"https:\/\/abaa.mx\/tienda\/flashlink-mini-pdf-in-transit-logger-modelo-31011-31012\/","og_site_name":"Abaa tienda online","article_modified_time":"2023-09-15T19:20:21+00:00","og_image":[{"width":474,"height":298,"url":"https:\/\/abaa.mx\/tienda\/wp-content\/uploads\/2023\/09\/31011-31012.jpg","type":"image\/jpeg"}],"twitter_card":"summary_large_image","twitter_misc":{"Tiempo de lectura":"3 minutos"},"schema":{"@context":"https:\/\/schema.org","@graph":[{"@type":"WebPage","@id":"https:\/\/abaa.mx\/tienda\/flashlink-mini-pdf-in-transit-logger-modelo-31011-31012\/","url":"https:\/\/abaa.mx\/tienda\/flashlink-mini-pdf-in-transit-logger-modelo-31011-31012\/","name":"Flashlink mini pdf in-transit logger Modelo 31011, 31012 - Abaa tienda online","isPartOf":{"@id":"https:\/\/abaa.mx\/tienda\/#website"},"primaryImageOfPage":{"@id":"https:\/\/abaa.mx\/tienda\/flashlink-mini-pdf-in-transit-logger-modelo-31011-31012\/#primaryimage"},"image":{"@id":"https:\/\/abaa.mx\/tienda\/flashlink-mini-pdf-in-transit-logger-modelo-31011-31012\/#primaryimage"},"thumbnailUrl":"https:\/\/abaa.mx\/tienda\/wp-content\/uploads\/2023\/09\/31011-31012.jpg","datePublished":"2023-09-15T19:20:20+00:00","dateModified":"2023-09-15T19:20:21+00:00","breadcrumb":{"@id":"https:\/\/abaa.mx\/tienda\/flashlink-mini-pdf-in-transit-logger-modelo-31011-31012\/#breadcrumb"},"inLanguage":"es","potentialAction":[{"@type":"ReadAction","target":["https:\/\/abaa.mx\/tienda\/flashlink-mini-pdf-in-transit-logger-modelo-31011-31012\/"]}]},{"@type":"ImageObject","inLanguage":"es","@id":"https:\/\/abaa.mx\/tienda\/flashlink-mini-pdf-in-transit-logger-modelo-31011-31012\/#primaryimage","url":"https:\/\/abaa.mx\/tienda\/wp-content\/uploads\/2023\/09\/31011-31012.jpg","contentUrl":"https:\/\/abaa.mx\/tienda\/wp-content\/uploads\/2023\/09\/31011-31012.jpg","width":474,"height":298,"caption":"flashlink-mini-pdf-in-transit-logger-modelo-31011-31012"},{"@type":"BreadcrumbList","@id":"https:\/\/abaa.mx\/tienda\/flashlink-mini-pdf-in-transit-logger-modelo-31011-31012\/#breadcrumb","itemListElement":[{"@type":"ListItem","position":1,"name":"Inicio","item":"https:\/\/abaa.mx\/tienda\/"},{"@type":"ListItem","position":2,"name":"Tienda","item":"https:\/\/abaa.mx\/tienda\/"},{"@type":"ListItem","position":3,"name":"Flashlink mini pdf in-transit logger Modelo 31011, 31012"}]},{"@type":"WebSite","@id":"https:\/\/abaa.mx\/tienda\/#website","url":"https:\/\/abaa.mx\/tienda\/","name":"Abaa tienda online","description":"Instrumentos de medici\u00f3n","publisher":{"@id":"https:\/\/abaa.mx\/tienda\/#organization"},"potentialAction":[{"@type":"SearchAction","target":{"@type":"EntryPoint","urlTemplate":"https:\/\/abaa.mx\/tienda\/?s={search_term_string}"},"query-input":{"@type":"PropertyValueSpecification","valueRequired":true,"valueName":"search_term_string"}}],"inLanguage":"es"},{"@type":"Organization","@id":"https:\/\/abaa.mx\/tienda\/#organization","name":"Abaa tienda online","url":"https:\/\/abaa.mx\/tienda\/","logo":{"@type":"ImageObject","inLanguage":"es","@id":"https:\/\/abaa.mx\/tienda\/#\/schema\/logo\/image\/","url":"https:\/\/abaa.mx\/tienda\/wp-content\/uploads\/2024\/01\/abaa-metrologia-tienda.png","contentUrl":"https:\/\/abaa.mx\/tienda\/wp-content\/uploads\/2024\/01\/abaa-metrologia-tienda.png","width":300,"height":141,"caption":"Abaa tienda online"},"image":{"@id":"https:\/\/abaa.mx\/tienda\/#\/schema\/logo\/image\/"}}]}},"_links":{"self":[{"href":"https:\/\/abaa.mx\/tienda\/wp-json\/wp\/v2\/product\/1758","targetHints":{"allow":["GET"]}}],"collection":[{"href":"https:\/\/abaa.mx\/tienda\/wp-json\/wp\/v2\/product"}],"about":[{"href":"https:\/\/abaa.mx\/tienda\/wp-json\/wp\/v2\/types\/product"}],"replies":[{"embeddable":true,"href":"https:\/\/abaa.mx\/tienda\/wp-json\/wp\/v2\/comments?post=1758"}],"wp:featuredmedia":[{"embeddable":true,"href":"https:\/\/abaa.mx\/tienda\/wp-json\/wp\/v2\/media\/1760"}],"wp:attachment":[{"href":"https:\/\/abaa.mx\/tienda\/wp-json\/wp\/v2\/media?parent=1758"}],"wp:term":[{"taxonomy":"product_brand","embeddable":true,"href":"https:\/\/abaa.mx\/tienda\/wp-json\/wp\/v2\/product_brand?post=1758"},{"taxonomy":"product_cat","embeddable":true,"href":"https:\/\/abaa.mx\/tienda\/wp-json\/wp\/v2\/product_cat?post=1758"},{"taxonomy":"product_tag","embeddable":true,"href":"https:\/\/abaa.mx\/tienda\/wp-json\/wp\/v2\/product_tag?post=1758"}],"curies":[{"name":"wp","href":"https:\/\/api.w.org\/{rel}","templated":true}]}}