{"id":1756,"date":"2023-09-15T19:12:43","date_gmt":"2023-09-15T19:12:43","guid":{"rendered":"https:\/\/abaa.mx\/tienda\/?post_type=product&#038;p=1756"},"modified":"2023-09-15T19:12:44","modified_gmt":"2023-09-15T19:12:44","slug":"flashlink-mini-pdf-in-transit-logger-modelo-31010","status":"publish","type":"product","link":"https:\/\/abaa.mx\/tienda\/flashlink-mini-pdf-in-transit-logger-modelo-31010\/","title":{"rendered":"Flashlink mini pdf in-transit logger Modelo 31010"},"content":{"rendered":"<h1>Flashlink\u00a0mini pdf in-transit logger<\/h1>\n<h3><strong>Modelo\u00a031010<\/strong><\/h3>\n<ul>\n<li>Registrador de temperatura compacto de un solo uso<\/li>\n<li>Shadow Log garantiza datos de viaje.<\/li>\n<li>Un modelo para una duraci\u00f3n de viaje de hasta 85 d\u00edas.<\/li>\n<li>No se requiere software para descargar informes.<\/li>\n<li>Conector USB incorporado, sin dispositivo de lectura especial<\/li>\n<li>Informes PDF y CSV en escalas \u00b0 F y \u00b0 C.<\/li>\n<li>Datos grabados se escalan autom\u00e1ticamente para ajustarse al gr\u00e1fico completo.<\/li>\n<li>Guardar y compartir archivos desde PC o tablet.<\/li>\n<\/ul>\n<p>Nuestro registrador plug-and-play de \u00faltima generaci\u00f3n tiene el beneficio adicional de la tecnolog\u00eda Shadow Log, garantizando que los receptores siempre obtengan datos de viaje, incluso si el remitente olvida iniciar la unidad. Este registrador de temperatura compacto de un solo uso tiene un conector USB y software incorporado, lo que lo hace ideal para env\u00edos de exportaci\u00f3n.<\/p>\n<p>Los receptores de todo el mundo pueden descargar r\u00e1pida y f\u00e1cilmente Los informes PDF y CSV se generan autom\u00e1ticamente con escalas \u00b0 F y \u00b0 C, que incluyen un gr\u00e1fico, an\u00e1lisis de resumen y datos tabulares. Los archivos se comparten, imprimen y guardan convenientemente desde una PC, tableta o tel\u00e9fono inteligente y son compatibles con la aplicaci\u00f3n Adobe Reader.<\/p>\n<p>Un modelo adecuado para rutas nacionales y operaciones de importaci\u00f3n\/exportaci\u00f3n, para todos los modos de transporte: a\u00e9reo, cami\u00f3n, ferrocarril o contenedor mar\u00edtimo. Los expedidores simplifican la gesti\u00f3n del inventario del registrador sin tener que almacenar m\u00faltiples modelos de varias duraciones de registro. Los datos grabados se escalan a un gr\u00e1fico en un informe PDF de una p\u00e1gina, lo que significa que los per\u00edodos de registro m\u00e1s cortos se muestran con alta resoluci\u00f3n como un gr\u00e1fico completo.<\/p>\n<h2 class=\"rl_tabs-title nn_tabs-title\"><span>Modelos<\/span><\/h2>\n<table>\n<thead>\n<tr>\n<th>Modelo<\/th>\n<th>31010<\/th>\n<\/tr>\n<\/thead>\n<tbody>\n<tr>\n<td>Configuraci\u00f3n de Alarma Baja \/ Alta<\/td>\n<td>Ninguno<\/td>\n<\/tr>\n<tr>\n<td>Frecuencia de Muestreo<\/td>\n<td>10 Minutos<\/td>\n<\/tr>\n<tr>\n<td>Capacidad de Datos<\/td>\n<td>12,288\u00a0 puntos de datos<\/td>\n<\/tr>\n<tr>\n<td>Duraci\u00f3n de Viaje<\/td>\n<td>85 D\u00edas<\/td>\n<\/tr>\n<tr>\n<td>Escala de Temperatura<\/td>\n<td>\u00b0F \/ \u00b0C<\/td>\n<\/tr>\n<\/tbody>\n<\/table>\n<p>&nbsp;<\/p>\n<table>\n<caption><span>Registrador en tr\u00e1nsito FlashLink Mini PDF, modelo 31010<\/span><\/caption>\n<thead>\n<tr>\n<th>Caracter\u00edstica<\/th>\n<th>Especificaci\u00f3n<\/th>\n<\/tr>\n<\/thead>\n<tfoot>\n<tr>\n<td colspan=\"2\"><\/td>\n<\/tr>\n<\/tfoot>\n<tbody>\n<tr>\n<td>Rango de Medici\u00f3n<\/td>\n<td>-40\u00b0F A 140\u00b0F (-40\u00b0C A 60\u00b0C)<\/td>\n<\/tr>\n<tr>\n<td>Precisi\u00f3n<\/td>\n<td>\u00b11.0\u00b0F de -4\u00b0F a 14\u00b0F (\u00b10.5\u00b0C de -20\u00b0C a -10\u00b0C) \u00b10.6\u00b0F de 14\u00b0F a 50\u00b0F (\u00b10.3\u00b0C de -10\u00b0C a 10\u00b0C) \u00b11.0\u00b0F de 50\u00b0F a 77\u00b0F (\u00b10.5\u00b0C de 5\u00b0C a 25\u00b0C) \u00b11.8\u00b0F si &lt; -4\u00b0F a &gt; 77\u00b0F (\u00b11.0\u00b0C si &lt; -20\u00b0C a &gt; 25\u00b0C)<\/td>\n<\/tr>\n<tr>\n<td>Tiempo de Descarga de Datos<\/td>\n<td>t\u00edpico 5\u00a0segundos<\/td>\n<\/tr>\n<tr>\n<td>Programable de F\u00e1brica<\/td>\n<td>Niveles Alto y Bajo en todo el rango<\/td>\n<\/tr>\n<tr>\n<td>Inicio Diferido<\/td>\n<td>30 minutos<\/td>\n<\/tr>\n<tr>\n<td>Bater\u00eda<\/td>\n<td>Bater\u00eda de Celda de Moneda<\/td>\n<\/tr>\n<tr>\n<td>Dimensiones<\/td>\n<td>1.858 pulgadas x 3.071 pulgadas x 0.402 pulgadas (47.2 mm x 78 mm x 10.2 mm)<\/td>\n<\/tr>\n<tr>\n<td>Peso<\/td>\n<td>0.854 onzas (24,2 gramos) \/ TD&gt;<\/td>\n<\/tr>\n<tr>\n<td>Vida \u00fatil<\/td>\n<td>18 Meses<\/td>\n<\/tr>\n<tr>\n<td>Certificaci\u00f3n<\/td>\n<td>RTCA\/DO-160G Sect 21.5, Marca CE, calibraci\u00f3n rastreable a NIST, RoHS compatible<\/td>\n<\/tr>\n<tr>\n<td>Pantalla<\/td>\n<td>\n<span>LED Verde y Rojo<\/span><\/td>\n<\/tr>\n<tr>\n<td>Calificaci\u00f3n Impermeable<\/td>\n<td>IP54 con tapa de silicona<\/td>\n<\/tr>\n<tr>\n<td>Condiciones de Almacenamiento<\/td>\n<td>-4 \u00b0 F a 122 \u00b0 F (-20 \u00b0 C a 50 \u00b0 C) 0% a 95% HR sin condensaci\u00f3n<\/td>\n<\/tr>\n<tr>\n<td>Requerimientos del Sistema<\/td>\n<td>PC con Windows con sistema operativo actual, Adobe Reader<\/td>\n<\/tr>\n<tr>\n<td>Requisitos de Descarga<\/td>\n<td>Conexi\u00f3n USB directa a PC, tableta o impresora<\/td>\n<\/tr>\n<\/tbody>\n<\/table>\n","protected":false},"excerpt":{"rendered":"<h3><strong>Caracter\u00edsticas\u00a0<\/strong><\/h3>\n<ul>\n<li>Registrador de temperatura compacto de un solo uso.<\/li>\n<li>Shadow Log garantiza datos de viaje.<\/li>\n<li>Un modelo para una duraci\u00f3n de viaje de hasta 85 d\u00edas.<\/li>\n<li>No se requiere software para descargar informes.<\/li>\n<li>Conector USB incorporado, sin dispositivo de lectura especial.<\/li>\n<li>Informes PDF y CSV en escalas \u00b0 F y \u00b0 C.<\/li>\n<li>Datos grabados se escalan autom\u00e1ticamente para ajustarse al gr\u00e1fico completo.<\/li>\n<li>Guardar y compartir archivos desde PC o tablet.<\/li>\n<\/ul>\n","protected":false},"featured_media":1757,"comment_status":"open","ping_status":"closed","template":"","meta":{"_joinchat":[]},"product_brand":[],"product_cat":[15],"product_tag":[],"class_list":{"0":"post-1756","1":"product","2":"type-product","3":"status-publish","4":"has-post-thumbnail","6":"product_cat-sin-categorizar","8":"first","9":"instock","10":"shipping-taxable","11":"product-type-simple"},"yoast_head":"<!-- This site is optimized with the Yoast SEO plugin v26.4 - https:\/\/yoast.com\/wordpress\/plugins\/seo\/ -->\n<title>Flashlink mini pdf in-transit logger Modelo 31010 - Abaa tienda online<\/title>\n<meta name=\"robots\" content=\"index, follow, max-snippet:-1, max-image-preview:large, max-video-preview:-1\" \/>\n<link rel=\"canonical\" href=\"https:\/\/abaa.mx\/tienda\/flashlink-mini-pdf-in-transit-logger-modelo-31010\/\" \/>\n<meta property=\"og:locale\" content=\"es_MX\" \/>\n<meta property=\"og:type\" content=\"article\" \/>\n<meta property=\"og:title\" content=\"Flashlink mini pdf in-transit logger Modelo 31010 - Abaa tienda online\" \/>\n<meta property=\"og:description\" content=\"Caracter\u00edsticas\u00a0   Registrador de temperatura compacto de un solo uso.  Shadow Log garantiza datos de viaje.  Un modelo para una duraci\u00f3n de viaje de hasta 85 d\u00edas.  No se requiere software para descargar informes.  Conector USB incorporado, sin dispositivo de lectura especial.  Informes PDF y CSV en escalas \u00b0 F y \u00b0 C.  Datos grabados se escalan autom\u00e1ticamente para ajustarse al gr\u00e1fico completo.  Guardar y compartir archivos desde PC o tablet.\" \/>\n<meta property=\"og:url\" content=\"https:\/\/abaa.mx\/tienda\/flashlink-mini-pdf-in-transit-logger-modelo-31010\/\" \/>\n<meta property=\"og:site_name\" content=\"Abaa tienda online\" \/>\n<meta property=\"article:modified_time\" content=\"2023-09-15T19:12:44+00:00\" \/>\n<meta property=\"og:image\" content=\"https:\/\/abaa.mx\/tienda\/wp-content\/uploads\/2023\/09\/31010.jpg\" \/>\n\t<meta property=\"og:image:width\" content=\"474\" \/>\n\t<meta property=\"og:image:height\" content=\"298\" \/>\n\t<meta property=\"og:image:type\" content=\"image\/jpeg\" \/>\n<meta name=\"twitter:card\" content=\"summary_large_image\" \/>\n<meta name=\"twitter:label1\" content=\"Tiempo de lectura\" \/>\n\t<meta name=\"twitter:data1\" content=\"3 minutos\" \/>\n<script type=\"application\/ld+json\" class=\"yoast-schema-graph\">{\"@context\":\"https:\/\/schema.org\",\"@graph\":[{\"@type\":\"WebPage\",\"@id\":\"https:\/\/abaa.mx\/tienda\/flashlink-mini-pdf-in-transit-logger-modelo-31010\/\",\"url\":\"https:\/\/abaa.mx\/tienda\/flashlink-mini-pdf-in-transit-logger-modelo-31010\/\",\"name\":\"Flashlink mini pdf in-transit logger Modelo 31010 - Abaa tienda online\",\"isPartOf\":{\"@id\":\"https:\/\/abaa.mx\/tienda\/#website\"},\"primaryImageOfPage\":{\"@id\":\"https:\/\/abaa.mx\/tienda\/flashlink-mini-pdf-in-transit-logger-modelo-31010\/#primaryimage\"},\"image\":{\"@id\":\"https:\/\/abaa.mx\/tienda\/flashlink-mini-pdf-in-transit-logger-modelo-31010\/#primaryimage\"},\"thumbnailUrl\":\"https:\/\/abaa.mx\/tienda\/wp-content\/uploads\/2023\/09\/31010.jpg\",\"datePublished\":\"2023-09-15T19:12:43+00:00\",\"dateModified\":\"2023-09-15T19:12:44+00:00\",\"breadcrumb\":{\"@id\":\"https:\/\/abaa.mx\/tienda\/flashlink-mini-pdf-in-transit-logger-modelo-31010\/#breadcrumb\"},\"inLanguage\":\"es\",\"potentialAction\":[{\"@type\":\"ReadAction\",\"target\":[\"https:\/\/abaa.mx\/tienda\/flashlink-mini-pdf-in-transit-logger-modelo-31010\/\"]}]},{\"@type\":\"ImageObject\",\"inLanguage\":\"es\",\"@id\":\"https:\/\/abaa.mx\/tienda\/flashlink-mini-pdf-in-transit-logger-modelo-31010\/#primaryimage\",\"url\":\"https:\/\/abaa.mx\/tienda\/wp-content\/uploads\/2023\/09\/31010.jpg\",\"contentUrl\":\"https:\/\/abaa.mx\/tienda\/wp-content\/uploads\/2023\/09\/31010.jpg\",\"width\":474,\"height\":298,\"caption\":\"flashlink-mini-pdf-in-transit-logger-modelo-31010\"},{\"@type\":\"BreadcrumbList\",\"@id\":\"https:\/\/abaa.mx\/tienda\/flashlink-mini-pdf-in-transit-logger-modelo-31010\/#breadcrumb\",\"itemListElement\":[{\"@type\":\"ListItem\",\"position\":1,\"name\":\"Inicio\",\"item\":\"https:\/\/abaa.mx\/tienda\/\"},{\"@type\":\"ListItem\",\"position\":2,\"name\":\"Tienda\",\"item\":\"https:\/\/abaa.mx\/tienda\/\"},{\"@type\":\"ListItem\",\"position\":3,\"name\":\"Flashlink mini pdf in-transit logger Modelo 31010\"}]},{\"@type\":\"WebSite\",\"@id\":\"https:\/\/abaa.mx\/tienda\/#website\",\"url\":\"https:\/\/abaa.mx\/tienda\/\",\"name\":\"Abaa tienda online\",\"description\":\"Instrumentos de medici\u00f3n\",\"publisher\":{\"@id\":\"https:\/\/abaa.mx\/tienda\/#organization\"},\"potentialAction\":[{\"@type\":\"SearchAction\",\"target\":{\"@type\":\"EntryPoint\",\"urlTemplate\":\"https:\/\/abaa.mx\/tienda\/?s={search_term_string}\"},\"query-input\":{\"@type\":\"PropertyValueSpecification\",\"valueRequired\":true,\"valueName\":\"search_term_string\"}}],\"inLanguage\":\"es\"},{\"@type\":\"Organization\",\"@id\":\"https:\/\/abaa.mx\/tienda\/#organization\",\"name\":\"Abaa tienda online\",\"url\":\"https:\/\/abaa.mx\/tienda\/\",\"logo\":{\"@type\":\"ImageObject\",\"inLanguage\":\"es\",\"@id\":\"https:\/\/abaa.mx\/tienda\/#\/schema\/logo\/image\/\",\"url\":\"https:\/\/abaa.mx\/tienda\/wp-content\/uploads\/2024\/01\/abaa-metrologia-tienda.png\",\"contentUrl\":\"https:\/\/abaa.mx\/tienda\/wp-content\/uploads\/2024\/01\/abaa-metrologia-tienda.png\",\"width\":300,\"height\":141,\"caption\":\"Abaa tienda online\"},\"image\":{\"@id\":\"https:\/\/abaa.mx\/tienda\/#\/schema\/logo\/image\/\"}}]}<\/script>\n<!-- \/ Yoast SEO plugin. -->","yoast_head_json":{"title":"Flashlink mini pdf in-transit logger Modelo 31010 - Abaa tienda online","robots":{"index":"index","follow":"follow","max-snippet":"max-snippet:-1","max-image-preview":"max-image-preview:large","max-video-preview":"max-video-preview:-1"},"canonical":"https:\/\/abaa.mx\/tienda\/flashlink-mini-pdf-in-transit-logger-modelo-31010\/","og_locale":"es_MX","og_type":"article","og_title":"Flashlink mini pdf in-transit logger Modelo 31010 - Abaa tienda online","og_description":"Caracter\u00edsticas\u00a0   Registrador de temperatura compacto de un solo uso.  Shadow Log garantiza datos de viaje.  Un modelo para una duraci\u00f3n de viaje de hasta 85 d\u00edas.  No se requiere software para descargar informes.  Conector USB incorporado, sin dispositivo de lectura especial.  Informes PDF y CSV en escalas \u00b0 F y \u00b0 C.  Datos grabados se escalan autom\u00e1ticamente para ajustarse al gr\u00e1fico completo.  Guardar y compartir archivos desde PC o tablet.","og_url":"https:\/\/abaa.mx\/tienda\/flashlink-mini-pdf-in-transit-logger-modelo-31010\/","og_site_name":"Abaa tienda online","article_modified_time":"2023-09-15T19:12:44+00:00","og_image":[{"width":474,"height":298,"url":"https:\/\/abaa.mx\/tienda\/wp-content\/uploads\/2023\/09\/31010.jpg","type":"image\/jpeg"}],"twitter_card":"summary_large_image","twitter_misc":{"Tiempo de lectura":"3 minutos"},"schema":{"@context":"https:\/\/schema.org","@graph":[{"@type":"WebPage","@id":"https:\/\/abaa.mx\/tienda\/flashlink-mini-pdf-in-transit-logger-modelo-31010\/","url":"https:\/\/abaa.mx\/tienda\/flashlink-mini-pdf-in-transit-logger-modelo-31010\/","name":"Flashlink mini pdf in-transit logger Modelo 31010 - Abaa tienda online","isPartOf":{"@id":"https:\/\/abaa.mx\/tienda\/#website"},"primaryImageOfPage":{"@id":"https:\/\/abaa.mx\/tienda\/flashlink-mini-pdf-in-transit-logger-modelo-31010\/#primaryimage"},"image":{"@id":"https:\/\/abaa.mx\/tienda\/flashlink-mini-pdf-in-transit-logger-modelo-31010\/#primaryimage"},"thumbnailUrl":"https:\/\/abaa.mx\/tienda\/wp-content\/uploads\/2023\/09\/31010.jpg","datePublished":"2023-09-15T19:12:43+00:00","dateModified":"2023-09-15T19:12:44+00:00","breadcrumb":{"@id":"https:\/\/abaa.mx\/tienda\/flashlink-mini-pdf-in-transit-logger-modelo-31010\/#breadcrumb"},"inLanguage":"es","potentialAction":[{"@type":"ReadAction","target":["https:\/\/abaa.mx\/tienda\/flashlink-mini-pdf-in-transit-logger-modelo-31010\/"]}]},{"@type":"ImageObject","inLanguage":"es","@id":"https:\/\/abaa.mx\/tienda\/flashlink-mini-pdf-in-transit-logger-modelo-31010\/#primaryimage","url":"https:\/\/abaa.mx\/tienda\/wp-content\/uploads\/2023\/09\/31010.jpg","contentUrl":"https:\/\/abaa.mx\/tienda\/wp-content\/uploads\/2023\/09\/31010.jpg","width":474,"height":298,"caption":"flashlink-mini-pdf-in-transit-logger-modelo-31010"},{"@type":"BreadcrumbList","@id":"https:\/\/abaa.mx\/tienda\/flashlink-mini-pdf-in-transit-logger-modelo-31010\/#breadcrumb","itemListElement":[{"@type":"ListItem","position":1,"name":"Inicio","item":"https:\/\/abaa.mx\/tienda\/"},{"@type":"ListItem","position":2,"name":"Tienda","item":"https:\/\/abaa.mx\/tienda\/"},{"@type":"ListItem","position":3,"name":"Flashlink mini pdf in-transit logger Modelo 31010"}]},{"@type":"WebSite","@id":"https:\/\/abaa.mx\/tienda\/#website","url":"https:\/\/abaa.mx\/tienda\/","name":"Abaa tienda online","description":"Instrumentos de medici\u00f3n","publisher":{"@id":"https:\/\/abaa.mx\/tienda\/#organization"},"potentialAction":[{"@type":"SearchAction","target":{"@type":"EntryPoint","urlTemplate":"https:\/\/abaa.mx\/tienda\/?s={search_term_string}"},"query-input":{"@type":"PropertyValueSpecification","valueRequired":true,"valueName":"search_term_string"}}],"inLanguage":"es"},{"@type":"Organization","@id":"https:\/\/abaa.mx\/tienda\/#organization","name":"Abaa tienda online","url":"https:\/\/abaa.mx\/tienda\/","logo":{"@type":"ImageObject","inLanguage":"es","@id":"https:\/\/abaa.mx\/tienda\/#\/schema\/logo\/image\/","url":"https:\/\/abaa.mx\/tienda\/wp-content\/uploads\/2024\/01\/abaa-metrologia-tienda.png","contentUrl":"https:\/\/abaa.mx\/tienda\/wp-content\/uploads\/2024\/01\/abaa-metrologia-tienda.png","width":300,"height":141,"caption":"Abaa tienda online"},"image":{"@id":"https:\/\/abaa.mx\/tienda\/#\/schema\/logo\/image\/"}}]}},"_links":{"self":[{"href":"https:\/\/abaa.mx\/tienda\/wp-json\/wp\/v2\/product\/1756","targetHints":{"allow":["GET"]}}],"collection":[{"href":"https:\/\/abaa.mx\/tienda\/wp-json\/wp\/v2\/product"}],"about":[{"href":"https:\/\/abaa.mx\/tienda\/wp-json\/wp\/v2\/types\/product"}],"replies":[{"embeddable":true,"href":"https:\/\/abaa.mx\/tienda\/wp-json\/wp\/v2\/comments?post=1756"}],"wp:featuredmedia":[{"embeddable":true,"href":"https:\/\/abaa.mx\/tienda\/wp-json\/wp\/v2\/media\/1757"}],"wp:attachment":[{"href":"https:\/\/abaa.mx\/tienda\/wp-json\/wp\/v2\/media?parent=1756"}],"wp:term":[{"taxonomy":"product_brand","embeddable":true,"href":"https:\/\/abaa.mx\/tienda\/wp-json\/wp\/v2\/product_brand?post=1756"},{"taxonomy":"product_cat","embeddable":true,"href":"https:\/\/abaa.mx\/tienda\/wp-json\/wp\/v2\/product_cat?post=1756"},{"taxonomy":"product_tag","embeddable":true,"href":"https:\/\/abaa.mx\/tienda\/wp-json\/wp\/v2\/product_tag?post=1756"}],"curies":[{"name":"wp","href":"https:\/\/api.w.org\/{rel}","templated":true}]}}