{"id":1750,"date":"2023-09-15T19:07:22","date_gmt":"2023-09-15T19:07:22","guid":{"rendered":"https:\/\/abaa.mx\/tienda\/?post_type=product&#038;p=1750"},"modified":"2023-09-15T19:07:22","modified_gmt":"2023-09-15T19:07:22","slug":"flashlink-pdf-registrador-de-vacunas-en-transito-modelo-40458-03-a-40458-09","status":"publish","type":"product","link":"https:\/\/abaa.mx\/tienda\/flashlink-pdf-registrador-de-vacunas-en-transito-modelo-40458-03-a-40458-09\/","title":{"rendered":"Flashlink pdf registrador de vacunas en tr\u00e1nsito Modelo 40458-03 a 40458-09"},"content":{"rendered":"<h1>Flashlink\u00a0pdf registrador de vacunas en tr\u00e1nsito<\/h1>\n<h3><strong>Modelo 40458-03 a 40458-09<\/strong><\/h3>\n<ul>\n<li>Configuraci\u00f3n de alarma Baja\/Alta.<\/li>\n<li>Registrador de temperatura compacto de un solo uso.<\/li>\n<li>Funci\u00f3n Shadow Log garantiza los datos del viaje.<\/li>\n<li>Un modelo registra hasta 85 d\u00edas.<\/li>\n<li>No se requiere software para descargar informes.<\/li>\n<li>Conector USB incorporado, sin dispositivo de lectura especial.<\/li>\n<li>Informes PDF y CSV en escalas de \u00b0F y \u00b0C.<\/li>\n<li>Los datos registrados se escalan autom\u00e1ticamente para ajustarse al gr\u00e1fico completo.<\/li>\n<li>Guarde y comparta archivos desde una PC o tableta.<\/li>\n<\/ul>\n<p>Este registrador est\u00e1 dise\u00f1ado para aplicaciones de ciencias biol\u00f3gicas, con intervalos de muestra de 10 minutos y alarmas preestablecidas, ideal para enviar vacunas, f\u00e1rmacos de ensayos cl\u00ednicos, insulina, productos biol\u00f3gicos y otros productos farmac\u00e9uticos.\u00a0El modelo 40458-08 tiene alarmas de -2 \u00b0C \/ -8 \u00b0C baja\/alta para condiciones de refrigeraci\u00f3n, el modelo 40458-09 tiene alarmas de -25 \u00b0C \/ 15 \u00b0C para vacunas y productos biol\u00f3gicos que deben mantenerse congelados a -20 \u00b0 C .<\/p>\n<p>Nuestro registrador \u201cplug-and-play\u201d de \u00faltima\u00a0generaci\u00f3n cuenta con el beneficio adicional de la tecnolog\u00eda Shadow Log, que garantiza que los receptores siempre obtengan datos de viaje, incluso si un remitente\u00a0olvida\u00a0encender la unidad.\u00a0Este registrador de temperatura compacto de un solo uso tiene un conector USB y un\u00a0software integrado, lo que lo hace ideal para env\u00edos de exportaci\u00f3n.<\/p>\n<p>Los receptores de todo el mundo pueden descargar r\u00e1pida y f\u00e1cilmente el historial de viajes grabado sin dispositivos de lectura especiales o sin instalar softwares. Los informes PDF y CSV se generan autom\u00e1ticamente con escalas de \u00b0F y \u00b0C, incluido un gr\u00e1fico, an\u00e1lisis de resumen y datos tabulares. Los archivos se comparten, imprimen y guardan c\u00f3modamente desde una PC, tableta o tel\u00e9fono inteligente con un adaptador y una aplicaci\u00f3n compatible de\u00a0Adobe Reader.<\/p>\n<div class=\"prod-desc\">\n<p>Un modelo es adecuado para rutas nacionales y operaciones de importaci\u00f3n\/exportaci\u00f3n, para todos los modos de transporte: a\u00e9reo, cami\u00f3n, ferrocarril o contenedor mar\u00edtimo. Los expedidores simplifican la gesti\u00f3n del inventario del registrador sin tener que almacenar varios modelos de distintas duraciones de registro. Los datos registrados se escalan para ajustarse a un gr\u00e1fico en un informe PDF de una p\u00e1gina, lo que significa que los per\u00edodos de registro m\u00e1s cortos se muestran con alta resoluci\u00f3n como un gr\u00e1fico completo.<\/p>\n<h2 class=\"rl_tabs-title nn_tabs-title\">Modelos<\/h2>\n<table>\n<thead>\n<tr>\n<th>Modelos<\/th>\n<th>40458-03<\/th>\n<th>40458-08<\/th>\n<th>40458-09<\/th>\n<\/tr>\n<\/thead>\n<tbody>\n<tr>\n<td>Intervalo de registro<\/td>\n<td>10 minutos<\/td>\n<td>10 minutos<\/td>\n<td>10 minutos<\/td>\n<\/tr>\n<tr>\n<td>Duraci\u00f3n m\u00e1xima del viaje<\/td>\n<td>85 D\u00edas<\/td>\n<td>85 D\u00edas<\/td>\n<td>85 D\u00edas<\/td>\n<\/tr>\n<tr>\n<td>Retraso del inicio<\/td>\n<td>Ninguno<\/td>\n<td>30 minutos<\/td>\n<td>30 minutos<\/td>\n<\/tr>\n<tr>\n<td>Configuraci\u00f3n de alarma baja\/alta<\/td>\n<td>Ninguna<\/td>\n<td>2\u00b0C \/ 8\u00b0C<\/td>\n<td>-25\u00b0C \/ -15\u00b0C<\/td>\n<\/tr>\n<tr>\n<td>Zona horaria<\/td>\n<td>GMC\/UTC 0<\/td>\n<td>GMC\/UTC 0<\/td>\n<td>GMC\/UTC 0<\/td>\n<\/tr>\n<tr>\n<td>Escala de temperatura<\/td>\n<td>\u00b0C<\/td>\n<td>\u00b0C<\/td>\n<td>\u00b0C<\/td>\n<\/tr>\n<\/tbody>\n<\/table>\n<p>&nbsp;<\/p>\n<table>\n<caption><span>FlashLink PDF Registrador de vacunas en tr\u00e1nsito<\/span><\/caption>\n<thead>\n<tr>\n<th scope=\"col\">Caracter\u00edstica<\/th>\n<th scope=\"col\">Especificaci\u00f3n<\/th>\n<\/tr>\n<\/thead>\n<tfoot>\n<tr>\n<td colspan=\"2\"><\/td>\n<\/tr>\n<\/tfoot>\n<tbody>\n<tr>\n<td>Rango de Medici\u00f3n<\/td>\n<td>-40\u00b0C a 60\u00b0C (-40\u00b0F a 140\u00b0F)<\/td>\n<\/tr>\n<tr>\n<td>Resoluci\u00f3n de Temperatura<\/td>\n<td>0.1\u00b0C\/\u00b0F<\/td>\n<\/tr>\n<tr>\n<td>Precisi\u00f3n<\/td>\n<td>\u00b10.5\u00b0C de -20\u00b0C a -10\u00b0C (\u00b11.0\u00b0F de -4\u00b0F a 14\u00b0F) \u00b10.4\u00b0C de -10\u00b0C a 5\u00b0C (\u00b10.6\u00b0F de 14\u00b0F a 50\u00b0F) \u00b10.5\u00b0C de 5\u00b0C a 25\u00b0C (\u00b11.0\u00b0F de 50\u00b0F a 77\u00b0F)\u00b11.0\u00b0C si &lt; -20\u00b0C \u00f3 &gt; 25\u00b0C (\u00b11.8\u00b0F si &lt; -4\u00b0F \u00f3 &gt; 77\u00b0F)<\/td>\n<\/tr>\n<tr>\n<td>Capacidad de Datos<\/td>\n<td>12,288 puntos de datos<\/td>\n<\/tr>\n<tr>\n<td>Tiempo de Descarga de Datos<\/td>\n<td>5 segundos t\u00edpicamente<\/td>\n<\/tr>\n<tr>\n<td>Niveles de Alarma Programables de F\u00e1brica<\/td>\n<td>L\u00edmites altos\/bajos en todo el intervalo de temperatura<\/td>\n<\/tr>\n<tr>\n<td>Bater\u00eda<\/td>\n<td>Bater\u00eda de litio tipo bot\u00f3n<\/td>\n<\/tr>\n<tr>\n<td>Vida \u00datil de la Bater\u00eda<\/td>\n<td>18 meses<\/td>\n<\/tr>\n<tr>\n<td>Dimensiones<\/td>\n<td>1.93 pulg x 3.62 pulg x 0.67 pulg (49 mm x 92 mm x 17 mm)<\/td>\n<\/tr>\n<tr>\n<td>Cubierta<\/td>\n<td>Pl\u00e1stico ABS<\/td>\n<\/tr>\n<tr>\n<td>Peso<\/td>\n<td>1.6 onzas (45.36 gramos)<\/td>\n<\/tr>\n<tr>\n<td>Resistencia a Golpes<\/td>\n<td>Soporta ca\u00eddas de 1 metro (3 pies) sobre superficies duras<\/td>\n<\/tr>\n<tr>\n<td>Clasificaci\u00f3n Impermiabilidad<\/td>\n<td>IP54<\/td>\n<\/tr>\n<tr>\n<td>Pantalla<\/td>\n<td>LCD, estad\u00edsticas de viaje, alarma LED roja e indicadores de l\u00edmites alto\/bajo<\/td>\n<\/tr>\n<tr>\n<td>Condiciones de Almacenaje<\/td>\n<td>-20\u00b0C a 50\u00b0C (-4\u00b0F a 122\u00b0F) 0% a 95% humedad relativa sin condensaci\u00f3n<\/td>\n<\/tr>\n<tr>\n<td>Est\u00e1ndares PDF<\/td>\n<td>Cumple con ISO19005-1, PDF \/ A, 21 CFR Parte 11<\/td>\n<\/tr>\n<tr>\n<td>Requisitos de Sistema<\/td>\n<td>PC con sistema operativo actual Windows y\u00a0Adobe Reader<\/td>\n<\/tr>\n<tr>\n<td>Requisitos de Descarga<\/td>\n<td>Conexi\u00f3n USB directa<\/td>\n<\/tr>\n<tr>\n<td>Certificaci\u00f3n<\/td>\n<td>RTCA \/ DO-160 Sect 21, Marca CE, Calibraci\u00f3n trazable a NIST, Cumple con ROHS, Cumple con BSS 7061<\/td>\n<\/tr>\n<\/tbody>\n<\/table>\n<\/div>\n<p>&nbsp;<\/p>\n<p>&nbsp;<\/p>\n","protected":false},"excerpt":{"rendered":"<h3><strong>Caracteristicas<\/strong><\/h3>\n<ul>\n<li>Configuraci\u00f3n de alarma Baja\/Alta.<\/li>\n<li>Registrador de temperatura compacto de un solo uso.<\/li>\n<li>Funci\u00f3n Shadow Log garantiza los datos del viaje.<\/li>\n<li>Un modelo registra hasta 85 d\u00edas.<\/li>\n<li>No se requiere software para descargar informes.<\/li>\n<li>Conector USB incorporado, sin dispositivo de lectura especial.<\/li>\n<li>Informes PDF y CSV en escalas de \u00b0F y \u00b0C.<\/li>\n<li>Los datos registrados se escalan autom\u00e1ticamente para ajustarse al gr\u00e1fico completo.<\/li>\n<li>Guarde y comparta archivos desde una PC o tableta.<\/li>\n<\/ul>\n","protected":false},"featured_media":1755,"comment_status":"open","ping_status":"closed","template":"","meta":{"_joinchat":[]},"product_brand":[],"product_cat":[15],"product_tag":[],"class_list":{"0":"post-1750","1":"product","2":"type-product","3":"status-publish","4":"has-post-thumbnail","6":"product_cat-sin-categorizar","8":"first","9":"instock","10":"shipping-taxable","11":"product-type-simple"},"yoast_head":"<!-- This site is optimized with the Yoast SEO plugin v26.4 - https:\/\/yoast.com\/wordpress\/plugins\/seo\/ -->\n<title>Flashlink pdf registrador de vacunas en tr\u00e1nsito Modelo 40458-03 a 40458-09 - Abaa tienda online<\/title>\n<meta name=\"robots\" content=\"index, follow, max-snippet:-1, max-image-preview:large, max-video-preview:-1\" \/>\n<link rel=\"canonical\" href=\"https:\/\/abaa.mx\/tienda\/flashlink-pdf-registrador-de-vacunas-en-transito-modelo-40458-03-a-40458-09\/\" \/>\n<meta property=\"og:locale\" content=\"es_MX\" \/>\n<meta property=\"og:type\" content=\"article\" \/>\n<meta property=\"og:title\" content=\"Flashlink pdf registrador de vacunas en tr\u00e1nsito Modelo 40458-03 a 40458-09 - Abaa tienda online\" \/>\n<meta property=\"og:description\" content=\"Caracteristicas   Configuraci\u00f3n de alarma Baja\/Alta.  Registrador de temperatura compacto de un solo uso.  Funci\u00f3n Shadow Log garantiza los datos del viaje.  Un modelo registra hasta 85 d\u00edas.  No se requiere software para descargar informes.  Conector USB incorporado, sin dispositivo de lectura especial.  Informes PDF y CSV en escalas de \u00b0F y \u00b0C.  Los datos registrados se escalan autom\u00e1ticamente para ajustarse al gr\u00e1fico completo.  Guarde y comparta archivos desde una PC o tableta.\" \/>\n<meta property=\"og:url\" content=\"https:\/\/abaa.mx\/tienda\/flashlink-pdf-registrador-de-vacunas-en-transito-modelo-40458-03-a-40458-09\/\" \/>\n<meta property=\"og:site_name\" content=\"Abaa tienda online\" \/>\n<meta property=\"og:image\" content=\"https:\/\/abaa.mx\/tienda\/wp-content\/uploads\/2023\/09\/40458-03-40458-04.jpg\" \/>\n\t<meta property=\"og:image:width\" content=\"400\" \/>\n\t<meta property=\"og:image:height\" content=\"400\" \/>\n\t<meta property=\"og:image:type\" content=\"image\/jpeg\" \/>\n<meta name=\"twitter:card\" content=\"summary_large_image\" \/>\n<meta name=\"twitter:label1\" content=\"Tiempo de lectura\" \/>\n\t<meta name=\"twitter:data1\" content=\"3 minutos\" \/>\n<script type=\"application\/ld+json\" class=\"yoast-schema-graph\">{\"@context\":\"https:\/\/schema.org\",\"@graph\":[{\"@type\":\"WebPage\",\"@id\":\"https:\/\/abaa.mx\/tienda\/flashlink-pdf-registrador-de-vacunas-en-transito-modelo-40458-03-a-40458-09\/\",\"url\":\"https:\/\/abaa.mx\/tienda\/flashlink-pdf-registrador-de-vacunas-en-transito-modelo-40458-03-a-40458-09\/\",\"name\":\"Flashlink pdf registrador de vacunas en tr\u00e1nsito Modelo 40458-03 a 40458-09 - Abaa tienda online\",\"isPartOf\":{\"@id\":\"https:\/\/abaa.mx\/tienda\/#website\"},\"primaryImageOfPage\":{\"@id\":\"https:\/\/abaa.mx\/tienda\/flashlink-pdf-registrador-de-vacunas-en-transito-modelo-40458-03-a-40458-09\/#primaryimage\"},\"image\":{\"@id\":\"https:\/\/abaa.mx\/tienda\/flashlink-pdf-registrador-de-vacunas-en-transito-modelo-40458-03-a-40458-09\/#primaryimage\"},\"thumbnailUrl\":\"https:\/\/abaa.mx\/tienda\/wp-content\/uploads\/2023\/09\/40458-03-40458-04.jpg\",\"datePublished\":\"2023-09-15T19:07:22+00:00\",\"breadcrumb\":{\"@id\":\"https:\/\/abaa.mx\/tienda\/flashlink-pdf-registrador-de-vacunas-en-transito-modelo-40458-03-a-40458-09\/#breadcrumb\"},\"inLanguage\":\"es\",\"potentialAction\":[{\"@type\":\"ReadAction\",\"target\":[\"https:\/\/abaa.mx\/tienda\/flashlink-pdf-registrador-de-vacunas-en-transito-modelo-40458-03-a-40458-09\/\"]}]},{\"@type\":\"ImageObject\",\"inLanguage\":\"es\",\"@id\":\"https:\/\/abaa.mx\/tienda\/flashlink-pdf-registrador-de-vacunas-en-transito-modelo-40458-03-a-40458-09\/#primaryimage\",\"url\":\"https:\/\/abaa.mx\/tienda\/wp-content\/uploads\/2023\/09\/40458-03-40458-04.jpg\",\"contentUrl\":\"https:\/\/abaa.mx\/tienda\/wp-content\/uploads\/2023\/09\/40458-03-40458-04.jpg\",\"width\":400,\"height\":400,\"caption\":\"flashlink-pdf-registrador-de-vacunas-en-transito-modelo-40458-03-a-40458-09\"},{\"@type\":\"BreadcrumbList\",\"@id\":\"https:\/\/abaa.mx\/tienda\/flashlink-pdf-registrador-de-vacunas-en-transito-modelo-40458-03-a-40458-09\/#breadcrumb\",\"itemListElement\":[{\"@type\":\"ListItem\",\"position\":1,\"name\":\"Inicio\",\"item\":\"https:\/\/abaa.mx\/tienda\/\"},{\"@type\":\"ListItem\",\"position\":2,\"name\":\"Tienda\",\"item\":\"https:\/\/abaa.mx\/tienda\/\"},{\"@type\":\"ListItem\",\"position\":3,\"name\":\"Flashlink pdf registrador de vacunas en tr\u00e1nsito Modelo 40458-03 a 40458-09\"}]},{\"@type\":\"WebSite\",\"@id\":\"https:\/\/abaa.mx\/tienda\/#website\",\"url\":\"https:\/\/abaa.mx\/tienda\/\",\"name\":\"Abaa tienda online\",\"description\":\"Instrumentos de medici\u00f3n\",\"publisher\":{\"@id\":\"https:\/\/abaa.mx\/tienda\/#organization\"},\"potentialAction\":[{\"@type\":\"SearchAction\",\"target\":{\"@type\":\"EntryPoint\",\"urlTemplate\":\"https:\/\/abaa.mx\/tienda\/?s={search_term_string}\"},\"query-input\":{\"@type\":\"PropertyValueSpecification\",\"valueRequired\":true,\"valueName\":\"search_term_string\"}}],\"inLanguage\":\"es\"},{\"@type\":\"Organization\",\"@id\":\"https:\/\/abaa.mx\/tienda\/#organization\",\"name\":\"Abaa tienda online\",\"url\":\"https:\/\/abaa.mx\/tienda\/\",\"logo\":{\"@type\":\"ImageObject\",\"inLanguage\":\"es\",\"@id\":\"https:\/\/abaa.mx\/tienda\/#\/schema\/logo\/image\/\",\"url\":\"https:\/\/abaa.mx\/tienda\/wp-content\/uploads\/2024\/01\/abaa-metrologia-tienda.png\",\"contentUrl\":\"https:\/\/abaa.mx\/tienda\/wp-content\/uploads\/2024\/01\/abaa-metrologia-tienda.png\",\"width\":300,\"height\":141,\"caption\":\"Abaa tienda online\"},\"image\":{\"@id\":\"https:\/\/abaa.mx\/tienda\/#\/schema\/logo\/image\/\"}}]}<\/script>\n<!-- \/ Yoast SEO plugin. -->","yoast_head_json":{"title":"Flashlink pdf registrador de vacunas en tr\u00e1nsito Modelo 40458-03 a 40458-09 - Abaa tienda online","robots":{"index":"index","follow":"follow","max-snippet":"max-snippet:-1","max-image-preview":"max-image-preview:large","max-video-preview":"max-video-preview:-1"},"canonical":"https:\/\/abaa.mx\/tienda\/flashlink-pdf-registrador-de-vacunas-en-transito-modelo-40458-03-a-40458-09\/","og_locale":"es_MX","og_type":"article","og_title":"Flashlink pdf registrador de vacunas en tr\u00e1nsito Modelo 40458-03 a 40458-09 - Abaa tienda online","og_description":"Caracteristicas   Configuraci\u00f3n de alarma Baja\/Alta.  Registrador de temperatura compacto de un solo uso.  Funci\u00f3n Shadow Log garantiza los datos del viaje.  Un modelo registra hasta 85 d\u00edas.  No se requiere software para descargar informes.  Conector USB incorporado, sin dispositivo de lectura especial.  Informes PDF y CSV en escalas de \u00b0F y \u00b0C.  Los datos registrados se escalan autom\u00e1ticamente para ajustarse al gr\u00e1fico completo.  Guarde y comparta archivos desde una PC o tableta.","og_url":"https:\/\/abaa.mx\/tienda\/flashlink-pdf-registrador-de-vacunas-en-transito-modelo-40458-03-a-40458-09\/","og_site_name":"Abaa tienda online","og_image":[{"width":400,"height":400,"url":"https:\/\/abaa.mx\/tienda\/wp-content\/uploads\/2023\/09\/40458-03-40458-04.jpg","type":"image\/jpeg"}],"twitter_card":"summary_large_image","twitter_misc":{"Tiempo de lectura":"3 minutos"},"schema":{"@context":"https:\/\/schema.org","@graph":[{"@type":"WebPage","@id":"https:\/\/abaa.mx\/tienda\/flashlink-pdf-registrador-de-vacunas-en-transito-modelo-40458-03-a-40458-09\/","url":"https:\/\/abaa.mx\/tienda\/flashlink-pdf-registrador-de-vacunas-en-transito-modelo-40458-03-a-40458-09\/","name":"Flashlink pdf registrador de vacunas en tr\u00e1nsito Modelo 40458-03 a 40458-09 - Abaa tienda online","isPartOf":{"@id":"https:\/\/abaa.mx\/tienda\/#website"},"primaryImageOfPage":{"@id":"https:\/\/abaa.mx\/tienda\/flashlink-pdf-registrador-de-vacunas-en-transito-modelo-40458-03-a-40458-09\/#primaryimage"},"image":{"@id":"https:\/\/abaa.mx\/tienda\/flashlink-pdf-registrador-de-vacunas-en-transito-modelo-40458-03-a-40458-09\/#primaryimage"},"thumbnailUrl":"https:\/\/abaa.mx\/tienda\/wp-content\/uploads\/2023\/09\/40458-03-40458-04.jpg","datePublished":"2023-09-15T19:07:22+00:00","breadcrumb":{"@id":"https:\/\/abaa.mx\/tienda\/flashlink-pdf-registrador-de-vacunas-en-transito-modelo-40458-03-a-40458-09\/#breadcrumb"},"inLanguage":"es","potentialAction":[{"@type":"ReadAction","target":["https:\/\/abaa.mx\/tienda\/flashlink-pdf-registrador-de-vacunas-en-transito-modelo-40458-03-a-40458-09\/"]}]},{"@type":"ImageObject","inLanguage":"es","@id":"https:\/\/abaa.mx\/tienda\/flashlink-pdf-registrador-de-vacunas-en-transito-modelo-40458-03-a-40458-09\/#primaryimage","url":"https:\/\/abaa.mx\/tienda\/wp-content\/uploads\/2023\/09\/40458-03-40458-04.jpg","contentUrl":"https:\/\/abaa.mx\/tienda\/wp-content\/uploads\/2023\/09\/40458-03-40458-04.jpg","width":400,"height":400,"caption":"flashlink-pdf-registrador-de-vacunas-en-transito-modelo-40458-03-a-40458-09"},{"@type":"BreadcrumbList","@id":"https:\/\/abaa.mx\/tienda\/flashlink-pdf-registrador-de-vacunas-en-transito-modelo-40458-03-a-40458-09\/#breadcrumb","itemListElement":[{"@type":"ListItem","position":1,"name":"Inicio","item":"https:\/\/abaa.mx\/tienda\/"},{"@type":"ListItem","position":2,"name":"Tienda","item":"https:\/\/abaa.mx\/tienda\/"},{"@type":"ListItem","position":3,"name":"Flashlink pdf registrador de vacunas en tr\u00e1nsito Modelo 40458-03 a 40458-09"}]},{"@type":"WebSite","@id":"https:\/\/abaa.mx\/tienda\/#website","url":"https:\/\/abaa.mx\/tienda\/","name":"Abaa tienda online","description":"Instrumentos de medici\u00f3n","publisher":{"@id":"https:\/\/abaa.mx\/tienda\/#organization"},"potentialAction":[{"@type":"SearchAction","target":{"@type":"EntryPoint","urlTemplate":"https:\/\/abaa.mx\/tienda\/?s={search_term_string}"},"query-input":{"@type":"PropertyValueSpecification","valueRequired":true,"valueName":"search_term_string"}}],"inLanguage":"es"},{"@type":"Organization","@id":"https:\/\/abaa.mx\/tienda\/#organization","name":"Abaa tienda online","url":"https:\/\/abaa.mx\/tienda\/","logo":{"@type":"ImageObject","inLanguage":"es","@id":"https:\/\/abaa.mx\/tienda\/#\/schema\/logo\/image\/","url":"https:\/\/abaa.mx\/tienda\/wp-content\/uploads\/2024\/01\/abaa-metrologia-tienda.png","contentUrl":"https:\/\/abaa.mx\/tienda\/wp-content\/uploads\/2024\/01\/abaa-metrologia-tienda.png","width":300,"height":141,"caption":"Abaa tienda online"},"image":{"@id":"https:\/\/abaa.mx\/tienda\/#\/schema\/logo\/image\/"}}]}},"_links":{"self":[{"href":"https:\/\/abaa.mx\/tienda\/wp-json\/wp\/v2\/product\/1750","targetHints":{"allow":["GET"]}}],"collection":[{"href":"https:\/\/abaa.mx\/tienda\/wp-json\/wp\/v2\/product"}],"about":[{"href":"https:\/\/abaa.mx\/tienda\/wp-json\/wp\/v2\/types\/product"}],"replies":[{"embeddable":true,"href":"https:\/\/abaa.mx\/tienda\/wp-json\/wp\/v2\/comments?post=1750"}],"wp:featuredmedia":[{"embeddable":true,"href":"https:\/\/abaa.mx\/tienda\/wp-json\/wp\/v2\/media\/1755"}],"wp:attachment":[{"href":"https:\/\/abaa.mx\/tienda\/wp-json\/wp\/v2\/media?parent=1750"}],"wp:term":[{"taxonomy":"product_brand","embeddable":true,"href":"https:\/\/abaa.mx\/tienda\/wp-json\/wp\/v2\/product_brand?post=1750"},{"taxonomy":"product_cat","embeddable":true,"href":"https:\/\/abaa.mx\/tienda\/wp-json\/wp\/v2\/product_cat?post=1750"},{"taxonomy":"product_tag","embeddable":true,"href":"https:\/\/abaa.mx\/tienda\/wp-json\/wp\/v2\/product_tag?post=1750"}],"curies":[{"name":"wp","href":"https:\/\/api.w.org\/{rel}","templated":true}]}}