{"id":1735,"date":"2023-09-15T17:40:36","date_gmt":"2023-09-15T17:40:36","guid":{"rendered":"https:\/\/abaa.mx\/tienda\/?post_type=product&#038;p=1735"},"modified":"2023-09-15T17:40:37","modified_gmt":"2023-09-15T17:40:37","slug":"registrador-ble-en-transito-flashlink-modelo-40909","status":"publish","type":"product","link":"https:\/\/abaa.mx\/tienda\/registrador-ble-en-transito-flashlink-modelo-40909\/","title":{"rendered":"Registrador ble en tr\u00e1nsito flashlink Modelo 40909"},"content":{"rendered":"<h1>Registrador ble en tr\u00e1nsito flashlink<\/h1>\n<h3><strong>Modelo\u00a040909<\/strong><\/h3>\n<ul>\n<li>Lea los datos en los puntos de contacto del env\u00edo sin abrir las puertas.<\/li>\n<li>Datos de temperatura y ubicaci\u00f3n almacenados en la aplicaci\u00f3n basada en la nube.<\/li>\n<li>Transmite datos de forma inal\u00e1mbrica a dispositivos inteligentes con la aplicaci\u00f3n (iOS y Android).<\/li>\n<li>Acceda a datos en dispositivos m\u00f3viles a una distancia de ~ 65 pies \/ 20 metros.<\/li>\n<li>Descargue informes en PDF desde la aplicaci\u00f3n o conexi\u00f3n USB directa a una PC.<\/li>\n<li>No se requieren software ni cables para descargar datos.<\/li>\n<li>Escanee el c\u00f3digo QR en el registrador para descargar la aplicaci\u00f3n y obtener m\u00e1s informaci\u00f3n sobre el producto.<\/li>\n<li>Ver informes de viaje en formato gr\u00e1fico y de tabla.<\/li>\n<li>Datos almacenados en aplicaciones basadas en la nube y en una PC.<\/li>\n<\/ul>\n<p>El FlashLink In-Transit BLE Loggers\u00a0es un registrador de PDF con capacidades y comunicaciones BLE mejoradas. El registrador es ideal para monitorear de forma inal\u00e1mbrica la temperatura de los productos perecederos a medida que viajan a trav\u00e9s de la cadena de fr\u00edo, desde productos hasta alimentos preparados, hasta productos qu\u00edmicos y farmac\u00e9uticos. Los datos se descargan del registrador BLE utilizando una aplicaci\u00f3n de tel\u00e9fono inteligente. El dispositivo m\u00f3vil carga informaci\u00f3n en una aplicaci\u00f3n web donde se puede ver de forma remota.<\/p>\n<p>Los receptores de todo el mundo pueden acceder r\u00e1pida y f\u00e1cilmente al historial de viajes utilizando la aplicaci\u00f3n m\u00f3vil sin tener que abrir las puertas de carga. Los datos del viaje est\u00e1n disponibles en formato de gr\u00e1fico y tabla, y cuando la aplicaci\u00f3n m\u00f3vil se sincroniza con la aplicaci\u00f3n web, la ubicaci\u00f3n se marca en el momento en que se interroga al registrador.<\/p>\n<p>Un informe PDF se genera autom\u00e1ticamente en la aplicaci\u00f3n y se puede compartir f\u00e1cilmente por correo electr\u00f3nico con otras partes interesadas. Como caracter\u00edstica de respaldo, el registrador tambi\u00e9n se puede leer utilizando su puerto USB incorporado que, cuando se conecta a una PC, descarga autom\u00e1ticamente un informe en PDF con el historial de viajes.<\/p>\n<p><span>Las aplicaciones incluyen camionetas refrigeradas, camiones y contenedores, as\u00ed como env\u00edos por ferrocarril y por aire. El personal puede descargar y compartir datos en cualquier punto de contacto, lo que les permite identificar d\u00f3nde y cu\u00e1ndo ocurren problemas en la cadena de fr\u00edo.<\/span><\/p>\n<table>\n<caption><span>Registrador BLE en tr\u00e1nsito FlashLink<\/span><\/caption>\n<thead>\n<tr>\n<th scope=\"col\">Caracter\u00edstica<\/th>\n<th scope=\"col\">Especificaci\u00f3n<\/th>\n<\/tr>\n<\/thead>\n<tfoot>\n<tr>\n<td colspan=\"2\"><\/td>\n<\/tr>\n<\/tfoot>\n<tbody>\n<tr>\n<td>Rango de medici\u00f3n<\/td>\n<td>-30\u00b0C a 70\u00b0C (-22\u00b0F a 158\u00b0F)<\/td>\n<\/tr>\n<tr>\n<td>Precisi\u00f3n de la temperatura<\/td>\n<td>-30\u00baC a -25\u00baC: \u00b11.0\u00baC (-22\u00baF a -13\u00baF: \u00b11.0\u00baF) -25\u00baC a +70\u00baC: \u00b10.5\u00baC (-13\u00baF a 158\u00baF: \u00b10.5\u00baF)<\/td>\n<\/tr>\n<tr>\n<td>Capacidad de datos<\/td>\n<td>14,400 lecturas<\/td>\n<\/tr>\n<tr>\n<td>Intervalo de registro<\/td>\n<td>10 minutos, personalizable<\/td>\n<\/tr>\n<tr>\n<td>Vida \u00fatil \/ bater\u00eda<\/td>\n<td>1 a\u00f1o \/ 3.0v bater\u00eda de litio<\/td>\n<\/tr>\n<tr>\n<td>Ciclo de grabaci\u00f3n<\/td>\n<td>Hasta 90 d\u00edas<\/td>\n<\/tr>\n<tr>\n<td>Rango de transmisi\u00f3n:<\/td>\n<td>Intervalo de 10 segundos \/ 20 m (65 pies) a la vista<\/td>\n<\/tr>\n<tr>\n<td>Modo de inicio<\/td>\n<td>Manual<\/td>\n<\/tr>\n<tr>\n<td>Modo de parada<\/td>\n<td>Manual \/ conexi\u00f3n USB \/ l\u00edmite de datos<\/td>\n<\/tr>\n<tr>\n<td>Calificaci\u00f3n impermeable<\/td>\n<td>IP54 (con tapa de silicona puesta)<\/td>\n<\/tr>\n<tr>\n<td>Dimensiones<\/td>\n<td>1,575&#8243; x 3,189&#8243; x 0,492&#8243; (40 mm x 81 mm x 12,5 mm)<\/td>\n<\/tr>\n<tr>\n<td>Peso<\/td>\n<td>1.9 oz. (54 gramos)<\/td>\n<\/tr>\n<tr>\n<td>Caja<\/td>\n<td>Pl\u00e1stico ABS<\/td>\n<\/tr>\n<tr>\n<td>Calibraci\u00f3n<\/td>\n<td>NIST trazable, marca CE, compatible con RoHS<\/td>\n<\/tr>\n<tr>\n<td>Programaci\u00f3n<\/td>\n<td>APLICACI\u00d3N (iOS, Android)<\/td>\n<\/tr>\n<tr>\n<td>Descargar requisitos<\/td>\n<td>APLICACI\u00d3N (iOS, Android) y conexi\u00f3n USB directa<\/td>\n<\/tr>\n<tr>\n<td>Opciones de grabaci\u00f3n<\/td>\n<td>De un solo uso<\/td>\n<\/tr>\n<\/tbody>\n<\/table>\n<p>&nbsp;<\/p>\n","protected":false},"excerpt":{"rendered":"<h3><strong>Caracter\u00edsticas\u00a0<\/strong><\/h3>\n<ul>\n<li>Lea los datos en los puntos de contacto del env\u00edo sin abrir las puertas.<\/li>\n<li>Datos de temperatura y ubicaci\u00f3n almacenados en la aplicaci\u00f3n basada en la nube.<\/li>\n<li>Transmite datos de forma inal\u00e1mbrica a dispositivos inteligentes con la aplicaci\u00f3n (iOS y Android).<\/li>\n<li>Acceda a datos en dispositivos m\u00f3viles a una distancia de ~ 65 pies \/ 20 metros.<\/li>\n<li>Descargue informes en PDF desde la aplicaci\u00f3n o conexi\u00f3n USB directa a una PC.<\/li>\n<li>No se requieren software ni cables para descargar datos.<\/li>\n<li>Escanee el c\u00f3digo QR en el registrador para descargar la aplicaci\u00f3n y obtener m\u00e1s informaci\u00f3n sobre el producto.<\/li>\n<li>Ver informes de viaje en formato gr\u00e1fico y de tabla..<\/li>\n<li>Datos almacenados en aplicaciones basadas en la nube y en una PC.<\/li>\n<\/ul>\n","protected":false},"featured_media":1736,"comment_status":"open","ping_status":"closed","template":"","meta":{"_joinchat":[]},"product_brand":[],"product_cat":[15],"product_tag":[],"class_list":{"0":"post-1735","1":"product","2":"type-product","3":"status-publish","4":"has-post-thumbnail","6":"product_cat-sin-categorizar","8":"first","9":"instock","10":"shipping-taxable","11":"product-type-simple"},"yoast_head":"<!-- This site is optimized with the Yoast SEO plugin v26.4 - https:\/\/yoast.com\/wordpress\/plugins\/seo\/ -->\n<title>Registrador ble en tr\u00e1nsito flashlink Modelo 40909 - Abaa tienda online<\/title>\n<meta name=\"robots\" content=\"index, follow, max-snippet:-1, max-image-preview:large, max-video-preview:-1\" \/>\n<link rel=\"canonical\" href=\"https:\/\/abaa.mx\/tienda\/registrador-ble-en-transito-flashlink-modelo-40909\/\" \/>\n<meta property=\"og:locale\" content=\"es_MX\" \/>\n<meta property=\"og:type\" content=\"article\" \/>\n<meta property=\"og:title\" content=\"Registrador ble en tr\u00e1nsito flashlink Modelo 40909 - Abaa tienda online\" \/>\n<meta property=\"og:description\" content=\"Caracter\u00edsticas\u00a0   Lea los datos en los puntos de contacto del env\u00edo sin abrir las puertas.  Datos de temperatura y ubicaci\u00f3n almacenados en la aplicaci\u00f3n basada en la nube.  Transmite datos de forma inal\u00e1mbrica a dispositivos inteligentes con la aplicaci\u00f3n (iOS y Android).  Acceda a datos en dispositivos m\u00f3viles a una distancia de ~ 65 pies \/ 20 metros.  Descargue informes en PDF desde la aplicaci\u00f3n o conexi\u00f3n USB directa a una PC.  No se requieren software ni cables para descargar datos.  Escanee el c\u00f3digo QR en el registrador para descargar la aplicaci\u00f3n y obtener m\u00e1s informaci\u00f3n sobre el producto.  Ver informes de viaje en formato gr\u00e1fico y de tabla..  Datos almacenados en aplicaciones basadas en la nube y en una PC.\" \/>\n<meta property=\"og:url\" content=\"https:\/\/abaa.mx\/tienda\/registrador-ble-en-transito-flashlink-modelo-40909\/\" \/>\n<meta property=\"og:site_name\" content=\"Abaa tienda online\" \/>\n<meta property=\"article:modified_time\" content=\"2023-09-15T17:40:37+00:00\" \/>\n<meta property=\"og:image\" content=\"https:\/\/abaa.mx\/tienda\/wp-content\/uploads\/2023\/09\/40909.jpg\" \/>\n\t<meta property=\"og:image:width\" content=\"1000\" \/>\n\t<meta property=\"og:image:height\" content=\"457\" \/>\n\t<meta property=\"og:image:type\" content=\"image\/jpeg\" \/>\n<meta name=\"twitter:card\" content=\"summary_large_image\" \/>\n<meta name=\"twitter:label1\" content=\"Tiempo de lectura\" \/>\n\t<meta name=\"twitter:data1\" content=\"3 minutos\" \/>\n<script type=\"application\/ld+json\" class=\"yoast-schema-graph\">{\"@context\":\"https:\/\/schema.org\",\"@graph\":[{\"@type\":\"WebPage\",\"@id\":\"https:\/\/abaa.mx\/tienda\/registrador-ble-en-transito-flashlink-modelo-40909\/\",\"url\":\"https:\/\/abaa.mx\/tienda\/registrador-ble-en-transito-flashlink-modelo-40909\/\",\"name\":\"Registrador ble en tr\u00e1nsito flashlink Modelo 40909 - Abaa tienda online\",\"isPartOf\":{\"@id\":\"https:\/\/abaa.mx\/tienda\/#website\"},\"primaryImageOfPage\":{\"@id\":\"https:\/\/abaa.mx\/tienda\/registrador-ble-en-transito-flashlink-modelo-40909\/#primaryimage\"},\"image\":{\"@id\":\"https:\/\/abaa.mx\/tienda\/registrador-ble-en-transito-flashlink-modelo-40909\/#primaryimage\"},\"thumbnailUrl\":\"https:\/\/abaa.mx\/tienda\/wp-content\/uploads\/2023\/09\/40909.jpg\",\"datePublished\":\"2023-09-15T17:40:36+00:00\",\"dateModified\":\"2023-09-15T17:40:37+00:00\",\"breadcrumb\":{\"@id\":\"https:\/\/abaa.mx\/tienda\/registrador-ble-en-transito-flashlink-modelo-40909\/#breadcrumb\"},\"inLanguage\":\"es\",\"potentialAction\":[{\"@type\":\"ReadAction\",\"target\":[\"https:\/\/abaa.mx\/tienda\/registrador-ble-en-transito-flashlink-modelo-40909\/\"]}]},{\"@type\":\"ImageObject\",\"inLanguage\":\"es\",\"@id\":\"https:\/\/abaa.mx\/tienda\/registrador-ble-en-transito-flashlink-modelo-40909\/#primaryimage\",\"url\":\"https:\/\/abaa.mx\/tienda\/wp-content\/uploads\/2023\/09\/40909.jpg\",\"contentUrl\":\"https:\/\/abaa.mx\/tienda\/wp-content\/uploads\/2023\/09\/40909.jpg\",\"width\":1000,\"height\":457,\"caption\":\"registrador-ble-en-transito-flashlink-modelo-40909\"},{\"@type\":\"BreadcrumbList\",\"@id\":\"https:\/\/abaa.mx\/tienda\/registrador-ble-en-transito-flashlink-modelo-40909\/#breadcrumb\",\"itemListElement\":[{\"@type\":\"ListItem\",\"position\":1,\"name\":\"Inicio\",\"item\":\"https:\/\/abaa.mx\/tienda\/\"},{\"@type\":\"ListItem\",\"position\":2,\"name\":\"Tienda\",\"item\":\"https:\/\/abaa.mx\/tienda\/\"},{\"@type\":\"ListItem\",\"position\":3,\"name\":\"Registrador ble en tr\u00e1nsito flashlink Modelo 40909\"}]},{\"@type\":\"WebSite\",\"@id\":\"https:\/\/abaa.mx\/tienda\/#website\",\"url\":\"https:\/\/abaa.mx\/tienda\/\",\"name\":\"Abaa tienda online\",\"description\":\"Instrumentos de medici\u00f3n\",\"publisher\":{\"@id\":\"https:\/\/abaa.mx\/tienda\/#organization\"},\"potentialAction\":[{\"@type\":\"SearchAction\",\"target\":{\"@type\":\"EntryPoint\",\"urlTemplate\":\"https:\/\/abaa.mx\/tienda\/?s={search_term_string}\"},\"query-input\":{\"@type\":\"PropertyValueSpecification\",\"valueRequired\":true,\"valueName\":\"search_term_string\"}}],\"inLanguage\":\"es\"},{\"@type\":\"Organization\",\"@id\":\"https:\/\/abaa.mx\/tienda\/#organization\",\"name\":\"Abaa tienda online\",\"url\":\"https:\/\/abaa.mx\/tienda\/\",\"logo\":{\"@type\":\"ImageObject\",\"inLanguage\":\"es\",\"@id\":\"https:\/\/abaa.mx\/tienda\/#\/schema\/logo\/image\/\",\"url\":\"https:\/\/abaa.mx\/tienda\/wp-content\/uploads\/2024\/01\/abaa-metrologia-tienda.png\",\"contentUrl\":\"https:\/\/abaa.mx\/tienda\/wp-content\/uploads\/2024\/01\/abaa-metrologia-tienda.png\",\"width\":300,\"height\":141,\"caption\":\"Abaa tienda online\"},\"image\":{\"@id\":\"https:\/\/abaa.mx\/tienda\/#\/schema\/logo\/image\/\"}}]}<\/script>\n<!-- \/ Yoast SEO plugin. -->","yoast_head_json":{"title":"Registrador ble en tr\u00e1nsito flashlink Modelo 40909 - Abaa tienda online","robots":{"index":"index","follow":"follow","max-snippet":"max-snippet:-1","max-image-preview":"max-image-preview:large","max-video-preview":"max-video-preview:-1"},"canonical":"https:\/\/abaa.mx\/tienda\/registrador-ble-en-transito-flashlink-modelo-40909\/","og_locale":"es_MX","og_type":"article","og_title":"Registrador ble en tr\u00e1nsito flashlink Modelo 40909 - Abaa tienda online","og_description":"Caracter\u00edsticas\u00a0   Lea los datos en los puntos de contacto del env\u00edo sin abrir las puertas.  Datos de temperatura y ubicaci\u00f3n almacenados en la aplicaci\u00f3n basada en la nube.  Transmite datos de forma inal\u00e1mbrica a dispositivos inteligentes con la aplicaci\u00f3n (iOS y Android).  Acceda a datos en dispositivos m\u00f3viles a una distancia de ~ 65 pies \/ 20 metros.  Descargue informes en PDF desde la aplicaci\u00f3n o conexi\u00f3n USB directa a una PC.  No se requieren software ni cables para descargar datos.  Escanee el c\u00f3digo QR en el registrador para descargar la aplicaci\u00f3n y obtener m\u00e1s informaci\u00f3n sobre el producto.  Ver informes de viaje en formato gr\u00e1fico y de tabla..  Datos almacenados en aplicaciones basadas en la nube y en una PC.","og_url":"https:\/\/abaa.mx\/tienda\/registrador-ble-en-transito-flashlink-modelo-40909\/","og_site_name":"Abaa tienda online","article_modified_time":"2023-09-15T17:40:37+00:00","og_image":[{"width":1000,"height":457,"url":"https:\/\/abaa.mx\/tienda\/wp-content\/uploads\/2023\/09\/40909.jpg","type":"image\/jpeg"}],"twitter_card":"summary_large_image","twitter_misc":{"Tiempo de lectura":"3 minutos"},"schema":{"@context":"https:\/\/schema.org","@graph":[{"@type":"WebPage","@id":"https:\/\/abaa.mx\/tienda\/registrador-ble-en-transito-flashlink-modelo-40909\/","url":"https:\/\/abaa.mx\/tienda\/registrador-ble-en-transito-flashlink-modelo-40909\/","name":"Registrador ble en tr\u00e1nsito flashlink Modelo 40909 - Abaa tienda online","isPartOf":{"@id":"https:\/\/abaa.mx\/tienda\/#website"},"primaryImageOfPage":{"@id":"https:\/\/abaa.mx\/tienda\/registrador-ble-en-transito-flashlink-modelo-40909\/#primaryimage"},"image":{"@id":"https:\/\/abaa.mx\/tienda\/registrador-ble-en-transito-flashlink-modelo-40909\/#primaryimage"},"thumbnailUrl":"https:\/\/abaa.mx\/tienda\/wp-content\/uploads\/2023\/09\/40909.jpg","datePublished":"2023-09-15T17:40:36+00:00","dateModified":"2023-09-15T17:40:37+00:00","breadcrumb":{"@id":"https:\/\/abaa.mx\/tienda\/registrador-ble-en-transito-flashlink-modelo-40909\/#breadcrumb"},"inLanguage":"es","potentialAction":[{"@type":"ReadAction","target":["https:\/\/abaa.mx\/tienda\/registrador-ble-en-transito-flashlink-modelo-40909\/"]}]},{"@type":"ImageObject","inLanguage":"es","@id":"https:\/\/abaa.mx\/tienda\/registrador-ble-en-transito-flashlink-modelo-40909\/#primaryimage","url":"https:\/\/abaa.mx\/tienda\/wp-content\/uploads\/2023\/09\/40909.jpg","contentUrl":"https:\/\/abaa.mx\/tienda\/wp-content\/uploads\/2023\/09\/40909.jpg","width":1000,"height":457,"caption":"registrador-ble-en-transito-flashlink-modelo-40909"},{"@type":"BreadcrumbList","@id":"https:\/\/abaa.mx\/tienda\/registrador-ble-en-transito-flashlink-modelo-40909\/#breadcrumb","itemListElement":[{"@type":"ListItem","position":1,"name":"Inicio","item":"https:\/\/abaa.mx\/tienda\/"},{"@type":"ListItem","position":2,"name":"Tienda","item":"https:\/\/abaa.mx\/tienda\/"},{"@type":"ListItem","position":3,"name":"Registrador ble en tr\u00e1nsito flashlink Modelo 40909"}]},{"@type":"WebSite","@id":"https:\/\/abaa.mx\/tienda\/#website","url":"https:\/\/abaa.mx\/tienda\/","name":"Abaa tienda online","description":"Instrumentos de medici\u00f3n","publisher":{"@id":"https:\/\/abaa.mx\/tienda\/#organization"},"potentialAction":[{"@type":"SearchAction","target":{"@type":"EntryPoint","urlTemplate":"https:\/\/abaa.mx\/tienda\/?s={search_term_string}"},"query-input":{"@type":"PropertyValueSpecification","valueRequired":true,"valueName":"search_term_string"}}],"inLanguage":"es"},{"@type":"Organization","@id":"https:\/\/abaa.mx\/tienda\/#organization","name":"Abaa tienda online","url":"https:\/\/abaa.mx\/tienda\/","logo":{"@type":"ImageObject","inLanguage":"es","@id":"https:\/\/abaa.mx\/tienda\/#\/schema\/logo\/image\/","url":"https:\/\/abaa.mx\/tienda\/wp-content\/uploads\/2024\/01\/abaa-metrologia-tienda.png","contentUrl":"https:\/\/abaa.mx\/tienda\/wp-content\/uploads\/2024\/01\/abaa-metrologia-tienda.png","width":300,"height":141,"caption":"Abaa tienda online"},"image":{"@id":"https:\/\/abaa.mx\/tienda\/#\/schema\/logo\/image\/"}}]}},"_links":{"self":[{"href":"https:\/\/abaa.mx\/tienda\/wp-json\/wp\/v2\/product\/1735","targetHints":{"allow":["GET"]}}],"collection":[{"href":"https:\/\/abaa.mx\/tienda\/wp-json\/wp\/v2\/product"}],"about":[{"href":"https:\/\/abaa.mx\/tienda\/wp-json\/wp\/v2\/types\/product"}],"replies":[{"embeddable":true,"href":"https:\/\/abaa.mx\/tienda\/wp-json\/wp\/v2\/comments?post=1735"}],"wp:featuredmedia":[{"embeddable":true,"href":"https:\/\/abaa.mx\/tienda\/wp-json\/wp\/v2\/media\/1736"}],"wp:attachment":[{"href":"https:\/\/abaa.mx\/tienda\/wp-json\/wp\/v2\/media?parent=1735"}],"wp:term":[{"taxonomy":"product_brand","embeddable":true,"href":"https:\/\/abaa.mx\/tienda\/wp-json\/wp\/v2\/product_brand?post=1735"},{"taxonomy":"product_cat","embeddable":true,"href":"https:\/\/abaa.mx\/tienda\/wp-json\/wp\/v2\/product_cat?post=1735"},{"taxonomy":"product_tag","embeddable":true,"href":"https:\/\/abaa.mx\/tienda\/wp-json\/wp\/v2\/product_tag?post=1735"}],"curies":[{"name":"wp","href":"https:\/\/api.w.org\/{rel}","templated":true}]}}