{"id":1734,"date":"2023-09-15T18:04:57","date_gmt":"2023-09-15T18:04:57","guid":{"rendered":"https:\/\/abaa.mx\/tienda\/?post_type=product&#038;p=1734"},"modified":"2023-09-15T18:04:58","modified_gmt":"2023-09-15T18:04:58","slug":"testo-saveris-2-set-para-la-supervision-de-temperatura-en-el-frigorifico","status":"publish","type":"product","link":"https:\/\/abaa.mx\/tienda\/testo-saveris-2-set-para-la-supervision-de-temperatura-en-el-frigorifico\/","title":{"rendered":"testo saveris 2 &#8211; Set para la supervisi\u00f3n de temperatura en el frigor\u00edfico"},"content":{"rendered":"<p>En los frigor\u00edficos de farmacias, hospitales, laboratorios, consultas m\u00e9dicas y supermercados se almacenan mercanc\u00edas sensibles a la temperatura generalmente de gran valor. Si la mercanc\u00eda ya no es \u00fatil debido a una aver\u00eda del frigor\u00edfico es posible que surjan da\u00f1os graves y costos considerables.<\/p>\n<p>El sistema de registro de datos inal\u00e1mbrico testo Saveris 2 le ofrece una soluci\u00f3n perfecta para la supervisi\u00f3n de temperatura en el frigor\u00edfico.<\/p>\n<div class=\"m-list\">\n<ul class=\"list-elements\">\n<li>Supervisi\u00f3n de temperatura automatizada en el frigor\u00edfico: segura y c\u00f3moda<\/li>\n<li>&nbsp;<\/li>\n<li>Acceso a la documentaci\u00f3n de los valores medidos posible en cualquier momento<\/li>\n<li>Ventajas del set: equipamiento perfecto especialmente para la supervisi\u00f3n de temperatura automatizada en el frigor\u00edfico y precio con descuento<\/li>\n<\/ul>\n<\/div>\n<p class=\"text\">Si se presentan aver\u00edas en el frigor\u00edfico, la situaci\u00f3n se pone delicada: una refrigeraci\u00f3n insuficiente puede producir deficiencias en la calidad y p\u00e9rdidas del valor de la mercanc\u00eda. Con el sistema de registro de datos inal\u00e1mbrico testo Saveris 2 es posible prevenir estos casos de da\u00f1os: brind\u00e1ndole una supervisi\u00f3n de temperatura automatizada en el frigor\u00edfico y un sistema de alarmas refinado en caso de emergencia.<\/p>\n<div class=\"c2a-tabSection m-tabs\">\n<div id=\"tab-details\" class=\"large-12 column m-tab-pdp\">\n<div class=\"medium-8\">\n<article class=\"child-1 paragraph\">\n<h3>Supervisi\u00f3n de temperatura automatizada en el frigor\u00edfico: segura y sencilla<\/h3>\n<p>Con el sistema de registro de datos inal\u00e1mbrico testo Saveris 2 la supervisi\u00f3n de temperatura se ejecuta de forma automatizada: no tiene que anotar ning\u00fan valor m\u00ednimo\/m\u00e1ximo, leer registradores de datos ni tampoco organizar los datos de medici\u00f3n. Todos los datos de medici\u00f3n se transfieren de forma inal\u00e1mbrica a la nube Testo y all\u00ed se archivan autom\u00e1ticamente. Puede acceder a la nube en cualquier momento desde su ordenador, tel\u00e9fono inteligente o tableta para controlar los valores o aportar comprobantes a los inspectores. Gracias al acceso a una interfaz API (opcional) es posible exportar los datos medidos en sus sistemas.<\/p>\n<h3>Ventajas del set: equipamiento perfecto para el uso en el frigor\u00edfico<\/h3>\n<p>Con el set testo Saveris 2 tiene la ventaja de que el set est\u00e1 compuesto de forma adecuada para el uso en el frigor\u00edfico. Adem\u00e1s del registrador de datos inal\u00e1mbrico (y el acceso a la nube Testo) obtendr\u00e1 dos sondas de temperatura con un cable plano especial que puede introducirse idealmente por la junta del frigor\u00edfico. (de esta forma la sonda permanece en el interior del frigor\u00edfico y el registrador de datos inal\u00e1mbrico por fuera de este.)<\/p>\n<p>Adem\u00e1s, el set contiene dos botellas para llenarlas con un amortiguador de temperatura adecuado. Tan pronto la sonda de temperatura se sumerja en la botella llena, el amortiguador de temperatura a\u00edsla la sonda de temperatura y amortigua su tiempo de respuesta. Esto es \u00fatil para evitar falsas alarmas durante la supervisi\u00f3n de temperatura en el frigor\u00edfico. Los picos de temperatura breves (p. ej. al abrir las puertas) no influyen considerablemente. La temperatura medida corresponde a la temperatura real de la mercanc\u00eda almacenada. Para la supervisi\u00f3n de temperatura en el frigor\u00edfico es ideal, por ejemplo el propilenglicol; para el uso en congeladores por debajo de -20\u00a0\u00b0C se recomienda el uso de el etilenglicol.<\/article>\n<h3>Volumen de suministro<\/h3>\n<article class=\"child-2 paragraph\">&#8211; 1 registrador de datos inal\u00e1mbrico testo Saveris 2-T2 (WLAN) incl. acceso gratuito a la nube, cable Micro-USB, soporte de pared con candado, pilas (4 pilas alcalinas de manganeso AA), manual breve y protocolo de calibraci\u00f3n<br \/>\n&#8211; 2 sondas de temperatura NTC de precisi\u00f3n<br \/>\n&#8211; 2 botellas de simulaci\u00f3n de temperatura para llenarlas con un amortiguador de temperatura adecuado para el campo de aplicaci\u00f3n respectivo.<\/article>\n<\/div>\n<div class=\"medium-4\">\n<div class=\"m-cert large-12 column\"><\/div>\n<\/div>\n<\/div>\n<\/div>\n<hr \/>\n<div class=\"c2a-tabSection m-tabs\">\n<div id=\"tab-technicalData\" class=\"large-12 column m-data-tab\">\n<h2>Datos t\u00e9cnicos<\/h2>\n<table>\n<colgroup>\n<col class=\"colWidth25\" \/>\n<col \/><\/colgroup>\n<thead>\n<tr>\n<th colspan=\"2\">Datos t\u00e9cnicos generales<\/th>\n<\/tr>\n<\/thead>\n<tbody>\n<tr>\n<td class=\"table-bold\">Peso<\/td>\n<td>240 g<\/td>\n<\/tr>\n<tr>\n<td class=\"table-bold\">Medidas<\/td>\n<td>95 X 75 X 30,5 mm<\/td>\n<\/tr>\n<tr>\n<td class=\"table-bold\">Temperatura de funcionamiento<\/td>\n<td>-30 hasta +50 \u00baC<\/td>\n<\/tr>\n<tr>\n<td class=\"table-bold\">Clase de protecci\u00f3n<\/td>\n<td>IP65<\/td>\n<\/tr>\n<tr>\n<td class=\"table-bold\">Norma<\/td>\n<td>EN 12830<\/td>\n<\/tr>\n<tr>\n<td class=\"table-bold\">Conexi\u00f3n externa<\/td>\n<td>Sonda de temperatura externa<\/td>\n<\/tr>\n<tr>\n<td class=\"table-bold\">Alimentaci\u00f3n de corriente<\/td>\n<td>4 pilas AA AlMn; alimentador opcional; para temperaturas por debajo de -10 \u00b0C emplear pilas Energizer 0515 0572<\/td>\n<\/tr>\n<tr>\n<td class=\"table-bold\">Memoria<\/td>\n<td>10.000<\/td>\n<\/tr>\n<tr>\n<td class=\"table-bold\">Autonom\u00eda<\/td>\n<td>12 meses (valor t\u00edpico, depende de la infraestructura WLAN) a +25 \u00b0C, ciclo de medici\u00f3n de 15 min y ciclo de comunicaci\u00f3n est\u00e1ndar a -30 \u00b0C, ciclo de medici\u00f3n de 15 min y comunicaci\u00f3n est\u00e1ndar con pilas Energizer 0515 0572<\/td>\n<\/tr>\n<tr>\n<td class=\"table-bold\">Temperatura de almacenamiento<\/td>\n<td>-40 hasta +70 \u00baC<\/td>\n<\/tr>\n<\/tbody>\n<\/table>\n<table>\n<colgroup>\n<col class=\"colWidth25\" \/>\n<col \/><\/colgroup>\n<thead>\n<tr>\n<th colspan=\"2\">NTC<\/th>\n<\/tr>\n<\/thead>\n<tbody>\n<tr>\n<td class=\"table-bold\">Rango<\/td>\n<td>-50 hasta +150 \u00baC<\/td>\n<\/tr>\n<tr>\n<td class=\"table-bold\">Exactitud<\/td>\n<td>\u00b10,5 \u00baC<\/td>\n<\/tr>\n<tr>\n<td class=\"table-bold\">Resoluci\u00f3n<\/td>\n<td>\u00b10,1 \u00baC<\/td>\n<\/tr>\n<\/tbody>\n<\/table>\n<\/div>\n<\/div>\n","protected":false},"excerpt":{"rendered":"<p>En los frigor\u00edficos de farmacias, hospitales, laboratorios, consultas m\u00e9dicas y supermercados se almacenan mercanc\u00edas sensibles a la temperatura generalmente de gran valor. Si la mercanc\u00eda ya no es \u00fatil debido a una aver\u00eda del frigor\u00edfico es posible que surjan da\u00f1os graves y costos considerables.<\/p>\n<p>El sistema de registro de datos inal\u00e1mbrico testo Saveris 2 le ofrece una soluci\u00f3n perfecta para la supervisi\u00f3n de temperatura en el frigor\u00edfico.<\/p>\n","protected":false},"featured_media":1739,"comment_status":"open","ping_status":"closed","template":"","meta":{"_joinchat":[]},"product_brand":[],"product_cat":[15],"product_tag":[],"class_list":{"0":"post-1734","1":"product","2":"type-product","3":"status-publish","4":"has-post-thumbnail","6":"product_cat-sin-categorizar","8":"first","9":"instock","10":"shipping-taxable","11":"product-type-simple"},"yoast_head":"<!-- This site is optimized with the Yoast SEO plugin v26.4 - https:\/\/yoast.com\/wordpress\/plugins\/seo\/ -->\n<title>testo saveris 2 - Set para la supervisi\u00f3n de temperatura en el frigor\u00edfico - Abaa tienda online<\/title>\n<meta name=\"robots\" content=\"index, follow, max-snippet:-1, max-image-preview:large, max-video-preview:-1\" \/>\n<link rel=\"canonical\" href=\"https:\/\/abaa.mx\/tienda\/testo-saveris-2-set-para-la-supervision-de-temperatura-en-el-frigorifico\/\" \/>\n<meta property=\"og:locale\" content=\"es_MX\" \/>\n<meta property=\"og:type\" content=\"article\" \/>\n<meta property=\"og:title\" content=\"testo saveris 2 - Set para la supervisi\u00f3n de temperatura en el frigor\u00edfico - Abaa tienda online\" \/>\n<meta property=\"og:description\" content=\"En los frigor\u00edficos de farmacias, hospitales, laboratorios, consultas m\u00e9dicas y supermercados se almacenan mercanc\u00edas sensibles a la temperatura generalmente de gran valor. Si la mercanc\u00eda ya no es \u00fatil debido a una aver\u00eda del frigor\u00edfico es posible que surjan da\u00f1os graves y costos considerables.  El sistema de registro de datos inal\u00e1mbrico testo Saveris 2 le ofrece una soluci\u00f3n perfecta para la supervisi\u00f3n de temperatura en el frigor\u00edfico.\" \/>\n<meta property=\"og:url\" content=\"https:\/\/abaa.mx\/tienda\/testo-saveris-2-set-para-la-supervision-de-temperatura-en-el-frigorifico\/\" \/>\n<meta property=\"og:site_name\" content=\"Abaa tienda online\" \/>\n<meta property=\"article:modified_time\" content=\"2023-09-15T18:04:58+00:00\" \/>\n<meta property=\"og:image\" content=\"https:\/\/abaa.mx\/tienda\/wp-content\/uploads\/2023\/09\/testo-saveris-2-set.jpg\" \/>\n\t<meta property=\"og:image:width\" content=\"602\" \/>\n\t<meta property=\"og:image:height\" content=\"660\" \/>\n\t<meta property=\"og:image:type\" content=\"image\/jpeg\" \/>\n<meta name=\"twitter:card\" content=\"summary_large_image\" \/>\n<meta name=\"twitter:label1\" content=\"Tiempo de lectura\" \/>\n\t<meta name=\"twitter:data1\" content=\"4 minutos\" \/>\n<script type=\"application\/ld+json\" class=\"yoast-schema-graph\">{\"@context\":\"https:\/\/schema.org\",\"@graph\":[{\"@type\":\"WebPage\",\"@id\":\"https:\/\/abaa.mx\/tienda\/testo-saveris-2-set-para-la-supervision-de-temperatura-en-el-frigorifico\/\",\"url\":\"https:\/\/abaa.mx\/tienda\/testo-saveris-2-set-para-la-supervision-de-temperatura-en-el-frigorifico\/\",\"name\":\"testo saveris 2 - Set para la supervisi\u00f3n de temperatura en el frigor\u00edfico - Abaa tienda online\",\"isPartOf\":{\"@id\":\"https:\/\/abaa.mx\/tienda\/#website\"},\"primaryImageOfPage\":{\"@id\":\"https:\/\/abaa.mx\/tienda\/testo-saveris-2-set-para-la-supervision-de-temperatura-en-el-frigorifico\/#primaryimage\"},\"image\":{\"@id\":\"https:\/\/abaa.mx\/tienda\/testo-saveris-2-set-para-la-supervision-de-temperatura-en-el-frigorifico\/#primaryimage\"},\"thumbnailUrl\":\"https:\/\/abaa.mx\/tienda\/wp-content\/uploads\/2023\/09\/testo-saveris-2-set.jpg\",\"datePublished\":\"2023-09-15T18:04:57+00:00\",\"dateModified\":\"2023-09-15T18:04:58+00:00\",\"breadcrumb\":{\"@id\":\"https:\/\/abaa.mx\/tienda\/testo-saveris-2-set-para-la-supervision-de-temperatura-en-el-frigorifico\/#breadcrumb\"},\"inLanguage\":\"es\",\"potentialAction\":[{\"@type\":\"ReadAction\",\"target\":[\"https:\/\/abaa.mx\/tienda\/testo-saveris-2-set-para-la-supervision-de-temperatura-en-el-frigorifico\/\"]}]},{\"@type\":\"ImageObject\",\"inLanguage\":\"es\",\"@id\":\"https:\/\/abaa.mx\/tienda\/testo-saveris-2-set-para-la-supervision-de-temperatura-en-el-frigorifico\/#primaryimage\",\"url\":\"https:\/\/abaa.mx\/tienda\/wp-content\/uploads\/2023\/09\/testo-saveris-2-set.jpg\",\"contentUrl\":\"https:\/\/abaa.mx\/tienda\/wp-content\/uploads\/2023\/09\/testo-saveris-2-set.jpg\",\"width\":602,\"height\":660,\"caption\":\"testo saveris 2 set\"},{\"@type\":\"BreadcrumbList\",\"@id\":\"https:\/\/abaa.mx\/tienda\/testo-saveris-2-set-para-la-supervision-de-temperatura-en-el-frigorifico\/#breadcrumb\",\"itemListElement\":[{\"@type\":\"ListItem\",\"position\":1,\"name\":\"Inicio\",\"item\":\"https:\/\/abaa.mx\/tienda\/\"},{\"@type\":\"ListItem\",\"position\":2,\"name\":\"Tienda\",\"item\":\"https:\/\/abaa.mx\/tienda\/\"},{\"@type\":\"ListItem\",\"position\":3,\"name\":\"testo saveris 2 &#8211; Set para la supervisi\u00f3n de temperatura en el frigor\u00edfico\"}]},{\"@type\":\"WebSite\",\"@id\":\"https:\/\/abaa.mx\/tienda\/#website\",\"url\":\"https:\/\/abaa.mx\/tienda\/\",\"name\":\"Abaa tienda online\",\"description\":\"Instrumentos de medici\u00f3n\",\"publisher\":{\"@id\":\"https:\/\/abaa.mx\/tienda\/#organization\"},\"potentialAction\":[{\"@type\":\"SearchAction\",\"target\":{\"@type\":\"EntryPoint\",\"urlTemplate\":\"https:\/\/abaa.mx\/tienda\/?s={search_term_string}\"},\"query-input\":{\"@type\":\"PropertyValueSpecification\",\"valueRequired\":true,\"valueName\":\"search_term_string\"}}],\"inLanguage\":\"es\"},{\"@type\":\"Organization\",\"@id\":\"https:\/\/abaa.mx\/tienda\/#organization\",\"name\":\"Abaa tienda online\",\"url\":\"https:\/\/abaa.mx\/tienda\/\",\"logo\":{\"@type\":\"ImageObject\",\"inLanguage\":\"es\",\"@id\":\"https:\/\/abaa.mx\/tienda\/#\/schema\/logo\/image\/\",\"url\":\"https:\/\/abaa.mx\/tienda\/wp-content\/uploads\/2024\/01\/abaa-metrologia-tienda.png\",\"contentUrl\":\"https:\/\/abaa.mx\/tienda\/wp-content\/uploads\/2024\/01\/abaa-metrologia-tienda.png\",\"width\":300,\"height\":141,\"caption\":\"Abaa tienda online\"},\"image\":{\"@id\":\"https:\/\/abaa.mx\/tienda\/#\/schema\/logo\/image\/\"}}]}<\/script>\n<!-- \/ Yoast SEO plugin. -->","yoast_head_json":{"title":"testo saveris 2 - Set para la supervisi\u00f3n de temperatura en el frigor\u00edfico - Abaa tienda online","robots":{"index":"index","follow":"follow","max-snippet":"max-snippet:-1","max-image-preview":"max-image-preview:large","max-video-preview":"max-video-preview:-1"},"canonical":"https:\/\/abaa.mx\/tienda\/testo-saveris-2-set-para-la-supervision-de-temperatura-en-el-frigorifico\/","og_locale":"es_MX","og_type":"article","og_title":"testo saveris 2 - Set para la supervisi\u00f3n de temperatura en el frigor\u00edfico - Abaa tienda online","og_description":"En los frigor\u00edficos de farmacias, hospitales, laboratorios, consultas m\u00e9dicas y supermercados se almacenan mercanc\u00edas sensibles a la temperatura generalmente de gran valor. Si la mercanc\u00eda ya no es \u00fatil debido a una aver\u00eda del frigor\u00edfico es posible que surjan da\u00f1os graves y costos considerables.  El sistema de registro de datos inal\u00e1mbrico testo Saveris 2 le ofrece una soluci\u00f3n perfecta para la supervisi\u00f3n de temperatura en el frigor\u00edfico.","og_url":"https:\/\/abaa.mx\/tienda\/testo-saveris-2-set-para-la-supervision-de-temperatura-en-el-frigorifico\/","og_site_name":"Abaa tienda online","article_modified_time":"2023-09-15T18:04:58+00:00","og_image":[{"width":602,"height":660,"url":"https:\/\/abaa.mx\/tienda\/wp-content\/uploads\/2023\/09\/testo-saveris-2-set.jpg","type":"image\/jpeg"}],"twitter_card":"summary_large_image","twitter_misc":{"Tiempo de lectura":"4 minutos"},"schema":{"@context":"https:\/\/schema.org","@graph":[{"@type":"WebPage","@id":"https:\/\/abaa.mx\/tienda\/testo-saveris-2-set-para-la-supervision-de-temperatura-en-el-frigorifico\/","url":"https:\/\/abaa.mx\/tienda\/testo-saveris-2-set-para-la-supervision-de-temperatura-en-el-frigorifico\/","name":"testo saveris 2 - Set para la supervisi\u00f3n de temperatura en el frigor\u00edfico - Abaa tienda online","isPartOf":{"@id":"https:\/\/abaa.mx\/tienda\/#website"},"primaryImageOfPage":{"@id":"https:\/\/abaa.mx\/tienda\/testo-saveris-2-set-para-la-supervision-de-temperatura-en-el-frigorifico\/#primaryimage"},"image":{"@id":"https:\/\/abaa.mx\/tienda\/testo-saveris-2-set-para-la-supervision-de-temperatura-en-el-frigorifico\/#primaryimage"},"thumbnailUrl":"https:\/\/abaa.mx\/tienda\/wp-content\/uploads\/2023\/09\/testo-saveris-2-set.jpg","datePublished":"2023-09-15T18:04:57+00:00","dateModified":"2023-09-15T18:04:58+00:00","breadcrumb":{"@id":"https:\/\/abaa.mx\/tienda\/testo-saveris-2-set-para-la-supervision-de-temperatura-en-el-frigorifico\/#breadcrumb"},"inLanguage":"es","potentialAction":[{"@type":"ReadAction","target":["https:\/\/abaa.mx\/tienda\/testo-saveris-2-set-para-la-supervision-de-temperatura-en-el-frigorifico\/"]}]},{"@type":"ImageObject","inLanguage":"es","@id":"https:\/\/abaa.mx\/tienda\/testo-saveris-2-set-para-la-supervision-de-temperatura-en-el-frigorifico\/#primaryimage","url":"https:\/\/abaa.mx\/tienda\/wp-content\/uploads\/2023\/09\/testo-saveris-2-set.jpg","contentUrl":"https:\/\/abaa.mx\/tienda\/wp-content\/uploads\/2023\/09\/testo-saveris-2-set.jpg","width":602,"height":660,"caption":"testo saveris 2 set"},{"@type":"BreadcrumbList","@id":"https:\/\/abaa.mx\/tienda\/testo-saveris-2-set-para-la-supervision-de-temperatura-en-el-frigorifico\/#breadcrumb","itemListElement":[{"@type":"ListItem","position":1,"name":"Inicio","item":"https:\/\/abaa.mx\/tienda\/"},{"@type":"ListItem","position":2,"name":"Tienda","item":"https:\/\/abaa.mx\/tienda\/"},{"@type":"ListItem","position":3,"name":"testo saveris 2 &#8211; Set para la supervisi\u00f3n de temperatura en el frigor\u00edfico"}]},{"@type":"WebSite","@id":"https:\/\/abaa.mx\/tienda\/#website","url":"https:\/\/abaa.mx\/tienda\/","name":"Abaa tienda online","description":"Instrumentos de medici\u00f3n","publisher":{"@id":"https:\/\/abaa.mx\/tienda\/#organization"},"potentialAction":[{"@type":"SearchAction","target":{"@type":"EntryPoint","urlTemplate":"https:\/\/abaa.mx\/tienda\/?s={search_term_string}"},"query-input":{"@type":"PropertyValueSpecification","valueRequired":true,"valueName":"search_term_string"}}],"inLanguage":"es"},{"@type":"Organization","@id":"https:\/\/abaa.mx\/tienda\/#organization","name":"Abaa tienda online","url":"https:\/\/abaa.mx\/tienda\/","logo":{"@type":"ImageObject","inLanguage":"es","@id":"https:\/\/abaa.mx\/tienda\/#\/schema\/logo\/image\/","url":"https:\/\/abaa.mx\/tienda\/wp-content\/uploads\/2024\/01\/abaa-metrologia-tienda.png","contentUrl":"https:\/\/abaa.mx\/tienda\/wp-content\/uploads\/2024\/01\/abaa-metrologia-tienda.png","width":300,"height":141,"caption":"Abaa tienda online"},"image":{"@id":"https:\/\/abaa.mx\/tienda\/#\/schema\/logo\/image\/"}}]}},"_links":{"self":[{"href":"https:\/\/abaa.mx\/tienda\/wp-json\/wp\/v2\/product\/1734","targetHints":{"allow":["GET"]}}],"collection":[{"href":"https:\/\/abaa.mx\/tienda\/wp-json\/wp\/v2\/product"}],"about":[{"href":"https:\/\/abaa.mx\/tienda\/wp-json\/wp\/v2\/types\/product"}],"replies":[{"embeddable":true,"href":"https:\/\/abaa.mx\/tienda\/wp-json\/wp\/v2\/comments?post=1734"}],"wp:featuredmedia":[{"embeddable":true,"href":"https:\/\/abaa.mx\/tienda\/wp-json\/wp\/v2\/media\/1739"}],"wp:attachment":[{"href":"https:\/\/abaa.mx\/tienda\/wp-json\/wp\/v2\/media?parent=1734"}],"wp:term":[{"taxonomy":"product_brand","embeddable":true,"href":"https:\/\/abaa.mx\/tienda\/wp-json\/wp\/v2\/product_brand?post=1734"},{"taxonomy":"product_cat","embeddable":true,"href":"https:\/\/abaa.mx\/tienda\/wp-json\/wp\/v2\/product_cat?post=1734"},{"taxonomy":"product_tag","embeddable":true,"href":"https:\/\/abaa.mx\/tienda\/wp-json\/wp\/v2\/product_tag?post=1734"}],"curies":[{"name":"wp","href":"https:\/\/api.w.org\/{rel}","templated":true}]}}