{"id":1732,"date":"2023-09-15T18:10:44","date_gmt":"2023-09-15T18:10:44","guid":{"rendered":"https:\/\/abaa.mx\/tienda\/?post_type=product&#038;p=1732"},"modified":"2023-09-15T18:10:45","modified_gmt":"2023-09-15T18:10:45","slug":"testo-saveris-2-t3-registrador-de-datos-wifi-con-pantalla-y-2-conexiones-para-sondas-de-temperatura-tp","status":"publish","type":"product","link":"https:\/\/abaa.mx\/tienda\/testo-saveris-2-t3-registrador-de-datos-wifi-con-pantalla-y-2-conexiones-para-sondas-de-temperatura-tp\/","title":{"rendered":"testo saveris 2-t3 &#8211; registrador de datos wifi con pantalla y 2 conexiones para sondas de temperatura tp"},"content":{"rendered":"<p>El sistema de registro de datos WiFi testo Saveris 2 es la soluci\u00f3n simple, flexible y segura para medici\u00f3n y monitorizaci\u00f3n de los valores de temperatura durante los procesos o en sus almacenes, c\u00e1maras de refrigeraci\u00f3n y salas de trabajo. Instalar el sistema es un juego de ni\u00f1os y se puede realizar a trav\u00e9s de un navegador.<\/p>\n<div class=\"m-list\">\n<ul class=\"list-elements\">\n<li>Posibilidad de gran rango de medici\u00f3n de -195 \u2026 +1.350 \u00b0C mediante sonda conectable<\/li>\n<li>Sistema de registro de datos por WiFI con instalaci\u00f3n y manejo f\u00e1cil<\/li>\n<li>Acceder a los datos de medici\u00f3n y evaluarlos en cualquier momento a trav\u00e9s de smartphone, tablet o PC<\/li>\n<li>Alerta por correo electr\u00f3nico o mensaje de texto al m\u00f3vil (opcional) cuando se sobrepasan los valores l\u00edmites<\/li>\n<\/ul>\n<\/div>\n<p class=\"text\">Supervise las temperaturas en sus almacenes, c\u00e1maras frigor\u00edficas y salas de trabajo, o en procesos con el registrador de datos WiFi testo Saveris 2-T3. Las temperaturas medidas con las sondas conectables se registran tambi\u00e9n de forma fiable por per\u00edodos prolongados y enviados directamente a la nube Testo (almacenamiento de datos en l\u00ednea) a trav\u00e9s de su WLAN. Navegando en Internet desde su smartphone, tablet o PC, usted puede acceder a dichas lecturas en todo momento y desde cualquier parte.<\/p>\n<div class=\"c2a-tabSection m-tabs\">\n<div id=\"tab-details\" class=\"large-12 column m-tab-pdp\">\n<div class=\"medium-8\">\n<article class=\"child-1 paragraph\">\n<h3>Supervisi\u00f3n de temperatura con testo Saveris 2<\/h3>\n<p>El sistema para la supervisi\u00f3n de temperatura est\u00e1 compuesto, como m\u00ednimo, de un registrador de datos WiFi y un acceso a la nube (almacenamiento de datos en l\u00ednea). Como parte de este sistema de registro de datos, el registrador de datos testo Saveris 2-T3 con hasta 2 sondas de temperatura de termopar (tipos TP K, T, J) conectables, almacena y transmite todos los valores de temperatura y de contactos de puerta medidos directamente a la nube Testo a trav\u00e9s de su WLAN. Mediante las sondas TP conectables es posible obtener un gran rango de medici\u00f3n de -200\u00a0\u2026\u00a0+1.350\u00a0\u00b0C. Mediante la funci\u00f3n de alarma puede hacer que se le alerte por correo electr\u00f3nico o mensaje de texto (opcional) cuando se sobrepasan los valores l\u00edmites.<\/p>\n<h3>Los paquetes de nube Testo: Basic (gratuito) y Advanced<\/h3>\n<p>La nube Testo es tambi\u00e9n el control central para la configuraci\u00f3n de su sistema testo Saveris 2. Aqu\u00ed es posible configurar el registrador de datos WiFi, ajustar las alarmas para valores l\u00edmite y analizar los tiempos de ajuste. Puede acceder a todas las lecturas y funciones de an\u00e1lisis, en todo momento y desde cualquier parte, mediante un tel\u00e9fono inteligente, tableta o PC con conexi\u00f3n a Internet. Para acceder a la nube Testo debe registrarse primero en www.saveris.net.<\/p>\n<p>Seg\u00fan las funciones deseadas existe la posibilidad de usar la nube Testo eligiendo entre una funcionalidad B\u00e1sica gratuita y una funcionalidad Avanzada m\u00e1s amplia:<\/p>\n<table border=\"1\" cellspacing=\"0\" cellpadding=\"0\">\n<tbody>\n<tr>\n<td><\/td>\n<td><strong>Basic (gratuito)<\/strong><\/td>\n<td><strong>Advanced<\/strong><\/td>\n<\/tr>\n<tr>\n<td><strong>Intervalo de medici\u00f3n<\/strong><\/td>\n<td>15 min. &#8230; 24 h<\/td>\n<td>\u00a01 min. &#8230; 24 h<\/td>\n<\/tr>\n<tr>\n<td><strong>Intervalo de comunicaci\u00f3n<\/strong><\/td>\n<td>15 min. &#8230; 24 h<\/td>\n<td>\u00a01 min. &#8230; 24 h<\/td>\n<\/tr>\n<tr>\n<td><strong>Almacenamiento de datos<\/strong><\/td>\n<td>m\u00e1x. 3 meses<\/td>\n<td>m\u00e1x. 2 a\u00f1os<\/td>\n<\/tr>\n<tr>\n<td><strong>Informes<\/strong><\/td>\n<td>manual (.pdf\/.csv)<\/td>\n<td>manual (.pdf\/.csv)<br \/>\nautom\u00e1tico (.pdf\/.csv)<\/td>\n<\/tr>\n<tr>\n<td><strong>N\u00famero de usuarios por cada cuenta<\/strong><\/td>\n<td>1<\/td>\n<td>10<\/td>\n<\/tr>\n<tr>\n<td><strong>Cantidad de registradores de datos WiFi por cada cuenta<\/strong><\/td>\n<td>Ilimitada<\/td>\n<td>Ilimitada<\/td>\n<\/tr>\n<tr>\n<td><strong>Opciones de alarma<\/strong><\/td>\n<td>L\u00edmites de alarma superior\/inferior<\/td>\n<td>\u2022 L\u00edmites de alarma superior\/inferior<br \/>\n\u2022 Retardo de alarma<br \/>\n\u2022 Temporizaci\u00f3n de alarmas<\/td>\n<\/tr>\n<tr>\n<td><strong>Notificaciones del sistema<\/strong><\/td>\n<td>\u2022 Notificaci\u00f3n de bater\u00eda baja<br \/>\n\u2022 Conexi\u00f3n por radio interrumpida<br \/>\n\u2022 Suministro de corriente interrumpido<\/td>\n<td>\u2022 Notificaci\u00f3n de bater\u00eda baja<br \/>\n\u2022 Conexi\u00f3n por radio interrumpida<br \/>\n\u2022 Suministro de corriente interrumpido<\/td>\n<\/tr>\n<tr>\n<td><strong>Alerta por correo electr\u00f3nico<\/strong><\/td>\n<td>s\u00ed<\/td>\n<td>s\u00ed<\/td>\n<\/tr>\n<tr>\n<td><strong>Alarmas por mensaje de texto<\/strong><\/td>\n<td>no<\/td>\n<td>\u2022 Incl. 25 mensajes de texto por registrador\/a\u00f1o<br \/>\n\u2022 Opci\u00f3n de compra de paquetes de mensajes de texto adicionales<\/td>\n<\/tr>\n<tr>\n<td><strong>Exportaci\u00f3n de los datos de medici\u00f3n (interfaz API)<\/strong><\/td>\n<td>no<\/td>\n<td>s\u00ed<\/td>\n<\/tr>\n<\/tbody>\n<\/table>\n<h3>Registradores de datos WiFi: Ventajas y funciones<\/h3>\n<p>En la pantalla del registrador de datos pueden visualizarse las lecturas actuales, los incumplimientos de valores l\u00edmites y el tiempo restante de carga de la pila. Las pilas est\u00e1ndar (AA) tienen una duraci\u00f3n de 12 meses y pueden ser reemplazadas en cualquier momento por el mismo usuario. La memoria interna del registrador de datos WiFi tiene una capacidad para 2 veces 10.000 lecturas, y la caja est\u00e1 protegida seg\u00fan IP54.<\/p>\n<p><strong>Nota:<\/strong><br \/>\nPara utilizar el registrador de datos WiFi testo Saveris 2-T3 se necesita adicionalmente por lo menos una sonda termopar conectable (opcional).<br \/>\n<\/article>\n<h3>Volumen de suministro<\/h3>\n<article class=\"child-2 paragraph\">\n<ul>\n<li>Registrador de datos WiFi testo Saveris 2-T3<\/li>\n<li>Incluye un acceso gratuito a la nube (funcionalidad B\u00e1sica)<\/li>\n<li>Cable Micro USB<\/li>\n<li>Soporte de pared con cerradura<\/li>\n<li>Pilas (4 mignon AA AlMn)<\/li>\n<li>Gu\u00eda r\u00e1pida<\/li>\n<li>Protocolo de calibraci\u00f3n<\/li>\n<\/ul>\n<p><strong>Nota:<\/strong><\/p>\n<p>Para utilizar el registrador de datos WiFi testo Saveris 2-T3 se necesita adicionalmente por lo menos una sonda termopar conectable (opcional).<br \/>\n<\/article>\n<\/div>\n<div class=\"medium-4\">\n<div class=\"m-cert large-12 column\"><\/div>\n<\/div>\n<\/div>\n<\/div>\n<hr \/>\n<div class=\"c2a-tabSection m-tabs\">\n<div id=\"tab-technicalData\" class=\"large-12 column m-data-tab\">\n<h2>Datos t\u00e9cnicos<\/h2>\n<table>\n<colgroup>\n<col class=\"colWidth25\" \/>\n<col \/><\/colgroup>\n<thead>\n<tr>\n<th colspan=\"2\">Datos t\u00e9cnicos generales<\/th>\n<\/tr>\n<\/thead>\n<tbody>\n<tr>\n<td class=\"table-bold\">Peso<\/td>\n<td>240<\/td>\n<\/tr>\n<tr>\n<td class=\"table-bold\">Medidas<\/td>\n<td>95 X 75 X 30,5 mm<\/td>\n<\/tr>\n<tr>\n<td class=\"table-bold\">Temperatura de funcionamiento<\/td>\n<td>-30 hasta +50 \u00baC<\/td>\n<\/tr>\n<tr>\n<td class=\"table-bold\">Clase de protecci\u00f3n<\/td>\n<td>IP54<\/td>\n<\/tr>\n<tr>\n<td class=\"table-bold\">Intervalo de medici\u00f3n<\/td>\n<td>En funci\u00f3n de licencia para la nube; B\u00e1sica: 15 min. &#8230; 24 h \/ Ampliada: 1 min. &#8230; 24 h<\/td>\n<\/tr>\n<tr>\n<td class=\"table-bold\">Contacto de puerta<\/td>\n<td>&#8211;<\/td>\n<\/tr>\n<tr>\n<td class=\"table-bold\">Intervalo de comunicaci\u00f3n<\/td>\n<td>En funci\u00f3n de licencia para la nube; B\u00e1sica: 15 min. &#8230; 24 h \/ Ampliada: 1 min. &#8230; 24 h<\/td>\n<\/tr>\n<tr>\n<td class=\"table-bold\">WLAN Connectivity<\/td>\n<td>Transmisi\u00f3n de la se\u00f1al: inal\u00e1mbrica; Posibles m\u00e9todos de cifrado: sin cifrado, WEP, WPA, WPA2, WPA2 Enterprise &#8211; Los registradores de datos se comunican a trav\u00e9s del protocolo est\u00e1ndar MQTT y dominan la sincronizaci\u00f3n temporal SNTP.<\/td>\n<\/tr>\n<tr>\n<td class=\"table-bold\">Conexi\u00f3n externa<\/td>\n<td>Sonda de temperatura externa<\/td>\n<\/tr>\n<tr>\n<td class=\"table-bold\">Alimentaci\u00f3n de corriente<\/td>\n<td>4 pilas ABA AlMn; alimentador opcional; para temperaturas por debajo de -10 \u00b0C emplear pilas Energizer 0515 0572<\/td>\n<\/tr>\n<tr>\n<td class=\"table-bold\">Memoria<\/td>\n<td>10.000 valores de medici\u00f3n \/ canal<\/td>\n<\/tr>\n<tr>\n<td class=\"table-bold\">Autonom\u00eda<\/td>\n<td>12 meses (valor t\u00edpico, depende de la infraestructura WLAN) a +25 \u00b0C, ciclo de medici\u00f3n de 15 min y ciclo de comunicaci\u00f3n est\u00e1ndar a -30 \u00b0C, ciclo de medici\u00f3n de 15 min y comunicaci\u00f3n est\u00e1ndar con pilas Energizer 0515 0572<\/td>\n<\/tr>\n<tr>\n<td class=\"table-bold\">Temperatura de almacenamiento<\/td>\n<td>-40 hasta +70 \u00baC (sin pilas)<\/td>\n<\/tr>\n<\/tbody>\n<\/table>\n<table>\n<colgroup>\n<col class=\"colWidth25\" \/>\n<col \/><\/colgroup>\n<thead>\n<tr>\n<th colspan=\"2\">Tipo K (NiCr-Ni)<\/th>\n<\/tr>\n<\/thead>\n<tbody>\n<tr>\n<td class=\"table-bold\">Rango<\/td>\n<td>-195 hasta +1350 \u00baC<\/td>\n<\/tr>\n<tr>\n<td class=\"table-bold\">Exactitud<\/td>\n<td>\u00b1(0,5 + 0,5 % del v.m.) \u00baC<\/td>\n<\/tr>\n<tr>\n<td class=\"table-bold\">Resoluci\u00f3n<\/td>\n<td>0,1 \u00baC<\/td>\n<\/tr>\n<\/tbody>\n<\/table>\n<table>\n<colgroup>\n<col class=\"colWidth25\" \/>\n<col \/><\/colgroup>\n<thead>\n<tr>\n<th colspan=\"2\">Tipo T (Cu-CuNi)<\/th>\n<\/tr>\n<\/thead>\n<tbody>\n<tr>\n<td class=\"table-bold\">Rango<\/td>\n<td>-200 hasta +400 \u00baC<\/td>\n<\/tr>\n<tr>\n<td class=\"table-bold\">Exactitud<\/td>\n<td>\u00b1(0,5 + 0,5 % del v.m.) \u00baC<\/td>\n<\/tr>\n<tr>\n<td class=\"table-bold\">Resoluci\u00f3n<\/td>\n<td>0,1 \u00baC<\/td>\n<\/tr>\n<\/tbody>\n<\/table>\n<table>\n<colgroup>\n<col class=\"colWidth25\" \/>\n<col \/><\/colgroup>\n<thead>\n<tr>\n<th colspan=\"2\">Tipo J (Fe-CuNi)<\/th>\n<\/tr>\n<\/thead>\n<tbody>\n<tr>\n<td class=\"table-bold\">Rango<\/td>\n<td>-100 hasta +750 \u00baC<\/td>\n<\/tr>\n<tr>\n<td class=\"table-bold\">Exactitud<\/td>\n<td>\u00b1(0,5 + 0,5 % del v.m.) \u00baC<\/td>\n<\/tr>\n<tr>\n<td class=\"table-bold\">Resoluci\u00f3n<\/td>\n<td>0,1 \u00baC<\/td>\n<\/tr>\n<\/tbody>\n<\/table>\n<\/div>\n<\/div>\n","protected":false},"excerpt":{"rendered":"<p>El sistema de registro de datos WiFi testo Saveris 2 es la soluci\u00f3n simple, flexible y segura para medici\u00f3n y monitorizaci\u00f3n de los valores de temperatura durante los procesos o en sus almacenes, c\u00e1maras de refrigeraci\u00f3n y salas de trabajo. Instalar el sistema es un juego de ni\u00f1os y se puede realizar a trav\u00e9s de un navegador.<\/p>\n","protected":false},"featured_media":1744,"comment_status":"open","ping_status":"closed","template":"","meta":{"_joinchat":[]},"product_brand":[],"product_cat":[15],"product_tag":[],"class_list":{"0":"post-1732","1":"product","2":"type-product","3":"status-publish","4":"has-post-thumbnail","6":"product_cat-sin-categorizar","8":"first","9":"instock","10":"shipping-taxable","11":"product-type-simple"},"yoast_head":"<!-- This site is optimized with the Yoast SEO plugin v26.4 - https:\/\/yoast.com\/wordpress\/plugins\/seo\/ -->\n<title>testo saveris 2-t3 - registrador de datos wifi con pantalla y 2 conexiones para sondas de temperatura tp - Abaa tienda online<\/title>\n<meta name=\"robots\" content=\"index, follow, max-snippet:-1, max-image-preview:large, max-video-preview:-1\" \/>\n<link rel=\"canonical\" href=\"https:\/\/abaa.mx\/tienda\/testo-saveris-2-t3-registrador-de-datos-wifi-con-pantalla-y-2-conexiones-para-sondas-de-temperatura-tp\/\" \/>\n<meta property=\"og:locale\" content=\"es_MX\" \/>\n<meta property=\"og:type\" content=\"article\" \/>\n<meta property=\"og:title\" content=\"testo saveris 2-t3 - registrador de datos wifi con pantalla y 2 conexiones para sondas de temperatura tp - Abaa tienda online\" \/>\n<meta property=\"og:description\" content=\"El sistema de registro de datos WiFi testo Saveris 2 es la soluci\u00f3n simple, flexible y segura para medici\u00f3n y monitorizaci\u00f3n de los valores de temperatura durante los procesos o en sus almacenes, c\u00e1maras de refrigeraci\u00f3n y salas de trabajo. Instalar el sistema es un juego de ni\u00f1os y se puede realizar a trav\u00e9s de un navegador.\" \/>\n<meta property=\"og:url\" content=\"https:\/\/abaa.mx\/tienda\/testo-saveris-2-t3-registrador-de-datos-wifi-con-pantalla-y-2-conexiones-para-sondas-de-temperatura-tp\/\" \/>\n<meta property=\"og:site_name\" content=\"Abaa tienda online\" \/>\n<meta property=\"article:modified_time\" content=\"2023-09-15T18:10:45+00:00\" \/>\n<meta property=\"og:image\" content=\"https:\/\/abaa.mx\/tienda\/wp-content\/uploads\/2023\/09\/testo-Saveris2-T3.jpg\" \/>\n\t<meta property=\"og:image:width\" content=\"447\" \/>\n\t<meta property=\"og:image:height\" content=\"660\" \/>\n\t<meta property=\"og:image:type\" content=\"image\/jpeg\" \/>\n<meta name=\"twitter:card\" content=\"summary_large_image\" \/>\n<meta name=\"twitter:label1\" content=\"Tiempo de lectura\" \/>\n\t<meta name=\"twitter:data1\" content=\"5 minutos\" \/>\n<script type=\"application\/ld+json\" class=\"yoast-schema-graph\">{\"@context\":\"https:\/\/schema.org\",\"@graph\":[{\"@type\":\"WebPage\",\"@id\":\"https:\/\/abaa.mx\/tienda\/testo-saveris-2-t3-registrador-de-datos-wifi-con-pantalla-y-2-conexiones-para-sondas-de-temperatura-tp\/\",\"url\":\"https:\/\/abaa.mx\/tienda\/testo-saveris-2-t3-registrador-de-datos-wifi-con-pantalla-y-2-conexiones-para-sondas-de-temperatura-tp\/\",\"name\":\"testo saveris 2-t3 - registrador de datos wifi con pantalla y 2 conexiones para sondas de temperatura tp - Abaa tienda online\",\"isPartOf\":{\"@id\":\"https:\/\/abaa.mx\/tienda\/#website\"},\"primaryImageOfPage\":{\"@id\":\"https:\/\/abaa.mx\/tienda\/testo-saveris-2-t3-registrador-de-datos-wifi-con-pantalla-y-2-conexiones-para-sondas-de-temperatura-tp\/#primaryimage\"},\"image\":{\"@id\":\"https:\/\/abaa.mx\/tienda\/testo-saveris-2-t3-registrador-de-datos-wifi-con-pantalla-y-2-conexiones-para-sondas-de-temperatura-tp\/#primaryimage\"},\"thumbnailUrl\":\"https:\/\/abaa.mx\/tienda\/wp-content\/uploads\/2023\/09\/testo-Saveris2-T3.jpg\",\"datePublished\":\"2023-09-15T18:10:44+00:00\",\"dateModified\":\"2023-09-15T18:10:45+00:00\",\"breadcrumb\":{\"@id\":\"https:\/\/abaa.mx\/tienda\/testo-saveris-2-t3-registrador-de-datos-wifi-con-pantalla-y-2-conexiones-para-sondas-de-temperatura-tp\/#breadcrumb\"},\"inLanguage\":\"es\",\"potentialAction\":[{\"@type\":\"ReadAction\",\"target\":[\"https:\/\/abaa.mx\/tienda\/testo-saveris-2-t3-registrador-de-datos-wifi-con-pantalla-y-2-conexiones-para-sondas-de-temperatura-tp\/\"]}]},{\"@type\":\"ImageObject\",\"inLanguage\":\"es\",\"@id\":\"https:\/\/abaa.mx\/tienda\/testo-saveris-2-t3-registrador-de-datos-wifi-con-pantalla-y-2-conexiones-para-sondas-de-temperatura-tp\/#primaryimage\",\"url\":\"https:\/\/abaa.mx\/tienda\/wp-content\/uploads\/2023\/09\/testo-Saveris2-T3.jpg\",\"contentUrl\":\"https:\/\/abaa.mx\/tienda\/wp-content\/uploads\/2023\/09\/testo-Saveris2-T3.jpg\",\"width\":447,\"height\":660,\"caption\":\"testo-Saveris2-T3\"},{\"@type\":\"BreadcrumbList\",\"@id\":\"https:\/\/abaa.mx\/tienda\/testo-saveris-2-t3-registrador-de-datos-wifi-con-pantalla-y-2-conexiones-para-sondas-de-temperatura-tp\/#breadcrumb\",\"itemListElement\":[{\"@type\":\"ListItem\",\"position\":1,\"name\":\"Inicio\",\"item\":\"https:\/\/abaa.mx\/tienda\/\"},{\"@type\":\"ListItem\",\"position\":2,\"name\":\"Tienda\",\"item\":\"https:\/\/abaa.mx\/tienda\/\"},{\"@type\":\"ListItem\",\"position\":3,\"name\":\"testo saveris 2-t3 &#8211; registrador de datos wifi con pantalla y 2 conexiones para sondas de temperatura tp\"}]},{\"@type\":\"WebSite\",\"@id\":\"https:\/\/abaa.mx\/tienda\/#website\",\"url\":\"https:\/\/abaa.mx\/tienda\/\",\"name\":\"Abaa tienda online\",\"description\":\"Instrumentos de medici\u00f3n\",\"publisher\":{\"@id\":\"https:\/\/abaa.mx\/tienda\/#organization\"},\"potentialAction\":[{\"@type\":\"SearchAction\",\"target\":{\"@type\":\"EntryPoint\",\"urlTemplate\":\"https:\/\/abaa.mx\/tienda\/?s={search_term_string}\"},\"query-input\":{\"@type\":\"PropertyValueSpecification\",\"valueRequired\":true,\"valueName\":\"search_term_string\"}}],\"inLanguage\":\"es\"},{\"@type\":\"Organization\",\"@id\":\"https:\/\/abaa.mx\/tienda\/#organization\",\"name\":\"Abaa tienda online\",\"url\":\"https:\/\/abaa.mx\/tienda\/\",\"logo\":{\"@type\":\"ImageObject\",\"inLanguage\":\"es\",\"@id\":\"https:\/\/abaa.mx\/tienda\/#\/schema\/logo\/image\/\",\"url\":\"https:\/\/abaa.mx\/tienda\/wp-content\/uploads\/2024\/01\/abaa-metrologia-tienda.png\",\"contentUrl\":\"https:\/\/abaa.mx\/tienda\/wp-content\/uploads\/2024\/01\/abaa-metrologia-tienda.png\",\"width\":300,\"height\":141,\"caption\":\"Abaa tienda online\"},\"image\":{\"@id\":\"https:\/\/abaa.mx\/tienda\/#\/schema\/logo\/image\/\"}}]}<\/script>\n<!-- \/ Yoast SEO plugin. -->","yoast_head_json":{"title":"testo saveris 2-t3 - registrador de datos wifi con pantalla y 2 conexiones para sondas de temperatura tp - Abaa tienda online","robots":{"index":"index","follow":"follow","max-snippet":"max-snippet:-1","max-image-preview":"max-image-preview:large","max-video-preview":"max-video-preview:-1"},"canonical":"https:\/\/abaa.mx\/tienda\/testo-saveris-2-t3-registrador-de-datos-wifi-con-pantalla-y-2-conexiones-para-sondas-de-temperatura-tp\/","og_locale":"es_MX","og_type":"article","og_title":"testo saveris 2-t3 - registrador de datos wifi con pantalla y 2 conexiones para sondas de temperatura tp - Abaa tienda online","og_description":"El sistema de registro de datos WiFi testo Saveris 2 es la soluci\u00f3n simple, flexible y segura para medici\u00f3n y monitorizaci\u00f3n de los valores de temperatura durante los procesos o en sus almacenes, c\u00e1maras de refrigeraci\u00f3n y salas de trabajo. Instalar el sistema es un juego de ni\u00f1os y se puede realizar a trav\u00e9s de un navegador.","og_url":"https:\/\/abaa.mx\/tienda\/testo-saveris-2-t3-registrador-de-datos-wifi-con-pantalla-y-2-conexiones-para-sondas-de-temperatura-tp\/","og_site_name":"Abaa tienda online","article_modified_time":"2023-09-15T18:10:45+00:00","og_image":[{"width":447,"height":660,"url":"https:\/\/abaa.mx\/tienda\/wp-content\/uploads\/2023\/09\/testo-Saveris2-T3.jpg","type":"image\/jpeg"}],"twitter_card":"summary_large_image","twitter_misc":{"Tiempo de lectura":"5 minutos"},"schema":{"@context":"https:\/\/schema.org","@graph":[{"@type":"WebPage","@id":"https:\/\/abaa.mx\/tienda\/testo-saveris-2-t3-registrador-de-datos-wifi-con-pantalla-y-2-conexiones-para-sondas-de-temperatura-tp\/","url":"https:\/\/abaa.mx\/tienda\/testo-saveris-2-t3-registrador-de-datos-wifi-con-pantalla-y-2-conexiones-para-sondas-de-temperatura-tp\/","name":"testo saveris 2-t3 - registrador de datos wifi con pantalla y 2 conexiones para sondas de temperatura tp - Abaa tienda online","isPartOf":{"@id":"https:\/\/abaa.mx\/tienda\/#website"},"primaryImageOfPage":{"@id":"https:\/\/abaa.mx\/tienda\/testo-saveris-2-t3-registrador-de-datos-wifi-con-pantalla-y-2-conexiones-para-sondas-de-temperatura-tp\/#primaryimage"},"image":{"@id":"https:\/\/abaa.mx\/tienda\/testo-saveris-2-t3-registrador-de-datos-wifi-con-pantalla-y-2-conexiones-para-sondas-de-temperatura-tp\/#primaryimage"},"thumbnailUrl":"https:\/\/abaa.mx\/tienda\/wp-content\/uploads\/2023\/09\/testo-Saveris2-T3.jpg","datePublished":"2023-09-15T18:10:44+00:00","dateModified":"2023-09-15T18:10:45+00:00","breadcrumb":{"@id":"https:\/\/abaa.mx\/tienda\/testo-saveris-2-t3-registrador-de-datos-wifi-con-pantalla-y-2-conexiones-para-sondas-de-temperatura-tp\/#breadcrumb"},"inLanguage":"es","potentialAction":[{"@type":"ReadAction","target":["https:\/\/abaa.mx\/tienda\/testo-saveris-2-t3-registrador-de-datos-wifi-con-pantalla-y-2-conexiones-para-sondas-de-temperatura-tp\/"]}]},{"@type":"ImageObject","inLanguage":"es","@id":"https:\/\/abaa.mx\/tienda\/testo-saveris-2-t3-registrador-de-datos-wifi-con-pantalla-y-2-conexiones-para-sondas-de-temperatura-tp\/#primaryimage","url":"https:\/\/abaa.mx\/tienda\/wp-content\/uploads\/2023\/09\/testo-Saveris2-T3.jpg","contentUrl":"https:\/\/abaa.mx\/tienda\/wp-content\/uploads\/2023\/09\/testo-Saveris2-T3.jpg","width":447,"height":660,"caption":"testo-Saveris2-T3"},{"@type":"BreadcrumbList","@id":"https:\/\/abaa.mx\/tienda\/testo-saveris-2-t3-registrador-de-datos-wifi-con-pantalla-y-2-conexiones-para-sondas-de-temperatura-tp\/#breadcrumb","itemListElement":[{"@type":"ListItem","position":1,"name":"Inicio","item":"https:\/\/abaa.mx\/tienda\/"},{"@type":"ListItem","position":2,"name":"Tienda","item":"https:\/\/abaa.mx\/tienda\/"},{"@type":"ListItem","position":3,"name":"testo saveris 2-t3 &#8211; registrador de datos wifi con pantalla y 2 conexiones para sondas de temperatura tp"}]},{"@type":"WebSite","@id":"https:\/\/abaa.mx\/tienda\/#website","url":"https:\/\/abaa.mx\/tienda\/","name":"Abaa tienda online","description":"Instrumentos de medici\u00f3n","publisher":{"@id":"https:\/\/abaa.mx\/tienda\/#organization"},"potentialAction":[{"@type":"SearchAction","target":{"@type":"EntryPoint","urlTemplate":"https:\/\/abaa.mx\/tienda\/?s={search_term_string}"},"query-input":{"@type":"PropertyValueSpecification","valueRequired":true,"valueName":"search_term_string"}}],"inLanguage":"es"},{"@type":"Organization","@id":"https:\/\/abaa.mx\/tienda\/#organization","name":"Abaa tienda online","url":"https:\/\/abaa.mx\/tienda\/","logo":{"@type":"ImageObject","inLanguage":"es","@id":"https:\/\/abaa.mx\/tienda\/#\/schema\/logo\/image\/","url":"https:\/\/abaa.mx\/tienda\/wp-content\/uploads\/2024\/01\/abaa-metrologia-tienda.png","contentUrl":"https:\/\/abaa.mx\/tienda\/wp-content\/uploads\/2024\/01\/abaa-metrologia-tienda.png","width":300,"height":141,"caption":"Abaa tienda online"},"image":{"@id":"https:\/\/abaa.mx\/tienda\/#\/schema\/logo\/image\/"}}]}},"_links":{"self":[{"href":"https:\/\/abaa.mx\/tienda\/wp-json\/wp\/v2\/product\/1732","targetHints":{"allow":["GET"]}}],"collection":[{"href":"https:\/\/abaa.mx\/tienda\/wp-json\/wp\/v2\/product"}],"about":[{"href":"https:\/\/abaa.mx\/tienda\/wp-json\/wp\/v2\/types\/product"}],"replies":[{"embeddable":true,"href":"https:\/\/abaa.mx\/tienda\/wp-json\/wp\/v2\/comments?post=1732"}],"wp:featuredmedia":[{"embeddable":true,"href":"https:\/\/abaa.mx\/tienda\/wp-json\/wp\/v2\/media\/1744"}],"wp:attachment":[{"href":"https:\/\/abaa.mx\/tienda\/wp-json\/wp\/v2\/media?parent=1732"}],"wp:term":[{"taxonomy":"product_brand","embeddable":true,"href":"https:\/\/abaa.mx\/tienda\/wp-json\/wp\/v2\/product_brand?post=1732"},{"taxonomy":"product_cat","embeddable":true,"href":"https:\/\/abaa.mx\/tienda\/wp-json\/wp\/v2\/product_cat?post=1732"},{"taxonomy":"product_tag","embeddable":true,"href":"https:\/\/abaa.mx\/tienda\/wp-json\/wp\/v2\/product_tag?post=1732"}],"curies":[{"name":"wp","href":"https:\/\/api.w.org\/{rel}","templated":true}]}}