{"id":1729,"date":"2023-09-15T17:30:01","date_gmt":"2023-09-15T17:30:01","guid":{"rendered":"https:\/\/abaa.mx\/tienda\/?post_type=product&#038;p=1729"},"modified":"2023-09-15T17:30:02","modified_gmt":"2023-09-15T17:30:02","slug":"flashlink-mini-registrador-en-transito-modelo-30014-02-30016-02","status":"publish","type":"product","link":"https:\/\/abaa.mx\/tienda\/flashlink-mini-registrador-en-transito-modelo-30014-02-30016-02\/","title":{"rendered":"Flashlink mini registrador en tr\u00e1nsito Modelo 30014-02, 30016-02"},"content":{"rendered":"<h1>Flashlink\u00a0mini registrador en tr\u00e1nsito<\/h1>\n<h3><strong>Modelo\u00a030014-02, 30016-02<\/strong><\/h3>\n<ul>\n<li>Ideal para documentar las condiciones de almacenamiento y transporte de productos sensibles a la temperatura.<\/li>\n<li>Compacto, de un solo uso, registrador de datos en tr\u00e1nsito<\/li>\n<li>Imprime los datos utilizando impresora CT de gr\u00e1ficos o descargue a un computadora utilizando adaptador USB- CT<\/li>\n<li>Caracter\u00edstica patentada Shadow log garantiza los datos incluso cuando la unidad no se activa.<\/li>\n<\/ul>\n<div class=\"prod-top\">\n<div class=\"prod-left\">\n<div class=\"prod-app\"><b>Aplicaciones:<\/b>\u00a0Productos, Alimentos Preparados, Productos Farmac\u00e9uticos, Productos Qu\u00edmicos, Unidades de Almacenamiento, Refrigeradores<\/div>\n<\/div>\n<\/div>\n<div class=\"prod-bottom\">\n<div class=\"prod-desc\">\n<p>Los Registradores de Datos Mini FlashLink de DeltaTrak son herramientas ideales para el monitoreo de los productos sensibles a la temperatura y perecederos a medida que viajan a trav\u00e9s de la cadena de fr\u00edo, desde frutas y verduras, alimentos preparados hasta productos qu\u00edmicos y farmac\u00e9uticos. Ellos proporcionan un monitoreo preciso de la temperatura para validar la seguridad y la calidad de estos productos. Este dispositivo compacto de uso \u00fanico proporciona la informaci\u00f3n del historial de temperatura que va desde -40 \u00b0 C (-40 \u00b0 F) hasta 66 \u00b0 C (150 \u00b0 F) y se pueden adquirir en periodos de registro de 15 y 75 d\u00edas.<\/p>\n<div class=\"prod-desc\">\n<p>El registrador de datos cuenta con la funci\u00f3n patentada &#8220;Shadow Log&#8221; que garantiza que el registro de la temperatura del viaje est\u00e9 disponible incluso si el operador no se puede iniciar el registrador. Desde el momento en que se fabrica, el registrador est\u00e1 constantemente tomando muestras de temperatura cada 30 minutos y la registra en la memoria a modo de ciclos, almacenando hasta 3,824 puntos de datos. Una vez que la memoria est\u00e1 llena, los nuevos datos reemplaza los antiguos puntos de datos en ciclos continuos as\u00ed es que el cliente siempre tendr\u00e1 los datos de temperatura, incluso si el remitente se olvida de activar el registrador. Los ajustes del registrador de alarma incluyen alarmas de nivel alto y bajo. Los registradores tambi\u00e9n se pueden personalizar con los par\u00e1metros de alarma adicionales o los clientes pueden elegir entre varios modelos pre-programados para los productos que se env\u00edan normalmente, como frutas y verduras. El tama\u00f1o compacto del registrador hace que la unidad sea extremadamente port\u00e1til y menos pesado que otros productos en el mercado.<\/p>\n<table>\n<thead>\n<tr>\n<th>Periodo de Registro<\/th>\n<th>Modelos<\/th>\n<th>Intervalos de Registro<\/th>\n<\/tr>\n<\/thead>\n<tbody>\n<tr>\n<td>15 d\u00edas<\/td>\n<td align=\"left\">30014-02<\/td>\n<td align=\"left\">5 min 40 segundos<\/td>\n<\/tr>\n<tr>\n<td>75 d\u00edas<\/td>\n<td align=\"left\">30016-02<\/td>\n<td align=\"left\">28 min 16 segundos<\/td>\n<\/tr>\n<\/tbody>\n<\/table>\n<p>&nbsp;<\/p>\n<\/div>\n<table>\n<caption><span>FlashLink Mini registrador en tr\u00e1nsito<\/span><sup><br \/>\n<\/sup><\/caption>\n<thead>\n<tr>\n<th scope=\"col\">Caracter\u00edstica<\/th>\n<th scope=\"col\">Especificaci\u00f3n<\/th>\n<\/tr>\n<\/thead>\n<tfoot>\n<tr>\n<td colspan=\"2\"><\/td>\n<\/tr>\n<\/tfoot>\n<tbody>\n<tr>\n<td>Intervalo de Operaci\u00f3n<\/td>\n<td>-40\u00b0F a 150\u00b0F (-40\u00b0C a 66\u00b0C)<\/td>\n<\/tr>\n<tr>\n<td>Precisi\u00f3n de la Temperatura<\/td>\n<td>\u00b11.0\u00b0F (0.5\u00b0C) de 32\u00b0F a 150\u00b0F (0\u00b0C a 66\u00b0C)<br \/>\n\u00b12.0\u00b0F (1.0\u00b0C) sobre todo el rango<\/td>\n<\/tr>\n<tr>\n<td>Resoluci\u00f3n de la temperatura<\/td>\n<td>0.1\u00b0F\/\u00b0C<\/td>\n<\/tr>\n<tr>\n<td>Capacidad de datos<\/td>\n<td>3,823 puntos de datos<\/td>\n<\/tr>\n<tr>\n<td>Tiempo de la descarga de datos<\/td>\n<td>5 segundos<\/td>\n<\/tr>\n<tr>\n<td>Niveles de alarma programables<\/td>\n<td>Niveles alto y bajo sobre todo el rango<\/td>\n<\/tr>\n<tr>\n<td>Indicadores LED<\/td>\n<td>roja: 12-segundos parpadeando para alarma; verde: para activa<\/td>\n<\/tr>\n<tr>\n<td>Tipo de bater\u00eda<\/td>\n<td>pila de bot\u00f3n de litio<\/td>\n<\/tr>\n<tr>\n<td>Dimensiones\/Funda<\/td>\n<td>2,68&#8243; ancho x 1,27&#8243; ancho x 0,45&#8243; alto; (68,07 mm de ancho x 32,25 mm de ancho x 11,43 mm de alto) ABS funda de pl\u00e1stico<\/td>\n<\/tr>\n<tr>\n<td>Peso<\/td>\n<td>.64 onzas (18,14 g)<\/td>\n<\/tr>\n<tr>\n<td>Certificaci\u00f3n<\/td>\n<td>Marca CE, NIST trazable, cumple RoHS<\/td>\n<\/tr>\n<tr>\n<td>Requisitos del sistema<\/td>\n<td>Windows PC con sistema operativo actual, Adobe Reader, software FlashLink Data Manager<\/td>\n<\/tr>\n<tr>\n<td>Requisitos para la descarga<\/td>\n<td>adaptador 8 -Pin a USB<\/td>\n<\/tr>\n<\/tbody>\n<\/table>\n<\/div>\n<\/div>\n","protected":false},"excerpt":{"rendered":"<h3><strong>Caracter\u00edsticas\u00a0<\/strong><\/h3>\n<ul>\n<li>Ideal para documentar las condiciones de almacenamiento y transporte de productos sensibles a la temperatura.<\/li>\n<li>Compacto, de un solo uso, registrador de datos en tr\u00e1nsito.<\/li>\n<li>Imprime los datos utilizando impresora CT de gr\u00e1ficos o descargue a un computadora utilizando adaptador USB- CT.<\/li>\n<li>Caracter\u00edstica patentada Shadow log garantiza los datos incluso cuando la unidad no se activa.<\/li>\n<\/ul>\n","protected":false},"featured_media":1733,"comment_status":"open","ping_status":"closed","template":"","meta":{"_joinchat":[]},"product_brand":[],"product_cat":[15],"product_tag":[],"class_list":{"0":"post-1729","1":"product","2":"type-product","3":"status-publish","4":"has-post-thumbnail","6":"product_cat-sin-categorizar","8":"first","9":"instock","10":"shipping-taxable","11":"product-type-simple"},"yoast_head":"<!-- This site is optimized with the Yoast SEO plugin v26.4 - https:\/\/yoast.com\/wordpress\/plugins\/seo\/ -->\n<title>Flashlink mini registrador en tr\u00e1nsito Modelo 30014-02, 30016-02 - Abaa tienda online<\/title>\n<meta name=\"robots\" content=\"index, follow, max-snippet:-1, max-image-preview:large, max-video-preview:-1\" \/>\n<link rel=\"canonical\" href=\"https:\/\/abaa.mx\/tienda\/flashlink-mini-registrador-en-transito-modelo-30014-02-30016-02\/\" \/>\n<meta property=\"og:locale\" content=\"es_MX\" \/>\n<meta property=\"og:type\" content=\"article\" \/>\n<meta property=\"og:title\" content=\"Flashlink mini registrador en tr\u00e1nsito Modelo 30014-02, 30016-02 - Abaa tienda online\" \/>\n<meta property=\"og:description\" content=\"Caracter\u00edsticas\u00a0   Ideal para documentar las condiciones de almacenamiento y transporte de productos sensibles a la temperatura.  Compacto, de un solo uso, registrador de datos en tr\u00e1nsito.  Imprime los datos utilizando impresora CT de gr\u00e1ficos o descargue a un computadora utilizando adaptador USB- CT.  Caracter\u00edstica patentada Shadow log garantiza los datos incluso cuando la unidad no se activa.\" \/>\n<meta property=\"og:url\" content=\"https:\/\/abaa.mx\/tienda\/flashlink-mini-registrador-en-transito-modelo-30014-02-30016-02\/\" \/>\n<meta property=\"og:site_name\" content=\"Abaa tienda online\" \/>\n<meta property=\"article:modified_time\" content=\"2023-09-15T17:30:02+00:00\" \/>\n<meta property=\"og:image\" content=\"https:\/\/abaa.mx\/tienda\/wp-content\/uploads\/2023\/09\/30014-02-30016-02.jpg\" \/>\n\t<meta property=\"og:image:width\" content=\"474\" \/>\n\t<meta property=\"og:image:height\" content=\"243\" \/>\n\t<meta property=\"og:image:type\" content=\"image\/jpeg\" \/>\n<meta name=\"twitter:card\" content=\"summary_large_image\" \/>\n<meta name=\"twitter:label1\" content=\"Tiempo de lectura\" \/>\n\t<meta name=\"twitter:data1\" content=\"3 minutos\" \/>\n<script type=\"application\/ld+json\" class=\"yoast-schema-graph\">{\"@context\":\"https:\/\/schema.org\",\"@graph\":[{\"@type\":\"WebPage\",\"@id\":\"https:\/\/abaa.mx\/tienda\/flashlink-mini-registrador-en-transito-modelo-30014-02-30016-02\/\",\"url\":\"https:\/\/abaa.mx\/tienda\/flashlink-mini-registrador-en-transito-modelo-30014-02-30016-02\/\",\"name\":\"Flashlink mini registrador en tr\u00e1nsito Modelo 30014-02, 30016-02 - Abaa tienda online\",\"isPartOf\":{\"@id\":\"https:\/\/abaa.mx\/tienda\/#website\"},\"primaryImageOfPage\":{\"@id\":\"https:\/\/abaa.mx\/tienda\/flashlink-mini-registrador-en-transito-modelo-30014-02-30016-02\/#primaryimage\"},\"image\":{\"@id\":\"https:\/\/abaa.mx\/tienda\/flashlink-mini-registrador-en-transito-modelo-30014-02-30016-02\/#primaryimage\"},\"thumbnailUrl\":\"https:\/\/abaa.mx\/tienda\/wp-content\/uploads\/2023\/09\/30014-02-30016-02.jpg\",\"datePublished\":\"2023-09-15T17:30:01+00:00\",\"dateModified\":\"2023-09-15T17:30:02+00:00\",\"breadcrumb\":{\"@id\":\"https:\/\/abaa.mx\/tienda\/flashlink-mini-registrador-en-transito-modelo-30014-02-30016-02\/#breadcrumb\"},\"inLanguage\":\"es\",\"potentialAction\":[{\"@type\":\"ReadAction\",\"target\":[\"https:\/\/abaa.mx\/tienda\/flashlink-mini-registrador-en-transito-modelo-30014-02-30016-02\/\"]}]},{\"@type\":\"ImageObject\",\"inLanguage\":\"es\",\"@id\":\"https:\/\/abaa.mx\/tienda\/flashlink-mini-registrador-en-transito-modelo-30014-02-30016-02\/#primaryimage\",\"url\":\"https:\/\/abaa.mx\/tienda\/wp-content\/uploads\/2023\/09\/30014-02-30016-02.jpg\",\"contentUrl\":\"https:\/\/abaa.mx\/tienda\/wp-content\/uploads\/2023\/09\/30014-02-30016-02.jpg\",\"width\":474,\"height\":243,\"caption\":\"flashlink-mini-registrador-en-transito-modelo-30014-02-30016-02\"},{\"@type\":\"BreadcrumbList\",\"@id\":\"https:\/\/abaa.mx\/tienda\/flashlink-mini-registrador-en-transito-modelo-30014-02-30016-02\/#breadcrumb\",\"itemListElement\":[{\"@type\":\"ListItem\",\"position\":1,\"name\":\"Inicio\",\"item\":\"https:\/\/abaa.mx\/tienda\/\"},{\"@type\":\"ListItem\",\"position\":2,\"name\":\"Tienda\",\"item\":\"https:\/\/abaa.mx\/tienda\/\"},{\"@type\":\"ListItem\",\"position\":3,\"name\":\"Flashlink mini registrador en tr\u00e1nsito Modelo 30014-02, 30016-02\"}]},{\"@type\":\"WebSite\",\"@id\":\"https:\/\/abaa.mx\/tienda\/#website\",\"url\":\"https:\/\/abaa.mx\/tienda\/\",\"name\":\"Abaa tienda online\",\"description\":\"Instrumentos de medici\u00f3n\",\"publisher\":{\"@id\":\"https:\/\/abaa.mx\/tienda\/#organization\"},\"potentialAction\":[{\"@type\":\"SearchAction\",\"target\":{\"@type\":\"EntryPoint\",\"urlTemplate\":\"https:\/\/abaa.mx\/tienda\/?s={search_term_string}\"},\"query-input\":{\"@type\":\"PropertyValueSpecification\",\"valueRequired\":true,\"valueName\":\"search_term_string\"}}],\"inLanguage\":\"es\"},{\"@type\":\"Organization\",\"@id\":\"https:\/\/abaa.mx\/tienda\/#organization\",\"name\":\"Abaa tienda online\",\"url\":\"https:\/\/abaa.mx\/tienda\/\",\"logo\":{\"@type\":\"ImageObject\",\"inLanguage\":\"es\",\"@id\":\"https:\/\/abaa.mx\/tienda\/#\/schema\/logo\/image\/\",\"url\":\"https:\/\/abaa.mx\/tienda\/wp-content\/uploads\/2024\/01\/abaa-metrologia-tienda.png\",\"contentUrl\":\"https:\/\/abaa.mx\/tienda\/wp-content\/uploads\/2024\/01\/abaa-metrologia-tienda.png\",\"width\":300,\"height\":141,\"caption\":\"Abaa tienda online\"},\"image\":{\"@id\":\"https:\/\/abaa.mx\/tienda\/#\/schema\/logo\/image\/\"}}]}<\/script>\n<!-- \/ Yoast SEO plugin. -->","yoast_head_json":{"title":"Flashlink mini registrador en tr\u00e1nsito Modelo 30014-02, 30016-02 - Abaa tienda online","robots":{"index":"index","follow":"follow","max-snippet":"max-snippet:-1","max-image-preview":"max-image-preview:large","max-video-preview":"max-video-preview:-1"},"canonical":"https:\/\/abaa.mx\/tienda\/flashlink-mini-registrador-en-transito-modelo-30014-02-30016-02\/","og_locale":"es_MX","og_type":"article","og_title":"Flashlink mini registrador en tr\u00e1nsito Modelo 30014-02, 30016-02 - Abaa tienda online","og_description":"Caracter\u00edsticas\u00a0   Ideal para documentar las condiciones de almacenamiento y transporte de productos sensibles a la temperatura.  Compacto, de un solo uso, registrador de datos en tr\u00e1nsito.  Imprime los datos utilizando impresora CT de gr\u00e1ficos o descargue a un computadora utilizando adaptador USB- CT.  Caracter\u00edstica patentada Shadow log garantiza los datos incluso cuando la unidad no se activa.","og_url":"https:\/\/abaa.mx\/tienda\/flashlink-mini-registrador-en-transito-modelo-30014-02-30016-02\/","og_site_name":"Abaa tienda online","article_modified_time":"2023-09-15T17:30:02+00:00","og_image":[{"width":474,"height":243,"url":"https:\/\/abaa.mx\/tienda\/wp-content\/uploads\/2023\/09\/30014-02-30016-02.jpg","type":"image\/jpeg"}],"twitter_card":"summary_large_image","twitter_misc":{"Tiempo de lectura":"3 minutos"},"schema":{"@context":"https:\/\/schema.org","@graph":[{"@type":"WebPage","@id":"https:\/\/abaa.mx\/tienda\/flashlink-mini-registrador-en-transito-modelo-30014-02-30016-02\/","url":"https:\/\/abaa.mx\/tienda\/flashlink-mini-registrador-en-transito-modelo-30014-02-30016-02\/","name":"Flashlink mini registrador en tr\u00e1nsito Modelo 30014-02, 30016-02 - Abaa tienda online","isPartOf":{"@id":"https:\/\/abaa.mx\/tienda\/#website"},"primaryImageOfPage":{"@id":"https:\/\/abaa.mx\/tienda\/flashlink-mini-registrador-en-transito-modelo-30014-02-30016-02\/#primaryimage"},"image":{"@id":"https:\/\/abaa.mx\/tienda\/flashlink-mini-registrador-en-transito-modelo-30014-02-30016-02\/#primaryimage"},"thumbnailUrl":"https:\/\/abaa.mx\/tienda\/wp-content\/uploads\/2023\/09\/30014-02-30016-02.jpg","datePublished":"2023-09-15T17:30:01+00:00","dateModified":"2023-09-15T17:30:02+00:00","breadcrumb":{"@id":"https:\/\/abaa.mx\/tienda\/flashlink-mini-registrador-en-transito-modelo-30014-02-30016-02\/#breadcrumb"},"inLanguage":"es","potentialAction":[{"@type":"ReadAction","target":["https:\/\/abaa.mx\/tienda\/flashlink-mini-registrador-en-transito-modelo-30014-02-30016-02\/"]}]},{"@type":"ImageObject","inLanguage":"es","@id":"https:\/\/abaa.mx\/tienda\/flashlink-mini-registrador-en-transito-modelo-30014-02-30016-02\/#primaryimage","url":"https:\/\/abaa.mx\/tienda\/wp-content\/uploads\/2023\/09\/30014-02-30016-02.jpg","contentUrl":"https:\/\/abaa.mx\/tienda\/wp-content\/uploads\/2023\/09\/30014-02-30016-02.jpg","width":474,"height":243,"caption":"flashlink-mini-registrador-en-transito-modelo-30014-02-30016-02"},{"@type":"BreadcrumbList","@id":"https:\/\/abaa.mx\/tienda\/flashlink-mini-registrador-en-transito-modelo-30014-02-30016-02\/#breadcrumb","itemListElement":[{"@type":"ListItem","position":1,"name":"Inicio","item":"https:\/\/abaa.mx\/tienda\/"},{"@type":"ListItem","position":2,"name":"Tienda","item":"https:\/\/abaa.mx\/tienda\/"},{"@type":"ListItem","position":3,"name":"Flashlink mini registrador en tr\u00e1nsito Modelo 30014-02, 30016-02"}]},{"@type":"WebSite","@id":"https:\/\/abaa.mx\/tienda\/#website","url":"https:\/\/abaa.mx\/tienda\/","name":"Abaa tienda online","description":"Instrumentos de medici\u00f3n","publisher":{"@id":"https:\/\/abaa.mx\/tienda\/#organization"},"potentialAction":[{"@type":"SearchAction","target":{"@type":"EntryPoint","urlTemplate":"https:\/\/abaa.mx\/tienda\/?s={search_term_string}"},"query-input":{"@type":"PropertyValueSpecification","valueRequired":true,"valueName":"search_term_string"}}],"inLanguage":"es"},{"@type":"Organization","@id":"https:\/\/abaa.mx\/tienda\/#organization","name":"Abaa tienda online","url":"https:\/\/abaa.mx\/tienda\/","logo":{"@type":"ImageObject","inLanguage":"es","@id":"https:\/\/abaa.mx\/tienda\/#\/schema\/logo\/image\/","url":"https:\/\/abaa.mx\/tienda\/wp-content\/uploads\/2024\/01\/abaa-metrologia-tienda.png","contentUrl":"https:\/\/abaa.mx\/tienda\/wp-content\/uploads\/2024\/01\/abaa-metrologia-tienda.png","width":300,"height":141,"caption":"Abaa tienda online"},"image":{"@id":"https:\/\/abaa.mx\/tienda\/#\/schema\/logo\/image\/"}}]}},"_links":{"self":[{"href":"https:\/\/abaa.mx\/tienda\/wp-json\/wp\/v2\/product\/1729","targetHints":{"allow":["GET"]}}],"collection":[{"href":"https:\/\/abaa.mx\/tienda\/wp-json\/wp\/v2\/product"}],"about":[{"href":"https:\/\/abaa.mx\/tienda\/wp-json\/wp\/v2\/types\/product"}],"replies":[{"embeddable":true,"href":"https:\/\/abaa.mx\/tienda\/wp-json\/wp\/v2\/comments?post=1729"}],"wp:featuredmedia":[{"embeddable":true,"href":"https:\/\/abaa.mx\/tienda\/wp-json\/wp\/v2\/media\/1733"}],"wp:attachment":[{"href":"https:\/\/abaa.mx\/tienda\/wp-json\/wp\/v2\/media?parent=1729"}],"wp:term":[{"taxonomy":"product_brand","embeddable":true,"href":"https:\/\/abaa.mx\/tienda\/wp-json\/wp\/v2\/product_brand?post=1729"},{"taxonomy":"product_cat","embeddable":true,"href":"https:\/\/abaa.mx\/tienda\/wp-json\/wp\/v2\/product_cat?post=1729"},{"taxonomy":"product_tag","embeddable":true,"href":"https:\/\/abaa.mx\/tienda\/wp-json\/wp\/v2\/product_tag?post=1729"}],"curies":[{"name":"wp","href":"https:\/\/api.w.org\/{rel}","templated":true}]}}