{"id":1718,"date":"2023-09-15T17:19:34","date_gmt":"2023-09-15T17:19:34","guid":{"rendered":"https:\/\/abaa.mx\/tienda\/?post_type=product&#038;p=1718"},"modified":"2023-09-15T17:19:34","modified_gmt":"2023-09-15T17:19:34","slug":"testo-184-t4-monitor-de-temperatura-para-medios-de-transporte-y-aplicaciones-con-hielo-seco","status":"publish","type":"product","link":"https:\/\/abaa.mx\/tienda\/testo-184-t4-monitor-de-temperatura-para-medios-de-transporte-y-aplicaciones-con-hielo-seco\/","title":{"rendered":"testo 184 T4 &#8211; Monitor de temperatura para medios de transporte y aplicaciones con hielo seco"},"content":{"rendered":"<p>En condiciones normales, la sublimaci\u00f3n del hielo seco se produce a -78.48 \u00b0C. Con el data logger de temperatura testo 184 T4 se pueden monitorizar las mercanc\u00edas farmaceuticas en transporte durante tiempo ilimitado hasta -80 \u00b0C.<\/p>\n<p>Cuando las mercanc\u00edas llegan a destino, un vistazo al indicador LED permite averiguar si la temperatura se ha mantenido dentro de los l\u00edmites configurados. Y para obtener m\u00e1s detalles, solo hay que conectar el data logger a un PC: al instante se genera un informe en PDF que contiene todos los datos relevantes de la medici\u00f3n. El data logger est\u00e1 preparado para facilitar el trabajo al usuario, puesto que todos los archivos e informaci\u00f3n se guardan en memoria: archivos de configuraci\u00f3n, informe de la prueba, manual de instrucciones e y los informes en PDF de los datos registrados.<\/p>\n<p>La capacidad de la memoria para datos del data logger testo 184 T4 es de 40.000 valores, el intervalo de medici\u00f3n se puede seleccionar libremente entre 1 minuto y 24 horas, la autonom\u00eda de la pila estandar (a -80 \u00baC y a un intervalo de medici\u00f3n de 15 minutos) es de 100 horas y el usuario la puede reemplazar f\u00e1cilmente.<\/p>\n<p>El testo 184 T4 cumple con las normativas GxP, 21 CFR Parte 11, APPCC y EN 12830. Testo es una empresa con certificaci\u00f3n ISO 9001 que garantiza la adecuaci\u00f3n a esas normas mediante auditor\u00edas internas y auditor\u00edas externas realizadas por empresas auditoras.<\/p>\n<div class=\"m-list\">\n<ul class=\"list-elements\">\n<li>Tiempo de funcionamiento ilimitado<\/li>\n<li>Rango de temperatura hasta -80 \u00baC para aplicaciones con hielo seco<\/li>\n<li>Todo memorizado en el data logger: informe en PDF con las mediciones, archivo de configuraci\u00f3n, certificado de calibraci\u00f3n y manual de instrucciones<\/li>\n<li>Creaci\u00f3n instant\u00e1nea de un informe en PDF en cuanto se conecta el data logger al puerto USB del ordenador<\/li>\n<\/ul>\n<\/div>\n<p class=\"text\">Con el registrador de datos de temperatura testo 184 T4 es posible supervisar el transporte de f\u00e1rmacos con hielo seco desde ahora de forma c\u00f3moda y segura. El registrador de datos de temperatura garantiza un manejo sencillo durante el registro de datos a trav\u00e9s del bot\u00f3n de inicio y parada. En el lugar de destino es posible visualizar en los LEDs si se han respetado los valores l\u00edmite configurados durante el transporte.<\/p>\n<div class=\"c2a-tabSection m-tabs\">\n<div id=\"tab-details\" class=\"large-12 column m-tab-pdp\">\n<div class=\"medium-8\">\n<article class=\"child-1 paragraph\">\n<h3>Las ventajas del testo 184 T4:<\/h3>\n<p>1. Indicaci\u00f3n inequ\u00edvoca de alarmas<\/p>\n<div>Basta con dar un vistazo a la pantalla o a los LEDs para saber si se han respetado los valores l\u00edmite.<\/div>\n<div><\/div>\n<p>2. Manejo sencillo<\/p>\n<div>El funcionamiento del testo 184 T4 es totalmente intuitivo y se puede usar sin necesidad de formaci\u00f3n especial ni conocimientos previos: bot\u00f3n &#8220;Start&#8221; para iniciar la medici\u00f3n y &#8220;Stop&#8221; para detenerla.<\/div>\n<div><\/div>\n<p>3. F\u00e1cil configuraci\u00f3n<\/p>\n<div>En cada testo 184 T4 hay grabado un archivo de configuraci\u00f3n para ajustar el data logger con total facilidad, sin descargas, sin instalaci\u00f3n, sin interfaz y sin gastos adicionales.<\/div>\n<div><\/div>\n<p>4. C\u00f3modo volcado de datos<\/p>\n<div>Al conectar el data logger testo 184 T4 al puerto USB de un ordenador, se crea autom\u00e1ticamente un informe PDF con los datos registrados durante el transporte. El informe es adecuado para el archivo a largo plazo seg\u00fan el est\u00e1ndar PDF\/A.<\/div>\n<div><\/div>\n<p>5. Volcado m\u00f3vil\/impresi\u00f3n in situ<\/p>\n<div>Con tecnolog\u00eda NFC\u00a0se pueden transferir los datos medidos por el data logger a una impresora port\u00e1til Testo compatible.<\/div>\n<div><\/div>\n<p>6. Seguridad inform\u00e1tica<br \/>\nLos registradores de datos testo 184 funcionan de manera segura sin necesidad de instalaci\u00f3n de programas ni descarga por lo que no dan problemas con el firewall ni el antivirus.<\/article>\n<h3>Volumen de suministro<\/h3>\n<article class=\"child-2 paragraph\">Data logger de temperatura testo 184 T4, informe de la prueba, pila y cinta adhesiva de doble cara.<\/article>\n<\/div>\n<div class=\"medium-4\">\n<div class=\"m-cert large-12 column\"><\/div>\n<\/div>\n<\/div>\n<\/div>\n<hr \/>\n<div class=\"c2a-tabSection m-tabs\">\n<div id=\"tab-technicalData\" class=\"large-12 column m-data-tab\">\n<h2>Datos t\u00e9cnicos<\/h2>\n<table>\n<colgroup>\n<col class=\"colWidth25\" \/>\n<col \/><\/colgroup>\n<thead>\n<tr>\n<th colspan=\"2\">Datos t\u00e9cnicos generales<\/th>\n<\/tr>\n<\/thead>\n<tbody>\n<tr>\n<td class=\"table-bold\">Peso<\/td>\n<td>44 g<\/td>\n<\/tr>\n<tr>\n<td class=\"table-bold\">Medidas<\/td>\n<td>40 X 12,5 X 96,5 mm<\/td>\n<\/tr>\n<tr>\n<td class=\"table-bold\">Temperatura de funcionamiento<\/td>\n<td>-80 hasta +70 \u00baC<\/td>\n<\/tr>\n<tr>\n<td class=\"table-bold\">Material de la carcasa \/ del producto<\/td>\n<td>Pl\u00e1stico (ABS)<\/td>\n<\/tr>\n<tr>\n<td class=\"table-bold\">Clase de protecci\u00f3n<\/td>\n<td>IP67<\/td>\n<\/tr>\n<tr>\n<td class=\"table-bold\">Requisitos del sistema<\/td>\n<td>Adobe\u00ae Acrobat Reader<\/td>\n<\/tr>\n<tr>\n<td class=\"table-bold\">Color del producto<\/td>\n<td>blanco<\/td>\n<\/tr>\n<tr>\n<td class=\"table-bold\">Norma<\/td>\n<td>EN 12830; CE 2014\/30\/EU; DIN EN 50581:2013; DIN EN 61326-1:2013; CFR 21 Part 11 (en uso con testo ComSoft CFR-Software)<\/td>\n<\/tr>\n<tr>\n<td class=\"table-bold\">Certificado<\/td>\n<td>Certificado por HACCP (APPCC) International<\/td>\n<\/tr>\n<tr>\n<td class=\"table-bold\">Canales<\/td>\n<td>1 externo<\/td>\n<\/tr>\n<tr>\n<td class=\"table-bold\">Homologaciones<\/td>\n<td>CE; RTCA\/DO-160G<\/td>\n<\/tr>\n<tr>\n<td class=\"table-bold\">Se\u00f1al alarma<\/td>\n<td>v\u00eda LEDs<\/td>\n<\/tr>\n<tr>\n<td class=\"table-bold\">Tipo de bater\u00eda<\/td>\n<td>Pila de litio TLH-2450, 3V, reemplazable<\/td>\n<\/tr>\n<tr>\n<td class=\"table-bold\">Autonom\u00eda<\/td>\n<td>ilimitado<\/p>\n<p>100 d\u00edas (intervalo de medici\u00f3n de 15 min)<\/td>\n<\/tr>\n<tr>\n<td class=\"table-bold\">Interfaces<\/td>\n<td>USB; NFC<\/td>\n<\/tr>\n<tr>\n<td class=\"table-bold\">Memoria<\/td>\n<td>40.000 valor medido<\/td>\n<\/tr>\n<tr>\n<td class=\"table-bold\">Temperatura de almacenamiento<\/td>\n<td>-80 hasta +70 \u00baC<\/td>\n<\/tr>\n<\/tbody>\n<\/table>\n<table>\n<colgroup>\n<col class=\"colWidth25\" \/>\n<col \/><\/colgroup>\n<thead>\n<tr>\n<th colspan=\"2\">Pt1000<\/th>\n<\/tr>\n<\/thead>\n<tbody>\n<tr>\n<td class=\"table-bold\">Rango<\/td>\n<td>-80 hasta +70 \u00baC<\/td>\n<\/tr>\n<tr>\n<td class=\"table-bold\">Exactitud<\/td>\n<td>\u00b10,8 \u00baC (-80 hasta -35,1 \u00baC)<\/p>\n<p>\u00b10,5 \u00baC (-35 hasta +70 \u00baC)<\/td>\n<\/tr>\n<tr>\n<td class=\"table-bold\">Resoluci\u00f3n<\/td>\n<td>0,1 \u00baC<\/td>\n<\/tr>\n<tr>\n<td class=\"table-bold\">Tiempo de respuesta t\u2089\u2080<\/td>\n<td>t\u2089\u2080 = 30 min<\/td>\n<\/tr>\n<tr>\n<td class=\"table-bold\">C\u00edclo de medici\u00f3n<\/td>\n<td>1 min hasta 24 h<\/td>\n<\/tr>\n<\/tbody>\n<\/table>\n<\/div>\n<\/div>\n","protected":false},"excerpt":{"rendered":"<p>En condiciones normales, la sublimaci\u00f3n del hielo seco se produce a -78.48 \u00b0C. Con el data logger de temperatura testo 184 T4 se pueden monitorizar las mercanc\u00edas farmaceuticas en transporte durante tiempo ilimitado hasta -80 \u00b0C.<\/p>\n<p>Cuando las mercanc\u00edas llegan a destino, un vistazo al indicador LED permite averiguar si la temperatura se ha mantenido dentro de los l\u00edmites configurados. Y para obtener m\u00e1s detalles, solo hay que conectar el data logger a un PC: al instante se genera un informe en PDF que contiene todos los datos relevantes de la medici\u00f3n. El data logger est\u00e1 preparado para facilitar el trabajo al usuario, puesto que todos los archivos e informaci\u00f3n se guardan en memoria: archivos de configuraci\u00f3n, informe de la prueba, manual de instrucciones e y los informes en PDF de los datos registrados.<\/p>\n<p>La capacidad de la memoria para datos del data logger testo 184 T4 es de 40.000 valores, el intervalo de medici\u00f3n se puede seleccionar libremente entre 1 minuto y 24 horas, la autonom\u00eda de la pila estandar (a -80 \u00baC y a un intervalo de medici\u00f3n de 15 minutos) es de 100 horas y el usuario la puede reemplazar f\u00e1cilmente.<\/p>\n<p>El testo 184 T4 cumple con las normativas GxP, 21 CFR Parte 11, APPCC y EN 12830. Testo es una empresa con certificaci\u00f3n ISO 9001 que garantiza la adecuaci\u00f3n a esas normas mediante auditor\u00edas internas y auditor\u00edas externas realizadas por empresas auditoras.<\/p>\n","protected":false},"featured_media":1723,"comment_status":"open","ping_status":"closed","template":"","meta":{"_joinchat":[]},"product_brand":[],"product_cat":[15],"product_tag":[],"class_list":{"0":"post-1718","1":"product","2":"type-product","3":"status-publish","4":"has-post-thumbnail","6":"product_cat-sin-categorizar","8":"first","9":"instock","10":"shipping-taxable","11":"product-type-simple"},"yoast_head":"<!-- This site is optimized with the Yoast SEO plugin v26.4 - https:\/\/yoast.com\/wordpress\/plugins\/seo\/ -->\n<title>testo 184 T4 - Monitor de temperatura para medios de transporte y aplicaciones con hielo seco - Abaa tienda online<\/title>\n<meta name=\"robots\" content=\"index, follow, max-snippet:-1, max-image-preview:large, max-video-preview:-1\" \/>\n<link rel=\"canonical\" href=\"https:\/\/abaa.mx\/tienda\/testo-184-t4-monitor-de-temperatura-para-medios-de-transporte-y-aplicaciones-con-hielo-seco\/\" \/>\n<meta property=\"og:locale\" content=\"es_MX\" \/>\n<meta property=\"og:type\" content=\"article\" \/>\n<meta property=\"og:title\" content=\"testo 184 T4 - Monitor de temperatura para medios de transporte y aplicaciones con hielo seco - Abaa tienda online\" \/>\n<meta property=\"og:description\" content=\"En condiciones normales, la sublimaci\u00f3n del hielo seco se produce a -78.48 \u00b0C. Con el data logger de temperatura testo 184 T4 se pueden monitorizar las mercanc\u00edas farmaceuticas en transporte durante tiempo ilimitado hasta -80 \u00b0C.  Cuando las mercanc\u00edas llegan a destino, un vistazo al indicador LED permite averiguar si la temperatura se ha mantenido dentro de los l\u00edmites configurados. Y para obtener m\u00e1s detalles, solo hay que conectar el data logger a un PC: al instante se genera un informe en PDF que contiene todos los datos relevantes de la medici\u00f3n. El data logger est\u00e1 preparado para facilitar el trabajo al usuario, puesto que todos los archivos e informaci\u00f3n se guardan en memoria: archivos de configuraci\u00f3n, informe de la prueba, manual de instrucciones e y los informes en PDF de los datos registrados.  La capacidad de la memoria para datos del data logger testo 184 T4 es de 40.000 valores, el intervalo de medici\u00f3n se puede seleccionar libremente entre 1 minuto y 24 horas, la autonom\u00eda de la pila estandar (a -80 \u00baC y a un intervalo de medici\u00f3n de 15 minutos) es de 100 horas y el usuario la puede reemplazar f\u00e1cilmente.  El testo 184 T4 cumple con las normativas GxP, 21 CFR Parte 11, APPCC y EN 12830. Testo es una empresa con certificaci\u00f3n ISO 9001 que garantiza la adecuaci\u00f3n a esas normas mediante auditor\u00edas internas y auditor\u00edas externas realizadas por empresas auditoras.\" \/>\n<meta property=\"og:url\" content=\"https:\/\/abaa.mx\/tienda\/testo-184-t4-monitor-de-temperatura-para-medios-de-transporte-y-aplicaciones-con-hielo-seco\/\" \/>\n<meta property=\"og:site_name\" content=\"Abaa tienda online\" \/>\n<meta property=\"og:image\" content=\"https:\/\/abaa.mx\/tienda\/wp-content\/uploads\/2023\/09\/testo-184-T4.jpg\" \/>\n\t<meta property=\"og:image:width\" content=\"379\" \/>\n\t<meta property=\"og:image:height\" content=\"660\" \/>\n\t<meta property=\"og:image:type\" content=\"image\/jpeg\" \/>\n<meta name=\"twitter:card\" content=\"summary_large_image\" \/>\n<meta name=\"twitter:label1\" content=\"Tiempo de lectura\" \/>\n\t<meta name=\"twitter:data1\" content=\"4 minutos\" \/>\n<script type=\"application\/ld+json\" class=\"yoast-schema-graph\">{\"@context\":\"https:\/\/schema.org\",\"@graph\":[{\"@type\":\"WebPage\",\"@id\":\"https:\/\/abaa.mx\/tienda\/testo-184-t4-monitor-de-temperatura-para-medios-de-transporte-y-aplicaciones-con-hielo-seco\/\",\"url\":\"https:\/\/abaa.mx\/tienda\/testo-184-t4-monitor-de-temperatura-para-medios-de-transporte-y-aplicaciones-con-hielo-seco\/\",\"name\":\"testo 184 T4 - Monitor de temperatura para medios de transporte y aplicaciones con hielo seco - Abaa tienda online\",\"isPartOf\":{\"@id\":\"https:\/\/abaa.mx\/tienda\/#website\"},\"primaryImageOfPage\":{\"@id\":\"https:\/\/abaa.mx\/tienda\/testo-184-t4-monitor-de-temperatura-para-medios-de-transporte-y-aplicaciones-con-hielo-seco\/#primaryimage\"},\"image\":{\"@id\":\"https:\/\/abaa.mx\/tienda\/testo-184-t4-monitor-de-temperatura-para-medios-de-transporte-y-aplicaciones-con-hielo-seco\/#primaryimage\"},\"thumbnailUrl\":\"https:\/\/abaa.mx\/tienda\/wp-content\/uploads\/2023\/09\/testo-184-T4.jpg\",\"datePublished\":\"2023-09-15T17:19:34+00:00\",\"breadcrumb\":{\"@id\":\"https:\/\/abaa.mx\/tienda\/testo-184-t4-monitor-de-temperatura-para-medios-de-transporte-y-aplicaciones-con-hielo-seco\/#breadcrumb\"},\"inLanguage\":\"es\",\"potentialAction\":[{\"@type\":\"ReadAction\",\"target\":[\"https:\/\/abaa.mx\/tienda\/testo-184-t4-monitor-de-temperatura-para-medios-de-transporte-y-aplicaciones-con-hielo-seco\/\"]}]},{\"@type\":\"ImageObject\",\"inLanguage\":\"es\",\"@id\":\"https:\/\/abaa.mx\/tienda\/testo-184-t4-monitor-de-temperatura-para-medios-de-transporte-y-aplicaciones-con-hielo-seco\/#primaryimage\",\"url\":\"https:\/\/abaa.mx\/tienda\/wp-content\/uploads\/2023\/09\/testo-184-T4.jpg\",\"contentUrl\":\"https:\/\/abaa.mx\/tienda\/wp-content\/uploads\/2023\/09\/testo-184-T4.jpg\",\"width\":379,\"height\":660,\"caption\":\"testo-184 T4\"},{\"@type\":\"BreadcrumbList\",\"@id\":\"https:\/\/abaa.mx\/tienda\/testo-184-t4-monitor-de-temperatura-para-medios-de-transporte-y-aplicaciones-con-hielo-seco\/#breadcrumb\",\"itemListElement\":[{\"@type\":\"ListItem\",\"position\":1,\"name\":\"Inicio\",\"item\":\"https:\/\/abaa.mx\/tienda\/\"},{\"@type\":\"ListItem\",\"position\":2,\"name\":\"Tienda\",\"item\":\"https:\/\/abaa.mx\/tienda\/\"},{\"@type\":\"ListItem\",\"position\":3,\"name\":\"testo 184 T4 &#8211; Monitor de temperatura para medios de transporte y aplicaciones con hielo seco\"}]},{\"@type\":\"WebSite\",\"@id\":\"https:\/\/abaa.mx\/tienda\/#website\",\"url\":\"https:\/\/abaa.mx\/tienda\/\",\"name\":\"Abaa tienda online\",\"description\":\"Instrumentos de medici\u00f3n\",\"publisher\":{\"@id\":\"https:\/\/abaa.mx\/tienda\/#organization\"},\"potentialAction\":[{\"@type\":\"SearchAction\",\"target\":{\"@type\":\"EntryPoint\",\"urlTemplate\":\"https:\/\/abaa.mx\/tienda\/?s={search_term_string}\"},\"query-input\":{\"@type\":\"PropertyValueSpecification\",\"valueRequired\":true,\"valueName\":\"search_term_string\"}}],\"inLanguage\":\"es\"},{\"@type\":\"Organization\",\"@id\":\"https:\/\/abaa.mx\/tienda\/#organization\",\"name\":\"Abaa tienda online\",\"url\":\"https:\/\/abaa.mx\/tienda\/\",\"logo\":{\"@type\":\"ImageObject\",\"inLanguage\":\"es\",\"@id\":\"https:\/\/abaa.mx\/tienda\/#\/schema\/logo\/image\/\",\"url\":\"https:\/\/abaa.mx\/tienda\/wp-content\/uploads\/2024\/01\/abaa-metrologia-tienda.png\",\"contentUrl\":\"https:\/\/abaa.mx\/tienda\/wp-content\/uploads\/2024\/01\/abaa-metrologia-tienda.png\",\"width\":300,\"height\":141,\"caption\":\"Abaa tienda online\"},\"image\":{\"@id\":\"https:\/\/abaa.mx\/tienda\/#\/schema\/logo\/image\/\"}}]}<\/script>\n<!-- \/ Yoast SEO plugin. -->","yoast_head_json":{"title":"testo 184 T4 - Monitor de temperatura para medios de transporte y aplicaciones con hielo seco - Abaa tienda online","robots":{"index":"index","follow":"follow","max-snippet":"max-snippet:-1","max-image-preview":"max-image-preview:large","max-video-preview":"max-video-preview:-1"},"canonical":"https:\/\/abaa.mx\/tienda\/testo-184-t4-monitor-de-temperatura-para-medios-de-transporte-y-aplicaciones-con-hielo-seco\/","og_locale":"es_MX","og_type":"article","og_title":"testo 184 T4 - Monitor de temperatura para medios de transporte y aplicaciones con hielo seco - Abaa tienda online","og_description":"En condiciones normales, la sublimaci\u00f3n del hielo seco se produce a -78.48 \u00b0C. Con el data logger de temperatura testo 184 T4 se pueden monitorizar las mercanc\u00edas farmaceuticas en transporte durante tiempo ilimitado hasta -80 \u00b0C.  Cuando las mercanc\u00edas llegan a destino, un vistazo al indicador LED permite averiguar si la temperatura se ha mantenido dentro de los l\u00edmites configurados. Y para obtener m\u00e1s detalles, solo hay que conectar el data logger a un PC: al instante se genera un informe en PDF que contiene todos los datos relevantes de la medici\u00f3n. El data logger est\u00e1 preparado para facilitar el trabajo al usuario, puesto que todos los archivos e informaci\u00f3n se guardan en memoria: archivos de configuraci\u00f3n, informe de la prueba, manual de instrucciones e y los informes en PDF de los datos registrados.  La capacidad de la memoria para datos del data logger testo 184 T4 es de 40.000 valores, el intervalo de medici\u00f3n se puede seleccionar libremente entre 1 minuto y 24 horas, la autonom\u00eda de la pila estandar (a -80 \u00baC y a un intervalo de medici\u00f3n de 15 minutos) es de 100 horas y el usuario la puede reemplazar f\u00e1cilmente.  El testo 184 T4 cumple con las normativas GxP, 21 CFR Parte 11, APPCC y EN 12830. Testo es una empresa con certificaci\u00f3n ISO 9001 que garantiza la adecuaci\u00f3n a esas normas mediante auditor\u00edas internas y auditor\u00edas externas realizadas por empresas auditoras.","og_url":"https:\/\/abaa.mx\/tienda\/testo-184-t4-monitor-de-temperatura-para-medios-de-transporte-y-aplicaciones-con-hielo-seco\/","og_site_name":"Abaa tienda online","og_image":[{"width":379,"height":660,"url":"https:\/\/abaa.mx\/tienda\/wp-content\/uploads\/2023\/09\/testo-184-T4.jpg","type":"image\/jpeg"}],"twitter_card":"summary_large_image","twitter_misc":{"Tiempo de lectura":"4 minutos"},"schema":{"@context":"https:\/\/schema.org","@graph":[{"@type":"WebPage","@id":"https:\/\/abaa.mx\/tienda\/testo-184-t4-monitor-de-temperatura-para-medios-de-transporte-y-aplicaciones-con-hielo-seco\/","url":"https:\/\/abaa.mx\/tienda\/testo-184-t4-monitor-de-temperatura-para-medios-de-transporte-y-aplicaciones-con-hielo-seco\/","name":"testo 184 T4 - Monitor de temperatura para medios de transporte y aplicaciones con hielo seco - Abaa tienda online","isPartOf":{"@id":"https:\/\/abaa.mx\/tienda\/#website"},"primaryImageOfPage":{"@id":"https:\/\/abaa.mx\/tienda\/testo-184-t4-monitor-de-temperatura-para-medios-de-transporte-y-aplicaciones-con-hielo-seco\/#primaryimage"},"image":{"@id":"https:\/\/abaa.mx\/tienda\/testo-184-t4-monitor-de-temperatura-para-medios-de-transporte-y-aplicaciones-con-hielo-seco\/#primaryimage"},"thumbnailUrl":"https:\/\/abaa.mx\/tienda\/wp-content\/uploads\/2023\/09\/testo-184-T4.jpg","datePublished":"2023-09-15T17:19:34+00:00","breadcrumb":{"@id":"https:\/\/abaa.mx\/tienda\/testo-184-t4-monitor-de-temperatura-para-medios-de-transporte-y-aplicaciones-con-hielo-seco\/#breadcrumb"},"inLanguage":"es","potentialAction":[{"@type":"ReadAction","target":["https:\/\/abaa.mx\/tienda\/testo-184-t4-monitor-de-temperatura-para-medios-de-transporte-y-aplicaciones-con-hielo-seco\/"]}]},{"@type":"ImageObject","inLanguage":"es","@id":"https:\/\/abaa.mx\/tienda\/testo-184-t4-monitor-de-temperatura-para-medios-de-transporte-y-aplicaciones-con-hielo-seco\/#primaryimage","url":"https:\/\/abaa.mx\/tienda\/wp-content\/uploads\/2023\/09\/testo-184-T4.jpg","contentUrl":"https:\/\/abaa.mx\/tienda\/wp-content\/uploads\/2023\/09\/testo-184-T4.jpg","width":379,"height":660,"caption":"testo-184 T4"},{"@type":"BreadcrumbList","@id":"https:\/\/abaa.mx\/tienda\/testo-184-t4-monitor-de-temperatura-para-medios-de-transporte-y-aplicaciones-con-hielo-seco\/#breadcrumb","itemListElement":[{"@type":"ListItem","position":1,"name":"Inicio","item":"https:\/\/abaa.mx\/tienda\/"},{"@type":"ListItem","position":2,"name":"Tienda","item":"https:\/\/abaa.mx\/tienda\/"},{"@type":"ListItem","position":3,"name":"testo 184 T4 &#8211; Monitor de temperatura para medios de transporte y aplicaciones con hielo seco"}]},{"@type":"WebSite","@id":"https:\/\/abaa.mx\/tienda\/#website","url":"https:\/\/abaa.mx\/tienda\/","name":"Abaa tienda online","description":"Instrumentos de medici\u00f3n","publisher":{"@id":"https:\/\/abaa.mx\/tienda\/#organization"},"potentialAction":[{"@type":"SearchAction","target":{"@type":"EntryPoint","urlTemplate":"https:\/\/abaa.mx\/tienda\/?s={search_term_string}"},"query-input":{"@type":"PropertyValueSpecification","valueRequired":true,"valueName":"search_term_string"}}],"inLanguage":"es"},{"@type":"Organization","@id":"https:\/\/abaa.mx\/tienda\/#organization","name":"Abaa tienda online","url":"https:\/\/abaa.mx\/tienda\/","logo":{"@type":"ImageObject","inLanguage":"es","@id":"https:\/\/abaa.mx\/tienda\/#\/schema\/logo\/image\/","url":"https:\/\/abaa.mx\/tienda\/wp-content\/uploads\/2024\/01\/abaa-metrologia-tienda.png","contentUrl":"https:\/\/abaa.mx\/tienda\/wp-content\/uploads\/2024\/01\/abaa-metrologia-tienda.png","width":300,"height":141,"caption":"Abaa tienda online"},"image":{"@id":"https:\/\/abaa.mx\/tienda\/#\/schema\/logo\/image\/"}}]}},"_links":{"self":[{"href":"https:\/\/abaa.mx\/tienda\/wp-json\/wp\/v2\/product\/1718","targetHints":{"allow":["GET"]}}],"collection":[{"href":"https:\/\/abaa.mx\/tienda\/wp-json\/wp\/v2\/product"}],"about":[{"href":"https:\/\/abaa.mx\/tienda\/wp-json\/wp\/v2\/types\/product"}],"replies":[{"embeddable":true,"href":"https:\/\/abaa.mx\/tienda\/wp-json\/wp\/v2\/comments?post=1718"}],"wp:featuredmedia":[{"embeddable":true,"href":"https:\/\/abaa.mx\/tienda\/wp-json\/wp\/v2\/media\/1723"}],"wp:attachment":[{"href":"https:\/\/abaa.mx\/tienda\/wp-json\/wp\/v2\/media?parent=1718"}],"wp:term":[{"taxonomy":"product_brand","embeddable":true,"href":"https:\/\/abaa.mx\/tienda\/wp-json\/wp\/v2\/product_brand?post=1718"},{"taxonomy":"product_cat","embeddable":true,"href":"https:\/\/abaa.mx\/tienda\/wp-json\/wp\/v2\/product_cat?post=1718"},{"taxonomy":"product_tag","embeddable":true,"href":"https:\/\/abaa.mx\/tienda\/wp-json\/wp\/v2\/product_tag?post=1718"}],"curies":[{"name":"wp","href":"https:\/\/api.w.org\/{rel}","templated":true}]}}