{"id":1714,"date":"2023-09-15T17:19:49","date_gmt":"2023-09-15T17:19:49","guid":{"rendered":"https:\/\/abaa.mx\/tienda\/?post_type=product&#038;p=1714"},"modified":"2023-09-15T17:19:50","modified_gmt":"2023-09-15T17:19:50","slug":"registrador-de-transito-flashlink-vu-modelo-20862-01","status":"publish","type":"product","link":"https:\/\/abaa.mx\/tienda\/registrador-de-transito-flashlink-vu-modelo-20862-01\/","title":{"rendered":"Registrador de tr\u00e1nsito flashlink vu Modelo 20862-01"},"content":{"rendered":"<h1>Registrador de tr\u00e1nsito flashlink\u00a0vu<\/h1>\n<h3><strong>Modelo\u00a020862-01<\/strong><\/h3>\n<ul>\n<li>Aceptada por la mayor\u00eda de los receptores.<\/li>\n<li>Consolidar el inventario maderero con una sola marca para todos los env\u00edos.<\/li>\n<li>Alarmas alta\/baja programadas para 36 \u00b0 F \/ 28 \u00b0 F.<\/li>\n<li>Montado en tarjeta de localizaci\u00f3n de alta visibilidad.<\/li>\n<li>Estad\u00edsticas del historial de viajes en LCD para decisiones de recepci\u00f3n r\u00e1pidas.<\/li>\n<li>Funci\u00f3n\u00a0 patentada Shadow Log garantiza registro de datos incluso si el operador no puede iniciar la unidad.<\/li>\n<li><span>Descarga datos a una PC como informe PDF seguro.<\/span><\/li>\n<\/ul>\n<div class=\"prod-top\">\n<div class=\"prod-left\">\n<div class=\"prod-app\"><b>Aplicaciones:<\/b> Transporte, almacenamiento en fr\u00edo, instalaciones de procesamiento.<\/div>\n<\/div>\n<\/div>\n<div class=\"prod-bottom\">\n<div class=\"prod-desc\">\n<p>Este registrador de datos en tr\u00e1nsito de un solo uso es aceptado por la mayor\u00eda de los receptores y es la herramienta ideal de gesti\u00f3n en la cadena fr\u00eda para rastrear la temperatura durante el transporte de productos perecederos. Se puede utilizar en todas las cargas de salida, por lo que los proveedores pueden consolidar sus registradores de temperatura en un modelo. El uso del registrador en tr\u00e1nsito FlashLink VU significa que no hay necesidad de almacenar varias marcas en la oficina de env\u00edos, lo que facilita la gesti\u00f3n del inventario y elimina el problema de quedarse sin un tipo particular de registrador para un receptor espec\u00edfico.<\/p>\n<div class=\"prod-desc\">\n<p>Este registrador est\u00e1 dise\u00f1ado para env\u00edos de productos que requieren configuraciones de alarma preconfiguradas para alertar a los receptores con un LED rojo parpadeante cuando la temperatura durante el tr\u00e1nsito ha superado los 36 \u00b0 F \/ 2 \u00b0 C o es inferior a 28 \u00b0 F \/ -2 \u00b0 C. Montado en una tarjeta de env\u00edo de color verde brillante, es f\u00e1cil para los receptores localizar el registro a su llegada, lo que ayuda a acelerar el proceso de descarga de la informaci\u00f3n del viaje. Nuestra Funci\u00f3n patentada Shadow Log brinda datos garantizados, incluso si el remitente olvida encender la unidad. Los registradores se descargan usando el software FlashLink Data Manager, y los informes se guardan en formato PDF al correo electr\u00f3nico y archivo para el mantenimiento de registros, la trazabilidad y para ayudar a cumplir con los requisitos de HACCP y FSMA (Ley de Modernizaci\u00f3n de Seguridad Alimentaria).<\/p>\n<table>\n<caption><span>Registrador de tr\u00e1nsito FlashLink VU<\/span><\/caption>\n<thead>\n<tr>\n<th scope=\"col\">Caracter\u00edstica<\/th>\n<th scope=\"col\">Especificaci\u00f3n<\/th>\n<\/tr>\n<\/thead>\n<tfoot>\n<tr>\n<td colspan=\"2\"><\/td>\n<\/tr>\n<\/tfoot>\n<tbody>\n<tr>\n<td>Periodo de Registro<\/td>\n<td>15 D\u00edas<\/td>\n<\/tr>\n<tr>\n<td>Intervalo de registro<\/td>\n<td>6 minutos<\/td>\n<\/tr>\n<tr>\n<td>Intervalo de registro<\/td>\n<td>-40\u00b0F a 122\u00b0F (-40\u00b0C a 50\u00b0C)<\/td>\n<\/tr>\n<tr>\n<td>Resoluci\u00f3n de la temperatura<\/td>\n<td>\n<span>0.1\u00b0F\/\u00b0C<\/span><\/td>\n<\/tr>\n<tr>\n<td>Precisi\u00f3n de la Temperatura<\/td>\n<td><span>\u00b1 1.0 \u00b0 F de 14 \u00b0 F a 77 \u00b0 F (\u00b1 0.5 \u00b0 C de -10 \u00b0 C a 25 \u00b0 C); \u00b1 2.0 \u00b0 F por encima de 77 \u00b0 F (\u00b1 1.0 \u00b0 C por encima de 25 \u00b0 C) \u00b1 2.0 \u00b0 F por debajo de 14 \u00b0 F (\u00b1 1.0 \u00b0 C por debajo de -10 \u00b0 C)<\/span><\/td>\n<\/tr>\n<tr>\n<td>Capacidad de Datos<\/td>\n<td>3823 puntos<\/td>\n<\/tr>\n<tr>\n<td>Tiempo de Descarga de Datos<\/td>\n<td>5 segundos t\u00edpicos para 3823 puntos<\/td>\n<\/tr>\n<tr>\n<td>Alarmas \/ Configuraciones<\/td>\n<td>Alto 36 \u00b0 F (2 \u00b0 C), Bajo 28 \u00b0 F (-2 \u00b0 C)<br \/>\nRetraso de inicio 30 min, Retraso de alarma 30 min<\/td>\n<\/tr>\n<tr>\n<td>Bater\u00eda<\/td>\n<td>Bater\u00eda de Litio de Celda de Moneda<\/td>\n<\/tr>\n<tr>\n<td>Dimensiones del Registrador<\/td>\n<td>1.962&#8243; x 3.423&#8243; x .575&#8243; (50mm x 87mm x 15mm)<\/td>\n<\/tr>\n<tr>\n<td>Caja<\/td>\n<td>Pl\u00e1stico ABS<\/td>\n<\/tr>\n<tr>\n<td>Peso<\/td>\n<td>1.6 oz. (45,36 gramos)<\/td>\n<\/tr>\n<tr>\n<td>Resistencia a Golpes<\/td>\n<td>Resiste una ca\u00edda de 3 pies (1 metro) a la superficie dura<\/td>\n<\/tr>\n<tr>\n<td>Certificaci\u00f3n<\/td>\n<td>Marca CE, NIST trazable, cumple con ROHS<\/td>\n<\/tr>\n<tr>\n<td>Pantalla<\/td>\n<td>\u00b0 F Escala en LCD, alarma LED roja<\/td>\n<\/tr>\n<tr>\n<td>Clasificaci\u00f3n del IP<\/td>\n<td>IP56<\/td>\n<\/tr>\n<tr>\n<td>Condiciones de Almacenaje<\/td>\n<td>-4 \u00b0 F a 122 \u00b0 F (-20 \u00b0 C a 50 \u00b0 C) 0% a 95% HR sin condensaci\u00f3n<\/td>\n<\/tr>\n<tr>\n<td>Min. Requisitos del Sistema<\/td>\n<td>Windows\u00a0PC con sistema operativo actualizado, software FlashLink Data Manager, Adobe Reader<\/td>\n<\/tr>\n<tr>\n<td>Descargar Requisitos<\/td>\n<td>Adaptador de 8 pines a USB<\/td>\n<\/tr>\n<\/tbody>\n<\/table>\n<\/div>\n<\/div>\n<\/div>\n","protected":false},"excerpt":{"rendered":"<h3><strong>Caracter\u00edsticas\u00a0<\/strong><\/h3>\n<ul>\n<li>Aceptada por la mayor\u00eda de los receptores.<\/li>\n<li>Consolidar el inventario maderero con una sola marca para todos los env\u00edos.<\/li>\n<li>Alarmas alta\/baja programadas para 36 \u00b0 F \/ 28 \u00b0 F.<\/li>\n<li>Montado en tarjeta de localizaci\u00f3n de alta visibilidad.<\/li>\n<li>Estad\u00edsticas del historial de viajes en LCD para decisiones de recepci\u00f3n r\u00e1pidas.<\/li>\n<li>Funci\u00f3n\u00a0 patentada Shadow Log garantiza registro de datos incluso si el operador no puede iniciar la unidad.<\/li>\n<li><span>Descarga datos a una PC como informe PDF seguro.<\/span><\/li>\n<\/ul>\n","protected":false},"featured_media":1722,"comment_status":"open","ping_status":"closed","template":"","meta":{"_joinchat":[]},"product_brand":[],"product_cat":[15],"product_tag":[],"class_list":{"0":"post-1714","1":"product","2":"type-product","3":"status-publish","4":"has-post-thumbnail","6":"product_cat-sin-categorizar","8":"first","9":"instock","10":"shipping-taxable","11":"product-type-simple"},"yoast_head":"<!-- This site is optimized with the Yoast SEO plugin v26.4 - https:\/\/yoast.com\/wordpress\/plugins\/seo\/ -->\n<title>Registrador de tr\u00e1nsito flashlink vu Modelo 20862-01 - Abaa tienda online<\/title>\n<meta name=\"robots\" content=\"index, follow, max-snippet:-1, max-image-preview:large, max-video-preview:-1\" \/>\n<link rel=\"canonical\" href=\"https:\/\/abaa.mx\/tienda\/registrador-de-transito-flashlink-vu-modelo-20862-01\/\" \/>\n<meta property=\"og:locale\" content=\"es_MX\" \/>\n<meta property=\"og:type\" content=\"article\" \/>\n<meta property=\"og:title\" content=\"Registrador de tr\u00e1nsito flashlink vu Modelo 20862-01 - Abaa tienda online\" \/>\n<meta property=\"og:description\" content=\"Caracter\u00edsticas\u00a0   Aceptada por la mayor\u00eda de los receptores.  Consolidar el inventario maderero con una sola marca para todos los env\u00edos.  Alarmas alta\/baja programadas para 36 \u00b0 F \/ 28 \u00b0 F.  Montado en tarjeta de localizaci\u00f3n de alta visibilidad.  Estad\u00edsticas del historial de viajes en LCD para decisiones de recepci\u00f3n r\u00e1pidas.  Funci\u00f3n\u00a0 patentada Shadow Log garantiza registro de datos incluso si el operador no puede iniciar la unidad.  Descarga datos a una PC como informe PDF seguro.\" \/>\n<meta property=\"og:url\" content=\"https:\/\/abaa.mx\/tienda\/registrador-de-transito-flashlink-vu-modelo-20862-01\/\" \/>\n<meta property=\"og:site_name\" content=\"Abaa tienda online\" \/>\n<meta property=\"article:modified_time\" content=\"2023-09-15T17:19:50+00:00\" \/>\n<meta property=\"og:image\" content=\"https:\/\/abaa.mx\/tienda\/wp-content\/uploads\/2023\/09\/20862-01.jpg\" \/>\n\t<meta property=\"og:image:width\" content=\"474\" \/>\n\t<meta property=\"og:image:height\" content=\"678\" \/>\n\t<meta property=\"og:image:type\" content=\"image\/jpeg\" \/>\n<meta name=\"twitter:card\" content=\"summary_large_image\" \/>\n<meta name=\"twitter:label1\" content=\"Tiempo de lectura\" \/>\n\t<meta name=\"twitter:data1\" content=\"3 minutos\" \/>\n<script type=\"application\/ld+json\" class=\"yoast-schema-graph\">{\"@context\":\"https:\/\/schema.org\",\"@graph\":[{\"@type\":\"WebPage\",\"@id\":\"https:\/\/abaa.mx\/tienda\/registrador-de-transito-flashlink-vu-modelo-20862-01\/\",\"url\":\"https:\/\/abaa.mx\/tienda\/registrador-de-transito-flashlink-vu-modelo-20862-01\/\",\"name\":\"Registrador de tr\u00e1nsito flashlink vu Modelo 20862-01 - Abaa tienda online\",\"isPartOf\":{\"@id\":\"https:\/\/abaa.mx\/tienda\/#website\"},\"primaryImageOfPage\":{\"@id\":\"https:\/\/abaa.mx\/tienda\/registrador-de-transito-flashlink-vu-modelo-20862-01\/#primaryimage\"},\"image\":{\"@id\":\"https:\/\/abaa.mx\/tienda\/registrador-de-transito-flashlink-vu-modelo-20862-01\/#primaryimage\"},\"thumbnailUrl\":\"https:\/\/abaa.mx\/tienda\/wp-content\/uploads\/2023\/09\/20862-01.jpg\",\"datePublished\":\"2023-09-15T17:19:49+00:00\",\"dateModified\":\"2023-09-15T17:19:50+00:00\",\"breadcrumb\":{\"@id\":\"https:\/\/abaa.mx\/tienda\/registrador-de-transito-flashlink-vu-modelo-20862-01\/#breadcrumb\"},\"inLanguage\":\"es\",\"potentialAction\":[{\"@type\":\"ReadAction\",\"target\":[\"https:\/\/abaa.mx\/tienda\/registrador-de-transito-flashlink-vu-modelo-20862-01\/\"]}]},{\"@type\":\"ImageObject\",\"inLanguage\":\"es\",\"@id\":\"https:\/\/abaa.mx\/tienda\/registrador-de-transito-flashlink-vu-modelo-20862-01\/#primaryimage\",\"url\":\"https:\/\/abaa.mx\/tienda\/wp-content\/uploads\/2023\/09\/20862-01.jpg\",\"contentUrl\":\"https:\/\/abaa.mx\/tienda\/wp-content\/uploads\/2023\/09\/20862-01.jpg\",\"width\":474,\"height\":678,\"caption\":\"registrador-de-transito-flashlink-vu-modelo-20862-01\"},{\"@type\":\"BreadcrumbList\",\"@id\":\"https:\/\/abaa.mx\/tienda\/registrador-de-transito-flashlink-vu-modelo-20862-01\/#breadcrumb\",\"itemListElement\":[{\"@type\":\"ListItem\",\"position\":1,\"name\":\"Inicio\",\"item\":\"https:\/\/abaa.mx\/tienda\/\"},{\"@type\":\"ListItem\",\"position\":2,\"name\":\"Tienda\",\"item\":\"https:\/\/abaa.mx\/tienda\/\"},{\"@type\":\"ListItem\",\"position\":3,\"name\":\"Registrador de tr\u00e1nsito flashlink vu Modelo 20862-01\"}]},{\"@type\":\"WebSite\",\"@id\":\"https:\/\/abaa.mx\/tienda\/#website\",\"url\":\"https:\/\/abaa.mx\/tienda\/\",\"name\":\"Abaa tienda online\",\"description\":\"Instrumentos de medici\u00f3n\",\"publisher\":{\"@id\":\"https:\/\/abaa.mx\/tienda\/#organization\"},\"potentialAction\":[{\"@type\":\"SearchAction\",\"target\":{\"@type\":\"EntryPoint\",\"urlTemplate\":\"https:\/\/abaa.mx\/tienda\/?s={search_term_string}\"},\"query-input\":{\"@type\":\"PropertyValueSpecification\",\"valueRequired\":true,\"valueName\":\"search_term_string\"}}],\"inLanguage\":\"es\"},{\"@type\":\"Organization\",\"@id\":\"https:\/\/abaa.mx\/tienda\/#organization\",\"name\":\"Abaa tienda online\",\"url\":\"https:\/\/abaa.mx\/tienda\/\",\"logo\":{\"@type\":\"ImageObject\",\"inLanguage\":\"es\",\"@id\":\"https:\/\/abaa.mx\/tienda\/#\/schema\/logo\/image\/\",\"url\":\"https:\/\/abaa.mx\/tienda\/wp-content\/uploads\/2024\/01\/abaa-metrologia-tienda.png\",\"contentUrl\":\"https:\/\/abaa.mx\/tienda\/wp-content\/uploads\/2024\/01\/abaa-metrologia-tienda.png\",\"width\":300,\"height\":141,\"caption\":\"Abaa tienda online\"},\"image\":{\"@id\":\"https:\/\/abaa.mx\/tienda\/#\/schema\/logo\/image\/\"}}]}<\/script>\n<!-- \/ Yoast SEO plugin. -->","yoast_head_json":{"title":"Registrador de tr\u00e1nsito flashlink vu Modelo 20862-01 - Abaa tienda online","robots":{"index":"index","follow":"follow","max-snippet":"max-snippet:-1","max-image-preview":"max-image-preview:large","max-video-preview":"max-video-preview:-1"},"canonical":"https:\/\/abaa.mx\/tienda\/registrador-de-transito-flashlink-vu-modelo-20862-01\/","og_locale":"es_MX","og_type":"article","og_title":"Registrador de tr\u00e1nsito flashlink vu Modelo 20862-01 - Abaa tienda online","og_description":"Caracter\u00edsticas\u00a0   Aceptada por la mayor\u00eda de los receptores.  Consolidar el inventario maderero con una sola marca para todos los env\u00edos.  Alarmas alta\/baja programadas para 36 \u00b0 F \/ 28 \u00b0 F.  Montado en tarjeta de localizaci\u00f3n de alta visibilidad.  Estad\u00edsticas del historial de viajes en LCD para decisiones de recepci\u00f3n r\u00e1pidas.  Funci\u00f3n\u00a0 patentada Shadow Log garantiza registro de datos incluso si el operador no puede iniciar la unidad.  Descarga datos a una PC como informe PDF seguro.","og_url":"https:\/\/abaa.mx\/tienda\/registrador-de-transito-flashlink-vu-modelo-20862-01\/","og_site_name":"Abaa tienda online","article_modified_time":"2023-09-15T17:19:50+00:00","og_image":[{"width":474,"height":678,"url":"https:\/\/abaa.mx\/tienda\/wp-content\/uploads\/2023\/09\/20862-01.jpg","type":"image\/jpeg"}],"twitter_card":"summary_large_image","twitter_misc":{"Tiempo de lectura":"3 minutos"},"schema":{"@context":"https:\/\/schema.org","@graph":[{"@type":"WebPage","@id":"https:\/\/abaa.mx\/tienda\/registrador-de-transito-flashlink-vu-modelo-20862-01\/","url":"https:\/\/abaa.mx\/tienda\/registrador-de-transito-flashlink-vu-modelo-20862-01\/","name":"Registrador de tr\u00e1nsito flashlink vu Modelo 20862-01 - Abaa tienda online","isPartOf":{"@id":"https:\/\/abaa.mx\/tienda\/#website"},"primaryImageOfPage":{"@id":"https:\/\/abaa.mx\/tienda\/registrador-de-transito-flashlink-vu-modelo-20862-01\/#primaryimage"},"image":{"@id":"https:\/\/abaa.mx\/tienda\/registrador-de-transito-flashlink-vu-modelo-20862-01\/#primaryimage"},"thumbnailUrl":"https:\/\/abaa.mx\/tienda\/wp-content\/uploads\/2023\/09\/20862-01.jpg","datePublished":"2023-09-15T17:19:49+00:00","dateModified":"2023-09-15T17:19:50+00:00","breadcrumb":{"@id":"https:\/\/abaa.mx\/tienda\/registrador-de-transito-flashlink-vu-modelo-20862-01\/#breadcrumb"},"inLanguage":"es","potentialAction":[{"@type":"ReadAction","target":["https:\/\/abaa.mx\/tienda\/registrador-de-transito-flashlink-vu-modelo-20862-01\/"]}]},{"@type":"ImageObject","inLanguage":"es","@id":"https:\/\/abaa.mx\/tienda\/registrador-de-transito-flashlink-vu-modelo-20862-01\/#primaryimage","url":"https:\/\/abaa.mx\/tienda\/wp-content\/uploads\/2023\/09\/20862-01.jpg","contentUrl":"https:\/\/abaa.mx\/tienda\/wp-content\/uploads\/2023\/09\/20862-01.jpg","width":474,"height":678,"caption":"registrador-de-transito-flashlink-vu-modelo-20862-01"},{"@type":"BreadcrumbList","@id":"https:\/\/abaa.mx\/tienda\/registrador-de-transito-flashlink-vu-modelo-20862-01\/#breadcrumb","itemListElement":[{"@type":"ListItem","position":1,"name":"Inicio","item":"https:\/\/abaa.mx\/tienda\/"},{"@type":"ListItem","position":2,"name":"Tienda","item":"https:\/\/abaa.mx\/tienda\/"},{"@type":"ListItem","position":3,"name":"Registrador de tr\u00e1nsito flashlink vu Modelo 20862-01"}]},{"@type":"WebSite","@id":"https:\/\/abaa.mx\/tienda\/#website","url":"https:\/\/abaa.mx\/tienda\/","name":"Abaa tienda online","description":"Instrumentos de medici\u00f3n","publisher":{"@id":"https:\/\/abaa.mx\/tienda\/#organization"},"potentialAction":[{"@type":"SearchAction","target":{"@type":"EntryPoint","urlTemplate":"https:\/\/abaa.mx\/tienda\/?s={search_term_string}"},"query-input":{"@type":"PropertyValueSpecification","valueRequired":true,"valueName":"search_term_string"}}],"inLanguage":"es"},{"@type":"Organization","@id":"https:\/\/abaa.mx\/tienda\/#organization","name":"Abaa tienda online","url":"https:\/\/abaa.mx\/tienda\/","logo":{"@type":"ImageObject","inLanguage":"es","@id":"https:\/\/abaa.mx\/tienda\/#\/schema\/logo\/image\/","url":"https:\/\/abaa.mx\/tienda\/wp-content\/uploads\/2024\/01\/abaa-metrologia-tienda.png","contentUrl":"https:\/\/abaa.mx\/tienda\/wp-content\/uploads\/2024\/01\/abaa-metrologia-tienda.png","width":300,"height":141,"caption":"Abaa tienda online"},"image":{"@id":"https:\/\/abaa.mx\/tienda\/#\/schema\/logo\/image\/"}}]}},"_links":{"self":[{"href":"https:\/\/abaa.mx\/tienda\/wp-json\/wp\/v2\/product\/1714","targetHints":{"allow":["GET"]}}],"collection":[{"href":"https:\/\/abaa.mx\/tienda\/wp-json\/wp\/v2\/product"}],"about":[{"href":"https:\/\/abaa.mx\/tienda\/wp-json\/wp\/v2\/types\/product"}],"replies":[{"embeddable":true,"href":"https:\/\/abaa.mx\/tienda\/wp-json\/wp\/v2\/comments?post=1714"}],"wp:featuredmedia":[{"embeddable":true,"href":"https:\/\/abaa.mx\/tienda\/wp-json\/wp\/v2\/media\/1722"}],"wp:attachment":[{"href":"https:\/\/abaa.mx\/tienda\/wp-json\/wp\/v2\/media?parent=1714"}],"wp:term":[{"taxonomy":"product_brand","embeddable":true,"href":"https:\/\/abaa.mx\/tienda\/wp-json\/wp\/v2\/product_brand?post=1714"},{"taxonomy":"product_cat","embeddable":true,"href":"https:\/\/abaa.mx\/tienda\/wp-json\/wp\/v2\/product_cat?post=1714"},{"taxonomy":"product_tag","embeddable":true,"href":"https:\/\/abaa.mx\/tienda\/wp-json\/wp\/v2\/product_tag?post=1714"}],"curies":[{"name":"wp","href":"https:\/\/api.w.org\/{rel}","templated":true}]}}