{"id":1711,"date":"2023-09-15T17:15:48","date_gmt":"2023-09-15T17:15:48","guid":{"rendered":"https:\/\/abaa.mx\/tienda\/?post_type=product&#038;p=1711"},"modified":"2023-11-07T02:55:16","modified_gmt":"2023-11-07T02:55:16","slug":"set-testo-175-t1-set-de-registradores-de-temperatura","status":"publish","type":"product","link":"https:\/\/abaa.mx\/tienda\/set-testo-175-t1-set-de-registradores-de-temperatura\/","title":{"rendered":"Set testo 175 T1 &#8211; Set de registradores de temperatura"},"content":{"rendered":"<p>El registrador de temperatura testo 175 T1 es el data logger ideal cuando se trata de la supervisi\u00f3n segura de la temperatura ambiente. Especialmente si desea controlar la temperatura en diferentes salas, la adquisici\u00f3n de nuestro set es una soluci\u00f3n pr\u00e1ctica: Recibir\u00e1 al mismo tiempo tres registradores de datos (con accesorios) y puede, por ejemplo, como panadero o carnicero registrar simult\u00e1neamente la temperatura en la c\u00e1mara frigor\u00edfica, en el almac\u00e9n y en la zona de ventas.<\/p>\n<div class=\"m-list\">\n<ul class=\"list-elements\">\n<li>Perfecto para mediciones de larga duraci\u00f3n: la memoria almacena hasta 1 mill\u00f3n de valores; la duraci\u00f3n de la pila puede alcanzar hasta 3 a\u00f1os<\/li>\n<li>Con este set estar\u00e1 listo para empezar de inmediato: se incluyen tres registradores de temperatura, software ComSoft Basic para la descarga gratuita, puerto USB, tarjeta de memoria SD, candado y soportes para pared<\/li>\n<li>Pr\u00e1ctico: en la pantalla del registrador se leen los valores de medici\u00f3n actuales, los valores m\u00ednimo \/ m\u00e1ximo, los valores l\u00edmite y los incumplimientos de los valores l\u00edmites<\/li>\n<li>Conforme a APPCC, certificado seg\u00fan EN 12830, grado de protecci\u00f3n IP 65<\/li>\n<\/ul>\n<\/div>\n<p class=\"text\">\u00bfDesea realizar un control y registro de la temperatura a largo plazo en m\u00faltiples lugares (p. ej., en c\u00e1maras frigor\u00edficas, de congelaci\u00f3n, almacenes)? Con el Set testo 175 T1 tendr\u00e1 al mismo tiempo tres registradores de temperatura y sus pr\u00e1cticos accesorios. As\u00ed estar\u00e1 perfectamente equipado para registrar la temperatura en varias salas; p. ej., en c\u00e1maras frigor\u00edficas, almacenes y zona de ventas como en las carnicer\u00edas o panader\u00edas.<\/p>\n<div class=\"c2a-tabSection m-tabs\">\n<div id=\"tab-details\" class=\"large-12 column m-tab-pdp\">\n<div class=\"medium-8\">\n<article class=\"child-1 paragraph\">\n<h3>Programaci\u00f3n y evaluaci\u00f3n del data logger de temperatura<\/h3>\n<p>El software gratuito testo ComSoft Basic permite programar r\u00e1pidamente el registrador de datos de temperatura y realizar una valoraci\u00f3n de datos sencilla.<\/p>\n<p>En el caso de unos requisitos m\u00e1s exigentes para el programa, podemos ofrecerle dos versiones:<\/p>\n<p>&nbsp;<\/p>\n<ul>\n<li><b>ComSoft Profesional<\/b>\u00a0\u2013 disponible opcionalmente &#8211; ofrece varias posibilidades para el an\u00e1lisis detallado de los valores de temperatura medidos<\/li>\n<li><b>ComSoft CFR 21 Parte 11<\/b>\u00a0\u2013 disponible opcionalmente &#8211; adecuado para su uso en el sector farmac\u00e9utico gracias a sus requisitos especiales de acuerdo con CFR 21 parte 11<\/li>\n<\/ul>\n<p>&nbsp;<\/p>\n<h3>Aprobado y certificado para su uso en la industria alimentaria<\/h3>\n<p>&nbsp;<\/p>\n<ul>\n<li>El registrador de datos est\u00e1 aprobado seg\u00fan EN 12830 por la secci\u00f3n de comprobaci\u00f3n ATP del T\u00dcV S\u00fcd<\/li>\n<li>Est\u00e1 certificado por HACCP International y, por tanto, conforme a APPCC<\/li>\n<li>Protecci\u00f3n segura contra chorros de agua seg\u00fan IP 65: El registrador de temperatura puede permanecer en el lugar de la medici\u00f3n durante la limpieza<\/li>\n<\/ul>\n<p>&nbsp;<\/p>\n<h3>Ventaja del set<\/h3>\n<p>Con este set estar\u00e1 bien equipado para el control profesional de la temperatura: Recibir\u00e1 tres registradores de temperatura testo 175 T1 para registrar la temperatura en varias salas o en m\u00faltiples lugares, lo que resulta pr\u00e1ctico para las peque\u00f1as empresas del sector alimentario, as\u00ed como para supervisar la temperatura de c\u00e1maras frigor\u00edficas, almacenes y zona de ventas.<\/p>\n<p>En el set se incluye una interfaz USB necesaria para programar los registradores de datos. As\u00ed tiene en el set todo lo necesario para comenzar de inmediato a controlar la temperatura. La interfaz USB suministrada tambi\u00e9n permite la transmisi\u00f3n de datos de medici\u00f3n a su ordenador. Opcionalmente, puede utilizar aqu\u00ed la tarjeta de memoria SD, que tambi\u00e9n se incluye en el set. Para la valoraci\u00f3n de los datos de medici\u00f3n en el PC est\u00e1 disponible el software gratuito testo ComSoft Basic.\u00a0\u00a0para acceder a la descarga gratuita.<\/article>\n<h3>Volumen de suministro<\/h3>\n<article class=\"child-2 paragraph\">\n<ul>\n<li>3 registradores de temperatura testo 175 T1, soporte de pared, candado, pilas y protocolo de calibraci\u00f3n<\/li>\n<li>1 cable USB para la programaci\u00f3n y lectura del registrador de temperatura<\/li>\n<li>1 tarjeta de memoria SD para el almacenamiento y transmisi\u00f3n de los datos de medici\u00f3n al PC<\/li>\n<\/ul>\n<\/article>\n<\/div>\n<div class=\"medium-4\">\n<div class=\"m-cert large-12 column\"><\/div>\n<\/div>\n<\/div>\n<\/div>\n<hr \/>\n<div class=\"c2a-tabSection m-tabs\">\n<div id=\"tab-technicalData\" class=\"large-12 column m-data-tab\">\n<h2>Datos t\u00e9cnicos<\/h2>\n<table>\n<colgroup>\n<col class=\"colWidth25\" \/>\n<col \/><\/colgroup>\n<thead>\n<tr>\n<th colspan=\"2\">Datos t\u00e9cnicos generales<\/th>\n<\/tr>\n<\/thead>\n<tbody>\n<tr>\n<td class=\"table-bold\">Peso<\/td>\n<td>130 g<\/td>\n<\/tr>\n<tr>\n<td class=\"table-bold\">Medidas<\/td>\n<td>89 X 53 X 27 mm<\/td>\n<\/tr>\n<tr>\n<td class=\"table-bold\">Temperatura de funcionamiento<\/td>\n<td>-35 hasta +55 \u00baC<\/td>\n<\/tr>\n<tr>\n<td class=\"table-bold\">Material de la carcasa \/ del producto<\/td>\n<td>Pl\u00e1stico<\/td>\n<\/tr>\n<tr>\n<td class=\"table-bold\">Clase de protecci\u00f3n<\/td>\n<td>IP65<\/td>\n<\/tr>\n<tr>\n<td class=\"table-bold\">Canales<\/td>\n<td>1 externo<\/td>\n<\/tr>\n<tr>\n<td class=\"table-bold\">Color del producto<\/td>\n<td>blanco<\/td>\n<\/tr>\n<tr>\n<td class=\"table-bold\">Norma<\/td>\n<td>Directriz UE 2014\/30\/EU; 2011\/65\/EU; DIN EN 12830<\/td>\n<\/tr>\n<tr>\n<td class=\"table-bold\">Intervalo de medici\u00f3n<\/td>\n<td>10 seg &#8211; 24 h<\/td>\n<\/tr>\n<tr>\n<td class=\"table-bold\">Tipo de bater\u00eda<\/td>\n<td>3 pilas AAA (AlMn o Energizer)<\/td>\n<\/tr>\n<tr>\n<td class=\"table-bold\">Autonom\u00eda<\/td>\n<td>3 a\u00f1os (15\u2019 intervalo de medici\u00f3n a +25 \u00b0C)<\/td>\n<\/tr>\n<tr>\n<td class=\"table-bold\">Interfaces<\/td>\n<td>mini usb, ranura para tarjeta SD<\/td>\n<\/tr>\n<tr>\n<td class=\"table-bold\">Memoria<\/td>\n<td>1.000.000 valor medido<\/td>\n<\/tr>\n<tr>\n<td class=\"table-bold\">Temperatura de almacenamiento<\/td>\n<td>-35 hasta +55 \u00baC<\/td>\n<\/tr>\n<\/tbody>\n<\/table>\n<table>\n<colgroup>\n<col class=\"colWidth25\" \/>\n<col \/><\/colgroup>\n<thead>\n<tr>\n<th colspan=\"2\">NTC<\/th>\n<\/tr>\n<\/thead>\n<tbody>\n<tr>\n<td class=\"table-bold\">Rango<\/td>\n<td>-35 hasta +55 \u00baC<\/td>\n<\/tr>\n<tr>\n<td class=\"table-bold\">Exactitud<\/td>\n<td>\u00b10,5 \u00baC (-35 hasta +55 \u00baC)<\/td>\n<\/tr>\n<tr>\n<td class=\"table-bold\">Resoluci\u00f3n<\/td>\n<td>0,1 \u00baC<\/td>\n<\/tr>\n<\/tbody>\n<\/table>\n<\/div>\n<\/div>\n","protected":false},"excerpt":{"rendered":"<p>El registrador de temperatura testo 175 T1 es el data logger ideal cuando se trata de la supervisi\u00f3n segura de la temperatura ambiente. Especialmente si desea controlar la temperatura en diferentes salas, la adquisici\u00f3n de nuestro set es una soluci\u00f3n pr\u00e1ctica: Recibir\u00e1 al mismo tiempo tres registradores de datos (con accesorios) y puede, por ejemplo, como panadero o carnicero registrar simult\u00e1neamente la temperatura en la c\u00e1mara frigor\u00edfica, en el almac\u00e9n y en la zona de ventas.<\/p>\n","protected":false},"featured_media":1715,"comment_status":"open","ping_status":"closed","template":"","meta":{"_joinchat":[]},"product_brand":[],"product_cat":[15],"product_tag":[],"class_list":{"0":"post-1711","1":"product","2":"type-product","3":"status-publish","4":"has-post-thumbnail","6":"product_cat-sin-categorizar","8":"first","9":"instock","10":"shipping-taxable","11":"product-type-simple"},"yoast_head":"<!-- This site is optimized with the Yoast SEO plugin v26.4 - https:\/\/yoast.com\/wordpress\/plugins\/seo\/ -->\n<title>Set testo 175 T1 - Set de registradores de temperatura - Abaa tienda online<\/title>\n<meta name=\"robots\" content=\"index, follow, max-snippet:-1, max-image-preview:large, max-video-preview:-1\" \/>\n<link rel=\"canonical\" href=\"https:\/\/abaa.mx\/tienda\/set-testo-175-t1-set-de-registradores-de-temperatura\/\" \/>\n<meta property=\"og:locale\" content=\"es_MX\" \/>\n<meta property=\"og:type\" content=\"article\" \/>\n<meta property=\"og:title\" content=\"Set testo 175 T1 - Set de registradores de temperatura - Abaa tienda online\" \/>\n<meta property=\"og:description\" content=\"El registrador de temperatura testo 175 T1 es el data logger ideal cuando se trata de la supervisi\u00f3n segura de la temperatura ambiente. Especialmente si desea controlar la temperatura en diferentes salas, la adquisici\u00f3n de nuestro set es una soluci\u00f3n pr\u00e1ctica: Recibir\u00e1 al mismo tiempo tres registradores de datos (con accesorios) y puede, por ejemplo, como panadero o carnicero registrar simult\u00e1neamente la temperatura en la c\u00e1mara frigor\u00edfica, en el almac\u00e9n y en la zona de ventas.\" \/>\n<meta property=\"og:url\" content=\"https:\/\/abaa.mx\/tienda\/set-testo-175-t1-set-de-registradores-de-temperatura\/\" \/>\n<meta property=\"og:site_name\" content=\"Abaa tienda online\" \/>\n<meta property=\"article:modified_time\" content=\"2023-11-07T02:55:16+00:00\" \/>\n<meta property=\"og:image\" content=\"https:\/\/abaa.mx\/tienda\/wp-content\/uploads\/2023\/09\/testo-175-T1-1.jpg\" \/>\n\t<meta property=\"og:image:width\" content=\"660\" \/>\n\t<meta property=\"og:image:height\" content=\"495\" \/>\n\t<meta property=\"og:image:type\" content=\"image\/jpeg\" \/>\n<meta name=\"twitter:card\" content=\"summary_large_image\" \/>\n<meta name=\"twitter:label1\" content=\"Tiempo de lectura\" \/>\n\t<meta name=\"twitter:data1\" content=\"4 minutos\" \/>\n<script type=\"application\/ld+json\" class=\"yoast-schema-graph\">{\"@context\":\"https:\/\/schema.org\",\"@graph\":[{\"@type\":\"WebPage\",\"@id\":\"https:\/\/abaa.mx\/tienda\/set-testo-175-t1-set-de-registradores-de-temperatura\/\",\"url\":\"https:\/\/abaa.mx\/tienda\/set-testo-175-t1-set-de-registradores-de-temperatura\/\",\"name\":\"Set testo 175 T1 - Set de registradores de temperatura - Abaa tienda online\",\"isPartOf\":{\"@id\":\"https:\/\/abaa.mx\/tienda\/#website\"},\"primaryImageOfPage\":{\"@id\":\"https:\/\/abaa.mx\/tienda\/set-testo-175-t1-set-de-registradores-de-temperatura\/#primaryimage\"},\"image\":{\"@id\":\"https:\/\/abaa.mx\/tienda\/set-testo-175-t1-set-de-registradores-de-temperatura\/#primaryimage\"},\"thumbnailUrl\":\"https:\/\/abaa.mx\/tienda\/wp-content\/uploads\/2023\/09\/testo-175-T1-1.jpg\",\"datePublished\":\"2023-09-15T17:15:48+00:00\",\"dateModified\":\"2023-11-07T02:55:16+00:00\",\"breadcrumb\":{\"@id\":\"https:\/\/abaa.mx\/tienda\/set-testo-175-t1-set-de-registradores-de-temperatura\/#breadcrumb\"},\"inLanguage\":\"es\",\"potentialAction\":[{\"@type\":\"ReadAction\",\"target\":[\"https:\/\/abaa.mx\/tienda\/set-testo-175-t1-set-de-registradores-de-temperatura\/\"]}]},{\"@type\":\"ImageObject\",\"inLanguage\":\"es\",\"@id\":\"https:\/\/abaa.mx\/tienda\/set-testo-175-t1-set-de-registradores-de-temperatura\/#primaryimage\",\"url\":\"https:\/\/abaa.mx\/tienda\/wp-content\/uploads\/2023\/09\/testo-175-T1-1.jpg\",\"contentUrl\":\"https:\/\/abaa.mx\/tienda\/wp-content\/uploads\/2023\/09\/testo-175-T1-1.jpg\",\"width\":660,\"height\":495,\"caption\":\"testo-175 T1\"},{\"@type\":\"BreadcrumbList\",\"@id\":\"https:\/\/abaa.mx\/tienda\/set-testo-175-t1-set-de-registradores-de-temperatura\/#breadcrumb\",\"itemListElement\":[{\"@type\":\"ListItem\",\"position\":1,\"name\":\"Inicio\",\"item\":\"https:\/\/abaa.mx\/tienda\/\"},{\"@type\":\"ListItem\",\"position\":2,\"name\":\"Tienda\",\"item\":\"https:\/\/abaa.mx\/tienda\/\"},{\"@type\":\"ListItem\",\"position\":3,\"name\":\"Set testo 175 T1 &#8211; Set de registradores de temperatura\"}]},{\"@type\":\"WebSite\",\"@id\":\"https:\/\/abaa.mx\/tienda\/#website\",\"url\":\"https:\/\/abaa.mx\/tienda\/\",\"name\":\"Abaa tienda online\",\"description\":\"Instrumentos de medici\u00f3n\",\"publisher\":{\"@id\":\"https:\/\/abaa.mx\/tienda\/#organization\"},\"potentialAction\":[{\"@type\":\"SearchAction\",\"target\":{\"@type\":\"EntryPoint\",\"urlTemplate\":\"https:\/\/abaa.mx\/tienda\/?s={search_term_string}\"},\"query-input\":{\"@type\":\"PropertyValueSpecification\",\"valueRequired\":true,\"valueName\":\"search_term_string\"}}],\"inLanguage\":\"es\"},{\"@type\":\"Organization\",\"@id\":\"https:\/\/abaa.mx\/tienda\/#organization\",\"name\":\"Abaa tienda online\",\"url\":\"https:\/\/abaa.mx\/tienda\/\",\"logo\":{\"@type\":\"ImageObject\",\"inLanguage\":\"es\",\"@id\":\"https:\/\/abaa.mx\/tienda\/#\/schema\/logo\/image\/\",\"url\":\"https:\/\/abaa.mx\/tienda\/wp-content\/uploads\/2024\/01\/abaa-metrologia-tienda.png\",\"contentUrl\":\"https:\/\/abaa.mx\/tienda\/wp-content\/uploads\/2024\/01\/abaa-metrologia-tienda.png\",\"width\":300,\"height\":141,\"caption\":\"Abaa tienda online\"},\"image\":{\"@id\":\"https:\/\/abaa.mx\/tienda\/#\/schema\/logo\/image\/\"}}]}<\/script>\n<!-- \/ Yoast SEO plugin. -->","yoast_head_json":{"title":"Set testo 175 T1 - Set de registradores de temperatura - Abaa tienda online","robots":{"index":"index","follow":"follow","max-snippet":"max-snippet:-1","max-image-preview":"max-image-preview:large","max-video-preview":"max-video-preview:-1"},"canonical":"https:\/\/abaa.mx\/tienda\/set-testo-175-t1-set-de-registradores-de-temperatura\/","og_locale":"es_MX","og_type":"article","og_title":"Set testo 175 T1 - Set de registradores de temperatura - Abaa tienda online","og_description":"El registrador de temperatura testo 175 T1 es el data logger ideal cuando se trata de la supervisi\u00f3n segura de la temperatura ambiente. Especialmente si desea controlar la temperatura en diferentes salas, la adquisici\u00f3n de nuestro set es una soluci\u00f3n pr\u00e1ctica: Recibir\u00e1 al mismo tiempo tres registradores de datos (con accesorios) y puede, por ejemplo, como panadero o carnicero registrar simult\u00e1neamente la temperatura en la c\u00e1mara frigor\u00edfica, en el almac\u00e9n y en la zona de ventas.","og_url":"https:\/\/abaa.mx\/tienda\/set-testo-175-t1-set-de-registradores-de-temperatura\/","og_site_name":"Abaa tienda online","article_modified_time":"2023-11-07T02:55:16+00:00","og_image":[{"width":660,"height":495,"url":"https:\/\/abaa.mx\/tienda\/wp-content\/uploads\/2023\/09\/testo-175-T1-1.jpg","type":"image\/jpeg"}],"twitter_card":"summary_large_image","twitter_misc":{"Tiempo de lectura":"4 minutos"},"schema":{"@context":"https:\/\/schema.org","@graph":[{"@type":"WebPage","@id":"https:\/\/abaa.mx\/tienda\/set-testo-175-t1-set-de-registradores-de-temperatura\/","url":"https:\/\/abaa.mx\/tienda\/set-testo-175-t1-set-de-registradores-de-temperatura\/","name":"Set testo 175 T1 - Set de registradores de temperatura - Abaa tienda online","isPartOf":{"@id":"https:\/\/abaa.mx\/tienda\/#website"},"primaryImageOfPage":{"@id":"https:\/\/abaa.mx\/tienda\/set-testo-175-t1-set-de-registradores-de-temperatura\/#primaryimage"},"image":{"@id":"https:\/\/abaa.mx\/tienda\/set-testo-175-t1-set-de-registradores-de-temperatura\/#primaryimage"},"thumbnailUrl":"https:\/\/abaa.mx\/tienda\/wp-content\/uploads\/2023\/09\/testo-175-T1-1.jpg","datePublished":"2023-09-15T17:15:48+00:00","dateModified":"2023-11-07T02:55:16+00:00","breadcrumb":{"@id":"https:\/\/abaa.mx\/tienda\/set-testo-175-t1-set-de-registradores-de-temperatura\/#breadcrumb"},"inLanguage":"es","potentialAction":[{"@type":"ReadAction","target":["https:\/\/abaa.mx\/tienda\/set-testo-175-t1-set-de-registradores-de-temperatura\/"]}]},{"@type":"ImageObject","inLanguage":"es","@id":"https:\/\/abaa.mx\/tienda\/set-testo-175-t1-set-de-registradores-de-temperatura\/#primaryimage","url":"https:\/\/abaa.mx\/tienda\/wp-content\/uploads\/2023\/09\/testo-175-T1-1.jpg","contentUrl":"https:\/\/abaa.mx\/tienda\/wp-content\/uploads\/2023\/09\/testo-175-T1-1.jpg","width":660,"height":495,"caption":"testo-175 T1"},{"@type":"BreadcrumbList","@id":"https:\/\/abaa.mx\/tienda\/set-testo-175-t1-set-de-registradores-de-temperatura\/#breadcrumb","itemListElement":[{"@type":"ListItem","position":1,"name":"Inicio","item":"https:\/\/abaa.mx\/tienda\/"},{"@type":"ListItem","position":2,"name":"Tienda","item":"https:\/\/abaa.mx\/tienda\/"},{"@type":"ListItem","position":3,"name":"Set testo 175 T1 &#8211; Set de registradores de temperatura"}]},{"@type":"WebSite","@id":"https:\/\/abaa.mx\/tienda\/#website","url":"https:\/\/abaa.mx\/tienda\/","name":"Abaa tienda online","description":"Instrumentos de medici\u00f3n","publisher":{"@id":"https:\/\/abaa.mx\/tienda\/#organization"},"potentialAction":[{"@type":"SearchAction","target":{"@type":"EntryPoint","urlTemplate":"https:\/\/abaa.mx\/tienda\/?s={search_term_string}"},"query-input":{"@type":"PropertyValueSpecification","valueRequired":true,"valueName":"search_term_string"}}],"inLanguage":"es"},{"@type":"Organization","@id":"https:\/\/abaa.mx\/tienda\/#organization","name":"Abaa tienda online","url":"https:\/\/abaa.mx\/tienda\/","logo":{"@type":"ImageObject","inLanguage":"es","@id":"https:\/\/abaa.mx\/tienda\/#\/schema\/logo\/image\/","url":"https:\/\/abaa.mx\/tienda\/wp-content\/uploads\/2024\/01\/abaa-metrologia-tienda.png","contentUrl":"https:\/\/abaa.mx\/tienda\/wp-content\/uploads\/2024\/01\/abaa-metrologia-tienda.png","width":300,"height":141,"caption":"Abaa tienda online"},"image":{"@id":"https:\/\/abaa.mx\/tienda\/#\/schema\/logo\/image\/"}}]}},"_links":{"self":[{"href":"https:\/\/abaa.mx\/tienda\/wp-json\/wp\/v2\/product\/1711","targetHints":{"allow":["GET"]}}],"collection":[{"href":"https:\/\/abaa.mx\/tienda\/wp-json\/wp\/v2\/product"}],"about":[{"href":"https:\/\/abaa.mx\/tienda\/wp-json\/wp\/v2\/types\/product"}],"replies":[{"embeddable":true,"href":"https:\/\/abaa.mx\/tienda\/wp-json\/wp\/v2\/comments?post=1711"}],"wp:featuredmedia":[{"embeddable":true,"href":"https:\/\/abaa.mx\/tienda\/wp-json\/wp\/v2\/media\/1715"}],"wp:attachment":[{"href":"https:\/\/abaa.mx\/tienda\/wp-json\/wp\/v2\/media?parent=1711"}],"wp:term":[{"taxonomy":"product_brand","embeddable":true,"href":"https:\/\/abaa.mx\/tienda\/wp-json\/wp\/v2\/product_brand?post=1711"},{"taxonomy":"product_cat","embeddable":true,"href":"https:\/\/abaa.mx\/tienda\/wp-json\/wp\/v2\/product_cat?post=1711"},{"taxonomy":"product_tag","embeddable":true,"href":"https:\/\/abaa.mx\/tienda\/wp-json\/wp\/v2\/product_tag?post=1711"}],"curies":[{"name":"wp","href":"https:\/\/api.w.org\/{rel}","templated":true}]}}