{"id":1708,"date":"2023-09-15T17:11:57","date_gmt":"2023-09-15T17:11:57","guid":{"rendered":"https:\/\/abaa.mx\/tienda\/?post_type=product&#038;p=1708"},"modified":"2023-09-15T17:11:58","modified_gmt":"2023-09-15T17:11:58","slug":"registrador-de-datos-en-transito-flashlink-vu-modelo-20741-20744","status":"publish","type":"product","link":"https:\/\/abaa.mx\/tienda\/registrador-de-datos-en-transito-flashlink-vu-modelo-20741-20744\/","title":{"rendered":"Registrador de datos en tr\u00e1nsito flashlink vu Modelo 20741-20744"},"content":{"rendered":"<h1>Registrador de datos en tr\u00e1nsito flashlink\u00a0vu<\/h1>\n<h3><strong>Modelo\u00a020741-20744<\/strong><\/h3>\n<ul>\n<li>Pantalla LCD Grande y f\u00e1cil de leer.<\/li>\n<li>Estad\u00edsticas del historial del viaje disponibles en LCD.<\/li>\n<li>Caracter\u00edstica Shadow Log (patentada), garantiza los datos incluso si el operador no inicia la unidad.<\/li>\n<li>Imprime los datos utilizando la impresora de gr\u00e1ficos, software FlashLink Data Manager o descargar a la computadora.<\/li>\n<li>NIST trazable y marca CE.<\/li>\n<li>Clasificaci\u00f3n IP56 resistente al agua.<\/li>\n<\/ul>\n<div class=\"prod-top\">\n<div class=\"prod-left\">\n<div class=\"prod-app\"><b>Aplicaciones:<\/b> Transporte, Almacenamiento en Fr\u00edo, Instalaciones de Procesamiento.<\/div>\n<\/div>\n<\/div>\n<div class=\"prod-bottom\">\n<div class=\"prod-desc\">\n<p>El nuevo dispositivo FlashLink\u00a0VU es ideal para grabar las condiciones de almacenamiento y transporte de productos sensibles a la temperatura. Estos registradores de datos en tr\u00e1nsito tienen una pantalla LCD grande f\u00e1cil leer que proporciona informaci\u00f3n inmediata sobre el estado de la temperatura y estad\u00edsticas de viaje, incluyendo los l\u00edmites de temperatura superior e inferior, la duraci\u00f3n acumulada de las variaciones de temperatura, temperatura alta, temperatura baja, y la temperatura media.<\/p>\n<p>El FlashLink VU permite el acceso a los datos del historial de temperatura sin necesidad de parar la unidad o descargar los datos. La caracter\u00edstica patentada Shadow Log garantiza los datos de temperatura del historial, incluso si el operador olvida iniciar el registrador de datos. El FlashLink VU de un solo uso est\u00e1 empaquetado en una funda de color amarillo altamente visible con instrucciones f\u00e1ciles de seguir y ayuda al receptor localizar el registrador de datos con gran rapidez.<\/p>\n<p>Aplicaciones: dispositivo ideal para la documentaci\u00f3n de las condiciones de almacenamiento y transporte de productos sensibles a la temperatura.<\/p>\n<h2 class=\"rl_tabs-title nn_tabs-title\">Modelos<\/h2>\n<table>\n<thead>\n<tr>\n<th scope=\"col\">Modelos \u00b0F<\/th>\n<th scope=\"col\">Periodo de Registro<\/th>\n<th scope=\"col\">Intervalos de Registro<\/th>\n<\/tr>\n<\/thead>\n<tbody>\n<tr>\n<td>20741<\/td>\n<td>5 d\u00edas<\/td>\n<td>1 min 54 unos<\/td>\n<\/tr>\n<tr>\n<td>20742<\/td>\n<td>15-D\u00edas<\/td>\n<td>5 min 40 unos<\/td>\n<\/tr>\n<tr>\n<td>20743<\/td>\n<td>45-D\u00edas<\/td>\n<td>16 min 58 unos<\/td>\n<\/tr>\n<tr>\n<td>20744<\/td>\n<td>75 d\u00edas<\/td>\n<td>28 min 16 unos<\/td>\n<\/tr>\n<\/tbody>\n<\/table>\n<p>&nbsp;<\/p>\n<table>\n<caption><span>Registrador de datos en tr\u00e1nsito FlashLink VU<\/span><\/caption>\n<thead>\n<tr>\n<th scope=\"col\">Caracter\u00edstica<\/th>\n<th scope=\"col\">Especificaci\u00f3n<\/th>\n<\/tr>\n<\/thead>\n<tfoot>\n<tr>\n<td colspan=\"2\"><\/td>\n<\/tr>\n<\/tfoot>\n<tbody>\n<tr>\n<td>Intervalo de medici\u00f3n<\/td>\n<td>-40\u00b0F a 150\u00b0F (-40\u00b0C a 65\u00b0C)<\/td>\n<\/tr>\n<tr>\n<td>Resoluci\u00f3n de la temperatura<\/td>\n<td>0.1\u00b0F\/\u00b0C<\/td>\n<\/tr>\n<tr>\n<td>Precisi\u00f3n<\/td>\n<td>\u00b11.0\u00b0F de 14\u00b0F to 77\u00b0F (\u00b1.5\u00b0C de -10\u00b0C to 25\u00b0C);<br \/>\n\u00b12.0\u00b0F arriba 77\u00b0F (\u00b11.0\u00b0C arriba 25\u00b0C)<br \/>\n\u00b12.0\u00b0F abajo 14\u00b0F (\u00b11.0\u00b0C abajo -10\u00b0C)<\/td>\n<\/tr>\n<tr>\n<td>Capacidad de datos<\/td>\n<td>3824 puntos<\/td>\n<\/tr>\n<tr>\n<td>Tiempo de la descarga de datos<\/td>\n<td>5 segundos normalmente por cada 3800 puntos de datos<\/td>\n<\/tr>\n<tr>\n<td>Programable de f\u00e1brica<\/td>\n<td>Niveles alto y bajo sobre todo el rango, que se muestran en la pantalla LCD<\/td>\n<\/tr>\n<tr>\n<td>Bater\u00eda<\/td>\n<td>(CR2032) 3V Litio\/18 meses<\/td>\n<\/tr>\n<tr>\n<td>Dimensiones<\/td>\n<td>1.962&#8243; x 3.423&#8243; x .575&#8243; (50mm x 87mm x 15mm)<\/td>\n<\/tr>\n<tr>\n<td>Funda<\/td>\n<td>Pl\u00e1stico ABS<\/td>\n<\/tr>\n<tr>\n<td>Peso<\/td>\n<td>1.6 oz. (45.36 gramos)<\/td>\n<\/tr>\n<tr>\n<td>Resistente a golpes<\/td>\n<td>Soporta una ca\u00edda de 3 pies a una superficie firme<\/td>\n<\/tr>\n<tr>\n<td>Certificaci\u00f3n<\/td>\n<td>Cumple con RTCA \/ DO 160, marca CE, NIST trazable, cumple con ROHS<\/td>\n<\/tr>\n<tr>\n<td>Visualizaci\u00f3n<\/td>\n<td>LCD, LED rojo Alarma<\/td>\n<\/tr>\n<tr>\n<td>Grado impermeable<\/td>\n<td>IP56<\/td>\n<\/tr>\n<tr>\n<td>Condiciones de almacenaje<\/td>\n<td>-4\u00b0F a 122\u00b0F (-20\u00b0C a 50\u00b0C) 0% a 95% HR sin condensaci\u00f3n<\/td>\n<\/tr>\n<tr>\n<td>Requisitos de Sistema<\/td>\n<td>Windows PC con sistema operativo actualizado, FlashLink Data Manager, Adobe Reader<\/td>\n<\/tr>\n<tr>\n<td>Descargar Requisitos<\/td>\n<td>Kit de alta velocidad FlashLink adaptador de 8 pines a USB<\/td>\n<\/tr>\n<\/tbody>\n<\/table>\n<\/div>\n<\/div>\n","protected":false},"excerpt":{"rendered":"<h3><strong>Caracter\u00edsticas\u00a0<\/strong><\/h3>\n<ul>\n<li>Pantalla LCD Grande y f\u00e1cil de leer<\/li>\n<li>Estad\u00edsticas del historial del viaje disponibles en LCD<\/li>\n<li>Caracter\u00edstica Shadow Log (patentada), garantiza los datos incluso si el operador no inicia la unidad<\/li>\n<li>Imprime los datos utilizando la impresora de gr\u00e1ficos, software FlashLink Data Manager o descargar a la computadora<\/li>\n<li>NIST trazable y marca CE<\/li>\n<li>Clasificaci\u00f3n IP56 resistente al agua<\/li>\n<\/ul>\n","protected":false},"featured_media":1712,"comment_status":"open","ping_status":"closed","template":"","meta":{"_joinchat":[]},"product_brand":[],"product_cat":[15],"product_tag":[],"class_list":{"0":"post-1708","1":"product","2":"type-product","3":"status-publish","4":"has-post-thumbnail","6":"product_cat-sin-categorizar","8":"first","9":"instock","10":"shipping-taxable","11":"product-type-simple"},"yoast_head":"<!-- This site is optimized with the Yoast SEO plugin v26.4 - https:\/\/yoast.com\/wordpress\/plugins\/seo\/ -->\n<title>Registrador de datos en tr\u00e1nsito flashlink vu Modelo 20741-20744 - Abaa tienda online<\/title>\n<meta name=\"robots\" content=\"index, follow, max-snippet:-1, max-image-preview:large, max-video-preview:-1\" \/>\n<link rel=\"canonical\" href=\"https:\/\/abaa.mx\/tienda\/registrador-de-datos-en-transito-flashlink-vu-modelo-20741-20744\/\" \/>\n<meta property=\"og:locale\" content=\"es_MX\" \/>\n<meta property=\"og:type\" content=\"article\" \/>\n<meta property=\"og:title\" content=\"Registrador de datos en tr\u00e1nsito flashlink vu Modelo 20741-20744 - Abaa tienda online\" \/>\n<meta property=\"og:description\" content=\"Caracter\u00edsticas\u00a0   Pantalla LCD Grande y f\u00e1cil de leer  Estad\u00edsticas del historial del viaje disponibles en LCD  Caracter\u00edstica Shadow Log (patentada), garantiza los datos incluso si el operador no inicia la unidad  Imprime los datos utilizando la impresora de gr\u00e1ficos, software FlashLink Data Manager o descargar a la computadora  NIST trazable y marca CE  Clasificaci\u00f3n IP56 resistente al agua\" \/>\n<meta property=\"og:url\" content=\"https:\/\/abaa.mx\/tienda\/registrador-de-datos-en-transito-flashlink-vu-modelo-20741-20744\/\" \/>\n<meta property=\"og:site_name\" content=\"Abaa tienda online\" \/>\n<meta property=\"article:modified_time\" content=\"2023-09-15T17:11:58+00:00\" \/>\n<meta property=\"og:image\" content=\"https:\/\/abaa.mx\/tienda\/wp-content\/uploads\/2023\/09\/20741-20744.jpg\" \/>\n\t<meta property=\"og:image:width\" content=\"474\" \/>\n\t<meta property=\"og:image:height\" content=\"712\" \/>\n\t<meta property=\"og:image:type\" content=\"image\/jpeg\" \/>\n<meta name=\"twitter:card\" content=\"summary_large_image\" \/>\n<meta name=\"twitter:label1\" content=\"Tiempo de lectura\" \/>\n\t<meta name=\"twitter:data1\" content=\"3 minutos\" \/>\n<script type=\"application\/ld+json\" class=\"yoast-schema-graph\">{\"@context\":\"https:\/\/schema.org\",\"@graph\":[{\"@type\":\"WebPage\",\"@id\":\"https:\/\/abaa.mx\/tienda\/registrador-de-datos-en-transito-flashlink-vu-modelo-20741-20744\/\",\"url\":\"https:\/\/abaa.mx\/tienda\/registrador-de-datos-en-transito-flashlink-vu-modelo-20741-20744\/\",\"name\":\"Registrador de datos en tr\u00e1nsito flashlink vu Modelo 20741-20744 - Abaa tienda online\",\"isPartOf\":{\"@id\":\"https:\/\/abaa.mx\/tienda\/#website\"},\"primaryImageOfPage\":{\"@id\":\"https:\/\/abaa.mx\/tienda\/registrador-de-datos-en-transito-flashlink-vu-modelo-20741-20744\/#primaryimage\"},\"image\":{\"@id\":\"https:\/\/abaa.mx\/tienda\/registrador-de-datos-en-transito-flashlink-vu-modelo-20741-20744\/#primaryimage\"},\"thumbnailUrl\":\"https:\/\/abaa.mx\/tienda\/wp-content\/uploads\/2023\/09\/20741-20744.jpg\",\"datePublished\":\"2023-09-15T17:11:57+00:00\",\"dateModified\":\"2023-09-15T17:11:58+00:00\",\"breadcrumb\":{\"@id\":\"https:\/\/abaa.mx\/tienda\/registrador-de-datos-en-transito-flashlink-vu-modelo-20741-20744\/#breadcrumb\"},\"inLanguage\":\"es\",\"potentialAction\":[{\"@type\":\"ReadAction\",\"target\":[\"https:\/\/abaa.mx\/tienda\/registrador-de-datos-en-transito-flashlink-vu-modelo-20741-20744\/\"]}]},{\"@type\":\"ImageObject\",\"inLanguage\":\"es\",\"@id\":\"https:\/\/abaa.mx\/tienda\/registrador-de-datos-en-transito-flashlink-vu-modelo-20741-20744\/#primaryimage\",\"url\":\"https:\/\/abaa.mx\/tienda\/wp-content\/uploads\/2023\/09\/20741-20744.jpg\",\"contentUrl\":\"https:\/\/abaa.mx\/tienda\/wp-content\/uploads\/2023\/09\/20741-20744.jpg\",\"width\":474,\"height\":712,\"caption\":\"registrador-de-datos-en-transito-flashlink-vu-modelo-20741-20744\"},{\"@type\":\"BreadcrumbList\",\"@id\":\"https:\/\/abaa.mx\/tienda\/registrador-de-datos-en-transito-flashlink-vu-modelo-20741-20744\/#breadcrumb\",\"itemListElement\":[{\"@type\":\"ListItem\",\"position\":1,\"name\":\"Inicio\",\"item\":\"https:\/\/abaa.mx\/tienda\/\"},{\"@type\":\"ListItem\",\"position\":2,\"name\":\"Tienda\",\"item\":\"https:\/\/abaa.mx\/tienda\/\"},{\"@type\":\"ListItem\",\"position\":3,\"name\":\"Registrador de datos en tr\u00e1nsito flashlink vu Modelo 20741-20744\"}]},{\"@type\":\"WebSite\",\"@id\":\"https:\/\/abaa.mx\/tienda\/#website\",\"url\":\"https:\/\/abaa.mx\/tienda\/\",\"name\":\"Abaa tienda online\",\"description\":\"Instrumentos de medici\u00f3n\",\"publisher\":{\"@id\":\"https:\/\/abaa.mx\/tienda\/#organization\"},\"potentialAction\":[{\"@type\":\"SearchAction\",\"target\":{\"@type\":\"EntryPoint\",\"urlTemplate\":\"https:\/\/abaa.mx\/tienda\/?s={search_term_string}\"},\"query-input\":{\"@type\":\"PropertyValueSpecification\",\"valueRequired\":true,\"valueName\":\"search_term_string\"}}],\"inLanguage\":\"es\"},{\"@type\":\"Organization\",\"@id\":\"https:\/\/abaa.mx\/tienda\/#organization\",\"name\":\"Abaa tienda online\",\"url\":\"https:\/\/abaa.mx\/tienda\/\",\"logo\":{\"@type\":\"ImageObject\",\"inLanguage\":\"es\",\"@id\":\"https:\/\/abaa.mx\/tienda\/#\/schema\/logo\/image\/\",\"url\":\"https:\/\/abaa.mx\/tienda\/wp-content\/uploads\/2024\/01\/abaa-metrologia-tienda.png\",\"contentUrl\":\"https:\/\/abaa.mx\/tienda\/wp-content\/uploads\/2024\/01\/abaa-metrologia-tienda.png\",\"width\":300,\"height\":141,\"caption\":\"Abaa tienda online\"},\"image\":{\"@id\":\"https:\/\/abaa.mx\/tienda\/#\/schema\/logo\/image\/\"}}]}<\/script>\n<!-- \/ Yoast SEO plugin. -->","yoast_head_json":{"title":"Registrador de datos en tr\u00e1nsito flashlink vu Modelo 20741-20744 - Abaa tienda online","robots":{"index":"index","follow":"follow","max-snippet":"max-snippet:-1","max-image-preview":"max-image-preview:large","max-video-preview":"max-video-preview:-1"},"canonical":"https:\/\/abaa.mx\/tienda\/registrador-de-datos-en-transito-flashlink-vu-modelo-20741-20744\/","og_locale":"es_MX","og_type":"article","og_title":"Registrador de datos en tr\u00e1nsito flashlink vu Modelo 20741-20744 - Abaa tienda online","og_description":"Caracter\u00edsticas\u00a0   Pantalla LCD Grande y f\u00e1cil de leer  Estad\u00edsticas del historial del viaje disponibles en LCD  Caracter\u00edstica Shadow Log (patentada), garantiza los datos incluso si el operador no inicia la unidad  Imprime los datos utilizando la impresora de gr\u00e1ficos, software FlashLink Data Manager o descargar a la computadora  NIST trazable y marca CE  Clasificaci\u00f3n IP56 resistente al agua","og_url":"https:\/\/abaa.mx\/tienda\/registrador-de-datos-en-transito-flashlink-vu-modelo-20741-20744\/","og_site_name":"Abaa tienda online","article_modified_time":"2023-09-15T17:11:58+00:00","og_image":[{"width":474,"height":712,"url":"https:\/\/abaa.mx\/tienda\/wp-content\/uploads\/2023\/09\/20741-20744.jpg","type":"image\/jpeg"}],"twitter_card":"summary_large_image","twitter_misc":{"Tiempo de lectura":"3 minutos"},"schema":{"@context":"https:\/\/schema.org","@graph":[{"@type":"WebPage","@id":"https:\/\/abaa.mx\/tienda\/registrador-de-datos-en-transito-flashlink-vu-modelo-20741-20744\/","url":"https:\/\/abaa.mx\/tienda\/registrador-de-datos-en-transito-flashlink-vu-modelo-20741-20744\/","name":"Registrador de datos en tr\u00e1nsito flashlink vu Modelo 20741-20744 - Abaa tienda online","isPartOf":{"@id":"https:\/\/abaa.mx\/tienda\/#website"},"primaryImageOfPage":{"@id":"https:\/\/abaa.mx\/tienda\/registrador-de-datos-en-transito-flashlink-vu-modelo-20741-20744\/#primaryimage"},"image":{"@id":"https:\/\/abaa.mx\/tienda\/registrador-de-datos-en-transito-flashlink-vu-modelo-20741-20744\/#primaryimage"},"thumbnailUrl":"https:\/\/abaa.mx\/tienda\/wp-content\/uploads\/2023\/09\/20741-20744.jpg","datePublished":"2023-09-15T17:11:57+00:00","dateModified":"2023-09-15T17:11:58+00:00","breadcrumb":{"@id":"https:\/\/abaa.mx\/tienda\/registrador-de-datos-en-transito-flashlink-vu-modelo-20741-20744\/#breadcrumb"},"inLanguage":"es","potentialAction":[{"@type":"ReadAction","target":["https:\/\/abaa.mx\/tienda\/registrador-de-datos-en-transito-flashlink-vu-modelo-20741-20744\/"]}]},{"@type":"ImageObject","inLanguage":"es","@id":"https:\/\/abaa.mx\/tienda\/registrador-de-datos-en-transito-flashlink-vu-modelo-20741-20744\/#primaryimage","url":"https:\/\/abaa.mx\/tienda\/wp-content\/uploads\/2023\/09\/20741-20744.jpg","contentUrl":"https:\/\/abaa.mx\/tienda\/wp-content\/uploads\/2023\/09\/20741-20744.jpg","width":474,"height":712,"caption":"registrador-de-datos-en-transito-flashlink-vu-modelo-20741-20744"},{"@type":"BreadcrumbList","@id":"https:\/\/abaa.mx\/tienda\/registrador-de-datos-en-transito-flashlink-vu-modelo-20741-20744\/#breadcrumb","itemListElement":[{"@type":"ListItem","position":1,"name":"Inicio","item":"https:\/\/abaa.mx\/tienda\/"},{"@type":"ListItem","position":2,"name":"Tienda","item":"https:\/\/abaa.mx\/tienda\/"},{"@type":"ListItem","position":3,"name":"Registrador de datos en tr\u00e1nsito flashlink vu Modelo 20741-20744"}]},{"@type":"WebSite","@id":"https:\/\/abaa.mx\/tienda\/#website","url":"https:\/\/abaa.mx\/tienda\/","name":"Abaa tienda online","description":"Instrumentos de medici\u00f3n","publisher":{"@id":"https:\/\/abaa.mx\/tienda\/#organization"},"potentialAction":[{"@type":"SearchAction","target":{"@type":"EntryPoint","urlTemplate":"https:\/\/abaa.mx\/tienda\/?s={search_term_string}"},"query-input":{"@type":"PropertyValueSpecification","valueRequired":true,"valueName":"search_term_string"}}],"inLanguage":"es"},{"@type":"Organization","@id":"https:\/\/abaa.mx\/tienda\/#organization","name":"Abaa tienda online","url":"https:\/\/abaa.mx\/tienda\/","logo":{"@type":"ImageObject","inLanguage":"es","@id":"https:\/\/abaa.mx\/tienda\/#\/schema\/logo\/image\/","url":"https:\/\/abaa.mx\/tienda\/wp-content\/uploads\/2024\/01\/abaa-metrologia-tienda.png","contentUrl":"https:\/\/abaa.mx\/tienda\/wp-content\/uploads\/2024\/01\/abaa-metrologia-tienda.png","width":300,"height":141,"caption":"Abaa tienda online"},"image":{"@id":"https:\/\/abaa.mx\/tienda\/#\/schema\/logo\/image\/"}}]}},"_links":{"self":[{"href":"https:\/\/abaa.mx\/tienda\/wp-json\/wp\/v2\/product\/1708","targetHints":{"allow":["GET"]}}],"collection":[{"href":"https:\/\/abaa.mx\/tienda\/wp-json\/wp\/v2\/product"}],"about":[{"href":"https:\/\/abaa.mx\/tienda\/wp-json\/wp\/v2\/types\/product"}],"replies":[{"embeddable":true,"href":"https:\/\/abaa.mx\/tienda\/wp-json\/wp\/v2\/comments?post=1708"}],"wp:featuredmedia":[{"embeddable":true,"href":"https:\/\/abaa.mx\/tienda\/wp-json\/wp\/v2\/media\/1712"}],"wp:attachment":[{"href":"https:\/\/abaa.mx\/tienda\/wp-json\/wp\/v2\/media?parent=1708"}],"wp:term":[{"taxonomy":"product_brand","embeddable":true,"href":"https:\/\/abaa.mx\/tienda\/wp-json\/wp\/v2\/product_brand?post=1708"},{"taxonomy":"product_cat","embeddable":true,"href":"https:\/\/abaa.mx\/tienda\/wp-json\/wp\/v2\/product_cat?post=1708"},{"taxonomy":"product_tag","embeddable":true,"href":"https:\/\/abaa.mx\/tienda\/wp-json\/wp\/v2\/product_tag?post=1708"}],"curies":[{"name":"wp","href":"https:\/\/api.w.org\/{rel}","templated":true}]}}