{"id":1701,"date":"2023-09-15T16:47:47","date_gmt":"2023-09-15T16:47:47","guid":{"rendered":"https:\/\/abaa.mx\/tienda\/?post_type=product&#038;p=1701"},"modified":"2023-09-15T16:47:47","modified_gmt":"2023-09-15T16:47:47","slug":"registrador-de-datos-de-acero-inoxidable-de-alta-temperatura-con-sonda-externa-modelo-20633","status":"publish","type":"product","link":"https:\/\/abaa.mx\/tienda\/registrador-de-datos-de-acero-inoxidable-de-alta-temperatura-con-sonda-externa-modelo-20633\/","title":{"rendered":"Registrador de datos de acero inoxidable de alta temperatura con sonda externa Modelo 20633"},"content":{"rendered":"<h1>Registrador de datos de acero inoxidable de alta temperatura con sonda externa<\/h1>\n<h3><strong>Modelo\u00a020633<\/strong><\/h3>\n<ul>\n<li>Sonda externa r\u00edgida, tiempo de respuesta r\u00e1pido.<\/li>\n<li>Altamente preciso en un amplio rango de medici\u00f3n.<\/li>\n<li>N.I.S.T. calibraci\u00f3n rastreable.<\/li>\n<li>Resistente, sumergible, para uso en ambientes hostiles.<\/li>\n<li>Memoria de estado s\u00f3lido no vol\u00e1til para m\u00e1xima seguridad de datos.<\/li>\n<li>Bater\u00eda reemplazable por el usuario.<\/li>\n<li>F\u00e1cil de programar y descargar.<\/li>\n<\/ul>\n<div class=\"prod-top\">\n<div class=\"prod-left\">\n<div class=\"prod-app\"><b>Aplicaciones:<\/b> Monitoreo de temperaturas extremas (altas y bajas), ambientes h\u00famedos, validaci\u00f3n en autoclave, procesamiento de alimentos (pasteurizaci\u00f3n, congelaci\u00f3n instant\u00e1nea, operaciones de Chill Blast).<\/div>\n<div>\n<p>El registrador de datos de acero inoxidable de alta temperatura con sonda externa es una unidad resistente y de alta precisi\u00f3n que requiere un mantenimiento m\u00ednimo. Es f\u00e1cil de programar, instalar y descargar. La memoria no vol\u00e1til almacena hasta 65.536 puntos de datos, por lo que es ideal para la implementaci\u00f3n de campo a largo plazo.<\/p>\n<div class=\"prod-desc\">\n<p>Este registrador compacto y reutilizable est\u00e1 dise\u00f1ado para aplicaciones de monitoreo de temperaturas extremas (altas y bajas). Funciona bien en ambientes h\u00famedos como la esterilizaci\u00f3n de retorta, la validaci\u00f3n de autoclave, y tambi\u00e9n es para programas de HACCP, procesamiento de alimentos, pasteurizaci\u00f3n, congelaci\u00f3n instant\u00e1nea y operaciones de chill blast. Su sonda externa r\u00edgida tiene un tiempo de respuesta r\u00e1pido, con un sensor RTD de platino para lecturas altamente precisas. El indicador de duraci\u00f3n de la bater\u00eda les permite a los usuarios saber cu\u00e1ndo cambiar la bater\u00eda. Delta Manager es un software multiling\u00fce que se utiliza para programar par\u00e1metros de registro, iniciar y detener la unidad. Los datos se informan gr\u00e1ficamente y en formato de tabla, con an\u00e1lisis de resumen; Tambi\u00e9n exporta a Excel para realizar m\u00e1s c\u00e1lculos.<\/p>\n<table>\n<caption>Registrador de datos de acero inoxidable de alta temperatura con sonda externa<\/caption>\n<thead>\n<tr>\n<th scope=\"col\">Caracter\u00edstica<\/th>\n<th scope=\"col\">Especificaci\u00f3n<\/th>\n<\/tr>\n<\/thead>\n<tfoot>\n<tr>\n<td colspan=\"2\"><\/td>\n<\/tr>\n<\/tfoot>\n<tbody>\n<tr>\n<td>Rango de medici\u00f3n de la sonda<\/td>\n<td>-328 \u00b0 F a 500 \u00b0 F (-200 \u00b0 C a 260 \u00b0 C)<br \/>\nEl cuerpo del registrador no puede exceder los 284 \u00b0 F (140 \u00b0 C)<\/td>\n<\/tr>\n<tr>\n<td>Rango de operaci\u00f3n del registrador<\/td>\n<td>-40 \u00b0 F a 284 \u00b0 F (-40 \u00b0 C a 140 \u00b0 C), 0 a 100% de humedad relativa<br \/>\n0.002 a 100 PSIA<\/td>\n<\/tr>\n<tr>\n<td>Sensor<\/td>\n<td>RTD de platino 100\u03a9<\/td>\n<\/tr>\n<tr>\n<td>Resoluci\u00f3n de la temperatura<\/td>\n<td>0.02\u00b0F \/0.01\u00b0C<\/td>\n<\/tr>\n<tr>\n<td>Exactitud<\/td>\n<td>\u00b1 0.18\u00b0F (\u00b1 0.1\u00b0C) de 68\u00b0F a 284\u00b0F (20\u00b0C a 140\u00b0C) \u00b1 0.54\u00b0F (\u00b10.3\u00b0C) de -4\u00b0F a 67.98\u00b0F (-20\u00b0C a 19.99\u00b0C) \u00b1 0.72\u00b0F (\u00b10.4\u00b0C) de -40\u00b0F a -4.02\u00b0F (-40\u00b0C a -20.01\u00b0C)<\/td>\n<\/tr>\n<tr>\n<td>Lectura de Intervalos<\/td>\n<td>1 lectura cada 1 segundo a 1 cada 24 horas, programable por el usuario<\/td>\n<\/tr>\n<tr>\n<td>Capacidad de datos<\/td>\n<td>65,536 puntos<\/td>\n<\/tr>\n<tr>\n<td>Calibraci\u00f3n<\/td>\n<td>NIST rastreable<\/td>\n<\/tr>\n<tr>\n<td>Bater\u00eda<\/td>\n<td>Bater\u00eda de litio de alta temperatura de 3.6V, vida t\u00edpica de 1 a\u00f1o (tasa de lectura de 1 min a 77 \u00b0 F \/ 25 \u00b0 C), reemplazable por el usuario<\/td>\n<\/tr>\n<tr>\n<td>Dimensiones del cuerpo<\/td>\n<td>1.9in H x 0.97in d\u00eda. (48 mm de alto x 24,6 mm de di\u00e1metro)<\/td>\n<\/tr>\n<tr>\n<td>Dimensiones de la sonda<\/td>\n<td>5.25 pulgadas de largo x 0.125 pulgadas de di\u00e1metro (0.188 pulgadas de di\u00e1metro de transici\u00f3n) (133 mm x 3.2 mm de di\u00e1metro (4.8 mm de di\u00e1metro de transici\u00f3n)<\/td>\n<\/tr>\n<tr>\n<td>Peso<\/td>\n<td>4.2 oz (120 gramos)<\/td>\n<\/tr>\n<tr>\n<td>Material<\/td>\n<td>Acero inoxidable 316<\/td>\n<\/tr>\n<tr>\n<td>Certificaci\u00f3n<\/td>\n<td>Marca CE<\/td>\n<\/tr>\n<tr>\n<td>Nivel impermeable<\/td>\n<td>IP68<\/td>\n<\/tr>\n<tr>\n<td>Requisitos del sistema<\/td>\n<td>Windows XP SP3 o posterior<\/td>\n<\/tr>\n<tr>\n<td>Requisitos de programaci\u00f3n y descarga<\/td>\n<td>Paquete de software Delta Manager con dispositivo de interfaz USB y cables<\/td>\n<\/tr>\n<tr>\n<td colspan=\"2\">Utilice el modelo de protecci\u00f3n t\u00e9rmica 20632 (se vende por separado) cuando el registrador se coloca en entornos de -328 \u00b0 F a -40 \u00b0 F y de 284 \u00b0 F a 482 \u00b0 F (-200 \u00b0 C a -40 \u00b0 C y 140 \u00b0 C a 250 \u00b0 C). Si est\u00e1 fuera de estos rangos, comun\u00edquese con el Soporte t\u00e9cnico.<\/td>\n<\/tr>\n<tr>\n<td colspan=\"2\">ADVERTENCIA DE BATER\u00cdA: PELIGRO DE INCENDIO, EXPLOSI\u00d3N Y PELIGRO DE QUEMADURAS GRAVES. NO PROVOCAR CORTO CIRCUITO, NO SOBRECARGAR, NO FORZAR SOBRE LA DESCARGA, NO APLASTAR, NO PENETRAR O INCINERAR. LA BATER\u00cdA PUEDE TENER FUGAS O EXPLOTAR SI SE CALIENTA POR ENCIMA DE 302 \u00b0 F (150 \u00b0 C)<\/td>\n<\/tr>\n<\/tbody>\n<\/table>\n<\/div>\n<\/div>\n<\/div>\n<\/div>\n<div class=\"prod-bottom\">\n<div class=\"prod-desc\"><\/div>\n<\/div>\n","protected":false},"excerpt":{"rendered":"<h3><strong>Caracter\u00edsticas\u00a0<\/strong><\/h3>\n<ul>\n<li>Sonda externa r\u00edgida, tiempo de respuesta r\u00e1pido.<\/li>\n<li>Altamente preciso en un amplio rango de medici\u00f3n.<\/li>\n<li>N.I.S.T. calibraci\u00f3n rastreable.<\/li>\n<li>Resistente, sumergible, para uso en ambientes hostiles.<\/li>\n<li>Memoria de estado s\u00f3lido no vol\u00e1til para m\u00e1xima seguridad de datos.<\/li>\n<li>Bater\u00eda reemplazable por el usuario.<\/li>\n<li>F\u00e1cil de programar y descargar.<\/li>\n<\/ul>\n","protected":false},"featured_media":1705,"comment_status":"open","ping_status":"closed","template":"","meta":{"_joinchat":[]},"product_brand":[],"product_cat":[15],"product_tag":[],"class_list":{"0":"post-1701","1":"product","2":"type-product","3":"status-publish","4":"has-post-thumbnail","6":"product_cat-sin-categorizar","8":"first","9":"instock","10":"shipping-taxable","11":"product-type-simple"},"yoast_head":"<!-- This site is optimized with the Yoast SEO plugin v26.4 - https:\/\/yoast.com\/wordpress\/plugins\/seo\/ -->\n<title>Registrador de datos de acero inoxidable de alta temperatura con sonda externa Modelo 20633 - Abaa tienda online<\/title>\n<meta name=\"robots\" content=\"index, follow, max-snippet:-1, max-image-preview:large, max-video-preview:-1\" \/>\n<link rel=\"canonical\" href=\"https:\/\/abaa.mx\/tienda\/registrador-de-datos-de-acero-inoxidable-de-alta-temperatura-con-sonda-externa-modelo-20633\/\" \/>\n<meta property=\"og:locale\" content=\"es_MX\" \/>\n<meta property=\"og:type\" content=\"article\" \/>\n<meta property=\"og:title\" content=\"Registrador de datos de acero inoxidable de alta temperatura con sonda externa Modelo 20633 - Abaa tienda online\" \/>\n<meta property=\"og:description\" content=\"Caracter\u00edsticas\u00a0   Sonda externa r\u00edgida, tiempo de respuesta r\u00e1pido.  Altamente preciso en un amplio rango de medici\u00f3n.  N.I.S.T. calibraci\u00f3n rastreable.  Resistente, sumergible, para uso en ambientes hostiles.  Memoria de estado s\u00f3lido no vol\u00e1til para m\u00e1xima seguridad de datos.  Bater\u00eda reemplazable por el usuario.  F\u00e1cil de programar y descargar.\" \/>\n<meta property=\"og:url\" content=\"https:\/\/abaa.mx\/tienda\/registrador-de-datos-de-acero-inoxidable-de-alta-temperatura-con-sonda-externa-modelo-20633\/\" \/>\n<meta property=\"og:site_name\" content=\"Abaa tienda online\" \/>\n<meta property=\"og:image\" content=\"https:\/\/abaa.mx\/tienda\/wp-content\/uploads\/2023\/09\/20633.jpg\" \/>\n\t<meta property=\"og:image:width\" content=\"473\" \/>\n\t<meta property=\"og:image:height\" content=\"999\" \/>\n\t<meta property=\"og:image:type\" content=\"image\/jpeg\" \/>\n<meta name=\"twitter:card\" content=\"summary_large_image\" \/>\n<meta name=\"twitter:label1\" content=\"Tiempo de lectura\" \/>\n\t<meta name=\"twitter:data1\" content=\"3 minutos\" \/>\n<script type=\"application\/ld+json\" class=\"yoast-schema-graph\">{\"@context\":\"https:\/\/schema.org\",\"@graph\":[{\"@type\":\"WebPage\",\"@id\":\"https:\/\/abaa.mx\/tienda\/registrador-de-datos-de-acero-inoxidable-de-alta-temperatura-con-sonda-externa-modelo-20633\/\",\"url\":\"https:\/\/abaa.mx\/tienda\/registrador-de-datos-de-acero-inoxidable-de-alta-temperatura-con-sonda-externa-modelo-20633\/\",\"name\":\"Registrador de datos de acero inoxidable de alta temperatura con sonda externa Modelo 20633 - Abaa tienda online\",\"isPartOf\":{\"@id\":\"https:\/\/abaa.mx\/tienda\/#website\"},\"primaryImageOfPage\":{\"@id\":\"https:\/\/abaa.mx\/tienda\/registrador-de-datos-de-acero-inoxidable-de-alta-temperatura-con-sonda-externa-modelo-20633\/#primaryimage\"},\"image\":{\"@id\":\"https:\/\/abaa.mx\/tienda\/registrador-de-datos-de-acero-inoxidable-de-alta-temperatura-con-sonda-externa-modelo-20633\/#primaryimage\"},\"thumbnailUrl\":\"https:\/\/abaa.mx\/tienda\/wp-content\/uploads\/2023\/09\/20633.jpg\",\"datePublished\":\"2023-09-15T16:47:47+00:00\",\"breadcrumb\":{\"@id\":\"https:\/\/abaa.mx\/tienda\/registrador-de-datos-de-acero-inoxidable-de-alta-temperatura-con-sonda-externa-modelo-20633\/#breadcrumb\"},\"inLanguage\":\"es\",\"potentialAction\":[{\"@type\":\"ReadAction\",\"target\":[\"https:\/\/abaa.mx\/tienda\/registrador-de-datos-de-acero-inoxidable-de-alta-temperatura-con-sonda-externa-modelo-20633\/\"]}]},{\"@type\":\"ImageObject\",\"inLanguage\":\"es\",\"@id\":\"https:\/\/abaa.mx\/tienda\/registrador-de-datos-de-acero-inoxidable-de-alta-temperatura-con-sonda-externa-modelo-20633\/#primaryimage\",\"url\":\"https:\/\/abaa.mx\/tienda\/wp-content\/uploads\/2023\/09\/20633.jpg\",\"contentUrl\":\"https:\/\/abaa.mx\/tienda\/wp-content\/uploads\/2023\/09\/20633.jpg\",\"width\":473,\"height\":999,\"caption\":\"registrador-de-datos-de-acero-inoxidable-de-alta-temperatura-con-sonda-externa-modelo-20633\"},{\"@type\":\"BreadcrumbList\",\"@id\":\"https:\/\/abaa.mx\/tienda\/registrador-de-datos-de-acero-inoxidable-de-alta-temperatura-con-sonda-externa-modelo-20633\/#breadcrumb\",\"itemListElement\":[{\"@type\":\"ListItem\",\"position\":1,\"name\":\"Inicio\",\"item\":\"https:\/\/abaa.mx\/tienda\/\"},{\"@type\":\"ListItem\",\"position\":2,\"name\":\"Tienda\",\"item\":\"https:\/\/abaa.mx\/tienda\/\"},{\"@type\":\"ListItem\",\"position\":3,\"name\":\"Registrador de datos de acero inoxidable de alta temperatura con sonda externa Modelo 20633\"}]},{\"@type\":\"WebSite\",\"@id\":\"https:\/\/abaa.mx\/tienda\/#website\",\"url\":\"https:\/\/abaa.mx\/tienda\/\",\"name\":\"Abaa tienda online\",\"description\":\"Instrumentos de medici\u00f3n\",\"publisher\":{\"@id\":\"https:\/\/abaa.mx\/tienda\/#organization\"},\"potentialAction\":[{\"@type\":\"SearchAction\",\"target\":{\"@type\":\"EntryPoint\",\"urlTemplate\":\"https:\/\/abaa.mx\/tienda\/?s={search_term_string}\"},\"query-input\":{\"@type\":\"PropertyValueSpecification\",\"valueRequired\":true,\"valueName\":\"search_term_string\"}}],\"inLanguage\":\"es\"},{\"@type\":\"Organization\",\"@id\":\"https:\/\/abaa.mx\/tienda\/#organization\",\"name\":\"Abaa tienda online\",\"url\":\"https:\/\/abaa.mx\/tienda\/\",\"logo\":{\"@type\":\"ImageObject\",\"inLanguage\":\"es\",\"@id\":\"https:\/\/abaa.mx\/tienda\/#\/schema\/logo\/image\/\",\"url\":\"https:\/\/abaa.mx\/tienda\/wp-content\/uploads\/2024\/01\/abaa-metrologia-tienda.png\",\"contentUrl\":\"https:\/\/abaa.mx\/tienda\/wp-content\/uploads\/2024\/01\/abaa-metrologia-tienda.png\",\"width\":300,\"height\":141,\"caption\":\"Abaa tienda online\"},\"image\":{\"@id\":\"https:\/\/abaa.mx\/tienda\/#\/schema\/logo\/image\/\"}}]}<\/script>\n<!-- \/ Yoast SEO plugin. -->","yoast_head_json":{"title":"Registrador de datos de acero inoxidable de alta temperatura con sonda externa Modelo 20633 - Abaa tienda online","robots":{"index":"index","follow":"follow","max-snippet":"max-snippet:-1","max-image-preview":"max-image-preview:large","max-video-preview":"max-video-preview:-1"},"canonical":"https:\/\/abaa.mx\/tienda\/registrador-de-datos-de-acero-inoxidable-de-alta-temperatura-con-sonda-externa-modelo-20633\/","og_locale":"es_MX","og_type":"article","og_title":"Registrador de datos de acero inoxidable de alta temperatura con sonda externa Modelo 20633 - Abaa tienda online","og_description":"Caracter\u00edsticas\u00a0   Sonda externa r\u00edgida, tiempo de respuesta r\u00e1pido.  Altamente preciso en un amplio rango de medici\u00f3n.  N.I.S.T. calibraci\u00f3n rastreable.  Resistente, sumergible, para uso en ambientes hostiles.  Memoria de estado s\u00f3lido no vol\u00e1til para m\u00e1xima seguridad de datos.  Bater\u00eda reemplazable por el usuario.  F\u00e1cil de programar y descargar.","og_url":"https:\/\/abaa.mx\/tienda\/registrador-de-datos-de-acero-inoxidable-de-alta-temperatura-con-sonda-externa-modelo-20633\/","og_site_name":"Abaa tienda online","og_image":[{"width":473,"height":999,"url":"https:\/\/abaa.mx\/tienda\/wp-content\/uploads\/2023\/09\/20633.jpg","type":"image\/jpeg"}],"twitter_card":"summary_large_image","twitter_misc":{"Tiempo de lectura":"3 minutos"},"schema":{"@context":"https:\/\/schema.org","@graph":[{"@type":"WebPage","@id":"https:\/\/abaa.mx\/tienda\/registrador-de-datos-de-acero-inoxidable-de-alta-temperatura-con-sonda-externa-modelo-20633\/","url":"https:\/\/abaa.mx\/tienda\/registrador-de-datos-de-acero-inoxidable-de-alta-temperatura-con-sonda-externa-modelo-20633\/","name":"Registrador de datos de acero inoxidable de alta temperatura con sonda externa Modelo 20633 - Abaa tienda online","isPartOf":{"@id":"https:\/\/abaa.mx\/tienda\/#website"},"primaryImageOfPage":{"@id":"https:\/\/abaa.mx\/tienda\/registrador-de-datos-de-acero-inoxidable-de-alta-temperatura-con-sonda-externa-modelo-20633\/#primaryimage"},"image":{"@id":"https:\/\/abaa.mx\/tienda\/registrador-de-datos-de-acero-inoxidable-de-alta-temperatura-con-sonda-externa-modelo-20633\/#primaryimage"},"thumbnailUrl":"https:\/\/abaa.mx\/tienda\/wp-content\/uploads\/2023\/09\/20633.jpg","datePublished":"2023-09-15T16:47:47+00:00","breadcrumb":{"@id":"https:\/\/abaa.mx\/tienda\/registrador-de-datos-de-acero-inoxidable-de-alta-temperatura-con-sonda-externa-modelo-20633\/#breadcrumb"},"inLanguage":"es","potentialAction":[{"@type":"ReadAction","target":["https:\/\/abaa.mx\/tienda\/registrador-de-datos-de-acero-inoxidable-de-alta-temperatura-con-sonda-externa-modelo-20633\/"]}]},{"@type":"ImageObject","inLanguage":"es","@id":"https:\/\/abaa.mx\/tienda\/registrador-de-datos-de-acero-inoxidable-de-alta-temperatura-con-sonda-externa-modelo-20633\/#primaryimage","url":"https:\/\/abaa.mx\/tienda\/wp-content\/uploads\/2023\/09\/20633.jpg","contentUrl":"https:\/\/abaa.mx\/tienda\/wp-content\/uploads\/2023\/09\/20633.jpg","width":473,"height":999,"caption":"registrador-de-datos-de-acero-inoxidable-de-alta-temperatura-con-sonda-externa-modelo-20633"},{"@type":"BreadcrumbList","@id":"https:\/\/abaa.mx\/tienda\/registrador-de-datos-de-acero-inoxidable-de-alta-temperatura-con-sonda-externa-modelo-20633\/#breadcrumb","itemListElement":[{"@type":"ListItem","position":1,"name":"Inicio","item":"https:\/\/abaa.mx\/tienda\/"},{"@type":"ListItem","position":2,"name":"Tienda","item":"https:\/\/abaa.mx\/tienda\/"},{"@type":"ListItem","position":3,"name":"Registrador de datos de acero inoxidable de alta temperatura con sonda externa Modelo 20633"}]},{"@type":"WebSite","@id":"https:\/\/abaa.mx\/tienda\/#website","url":"https:\/\/abaa.mx\/tienda\/","name":"Abaa tienda online","description":"Instrumentos de medici\u00f3n","publisher":{"@id":"https:\/\/abaa.mx\/tienda\/#organization"},"potentialAction":[{"@type":"SearchAction","target":{"@type":"EntryPoint","urlTemplate":"https:\/\/abaa.mx\/tienda\/?s={search_term_string}"},"query-input":{"@type":"PropertyValueSpecification","valueRequired":true,"valueName":"search_term_string"}}],"inLanguage":"es"},{"@type":"Organization","@id":"https:\/\/abaa.mx\/tienda\/#organization","name":"Abaa tienda online","url":"https:\/\/abaa.mx\/tienda\/","logo":{"@type":"ImageObject","inLanguage":"es","@id":"https:\/\/abaa.mx\/tienda\/#\/schema\/logo\/image\/","url":"https:\/\/abaa.mx\/tienda\/wp-content\/uploads\/2024\/01\/abaa-metrologia-tienda.png","contentUrl":"https:\/\/abaa.mx\/tienda\/wp-content\/uploads\/2024\/01\/abaa-metrologia-tienda.png","width":300,"height":141,"caption":"Abaa tienda online"},"image":{"@id":"https:\/\/abaa.mx\/tienda\/#\/schema\/logo\/image\/"}}]}},"_links":{"self":[{"href":"https:\/\/abaa.mx\/tienda\/wp-json\/wp\/v2\/product\/1701","targetHints":{"allow":["GET"]}}],"collection":[{"href":"https:\/\/abaa.mx\/tienda\/wp-json\/wp\/v2\/product"}],"about":[{"href":"https:\/\/abaa.mx\/tienda\/wp-json\/wp\/v2\/types\/product"}],"replies":[{"embeddable":true,"href":"https:\/\/abaa.mx\/tienda\/wp-json\/wp\/v2\/comments?post=1701"}],"wp:featuredmedia":[{"embeddable":true,"href":"https:\/\/abaa.mx\/tienda\/wp-json\/wp\/v2\/media\/1705"}],"wp:attachment":[{"href":"https:\/\/abaa.mx\/tienda\/wp-json\/wp\/v2\/media?parent=1701"}],"wp:term":[{"taxonomy":"product_brand","embeddable":true,"href":"https:\/\/abaa.mx\/tienda\/wp-json\/wp\/v2\/product_brand?post=1701"},{"taxonomy":"product_cat","embeddable":true,"href":"https:\/\/abaa.mx\/tienda\/wp-json\/wp\/v2\/product_cat?post=1701"},{"taxonomy":"product_tag","embeddable":true,"href":"https:\/\/abaa.mx\/tienda\/wp-json\/wp\/v2\/product_tag?post=1701"}],"curies":[{"name":"wp","href":"https:\/\/api.w.org\/{rel}","templated":true}]}}