{"id":1696,"date":"2023-09-15T16:43:49","date_gmt":"2023-09-15T16:43:49","guid":{"rendered":"https:\/\/abaa.mx\/tienda\/?post_type=product&#038;p=1696"},"modified":"2023-09-15T16:43:49","modified_gmt":"2023-09-15T16:43:49","slug":"registrador-de-datos-de-acero-inoxidable-de-alta-temperatura-modelo-20630","status":"publish","type":"product","link":"https:\/\/abaa.mx\/tienda\/registrador-de-datos-de-acero-inoxidable-de-alta-temperatura-modelo-20630\/","title":{"rendered":"Registrador de datos de acero inoxidable de alta temperatura Modelo 20630"},"content":{"rendered":"<h1>Registrador de datos de acero inoxidable de alta temperatura<\/h1>\n<h3><strong>Modelo\u00a020630<\/strong><\/h3>\n<ul>\n<li>Aguja flexible con punta r\u00edgida, mide hasta\u00a0350 \u00b0 C (662 \u00b0 F)<\/li>\n<li>Controla la temperatura dentro de botellas, viales, lugares de dif\u00edcil acceso<\/li>\n<li>Muy preciso con amplio rango de medici\u00f3n<\/li>\n<li>Calibraci\u00f3n Rastreable N.I.S.T.<\/li>\n<li>Resistente, sumergible, para uso en entornos hostiles<\/li>\n<li>Memoria de estado s\u00f3lido no vol\u00e1til para la m\u00e1xima seguridad de datos<\/li>\n<li>Bater\u00eda reemplazable por usuario<\/li>\n<li>F\u00e1cil de programar y descargar\n<div class=\"prod-top\"><\/div>\n<\/li>\n<\/ul>\n<div class=\"prod-top\">\n<div class=\"prod-left\">\n<div class=\"prod-app\"><b>Aplicaciones:<\/b> Botellas, Viales, Entornos Dif\u00edciles de Alcanzar o Dif\u00edciles.<\/div>\n<div>\n<div class=\"prod-bottom\">\n<div class=\"prod-desc\">\n<p>El Registrador de Datos de Acero Inoxidable de Alta Temperatura es una unidad resistente de alta precisi\u00f3n que requiere m\u00ednimo mantenimiento. Es f\u00e1cil de programar, instalar y descargar. La memoria no vol\u00e1til almacena hasta 32,700 puntos de datos, por lo que es ideal para el despliegue de campo a largo plazo y una amplia variedad de aplicaciones en entornos farmac\u00e9uticos, m\u00e9dicos, alimentarios e industriales.<\/p>\n<p>El Registrador de Datos de Acero Inoxidable de Alta Temperatura, Modelo 20630 Es compacto y reutilizable est\u00e1 dise\u00f1ado para monitorear temperaturas extremadamente bajas y altas. La aguja de acero inoxidable puede doblarse, girar en espiral o en \u00e1ngulo para lugares dif\u00edciles de alcanzar, como botellas o frascos interiores. Es adecuado para ambientes con mucha humedad, como la esterilizaci\u00f3n en retorta y la validaci\u00f3n en autoclave; para programas HACCP, procesamiento de alimentos, pasteurizaci\u00f3n, congelaci\u00f3n instant\u00e1nea, t\u00faneles de enfriamiento r\u00e1pido y en laboratorios farmac\u00e9uticos y m\u00e9dicos. Los programas de software multiling\u00fces Delta Manager registran par\u00e1metros, inicia y detiene la unidad, e informa datos gr\u00e1ficos, en formato de hoja de c\u00e1lculo con an\u00e1lisis de resumen, y exporta a Excel para realizar m\u00e1s c\u00e1lculos.<\/p>\n<table>\n<caption>Modelo 20630 Registrador de datos de acero inoxidable de alta temperatura<\/caption>\n<thead>\n<tr>\n<th scope=\"col\">Caracter\u00edstica<\/th>\n<th scope=\"col\">Especificaci\u00f3n<\/th>\n<\/tr>\n<\/thead>\n<tfoot>\n<tr>\n<td colspan=\"2\"><\/td>\n<\/tr>\n<\/tfoot>\n<tbody>\n<tr>\n<td>Rango de medici\u00f3n de la sonda<\/td>\n<td>-200 \u00b0C a 350 \u00b0C (-328 \u00b0F a 662 \u00b0F) El cuerpo del registrador no puede superar los\u00a0140 \u00b0C (284 \u00b0F)<\/td>\n<\/tr>\n<tr>\n<td>Rango de funcionamiento del registrador<\/td>\n<td>-40 \u00b0C a 140 \u00b0C\u00a0(-40 \u00b0F a 284 \u00b0F)<br \/>\n0 a 100 % de humedad relativa 0.002 a 100 PSIA<\/td>\n<\/tr>\n<tr>\n<td>Sensor<\/td>\n<td>RTD de platino de 100 \u03a9<\/td>\n<\/tr>\n<tr>\n<td>Resoluci\u00f3n de temperatura<\/td>\n<td>0.01\u00b0C \/ 0.02\u00b0F<\/td>\n<\/tr>\n<tr>\n<td>Precisi\u00f3n<\/td>\n<td>\u00b10.1\u00b0C 20\u00b0C a 140\u00b0C (\u00b10.18\u00b0F 68\u00b0F a 284\u00b0F) \u00b10.3\u00b0C -20\u00b0C a 19.99\u00b0C (\u00b10.54\u00b0F -4\u00b0F a 67.98\u00b0F) \u00b10.4\u00b0C -40\u00b0C a -20.01\u00b0C (\u00b10.72\u00b0F -40\u00b0F a -4.02\u00b0F)<\/td>\n<\/tr>\n<tr>\n<td>Intervalo de lectura<\/td>\n<td>1 lectura cada 1 segundo a 1 cada 24 horas<\/td>\n<\/tr>\n<tr>\n<td>Capacidad de datos<\/td>\n<td>32,700 puntos<\/td>\n<\/tr>\n<tr>\n<td>Calibraci\u00f3n<\/td>\n<td>NIST trazable<\/td>\n<\/tr>\n<tr>\n<td>Bater\u00eda<\/td>\n<td>Bater\u00eda de litio de alta temperatura de 3.6V, vida t\u00edpica de 1 a\u00f1o, reemplazable por el usuario<\/td>\n<\/tr>\n<tr>\n<td>Dimensiones del Cuerpo<\/td>\n<td>48 mm de alto x 24.6 mm de di\u00e1metro (1.9 &#8220;H x 0.97&#8221; d\u00eda.)<\/td>\n<\/tr>\n<tr>\n<td>Dimensiones de la Aguja:<br \/>\nPorci\u00f3n flexible<\/td>\n<td>559 mm L x 1,6 mm de di\u00e1metro (22 &#8220;L x 0.062&#8221; d\u00eda.)<\/td>\n<\/tr>\n<tr>\n<td>Dimensiones de la sonda:<br \/>\nPunta r\u00edgida con mango<\/td>\n<td>Consejo r\u00edgido: 121 mm L x 3,2 mm de di\u00e1metro (4.8 &#8220;L x 0.125&#8221; d\u00eda.)<br \/>\nMango: .25 mm L x 4,8 mm de d\u00eda (1 &#8220;L x 0.188&#8221; de di\u00e1metro)<\/td>\n<\/tr>\n<tr>\n<td>Peso<\/td>\n<td>120 gramos (4.2 oz)<\/td>\n<\/tr>\n<tr>\n<td>Material<\/td>\n<td>Acero inoxidable 316<\/td>\n<\/tr>\n<tr>\n<td>Certificaci\u00f3n<\/td>\n<td>Marcado CE<\/td>\n<\/tr>\n<tr>\n<td>Calificaci\u00f3n impermeable<\/td>\n<td>IP 68<\/td>\n<\/tr>\n<tr>\n<td>Requisitos del sistema<\/td>\n<td>XP SP3\/Vista\/Windows 7, Windows 8, Windows 10, 64 bits<\/td>\n<\/tr>\n<tr>\n<td>Requisitos de programa y descarga<\/td>\n<td>Paquete de software Delta Manager con dispositivo de interfaz USB y cables<\/td>\n<\/tr>\n<tr>\n<td colspan=\"2\">* Para uso en entornos de-40 \u00b0C a -200 \u00b0C\u00a0 (-40 \u00b0F a -328 \u00b0F) y 140 \u00b0C a 250 \u00b0C (284 \u00b0F a 482 \u00b0F) use Thermal Shield (20632) si est\u00e1 fuera de este rango, p\u00f3ngase en contacto con el soporte t\u00e9cnico<\/td>\n<\/tr>\n<tr>\n<td colspan=\"2\"><span>ADVERTENCIA SOBRE LA BATER\u00cdA: PELIGRO DE INCENDIO, EXPLOSI\u00d3N Y QUEMADURAS GRAVES. NO PROVOCAR CORTO CIRCUITO, CARGA O DESCARGA FORZADA, APLASTAR, PENETRAR O INCINERAR. BATER\u00cdA PUEDE FUGAR O EXPLOTAR SI SE CALENTA A M\u00c1S DE 150 \u00baC (302 \u00baF)<\/span><\/td>\n<\/tr>\n<\/tbody>\n<\/table>\n<\/div>\n<\/div>\n<\/div>\n<\/div>\n<\/div>\n<div class=\"prod-bottom\">\n<div class=\"prod-desc\"><\/div>\n<\/div>\n","protected":false},"excerpt":{"rendered":"<h3><strong>Caracter\u00edsticas<\/strong><\/h3>\n<ul>\n<li>Aguja flexible con punta r\u00edgida, mide hasta 350 \u00b0 C (662 \u00b0 F).<\/li>\n<li>Controla la temperatura dentro de botellas, viales, lugares de dif\u00edcil acceso.<\/li>\n<li>Muy preciso con amplio rango de medici\u00f3n.<\/li>\n<li>Calibraci\u00f3n Rastreable N.I.S.T.<\/li>\n<li>Resistente, sumergible, para uso en entornos hostiles.<\/li>\n<li>Memoria de estado s\u00f3lido no vol\u00e1til para la m\u00e1xima seguridad de datos.<\/li>\n<li>Bater\u00eda reemplazable por usuario.<\/li>\n<li>F\u00e1cil de programar y descargar.<\/li>\n<\/ul>\n","protected":false},"featured_media":1700,"comment_status":"open","ping_status":"closed","template":"","meta":{"_joinchat":[]},"product_brand":[],"product_cat":[15],"product_tag":[],"class_list":{"0":"post-1696","1":"product","2":"type-product","3":"status-publish","4":"has-post-thumbnail","6":"product_cat-sin-categorizar","8":"first","9":"instock","10":"shipping-taxable","11":"product-type-simple"},"yoast_head":"<!-- This site is optimized with the Yoast SEO plugin v26.4 - https:\/\/yoast.com\/wordpress\/plugins\/seo\/ -->\n<title>Registrador de datos de acero inoxidable de alta temperatura Modelo 20630 - Abaa tienda online<\/title>\n<meta name=\"robots\" content=\"index, follow, max-snippet:-1, max-image-preview:large, max-video-preview:-1\" \/>\n<link rel=\"canonical\" href=\"https:\/\/abaa.mx\/tienda\/registrador-de-datos-de-acero-inoxidable-de-alta-temperatura-modelo-20630\/\" \/>\n<meta property=\"og:locale\" content=\"es_MX\" \/>\n<meta property=\"og:type\" content=\"article\" \/>\n<meta property=\"og:title\" content=\"Registrador de datos de acero inoxidable de alta temperatura Modelo 20630 - Abaa tienda online\" \/>\n<meta property=\"og:description\" content=\"Caracter\u00edsticas   Aguja flexible con punta r\u00edgida, mide hasta 350 \u00b0 C (662 \u00b0 F).  Controla la temperatura dentro de botellas, viales, lugares de dif\u00edcil acceso.  Muy preciso con amplio rango de medici\u00f3n.  Calibraci\u00f3n Rastreable N.I.S.T.  Resistente, sumergible, para uso en entornos hostiles.  Memoria de estado s\u00f3lido no vol\u00e1til para la m\u00e1xima seguridad de datos.  Bater\u00eda reemplazable por usuario.  F\u00e1cil de programar y descargar.\" \/>\n<meta property=\"og:url\" content=\"https:\/\/abaa.mx\/tienda\/registrador-de-datos-de-acero-inoxidable-de-alta-temperatura-modelo-20630\/\" \/>\n<meta property=\"og:site_name\" content=\"Abaa tienda online\" \/>\n<meta property=\"og:image\" content=\"https:\/\/abaa.mx\/tienda\/wp-content\/uploads\/2023\/09\/20630.jpg\" \/>\n\t<meta property=\"og:image:width\" content=\"768\" \/>\n\t<meta property=\"og:image:height\" content=\"768\" \/>\n\t<meta property=\"og:image:type\" content=\"image\/jpeg\" \/>\n<meta name=\"twitter:card\" content=\"summary_large_image\" \/>\n<meta name=\"twitter:label1\" content=\"Tiempo de lectura\" \/>\n\t<meta name=\"twitter:data1\" content=\"3 minutos\" \/>\n<script type=\"application\/ld+json\" class=\"yoast-schema-graph\">{\"@context\":\"https:\/\/schema.org\",\"@graph\":[{\"@type\":\"WebPage\",\"@id\":\"https:\/\/abaa.mx\/tienda\/registrador-de-datos-de-acero-inoxidable-de-alta-temperatura-modelo-20630\/\",\"url\":\"https:\/\/abaa.mx\/tienda\/registrador-de-datos-de-acero-inoxidable-de-alta-temperatura-modelo-20630\/\",\"name\":\"Registrador de datos de acero inoxidable de alta temperatura Modelo 20630 - Abaa tienda online\",\"isPartOf\":{\"@id\":\"https:\/\/abaa.mx\/tienda\/#website\"},\"primaryImageOfPage\":{\"@id\":\"https:\/\/abaa.mx\/tienda\/registrador-de-datos-de-acero-inoxidable-de-alta-temperatura-modelo-20630\/#primaryimage\"},\"image\":{\"@id\":\"https:\/\/abaa.mx\/tienda\/registrador-de-datos-de-acero-inoxidable-de-alta-temperatura-modelo-20630\/#primaryimage\"},\"thumbnailUrl\":\"https:\/\/abaa.mx\/tienda\/wp-content\/uploads\/2023\/09\/20630.jpg\",\"datePublished\":\"2023-09-15T16:43:49+00:00\",\"breadcrumb\":{\"@id\":\"https:\/\/abaa.mx\/tienda\/registrador-de-datos-de-acero-inoxidable-de-alta-temperatura-modelo-20630\/#breadcrumb\"},\"inLanguage\":\"es\",\"potentialAction\":[{\"@type\":\"ReadAction\",\"target\":[\"https:\/\/abaa.mx\/tienda\/registrador-de-datos-de-acero-inoxidable-de-alta-temperatura-modelo-20630\/\"]}]},{\"@type\":\"ImageObject\",\"inLanguage\":\"es\",\"@id\":\"https:\/\/abaa.mx\/tienda\/registrador-de-datos-de-acero-inoxidable-de-alta-temperatura-modelo-20630\/#primaryimage\",\"url\":\"https:\/\/abaa.mx\/tienda\/wp-content\/uploads\/2023\/09\/20630.jpg\",\"contentUrl\":\"https:\/\/abaa.mx\/tienda\/wp-content\/uploads\/2023\/09\/20630.jpg\",\"width\":768,\"height\":768,\"caption\":\"registrador-de-datos-de-acero-inoxidable-de-alta-temperatura-modelo-20630\"},{\"@type\":\"BreadcrumbList\",\"@id\":\"https:\/\/abaa.mx\/tienda\/registrador-de-datos-de-acero-inoxidable-de-alta-temperatura-modelo-20630\/#breadcrumb\",\"itemListElement\":[{\"@type\":\"ListItem\",\"position\":1,\"name\":\"Inicio\",\"item\":\"https:\/\/abaa.mx\/tienda\/\"},{\"@type\":\"ListItem\",\"position\":2,\"name\":\"Tienda\",\"item\":\"https:\/\/abaa.mx\/tienda\/\"},{\"@type\":\"ListItem\",\"position\":3,\"name\":\"Registrador de datos de acero inoxidable de alta temperatura Modelo 20630\"}]},{\"@type\":\"WebSite\",\"@id\":\"https:\/\/abaa.mx\/tienda\/#website\",\"url\":\"https:\/\/abaa.mx\/tienda\/\",\"name\":\"Abaa tienda online\",\"description\":\"Instrumentos de medici\u00f3n\",\"publisher\":{\"@id\":\"https:\/\/abaa.mx\/tienda\/#organization\"},\"potentialAction\":[{\"@type\":\"SearchAction\",\"target\":{\"@type\":\"EntryPoint\",\"urlTemplate\":\"https:\/\/abaa.mx\/tienda\/?s={search_term_string}\"},\"query-input\":{\"@type\":\"PropertyValueSpecification\",\"valueRequired\":true,\"valueName\":\"search_term_string\"}}],\"inLanguage\":\"es\"},{\"@type\":\"Organization\",\"@id\":\"https:\/\/abaa.mx\/tienda\/#organization\",\"name\":\"Abaa tienda online\",\"url\":\"https:\/\/abaa.mx\/tienda\/\",\"logo\":{\"@type\":\"ImageObject\",\"inLanguage\":\"es\",\"@id\":\"https:\/\/abaa.mx\/tienda\/#\/schema\/logo\/image\/\",\"url\":\"https:\/\/abaa.mx\/tienda\/wp-content\/uploads\/2024\/01\/abaa-metrologia-tienda.png\",\"contentUrl\":\"https:\/\/abaa.mx\/tienda\/wp-content\/uploads\/2024\/01\/abaa-metrologia-tienda.png\",\"width\":300,\"height\":141,\"caption\":\"Abaa tienda online\"},\"image\":{\"@id\":\"https:\/\/abaa.mx\/tienda\/#\/schema\/logo\/image\/\"}}]}<\/script>\n<!-- \/ Yoast SEO plugin. -->","yoast_head_json":{"title":"Registrador de datos de acero inoxidable de alta temperatura Modelo 20630 - Abaa tienda online","robots":{"index":"index","follow":"follow","max-snippet":"max-snippet:-1","max-image-preview":"max-image-preview:large","max-video-preview":"max-video-preview:-1"},"canonical":"https:\/\/abaa.mx\/tienda\/registrador-de-datos-de-acero-inoxidable-de-alta-temperatura-modelo-20630\/","og_locale":"es_MX","og_type":"article","og_title":"Registrador de datos de acero inoxidable de alta temperatura Modelo 20630 - Abaa tienda online","og_description":"Caracter\u00edsticas   Aguja flexible con punta r\u00edgida, mide hasta 350 \u00b0 C (662 \u00b0 F).  Controla la temperatura dentro de botellas, viales, lugares de dif\u00edcil acceso.  Muy preciso con amplio rango de medici\u00f3n.  Calibraci\u00f3n Rastreable N.I.S.T.  Resistente, sumergible, para uso en entornos hostiles.  Memoria de estado s\u00f3lido no vol\u00e1til para la m\u00e1xima seguridad de datos.  Bater\u00eda reemplazable por usuario.  F\u00e1cil de programar y descargar.","og_url":"https:\/\/abaa.mx\/tienda\/registrador-de-datos-de-acero-inoxidable-de-alta-temperatura-modelo-20630\/","og_site_name":"Abaa tienda online","og_image":[{"width":768,"height":768,"url":"https:\/\/abaa.mx\/tienda\/wp-content\/uploads\/2023\/09\/20630.jpg","type":"image\/jpeg"}],"twitter_card":"summary_large_image","twitter_misc":{"Tiempo de lectura":"3 minutos"},"schema":{"@context":"https:\/\/schema.org","@graph":[{"@type":"WebPage","@id":"https:\/\/abaa.mx\/tienda\/registrador-de-datos-de-acero-inoxidable-de-alta-temperatura-modelo-20630\/","url":"https:\/\/abaa.mx\/tienda\/registrador-de-datos-de-acero-inoxidable-de-alta-temperatura-modelo-20630\/","name":"Registrador de datos de acero inoxidable de alta temperatura Modelo 20630 - Abaa tienda online","isPartOf":{"@id":"https:\/\/abaa.mx\/tienda\/#website"},"primaryImageOfPage":{"@id":"https:\/\/abaa.mx\/tienda\/registrador-de-datos-de-acero-inoxidable-de-alta-temperatura-modelo-20630\/#primaryimage"},"image":{"@id":"https:\/\/abaa.mx\/tienda\/registrador-de-datos-de-acero-inoxidable-de-alta-temperatura-modelo-20630\/#primaryimage"},"thumbnailUrl":"https:\/\/abaa.mx\/tienda\/wp-content\/uploads\/2023\/09\/20630.jpg","datePublished":"2023-09-15T16:43:49+00:00","breadcrumb":{"@id":"https:\/\/abaa.mx\/tienda\/registrador-de-datos-de-acero-inoxidable-de-alta-temperatura-modelo-20630\/#breadcrumb"},"inLanguage":"es","potentialAction":[{"@type":"ReadAction","target":["https:\/\/abaa.mx\/tienda\/registrador-de-datos-de-acero-inoxidable-de-alta-temperatura-modelo-20630\/"]}]},{"@type":"ImageObject","inLanguage":"es","@id":"https:\/\/abaa.mx\/tienda\/registrador-de-datos-de-acero-inoxidable-de-alta-temperatura-modelo-20630\/#primaryimage","url":"https:\/\/abaa.mx\/tienda\/wp-content\/uploads\/2023\/09\/20630.jpg","contentUrl":"https:\/\/abaa.mx\/tienda\/wp-content\/uploads\/2023\/09\/20630.jpg","width":768,"height":768,"caption":"registrador-de-datos-de-acero-inoxidable-de-alta-temperatura-modelo-20630"},{"@type":"BreadcrumbList","@id":"https:\/\/abaa.mx\/tienda\/registrador-de-datos-de-acero-inoxidable-de-alta-temperatura-modelo-20630\/#breadcrumb","itemListElement":[{"@type":"ListItem","position":1,"name":"Inicio","item":"https:\/\/abaa.mx\/tienda\/"},{"@type":"ListItem","position":2,"name":"Tienda","item":"https:\/\/abaa.mx\/tienda\/"},{"@type":"ListItem","position":3,"name":"Registrador de datos de acero inoxidable de alta temperatura Modelo 20630"}]},{"@type":"WebSite","@id":"https:\/\/abaa.mx\/tienda\/#website","url":"https:\/\/abaa.mx\/tienda\/","name":"Abaa tienda online","description":"Instrumentos de medici\u00f3n","publisher":{"@id":"https:\/\/abaa.mx\/tienda\/#organization"},"potentialAction":[{"@type":"SearchAction","target":{"@type":"EntryPoint","urlTemplate":"https:\/\/abaa.mx\/tienda\/?s={search_term_string}"},"query-input":{"@type":"PropertyValueSpecification","valueRequired":true,"valueName":"search_term_string"}}],"inLanguage":"es"},{"@type":"Organization","@id":"https:\/\/abaa.mx\/tienda\/#organization","name":"Abaa tienda online","url":"https:\/\/abaa.mx\/tienda\/","logo":{"@type":"ImageObject","inLanguage":"es","@id":"https:\/\/abaa.mx\/tienda\/#\/schema\/logo\/image\/","url":"https:\/\/abaa.mx\/tienda\/wp-content\/uploads\/2024\/01\/abaa-metrologia-tienda.png","contentUrl":"https:\/\/abaa.mx\/tienda\/wp-content\/uploads\/2024\/01\/abaa-metrologia-tienda.png","width":300,"height":141,"caption":"Abaa tienda online"},"image":{"@id":"https:\/\/abaa.mx\/tienda\/#\/schema\/logo\/image\/"}}]}},"_links":{"self":[{"href":"https:\/\/abaa.mx\/tienda\/wp-json\/wp\/v2\/product\/1696","targetHints":{"allow":["GET"]}}],"collection":[{"href":"https:\/\/abaa.mx\/tienda\/wp-json\/wp\/v2\/product"}],"about":[{"href":"https:\/\/abaa.mx\/tienda\/wp-json\/wp\/v2\/types\/product"}],"replies":[{"embeddable":true,"href":"https:\/\/abaa.mx\/tienda\/wp-json\/wp\/v2\/comments?post=1696"}],"wp:featuredmedia":[{"embeddable":true,"href":"https:\/\/abaa.mx\/tienda\/wp-json\/wp\/v2\/media\/1700"}],"wp:attachment":[{"href":"https:\/\/abaa.mx\/tienda\/wp-json\/wp\/v2\/media?parent=1696"}],"wp:term":[{"taxonomy":"product_brand","embeddable":true,"href":"https:\/\/abaa.mx\/tienda\/wp-json\/wp\/v2\/product_brand?post=1696"},{"taxonomy":"product_cat","embeddable":true,"href":"https:\/\/abaa.mx\/tienda\/wp-json\/wp\/v2\/product_cat?post=1696"},{"taxonomy":"product_tag","embeddable":true,"href":"https:\/\/abaa.mx\/tienda\/wp-json\/wp\/v2\/product_tag?post=1696"}],"curies":[{"name":"wp","href":"https:\/\/api.w.org\/{rel}","templated":true}]}}