{"id":1688,"date":"2023-09-15T16:24:48","date_gmt":"2023-09-15T16:24:48","guid":{"rendered":"https:\/\/abaa.mx\/tienda\/?post_type=product&#038;p=1688"},"modified":"2023-09-15T16:24:48","modified_gmt":"2023-09-15T16:24:48","slug":"flashlink-rtl-3g-cryo-registrador-de-datos-reutilizable-modelo-22370","status":"publish","type":"product","link":"https:\/\/abaa.mx\/tienda\/flashlink-rtl-3g-cryo-registrador-de-datos-reutilizable-modelo-22370\/","title":{"rendered":"Flashlink rtl 3g cryo registrador de datos reutilizable Modelo 22370"},"content":{"rendered":"<h1>Flashlink\u00a0rtl 3g cryo registrador de datos reutilizable<\/h1>\n<h3><strong>Modelo\u00a022370<\/strong><\/h3>\n<ul>\n<li>Monitorea la temperatura ultrabaja durante el almacenamiento y el transporte utilizando hielo seco o nitr\u00f3geno l\u00edquido<\/li>\n<li>El sensor externo rastrea la temperatura de los productos<\/li>\n<li>No es necesario abrir la caja de env\u00edo o la puerta del veh\u00edculo para leer los datos<\/li>\n<li>Datos de ubicaci\u00f3n trazados en Google Maps<\/li>\n<li>Los datos se cargan autom\u00e1ticamente al servicio en la nube 24 horas al d\u00eda, 7 d\u00edas a la semana<\/li>\n<li>La memoria integrada registra datos cada 5 minutos<\/li>\n<li>Opci\u00f3n para descargar el informe en PDF a la PC con un cable USB<\/li>\n<li>Vida \u00fatil de la bater\u00eda de 12 meses<\/li>\n<li>La impresora Bluetooth opcional proporciona acceso inmediato a una gr\u00e1fica de papel<\/li>\n<\/ul>\n<p>El Registrador de Datos Reutilizable Crio FlashLink RTL 3G monitorea e informa la temperatura y la ubicaci\u00f3n durante el transporte de productos perecederos sensibles a la temperatura. Realice un seguimiento de las entregas mediante un servicio basado en la nube para ver la informaci\u00f3n y las condiciones de la ruta en tiempo real en un cami\u00f3n o avi\u00f3n. El Registrador de Dato Reutilizable Crio RTL 3G ofrece informes en tiempo real y una copia de seguridad en PDF cuando no hay servicio celular disponible.<\/p>\n<p>Este confiable registrador de datos reutilizable env\u00eda datos a intervalos regulares a la nube, donde siempre est\u00e1n disponibles. La copia de seguridad en PDF y una nueva funci\u00f3n de modo de vuelo le dan a este registrador la capacidad de ser l\u00edder en su clase para rastrear env\u00edos en cualquier lugar. Un tablero en l\u00ednea hace que los datos est\u00e9n disponibles para los remitentes en todo momento, incluso antes de que un env\u00edo llegue al muelle de recepci\u00f3n.<\/p>\n<h2 class=\"rl_tabs-title nn_tabs-title\"><span>Modelos<\/span><\/h2>\n<table>\n<thead>\n<tr>\n<th scope=\"col\">Modelo<\/th>\n<th scope=\"col\"><\/th>\n<\/tr>\n<\/thead>\n<tbody>\n<tr>\n<td>22370<\/td>\n<td>Incluye Certificado de Cumplimiento del Fabricante<\/td>\n<\/tr>\n<tr>\n<td>22370-01<\/td>\n<td><span>Incluye Certificado de Calibraci\u00f3n ISO 17025 de 2 a\u00f1os<\/span><\/td>\n<\/tr>\n<\/tbody>\n<\/table>\n<p>&nbsp;<\/p>\n<table>\n<caption><span>FlashLink RTL 3G Cryo Registrador de datos reutilizable<\/span><\/caption>\n<thead>\n<tr>\n<th scope=\"col\">Caracter\u00edstica<\/th>\n<th scope=\"col\">Especificaci\u00f3n<\/th>\n<\/tr>\n<\/thead>\n<tfoot>\n<tr>\n<td colspan=\"2\"><\/td>\n<\/tr>\n<\/tfoot>\n<tbody>\n<tr>\n<td>Rango de Medici\u00f3n de la Sonda Externa<\/td>\n<td>-328\u00b0F a 212\u00b0F (-200\u00b0C a 100\u00b0C)<\/td>\n<\/tr>\n<tr>\n<td>Rango de Operaci\u00f3n<\/td>\n<td>-4\u00b0F a 158\u00b0F (-20\u00b0C a 70\u00b0C)<\/td>\n<\/tr>\n<tr>\n<td>Precisi\u00f3n de la Temperatura<\/td>\n<td>\u00b10.9\u00b0F de 14\u00baF a 113\u00baF (\u00b10.5\u00b0C de -10\u00b0C a 45\u00b0C) \u00b12\u00b0F (\u00b11\u00baC) otro<\/td>\n<\/tr>\n<tr>\n<td>Resoluci\u00f3n de Temperatura<\/td>\n<td>0.1 \u00baF\/\u00baC<\/td>\n<\/tr>\n<tr>\n<td>Capacidad de Datos<\/td>\n<td>50,000 puntos de datos<\/td>\n<\/tr>\n<tr>\n<td>Intervalo de registro<\/td>\n<td>5 minutos<\/td>\n<\/tr>\n<tr>\n<td>Intervalo de Carga de Datos<\/td>\n<td>15 minutos<\/td>\n<\/tr>\n<tr>\n<td>Duraci\u00f3n del Registro<\/td>\n<td>Registro perpetuo cuando se alimenta con un cable USB (incluido) y 15 d\u00edas con carga completa de la bater\u00eda (sin fuente de alimentaci\u00f3n externa)<\/td>\n<\/tr>\n<tr>\n<td>Red M\u00f3vil GSM<\/td>\n<td>3G: Cobertura Global de Banda 1\/2\/4\/5\/8<br \/>\n2G: GSM de Cuatro Bandas 850\/900\/1800\/1900 MHz<\/td>\n<\/tr>\n<tr>\n<td>S\u00cd<\/td>\n<td>Controlador Interno (Roaming de Datos Global)<\/td>\n<\/tr>\n<tr>\n<td>Fuente de Alimentaci\u00f3n<\/td>\n<td>Bater\u00eda de iones de litio, cumple con la UN38.3<\/td>\n<\/tr>\n<tr>\n<td>Duraci\u00f3n de la Bater\u00eda<\/td>\n<td>15 d\u00edas con una carga completa<\/td>\n<\/tr>\n<tr>\n<td>Peso del Registrador<\/td>\n<td>3.63 onzas (103 gramos) (sin cable \/ sonda)<\/td>\n<\/tr>\n<tr>\n<td>Dimensiones del Registrador<\/td>\n<td>2.58 pulg x 4.01pulg x 0.73 pulg (65.5 mm x 103 mm x 18.5 mm)<\/td>\n<\/tr>\n<tr>\n<td>Tama\u00f1o de la Sonda<\/td>\n<td>2,36 pulg\u00a0largo x 0,2 pulg\u00a0profundidad (6 cm largo x 0,5 cm profundidad) Acero inoxidable, punta chata<\/td>\n<\/tr>\n<tr>\n<td>Cable<\/td>\n<td>3.3 p\u00edes \/ 1 metro de PTFE con malla tejida de acero inoxidable<\/td>\n<\/tr>\n<tr>\n<td>Clasificaci\u00f3n Impermeable<\/td>\n<td>IP64<\/td>\n<\/tr>\n<tr>\n<td>Calibraci\u00f3n<\/td>\n<td>Certificado de calibraci\u00f3n ISO 2 de 17025 a\u00f1os (A2LA), Certificado de calibraci\u00f3n NIST de 1 a\u00f1o y Certificado de conformidad del fabricante disponibles<\/td>\n<\/tr>\n<tr>\n<td>Certificaci\u00f3n<\/td>\n<td>FCC, CE Mark, RoHS, WEEE, precisi\u00f3n de temperatura rastreable NIST<\/td>\n<\/tr>\n<tr>\n<td>Requisitos del Sistema<\/td>\n<td>El registrador requiere una conexi\u00f3n de red celular para enviar datos a una aplicaci\u00f3n segura en la nube.\u00a0El usuario requiere de una PC u otro dispositivo habilitado con Internet para ver los datos en l\u00ednea<\/td>\n<\/tr>\n<tr>\n<td>Requisitos de Descarga<\/td>\n<td>Cable micro USB a USB para descargar a PC u otro dispositivo habilitado para USB que pueda leer archivos PDF<\/td>\n<\/tr>\n<tr>\n<td>Impresora Bluetooth<\/td>\n<td><span>Impresora FlashLink BLE modelo 22375 (se vende por separado)<\/span><\/td>\n<\/tr>\n<\/tbody>\n<\/table>\n","protected":false},"excerpt":{"rendered":"<h3><strong>Caracter\u00edsticas\u00a0<\/strong><\/h3>\n<ul>\n<li>Monitorea la temperatura ultrabaja durante el almacenamiento y el transporte utilizando hielo seco o nitr\u00f3geno l\u00edquido.<\/li>\n<li>El sensor externo rastrea la temperatura de los productos.<\/li>\n<li>No es necesario abrir la caja de env\u00edo o la puerta del veh\u00edculo para leer los datos.<\/li>\n<li>Datos de ubicaci\u00f3n trazados en Google Maps.<\/li>\n<li>Los datos se cargan autom\u00e1ticamente al servicio en la nube 24 horas al d\u00eda, 7 d\u00edas a la semana.<\/li>\n<li>La memoria integrada registra datos cada 5 minutos.<\/li>\n<li>Opci\u00f3n para descargar el informe en PDF a la PC con un cable USB.<\/li>\n<li>Vida \u00fatil de la bater\u00eda de 12 meses.<\/li>\n<li>La impresora Bluetooth opcional proporciona acceso inmediato a una gr\u00e1fica de papel.<\/li>\n<\/ul>\n","protected":false},"featured_media":1689,"comment_status":"open","ping_status":"closed","template":"","meta":{"_joinchat":[]},"product_brand":[],"product_cat":[15],"product_tag":[],"class_list":{"0":"post-1688","1":"product","2":"type-product","3":"status-publish","4":"has-post-thumbnail","6":"product_cat-sin-categorizar","8":"first","9":"instock","10":"shipping-taxable","11":"product-type-simple"},"yoast_head":"<!-- This site is optimized with the Yoast SEO plugin v26.4 - https:\/\/yoast.com\/wordpress\/plugins\/seo\/ -->\n<title>Flashlink rtl 3g cryo registrador de datos reutilizable Modelo 22370 - Abaa tienda online<\/title>\n<meta name=\"robots\" content=\"index, follow, max-snippet:-1, max-image-preview:large, max-video-preview:-1\" \/>\n<link rel=\"canonical\" href=\"https:\/\/abaa.mx\/tienda\/flashlink-rtl-3g-cryo-registrador-de-datos-reutilizable-modelo-22370\/\" \/>\n<meta property=\"og:locale\" content=\"es_MX\" \/>\n<meta property=\"og:type\" content=\"article\" \/>\n<meta property=\"og:title\" content=\"Flashlink rtl 3g cryo registrador de datos reutilizable Modelo 22370 - Abaa tienda online\" \/>\n<meta property=\"og:description\" content=\"Caracter\u00edsticas\u00a0   Monitorea la temperatura ultrabaja durante el almacenamiento y el transporte utilizando hielo seco o nitr\u00f3geno l\u00edquido.  El sensor externo rastrea la temperatura de los productos.  No es necesario abrir la caja de env\u00edo o la puerta del veh\u00edculo para leer los datos.  Datos de ubicaci\u00f3n trazados en Google Maps.  Los datos se cargan autom\u00e1ticamente al servicio en la nube 24 horas al d\u00eda, 7 d\u00edas a la semana.  La memoria integrada registra datos cada 5 minutos.  Opci\u00f3n para descargar el informe en PDF a la PC con un cable USB.  Vida \u00fatil de la bater\u00eda de 12 meses.  La impresora Bluetooth opcional proporciona acceso inmediato a una gr\u00e1fica de papel.\" \/>\n<meta property=\"og:url\" content=\"https:\/\/abaa.mx\/tienda\/flashlink-rtl-3g-cryo-registrador-de-datos-reutilizable-modelo-22370\/\" \/>\n<meta property=\"og:site_name\" content=\"Abaa tienda online\" \/>\n<meta property=\"og:image\" content=\"https:\/\/abaa.mx\/tienda\/wp-content\/uploads\/2023\/09\/22370.jpg\" \/>\n\t<meta property=\"og:image:width\" content=\"664\" \/>\n\t<meta property=\"og:image:height\" content=\"1000\" \/>\n\t<meta property=\"og:image:type\" content=\"image\/jpeg\" \/>\n<meta name=\"twitter:card\" content=\"summary_large_image\" \/>\n<meta name=\"twitter:label1\" content=\"Tiempo de lectura\" \/>\n\t<meta name=\"twitter:data1\" content=\"3 minutos\" \/>\n<script type=\"application\/ld+json\" class=\"yoast-schema-graph\">{\"@context\":\"https:\/\/schema.org\",\"@graph\":[{\"@type\":\"WebPage\",\"@id\":\"https:\/\/abaa.mx\/tienda\/flashlink-rtl-3g-cryo-registrador-de-datos-reutilizable-modelo-22370\/\",\"url\":\"https:\/\/abaa.mx\/tienda\/flashlink-rtl-3g-cryo-registrador-de-datos-reutilizable-modelo-22370\/\",\"name\":\"Flashlink rtl 3g cryo registrador de datos reutilizable Modelo 22370 - Abaa tienda online\",\"isPartOf\":{\"@id\":\"https:\/\/abaa.mx\/tienda\/#website\"},\"primaryImageOfPage\":{\"@id\":\"https:\/\/abaa.mx\/tienda\/flashlink-rtl-3g-cryo-registrador-de-datos-reutilizable-modelo-22370\/#primaryimage\"},\"image\":{\"@id\":\"https:\/\/abaa.mx\/tienda\/flashlink-rtl-3g-cryo-registrador-de-datos-reutilizable-modelo-22370\/#primaryimage\"},\"thumbnailUrl\":\"https:\/\/abaa.mx\/tienda\/wp-content\/uploads\/2023\/09\/22370.jpg\",\"datePublished\":\"2023-09-15T16:24:48+00:00\",\"breadcrumb\":{\"@id\":\"https:\/\/abaa.mx\/tienda\/flashlink-rtl-3g-cryo-registrador-de-datos-reutilizable-modelo-22370\/#breadcrumb\"},\"inLanguage\":\"es\",\"potentialAction\":[{\"@type\":\"ReadAction\",\"target\":[\"https:\/\/abaa.mx\/tienda\/flashlink-rtl-3g-cryo-registrador-de-datos-reutilizable-modelo-22370\/\"]}]},{\"@type\":\"ImageObject\",\"inLanguage\":\"es\",\"@id\":\"https:\/\/abaa.mx\/tienda\/flashlink-rtl-3g-cryo-registrador-de-datos-reutilizable-modelo-22370\/#primaryimage\",\"url\":\"https:\/\/abaa.mx\/tienda\/wp-content\/uploads\/2023\/09\/22370.jpg\",\"contentUrl\":\"https:\/\/abaa.mx\/tienda\/wp-content\/uploads\/2023\/09\/22370.jpg\",\"width\":664,\"height\":1000,\"caption\":\"flashlink-rtl-3g-cryo-registrador-de-datos-reutilizable-modelo-22370\"},{\"@type\":\"BreadcrumbList\",\"@id\":\"https:\/\/abaa.mx\/tienda\/flashlink-rtl-3g-cryo-registrador-de-datos-reutilizable-modelo-22370\/#breadcrumb\",\"itemListElement\":[{\"@type\":\"ListItem\",\"position\":1,\"name\":\"Inicio\",\"item\":\"https:\/\/abaa.mx\/tienda\/\"},{\"@type\":\"ListItem\",\"position\":2,\"name\":\"Tienda\",\"item\":\"https:\/\/abaa.mx\/tienda\/\"},{\"@type\":\"ListItem\",\"position\":3,\"name\":\"Flashlink rtl 3g cryo registrador de datos reutilizable Modelo 22370\"}]},{\"@type\":\"WebSite\",\"@id\":\"https:\/\/abaa.mx\/tienda\/#website\",\"url\":\"https:\/\/abaa.mx\/tienda\/\",\"name\":\"Abaa tienda online\",\"description\":\"Instrumentos de medici\u00f3n\",\"publisher\":{\"@id\":\"https:\/\/abaa.mx\/tienda\/#organization\"},\"potentialAction\":[{\"@type\":\"SearchAction\",\"target\":{\"@type\":\"EntryPoint\",\"urlTemplate\":\"https:\/\/abaa.mx\/tienda\/?s={search_term_string}\"},\"query-input\":{\"@type\":\"PropertyValueSpecification\",\"valueRequired\":true,\"valueName\":\"search_term_string\"}}],\"inLanguage\":\"es\"},{\"@type\":\"Organization\",\"@id\":\"https:\/\/abaa.mx\/tienda\/#organization\",\"name\":\"Abaa tienda online\",\"url\":\"https:\/\/abaa.mx\/tienda\/\",\"logo\":{\"@type\":\"ImageObject\",\"inLanguage\":\"es\",\"@id\":\"https:\/\/abaa.mx\/tienda\/#\/schema\/logo\/image\/\",\"url\":\"https:\/\/abaa.mx\/tienda\/wp-content\/uploads\/2024\/01\/abaa-metrologia-tienda.png\",\"contentUrl\":\"https:\/\/abaa.mx\/tienda\/wp-content\/uploads\/2024\/01\/abaa-metrologia-tienda.png\",\"width\":300,\"height\":141,\"caption\":\"Abaa tienda online\"},\"image\":{\"@id\":\"https:\/\/abaa.mx\/tienda\/#\/schema\/logo\/image\/\"}}]}<\/script>\n<!-- \/ Yoast SEO plugin. -->","yoast_head_json":{"title":"Flashlink rtl 3g cryo registrador de datos reutilizable Modelo 22370 - Abaa tienda online","robots":{"index":"index","follow":"follow","max-snippet":"max-snippet:-1","max-image-preview":"max-image-preview:large","max-video-preview":"max-video-preview:-1"},"canonical":"https:\/\/abaa.mx\/tienda\/flashlink-rtl-3g-cryo-registrador-de-datos-reutilizable-modelo-22370\/","og_locale":"es_MX","og_type":"article","og_title":"Flashlink rtl 3g cryo registrador de datos reutilizable Modelo 22370 - Abaa tienda online","og_description":"Caracter\u00edsticas\u00a0   Monitorea la temperatura ultrabaja durante el almacenamiento y el transporte utilizando hielo seco o nitr\u00f3geno l\u00edquido.  El sensor externo rastrea la temperatura de los productos.  No es necesario abrir la caja de env\u00edo o la puerta del veh\u00edculo para leer los datos.  Datos de ubicaci\u00f3n trazados en Google Maps.  Los datos se cargan autom\u00e1ticamente al servicio en la nube 24 horas al d\u00eda, 7 d\u00edas a la semana.  La memoria integrada registra datos cada 5 minutos.  Opci\u00f3n para descargar el informe en PDF a la PC con un cable USB.  Vida \u00fatil de la bater\u00eda de 12 meses.  La impresora Bluetooth opcional proporciona acceso inmediato a una gr\u00e1fica de papel.","og_url":"https:\/\/abaa.mx\/tienda\/flashlink-rtl-3g-cryo-registrador-de-datos-reutilizable-modelo-22370\/","og_site_name":"Abaa tienda online","og_image":[{"width":664,"height":1000,"url":"https:\/\/abaa.mx\/tienda\/wp-content\/uploads\/2023\/09\/22370.jpg","type":"image\/jpeg"}],"twitter_card":"summary_large_image","twitter_misc":{"Tiempo de lectura":"3 minutos"},"schema":{"@context":"https:\/\/schema.org","@graph":[{"@type":"WebPage","@id":"https:\/\/abaa.mx\/tienda\/flashlink-rtl-3g-cryo-registrador-de-datos-reutilizable-modelo-22370\/","url":"https:\/\/abaa.mx\/tienda\/flashlink-rtl-3g-cryo-registrador-de-datos-reutilizable-modelo-22370\/","name":"Flashlink rtl 3g cryo registrador de datos reutilizable Modelo 22370 - Abaa tienda online","isPartOf":{"@id":"https:\/\/abaa.mx\/tienda\/#website"},"primaryImageOfPage":{"@id":"https:\/\/abaa.mx\/tienda\/flashlink-rtl-3g-cryo-registrador-de-datos-reutilizable-modelo-22370\/#primaryimage"},"image":{"@id":"https:\/\/abaa.mx\/tienda\/flashlink-rtl-3g-cryo-registrador-de-datos-reutilizable-modelo-22370\/#primaryimage"},"thumbnailUrl":"https:\/\/abaa.mx\/tienda\/wp-content\/uploads\/2023\/09\/22370.jpg","datePublished":"2023-09-15T16:24:48+00:00","breadcrumb":{"@id":"https:\/\/abaa.mx\/tienda\/flashlink-rtl-3g-cryo-registrador-de-datos-reutilizable-modelo-22370\/#breadcrumb"},"inLanguage":"es","potentialAction":[{"@type":"ReadAction","target":["https:\/\/abaa.mx\/tienda\/flashlink-rtl-3g-cryo-registrador-de-datos-reutilizable-modelo-22370\/"]}]},{"@type":"ImageObject","inLanguage":"es","@id":"https:\/\/abaa.mx\/tienda\/flashlink-rtl-3g-cryo-registrador-de-datos-reutilizable-modelo-22370\/#primaryimage","url":"https:\/\/abaa.mx\/tienda\/wp-content\/uploads\/2023\/09\/22370.jpg","contentUrl":"https:\/\/abaa.mx\/tienda\/wp-content\/uploads\/2023\/09\/22370.jpg","width":664,"height":1000,"caption":"flashlink-rtl-3g-cryo-registrador-de-datos-reutilizable-modelo-22370"},{"@type":"BreadcrumbList","@id":"https:\/\/abaa.mx\/tienda\/flashlink-rtl-3g-cryo-registrador-de-datos-reutilizable-modelo-22370\/#breadcrumb","itemListElement":[{"@type":"ListItem","position":1,"name":"Inicio","item":"https:\/\/abaa.mx\/tienda\/"},{"@type":"ListItem","position":2,"name":"Tienda","item":"https:\/\/abaa.mx\/tienda\/"},{"@type":"ListItem","position":3,"name":"Flashlink rtl 3g cryo registrador de datos reutilizable Modelo 22370"}]},{"@type":"WebSite","@id":"https:\/\/abaa.mx\/tienda\/#website","url":"https:\/\/abaa.mx\/tienda\/","name":"Abaa tienda online","description":"Instrumentos de medici\u00f3n","publisher":{"@id":"https:\/\/abaa.mx\/tienda\/#organization"},"potentialAction":[{"@type":"SearchAction","target":{"@type":"EntryPoint","urlTemplate":"https:\/\/abaa.mx\/tienda\/?s={search_term_string}"},"query-input":{"@type":"PropertyValueSpecification","valueRequired":true,"valueName":"search_term_string"}}],"inLanguage":"es"},{"@type":"Organization","@id":"https:\/\/abaa.mx\/tienda\/#organization","name":"Abaa tienda online","url":"https:\/\/abaa.mx\/tienda\/","logo":{"@type":"ImageObject","inLanguage":"es","@id":"https:\/\/abaa.mx\/tienda\/#\/schema\/logo\/image\/","url":"https:\/\/abaa.mx\/tienda\/wp-content\/uploads\/2024\/01\/abaa-metrologia-tienda.png","contentUrl":"https:\/\/abaa.mx\/tienda\/wp-content\/uploads\/2024\/01\/abaa-metrologia-tienda.png","width":300,"height":141,"caption":"Abaa tienda online"},"image":{"@id":"https:\/\/abaa.mx\/tienda\/#\/schema\/logo\/image\/"}}]}},"_links":{"self":[{"href":"https:\/\/abaa.mx\/tienda\/wp-json\/wp\/v2\/product\/1688","targetHints":{"allow":["GET"]}}],"collection":[{"href":"https:\/\/abaa.mx\/tienda\/wp-json\/wp\/v2\/product"}],"about":[{"href":"https:\/\/abaa.mx\/tienda\/wp-json\/wp\/v2\/types\/product"}],"replies":[{"embeddable":true,"href":"https:\/\/abaa.mx\/tienda\/wp-json\/wp\/v2\/comments?post=1688"}],"wp:featuredmedia":[{"embeddable":true,"href":"https:\/\/abaa.mx\/tienda\/wp-json\/wp\/v2\/media\/1689"}],"wp:attachment":[{"href":"https:\/\/abaa.mx\/tienda\/wp-json\/wp\/v2\/media?parent=1688"}],"wp:term":[{"taxonomy":"product_brand","embeddable":true,"href":"https:\/\/abaa.mx\/tienda\/wp-json\/wp\/v2\/product_brand?post=1688"},{"taxonomy":"product_cat","embeddable":true,"href":"https:\/\/abaa.mx\/tienda\/wp-json\/wp\/v2\/product_cat?post=1688"},{"taxonomy":"product_tag","embeddable":true,"href":"https:\/\/abaa.mx\/tienda\/wp-json\/wp\/v2\/product_tag?post=1688"}],"curies":[{"name":"wp","href":"https:\/\/api.w.org\/{rel}","templated":true}]}}