{"id":1686,"date":"2023-09-15T16:41:03","date_gmt":"2023-09-15T16:41:03","guid":{"rendered":"https:\/\/abaa.mx\/tienda\/?post_type=product&#038;p=1686"},"modified":"2023-09-15T16:41:03","modified_gmt":"2023-09-15T16:41:03","slug":"testo-175-t1-datalogger-de-temperatura","status":"publish","type":"product","link":"https:\/\/abaa.mx\/tienda\/testo-175-t1-datalogger-de-temperatura\/","title":{"rendered":"testo 175 T1 &#8211; Datalogger de temperatura"},"content":{"rendered":"<p>El datalogger testo 175 T1 con sensor de temperatura integrado es \u00f3ptimo para la supervisi\u00f3n y la documentaci\u00f3n de la temperatura de c\u00e1maras y almacenes frigor\u00edficos, as\u00ed como almacenes convencionales.<\/p>\n<div class=\"m-list\">\n<ul class=\"list-elements\">\n<li>\u00d3ptimo para mediciones a largo plazo: memoria de datos para 1 mill\u00f3n de valores de medici\u00f3n, la bater\u00eda tiene una duraci\u00f3n de hasta 3 a\u00f1os<\/li>\n<li>Soporte para pared incluido<\/li>\n<li>Conforme al APPCC, certificaci\u00f3n EN 12830, clase de protecci\u00f3n IP 65<\/li>\n<li>Evaluaci\u00f3n de datos: tres variantes de software posibles para elegir; software b\u00e1sico disponible gratis para su descarga<\/li>\n<li>Soporte para pared incluido<\/li>\n<\/ul>\n<\/div>\n<p class=\"text\">Supervise las temperaturas de almacenamiento por per\u00edodos largos de tiempo de forma fiable. El datalogger certificado para la industria alimentaria mide y documenta la temperatura de manera continua.<\/p>\n<div class=\"c2a-tabSection m-tabs\">\n<div id=\"tab-details\" class=\"large-12 column m-tab-pdp\">\n<div class=\"medium-8\">\n<article class=\"child-1 paragraph\">\n<h3>La tecnolog\u00eda de medici\u00f3n m\u00e1s moderna, alta seguridad de datos<\/h3>\n<p>En la pantalla se pueden observar los datos de medici\u00f3n actuales, los valores de medici\u00f3n configurados, los excesos de los l\u00edmites, los valores m\u00e1ximos y m\u00ednimos, y la autonom\u00eda de la bater\u00eda. De esta manera tendr\u00e1 en todo momento una visi\u00f3n general sin necesidad de leer los datos del registrador en el PC. Con la gran capacidad de memoria para un m\u00e1ximo de 1 mill\u00f3n de valores de medici\u00f3n y una duraci\u00f3n de la bater\u00eda de hasta 3 a\u00f1os raras veces necesitar\u00e1 leer el datalogger en ciclos de medici\u00f3n cortos. El mismo usuario puede cambiar en cualquier momento las pilas est\u00e1ndar (AAA).<\/p>\n<p>&nbsp;<\/p>\n<h3>Programaci\u00f3n y lectura del datalogger<\/h3>\n<p>Para la programaci\u00f3n y la lectura de su datalogger, as\u00ed como para la valoraci\u00f3n de los datos de medici\u00f3n en el PC puede elegir entre tres versiones de software:<\/p>\n<ul>\n<li><strong>Software ComSoft B\u00e1sico:<\/strong>\u00a0descarga gratuita, permite la programaci\u00f3n r\u00e1pida del datalogger y un an\u00e1lisis de datos sencillo<\/li>\n<li><strong>Software ComSoft Profesional:<\/strong>\u00a0disponible opcionalmente, ofrece posibilidades diferentes para la valoraci\u00f3n detallada de los valores de temperatura<\/li>\n<li><strong>Software ComSoft CFR 21 Parte 11:<\/strong>\u00a0disponible opcionalmente, resulta \u00f3ptimo para los requisitos especiales seg\u00fan CFR 21 Parte 11 en la industria farmac\u00e9utica<\/li>\n<\/ul>\n<p>&nbsp;<\/p>\n<h3>Probado y certificado para el uso en la industria alimentaria<\/h3>\n<ul>\n<li>Probado por el centro de control ATP de T\u00dcV S\u00fcd seg\u00fan EN 12830<\/li>\n<li>Conforme al APPCC y certificado por HACCP International<\/li>\n<li>Clase de protecci\u00f3n IP 65: de esta manera el datalogger de temperatura puede permanecer tambi\u00e9n en el lugar de medici\u00f3n durante la limpieza de almacenes o interiores de camiones<\/li>\n<\/ul>\n<\/article>\n<h3>Volumen de suministro<\/h3>\n<article class=\"child-2 paragraph\">Registrador de datos testo 175 T1 con sensor interno (NTC), incl. soporte de pared, cerradura, pilas y protocolo de calibraci\u00f3n. Atenci\u00f3n: Para programar el registrador de datos se requiere un cable USB no incluido en el volumen de suministro pero que puede solicitarse adicionalmente si es necesario. La transferencia de los valores medidos al PC tambi\u00e9n puede ejecutarse a trav\u00e9s del cable USB o una tarjeta SD (disponible opcionalmente).<\/article>\n<\/div>\n<div class=\"medium-4\">\n<div class=\"m-cert large-12 column\"><\/div>\n<\/div>\n<\/div>\n<\/div>\n<hr \/>\n<div class=\"c2a-tabSection m-tabs\">\n<div id=\"tab-technicalData\" class=\"large-12 column m-data-tab\">\n<h2>Datos t\u00e9cnicos<\/h2>\n<table>\n<colgroup>\n<col class=\"colWidth25\" \/>\n<col \/><\/colgroup>\n<thead>\n<tr>\n<th colspan=\"2\">Datos t\u00e9cnicos generales<\/th>\n<\/tr>\n<\/thead>\n<tbody>\n<tr>\n<td class=\"table-bold\">Peso<\/td>\n<td>130 g<\/td>\n<\/tr>\n<tr>\n<td class=\"table-bold\">Medidas<\/td>\n<td>89 X 53 X 27 mm<\/td>\n<\/tr>\n<tr>\n<td class=\"table-bold\">Temperatura de funcionamiento<\/td>\n<td>-35 hasta +55 \u00baC<\/td>\n<\/tr>\n<tr>\n<td class=\"table-bold\">Material de la carcasa \/ del producto<\/td>\n<td>Pl\u00e1stico<\/td>\n<\/tr>\n<tr>\n<td class=\"table-bold\">Clase de protecci\u00f3n<\/td>\n<td>IP65<\/td>\n<\/tr>\n<tr>\n<td class=\"table-bold\">Canales<\/td>\n<td>1 externo<\/td>\n<\/tr>\n<tr>\n<td class=\"table-bold\">Color del producto<\/td>\n<td>blanco<\/td>\n<\/tr>\n<tr>\n<td class=\"table-bold\">Norma<\/td>\n<td>Directriz UE 2014\/30\/EU; DIN EN 12830; 2011\/65\/EU<\/td>\n<\/tr>\n<tr>\n<td class=\"table-bold\">Intervalo de medici\u00f3n<\/td>\n<td>10 seg &#8211; 24 h<\/td>\n<\/tr>\n<tr>\n<td class=\"table-bold\">Tipo de bater\u00eda<\/td>\n<td>3 pilas AAA (AlMn o Energizer)<\/td>\n<\/tr>\n<tr>\n<td class=\"table-bold\">Autonom\u00eda<\/td>\n<td>3 a\u00f1os (15\u2019 intervalo de medici\u00f3n a +25 \u00b0C)<\/td>\n<\/tr>\n<tr>\n<td class=\"table-bold\">Interfaces<\/td>\n<td>mini usb, ranura para tarjeta SD<\/td>\n<\/tr>\n<tr>\n<td class=\"table-bold\">Memoria<\/td>\n<td>1.000.000 valor medido<\/td>\n<\/tr>\n<tr>\n<td class=\"table-bold\">Temperatura de almacenamiento<\/td>\n<td>-35 hasta +55 \u00baC<\/td>\n<\/tr>\n<\/tbody>\n<\/table>\n<table>\n<colgroup>\n<col class=\"colWidth25\" \/>\n<col \/><\/colgroup>\n<thead>\n<tr>\n<th colspan=\"2\">NTC<\/th>\n<\/tr>\n<\/thead>\n<tbody>\n<tr>\n<td class=\"table-bold\">Rango<\/td>\n<td>-35 hasta +55 \u00baC<\/td>\n<\/tr>\n<tr>\n<td class=\"table-bold\">Exactitud<\/td>\n<td>\u00b10,5 \u00baC (-35 hasta +55 \u00baC) \u00b11 Digito<\/td>\n<\/tr>\n<tr>\n<td class=\"table-bold\">Resoluci\u00f3n<\/td>\n<td>0,1 \u00baC<\/td>\n<\/tr>\n<\/tbody>\n<\/table>\n<\/div>\n<\/div>\n","protected":false},"excerpt":{"rendered":"<p>El datalogger testo 175 T1 con sensor de temperatura integrado es \u00f3ptimo para la supervisi\u00f3n y la documentaci\u00f3n de la temperatura de c\u00e1maras y almacenes frigor\u00edficos, as\u00ed como almacenes convencionales.<\/p>\n<p>&nbsp;<\/p>\n","protected":false},"featured_media":1695,"comment_status":"open","ping_status":"closed","template":"","meta":{"_joinchat":[]},"product_brand":[],"product_cat":[15],"product_tag":[],"class_list":{"0":"post-1686","1":"product","2":"type-product","3":"status-publish","4":"has-post-thumbnail","6":"product_cat-sin-categorizar","8":"first","9":"instock","10":"shipping-taxable","11":"product-type-simple"},"yoast_head":"<!-- This site is optimized with the Yoast SEO plugin v26.4 - https:\/\/yoast.com\/wordpress\/plugins\/seo\/ -->\n<title>testo 175 T1 - Datalogger de temperatura - Abaa tienda online<\/title>\n<meta name=\"robots\" content=\"index, follow, max-snippet:-1, max-image-preview:large, max-video-preview:-1\" \/>\n<link rel=\"canonical\" href=\"https:\/\/abaa.mx\/tienda\/testo-175-t1-datalogger-de-temperatura\/\" \/>\n<meta property=\"og:locale\" content=\"es_MX\" \/>\n<meta property=\"og:type\" content=\"article\" \/>\n<meta property=\"og:title\" content=\"testo 175 T1 - Datalogger de temperatura - Abaa tienda online\" \/>\n<meta property=\"og:description\" content=\"El datalogger testo 175 T1 con sensor de temperatura integrado es \u00f3ptimo para la supervisi\u00f3n y la documentaci\u00f3n de la temperatura de c\u00e1maras y almacenes frigor\u00edficos, as\u00ed como almacenes convencionales.  &nbsp;\" \/>\n<meta property=\"og:url\" content=\"https:\/\/abaa.mx\/tienda\/testo-175-t1-datalogger-de-temperatura\/\" \/>\n<meta property=\"og:site_name\" content=\"Abaa tienda online\" \/>\n<meta property=\"og:image\" content=\"https:\/\/abaa.mx\/tienda\/wp-content\/uploads\/2023\/09\/testo-175-t1.jpg\" \/>\n\t<meta property=\"og:image:width\" content=\"660\" \/>\n\t<meta property=\"og:image:height\" content=\"495\" \/>\n\t<meta property=\"og:image:type\" content=\"image\/jpeg\" \/>\n<meta name=\"twitter:card\" content=\"summary_large_image\" \/>\n<meta name=\"twitter:label1\" content=\"Tiempo de lectura\" \/>\n\t<meta name=\"twitter:data1\" content=\"3 minutos\" \/>\n<script type=\"application\/ld+json\" class=\"yoast-schema-graph\">{\"@context\":\"https:\/\/schema.org\",\"@graph\":[{\"@type\":\"WebPage\",\"@id\":\"https:\/\/abaa.mx\/tienda\/testo-175-t1-datalogger-de-temperatura\/\",\"url\":\"https:\/\/abaa.mx\/tienda\/testo-175-t1-datalogger-de-temperatura\/\",\"name\":\"testo 175 T1 - Datalogger de temperatura - Abaa tienda online\",\"isPartOf\":{\"@id\":\"https:\/\/abaa.mx\/tienda\/#website\"},\"primaryImageOfPage\":{\"@id\":\"https:\/\/abaa.mx\/tienda\/testo-175-t1-datalogger-de-temperatura\/#primaryimage\"},\"image\":{\"@id\":\"https:\/\/abaa.mx\/tienda\/testo-175-t1-datalogger-de-temperatura\/#primaryimage\"},\"thumbnailUrl\":\"https:\/\/abaa.mx\/tienda\/wp-content\/uploads\/2023\/09\/testo-175-t1.jpg\",\"datePublished\":\"2023-09-15T16:41:03+00:00\",\"breadcrumb\":{\"@id\":\"https:\/\/abaa.mx\/tienda\/testo-175-t1-datalogger-de-temperatura\/#breadcrumb\"},\"inLanguage\":\"es\",\"potentialAction\":[{\"@type\":\"ReadAction\",\"target\":[\"https:\/\/abaa.mx\/tienda\/testo-175-t1-datalogger-de-temperatura\/\"]}]},{\"@type\":\"ImageObject\",\"inLanguage\":\"es\",\"@id\":\"https:\/\/abaa.mx\/tienda\/testo-175-t1-datalogger-de-temperatura\/#primaryimage\",\"url\":\"https:\/\/abaa.mx\/tienda\/wp-content\/uploads\/2023\/09\/testo-175-t1.jpg\",\"contentUrl\":\"https:\/\/abaa.mx\/tienda\/wp-content\/uploads\/2023\/09\/testo-175-t1.jpg\",\"width\":660,\"height\":495,\"caption\":\"testo 175 t1\"},{\"@type\":\"BreadcrumbList\",\"@id\":\"https:\/\/abaa.mx\/tienda\/testo-175-t1-datalogger-de-temperatura\/#breadcrumb\",\"itemListElement\":[{\"@type\":\"ListItem\",\"position\":1,\"name\":\"Inicio\",\"item\":\"https:\/\/abaa.mx\/tienda\/\"},{\"@type\":\"ListItem\",\"position\":2,\"name\":\"Tienda\",\"item\":\"https:\/\/abaa.mx\/tienda\/\"},{\"@type\":\"ListItem\",\"position\":3,\"name\":\"testo 175 T1 &#8211; Datalogger de temperatura\"}]},{\"@type\":\"WebSite\",\"@id\":\"https:\/\/abaa.mx\/tienda\/#website\",\"url\":\"https:\/\/abaa.mx\/tienda\/\",\"name\":\"Abaa tienda online\",\"description\":\"Instrumentos de medici\u00f3n\",\"publisher\":{\"@id\":\"https:\/\/abaa.mx\/tienda\/#organization\"},\"potentialAction\":[{\"@type\":\"SearchAction\",\"target\":{\"@type\":\"EntryPoint\",\"urlTemplate\":\"https:\/\/abaa.mx\/tienda\/?s={search_term_string}\"},\"query-input\":{\"@type\":\"PropertyValueSpecification\",\"valueRequired\":true,\"valueName\":\"search_term_string\"}}],\"inLanguage\":\"es\"},{\"@type\":\"Organization\",\"@id\":\"https:\/\/abaa.mx\/tienda\/#organization\",\"name\":\"Abaa tienda online\",\"url\":\"https:\/\/abaa.mx\/tienda\/\",\"logo\":{\"@type\":\"ImageObject\",\"inLanguage\":\"es\",\"@id\":\"https:\/\/abaa.mx\/tienda\/#\/schema\/logo\/image\/\",\"url\":\"https:\/\/abaa.mx\/tienda\/wp-content\/uploads\/2024\/01\/abaa-metrologia-tienda.png\",\"contentUrl\":\"https:\/\/abaa.mx\/tienda\/wp-content\/uploads\/2024\/01\/abaa-metrologia-tienda.png\",\"width\":300,\"height\":141,\"caption\":\"Abaa tienda online\"},\"image\":{\"@id\":\"https:\/\/abaa.mx\/tienda\/#\/schema\/logo\/image\/\"}}]}<\/script>\n<!-- \/ Yoast SEO plugin. -->","yoast_head_json":{"title":"testo 175 T1 - Datalogger de temperatura - Abaa tienda online","robots":{"index":"index","follow":"follow","max-snippet":"max-snippet:-1","max-image-preview":"max-image-preview:large","max-video-preview":"max-video-preview:-1"},"canonical":"https:\/\/abaa.mx\/tienda\/testo-175-t1-datalogger-de-temperatura\/","og_locale":"es_MX","og_type":"article","og_title":"testo 175 T1 - Datalogger de temperatura - Abaa tienda online","og_description":"El datalogger testo 175 T1 con sensor de temperatura integrado es \u00f3ptimo para la supervisi\u00f3n y la documentaci\u00f3n de la temperatura de c\u00e1maras y almacenes frigor\u00edficos, as\u00ed como almacenes convencionales.  &nbsp;","og_url":"https:\/\/abaa.mx\/tienda\/testo-175-t1-datalogger-de-temperatura\/","og_site_name":"Abaa tienda online","og_image":[{"width":660,"height":495,"url":"https:\/\/abaa.mx\/tienda\/wp-content\/uploads\/2023\/09\/testo-175-t1.jpg","type":"image\/jpeg"}],"twitter_card":"summary_large_image","twitter_misc":{"Tiempo de lectura":"3 minutos"},"schema":{"@context":"https:\/\/schema.org","@graph":[{"@type":"WebPage","@id":"https:\/\/abaa.mx\/tienda\/testo-175-t1-datalogger-de-temperatura\/","url":"https:\/\/abaa.mx\/tienda\/testo-175-t1-datalogger-de-temperatura\/","name":"testo 175 T1 - Datalogger de temperatura - Abaa tienda online","isPartOf":{"@id":"https:\/\/abaa.mx\/tienda\/#website"},"primaryImageOfPage":{"@id":"https:\/\/abaa.mx\/tienda\/testo-175-t1-datalogger-de-temperatura\/#primaryimage"},"image":{"@id":"https:\/\/abaa.mx\/tienda\/testo-175-t1-datalogger-de-temperatura\/#primaryimage"},"thumbnailUrl":"https:\/\/abaa.mx\/tienda\/wp-content\/uploads\/2023\/09\/testo-175-t1.jpg","datePublished":"2023-09-15T16:41:03+00:00","breadcrumb":{"@id":"https:\/\/abaa.mx\/tienda\/testo-175-t1-datalogger-de-temperatura\/#breadcrumb"},"inLanguage":"es","potentialAction":[{"@type":"ReadAction","target":["https:\/\/abaa.mx\/tienda\/testo-175-t1-datalogger-de-temperatura\/"]}]},{"@type":"ImageObject","inLanguage":"es","@id":"https:\/\/abaa.mx\/tienda\/testo-175-t1-datalogger-de-temperatura\/#primaryimage","url":"https:\/\/abaa.mx\/tienda\/wp-content\/uploads\/2023\/09\/testo-175-t1.jpg","contentUrl":"https:\/\/abaa.mx\/tienda\/wp-content\/uploads\/2023\/09\/testo-175-t1.jpg","width":660,"height":495,"caption":"testo 175 t1"},{"@type":"BreadcrumbList","@id":"https:\/\/abaa.mx\/tienda\/testo-175-t1-datalogger-de-temperatura\/#breadcrumb","itemListElement":[{"@type":"ListItem","position":1,"name":"Inicio","item":"https:\/\/abaa.mx\/tienda\/"},{"@type":"ListItem","position":2,"name":"Tienda","item":"https:\/\/abaa.mx\/tienda\/"},{"@type":"ListItem","position":3,"name":"testo 175 T1 &#8211; Datalogger de temperatura"}]},{"@type":"WebSite","@id":"https:\/\/abaa.mx\/tienda\/#website","url":"https:\/\/abaa.mx\/tienda\/","name":"Abaa tienda online","description":"Instrumentos de medici\u00f3n","publisher":{"@id":"https:\/\/abaa.mx\/tienda\/#organization"},"potentialAction":[{"@type":"SearchAction","target":{"@type":"EntryPoint","urlTemplate":"https:\/\/abaa.mx\/tienda\/?s={search_term_string}"},"query-input":{"@type":"PropertyValueSpecification","valueRequired":true,"valueName":"search_term_string"}}],"inLanguage":"es"},{"@type":"Organization","@id":"https:\/\/abaa.mx\/tienda\/#organization","name":"Abaa tienda online","url":"https:\/\/abaa.mx\/tienda\/","logo":{"@type":"ImageObject","inLanguage":"es","@id":"https:\/\/abaa.mx\/tienda\/#\/schema\/logo\/image\/","url":"https:\/\/abaa.mx\/tienda\/wp-content\/uploads\/2024\/01\/abaa-metrologia-tienda.png","contentUrl":"https:\/\/abaa.mx\/tienda\/wp-content\/uploads\/2024\/01\/abaa-metrologia-tienda.png","width":300,"height":141,"caption":"Abaa tienda online"},"image":{"@id":"https:\/\/abaa.mx\/tienda\/#\/schema\/logo\/image\/"}}]}},"_links":{"self":[{"href":"https:\/\/abaa.mx\/tienda\/wp-json\/wp\/v2\/product\/1686","targetHints":{"allow":["GET"]}}],"collection":[{"href":"https:\/\/abaa.mx\/tienda\/wp-json\/wp\/v2\/product"}],"about":[{"href":"https:\/\/abaa.mx\/tienda\/wp-json\/wp\/v2\/types\/product"}],"replies":[{"embeddable":true,"href":"https:\/\/abaa.mx\/tienda\/wp-json\/wp\/v2\/comments?post=1686"}],"wp:featuredmedia":[{"embeddable":true,"href":"https:\/\/abaa.mx\/tienda\/wp-json\/wp\/v2\/media\/1695"}],"wp:attachment":[{"href":"https:\/\/abaa.mx\/tienda\/wp-json\/wp\/v2\/media?parent=1686"}],"wp:term":[{"taxonomy":"product_brand","embeddable":true,"href":"https:\/\/abaa.mx\/tienda\/wp-json\/wp\/v2\/product_brand?post=1686"},{"taxonomy":"product_cat","embeddable":true,"href":"https:\/\/abaa.mx\/tienda\/wp-json\/wp\/v2\/product_cat?post=1686"},{"taxonomy":"product_tag","embeddable":true,"href":"https:\/\/abaa.mx\/tienda\/wp-json\/wp\/v2\/product_tag?post=1686"}],"curies":[{"name":"wp","href":"https:\/\/api.w.org\/{rel}","templated":true}]}}