{"id":1682,"date":"2023-09-15T16:15:18","date_gmt":"2023-09-15T16:15:18","guid":{"rendered":"https:\/\/abaa.mx\/tienda\/?post_type=product&#038;p=1682"},"modified":"2023-09-15T16:15:19","modified_gmt":"2023-09-15T16:15:19","slug":"testo-160-iaq-registrador-de-datos-wifi-con-pantalla-y-sensores-integrados-para-temperatura-humedad-co2-y-presion-atmosferica","status":"publish","type":"product","link":"https:\/\/abaa.mx\/tienda\/testo-160-iaq-registrador-de-datos-wifi-con-pantalla-y-sensores-integrados-para-temperatura-humedad-co2-y-presion-atmosferica\/","title":{"rendered":"testo 160 iaq &#8211; Registrador de datos wifi con pantalla y sensores integrados para temperatura, humedad, co2 y presi\u00f3n atmosf\u00e9rica"},"content":{"rendered":"<p>La calidad del aire interior influye considerablemente en el bienestar y la salud del ser humano. El aire ambiente desgastado puede provocar cansancio, p\u00e9rdida de la concentraci\u00f3n y malestar. Supervise de forma fiable la calidad del aire interior en recintos con el registrador de datos WiFi testo 160 IAQ. El registrador de datos puede utilizarse en escuelas, jardines infantiles, salas de conferencia, grandes oficinas, auditorios o museos &#8211; En resumen: En recintos donde se concentran muchas personas.<\/p>\n<div class=\"m-list\">\n<ul class=\"list-elements\">\n<li>Ideal para la supervisi\u00f3n de la calidad del aire interior (IAQ)<\/li>\n<li>Excelente adaptaci\u00f3n al entorno gracias a la opcional cubierta decorativa individual<\/li>\n<li>Instalaci\u00f3n, integraci\u00f3n y manejo sencillos, especialmente f\u00e1cil de usar gracias a la visualizaci\u00f3n de la calidad del aire seg\u00fan el principio de sem\u00e1foro<\/li>\n<li>Perfectamente enlazado: almacenamiento de datos en la nube Testo, alarme en tiempo real por correo electr\u00f3nico o mensaje de texto (opcional en combinaci\u00f3n con una licencia Advanced)<\/li>\n<\/ul>\n<\/div>\n<p class=\"text\">La calidad del aire desmejora si hay muchas personas en un recinto. Por esta raz\u00f3n es muy importante una supervisi\u00f3n fiable ya que la calidad del aire interior est\u00e1 relacionada con el bienestar. El registrador de datos WiFi testo\u00a0160 IAQ es ideal para la supervisi\u00f3n de la calidad del aire interior (Indoor Air Quality) en el Facility Management.<\/p>\n<div class=\"c2a-tabSection m-tabs\">\n<div id=\"tab-details\" class=\"large-12 column m-tab-pdp\">\n<div class=\"medium-8\">\n<article class=\"child-1 paragraph\">\n<h3>Supervisi\u00f3n de la temperatura, humedad ambiental, CO<sub>2<\/sub>\u00a0y presi\u00f3n atmosf\u00e9rica con el registrador de datos WiFi testo\u00a0 160 IAQ<\/h3>\n<p>El registrador de datos WiFi testo\u00a0160 IAQ f\u00e1cil de manejar es ideal para supervisar la calidad del aire interior. Gracias a sus sensores integrados para temperatura, humedad ambiental, CO<sub>2<\/sub>\u00a0y presi\u00f3n atmosf\u00e9rica el registrador calcula de forma precisa las condiciones ambientales en cualquier recinto.<\/p>\n<p>Especialmente f\u00e1cil de usar: La calidad del aire se visualiza seg\u00fan el principio de sem\u00e1foro mediante LEDs de colores en el registrador de datos. Los valores l\u00edmite de CO<sub>2<\/sub>\u00a0pueden definirse de forma individual. En el funcionamiento con pilas se apagan los LEDs para garantizar una mayor duraci\u00f3n de la bater\u00eda.<\/p>\n<p>En la pantalla del registrador pueden leerse los siguientes valores:&nbsp;<\/p>\n<ul>\n<li>Funcionamiento con conexi\u00f3n a la red: Concentraci\u00f3n de CO<sub>2<\/sub>\u00a0y temperatura y humedad ambiental alternado. Los valores de la presi\u00f3n atmosf\u00e9rica no se visualizan en la pantalla del registrador pero est\u00e1n disponibles en la nube<\/li>\n<li>Funcionamiento con pilas: Concentraci\u00f3n de CO<sub>2<\/sub>\u00a0y temperatura. Los datos de la humedad ambiental no se visualizan garantizando una mayor duraci\u00f3n de la bater\u00eda<\/li>\n<\/ul>\n<p>&nbsp;<\/p>\n<p>Los datos de medici\u00f3n se almacenan directamente en la nube Testo desde el registrador de datos a trav\u00e9s de WLAN. De este modo tambi\u00e9n es posible documentar y valorar sus datos de medici\u00f3n a trav\u00e9s de un per\u00edodo de tiempo m\u00e1s largo.<\/p>\n<p>En caso de sobrepasar los l\u00edmites se le informar\u00e1 por correo electr\u00f3nico o mensaje de texto (opcional) gracias a la funci\u00f3n de alarma. Adem\u00e1s, es posible acceder en cualquier momento y lugar a todos los valores medidos y las funciones de an\u00e1lisis con su tel\u00e9fono inteligente, tableta o PC aptos para Internet.<\/p>\n<h3>El registrador de datos WiFi testo 160 IAQ &#8211; adaptable y discreto<\/h3>\n<p>El registrador de datos testo 160 IAQ puede colocarse sin problemas en cualquier recinto gracias a su peque\u00f1o tama\u00f1o (82 x 117 x 32 mm) y su sencillo dise\u00f1o. Justamente para museos y archivos es de gran importancia que las piezas de exhibici\u00f3n est\u00e9n en primera l\u00ednea. En combinaci\u00f3n con la cubierta decorativa con posibilidad de personalizaci\u00f3n disponible opcionalmente (consulte los accesorios), el registrador de datos WiFi puede adaptarse de forma excelente a su entorno gracias su especial discreci\u00f3n.<\/p>\n<h3>Perfectamente enlazado: Con el registrador de datos WiFi testo 160 IAQ y la nube Testo<\/h3>\n<p>Para acceder a la nube Testo debe registrarse primero en www.saveris.net. La instalaci\u00f3n del sistema es simple y se puede realizar a trav\u00e9s de un navegador.<\/p>\n<p>Seg\u00fan las funciones deseadas existe la posibilidad de usar la nube Testo eligiendo entre una funcionalidad B\u00e1sica gratuita y una funcionalidad Avanzada m\u00e1s amplia. Por ejemplo, cree hasta 10 usuarios por cada cuenta con la funcionalidad Avanzada o configure una alarma por mensaje de texto en caso de que se sobrepasen los valores l\u00edmite.<\/article>\n<h3>Volumen de suministro<\/h3>\n<article class=\"child-2 paragraph\">\n<ul>\n<li>Registrador de datos WiFi testo\u00a0160 IAQ<\/li>\n<li>Incluye un acceso gratuito a la nube (funcionalidad B\u00e1sica)<\/li>\n<li>Fuente de alimentaci\u00f3n USB<\/li>\n<li>Cable para el puerto USB<\/li>\n<li>Soporte de pared incl. herramienta y cinta adhesiva<\/li>\n<li>Pegatina con c\u00f3digo QR<\/li>\n<li>Protocolo de calibraci\u00f3n<\/li>\n<li>Gu\u00eda r\u00e1pida<\/li>\n<\/ul>\n<\/article>\n<\/div>\n<div class=\"medium-4\">\n<div class=\"m-cert large-12 column\"><\/div>\n<\/div>\n<\/div>\n<\/div>\n<hr \/>\n<div class=\"c2a-tabSection m-tabs\">\n<div id=\"tab-technicalData\" class=\"large-12 column m-data-tab\">\n<h2>Datos t\u00e9cnicos<\/h2>\n<table>\n<colgroup>\n<col class=\"colWidth25\" \/>\n<col \/><\/colgroup>\n<thead>\n<tr>\n<th colspan=\"2\">Datos t\u00e9cnicos generales<\/th>\n<\/tr>\n<\/thead>\n<tbody>\n<tr>\n<td class=\"table-bold\">Peso<\/td>\n<td>269 g<\/td>\n<\/tr>\n<tr>\n<td class=\"table-bold\">Medidas<\/td>\n<td>117 X 82 X 32 mm ((L x A x H))<\/td>\n<\/tr>\n<tr>\n<td class=\"table-bold\">Temperatura de funcionamiento<\/td>\n<td>0 hasta +50 \u00baC<\/td>\n<\/tr>\n<tr>\n<td class=\"table-bold\">Material de la carcasa \/ del producto<\/td>\n<td>Policarbonato &#8211; ABS<\/td>\n<\/tr>\n<tr>\n<td class=\"table-bold\">Clase de protecci\u00f3n<\/td>\n<td>IP20<\/td>\n<\/tr>\n<tr>\n<td class=\"table-bold\">Color del producto<\/td>\n<td>blanco<\/td>\n<\/tr>\n<tr>\n<td class=\"table-bold\">Intervalo de medici\u00f3n<\/td>\n<td>En funci\u00f3n de licencia para la nube; B\u00e1sica: 15 min. &#8230; 24 h \/ Ampliada: 1 min. &#8230; 24 h<\/td>\n<\/tr>\n<tr>\n<td class=\"table-bold\">Intervalo de comunicaci\u00f3n<\/td>\n<td>En funci\u00f3n de licencia para la nube; B\u00e1sica: 15 min. &#8230; 24 h \/ Ampliada: 1 min. &#8230; 24 h<\/td>\n<\/tr>\n<tr>\n<td class=\"table-bold\">WLAN Connectivity<\/td>\n<td>est\u00e1ndares WLAN soportados: IEEE 802.11 b\/g\/n y IEEE 802.1X; Posibles m\u00e9todos de cifrado: WPA2 Enterprise: EAP-TLS, EAP-TTLS-TLS, EAP-TTLS-MSCHAPv2, EAP-TTLS-PSK, EAP-PEAP0-TLS, EAP-PEAP0-MSCHAPv2, EAP-PEAP0-PSK, EAP-PEAP1-TLS, EAP-PEAP1-MSCHAPv2, EAP-PEAP1-PSK, WPA Personal, WPA2 (AES), WPA (TKIP), WEP<\/td>\n<\/tr>\n<tr>\n<td class=\"table-bold\">Se\u00f1al alarma<\/td>\n<td>LED (funci\u00f3n de sem\u00e1foro: verde, amarillo, rojo)<\/td>\n<\/tr>\n<tr>\n<td class=\"table-bold\">Autonom\u00eda<\/td>\n<td>1 a\u00f1o<\/td>\n<\/tr>\n<tr>\n<td class=\"table-bold\">Tipo de pantalla<\/td>\n<td>LCD (Liquid Crystal Display)<\/td>\n<\/tr>\n<tr>\n<td class=\"table-bold\">Alimentaci\u00f3n de corriente<\/td>\n<td>4 x AA pilas 1,5 V, como alternativa fuente de alimentaci\u00f3n a trav\u00e9s de una conexi\u00f3n USB<\/td>\n<\/tr>\n<tr>\n<td class=\"table-bold\">Interfaces<\/td>\n<td>USB<\/td>\n<\/tr>\n<tr>\n<td class=\"table-bold\">Alcance radio<\/td>\n<td>100 m<\/td>\n<\/tr>\n<tr>\n<td class=\"table-bold\">Memoria<\/td>\n<td>32.000 Total canales<\/td>\n<\/tr>\n<tr>\n<td class=\"table-bold\">Temperatura de almacenamiento<\/td>\n<td>0 hasta +50 \u00baC<\/td>\n<\/tr>\n<tr>\n<td class=\"table-bold\">Dimensiones de la pantalla<\/td>\n<td>55 X 42 mm<\/td>\n<\/tr>\n<\/tbody>\n<\/table>\n<table>\n<colgroup>\n<col class=\"colWidth25\" \/>\n<col \/><\/colgroup>\n<thead>\n<tr>\n<th colspan=\"2\">Humedad &#8211; capacitivo<\/th>\n<\/tr>\n<\/thead>\n<tbody>\n<tr>\n<td class=\"table-bold\">Rango<\/td>\n<td>0 hasta 100 %HR (sin condensaci\u00f3n)<\/td>\n<\/tr>\n<tr>\n<td class=\"table-bold\">Exactitud<\/td>\n<td>\u00b12,0 %HR a +25 \u00b0C y 20 hasta 80 %HR<\/p>\n<p>\u00b13,0 %HR a +25 \u00b0C y &lt; 20 y &gt; 80 %HR<\/p>\n<p>\u00b11,0 %HR hist\u00e9resis<\/p>\n<p>\u00b11,0 %HR \/ deriva anual<\/td>\n<\/tr>\n<tr>\n<td class=\"table-bold\">Resoluci\u00f3n<\/td>\n<td>0,1 %HR<\/td>\n<\/tr>\n<\/tbody>\n<\/table>\n<table>\n<colgroup>\n<col class=\"colWidth25\" \/>\n<col \/><\/colgroup>\n<thead>\n<tr>\n<th colspan=\"2\">Presi\u00f3n absoluta<\/th>\n<\/tr>\n<\/thead>\n<tbody>\n<tr>\n<td class=\"table-bold\">Rango<\/td>\n<td>600 hasta 1100 mbar<\/td>\n<\/tr>\n<tr>\n<td class=\"table-bold\">Exactitud<\/td>\n<td>\u00b13 mbar a +22 \u00baC<\/td>\n<\/tr>\n<tr>\n<td class=\"table-bold\">Resoluci\u00f3n<\/td>\n<td>1 mbar<\/td>\n<\/tr>\n<\/tbody>\n<\/table>\n<table>\n<colgroup>\n<col class=\"colWidth25\" \/>\n<col \/><\/colgroup>\n<thead>\n<tr>\n<th colspan=\"2\">Medici\u00f3n de CO\u2082<\/th>\n<\/tr>\n<\/thead>\n<tbody>\n<tr>\n<td class=\"table-bold\">Rango<\/td>\n<td>0 hasta 5000 ppm<\/p>\n<p>Humedad ambiental: 0 hasta 99 %HR (sin condensaci\u00f3n)<\/td>\n<\/tr>\n<tr>\n<td class=\"table-bold\">Exactitud<\/td>\n<td>\u00b1(50 ppm + 3 % del v.m.) a 25 \u00baC<\/p>\n<p>Sin suministro externo de corriente:<\/p>\n<p>\u00b1(100 ppm + 3 % del v.m.) a 25 \u00baC<\/td>\n<\/tr>\n<tr>\n<td class=\"table-bold\">Resoluci\u00f3n<\/td>\n<td>1 ppm<\/td>\n<\/tr>\n<\/tbody>\n<\/table>\n<table>\n<colgroup>\n<col class=\"colWidth25\" \/>\n<col \/><\/colgroup>\n<thead>\n<tr>\n<th colspan=\"2\">Medici\u00f3n Temperatura<\/th>\n<\/tr>\n<\/thead>\n<tbody>\n<tr>\n<td class=\"table-bold\">Rango<\/td>\n<td>0 hasta +50 \u00baC<\/td>\n<\/tr>\n<tr>\n<td class=\"table-bold\">Exactitud<\/td>\n<td>\u00b10,5 \u00baC<\/td>\n<\/tr>\n<tr>\n<td class=\"table-bold\">Resoluci\u00f3n<\/td>\n<td>0,1 \u00baC<\/td>\n<\/tr>\n<\/tbody>\n<\/table>\n<\/div>\n<\/div>\n<p>&nbsp;<\/p>\n","protected":false},"excerpt":{"rendered":"<p>La calidad del aire interior influye considerablemente en el bienestar y la salud del ser humano. El aire ambiente desgastado puede provocar cansancio, p\u00e9rdida de la concentraci\u00f3n y malestar. Supervise de forma fiable la calidad del aire interior en recintos con el registrador de datos WiFi testo 160 IAQ. El registrador de datos puede utilizarse en escuelas, jardines infantiles, salas de conferencia, grandes oficinas, auditorios o museos &#8211; En resumen: En recintos donde se concentran muchas personas.<\/p>\n","protected":false},"featured_media":1685,"comment_status":"open","ping_status":"closed","template":"","meta":{"_joinchat":[]},"product_brand":[],"product_cat":[15],"product_tag":[],"class_list":{"0":"post-1682","1":"product","2":"type-product","3":"status-publish","4":"has-post-thumbnail","6":"product_cat-sin-categorizar","8":"first","9":"instock","10":"shipping-taxable","11":"product-type-simple"},"yoast_head":"<!-- This site is optimized with the Yoast SEO plugin v26.4 - https:\/\/yoast.com\/wordpress\/plugins\/seo\/ -->\n<title>testo 160 iaq - Registrador de datos wifi con pantalla y sensores integrados para temperatura, humedad, co2 y presi\u00f3n atmosf\u00e9rica - Abaa tienda online<\/title>\n<meta name=\"robots\" content=\"index, follow, max-snippet:-1, max-image-preview:large, max-video-preview:-1\" \/>\n<link rel=\"canonical\" href=\"https:\/\/abaa.mx\/tienda\/testo-160-iaq-registrador-de-datos-wifi-con-pantalla-y-sensores-integrados-para-temperatura-humedad-co2-y-presion-atmosferica\/\" \/>\n<meta property=\"og:locale\" content=\"es_MX\" \/>\n<meta property=\"og:type\" content=\"article\" \/>\n<meta property=\"og:title\" content=\"testo 160 iaq - Registrador de datos wifi con pantalla y sensores integrados para temperatura, humedad, co2 y presi\u00f3n atmosf\u00e9rica - Abaa tienda online\" \/>\n<meta property=\"og:description\" content=\"La calidad del aire interior influye considerablemente en el bienestar y la salud del ser humano. El aire ambiente desgastado puede provocar cansancio, p\u00e9rdida de la concentraci\u00f3n y malestar. Supervise de forma fiable la calidad del aire interior en recintos con el registrador de datos WiFi testo 160 IAQ. El registrador de datos puede utilizarse en escuelas, jardines infantiles, salas de conferencia, grandes oficinas, auditorios o museos - En resumen: En recintos donde se concentran muchas personas.\" \/>\n<meta property=\"og:url\" content=\"https:\/\/abaa.mx\/tienda\/testo-160-iaq-registrador-de-datos-wifi-con-pantalla-y-sensores-integrados-para-temperatura-humedad-co2-y-presion-atmosferica\/\" \/>\n<meta property=\"og:site_name\" content=\"Abaa tienda online\" \/>\n<meta property=\"article:modified_time\" content=\"2023-09-15T16:15:19+00:00\" \/>\n<meta property=\"og:image\" content=\"https:\/\/abaa.mx\/tienda\/wp-content\/uploads\/2023\/09\/testo-160-iaq.jpg\" \/>\n\t<meta property=\"og:image:width\" content=\"495\" \/>\n\t<meta property=\"og:image:height\" content=\"660\" \/>\n\t<meta property=\"og:image:type\" content=\"image\/jpeg\" \/>\n<meta name=\"twitter:card\" content=\"summary_large_image\" \/>\n<meta name=\"twitter:label1\" content=\"Tiempo de lectura\" \/>\n\t<meta name=\"twitter:data1\" content=\"5 minutos\" \/>\n<script type=\"application\/ld+json\" class=\"yoast-schema-graph\">{\"@context\":\"https:\/\/schema.org\",\"@graph\":[{\"@type\":\"WebPage\",\"@id\":\"https:\/\/abaa.mx\/tienda\/testo-160-iaq-registrador-de-datos-wifi-con-pantalla-y-sensores-integrados-para-temperatura-humedad-co2-y-presion-atmosferica\/\",\"url\":\"https:\/\/abaa.mx\/tienda\/testo-160-iaq-registrador-de-datos-wifi-con-pantalla-y-sensores-integrados-para-temperatura-humedad-co2-y-presion-atmosferica\/\",\"name\":\"testo 160 iaq - Registrador de datos wifi con pantalla y sensores integrados para temperatura, humedad, co2 y presi\u00f3n atmosf\u00e9rica - Abaa tienda online\",\"isPartOf\":{\"@id\":\"https:\/\/abaa.mx\/tienda\/#website\"},\"primaryImageOfPage\":{\"@id\":\"https:\/\/abaa.mx\/tienda\/testo-160-iaq-registrador-de-datos-wifi-con-pantalla-y-sensores-integrados-para-temperatura-humedad-co2-y-presion-atmosferica\/#primaryimage\"},\"image\":{\"@id\":\"https:\/\/abaa.mx\/tienda\/testo-160-iaq-registrador-de-datos-wifi-con-pantalla-y-sensores-integrados-para-temperatura-humedad-co2-y-presion-atmosferica\/#primaryimage\"},\"thumbnailUrl\":\"https:\/\/abaa.mx\/tienda\/wp-content\/uploads\/2023\/09\/testo-160-iaq.jpg\",\"datePublished\":\"2023-09-15T16:15:18+00:00\",\"dateModified\":\"2023-09-15T16:15:19+00:00\",\"breadcrumb\":{\"@id\":\"https:\/\/abaa.mx\/tienda\/testo-160-iaq-registrador-de-datos-wifi-con-pantalla-y-sensores-integrados-para-temperatura-humedad-co2-y-presion-atmosferica\/#breadcrumb\"},\"inLanguage\":\"es\",\"potentialAction\":[{\"@type\":\"ReadAction\",\"target\":[\"https:\/\/abaa.mx\/tienda\/testo-160-iaq-registrador-de-datos-wifi-con-pantalla-y-sensores-integrados-para-temperatura-humedad-co2-y-presion-atmosferica\/\"]}]},{\"@type\":\"ImageObject\",\"inLanguage\":\"es\",\"@id\":\"https:\/\/abaa.mx\/tienda\/testo-160-iaq-registrador-de-datos-wifi-con-pantalla-y-sensores-integrados-para-temperatura-humedad-co2-y-presion-atmosferica\/#primaryimage\",\"url\":\"https:\/\/abaa.mx\/tienda\/wp-content\/uploads\/2023\/09\/testo-160-iaq.jpg\",\"contentUrl\":\"https:\/\/abaa.mx\/tienda\/wp-content\/uploads\/2023\/09\/testo-160-iaq.jpg\",\"width\":495,\"height\":660,\"caption\":\"testo 160 iaq\"},{\"@type\":\"BreadcrumbList\",\"@id\":\"https:\/\/abaa.mx\/tienda\/testo-160-iaq-registrador-de-datos-wifi-con-pantalla-y-sensores-integrados-para-temperatura-humedad-co2-y-presion-atmosferica\/#breadcrumb\",\"itemListElement\":[{\"@type\":\"ListItem\",\"position\":1,\"name\":\"Inicio\",\"item\":\"https:\/\/abaa.mx\/tienda\/\"},{\"@type\":\"ListItem\",\"position\":2,\"name\":\"Tienda\",\"item\":\"https:\/\/abaa.mx\/tienda\/\"},{\"@type\":\"ListItem\",\"position\":3,\"name\":\"testo 160 iaq &#8211; Registrador de datos wifi con pantalla y sensores integrados para temperatura, humedad, co2 y presi\u00f3n atmosf\u00e9rica\"}]},{\"@type\":\"WebSite\",\"@id\":\"https:\/\/abaa.mx\/tienda\/#website\",\"url\":\"https:\/\/abaa.mx\/tienda\/\",\"name\":\"Abaa tienda online\",\"description\":\"Instrumentos de medici\u00f3n\",\"publisher\":{\"@id\":\"https:\/\/abaa.mx\/tienda\/#organization\"},\"potentialAction\":[{\"@type\":\"SearchAction\",\"target\":{\"@type\":\"EntryPoint\",\"urlTemplate\":\"https:\/\/abaa.mx\/tienda\/?s={search_term_string}\"},\"query-input\":{\"@type\":\"PropertyValueSpecification\",\"valueRequired\":true,\"valueName\":\"search_term_string\"}}],\"inLanguage\":\"es\"},{\"@type\":\"Organization\",\"@id\":\"https:\/\/abaa.mx\/tienda\/#organization\",\"name\":\"Abaa tienda online\",\"url\":\"https:\/\/abaa.mx\/tienda\/\",\"logo\":{\"@type\":\"ImageObject\",\"inLanguage\":\"es\",\"@id\":\"https:\/\/abaa.mx\/tienda\/#\/schema\/logo\/image\/\",\"url\":\"https:\/\/abaa.mx\/tienda\/wp-content\/uploads\/2024\/01\/abaa-metrologia-tienda.png\",\"contentUrl\":\"https:\/\/abaa.mx\/tienda\/wp-content\/uploads\/2024\/01\/abaa-metrologia-tienda.png\",\"width\":300,\"height\":141,\"caption\":\"Abaa tienda online\"},\"image\":{\"@id\":\"https:\/\/abaa.mx\/tienda\/#\/schema\/logo\/image\/\"}}]}<\/script>\n<!-- \/ Yoast SEO plugin. -->","yoast_head_json":{"title":"testo 160 iaq - Registrador de datos wifi con pantalla y sensores integrados para temperatura, humedad, co2 y presi\u00f3n atmosf\u00e9rica - Abaa tienda online","robots":{"index":"index","follow":"follow","max-snippet":"max-snippet:-1","max-image-preview":"max-image-preview:large","max-video-preview":"max-video-preview:-1"},"canonical":"https:\/\/abaa.mx\/tienda\/testo-160-iaq-registrador-de-datos-wifi-con-pantalla-y-sensores-integrados-para-temperatura-humedad-co2-y-presion-atmosferica\/","og_locale":"es_MX","og_type":"article","og_title":"testo 160 iaq - Registrador de datos wifi con pantalla y sensores integrados para temperatura, humedad, co2 y presi\u00f3n atmosf\u00e9rica - Abaa tienda online","og_description":"La calidad del aire interior influye considerablemente en el bienestar y la salud del ser humano. El aire ambiente desgastado puede provocar cansancio, p\u00e9rdida de la concentraci\u00f3n y malestar. Supervise de forma fiable la calidad del aire interior en recintos con el registrador de datos WiFi testo 160 IAQ. El registrador de datos puede utilizarse en escuelas, jardines infantiles, salas de conferencia, grandes oficinas, auditorios o museos - En resumen: En recintos donde se concentran muchas personas.","og_url":"https:\/\/abaa.mx\/tienda\/testo-160-iaq-registrador-de-datos-wifi-con-pantalla-y-sensores-integrados-para-temperatura-humedad-co2-y-presion-atmosferica\/","og_site_name":"Abaa tienda online","article_modified_time":"2023-09-15T16:15:19+00:00","og_image":[{"width":495,"height":660,"url":"https:\/\/abaa.mx\/tienda\/wp-content\/uploads\/2023\/09\/testo-160-iaq.jpg","type":"image\/jpeg"}],"twitter_card":"summary_large_image","twitter_misc":{"Tiempo de lectura":"5 minutos"},"schema":{"@context":"https:\/\/schema.org","@graph":[{"@type":"WebPage","@id":"https:\/\/abaa.mx\/tienda\/testo-160-iaq-registrador-de-datos-wifi-con-pantalla-y-sensores-integrados-para-temperatura-humedad-co2-y-presion-atmosferica\/","url":"https:\/\/abaa.mx\/tienda\/testo-160-iaq-registrador-de-datos-wifi-con-pantalla-y-sensores-integrados-para-temperatura-humedad-co2-y-presion-atmosferica\/","name":"testo 160 iaq - Registrador de datos wifi con pantalla y sensores integrados para temperatura, humedad, co2 y presi\u00f3n atmosf\u00e9rica - Abaa tienda online","isPartOf":{"@id":"https:\/\/abaa.mx\/tienda\/#website"},"primaryImageOfPage":{"@id":"https:\/\/abaa.mx\/tienda\/testo-160-iaq-registrador-de-datos-wifi-con-pantalla-y-sensores-integrados-para-temperatura-humedad-co2-y-presion-atmosferica\/#primaryimage"},"image":{"@id":"https:\/\/abaa.mx\/tienda\/testo-160-iaq-registrador-de-datos-wifi-con-pantalla-y-sensores-integrados-para-temperatura-humedad-co2-y-presion-atmosferica\/#primaryimage"},"thumbnailUrl":"https:\/\/abaa.mx\/tienda\/wp-content\/uploads\/2023\/09\/testo-160-iaq.jpg","datePublished":"2023-09-15T16:15:18+00:00","dateModified":"2023-09-15T16:15:19+00:00","breadcrumb":{"@id":"https:\/\/abaa.mx\/tienda\/testo-160-iaq-registrador-de-datos-wifi-con-pantalla-y-sensores-integrados-para-temperatura-humedad-co2-y-presion-atmosferica\/#breadcrumb"},"inLanguage":"es","potentialAction":[{"@type":"ReadAction","target":["https:\/\/abaa.mx\/tienda\/testo-160-iaq-registrador-de-datos-wifi-con-pantalla-y-sensores-integrados-para-temperatura-humedad-co2-y-presion-atmosferica\/"]}]},{"@type":"ImageObject","inLanguage":"es","@id":"https:\/\/abaa.mx\/tienda\/testo-160-iaq-registrador-de-datos-wifi-con-pantalla-y-sensores-integrados-para-temperatura-humedad-co2-y-presion-atmosferica\/#primaryimage","url":"https:\/\/abaa.mx\/tienda\/wp-content\/uploads\/2023\/09\/testo-160-iaq.jpg","contentUrl":"https:\/\/abaa.mx\/tienda\/wp-content\/uploads\/2023\/09\/testo-160-iaq.jpg","width":495,"height":660,"caption":"testo 160 iaq"},{"@type":"BreadcrumbList","@id":"https:\/\/abaa.mx\/tienda\/testo-160-iaq-registrador-de-datos-wifi-con-pantalla-y-sensores-integrados-para-temperatura-humedad-co2-y-presion-atmosferica\/#breadcrumb","itemListElement":[{"@type":"ListItem","position":1,"name":"Inicio","item":"https:\/\/abaa.mx\/tienda\/"},{"@type":"ListItem","position":2,"name":"Tienda","item":"https:\/\/abaa.mx\/tienda\/"},{"@type":"ListItem","position":3,"name":"testo 160 iaq &#8211; Registrador de datos wifi con pantalla y sensores integrados para temperatura, humedad, co2 y presi\u00f3n atmosf\u00e9rica"}]},{"@type":"WebSite","@id":"https:\/\/abaa.mx\/tienda\/#website","url":"https:\/\/abaa.mx\/tienda\/","name":"Abaa tienda online","description":"Instrumentos de medici\u00f3n","publisher":{"@id":"https:\/\/abaa.mx\/tienda\/#organization"},"potentialAction":[{"@type":"SearchAction","target":{"@type":"EntryPoint","urlTemplate":"https:\/\/abaa.mx\/tienda\/?s={search_term_string}"},"query-input":{"@type":"PropertyValueSpecification","valueRequired":true,"valueName":"search_term_string"}}],"inLanguage":"es"},{"@type":"Organization","@id":"https:\/\/abaa.mx\/tienda\/#organization","name":"Abaa tienda online","url":"https:\/\/abaa.mx\/tienda\/","logo":{"@type":"ImageObject","inLanguage":"es","@id":"https:\/\/abaa.mx\/tienda\/#\/schema\/logo\/image\/","url":"https:\/\/abaa.mx\/tienda\/wp-content\/uploads\/2024\/01\/abaa-metrologia-tienda.png","contentUrl":"https:\/\/abaa.mx\/tienda\/wp-content\/uploads\/2024\/01\/abaa-metrologia-tienda.png","width":300,"height":141,"caption":"Abaa tienda online"},"image":{"@id":"https:\/\/abaa.mx\/tienda\/#\/schema\/logo\/image\/"}}]}},"_links":{"self":[{"href":"https:\/\/abaa.mx\/tienda\/wp-json\/wp\/v2\/product\/1682","targetHints":{"allow":["GET"]}}],"collection":[{"href":"https:\/\/abaa.mx\/tienda\/wp-json\/wp\/v2\/product"}],"about":[{"href":"https:\/\/abaa.mx\/tienda\/wp-json\/wp\/v2\/types\/product"}],"replies":[{"embeddable":true,"href":"https:\/\/abaa.mx\/tienda\/wp-json\/wp\/v2\/comments?post=1682"}],"wp:featuredmedia":[{"embeddable":true,"href":"https:\/\/abaa.mx\/tienda\/wp-json\/wp\/v2\/media\/1685"}],"wp:attachment":[{"href":"https:\/\/abaa.mx\/tienda\/wp-json\/wp\/v2\/media?parent=1682"}],"wp:term":[{"taxonomy":"product_brand","embeddable":true,"href":"https:\/\/abaa.mx\/tienda\/wp-json\/wp\/v2\/product_brand?post=1682"},{"taxonomy":"product_cat","embeddable":true,"href":"https:\/\/abaa.mx\/tienda\/wp-json\/wp\/v2\/product_cat?post=1682"},{"taxonomy":"product_tag","embeddable":true,"href":"https:\/\/abaa.mx\/tienda\/wp-json\/wp\/v2\/product_tag?post=1682"}],"curies":[{"name":"wp","href":"https:\/\/api.w.org\/{rel}","templated":true}]}}