{"id":1675,"date":"2023-09-15T16:12:38","date_gmt":"2023-09-15T16:12:38","guid":{"rendered":"https:\/\/abaa.mx\/tienda\/?post_type=product&#038;p=1675"},"modified":"2023-09-15T16:12:39","modified_gmt":"2023-09-15T16:12:39","slug":"testo-160-e-registrador-de-datos-wifi-con-2-conexiones-para-sonda-de-humedad-y-temperatura-sonda-lux-o-sonda-de-radiacion-uv-y-lux","status":"publish","type":"product","link":"https:\/\/abaa.mx\/tienda\/testo-160-e-registrador-de-datos-wifi-con-2-conexiones-para-sonda-de-humedad-y-temperatura-sonda-lux-o-sonda-de-radiacion-uv-y-lux\/","title":{"rendered":"testo 160 e &#8211; Registrador de datos wifi con 2 conexiones para sonda de humedad y temperatura, sonda lux o sonda de radiaci\u00f3n uv y lux"},"content":{"rendered":"<p>El testo\u00a0160 E hace parte de la familia de registradores de datos testo\u00a0160 desarrollados especialmente para las exigencias especiales en museos. Gracias a las distintas posibilidades de combinaci\u00f3n de los sensores y sondas integrados se puede cubrir perfectamente cualquier situaci\u00f3n de supervisi\u00f3n desde la exposici\u00f3n pasando por el almacenamiento hasta el transporte de objetos de colecci\u00f3n.<\/p>\n<p>El manejo y la programaci\u00f3n de los registradores de datos es muy f\u00e1cil y se ejecuta directamente en la nube testo.<\/p>\n<div class=\"m-list\">\n<ul class=\"list-elements\">\n<li>Conexi\u00f3n para 2 sondas \u2013 Coloque el registrador de datos discretamente en la base de la vitrina y supervise el microclima dentro de la vitrina con las sondas conectables<\/li>\n<li>Excelente adaptaci\u00f3n al entorno gracias a la opcional cubierta decorativa individual<\/li>\n<li>Perfectamente enlazado: almacenamiento de datos en la nube Testo, alarme en tiempo real<\/li>\n<li>Instalaci\u00f3n, integraci\u00f3n y manejo f\u00e1ciles<\/li>\n<\/ul>\n<\/div>\n<p class=\"text\">Proteja sus valiosas obras expuestas y documentos con el registrador de datos WiFi testo\u00a0160 E. A trav\u00e9s del registrador de datos testo\u00a0160 E con posibilidad de conexi\u00f3n para 2 sondas se garantiza una supervisi\u00f3n completa de las condiciones ambientales y luminosas en el museo, en el dep\u00f3sito y en el archivo.<\/p>\n<div class=\"c2a-tabSection m-tabs\">\n<div id=\"tab-details\" class=\"large-12 column m-tab-pdp\">\n<div class=\"medium-8\">\n<article class=\"child-1 paragraph\">\n<h3>Supervisi\u00f3n de la temperatura, humedad ambiental, lux y radiaci\u00f3n UV con el registrador de datos WiFi testo\u00a0160 E<\/h3>\n<p>El registrador de datos WiFi testo\u00a0160 E de f\u00e1cil manejo se adapta perfectamente a sus exigencias con respecto a la supervisi\u00f3n de climatizaci\u00f3n. Adem\u00e1s, ofrece 2 posibilidades de conexi\u00f3n para sondas (disponibles por separado) para la temperatura y la humedad as\u00ed como para lux o lux y radiaci\u00f3n UV.<\/p>\n<p>Los datos de medici\u00f3n se almacenan directamente en la nube Testo desde el registrador de datos a trav\u00e9s de WLAN. En caso de sobrepasar los l\u00edmites se le informar\u00e1 por correo electr\u00f3nico o mensaje de texto (opcional) gracias a la funci\u00f3n de alarma. Adem\u00e1s, es posible acceder en cualquier momento y lugar a todos los valores medidos y las funciones de an\u00e1lisis con su tel\u00e9fono inteligente, tableta o PC aptos para Internet.<\/p>\n<h3>El registrador de datos WiFi testo\u00a0160 E \u2013 adaptable y discreto<\/h3>\n<p>El testo\u00a0160 E puede colocarse sin problemas en una exposici\u00f3n o vitrina gracias a su peque\u00f1o tama\u00f1o (64 x 76 x 22 mm) y su sencillo dise\u00f1o. En combinaci\u00f3n con la cubierta decorativa con posibilidad de individualizaci\u00f3n disponible opcionalmente (consulte los accesorios), el registrador de datos puede adaptarse de forma excelente a su entorno gracias su especial discreci\u00f3n. De este modo, sus piezas de exhibici\u00f3n estar\u00e1n siempre en primera l\u00ednea.<\/p>\n<h3>Perfectamente enlazado: Con el registrador de datos WiFi testo\u00a0160 E y la nube Testo<\/h3>\n<p>La nube Testo es el elemento de control central de la familia de registradores de datos testo\u00a0160. Con el testo\u00a0160 E podr\u00e1 almacenar sus datos de medici\u00f3n en la nube Testo a trav\u00e9s de una red de WLAN existente. Aqu\u00ed es posible configurar el registrador de datos WiFi, ajustar las alarmas para valores l\u00edmite y analizar los tiempos de ajuste.<\/p>\n<p>La instalaci\u00f3n del sistema es simple y se puede realizar a trav\u00e9s de un navegador.<\/p>\n<p>Seg\u00fan las funciones deseadas existe la posibilidad de usar la nube Testo eligiendo entre una funcionalidad B\u00e1sica gratuita y una funcionalidad Avanzada m\u00e1s amplia. Por ejemplo, cree hasta 10 usuarios por cada cuenta con la funcionalidad Avanzada o configure una alarma por mensaje de texto en caso de que se sobrepasen los valores l\u00edmite.<\/p>\n<h3>Campos de aplicaci\u00f3n del registrador de datos WiFi testo\u00a0160 E: museo, archivo y dep\u00f3sito<\/h3>\n<p>Realice mediciones siempre confiables de la temperatura y la humedad ambiental, lux y radiaci\u00f3n UV en la vitrina o en las salas de exposici\u00f3n. Gracias a la posibilidad de conexi\u00f3n con las sondas conectables, disponibles por separado, es posible adaptar el registrador de datos WiFi perfectamente a sus necesidades de supervisi\u00f3n. Incluso en vitrinas peque\u00f1as, el testo\u00a0160 E puede colocarse sin ning\u00fan problema ya que es ideal para el montaje en la base de la vitrina. El registrador de datos WiFi testo\u00a0160 E profesional se ha perfeccionado para aplicaciones referentes a la supervisi\u00f3n de las condiciones ambientales en museos, galer\u00edas u otras casas de exposici\u00f3n. Con su ayuda es posible proteger sus sensibles y valiosas obras expuestas de modo confiable contra da\u00f1os.<\/p>\n<h3>M\u00e1s ventajas y funciones del registrador de datos WiFi testo\u00a0160 E<\/h3>\n<p>La memoria interna del registrador de datos WiFi tiene una capacidad para 40.000 lecturas, y la caja est\u00e1 protegida seg\u00fan IP20. Las pilas est\u00e1ndar tienen una duraci\u00f3n de 12 meses y pueden ser reemplazadas en cualquier momento por el usuario. Como alternativa, el registrador de datos puede funcionar tambi\u00e9n sin pilas a trav\u00e9s del puerto USB mediante una fuente de alimentaci\u00f3n (solicitar por separado).<\/p>\n<p><strong>Nota:<\/strong><br \/>\nPara utilizar el registrador de datos WiFi testo\u00a0160 E se necesita adicionalmente una sonda conectable (solicitar por separado).<br \/>\n<\/article>\n<h3>Volumen de suministro<\/h3>\n<article class=\"child-2 paragraph\">\n<ul>\n<li>Registrador de datos WiFi testo\u00a0160 E<\/li>\n<li>Incluye un acceso gratuito a la nube (funcionalidad B\u00e1sica)<\/li>\n<li>Pilas (4 pilas AAA)<\/li>\n<li>Cable para el puerto USB<\/li>\n<li>Soporte de pared incl. herramienta de desbloqueo y cinta adhesiva<\/li>\n<li>Pegatina con c\u00f3digo QR<\/li>\n<li>Gu\u00eda r\u00e1pida<\/li>\n<\/ul>\n<\/article>\n<\/div>\n<div class=\"medium-4\">\n<div class=\"m-cert large-12 column\"><\/div>\n<\/div>\n<\/div>\n<\/div>\n<hr \/>\n<div class=\"c2a-tabSection m-tabs\">\n<div id=\"tab-technicalData\" class=\"large-12 column m-data-tab\">\n<h2>Datos t\u00e9cnicos<\/h2>\n<table>\n<colgroup>\n<col class=\"colWidth25\" \/>\n<col \/><\/colgroup>\n<thead>\n<tr>\n<th colspan=\"2\">Datos t\u00e9cnicos generales<\/th>\n<\/tr>\n<\/thead>\n<tbody>\n<tr>\n<td class=\"table-bold\">Peso<\/td>\n<td>96 g<\/td>\n<\/tr>\n<tr>\n<td class=\"table-bold\">Medidas<\/td>\n<td>76 X 64 X 22 mm<\/td>\n<\/tr>\n<tr>\n<td class=\"table-bold\">Temperatura de funcionamiento<\/td>\n<td>-10 hasta +50 \u00baC<\/td>\n<\/tr>\n<tr>\n<td class=\"table-bold\">Clase de protecci\u00f3n<\/td>\n<td>IP20<\/td>\n<\/tr>\n<tr>\n<td class=\"table-bold\">Intervalo de medici\u00f3n<\/td>\n<td>En funci\u00f3n de licencia para la nube; B\u00e1sica: 15 min. &#8230; 24 h \/ Ampliada: 1 min. &#8230; 24 h<\/td>\n<\/tr>\n<tr>\n<td class=\"table-bold\">Intervalo de comunicaci\u00f3n<\/td>\n<td>En funci\u00f3n de licencia para la nube; B\u00e1sica: 15 min. &#8230; 24 h \/ Ampliada: 1 min. &#8230; 24 h<\/td>\n<\/tr>\n<tr>\n<td class=\"table-bold\">WLAN Connectivity<\/td>\n<td>est\u00e1ndares WLAN soportados: IEEE 802.11 b\/g\/n y IEEE 802.1X; Posibles m\u00e9todos de cifrado: WPA2 Enterprise: EAP-TLS, EAP-TTLS-TLS, EAP-TTLS-MSCHAPv2, EAP-TTLS-PSK, EAP-PEAP0-TLS, EAP-PEAP0-MSCHAPv2, EAP-PEAP0-PSK, EAP-PEAP1-TLS, EAP-PEAP1-MSCHAPv2, EAP-PEAP1-PSK, WPA Personal, WPA2 (AES), WPA (TKIP), WEP<\/td>\n<\/tr>\n<tr>\n<td class=\"table-bold\">Autonom\u00eda<\/td>\n<td>1,5 a\u00f1os<\/td>\n<\/tr>\n<tr>\n<td class=\"table-bold\">Alimentaci\u00f3n de corriente<\/td>\n<td>4 x AAA pilas 1,5 V, como alternativa fuente de alimentaci\u00f3n a trav\u00e9s de una conexi\u00f3n USB<\/td>\n<\/tr>\n<tr>\n<td class=\"table-bold\">Memoria<\/td>\n<td>32.000 Total canales<\/td>\n<\/tr>\n<tr>\n<td class=\"table-bold\">Temperatura de almacenamiento<\/td>\n<td>-20 hasta +50 \u00baC<\/td>\n<\/tr>\n<\/tbody>\n<\/table>\n<table>\n<colgroup>\n<col class=\"colWidth25\" \/>\n<col \/><\/colgroup>\n<thead>\n<tr>\n<th colspan=\"2\">Humedad &#8211; capacitivo<\/th>\n<\/tr>\n<\/thead>\n<tbody>\n<tr>\n<td class=\"table-bold\">Rango<\/td>\n<td>v\u00e9ase sonda externa<\/td>\n<\/tr>\n<tr>\n<td class=\"table-bold\">Exactitud<\/td>\n<td>v\u00e9ase sonda externa<\/td>\n<\/tr>\n<tr>\n<td class=\"table-bold\">Resoluci\u00f3n<\/td>\n<td>v\u00e9ase sonda externa<\/td>\n<\/tr>\n<\/tbody>\n<\/table>\n<table>\n<colgroup>\n<col class=\"colWidth25\" \/>\n<col \/><\/colgroup>\n<thead>\n<tr>\n<th colspan=\"2\">Medici\u00f3n Temperatura<\/th>\n<\/tr>\n<\/thead>\n<tbody>\n<tr>\n<td class=\"table-bold\">Rango<\/td>\n<td>v\u00e9ase sonda externa<\/td>\n<\/tr>\n<tr>\n<td class=\"table-bold\">Exactitud<\/td>\n<td>v\u00e9ase sonda externa<\/td>\n<\/tr>\n<tr>\n<td class=\"table-bold\">Resoluci\u00f3n<\/td>\n<td>v\u00e9ase sonda externa<\/td>\n<\/tr>\n<\/tbody>\n<\/table>\n<table>\n<colgroup>\n<col class=\"colWidth25\" \/>\n<col \/><\/colgroup>\n<thead>\n<tr>\n<th colspan=\"2\">Medici\u00f3n Lux<\/th>\n<\/tr>\n<\/thead>\n<tbody>\n<tr>\n<td class=\"table-bold\">Rango<\/td>\n<td>v\u00e9ase sonda externa<\/td>\n<\/tr>\n<tr>\n<td class=\"table-bold\">Exactitud<\/td>\n<td>v\u00e9ase sonda externa<\/td>\n<\/tr>\n<tr>\n<td class=\"table-bold\">Resoluci\u00f3n<\/td>\n<td>v\u00e9ase sonda externa<\/td>\n<\/tr>\n<\/tbody>\n<\/table>\n<table>\n<colgroup>\n<col class=\"colWidth25\" \/>\n<col \/><\/colgroup>\n<thead>\n<tr>\n<th colspan=\"2\">UV<\/th>\n<\/tr>\n<\/thead>\n<tbody>\n<tr>\n<td class=\"table-bold\">Rango<\/td>\n<td>v\u00e9ase sonda externa<\/td>\n<\/tr>\n<tr>\n<td class=\"table-bold\">Exactitud<\/td>\n<td>v\u00e9ase sonda externa<\/td>\n<\/tr>\n<tr>\n<td class=\"table-bold\">Resoluci\u00f3n<\/td>\n<td>v\u00e9ase sonda externa<\/td>\n<\/tr>\n<\/tbody>\n<\/table>\n<\/div>\n<\/div>\n","protected":false},"excerpt":{"rendered":"<p>El testo\u00a0160 E hace parte de la familia de registradores de datos testo\u00a0160 desarrollados especialmente para las exigencias especiales en museos. Gracias a las distintas posibilidades de combinaci\u00f3n de los sensores y sondas integrados se puede cubrir perfectamente cualquier situaci\u00f3n de supervisi\u00f3n desde la exposici\u00f3n pasando por el almacenamiento hasta el transporte de objetos de colecci\u00f3n.<\/p>\n<p>El manejo y la programaci\u00f3n de los registradores de datos es muy f\u00e1cil y se ejecuta directamente en la nube testo.<\/p>\n","protected":false},"featured_media":1681,"comment_status":"open","ping_status":"closed","template":"","meta":{"_joinchat":[]},"product_brand":[],"product_cat":[15],"product_tag":[],"class_list":{"0":"post-1675","1":"product","2":"type-product","3":"status-publish","4":"has-post-thumbnail","6":"product_cat-sin-categorizar","8":"first","9":"instock","10":"shipping-taxable","11":"product-type-simple"},"yoast_head":"<!-- This site is optimized with the Yoast SEO plugin v26.4 - https:\/\/yoast.com\/wordpress\/plugins\/seo\/ -->\n<title>testo 160 e - Registrador de datos wifi con 2 conexiones para sonda de humedad y temperatura, sonda lux o sonda de radiaci\u00f3n uv y lux - Abaa tienda online<\/title>\n<meta name=\"robots\" content=\"index, follow, max-snippet:-1, max-image-preview:large, max-video-preview:-1\" \/>\n<link rel=\"canonical\" href=\"https:\/\/abaa.mx\/tienda\/testo-160-e-registrador-de-datos-wifi-con-2-conexiones-para-sonda-de-humedad-y-temperatura-sonda-lux-o-sonda-de-radiacion-uv-y-lux\/\" \/>\n<meta property=\"og:locale\" content=\"es_MX\" \/>\n<meta property=\"og:type\" content=\"article\" \/>\n<meta property=\"og:title\" content=\"testo 160 e - Registrador de datos wifi con 2 conexiones para sonda de humedad y temperatura, sonda lux o sonda de radiaci\u00f3n uv y lux - Abaa tienda online\" \/>\n<meta property=\"og:description\" content=\"El testo\u00a0160 E hace parte de la familia de registradores de datos testo\u00a0160 desarrollados especialmente para las exigencias especiales en museos. Gracias a las distintas posibilidades de combinaci\u00f3n de los sensores y sondas integrados se puede cubrir perfectamente cualquier situaci\u00f3n de supervisi\u00f3n desde la exposici\u00f3n pasando por el almacenamiento hasta el transporte de objetos de colecci\u00f3n.  El manejo y la programaci\u00f3n de los registradores de datos es muy f\u00e1cil y se ejecuta directamente en la nube testo.\" \/>\n<meta property=\"og:url\" content=\"https:\/\/abaa.mx\/tienda\/testo-160-e-registrador-de-datos-wifi-con-2-conexiones-para-sonda-de-humedad-y-temperatura-sonda-lux-o-sonda-de-radiacion-uv-y-lux\/\" \/>\n<meta property=\"og:site_name\" content=\"Abaa tienda online\" \/>\n<meta property=\"article:modified_time\" content=\"2023-09-15T16:12:39+00:00\" \/>\n<meta property=\"og:image\" content=\"https:\/\/abaa.mx\/tienda\/wp-content\/uploads\/2023\/09\/testo-160-e.jpg\" \/>\n\t<meta property=\"og:image:width\" content=\"581\" \/>\n\t<meta property=\"og:image:height\" content=\"660\" \/>\n\t<meta property=\"og:image:type\" content=\"image\/jpeg\" \/>\n<meta name=\"twitter:card\" content=\"summary_large_image\" \/>\n<meta name=\"twitter:label1\" content=\"Tiempo de lectura\" \/>\n\t<meta name=\"twitter:data1\" content=\"5 minutos\" \/>\n<script type=\"application\/ld+json\" class=\"yoast-schema-graph\">{\"@context\":\"https:\/\/schema.org\",\"@graph\":[{\"@type\":\"WebPage\",\"@id\":\"https:\/\/abaa.mx\/tienda\/testo-160-e-registrador-de-datos-wifi-con-2-conexiones-para-sonda-de-humedad-y-temperatura-sonda-lux-o-sonda-de-radiacion-uv-y-lux\/\",\"url\":\"https:\/\/abaa.mx\/tienda\/testo-160-e-registrador-de-datos-wifi-con-2-conexiones-para-sonda-de-humedad-y-temperatura-sonda-lux-o-sonda-de-radiacion-uv-y-lux\/\",\"name\":\"testo 160 e - Registrador de datos wifi con 2 conexiones para sonda de humedad y temperatura, sonda lux o sonda de radiaci\u00f3n uv y lux - Abaa tienda online\",\"isPartOf\":{\"@id\":\"https:\/\/abaa.mx\/tienda\/#website\"},\"primaryImageOfPage\":{\"@id\":\"https:\/\/abaa.mx\/tienda\/testo-160-e-registrador-de-datos-wifi-con-2-conexiones-para-sonda-de-humedad-y-temperatura-sonda-lux-o-sonda-de-radiacion-uv-y-lux\/#primaryimage\"},\"image\":{\"@id\":\"https:\/\/abaa.mx\/tienda\/testo-160-e-registrador-de-datos-wifi-con-2-conexiones-para-sonda-de-humedad-y-temperatura-sonda-lux-o-sonda-de-radiacion-uv-y-lux\/#primaryimage\"},\"thumbnailUrl\":\"https:\/\/abaa.mx\/tienda\/wp-content\/uploads\/2023\/09\/testo-160-e.jpg\",\"datePublished\":\"2023-09-15T16:12:38+00:00\",\"dateModified\":\"2023-09-15T16:12:39+00:00\",\"breadcrumb\":{\"@id\":\"https:\/\/abaa.mx\/tienda\/testo-160-e-registrador-de-datos-wifi-con-2-conexiones-para-sonda-de-humedad-y-temperatura-sonda-lux-o-sonda-de-radiacion-uv-y-lux\/#breadcrumb\"},\"inLanguage\":\"es\",\"potentialAction\":[{\"@type\":\"ReadAction\",\"target\":[\"https:\/\/abaa.mx\/tienda\/testo-160-e-registrador-de-datos-wifi-con-2-conexiones-para-sonda-de-humedad-y-temperatura-sonda-lux-o-sonda-de-radiacion-uv-y-lux\/\"]}]},{\"@type\":\"ImageObject\",\"inLanguage\":\"es\",\"@id\":\"https:\/\/abaa.mx\/tienda\/testo-160-e-registrador-de-datos-wifi-con-2-conexiones-para-sonda-de-humedad-y-temperatura-sonda-lux-o-sonda-de-radiacion-uv-y-lux\/#primaryimage\",\"url\":\"https:\/\/abaa.mx\/tienda\/wp-content\/uploads\/2023\/09\/testo-160-e.jpg\",\"contentUrl\":\"https:\/\/abaa.mx\/tienda\/wp-content\/uploads\/2023\/09\/testo-160-e.jpg\",\"width\":581,\"height\":660,\"caption\":\"testo 160 e\"},{\"@type\":\"BreadcrumbList\",\"@id\":\"https:\/\/abaa.mx\/tienda\/testo-160-e-registrador-de-datos-wifi-con-2-conexiones-para-sonda-de-humedad-y-temperatura-sonda-lux-o-sonda-de-radiacion-uv-y-lux\/#breadcrumb\",\"itemListElement\":[{\"@type\":\"ListItem\",\"position\":1,\"name\":\"Inicio\",\"item\":\"https:\/\/abaa.mx\/tienda\/\"},{\"@type\":\"ListItem\",\"position\":2,\"name\":\"Tienda\",\"item\":\"https:\/\/abaa.mx\/tienda\/\"},{\"@type\":\"ListItem\",\"position\":3,\"name\":\"testo 160 e &#8211; Registrador de datos wifi con 2 conexiones para sonda de humedad y temperatura, sonda lux o sonda de radiaci\u00f3n uv y lux\"}]},{\"@type\":\"WebSite\",\"@id\":\"https:\/\/abaa.mx\/tienda\/#website\",\"url\":\"https:\/\/abaa.mx\/tienda\/\",\"name\":\"Abaa tienda online\",\"description\":\"Instrumentos de medici\u00f3n\",\"publisher\":{\"@id\":\"https:\/\/abaa.mx\/tienda\/#organization\"},\"potentialAction\":[{\"@type\":\"SearchAction\",\"target\":{\"@type\":\"EntryPoint\",\"urlTemplate\":\"https:\/\/abaa.mx\/tienda\/?s={search_term_string}\"},\"query-input\":{\"@type\":\"PropertyValueSpecification\",\"valueRequired\":true,\"valueName\":\"search_term_string\"}}],\"inLanguage\":\"es\"},{\"@type\":\"Organization\",\"@id\":\"https:\/\/abaa.mx\/tienda\/#organization\",\"name\":\"Abaa tienda online\",\"url\":\"https:\/\/abaa.mx\/tienda\/\",\"logo\":{\"@type\":\"ImageObject\",\"inLanguage\":\"es\",\"@id\":\"https:\/\/abaa.mx\/tienda\/#\/schema\/logo\/image\/\",\"url\":\"https:\/\/abaa.mx\/tienda\/wp-content\/uploads\/2024\/01\/abaa-metrologia-tienda.png\",\"contentUrl\":\"https:\/\/abaa.mx\/tienda\/wp-content\/uploads\/2024\/01\/abaa-metrologia-tienda.png\",\"width\":300,\"height\":141,\"caption\":\"Abaa tienda online\"},\"image\":{\"@id\":\"https:\/\/abaa.mx\/tienda\/#\/schema\/logo\/image\/\"}}]}<\/script>\n<!-- \/ Yoast SEO plugin. -->","yoast_head_json":{"title":"testo 160 e - Registrador de datos wifi con 2 conexiones para sonda de humedad y temperatura, sonda lux o sonda de radiaci\u00f3n uv y lux - Abaa tienda online","robots":{"index":"index","follow":"follow","max-snippet":"max-snippet:-1","max-image-preview":"max-image-preview:large","max-video-preview":"max-video-preview:-1"},"canonical":"https:\/\/abaa.mx\/tienda\/testo-160-e-registrador-de-datos-wifi-con-2-conexiones-para-sonda-de-humedad-y-temperatura-sonda-lux-o-sonda-de-radiacion-uv-y-lux\/","og_locale":"es_MX","og_type":"article","og_title":"testo 160 e - Registrador de datos wifi con 2 conexiones para sonda de humedad y temperatura, sonda lux o sonda de radiaci\u00f3n uv y lux - Abaa tienda online","og_description":"El testo\u00a0160 E hace parte de la familia de registradores de datos testo\u00a0160 desarrollados especialmente para las exigencias especiales en museos. Gracias a las distintas posibilidades de combinaci\u00f3n de los sensores y sondas integrados se puede cubrir perfectamente cualquier situaci\u00f3n de supervisi\u00f3n desde la exposici\u00f3n pasando por el almacenamiento hasta el transporte de objetos de colecci\u00f3n.  El manejo y la programaci\u00f3n de los registradores de datos es muy f\u00e1cil y se ejecuta directamente en la nube testo.","og_url":"https:\/\/abaa.mx\/tienda\/testo-160-e-registrador-de-datos-wifi-con-2-conexiones-para-sonda-de-humedad-y-temperatura-sonda-lux-o-sonda-de-radiacion-uv-y-lux\/","og_site_name":"Abaa tienda online","article_modified_time":"2023-09-15T16:12:39+00:00","og_image":[{"width":581,"height":660,"url":"https:\/\/abaa.mx\/tienda\/wp-content\/uploads\/2023\/09\/testo-160-e.jpg","type":"image\/jpeg"}],"twitter_card":"summary_large_image","twitter_misc":{"Tiempo de lectura":"5 minutos"},"schema":{"@context":"https:\/\/schema.org","@graph":[{"@type":"WebPage","@id":"https:\/\/abaa.mx\/tienda\/testo-160-e-registrador-de-datos-wifi-con-2-conexiones-para-sonda-de-humedad-y-temperatura-sonda-lux-o-sonda-de-radiacion-uv-y-lux\/","url":"https:\/\/abaa.mx\/tienda\/testo-160-e-registrador-de-datos-wifi-con-2-conexiones-para-sonda-de-humedad-y-temperatura-sonda-lux-o-sonda-de-radiacion-uv-y-lux\/","name":"testo 160 e - Registrador de datos wifi con 2 conexiones para sonda de humedad y temperatura, sonda lux o sonda de radiaci\u00f3n uv y lux - Abaa tienda online","isPartOf":{"@id":"https:\/\/abaa.mx\/tienda\/#website"},"primaryImageOfPage":{"@id":"https:\/\/abaa.mx\/tienda\/testo-160-e-registrador-de-datos-wifi-con-2-conexiones-para-sonda-de-humedad-y-temperatura-sonda-lux-o-sonda-de-radiacion-uv-y-lux\/#primaryimage"},"image":{"@id":"https:\/\/abaa.mx\/tienda\/testo-160-e-registrador-de-datos-wifi-con-2-conexiones-para-sonda-de-humedad-y-temperatura-sonda-lux-o-sonda-de-radiacion-uv-y-lux\/#primaryimage"},"thumbnailUrl":"https:\/\/abaa.mx\/tienda\/wp-content\/uploads\/2023\/09\/testo-160-e.jpg","datePublished":"2023-09-15T16:12:38+00:00","dateModified":"2023-09-15T16:12:39+00:00","breadcrumb":{"@id":"https:\/\/abaa.mx\/tienda\/testo-160-e-registrador-de-datos-wifi-con-2-conexiones-para-sonda-de-humedad-y-temperatura-sonda-lux-o-sonda-de-radiacion-uv-y-lux\/#breadcrumb"},"inLanguage":"es","potentialAction":[{"@type":"ReadAction","target":["https:\/\/abaa.mx\/tienda\/testo-160-e-registrador-de-datos-wifi-con-2-conexiones-para-sonda-de-humedad-y-temperatura-sonda-lux-o-sonda-de-radiacion-uv-y-lux\/"]}]},{"@type":"ImageObject","inLanguage":"es","@id":"https:\/\/abaa.mx\/tienda\/testo-160-e-registrador-de-datos-wifi-con-2-conexiones-para-sonda-de-humedad-y-temperatura-sonda-lux-o-sonda-de-radiacion-uv-y-lux\/#primaryimage","url":"https:\/\/abaa.mx\/tienda\/wp-content\/uploads\/2023\/09\/testo-160-e.jpg","contentUrl":"https:\/\/abaa.mx\/tienda\/wp-content\/uploads\/2023\/09\/testo-160-e.jpg","width":581,"height":660,"caption":"testo 160 e"},{"@type":"BreadcrumbList","@id":"https:\/\/abaa.mx\/tienda\/testo-160-e-registrador-de-datos-wifi-con-2-conexiones-para-sonda-de-humedad-y-temperatura-sonda-lux-o-sonda-de-radiacion-uv-y-lux\/#breadcrumb","itemListElement":[{"@type":"ListItem","position":1,"name":"Inicio","item":"https:\/\/abaa.mx\/tienda\/"},{"@type":"ListItem","position":2,"name":"Tienda","item":"https:\/\/abaa.mx\/tienda\/"},{"@type":"ListItem","position":3,"name":"testo 160 e &#8211; Registrador de datos wifi con 2 conexiones para sonda de humedad y temperatura, sonda lux o sonda de radiaci\u00f3n uv y lux"}]},{"@type":"WebSite","@id":"https:\/\/abaa.mx\/tienda\/#website","url":"https:\/\/abaa.mx\/tienda\/","name":"Abaa tienda online","description":"Instrumentos de medici\u00f3n","publisher":{"@id":"https:\/\/abaa.mx\/tienda\/#organization"},"potentialAction":[{"@type":"SearchAction","target":{"@type":"EntryPoint","urlTemplate":"https:\/\/abaa.mx\/tienda\/?s={search_term_string}"},"query-input":{"@type":"PropertyValueSpecification","valueRequired":true,"valueName":"search_term_string"}}],"inLanguage":"es"},{"@type":"Organization","@id":"https:\/\/abaa.mx\/tienda\/#organization","name":"Abaa tienda online","url":"https:\/\/abaa.mx\/tienda\/","logo":{"@type":"ImageObject","inLanguage":"es","@id":"https:\/\/abaa.mx\/tienda\/#\/schema\/logo\/image\/","url":"https:\/\/abaa.mx\/tienda\/wp-content\/uploads\/2024\/01\/abaa-metrologia-tienda.png","contentUrl":"https:\/\/abaa.mx\/tienda\/wp-content\/uploads\/2024\/01\/abaa-metrologia-tienda.png","width":300,"height":141,"caption":"Abaa tienda online"},"image":{"@id":"https:\/\/abaa.mx\/tienda\/#\/schema\/logo\/image\/"}}]}},"_links":{"self":[{"href":"https:\/\/abaa.mx\/tienda\/wp-json\/wp\/v2\/product\/1675","targetHints":{"allow":["GET"]}}],"collection":[{"href":"https:\/\/abaa.mx\/tienda\/wp-json\/wp\/v2\/product"}],"about":[{"href":"https:\/\/abaa.mx\/tienda\/wp-json\/wp\/v2\/types\/product"}],"replies":[{"embeddable":true,"href":"https:\/\/abaa.mx\/tienda\/wp-json\/wp\/v2\/comments?post=1675"}],"wp:featuredmedia":[{"embeddable":true,"href":"https:\/\/abaa.mx\/tienda\/wp-json\/wp\/v2\/media\/1681"}],"wp:attachment":[{"href":"https:\/\/abaa.mx\/tienda\/wp-json\/wp\/v2\/media?parent=1675"}],"wp:term":[{"taxonomy":"product_brand","embeddable":true,"href":"https:\/\/abaa.mx\/tienda\/wp-json\/wp\/v2\/product_brand?post=1675"},{"taxonomy":"product_cat","embeddable":true,"href":"https:\/\/abaa.mx\/tienda\/wp-json\/wp\/v2\/product_cat?post=1675"},{"taxonomy":"product_tag","embeddable":true,"href":"https:\/\/abaa.mx\/tienda\/wp-json\/wp\/v2\/product_tag?post=1675"}],"curies":[{"name":"wp","href":"https:\/\/api.w.org\/{rel}","templated":true}]}}