{"id":1674,"date":"2023-09-15T16:10:07","date_gmt":"2023-09-15T16:10:07","guid":{"rendered":"https:\/\/abaa.mx\/tienda\/?post_type=product&#038;p=1674"},"modified":"2023-09-15T16:10:08","modified_gmt":"2023-09-15T16:10:08","slug":"mini-registrador-de-datos-en-tiempo-real-reutilizable-flashlink-modelo-22302","status":"publish","type":"product","link":"https:\/\/abaa.mx\/tienda\/mini-registrador-de-datos-en-tiempo-real-reutilizable-flashlink-modelo-22302\/","title":{"rendered":"Mini registrador de datos en tiempo real reutilizable flashlink Modelo 22302"},"content":{"rendered":"<h1>Mini registrador de datos en tiempo real reutilizable flashlink<\/h1>\n<h3><strong>Modelo\u00a022302<\/strong><\/h3>\n<ul>\n<li>Recargable y programable.<\/li>\n<li>Monitorea la ubicaci\u00f3n, temperatura, humedad.<\/li>\n<li>Datos transmitidos a trav\u00e9s de redes celulares GSM.<\/li>\n<li>No es necesario abrir las puertas del veh\u00edculo para acceder a la informaci\u00f3n.<\/li>\n<li>Servicio en la nube 24\/7 para ver y analizar datos de forma remota.<\/li>\n<li>Tomar decisiones inmediatas de gesti\u00f3n de la cadena de fr\u00edo.<\/li>\n<li>Personalice la configuraci\u00f3n para l\u00edmites de alarma altos\/bajos.<\/li>\n<li><span>Datos almacenados en la nube para trazabilidad, auditor\u00edas, HACCP y cumplimiento de FSMA.<\/span><\/li>\n<\/ul>\n<p>\u00a1Conozca la temperatura, la humedad y la ubicaci\u00f3n de sus productos en cualquier momento! Haga un seguimiento de las entregas utilizando un servicio basado en la nube para ver informaci\u00f3n y condiciones de la ruta en tiempo real en un contenedor o cami\u00f3n de env\u00edo.<\/p>\n<p>El mini registrador de datos reutilizable en tiempo real env\u00eda datos a una cuenta web donde siempre est\u00e1 disponible, incluso antes de que un env\u00edo llegue al destino. Se accede a informaci\u00f3n confiable actualizada al minuto a trav\u00e9s de un portal web utilizando un navegador web est\u00e1ndar o cualquier dispositivo habilitado para Internet. Las alertas se env\u00edan autom\u00e1ticamente cuando se producen condiciones fuera de rango. Este producto es ideal para su uso en un escenario de env\u00edo de circuito cerrado, soluci\u00f3n de preenfriamiento de cami\u00f3n, monitoreo de temperatura de campo o cualquier n\u00famero de usos donde desee conocer la informaci\u00f3n m\u00e1s actualizada sobre su producto de env\u00edo.<\/p>\n<table>\n<caption><span>Mini registrador de datos en tiempo real reutilizable FlashLink<\/span><\/caption>\n<thead>\n<tr>\n<th scope=\"col\">Caracter\u00edstica<\/th>\n<th scope=\"col\">Especificaci\u00f3n<\/th>\n<\/tr>\n<\/thead>\n<tfoot>\n<tr>\n<td colspan=\"2\"><\/td>\n<\/tr>\n<\/tfoot>\n<tbody>\n<tr>\n<td>Rango de Temperatura<\/td>\n<td>-22\u00b0F a 140\u00b0F (-30\u00b0C a 60\u00b0C)<\/td>\n<\/tr>\n<tr>\n<td>Precisi\u00f3n de la Temperatura<\/td>\n<td>\u00b11\u00b0F (0.5\u00b0C) de 14\u00b0F a 50\u00b0F (-10\u00b0C a 10\u00b0C) \u00b12\u00b0F (1\u00b0C) de 50\u00b0F a 140\u00b0F (10\u00b0C a 60\u00b0C)<\/td>\n<\/tr>\n<tr>\n<td>Resoluci\u00f3n de la Temperatura<\/td>\n<td>0.1<\/td>\n<\/tr>\n<tr>\n<td>Rango de Medici\u00f3n de Humedad<\/td>\n<td>20% a 90% HR<\/td>\n<\/tr>\n<tr>\n<td>Precisi\u00f3n de Humedad<\/td>\n<td>\u00b1 3% a 50% HR a 77 \u00b0F (25 \u00b0C)<\/td>\n<\/tr>\n<tr>\n<td>Resoluci\u00f3n de Humedad<\/td>\n<td>0.1% HR<\/td>\n<\/tr>\n<tr>\n<td>Rojo GSM<\/td>\n<td>Banda cu\u00e1druple 2G GSM 850\/900\/1800\/1900 MHz<\/td>\n<\/tr>\n<tr>\n<td>Fuente de Alimentaci\u00f3n<\/td>\n<td>Bater\u00eda de Iones de Litio<\/td>\n<\/tr>\n<tr>\n<td>Duraci\u00f3n de la Bater\u00eda<\/td>\n<td>7-90 d\u00edas seg\u00fan el intervalo de muestra<\/td>\n<\/tr>\n<tr>\n<td>Peso<\/td>\n<td>6.21 oz (176 gramos)<\/td>\n<\/tr>\n<tr>\n<td>Dimensiones del Registrador<\/td>\n<td>3.74 pulgadas x 3.74 pulgadas x 1.1 pulgadas (95 mm x 95 mm x 28 mm)<\/td>\n<\/tr>\n<tr>\n<td>Certificaci\u00f3n<\/td>\n<td><span>FCC, marca CE, Sensor de Temperatura y Humedad NIST Rastreable<\/span><\/td>\n<\/tr>\n<\/tbody>\n<\/table>\n<p>&nbsp;<\/p>\n","protected":false},"excerpt":{"rendered":"<h3><strong>Caracter\u00edsticas\u00a0<\/strong><\/h3>\n<ul>\n<li>Recargable y programable.<\/li>\n<li>Monitorea la ubicaci\u00f3n, temperatura, humedad.<\/li>\n<li>Datos transmitidos a trav\u00e9s de redes celulares GSM.<\/li>\n<li>No es necesario abrir las puertas del veh\u00edculo para acceder a la informaci\u00f3n.<\/li>\n<li>Servicio en la nube 24\/7 para ver y analizar datos de forma remota.<\/li>\n<li>Tomar decisiones inmediatas de gesti\u00f3n de la cadena de fr\u00edo.<\/li>\n<li>Personalice la configuraci\u00f3n para l\u00edmites de alarma altos\/bajos.<\/li>\n<li><span>Datos almacenados en la nube para trazabilidad, auditor\u00edas, HACCP y cumplimiento de FSMA.<\/span><\/li>\n<\/ul>\n","protected":false},"featured_media":1679,"comment_status":"open","ping_status":"closed","template":"","meta":{"_joinchat":[]},"product_brand":[],"product_cat":[15],"product_tag":[],"class_list":{"0":"post-1674","1":"product","2":"type-product","3":"status-publish","4":"has-post-thumbnail","6":"product_cat-sin-categorizar","8":"first","9":"instock","10":"shipping-taxable","11":"product-type-simple"},"yoast_head":"<!-- This site is optimized with the Yoast SEO plugin v26.4 - https:\/\/yoast.com\/wordpress\/plugins\/seo\/ -->\n<title>Mini registrador de datos en tiempo real reutilizable flashlink Modelo 22302 - Abaa tienda online<\/title>\n<meta name=\"robots\" content=\"index, follow, max-snippet:-1, max-image-preview:large, max-video-preview:-1\" \/>\n<link rel=\"canonical\" href=\"https:\/\/abaa.mx\/tienda\/mini-registrador-de-datos-en-tiempo-real-reutilizable-flashlink-modelo-22302\/\" \/>\n<meta property=\"og:locale\" content=\"es_MX\" \/>\n<meta property=\"og:type\" content=\"article\" \/>\n<meta property=\"og:title\" content=\"Mini registrador de datos en tiempo real reutilizable flashlink Modelo 22302 - Abaa tienda online\" \/>\n<meta property=\"og:description\" content=\"Caracter\u00edsticas\u00a0   Recargable y programable.  Monitorea la ubicaci\u00f3n, temperatura, humedad.  Datos transmitidos a trav\u00e9s de redes celulares GSM.  No es necesario abrir las puertas del veh\u00edculo para acceder a la informaci\u00f3n.  Servicio en la nube 24\/7 para ver y analizar datos de forma remota.  Tomar decisiones inmediatas de gesti\u00f3n de la cadena de fr\u00edo.  Personalice la configuraci\u00f3n para l\u00edmites de alarma altos\/bajos.  Datos almacenados en la nube para trazabilidad, auditor\u00edas, HACCP y cumplimiento de FSMA.\" \/>\n<meta property=\"og:url\" content=\"https:\/\/abaa.mx\/tienda\/mini-registrador-de-datos-en-tiempo-real-reutilizable-flashlink-modelo-22302\/\" \/>\n<meta property=\"og:site_name\" content=\"Abaa tienda online\" \/>\n<meta property=\"article:modified_time\" content=\"2023-09-15T16:10:08+00:00\" \/>\n<meta property=\"og:image\" content=\"https:\/\/abaa.mx\/tienda\/wp-content\/uploads\/2023\/09\/22302.jpg\" \/>\n\t<meta property=\"og:image:width\" content=\"474\" \/>\n\t<meta property=\"og:image:height\" content=\"468\" \/>\n\t<meta property=\"og:image:type\" content=\"image\/jpeg\" \/>\n<meta name=\"twitter:card\" content=\"summary_large_image\" \/>\n<meta name=\"twitter:label1\" content=\"Tiempo de lectura\" \/>\n\t<meta name=\"twitter:data1\" content=\"2 minutos\" \/>\n<script type=\"application\/ld+json\" class=\"yoast-schema-graph\">{\"@context\":\"https:\/\/schema.org\",\"@graph\":[{\"@type\":\"WebPage\",\"@id\":\"https:\/\/abaa.mx\/tienda\/mini-registrador-de-datos-en-tiempo-real-reutilizable-flashlink-modelo-22302\/\",\"url\":\"https:\/\/abaa.mx\/tienda\/mini-registrador-de-datos-en-tiempo-real-reutilizable-flashlink-modelo-22302\/\",\"name\":\"Mini registrador de datos en tiempo real reutilizable flashlink Modelo 22302 - Abaa tienda online\",\"isPartOf\":{\"@id\":\"https:\/\/abaa.mx\/tienda\/#website\"},\"primaryImageOfPage\":{\"@id\":\"https:\/\/abaa.mx\/tienda\/mini-registrador-de-datos-en-tiempo-real-reutilizable-flashlink-modelo-22302\/#primaryimage\"},\"image\":{\"@id\":\"https:\/\/abaa.mx\/tienda\/mini-registrador-de-datos-en-tiempo-real-reutilizable-flashlink-modelo-22302\/#primaryimage\"},\"thumbnailUrl\":\"https:\/\/abaa.mx\/tienda\/wp-content\/uploads\/2023\/09\/22302.jpg\",\"datePublished\":\"2023-09-15T16:10:07+00:00\",\"dateModified\":\"2023-09-15T16:10:08+00:00\",\"breadcrumb\":{\"@id\":\"https:\/\/abaa.mx\/tienda\/mini-registrador-de-datos-en-tiempo-real-reutilizable-flashlink-modelo-22302\/#breadcrumb\"},\"inLanguage\":\"es\",\"potentialAction\":[{\"@type\":\"ReadAction\",\"target\":[\"https:\/\/abaa.mx\/tienda\/mini-registrador-de-datos-en-tiempo-real-reutilizable-flashlink-modelo-22302\/\"]}]},{\"@type\":\"ImageObject\",\"inLanguage\":\"es\",\"@id\":\"https:\/\/abaa.mx\/tienda\/mini-registrador-de-datos-en-tiempo-real-reutilizable-flashlink-modelo-22302\/#primaryimage\",\"url\":\"https:\/\/abaa.mx\/tienda\/wp-content\/uploads\/2023\/09\/22302.jpg\",\"contentUrl\":\"https:\/\/abaa.mx\/tienda\/wp-content\/uploads\/2023\/09\/22302.jpg\",\"width\":474,\"height\":468,\"caption\":\"mini-registrador-de-datos-en-tiempo-real-reutilizable-flashlink-modelo-22302\"},{\"@type\":\"BreadcrumbList\",\"@id\":\"https:\/\/abaa.mx\/tienda\/mini-registrador-de-datos-en-tiempo-real-reutilizable-flashlink-modelo-22302\/#breadcrumb\",\"itemListElement\":[{\"@type\":\"ListItem\",\"position\":1,\"name\":\"Inicio\",\"item\":\"https:\/\/abaa.mx\/tienda\/\"},{\"@type\":\"ListItem\",\"position\":2,\"name\":\"Tienda\",\"item\":\"https:\/\/abaa.mx\/tienda\/\"},{\"@type\":\"ListItem\",\"position\":3,\"name\":\"Mini registrador de datos en tiempo real reutilizable flashlink Modelo 22302\"}]},{\"@type\":\"WebSite\",\"@id\":\"https:\/\/abaa.mx\/tienda\/#website\",\"url\":\"https:\/\/abaa.mx\/tienda\/\",\"name\":\"Abaa tienda online\",\"description\":\"Instrumentos de medici\u00f3n\",\"publisher\":{\"@id\":\"https:\/\/abaa.mx\/tienda\/#organization\"},\"potentialAction\":[{\"@type\":\"SearchAction\",\"target\":{\"@type\":\"EntryPoint\",\"urlTemplate\":\"https:\/\/abaa.mx\/tienda\/?s={search_term_string}\"},\"query-input\":{\"@type\":\"PropertyValueSpecification\",\"valueRequired\":true,\"valueName\":\"search_term_string\"}}],\"inLanguage\":\"es\"},{\"@type\":\"Organization\",\"@id\":\"https:\/\/abaa.mx\/tienda\/#organization\",\"name\":\"Abaa tienda online\",\"url\":\"https:\/\/abaa.mx\/tienda\/\",\"logo\":{\"@type\":\"ImageObject\",\"inLanguage\":\"es\",\"@id\":\"https:\/\/abaa.mx\/tienda\/#\/schema\/logo\/image\/\",\"url\":\"https:\/\/abaa.mx\/tienda\/wp-content\/uploads\/2024\/01\/abaa-metrologia-tienda.png\",\"contentUrl\":\"https:\/\/abaa.mx\/tienda\/wp-content\/uploads\/2024\/01\/abaa-metrologia-tienda.png\",\"width\":300,\"height\":141,\"caption\":\"Abaa tienda online\"},\"image\":{\"@id\":\"https:\/\/abaa.mx\/tienda\/#\/schema\/logo\/image\/\"}}]}<\/script>\n<!-- \/ Yoast SEO plugin. -->","yoast_head_json":{"title":"Mini registrador de datos en tiempo real reutilizable flashlink Modelo 22302 - Abaa tienda online","robots":{"index":"index","follow":"follow","max-snippet":"max-snippet:-1","max-image-preview":"max-image-preview:large","max-video-preview":"max-video-preview:-1"},"canonical":"https:\/\/abaa.mx\/tienda\/mini-registrador-de-datos-en-tiempo-real-reutilizable-flashlink-modelo-22302\/","og_locale":"es_MX","og_type":"article","og_title":"Mini registrador de datos en tiempo real reutilizable flashlink Modelo 22302 - Abaa tienda online","og_description":"Caracter\u00edsticas\u00a0   Recargable y programable.  Monitorea la ubicaci\u00f3n, temperatura, humedad.  Datos transmitidos a trav\u00e9s de redes celulares GSM.  No es necesario abrir las puertas del veh\u00edculo para acceder a la informaci\u00f3n.  Servicio en la nube 24\/7 para ver y analizar datos de forma remota.  Tomar decisiones inmediatas de gesti\u00f3n de la cadena de fr\u00edo.  Personalice la configuraci\u00f3n para l\u00edmites de alarma altos\/bajos.  Datos almacenados en la nube para trazabilidad, auditor\u00edas, HACCP y cumplimiento de FSMA.","og_url":"https:\/\/abaa.mx\/tienda\/mini-registrador-de-datos-en-tiempo-real-reutilizable-flashlink-modelo-22302\/","og_site_name":"Abaa tienda online","article_modified_time":"2023-09-15T16:10:08+00:00","og_image":[{"width":474,"height":468,"url":"https:\/\/abaa.mx\/tienda\/wp-content\/uploads\/2023\/09\/22302.jpg","type":"image\/jpeg"}],"twitter_card":"summary_large_image","twitter_misc":{"Tiempo de lectura":"2 minutos"},"schema":{"@context":"https:\/\/schema.org","@graph":[{"@type":"WebPage","@id":"https:\/\/abaa.mx\/tienda\/mini-registrador-de-datos-en-tiempo-real-reutilizable-flashlink-modelo-22302\/","url":"https:\/\/abaa.mx\/tienda\/mini-registrador-de-datos-en-tiempo-real-reutilizable-flashlink-modelo-22302\/","name":"Mini registrador de datos en tiempo real reutilizable flashlink Modelo 22302 - Abaa tienda online","isPartOf":{"@id":"https:\/\/abaa.mx\/tienda\/#website"},"primaryImageOfPage":{"@id":"https:\/\/abaa.mx\/tienda\/mini-registrador-de-datos-en-tiempo-real-reutilizable-flashlink-modelo-22302\/#primaryimage"},"image":{"@id":"https:\/\/abaa.mx\/tienda\/mini-registrador-de-datos-en-tiempo-real-reutilizable-flashlink-modelo-22302\/#primaryimage"},"thumbnailUrl":"https:\/\/abaa.mx\/tienda\/wp-content\/uploads\/2023\/09\/22302.jpg","datePublished":"2023-09-15T16:10:07+00:00","dateModified":"2023-09-15T16:10:08+00:00","breadcrumb":{"@id":"https:\/\/abaa.mx\/tienda\/mini-registrador-de-datos-en-tiempo-real-reutilizable-flashlink-modelo-22302\/#breadcrumb"},"inLanguage":"es","potentialAction":[{"@type":"ReadAction","target":["https:\/\/abaa.mx\/tienda\/mini-registrador-de-datos-en-tiempo-real-reutilizable-flashlink-modelo-22302\/"]}]},{"@type":"ImageObject","inLanguage":"es","@id":"https:\/\/abaa.mx\/tienda\/mini-registrador-de-datos-en-tiempo-real-reutilizable-flashlink-modelo-22302\/#primaryimage","url":"https:\/\/abaa.mx\/tienda\/wp-content\/uploads\/2023\/09\/22302.jpg","contentUrl":"https:\/\/abaa.mx\/tienda\/wp-content\/uploads\/2023\/09\/22302.jpg","width":474,"height":468,"caption":"mini-registrador-de-datos-en-tiempo-real-reutilizable-flashlink-modelo-22302"},{"@type":"BreadcrumbList","@id":"https:\/\/abaa.mx\/tienda\/mini-registrador-de-datos-en-tiempo-real-reutilizable-flashlink-modelo-22302\/#breadcrumb","itemListElement":[{"@type":"ListItem","position":1,"name":"Inicio","item":"https:\/\/abaa.mx\/tienda\/"},{"@type":"ListItem","position":2,"name":"Tienda","item":"https:\/\/abaa.mx\/tienda\/"},{"@type":"ListItem","position":3,"name":"Mini registrador de datos en tiempo real reutilizable flashlink Modelo 22302"}]},{"@type":"WebSite","@id":"https:\/\/abaa.mx\/tienda\/#website","url":"https:\/\/abaa.mx\/tienda\/","name":"Abaa tienda online","description":"Instrumentos de medici\u00f3n","publisher":{"@id":"https:\/\/abaa.mx\/tienda\/#organization"},"potentialAction":[{"@type":"SearchAction","target":{"@type":"EntryPoint","urlTemplate":"https:\/\/abaa.mx\/tienda\/?s={search_term_string}"},"query-input":{"@type":"PropertyValueSpecification","valueRequired":true,"valueName":"search_term_string"}}],"inLanguage":"es"},{"@type":"Organization","@id":"https:\/\/abaa.mx\/tienda\/#organization","name":"Abaa tienda online","url":"https:\/\/abaa.mx\/tienda\/","logo":{"@type":"ImageObject","inLanguage":"es","@id":"https:\/\/abaa.mx\/tienda\/#\/schema\/logo\/image\/","url":"https:\/\/abaa.mx\/tienda\/wp-content\/uploads\/2024\/01\/abaa-metrologia-tienda.png","contentUrl":"https:\/\/abaa.mx\/tienda\/wp-content\/uploads\/2024\/01\/abaa-metrologia-tienda.png","width":300,"height":141,"caption":"Abaa tienda online"},"image":{"@id":"https:\/\/abaa.mx\/tienda\/#\/schema\/logo\/image\/"}}]}},"_links":{"self":[{"href":"https:\/\/abaa.mx\/tienda\/wp-json\/wp\/v2\/product\/1674","targetHints":{"allow":["GET"]}}],"collection":[{"href":"https:\/\/abaa.mx\/tienda\/wp-json\/wp\/v2\/product"}],"about":[{"href":"https:\/\/abaa.mx\/tienda\/wp-json\/wp\/v2\/types\/product"}],"replies":[{"embeddable":true,"href":"https:\/\/abaa.mx\/tienda\/wp-json\/wp\/v2\/comments?post=1674"}],"wp:featuredmedia":[{"embeddable":true,"href":"https:\/\/abaa.mx\/tienda\/wp-json\/wp\/v2\/media\/1679"}],"wp:attachment":[{"href":"https:\/\/abaa.mx\/tienda\/wp-json\/wp\/v2\/media?parent=1674"}],"wp:term":[{"taxonomy":"product_brand","embeddable":true,"href":"https:\/\/abaa.mx\/tienda\/wp-json\/wp\/v2\/product_brand?post=1674"},{"taxonomy":"product_cat","embeddable":true,"href":"https:\/\/abaa.mx\/tienda\/wp-json\/wp\/v2\/product_cat?post=1674"},{"taxonomy":"product_tag","embeddable":true,"href":"https:\/\/abaa.mx\/tienda\/wp-json\/wp\/v2\/product_tag?post=1674"}],"curies":[{"name":"wp","href":"https:\/\/api.w.org\/{rel}","templated":true}]}}