{"id":1664,"date":"2023-09-15T16:01:05","date_gmt":"2023-09-15T16:01:05","guid":{"rendered":"https:\/\/abaa.mx\/tienda\/?post_type=product&#038;p=1664"},"modified":"2024-01-05T17:06:53","modified_gmt":"2024-01-05T17:06:53","slug":"registrador-de-presion-para-una-documentacion-precisa-los-registradores-de-datos-de-presion-y-de-otras-magnitudes-como-la-humedad-relativa-y-la-temperatura-son-de","status":"publish","type":"product","link":"https:\/\/abaa.mx\/tienda\/registrador-de-presion-para-una-documentacion-precisa-los-registradores-de-datos-de-presion-y-de-otras-magnitudes-como-la-humedad-relativa-y-la-temperatura-son-de\/","title":{"rendered":"testo 160 TH &#8211; Registrador de datos wifi con sensor de humedad y temperatura integrado"},"content":{"rendered":"<p>El testo\u00a0160 TH hace parte de la familia de registradores de datos testo\u00a0160 desarrollados especialmente para las exigencias especiales en museos. Gracias a las distintas posibilidades de combinaci\u00f3n de los sensores y sondas integrados se puede cubrir perfectamente cualquier situaci\u00f3n de supervisi\u00f3n desde la exposici\u00f3n hasta el almacenamiento.<\/p>\n<div>\n<div class=\"m-list\">\n<ul class=\"list-elements\">\n<li>Registrador de datos con sensor de humedad y temperatura integrado, tama\u00f1o peque\u00f1o y dise\u00f1o discreto<\/li>\n<li>Excelente adaptaci\u00f3n al entorno gracias a la opcional cubierta decorativa individual<\/li>\n<li>Perfectamente enlazado: almacenamiento de datos en la nube Testo, alarme en tiempo real por correo electr\u00f3nico o mensaje de texto (opcional en combinaci\u00f3n con una licencia Advanced)<\/li>\n<li>Instalaci\u00f3n, integraci\u00f3n y manejo f\u00e1ciles<\/li>\n<\/ul>\n<\/div>\n<p class=\"text\">Proteja sus sensibles y valiosas obras expuestas y documentos con el registrador de datos WiFi testo\u00a0160 TH con sensor de humedad y temperatura integrado. Gracias al registrador clim\u00e1tico testo\u00a0160 TH se garantiza en todo momento una supervisi\u00f3n completa de las condiciones ambientales en museos, dep\u00f3sitos y archivos.<\/p>\n<div class=\"c2a-tabSection m-tabs\">\n<div id=\"tab-details\" class=\"large-12 column m-tab-pdp\">\n<div class=\"medium-8\">\n<article class=\"child-1 paragraph\">\n<div>El manejo y la programaci\u00f3n de los registradores de datos es muy f\u00e1cil y se ejecuta directamente en la nube testo.<\/div>\n<div>\n<h3>Supervisi\u00f3n de la temperatura y la humedad ambiental con el registrador de datos WiFi testo\u00a0160 TH<\/h3>\n<div>El registrador de datos WiFi testo\u00a0160 TH es un registrador clim\u00e1tico de f\u00e1cil manejo para la supervisi\u00f3n de la temperatura y la humedad ambiental con un sensor de humedad y temperatura integrado.<\/div>\n<div>Los datos de medici\u00f3n se almacenan directamente en la nube Testo desde el registrador de datos a trav\u00e9s de WLAN. En caso de sobrepasar los l\u00edmites se le informar\u00e1 por correo electr\u00f3nico o mensaje de texto (opcional) gracias a la funci\u00f3n de alarma. Adem\u00e1s, es posible acceder en cualquier momento y lugar a todos los valores medidos y las funciones de an\u00e1lisis con su tel\u00e9fono inteligente, tableta o PC aptos para Internet.<\/div>\n<div><\/div>\n<h3>El registrador de datos WiFi testo\u00a0160 TH \u2013 adaptable y discreto<\/h3>\n<div>El testo\u00a0160 TH puede colocarse sin problemas en una exposici\u00f3n o vitrina gracias a su peque\u00f1o tama\u00f1o (64 x 76 x 22 mm) y su sencillo dise\u00f1o. En combinaci\u00f3n con la cubierta decorativa con posibilidad de individualizaci\u00f3n disponible opcionalmente (consulte los accesorios), el registrador de datos puede adaptarse de forma excelente a su entorno gracias su especial discreci\u00f3n. De este modo, sus piezas de exhibici\u00f3n estar\u00e1n siempre en primera l\u00ednea.<\/div>\n<div><\/div>\n<h3>Perfectamente enlazado: Con el registrador de datos WiFi testo\u00a0160 TH y la nube Testo<\/h3>\n<div>La nube Testo es el elemento de control central de la familia de registradores de datos testo 160. Con el testo 160 TH podr\u00e1 almacenar sus datos de medici\u00f3n en la nube Testo a trav\u00e9s de una red de WLAN existente. Aqu\u00ed es posible configurar el registrador de datos WiFi, ajustar las alarmas para valores l\u00edmite y analizar los tiempos de ajuste.<\/div>\n<div>La instalaci\u00f3n del sistema es simple y se puede realizar a trav\u00e9s de un navegador.<\/div>\n<div>Seg\u00fan las funciones deseadas existe la posibilidad de usar la nube Testo eligiendo entre una funcionalidad B\u00e1sica gratuita y una funcionalidad Avanzada m\u00e1s amplia. Por ejemplo, cree hasta 10 usuarios por cada cuenta con la funcionalidad Avanzada o configure una alarma por mensaje de texto en caso de que se sobrepasen los valores l\u00edmite.<\/div>\n<div><\/div>\n<h3>Campos de aplicaci\u00f3n del registrador de datos WiFi testo\u00a0160 TH: museo, archivo y dep\u00f3sito<\/h3>\n<div>Mida siempre de modo fiable la temperatura y la humedad ambiental en la vitrina, sala de exposici\u00f3n o en el dep\u00f3sito. El registrador de datos WiFi testo\u00a0160 TH profesional se ha perfeccionado para aplicaciones referentes a la supervisi\u00f3n de las condiciones ambientales en museos, galer\u00edas u otras casas de exposici\u00f3n. Con su ayuda es posible proteger sus sensibles y valiosas obras expuestas de modo confiable contra da\u00f1os.<\/div>\n<div><\/div>\n<h3>M\u00e1s ventajas del registrador de datos WiFi testo\u00a0160 TH<\/h3>\n<div>La memoria interna del registrador de datos WiFi tiene una capacidad para 40.000 lecturas, y la caja est\u00e1 protegida seg\u00fan IP20. Las pilas est\u00e1ndar tienen una duraci\u00f3n de 12 meses y pueden ser reemplazadas en cualquier momento por el usuario. Como alternativa, el registrador de datos puede funcionar tambi\u00e9n sin pilas a trav\u00e9s del puerto USB mediante una fuente de alimentaci\u00f3n (solicitar por separado).<\/div>\n<\/div>\n<\/article>\n<h3>Volumen de suministro<\/h3>\n<article class=\"child-2 paragraph\">\n<ul>\n<li>Registrador de datos WiFi testo\u00a0160 TH<\/li>\n<li>Incluye un acceso gratuito a la nube (funcionalidad B\u00e1sica)<\/li>\n<li>Pilas (4 pilas AAA)<\/li>\n<li>Cable para el puerto USB<\/li>\n<li>Soporte de pared incl. herramienta de desbloqueo y cinta adhesiva<\/li>\n<li>Pegatina con c\u00f3digo QR<\/li>\n<li>Protocolo de calibraci\u00f3n<\/li>\n<li>Gu\u00eda r\u00e1pida<\/li>\n<\/ul>\n<\/article>\n<\/div>\n<div class=\"medium-4\">\n<div class=\"m-cert large-12 column\"><span style=\"font-size: 48px; font-weight: bold; letter-spacing: -0.0415625em;\">Datos t\u00e9cnicos<\/span><\/div>\n<\/div>\n<\/div>\n<\/div>\n<div class=\"c2a-tabSection m-tabs\">\n<div id=\"tab-technicalData\" class=\"large-12 column m-data-tab\">\n<table>\n<colgroup>\n<col class=\"colWidth25\" \/>\n<col \/><\/colgroup>\n<thead>\n<tr>\n<th colspan=\"2\">Datos t\u00e9cnicos generales<\/th>\n<\/tr>\n<\/thead>\n<tbody>\n<tr>\n<td class=\"table-bold\">Peso<\/td>\n<td>94 g<\/td>\n<\/tr>\n<tr>\n<td class=\"table-bold\">Medidas<\/td>\n<td>76 X 64 X 22 mm<\/td>\n<\/tr>\n<tr>\n<td class=\"table-bold\">Temperatura de funcionamiento<\/td>\n<td>-10 hasta +50 \u00baC<\/td>\n<\/tr>\n<tr>\n<td class=\"table-bold\">Clase de protecci\u00f3n<\/td>\n<td>IP20<\/td>\n<\/tr>\n<tr>\n<td class=\"table-bold\">Intervalo de medici\u00f3n<\/td>\n<td>En funci\u00f3n de licencia para la nube; B\u00e1sica: 15 min. &#8230; 24 h \/ Ampliada: 1 min. &#8230; 24 h<\/td>\n<\/tr>\n<tr>\n<td class=\"table-bold\">Intervalo de comunicaci\u00f3n<\/td>\n<td>En funci\u00f3n de licencia para la nube; B\u00e1sica: 15 min. &#8230; 24 h \/ Ampliada: 1 min. &#8230; 24 h<\/td>\n<\/tr>\n<tr>\n<td class=\"table-bold\">WLAN Connectivity<\/td>\n<td>est\u00e1ndares WLAN soportados: IEEE 802.11 b\/g\/n y IEEE 802.1X; Posibles m\u00e9todos de cifrado: WPA2 Enterprise: EAP-TLS, EAP-TTLS-TLS, EAP-TTLS-MSCHAPv2, EAP-TTLS-PSK, EAP-PEAP0-TLS, EAP-PEAP0-MSCHAPv2, EAP-PEAP0-PSK, EAP-PEAP1-TLS, EAP-PEAP1-MSCHAPv2, EAP-PEAP1-PSK, WPA Personal, WPA2 (AES), WPA (TKIP), WEP<\/td>\n<\/tr>\n<tr>\n<td class=\"table-bold\">Autonom\u00eda<\/td>\n<td>1,5 a\u00f1os<\/td>\n<\/tr>\n<tr>\n<td class=\"table-bold\">Alimentaci\u00f3n de corriente<\/td>\n<td>4 x AAA pilas 1,5 V, como alternativa fuente de alimentaci\u00f3n a trav\u00e9s de una conexi\u00f3n USB<\/td>\n<\/tr>\n<tr>\n<td class=\"table-bold\">Memoria<\/td>\n<td>32.000 Total canales<\/td>\n<\/tr>\n<tr>\n<td class=\"table-bold\">Temperatura de almacenamiento<\/td>\n<td>-20 hasta +50 \u00baC<\/td>\n<\/tr>\n<\/tbody>\n<\/table>\n<table>\n<colgroup>\n<col class=\"colWidth25\" \/>\n<col \/><\/colgroup>\n<thead>\n<tr>\n<th colspan=\"2\">Humedad &#8211; capacitivo<\/th>\n<\/tr>\n<\/thead>\n<tbody>\n<tr>\n<td class=\"table-bold\">Rango<\/td>\n<td>0 hasta 100 %HR (sin condensaci\u00f3n)<\/td>\n<\/tr>\n<tr>\n<td class=\"table-bold\">Exactitud<\/td>\n<td>\u00b12,0 %HR a + 25 \u00b0C y 20 hasta 80 %HR<\/p>\n<p>\u00b13,0 %HR a + 25 \u00b0C y &lt; 20 y &gt; 80 %HR<\/p>\n<p>\u00b11,0 %HR hist\u00e9resis<\/p>\n<p>\u00b11,0 %HR \/ deriva anual<\/td>\n<\/tr>\n<tr>\n<td class=\"table-bold\">Resoluci\u00f3n<\/td>\n<td>0,1 %HR<\/td>\n<\/tr>\n<\/tbody>\n<\/table>\n<table>\n<colgroup>\n<col class=\"colWidth25\" \/>\n<col \/><\/colgroup>\n<thead>\n<tr>\n<th colspan=\"2\">Medici\u00f3n Temperatura<\/th>\n<\/tr>\n<\/thead>\n<tbody>\n<tr>\n<td class=\"table-bold\">Rango<\/td>\n<td>-10 hasta +50 \u00baC<\/td>\n<\/tr>\n<tr>\n<td class=\"table-bold\">Exactitud<\/td>\n<td>\u00b10,5 \u00baC<\/td>\n<\/tr>\n<tr>\n<td class=\"table-bold\">Resoluci\u00f3n<\/td>\n<td>0,1 \u00baC<\/td>\n<\/tr>\n<\/tbody>\n<\/table>\n<\/div>\n<\/div>\n<\/div>\n","protected":false},"excerpt":{"rendered":"<p>El testo\u00a0160 TH hace parte de la familia de registradores de datos testo\u00a0160 desarrollados especialmente para las exigencias especiales en museos. Gracias a las distintas posibilidades de combinaci\u00f3n de los sensores y sondas integrados se puede cubrir perfectamente cualquier situaci\u00f3n de supervisi\u00f3n desde la exposici\u00f3n hasta el almacenamiento.<\/p>\n<div><\/div>\n","protected":false},"featured_media":1672,"comment_status":"open","ping_status":"closed","template":"","meta":{"_joinchat":[]},"product_brand":[],"product_cat":[15],"product_tag":[],"class_list":{"0":"post-1664","1":"product","2":"type-product","3":"status-publish","4":"has-post-thumbnail","6":"product_cat-sin-categorizar","8":"first","9":"instock","10":"shipping-taxable","11":"product-type-simple"},"yoast_head":"<!-- This site is optimized with the Yoast SEO plugin v26.4 - https:\/\/yoast.com\/wordpress\/plugins\/seo\/ -->\n<title>testo 160 TH - Registrador de datos wifi con sensor de humedad y temperatura integrado - Abaa tienda online<\/title>\n<meta name=\"robots\" content=\"index, follow, max-snippet:-1, max-image-preview:large, max-video-preview:-1\" \/>\n<link rel=\"canonical\" href=\"https:\/\/abaa.mx\/tienda\/registrador-de-presion-para-una-documentacion-precisa-los-registradores-de-datos-de-presion-y-de-otras-magnitudes-como-la-humedad-relativa-y-la-temperatura-son-de\/\" \/>\n<meta property=\"og:locale\" content=\"es_MX\" \/>\n<meta property=\"og:type\" content=\"article\" \/>\n<meta property=\"og:title\" content=\"testo 160 TH - Registrador de datos wifi con sensor de humedad y temperatura integrado - Abaa tienda online\" \/>\n<meta property=\"og:description\" content=\"El testo\u00a0160 TH hace parte de la familia de registradores de datos testo\u00a0160 desarrollados especialmente para las exigencias especiales en museos. Gracias a las distintas posibilidades de combinaci\u00f3n de los sensores y sondas integrados se puede cubrir perfectamente cualquier situaci\u00f3n de supervisi\u00f3n desde la exposici\u00f3n hasta el almacenamiento.\" \/>\n<meta property=\"og:url\" content=\"https:\/\/abaa.mx\/tienda\/registrador-de-presion-para-una-documentacion-precisa-los-registradores-de-datos-de-presion-y-de-otras-magnitudes-como-la-humedad-relativa-y-la-temperatura-son-de\/\" \/>\n<meta property=\"og:site_name\" content=\"Abaa tienda online\" \/>\n<meta property=\"article:modified_time\" content=\"2024-01-05T17:06:53+00:00\" \/>\n<meta property=\"og:image\" content=\"https:\/\/abaa.mx\/tienda\/wp-content\/uploads\/2023\/09\/testo-160-th.jpg\" \/>\n\t<meta property=\"og:image:width\" content=\"616\" \/>\n\t<meta property=\"og:image:height\" content=\"660\" \/>\n\t<meta property=\"og:image:type\" content=\"image\/jpeg\" \/>\n<meta name=\"twitter:card\" content=\"summary_large_image\" \/>\n<meta name=\"twitter:label1\" content=\"Tiempo de lectura\" \/>\n\t<meta name=\"twitter:data1\" content=\"5 minutos\" \/>\n<script type=\"application\/ld+json\" class=\"yoast-schema-graph\">{\"@context\":\"https:\/\/schema.org\",\"@graph\":[{\"@type\":\"WebPage\",\"@id\":\"https:\/\/abaa.mx\/tienda\/registrador-de-presion-para-una-documentacion-precisa-los-registradores-de-datos-de-presion-y-de-otras-magnitudes-como-la-humedad-relativa-y-la-temperatura-son-de\/\",\"url\":\"https:\/\/abaa.mx\/tienda\/registrador-de-presion-para-una-documentacion-precisa-los-registradores-de-datos-de-presion-y-de-otras-magnitudes-como-la-humedad-relativa-y-la-temperatura-son-de\/\",\"name\":\"testo 160 TH - Registrador de datos wifi con sensor de humedad y temperatura integrado - Abaa tienda online\",\"isPartOf\":{\"@id\":\"https:\/\/abaa.mx\/tienda\/#website\"},\"primaryImageOfPage\":{\"@id\":\"https:\/\/abaa.mx\/tienda\/registrador-de-presion-para-una-documentacion-precisa-los-registradores-de-datos-de-presion-y-de-otras-magnitudes-como-la-humedad-relativa-y-la-temperatura-son-de\/#primaryimage\"},\"image\":{\"@id\":\"https:\/\/abaa.mx\/tienda\/registrador-de-presion-para-una-documentacion-precisa-los-registradores-de-datos-de-presion-y-de-otras-magnitudes-como-la-humedad-relativa-y-la-temperatura-son-de\/#primaryimage\"},\"thumbnailUrl\":\"https:\/\/abaa.mx\/tienda\/wp-content\/uploads\/2023\/09\/testo-160-th.jpg\",\"datePublished\":\"2023-09-15T16:01:05+00:00\",\"dateModified\":\"2024-01-05T17:06:53+00:00\",\"breadcrumb\":{\"@id\":\"https:\/\/abaa.mx\/tienda\/registrador-de-presion-para-una-documentacion-precisa-los-registradores-de-datos-de-presion-y-de-otras-magnitudes-como-la-humedad-relativa-y-la-temperatura-son-de\/#breadcrumb\"},\"inLanguage\":\"es\",\"potentialAction\":[{\"@type\":\"ReadAction\",\"target\":[\"https:\/\/abaa.mx\/tienda\/registrador-de-presion-para-una-documentacion-precisa-los-registradores-de-datos-de-presion-y-de-otras-magnitudes-como-la-humedad-relativa-y-la-temperatura-son-de\/\"]}]},{\"@type\":\"ImageObject\",\"inLanguage\":\"es\",\"@id\":\"https:\/\/abaa.mx\/tienda\/registrador-de-presion-para-una-documentacion-precisa-los-registradores-de-datos-de-presion-y-de-otras-magnitudes-como-la-humedad-relativa-y-la-temperatura-son-de\/#primaryimage\",\"url\":\"https:\/\/abaa.mx\/tienda\/wp-content\/uploads\/2023\/09\/testo-160-th.jpg\",\"contentUrl\":\"https:\/\/abaa.mx\/tienda\/wp-content\/uploads\/2023\/09\/testo-160-th.jpg\",\"width\":616,\"height\":660,\"caption\":\"testo 160 th\"},{\"@type\":\"BreadcrumbList\",\"@id\":\"https:\/\/abaa.mx\/tienda\/registrador-de-presion-para-una-documentacion-precisa-los-registradores-de-datos-de-presion-y-de-otras-magnitudes-como-la-humedad-relativa-y-la-temperatura-son-de\/#breadcrumb\",\"itemListElement\":[{\"@type\":\"ListItem\",\"position\":1,\"name\":\"Inicio\",\"item\":\"https:\/\/abaa.mx\/tienda\/\"},{\"@type\":\"ListItem\",\"position\":2,\"name\":\"Tienda\",\"item\":\"https:\/\/abaa.mx\/tienda\/\"},{\"@type\":\"ListItem\",\"position\":3,\"name\":\"testo 160 TH &#8211; Registrador de datos wifi con sensor de humedad y temperatura integrado\"}]},{\"@type\":\"WebSite\",\"@id\":\"https:\/\/abaa.mx\/tienda\/#website\",\"url\":\"https:\/\/abaa.mx\/tienda\/\",\"name\":\"Abaa tienda online\",\"description\":\"Instrumentos de medici\u00f3n\",\"publisher\":{\"@id\":\"https:\/\/abaa.mx\/tienda\/#organization\"},\"potentialAction\":[{\"@type\":\"SearchAction\",\"target\":{\"@type\":\"EntryPoint\",\"urlTemplate\":\"https:\/\/abaa.mx\/tienda\/?s={search_term_string}\"},\"query-input\":{\"@type\":\"PropertyValueSpecification\",\"valueRequired\":true,\"valueName\":\"search_term_string\"}}],\"inLanguage\":\"es\"},{\"@type\":\"Organization\",\"@id\":\"https:\/\/abaa.mx\/tienda\/#organization\",\"name\":\"Abaa tienda online\",\"url\":\"https:\/\/abaa.mx\/tienda\/\",\"logo\":{\"@type\":\"ImageObject\",\"inLanguage\":\"es\",\"@id\":\"https:\/\/abaa.mx\/tienda\/#\/schema\/logo\/image\/\",\"url\":\"https:\/\/abaa.mx\/tienda\/wp-content\/uploads\/2024\/01\/abaa-metrologia-tienda.png\",\"contentUrl\":\"https:\/\/abaa.mx\/tienda\/wp-content\/uploads\/2024\/01\/abaa-metrologia-tienda.png\",\"width\":300,\"height\":141,\"caption\":\"Abaa tienda online\"},\"image\":{\"@id\":\"https:\/\/abaa.mx\/tienda\/#\/schema\/logo\/image\/\"}}]}<\/script>\n<!-- \/ Yoast SEO plugin. -->","yoast_head_json":{"title":"testo 160 TH - Registrador de datos wifi con sensor de humedad y temperatura integrado - Abaa tienda online","robots":{"index":"index","follow":"follow","max-snippet":"max-snippet:-1","max-image-preview":"max-image-preview:large","max-video-preview":"max-video-preview:-1"},"canonical":"https:\/\/abaa.mx\/tienda\/registrador-de-presion-para-una-documentacion-precisa-los-registradores-de-datos-de-presion-y-de-otras-magnitudes-como-la-humedad-relativa-y-la-temperatura-son-de\/","og_locale":"es_MX","og_type":"article","og_title":"testo 160 TH - Registrador de datos wifi con sensor de humedad y temperatura integrado - Abaa tienda online","og_description":"El testo\u00a0160 TH hace parte de la familia de registradores de datos testo\u00a0160 desarrollados especialmente para las exigencias especiales en museos. Gracias a las distintas posibilidades de combinaci\u00f3n de los sensores y sondas integrados se puede cubrir perfectamente cualquier situaci\u00f3n de supervisi\u00f3n desde la exposici\u00f3n hasta el almacenamiento.","og_url":"https:\/\/abaa.mx\/tienda\/registrador-de-presion-para-una-documentacion-precisa-los-registradores-de-datos-de-presion-y-de-otras-magnitudes-como-la-humedad-relativa-y-la-temperatura-son-de\/","og_site_name":"Abaa tienda online","article_modified_time":"2024-01-05T17:06:53+00:00","og_image":[{"width":616,"height":660,"url":"https:\/\/abaa.mx\/tienda\/wp-content\/uploads\/2023\/09\/testo-160-th.jpg","type":"image\/jpeg"}],"twitter_card":"summary_large_image","twitter_misc":{"Tiempo de lectura":"5 minutos"},"schema":{"@context":"https:\/\/schema.org","@graph":[{"@type":"WebPage","@id":"https:\/\/abaa.mx\/tienda\/registrador-de-presion-para-una-documentacion-precisa-los-registradores-de-datos-de-presion-y-de-otras-magnitudes-como-la-humedad-relativa-y-la-temperatura-son-de\/","url":"https:\/\/abaa.mx\/tienda\/registrador-de-presion-para-una-documentacion-precisa-los-registradores-de-datos-de-presion-y-de-otras-magnitudes-como-la-humedad-relativa-y-la-temperatura-son-de\/","name":"testo 160 TH - Registrador de datos wifi con sensor de humedad y temperatura integrado - Abaa tienda online","isPartOf":{"@id":"https:\/\/abaa.mx\/tienda\/#website"},"primaryImageOfPage":{"@id":"https:\/\/abaa.mx\/tienda\/registrador-de-presion-para-una-documentacion-precisa-los-registradores-de-datos-de-presion-y-de-otras-magnitudes-como-la-humedad-relativa-y-la-temperatura-son-de\/#primaryimage"},"image":{"@id":"https:\/\/abaa.mx\/tienda\/registrador-de-presion-para-una-documentacion-precisa-los-registradores-de-datos-de-presion-y-de-otras-magnitudes-como-la-humedad-relativa-y-la-temperatura-son-de\/#primaryimage"},"thumbnailUrl":"https:\/\/abaa.mx\/tienda\/wp-content\/uploads\/2023\/09\/testo-160-th.jpg","datePublished":"2023-09-15T16:01:05+00:00","dateModified":"2024-01-05T17:06:53+00:00","breadcrumb":{"@id":"https:\/\/abaa.mx\/tienda\/registrador-de-presion-para-una-documentacion-precisa-los-registradores-de-datos-de-presion-y-de-otras-magnitudes-como-la-humedad-relativa-y-la-temperatura-son-de\/#breadcrumb"},"inLanguage":"es","potentialAction":[{"@type":"ReadAction","target":["https:\/\/abaa.mx\/tienda\/registrador-de-presion-para-una-documentacion-precisa-los-registradores-de-datos-de-presion-y-de-otras-magnitudes-como-la-humedad-relativa-y-la-temperatura-son-de\/"]}]},{"@type":"ImageObject","inLanguage":"es","@id":"https:\/\/abaa.mx\/tienda\/registrador-de-presion-para-una-documentacion-precisa-los-registradores-de-datos-de-presion-y-de-otras-magnitudes-como-la-humedad-relativa-y-la-temperatura-son-de\/#primaryimage","url":"https:\/\/abaa.mx\/tienda\/wp-content\/uploads\/2023\/09\/testo-160-th.jpg","contentUrl":"https:\/\/abaa.mx\/tienda\/wp-content\/uploads\/2023\/09\/testo-160-th.jpg","width":616,"height":660,"caption":"testo 160 th"},{"@type":"BreadcrumbList","@id":"https:\/\/abaa.mx\/tienda\/registrador-de-presion-para-una-documentacion-precisa-los-registradores-de-datos-de-presion-y-de-otras-magnitudes-como-la-humedad-relativa-y-la-temperatura-son-de\/#breadcrumb","itemListElement":[{"@type":"ListItem","position":1,"name":"Inicio","item":"https:\/\/abaa.mx\/tienda\/"},{"@type":"ListItem","position":2,"name":"Tienda","item":"https:\/\/abaa.mx\/tienda\/"},{"@type":"ListItem","position":3,"name":"testo 160 TH &#8211; Registrador de datos wifi con sensor de humedad y temperatura integrado"}]},{"@type":"WebSite","@id":"https:\/\/abaa.mx\/tienda\/#website","url":"https:\/\/abaa.mx\/tienda\/","name":"Abaa tienda online","description":"Instrumentos de medici\u00f3n","publisher":{"@id":"https:\/\/abaa.mx\/tienda\/#organization"},"potentialAction":[{"@type":"SearchAction","target":{"@type":"EntryPoint","urlTemplate":"https:\/\/abaa.mx\/tienda\/?s={search_term_string}"},"query-input":{"@type":"PropertyValueSpecification","valueRequired":true,"valueName":"search_term_string"}}],"inLanguage":"es"},{"@type":"Organization","@id":"https:\/\/abaa.mx\/tienda\/#organization","name":"Abaa tienda online","url":"https:\/\/abaa.mx\/tienda\/","logo":{"@type":"ImageObject","inLanguage":"es","@id":"https:\/\/abaa.mx\/tienda\/#\/schema\/logo\/image\/","url":"https:\/\/abaa.mx\/tienda\/wp-content\/uploads\/2024\/01\/abaa-metrologia-tienda.png","contentUrl":"https:\/\/abaa.mx\/tienda\/wp-content\/uploads\/2024\/01\/abaa-metrologia-tienda.png","width":300,"height":141,"caption":"Abaa tienda online"},"image":{"@id":"https:\/\/abaa.mx\/tienda\/#\/schema\/logo\/image\/"}}]}},"_links":{"self":[{"href":"https:\/\/abaa.mx\/tienda\/wp-json\/wp\/v2\/product\/1664","targetHints":{"allow":["GET"]}}],"collection":[{"href":"https:\/\/abaa.mx\/tienda\/wp-json\/wp\/v2\/product"}],"about":[{"href":"https:\/\/abaa.mx\/tienda\/wp-json\/wp\/v2\/types\/product"}],"replies":[{"embeddable":true,"href":"https:\/\/abaa.mx\/tienda\/wp-json\/wp\/v2\/comments?post=1664"}],"wp:featuredmedia":[{"embeddable":true,"href":"https:\/\/abaa.mx\/tienda\/wp-json\/wp\/v2\/media\/1672"}],"wp:attachment":[{"href":"https:\/\/abaa.mx\/tienda\/wp-json\/wp\/v2\/media?parent=1664"}],"wp:term":[{"taxonomy":"product_brand","embeddable":true,"href":"https:\/\/abaa.mx\/tienda\/wp-json\/wp\/v2\/product_brand?post=1664"},{"taxonomy":"product_cat","embeddable":true,"href":"https:\/\/abaa.mx\/tienda\/wp-json\/wp\/v2\/product_cat?post=1664"},{"taxonomy":"product_tag","embeddable":true,"href":"https:\/\/abaa.mx\/tienda\/wp-json\/wp\/v2\/product_tag?post=1664"}],"curies":[{"name":"wp","href":"https:\/\/api.w.org\/{rel}","templated":true}]}}