{"id":1660,"date":"2023-09-15T15:36:30","date_gmt":"2023-09-15T15:36:30","guid":{"rendered":"https:\/\/abaa.mx\/tienda\/?post_type=product&#038;p=1660"},"modified":"2023-09-15T15:36:31","modified_gmt":"2023-09-15T15:36:31","slug":"registrador-en-transito-flashlink-rtl-prime-3g-2t-modelo-22367","status":"publish","type":"product","link":"https:\/\/abaa.mx\/tienda\/registrador-en-transito-flashlink-rtl-prime-3g-2t-modelo-22367\/","title":{"rendered":"Registrador en tr\u00e1nsito flashlink rtl prime 3g-2t Modelo 22367"},"content":{"rendered":"<h1>Registrador en tr\u00e1nsito flashlink\u00a0rtl prime 3g-2t<\/h1>\n<h3><strong>Modelo\u00a022367<\/strong><\/h3>\n<ul>\n<li>Monitorea la ubicaci\u00f3n, luz y 2 temperaturas.<\/li>\n<li>Suministro de temperatura del aire en frente del contenedor.<\/li>\n<li>Aire de carga en la parte trasera, cerca de las puertas.<\/li>\n<li>Alerta del sensor de luz cuando se abren las puertas, para mayor seguridad.<\/li>\n<li>F\u00e1cil de instalar durante la carga, f\u00e1cil de quitar al llegar a destino.<\/li>\n<li>Personalice la configuraci\u00f3n para los l\u00edmites alto \/ bajo de alarma.<\/li>\n<li>Datos transmitidos a trav\u00e9s de redes celulares GSM.<\/li>\n<li>No es necesario abrir las puertas del veh\u00edculo para acceder a la informaci\u00f3n.<\/li>\n<li>Servicio en la nube 24 horas al d\u00eda, 7 d\u00edas a la semana para ver y analizar datos de forma remota.<\/li>\n<li>Un gr\u00e1fico muestra dos conjuntos de datos de temperatura y luz.<\/li>\n<li>La memoria integrada registra la temperatura cada 10 minutos.<\/li>\n<li>Opci\u00f3n para descargar el informe en PDF a la PC con un cable USB.<\/li>\n<li>Vida \u00fatil de la bater\u00eda de 12 meses, m\u00e1s 60 d\u00edas de duraci\u00f3n del viaje.<\/li>\n<\/ul>\n<p>Dise\u00f1ado para contenedores mar\u00edtimos, este registrador de datos en tiempo real tiene un sensor interno para medir la temperatura del aire en la parte posterior del contenedor y una sonda externa con un cable de 50 pies\/15 m para medir la temperatura del aire de suministro. Un registrador monitorea ambas \u00e1reas al mismo tiempo, mostrando dos conjuntos de datos en un gr\u00e1fico, con la ubicaci\u00f3n rastreada en Google Maps en la nube.<\/p>\n<p>Los informes de viaje son f\u00e1cilmente accesibles desde un panel con cualquier dispositivo con acceso a Internet. No es necesario esperar a que los receptores localicen y descarguen manualmente un registrador. Las alertas se env\u00edan por condiciones fuera de rango y cuando el barco se acerca al puerto.<\/p>\n<h3 class=\"rl_tabs-title nn_tabs-title\"><span>Modelos<\/span><\/h3>\n<table>\n<tbody>\n<tr>\n<th>Modelos<\/th>\n<th>Duraci\u00f3n del viaje<\/th>\n<th>Intervalo de registro<\/th>\n<th>Intervalo de carga de datos<\/th>\n<\/tr>\n<tr>\n<td>22367<\/td>\n<td>60-D\u00edas<\/td>\n<td>10 Minutos<\/td>\n<td>120 Minutos<\/td>\n<\/tr>\n<\/tbody>\n<\/table>\n<h3><strong>Especificaciones\u00a0<\/strong><\/h3>\n<table>\n<caption><span>Registrador en tr\u00e1nsito FlashLink RTL Prime 3G-2T<\/span><\/caption>\n<thead>\n<tr>\n<th scope=\"col\">Funci\u00f3n<\/th>\n<th scope=\"col\">Especificaci\u00f3n<\/th>\n<\/tr>\n<\/thead>\n<tfoot>\n<tr>\n<td colspan=\"2\"><\/td>\n<\/tr>\n<\/tfoot>\n<tbody>\n<tr>\n<td>Rango de medida de Temperatura Externa<\/td>\n<td>-40\u00b0F a 176\u00b0F (-40\u00b0C a 80\u00b0C)<\/td>\n<\/tr>\n<tr>\n<td>Rango de medida de Sensor Interno<\/td>\n<td>-22\u00b0F a 158\u00b0F (-30\u00b0C a 70\u00b0C)<\/td>\n<\/tr>\n<tr>\n<td>Precisi\u00f3n de la Temperatura<\/td>\n<td>\u00b10.9\u00b0F de 14\u00baF a 113\u00baF (\u00b10.5\u00b0C de -10\u00b0C a 45\u00b0C) \u00b12\u00b0F si&lt;14\u00baF y &gt;113\u00baF (\u00b1 1\u00baC si &lt; -10\u00baC y &gt; 45\u00baC)<\/td>\n<\/tr>\n<tr>\n<td>Resoluci\u00f3n de Temperatura<\/td>\n<td>0.1 \u00baF\/\u00baC<\/td>\n<\/tr>\n<tr>\n<td>Sensor de luz<\/td>\n<td>Sensor de doble etapa<\/td>\n<\/tr>\n<tr>\n<td>Capacidad de datos<\/td>\n<td>28,800\u00a0Puntos de datos<\/td>\n<\/tr>\n<tr>\n<td>Intervalo de registro<\/td>\n<td>10 Minutos<\/td>\n<\/tr>\n<tr>\n<td>Rojo GSM<\/td>\n<td>3G: Bandas 1\/2\/4\/5\/8 Cobertura gobal<br \/>\n2G cuatribanda GSM 850\/900\/1800\/1900 MHz, datos GPRS<\/td>\n<\/tr>\n<tr>\n<td>S\u00cd<\/td>\n<td>Integrado interno (Roaming Internacional)<\/td>\n<\/tr>\n<tr>\n<td>Fuente de alimentaci\u00f3n<\/td>\n<td>Bater\u00eda de iones de litio, cumple con UN38.3<\/td>\n<\/tr>\n<tr>\n<td>Vida \u00datil de la Bater\u00eda<\/td>\n<td>1 a\u00f1o<\/td>\n<\/tr>\n<tr>\n<td>Peso<\/td>\n<td>3.63 oz (103 gramos) (Sin cable\/sensor)<\/td>\n<\/tr>\n<tr>\n<td>Tama\u00f1o del registrador<\/td>\n<td>2,32 x 4,02 en x 0,75 en (59 mm x 102 mm x 20 mm)<\/td>\n<\/tr>\n<tr>\n<td>Tama\u00f1o del sensor<\/td>\n<td>3.15in L x 0.2in D (8cm W x 0.5cm D), punta afilada<\/td>\n<\/tr>\n<tr>\n<td>Cable<\/td>\n<td>50 pies \/ 15 metros<\/td>\n<\/tr>\n<tr>\n<td>Certificaciones<\/td>\n<td>RTCA\/DO-160, FCC, CE Mark, RoHS, WEEE, NIST precisi\u00f3n de temperatura rastreable, Certificado de ley de radio No. 001-A16425 (DS-CDMA and T-HCDMA) Certificaci\u00f3n de la Ley de empresas de telecomunicaciones No. D200002019<\/td>\n<\/tr>\n<tr>\n<td>Requisitos del Sistema<\/td>\n<td>El registrador requiere una conexi\u00f3n de red celular para enviar datos a una aplicaci\u00f3n segura en la nube. El usuario requiere una PC u otro dispositivo habilitado con Internet para ver los datos en l\u00ednea.<\/td>\n<\/tr>\n<tr>\n<td>Requisitos de Descarga<\/td>\n<td>Cable micro USB a USB para descargar a PC u otro dispositivo habilitado con USB que pueda leer archivos PDF<\/td>\n<\/tr>\n<tr>\n<td>Grado Impermeable<\/td>\n<td>IP65<\/td>\n<\/tr>\n<\/tbody>\n<\/table>\n","protected":false},"excerpt":{"rendered":"<h3>Caracter\u00edsticas<\/h3>\n<ul>\n<li>Monitorea la ubicaci\u00f3n, luz y 2 temperaturas.<\/li>\n<li>Suministro de temperatura del aire en frente del contenedor.<\/li>\n<li>Aire de carga en la parte trasera, cerca de las puertas.<\/li>\n<li>Alerta del sensor de luz cuando se abren las puertas, para mayor seguridad.<\/li>\n<li>F\u00e1cil de instalar durante la carga, f\u00e1cil de quitar al llegar a destino.<\/li>\n<li>Personalice la configuraci\u00f3n para los l\u00edmites alto \/ bajo de alarma.<\/li>\n<li>Datos transmitidos a trav\u00e9s de redes celulares GSM.<\/li>\n<li>No es necesario abrir las puertas del veh\u00edculo para acceder a la informaci\u00f3n.<\/li>\n<li>Servicio en la nube 24 horas al d\u00eda, 7 d\u00edas a la semana para ver y analizar datos de forma remota.<\/li>\n<li>Un gr\u00e1fico muestra dos conjuntos de datos de temperatura y luz.<\/li>\n<li>La memoria integrada registra la temperatura cada 10 minutos.<\/li>\n<li>Opci\u00f3n para descargar el informe en PDF a la PC con un cable USB.<\/li>\n<li>Vida \u00fatil de la bater\u00eda de 12 meses, m\u00e1s 60 d\u00edas de duraci\u00f3n del viaje.<\/li>\n<\/ul>\n","protected":false},"featured_media":1663,"comment_status":"open","ping_status":"closed","template":"","meta":{"_joinchat":[]},"product_brand":[],"product_cat":[15],"product_tag":[],"class_list":{"0":"post-1660","1":"product","2":"type-product","3":"status-publish","4":"has-post-thumbnail","6":"product_cat-sin-categorizar","8":"first","9":"instock","10":"shipping-taxable","11":"product-type-simple"},"yoast_head":"<!-- This site is optimized with the Yoast SEO plugin v26.4 - https:\/\/yoast.com\/wordpress\/plugins\/seo\/ -->\n<title>Registrador en tr\u00e1nsito flashlink rtl prime 3g-2t Modelo 22367 - Abaa tienda online<\/title>\n<meta name=\"robots\" content=\"index, follow, max-snippet:-1, max-image-preview:large, max-video-preview:-1\" \/>\n<link rel=\"canonical\" href=\"https:\/\/abaa.mx\/tienda\/registrador-en-transito-flashlink-rtl-prime-3g-2t-modelo-22367\/\" \/>\n<meta property=\"og:locale\" content=\"es_MX\" \/>\n<meta property=\"og:type\" content=\"article\" \/>\n<meta property=\"og:title\" content=\"Registrador en tr\u00e1nsito flashlink rtl prime 3g-2t Modelo 22367 - Abaa tienda online\" \/>\n<meta property=\"og:description\" content=\"Caracter\u00edsticas   Monitorea la ubicaci\u00f3n, luz y 2 temperaturas.  Suministro de temperatura del aire en frente del contenedor.  Aire de carga en la parte trasera, cerca de las puertas.  Alerta del sensor de luz cuando se abren las puertas, para mayor seguridad.  F\u00e1cil de instalar durante la carga, f\u00e1cil de quitar al llegar a destino.  Personalice la configuraci\u00f3n para los l\u00edmites alto \/ bajo de alarma.  Datos transmitidos a trav\u00e9s de redes celulares GSM.  No es necesario abrir las puertas del veh\u00edculo para acceder a la informaci\u00f3n.  Servicio en la nube 24 horas al d\u00eda, 7 d\u00edas a la semana para ver y analizar datos de forma remota.  Un gr\u00e1fico muestra dos conjuntos de datos de temperatura y luz.  La memoria integrada registra la temperatura cada 10 minutos.  Opci\u00f3n para descargar el informe en PDF a la PC con un cable USB.  Vida \u00fatil de la bater\u00eda de 12 meses, m\u00e1s 60 d\u00edas de duraci\u00f3n del viaje.\" \/>\n<meta property=\"og:url\" content=\"https:\/\/abaa.mx\/tienda\/registrador-en-transito-flashlink-rtl-prime-3g-2t-modelo-22367\/\" \/>\n<meta property=\"og:site_name\" content=\"Abaa tienda online\" \/>\n<meta property=\"article:modified_time\" content=\"2023-09-15T15:36:31+00:00\" \/>\n<meta property=\"og:image\" content=\"https:\/\/abaa.mx\/tienda\/wp-content\/uploads\/2023\/09\/22367.jpg\" \/>\n\t<meta property=\"og:image:width\" content=\"452\" \/>\n\t<meta property=\"og:image:height\" content=\"452\" \/>\n\t<meta property=\"og:image:type\" content=\"image\/jpeg\" \/>\n<meta name=\"twitter:card\" content=\"summary_large_image\" \/>\n<meta name=\"twitter:label1\" content=\"Tiempo de lectura\" \/>\n\t<meta name=\"twitter:data1\" content=\"3 minutos\" \/>\n<script type=\"application\/ld+json\" class=\"yoast-schema-graph\">{\"@context\":\"https:\/\/schema.org\",\"@graph\":[{\"@type\":\"WebPage\",\"@id\":\"https:\/\/abaa.mx\/tienda\/registrador-en-transito-flashlink-rtl-prime-3g-2t-modelo-22367\/\",\"url\":\"https:\/\/abaa.mx\/tienda\/registrador-en-transito-flashlink-rtl-prime-3g-2t-modelo-22367\/\",\"name\":\"Registrador en tr\u00e1nsito flashlink rtl prime 3g-2t Modelo 22367 - Abaa tienda online\",\"isPartOf\":{\"@id\":\"https:\/\/abaa.mx\/tienda\/#website\"},\"primaryImageOfPage\":{\"@id\":\"https:\/\/abaa.mx\/tienda\/registrador-en-transito-flashlink-rtl-prime-3g-2t-modelo-22367\/#primaryimage\"},\"image\":{\"@id\":\"https:\/\/abaa.mx\/tienda\/registrador-en-transito-flashlink-rtl-prime-3g-2t-modelo-22367\/#primaryimage\"},\"thumbnailUrl\":\"https:\/\/abaa.mx\/tienda\/wp-content\/uploads\/2023\/09\/22367.jpg\",\"datePublished\":\"2023-09-15T15:36:30+00:00\",\"dateModified\":\"2023-09-15T15:36:31+00:00\",\"breadcrumb\":{\"@id\":\"https:\/\/abaa.mx\/tienda\/registrador-en-transito-flashlink-rtl-prime-3g-2t-modelo-22367\/#breadcrumb\"},\"inLanguage\":\"es\",\"potentialAction\":[{\"@type\":\"ReadAction\",\"target\":[\"https:\/\/abaa.mx\/tienda\/registrador-en-transito-flashlink-rtl-prime-3g-2t-modelo-22367\/\"]}]},{\"@type\":\"ImageObject\",\"inLanguage\":\"es\",\"@id\":\"https:\/\/abaa.mx\/tienda\/registrador-en-transito-flashlink-rtl-prime-3g-2t-modelo-22367\/#primaryimage\",\"url\":\"https:\/\/abaa.mx\/tienda\/wp-content\/uploads\/2023\/09\/22367.jpg\",\"contentUrl\":\"https:\/\/abaa.mx\/tienda\/wp-content\/uploads\/2023\/09\/22367.jpg\",\"width\":452,\"height\":452,\"caption\":\"registrador-en-transito-flashlink-rtl-prime-3g-2t-modelo-22367\"},{\"@type\":\"BreadcrumbList\",\"@id\":\"https:\/\/abaa.mx\/tienda\/registrador-en-transito-flashlink-rtl-prime-3g-2t-modelo-22367\/#breadcrumb\",\"itemListElement\":[{\"@type\":\"ListItem\",\"position\":1,\"name\":\"Inicio\",\"item\":\"https:\/\/abaa.mx\/tienda\/\"},{\"@type\":\"ListItem\",\"position\":2,\"name\":\"Tienda\",\"item\":\"https:\/\/abaa.mx\/tienda\/\"},{\"@type\":\"ListItem\",\"position\":3,\"name\":\"Registrador en tr\u00e1nsito flashlink rtl prime 3g-2t Modelo 22367\"}]},{\"@type\":\"WebSite\",\"@id\":\"https:\/\/abaa.mx\/tienda\/#website\",\"url\":\"https:\/\/abaa.mx\/tienda\/\",\"name\":\"Abaa tienda online\",\"description\":\"Instrumentos de medici\u00f3n\",\"publisher\":{\"@id\":\"https:\/\/abaa.mx\/tienda\/#organization\"},\"potentialAction\":[{\"@type\":\"SearchAction\",\"target\":{\"@type\":\"EntryPoint\",\"urlTemplate\":\"https:\/\/abaa.mx\/tienda\/?s={search_term_string}\"},\"query-input\":{\"@type\":\"PropertyValueSpecification\",\"valueRequired\":true,\"valueName\":\"search_term_string\"}}],\"inLanguage\":\"es\"},{\"@type\":\"Organization\",\"@id\":\"https:\/\/abaa.mx\/tienda\/#organization\",\"name\":\"Abaa tienda online\",\"url\":\"https:\/\/abaa.mx\/tienda\/\",\"logo\":{\"@type\":\"ImageObject\",\"inLanguage\":\"es\",\"@id\":\"https:\/\/abaa.mx\/tienda\/#\/schema\/logo\/image\/\",\"url\":\"https:\/\/abaa.mx\/tienda\/wp-content\/uploads\/2024\/01\/abaa-metrologia-tienda.png\",\"contentUrl\":\"https:\/\/abaa.mx\/tienda\/wp-content\/uploads\/2024\/01\/abaa-metrologia-tienda.png\",\"width\":300,\"height\":141,\"caption\":\"Abaa tienda online\"},\"image\":{\"@id\":\"https:\/\/abaa.mx\/tienda\/#\/schema\/logo\/image\/\"}}]}<\/script>\n<!-- \/ Yoast SEO plugin. -->","yoast_head_json":{"title":"Registrador en tr\u00e1nsito flashlink rtl prime 3g-2t Modelo 22367 - Abaa tienda online","robots":{"index":"index","follow":"follow","max-snippet":"max-snippet:-1","max-image-preview":"max-image-preview:large","max-video-preview":"max-video-preview:-1"},"canonical":"https:\/\/abaa.mx\/tienda\/registrador-en-transito-flashlink-rtl-prime-3g-2t-modelo-22367\/","og_locale":"es_MX","og_type":"article","og_title":"Registrador en tr\u00e1nsito flashlink rtl prime 3g-2t Modelo 22367 - Abaa tienda online","og_description":"Caracter\u00edsticas   Monitorea la ubicaci\u00f3n, luz y 2 temperaturas.  Suministro de temperatura del aire en frente del contenedor.  Aire de carga en la parte trasera, cerca de las puertas.  Alerta del sensor de luz cuando se abren las puertas, para mayor seguridad.  F\u00e1cil de instalar durante la carga, f\u00e1cil de quitar al llegar a destino.  Personalice la configuraci\u00f3n para los l\u00edmites alto \/ bajo de alarma.  Datos transmitidos a trav\u00e9s de redes celulares GSM.  No es necesario abrir las puertas del veh\u00edculo para acceder a la informaci\u00f3n.  Servicio en la nube 24 horas al d\u00eda, 7 d\u00edas a la semana para ver y analizar datos de forma remota.  Un gr\u00e1fico muestra dos conjuntos de datos de temperatura y luz.  La memoria integrada registra la temperatura cada 10 minutos.  Opci\u00f3n para descargar el informe en PDF a la PC con un cable USB.  Vida \u00fatil de la bater\u00eda de 12 meses, m\u00e1s 60 d\u00edas de duraci\u00f3n del viaje.","og_url":"https:\/\/abaa.mx\/tienda\/registrador-en-transito-flashlink-rtl-prime-3g-2t-modelo-22367\/","og_site_name":"Abaa tienda online","article_modified_time":"2023-09-15T15:36:31+00:00","og_image":[{"width":452,"height":452,"url":"https:\/\/abaa.mx\/tienda\/wp-content\/uploads\/2023\/09\/22367.jpg","type":"image\/jpeg"}],"twitter_card":"summary_large_image","twitter_misc":{"Tiempo de lectura":"3 minutos"},"schema":{"@context":"https:\/\/schema.org","@graph":[{"@type":"WebPage","@id":"https:\/\/abaa.mx\/tienda\/registrador-en-transito-flashlink-rtl-prime-3g-2t-modelo-22367\/","url":"https:\/\/abaa.mx\/tienda\/registrador-en-transito-flashlink-rtl-prime-3g-2t-modelo-22367\/","name":"Registrador en tr\u00e1nsito flashlink rtl prime 3g-2t Modelo 22367 - Abaa tienda online","isPartOf":{"@id":"https:\/\/abaa.mx\/tienda\/#website"},"primaryImageOfPage":{"@id":"https:\/\/abaa.mx\/tienda\/registrador-en-transito-flashlink-rtl-prime-3g-2t-modelo-22367\/#primaryimage"},"image":{"@id":"https:\/\/abaa.mx\/tienda\/registrador-en-transito-flashlink-rtl-prime-3g-2t-modelo-22367\/#primaryimage"},"thumbnailUrl":"https:\/\/abaa.mx\/tienda\/wp-content\/uploads\/2023\/09\/22367.jpg","datePublished":"2023-09-15T15:36:30+00:00","dateModified":"2023-09-15T15:36:31+00:00","breadcrumb":{"@id":"https:\/\/abaa.mx\/tienda\/registrador-en-transito-flashlink-rtl-prime-3g-2t-modelo-22367\/#breadcrumb"},"inLanguage":"es","potentialAction":[{"@type":"ReadAction","target":["https:\/\/abaa.mx\/tienda\/registrador-en-transito-flashlink-rtl-prime-3g-2t-modelo-22367\/"]}]},{"@type":"ImageObject","inLanguage":"es","@id":"https:\/\/abaa.mx\/tienda\/registrador-en-transito-flashlink-rtl-prime-3g-2t-modelo-22367\/#primaryimage","url":"https:\/\/abaa.mx\/tienda\/wp-content\/uploads\/2023\/09\/22367.jpg","contentUrl":"https:\/\/abaa.mx\/tienda\/wp-content\/uploads\/2023\/09\/22367.jpg","width":452,"height":452,"caption":"registrador-en-transito-flashlink-rtl-prime-3g-2t-modelo-22367"},{"@type":"BreadcrumbList","@id":"https:\/\/abaa.mx\/tienda\/registrador-en-transito-flashlink-rtl-prime-3g-2t-modelo-22367\/#breadcrumb","itemListElement":[{"@type":"ListItem","position":1,"name":"Inicio","item":"https:\/\/abaa.mx\/tienda\/"},{"@type":"ListItem","position":2,"name":"Tienda","item":"https:\/\/abaa.mx\/tienda\/"},{"@type":"ListItem","position":3,"name":"Registrador en tr\u00e1nsito flashlink rtl prime 3g-2t Modelo 22367"}]},{"@type":"WebSite","@id":"https:\/\/abaa.mx\/tienda\/#website","url":"https:\/\/abaa.mx\/tienda\/","name":"Abaa tienda online","description":"Instrumentos de medici\u00f3n","publisher":{"@id":"https:\/\/abaa.mx\/tienda\/#organization"},"potentialAction":[{"@type":"SearchAction","target":{"@type":"EntryPoint","urlTemplate":"https:\/\/abaa.mx\/tienda\/?s={search_term_string}"},"query-input":{"@type":"PropertyValueSpecification","valueRequired":true,"valueName":"search_term_string"}}],"inLanguage":"es"},{"@type":"Organization","@id":"https:\/\/abaa.mx\/tienda\/#organization","name":"Abaa tienda online","url":"https:\/\/abaa.mx\/tienda\/","logo":{"@type":"ImageObject","inLanguage":"es","@id":"https:\/\/abaa.mx\/tienda\/#\/schema\/logo\/image\/","url":"https:\/\/abaa.mx\/tienda\/wp-content\/uploads\/2024\/01\/abaa-metrologia-tienda.png","contentUrl":"https:\/\/abaa.mx\/tienda\/wp-content\/uploads\/2024\/01\/abaa-metrologia-tienda.png","width":300,"height":141,"caption":"Abaa tienda online"},"image":{"@id":"https:\/\/abaa.mx\/tienda\/#\/schema\/logo\/image\/"}}]}},"_links":{"self":[{"href":"https:\/\/abaa.mx\/tienda\/wp-json\/wp\/v2\/product\/1660","targetHints":{"allow":["GET"]}}],"collection":[{"href":"https:\/\/abaa.mx\/tienda\/wp-json\/wp\/v2\/product"}],"about":[{"href":"https:\/\/abaa.mx\/tienda\/wp-json\/wp\/v2\/types\/product"}],"replies":[{"embeddable":true,"href":"https:\/\/abaa.mx\/tienda\/wp-json\/wp\/v2\/comments?post=1660"}],"wp:featuredmedia":[{"embeddable":true,"href":"https:\/\/abaa.mx\/tienda\/wp-json\/wp\/v2\/media\/1663"}],"wp:attachment":[{"href":"https:\/\/abaa.mx\/tienda\/wp-json\/wp\/v2\/media?parent=1660"}],"wp:term":[{"taxonomy":"product_brand","embeddable":true,"href":"https:\/\/abaa.mx\/tienda\/wp-json\/wp\/v2\/product_brand?post=1660"},{"taxonomy":"product_cat","embeddable":true,"href":"https:\/\/abaa.mx\/tienda\/wp-json\/wp\/v2\/product_cat?post=1660"},{"taxonomy":"product_tag","embeddable":true,"href":"https:\/\/abaa.mx\/tienda\/wp-json\/wp\/v2\/product_tag?post=1660"}],"curies":[{"name":"wp","href":"https:\/\/api.w.org\/{rel}","templated":true}]}}