{"id":1654,"date":"2023-09-15T15:28:22","date_gmt":"2023-09-15T15:28:22","guid":{"rendered":"https:\/\/abaa.mx\/tienda\/?post_type=product&#038;p=1654"},"modified":"2023-09-15T15:28:22","modified_gmt":"2023-09-15T15:28:22","slug":"flashlink-rtl-prime-3g-cryo-in-transit-logger-modelo-22368","status":"publish","type":"product","link":"https:\/\/abaa.mx\/tienda\/flashlink-rtl-prime-3g-cryo-in-transit-logger-modelo-22368\/","title":{"rendered":"Flashlink rtl prime 3g cryo in-transit logger Modelo 22368"},"content":{"rendered":"<h1>Flashlink\u00a0rtl prime 3g cryo in-transit logger<\/h1>\n<h3><strong>Modelo\u00a022368<\/strong><\/h3>\n<ul>\n<li>Monitoreo de la temperatura ultrabaja durante el almacenamiento y el transporte, utilizando hielo seco o nitr\u00f3geno l\u00edquido.<\/li>\n<li>El sensor externo rastrea la temperatura de los productos.<\/li>\n<li>No es necesario abrir la caja de env\u00edo o la puerta del veh\u00edculo para leer los datos.<\/li>\n<li>Datos de ubicaci\u00f3n trazados en los Mapas de Google.<\/li>\n<li>Alerta de sensor de luz cuando se abren las puertas de la caja o del veh\u00edculo para su mayor seguridad.<\/li>\n<li>La memoria integrada registra datos cada 10 minutos.<\/li>\n<li>Opci\u00f3n para descargar el informe PDF a la PC con un cable USB.<\/li>\n<li><span>Vida \u00fatil de la bater\u00eda de 12 meses.<\/span><\/li>\n<\/ul>\n<p><b>Aplicaciones:<\/b>\u00a0Monitoreo en tiempo real de env\u00edos de hielo seco y criog\u00e9nico.<\/p>\n<p>El registrador en tr\u00e1nsito Crio FlashLink RTL Prime 3G monitorea e informa la temperatura, la ubicaci\u00f3n y la luz durante el transporte de productos perecederos sensibles a la temperatura.\u00a0Realice un seguimiento de las entregas mediante un servicio basado en la nube para ver la informaci\u00f3n y las condiciones de la ruta en tiempo real en un cami\u00f3n o avi\u00f3n.\u00a0El registrador en tr\u00e1nsito Crio FlashLink RTL Prime 3G ofrece informes en tiempo real, adem\u00e1s de una copia de seguridad en PDF cuando no hay servicio del celular disponible.<\/p>\n<p>Este confiable registrador de datos de un solo uso, env\u00eda datos de viaje a intervalos regulares\u00a0a la nube, donde siempre est\u00e1n disponibles.\u00a0Una mayor vida \u00fatil de la bater\u00eda de 12 meses, respaldo en PDF para informes de viaje y una nueva funci\u00f3n de modo de vuelo le dan a este registrador la capacidad de convertirse en l\u00edder para rastrear env\u00edos en cualquier lugar.\u00a0Un tablero de control en l\u00ednea, hace que los datos est\u00e9n disponibles para los remitentes en todo momento, incluso antes de que un env\u00edo llegue al muelle de recepci\u00f3n.<\/p>\n<h2 class=\"rl_tabs-title nn_tabs-title\"><span>Modelos<\/span><\/h2>\n<table>\n<tbody>\n<tr>\n<th>Modelo<\/th>\n<th>Duraci\u00f3n del Viaje<\/th>\n<th>Intervalo de registro<\/th>\n<th>Intervalo de Carga de Datos<\/th>\n<\/tr>\n<tr>\n<td>22368<\/td>\n<td>60 D\u00edas<\/td>\n<td>10 Minutos<\/td>\n<td>120 Minutos<\/td>\n<\/tr>\n<\/tbody>\n<\/table>\n<p>&nbsp;<\/p>\n<table>\n<caption><span>FlashLink\u00a0RTL Prime 3G Cryo In-Transit Logger<\/span><\/caption>\n<thead>\n<tr>\n<th scope=\"col\">Funci\u00f3n<\/th>\n<th scope=\"col\">Especificaci\u00f3n<\/th>\n<\/tr>\n<\/thead>\n<tfoot>\n<tr>\n<td colspan=\"2\"><\/td>\n<\/tr>\n<\/tfoot>\n<tbody>\n<tr>\n<td>Rango de Medici\u00f3n de la sonda externa<\/td>\n<td>-328\u00b0F a 212\u00b0F (-200\u00b0C a 100\u00b0C)<\/td>\n<\/tr>\n<tr>\n<td>Rango de Operaci\u00f3n<\/td>\n<td>-13\u00b0F a 158\u00b0F (-25\u00b0C a 70\u00b0C)<\/td>\n<\/tr>\n<tr>\n<td>Precisi\u00f3n de la Temperatura<\/td>\n<td>\u00b10.9\u00b0F\u00a0de 14\u00baF a 113\u00baF (\u00b10.5\u00b0C de -10\u00b0C a 45\u00b0C) \u00b12\u00b0F (\u00b11\u00baC) otro<\/td>\n<\/tr>\n<tr>\n<td>Resoluci\u00f3n de Temperatura<\/td>\n<td>0.1 \u00baF\/\u00baC<\/td>\n<\/tr>\n<tr>\n<td>Sensor de Luz<\/td>\n<td>Sensor de doble etapa<\/td>\n<\/tr>\n<tr>\n<td>Capacidad de Datos<\/td>\n<td>28,800 puntos de datos<\/td>\n<\/tr>\n<tr>\n<td>Intervalo de registro<\/td>\n<td>10 minutos<\/td>\n<\/tr>\n<tr>\n<td>Intervalo de carga de datos programable de f\u00e1brica<\/td>\n<td>120 minutos<\/td>\n<\/tr>\n<tr>\n<td>Duraci\u00f3n del registro programable de f\u00e1brica<\/td>\n<td>60 d\u00edas<\/td>\n<\/tr>\n<tr>\n<td>Rojo GSM<\/td>\n<td>3G: cobertura global de banda 1\/2\/4\/5\/8<br \/>\n2G:\u00a0GSM de cuatro bandas 850\/900\/1800\/1900 MHz<\/td>\n<\/tr>\n<tr>\n<td>S\u00cd<\/td>\n<td>Integrado interno (Roaming Internacional)<\/td>\n<\/tr>\n<tr>\n<td>Fuente de Poder<\/td>\n<td>Bater\u00eda de iones de litio, cumple con UN38.3<\/td>\n<\/tr>\n<tr>\n<td>Vida \u00datil de la Bater\u00eda<\/td>\n<td>1 a\u00f1o<\/td>\n<\/tr>\n<tr>\n<td>Peso del Registrador<\/td>\n<td>3.63 onzas (103 gramos) (sin cable\/sonda)<\/td>\n<\/tr>\n<tr>\n<td>Dimensiones del Registrador<\/td>\n<td>2.32 pulg x 4.02 pulg x 0.75 pulg (59 mm x 102 mm x 20mm)<\/td>\n<\/tr>\n<tr>\n<td>Tama\u00f1o de la Sonda<\/td>\n<td>2.36 pulg de largo x 0.15 pulg de di\u00e1metro (6cm largo x 0.4cm di\u00e1metro)<br \/>\nAcero inoxidable, punta chata<\/td>\n<\/tr>\n<tr>\n<td>Cable<\/td>\n<td>3.3 pies \/ 1 metro de FEP<\/td>\n<\/tr>\n<tr>\n<td>Certificaci\u00f3n<\/td>\n<td>RTCA\/DO-160, FCC, CE Mark, RoHS, WEEE, precisi\u00f3n de temperatura rastreable por NIST.<\/td>\n<\/tr>\n<tr>\n<td>Requisitos del sistema<\/td>\n<td>El registrador requiere una conexi\u00f3n de red celular para enviar datos a una aplicaci\u00f3n segura en la nube.\u00a0El usuario requiere de una PC u otro dispositivo habilitado con\u00a0Internet para ver los datos en l\u00ednea.<\/td>\n<\/tr>\n<tr>\n<td>Copia de seguridad en PDF<\/td>\n<td>Cable micro USB a\u00a0USB para descargar a la\u00a0PC u otro dispositivo habilitado para USB que pueda leer archivos PDF<\/td>\n<\/tr>\n<tr>\n<td>Clasificaci\u00f3n Impermeable<\/td>\n<td>IP65<\/td>\n<\/tr>\n<\/tbody>\n<\/table>\n","protected":false},"excerpt":{"rendered":"<h3><strong>Caracter\u00edsticas\u00a0<\/strong><\/h3>\n<ul>\n<li>Monitoreo de la temperatura ultrabaja durante el almacenamiento y el transporte, utilizando hielo seco o nitr\u00f3geno l\u00edquido.<\/li>\n<li>El sensor externo rastrea la temperatura de los productos.<\/li>\n<li>No es necesario abrir la caja de env\u00edo o la puerta del veh\u00edculo para leer los datos.<\/li>\n<li>Datos de ubicaci\u00f3n trazados en los Mapas de Google.<\/li>\n<li>Alerta de sensor de luz cuando se abren las puertas de la caja o del veh\u00edculo para su mayor seguridad.<\/li>\n<li>La memoria integrada registra datos cada 10 minutos.<\/li>\n<li>Opci\u00f3n para descargar el informe PDF a la PC con un cable USB.<\/li>\n<li><span>Vida \u00fatil de la bater\u00eda de 12 meses.<\/span><\/li>\n<\/ul>\n","protected":false},"featured_media":1659,"comment_status":"open","ping_status":"closed","template":"","meta":{"_joinchat":[]},"product_brand":[],"product_cat":[15],"product_tag":[],"class_list":{"0":"post-1654","1":"product","2":"type-product","3":"status-publish","4":"has-post-thumbnail","6":"product_cat-sin-categorizar","8":"first","9":"instock","10":"shipping-taxable","11":"product-type-simple"},"yoast_head":"<!-- This site is optimized with the Yoast SEO plugin v26.4 - https:\/\/yoast.com\/wordpress\/plugins\/seo\/ -->\n<title>Flashlink rtl prime 3g cryo in-transit logger Modelo 22368 - Abaa tienda online<\/title>\n<meta name=\"robots\" content=\"index, follow, max-snippet:-1, max-image-preview:large, max-video-preview:-1\" \/>\n<link rel=\"canonical\" href=\"https:\/\/abaa.mx\/tienda\/flashlink-rtl-prime-3g-cryo-in-transit-logger-modelo-22368\/\" \/>\n<meta property=\"og:locale\" content=\"es_MX\" \/>\n<meta property=\"og:type\" content=\"article\" \/>\n<meta property=\"og:title\" content=\"Flashlink rtl prime 3g cryo in-transit logger Modelo 22368 - Abaa tienda online\" \/>\n<meta property=\"og:description\" content=\"Caracter\u00edsticas\u00a0   Monitoreo de la temperatura ultrabaja durante el almacenamiento y el transporte, utilizando hielo seco o nitr\u00f3geno l\u00edquido.  El sensor externo rastrea la temperatura de los productos.  No es necesario abrir la caja de env\u00edo o la puerta del veh\u00edculo para leer los datos.  Datos de ubicaci\u00f3n trazados en los Mapas de Google.  Alerta de sensor de luz cuando se abren las puertas de la caja o del veh\u00edculo para su mayor seguridad.  La memoria integrada registra datos cada 10 minutos.  Opci\u00f3n para descargar el informe PDF a la PC con un cable USB.  Vida \u00fatil de la bater\u00eda de 12 meses.\" \/>\n<meta property=\"og:url\" content=\"https:\/\/abaa.mx\/tienda\/flashlink-rtl-prime-3g-cryo-in-transit-logger-modelo-22368\/\" \/>\n<meta property=\"og:site_name\" content=\"Abaa tienda online\" \/>\n<meta property=\"og:image\" content=\"https:\/\/abaa.mx\/tienda\/wp-content\/uploads\/2023\/09\/22368-1.jpg\" \/>\n\t<meta property=\"og:image:width\" content=\"474\" \/>\n\t<meta property=\"og:image:height\" content=\"644\" \/>\n\t<meta property=\"og:image:type\" content=\"image\/jpeg\" \/>\n<meta name=\"twitter:card\" content=\"summary_large_image\" \/>\n<meta name=\"twitter:label1\" content=\"Tiempo de lectura\" \/>\n\t<meta name=\"twitter:data1\" content=\"3 minutos\" \/>\n<script type=\"application\/ld+json\" class=\"yoast-schema-graph\">{\"@context\":\"https:\/\/schema.org\",\"@graph\":[{\"@type\":\"WebPage\",\"@id\":\"https:\/\/abaa.mx\/tienda\/flashlink-rtl-prime-3g-cryo-in-transit-logger-modelo-22368\/\",\"url\":\"https:\/\/abaa.mx\/tienda\/flashlink-rtl-prime-3g-cryo-in-transit-logger-modelo-22368\/\",\"name\":\"Flashlink rtl prime 3g cryo in-transit logger Modelo 22368 - Abaa tienda online\",\"isPartOf\":{\"@id\":\"https:\/\/abaa.mx\/tienda\/#website\"},\"primaryImageOfPage\":{\"@id\":\"https:\/\/abaa.mx\/tienda\/flashlink-rtl-prime-3g-cryo-in-transit-logger-modelo-22368\/#primaryimage\"},\"image\":{\"@id\":\"https:\/\/abaa.mx\/tienda\/flashlink-rtl-prime-3g-cryo-in-transit-logger-modelo-22368\/#primaryimage\"},\"thumbnailUrl\":\"https:\/\/abaa.mx\/tienda\/wp-content\/uploads\/2023\/09\/22368-1.jpg\",\"datePublished\":\"2023-09-15T15:28:22+00:00\",\"breadcrumb\":{\"@id\":\"https:\/\/abaa.mx\/tienda\/flashlink-rtl-prime-3g-cryo-in-transit-logger-modelo-22368\/#breadcrumb\"},\"inLanguage\":\"es\",\"potentialAction\":[{\"@type\":\"ReadAction\",\"target\":[\"https:\/\/abaa.mx\/tienda\/flashlink-rtl-prime-3g-cryo-in-transit-logger-modelo-22368\/\"]}]},{\"@type\":\"ImageObject\",\"inLanguage\":\"es\",\"@id\":\"https:\/\/abaa.mx\/tienda\/flashlink-rtl-prime-3g-cryo-in-transit-logger-modelo-22368\/#primaryimage\",\"url\":\"https:\/\/abaa.mx\/tienda\/wp-content\/uploads\/2023\/09\/22368-1.jpg\",\"contentUrl\":\"https:\/\/abaa.mx\/tienda\/wp-content\/uploads\/2023\/09\/22368-1.jpg\",\"width\":474,\"height\":644,\"caption\":\"flashlink-rtl-prime-3g-cryo-in-transit-logger-modelo-22368\"},{\"@type\":\"BreadcrumbList\",\"@id\":\"https:\/\/abaa.mx\/tienda\/flashlink-rtl-prime-3g-cryo-in-transit-logger-modelo-22368\/#breadcrumb\",\"itemListElement\":[{\"@type\":\"ListItem\",\"position\":1,\"name\":\"Inicio\",\"item\":\"https:\/\/abaa.mx\/tienda\/\"},{\"@type\":\"ListItem\",\"position\":2,\"name\":\"Tienda\",\"item\":\"https:\/\/abaa.mx\/tienda\/\"},{\"@type\":\"ListItem\",\"position\":3,\"name\":\"Flashlink rtl prime 3g cryo in-transit logger Modelo 22368\"}]},{\"@type\":\"WebSite\",\"@id\":\"https:\/\/abaa.mx\/tienda\/#website\",\"url\":\"https:\/\/abaa.mx\/tienda\/\",\"name\":\"Abaa tienda online\",\"description\":\"Instrumentos de medici\u00f3n\",\"publisher\":{\"@id\":\"https:\/\/abaa.mx\/tienda\/#organization\"},\"potentialAction\":[{\"@type\":\"SearchAction\",\"target\":{\"@type\":\"EntryPoint\",\"urlTemplate\":\"https:\/\/abaa.mx\/tienda\/?s={search_term_string}\"},\"query-input\":{\"@type\":\"PropertyValueSpecification\",\"valueRequired\":true,\"valueName\":\"search_term_string\"}}],\"inLanguage\":\"es\"},{\"@type\":\"Organization\",\"@id\":\"https:\/\/abaa.mx\/tienda\/#organization\",\"name\":\"Abaa tienda online\",\"url\":\"https:\/\/abaa.mx\/tienda\/\",\"logo\":{\"@type\":\"ImageObject\",\"inLanguage\":\"es\",\"@id\":\"https:\/\/abaa.mx\/tienda\/#\/schema\/logo\/image\/\",\"url\":\"https:\/\/abaa.mx\/tienda\/wp-content\/uploads\/2024\/01\/abaa-metrologia-tienda.png\",\"contentUrl\":\"https:\/\/abaa.mx\/tienda\/wp-content\/uploads\/2024\/01\/abaa-metrologia-tienda.png\",\"width\":300,\"height\":141,\"caption\":\"Abaa tienda online\"},\"image\":{\"@id\":\"https:\/\/abaa.mx\/tienda\/#\/schema\/logo\/image\/\"}}]}<\/script>\n<!-- \/ Yoast SEO plugin. -->","yoast_head_json":{"title":"Flashlink rtl prime 3g cryo in-transit logger Modelo 22368 - Abaa tienda online","robots":{"index":"index","follow":"follow","max-snippet":"max-snippet:-1","max-image-preview":"max-image-preview:large","max-video-preview":"max-video-preview:-1"},"canonical":"https:\/\/abaa.mx\/tienda\/flashlink-rtl-prime-3g-cryo-in-transit-logger-modelo-22368\/","og_locale":"es_MX","og_type":"article","og_title":"Flashlink rtl prime 3g cryo in-transit logger Modelo 22368 - Abaa tienda online","og_description":"Caracter\u00edsticas\u00a0   Monitoreo de la temperatura ultrabaja durante el almacenamiento y el transporte, utilizando hielo seco o nitr\u00f3geno l\u00edquido.  El sensor externo rastrea la temperatura de los productos.  No es necesario abrir la caja de env\u00edo o la puerta del veh\u00edculo para leer los datos.  Datos de ubicaci\u00f3n trazados en los Mapas de Google.  Alerta de sensor de luz cuando se abren las puertas de la caja o del veh\u00edculo para su mayor seguridad.  La memoria integrada registra datos cada 10 minutos.  Opci\u00f3n para descargar el informe PDF a la PC con un cable USB.  Vida \u00fatil de la bater\u00eda de 12 meses.","og_url":"https:\/\/abaa.mx\/tienda\/flashlink-rtl-prime-3g-cryo-in-transit-logger-modelo-22368\/","og_site_name":"Abaa tienda online","og_image":[{"width":474,"height":644,"url":"https:\/\/abaa.mx\/tienda\/wp-content\/uploads\/2023\/09\/22368-1.jpg","type":"image\/jpeg"}],"twitter_card":"summary_large_image","twitter_misc":{"Tiempo de lectura":"3 minutos"},"schema":{"@context":"https:\/\/schema.org","@graph":[{"@type":"WebPage","@id":"https:\/\/abaa.mx\/tienda\/flashlink-rtl-prime-3g-cryo-in-transit-logger-modelo-22368\/","url":"https:\/\/abaa.mx\/tienda\/flashlink-rtl-prime-3g-cryo-in-transit-logger-modelo-22368\/","name":"Flashlink rtl prime 3g cryo in-transit logger Modelo 22368 - Abaa tienda online","isPartOf":{"@id":"https:\/\/abaa.mx\/tienda\/#website"},"primaryImageOfPage":{"@id":"https:\/\/abaa.mx\/tienda\/flashlink-rtl-prime-3g-cryo-in-transit-logger-modelo-22368\/#primaryimage"},"image":{"@id":"https:\/\/abaa.mx\/tienda\/flashlink-rtl-prime-3g-cryo-in-transit-logger-modelo-22368\/#primaryimage"},"thumbnailUrl":"https:\/\/abaa.mx\/tienda\/wp-content\/uploads\/2023\/09\/22368-1.jpg","datePublished":"2023-09-15T15:28:22+00:00","breadcrumb":{"@id":"https:\/\/abaa.mx\/tienda\/flashlink-rtl-prime-3g-cryo-in-transit-logger-modelo-22368\/#breadcrumb"},"inLanguage":"es","potentialAction":[{"@type":"ReadAction","target":["https:\/\/abaa.mx\/tienda\/flashlink-rtl-prime-3g-cryo-in-transit-logger-modelo-22368\/"]}]},{"@type":"ImageObject","inLanguage":"es","@id":"https:\/\/abaa.mx\/tienda\/flashlink-rtl-prime-3g-cryo-in-transit-logger-modelo-22368\/#primaryimage","url":"https:\/\/abaa.mx\/tienda\/wp-content\/uploads\/2023\/09\/22368-1.jpg","contentUrl":"https:\/\/abaa.mx\/tienda\/wp-content\/uploads\/2023\/09\/22368-1.jpg","width":474,"height":644,"caption":"flashlink-rtl-prime-3g-cryo-in-transit-logger-modelo-22368"},{"@type":"BreadcrumbList","@id":"https:\/\/abaa.mx\/tienda\/flashlink-rtl-prime-3g-cryo-in-transit-logger-modelo-22368\/#breadcrumb","itemListElement":[{"@type":"ListItem","position":1,"name":"Inicio","item":"https:\/\/abaa.mx\/tienda\/"},{"@type":"ListItem","position":2,"name":"Tienda","item":"https:\/\/abaa.mx\/tienda\/"},{"@type":"ListItem","position":3,"name":"Flashlink rtl prime 3g cryo in-transit logger Modelo 22368"}]},{"@type":"WebSite","@id":"https:\/\/abaa.mx\/tienda\/#website","url":"https:\/\/abaa.mx\/tienda\/","name":"Abaa tienda online","description":"Instrumentos de medici\u00f3n","publisher":{"@id":"https:\/\/abaa.mx\/tienda\/#organization"},"potentialAction":[{"@type":"SearchAction","target":{"@type":"EntryPoint","urlTemplate":"https:\/\/abaa.mx\/tienda\/?s={search_term_string}"},"query-input":{"@type":"PropertyValueSpecification","valueRequired":true,"valueName":"search_term_string"}}],"inLanguage":"es"},{"@type":"Organization","@id":"https:\/\/abaa.mx\/tienda\/#organization","name":"Abaa tienda online","url":"https:\/\/abaa.mx\/tienda\/","logo":{"@type":"ImageObject","inLanguage":"es","@id":"https:\/\/abaa.mx\/tienda\/#\/schema\/logo\/image\/","url":"https:\/\/abaa.mx\/tienda\/wp-content\/uploads\/2024\/01\/abaa-metrologia-tienda.png","contentUrl":"https:\/\/abaa.mx\/tienda\/wp-content\/uploads\/2024\/01\/abaa-metrologia-tienda.png","width":300,"height":141,"caption":"Abaa tienda online"},"image":{"@id":"https:\/\/abaa.mx\/tienda\/#\/schema\/logo\/image\/"}}]}},"_links":{"self":[{"href":"https:\/\/abaa.mx\/tienda\/wp-json\/wp\/v2\/product\/1654","targetHints":{"allow":["GET"]}}],"collection":[{"href":"https:\/\/abaa.mx\/tienda\/wp-json\/wp\/v2\/product"}],"about":[{"href":"https:\/\/abaa.mx\/tienda\/wp-json\/wp\/v2\/types\/product"}],"replies":[{"embeddable":true,"href":"https:\/\/abaa.mx\/tienda\/wp-json\/wp\/v2\/comments?post=1654"}],"wp:featuredmedia":[{"embeddable":true,"href":"https:\/\/abaa.mx\/tienda\/wp-json\/wp\/v2\/media\/1659"}],"wp:attachment":[{"href":"https:\/\/abaa.mx\/tienda\/wp-json\/wp\/v2\/media?parent=1654"}],"wp:term":[{"taxonomy":"product_brand","embeddable":true,"href":"https:\/\/abaa.mx\/tienda\/wp-json\/wp\/v2\/product_brand?post=1654"},{"taxonomy":"product_cat","embeddable":true,"href":"https:\/\/abaa.mx\/tienda\/wp-json\/wp\/v2\/product_cat?post=1654"},{"taxonomy":"product_tag","embeddable":true,"href":"https:\/\/abaa.mx\/tienda\/wp-json\/wp\/v2\/product_tag?post=1654"}],"curies":[{"name":"wp","href":"https:\/\/api.w.org\/{rel}","templated":true}]}}