{"id":1653,"date":"2023-09-15T15:22:13","date_gmt":"2023-09-15T15:22:13","guid":{"rendered":"https:\/\/abaa.mx\/tienda\/?post_type=product&#038;p=1653"},"modified":"2025-08-08T18:21:24","modified_gmt":"2025-08-08T18:21:24","slug":"testo-175-h1-datalogger-de-temperatura-y-humedad","status":"publish","type":"product","link":"https:\/\/abaa.mx\/tienda\/testo-175-h1-datalogger-de-temperatura-y-humedad\/","title":{"rendered":"testo 175 H1 &#8211; Datalogger de temperatura y humedad"},"content":{"rendered":"<p>El datalogger testo 175 H1 mide y documenta la temperatura y la humedad relativa en edificios y espacios cerrados. Gracias al sensor de humedad externo (vaina) se garantiza un tiempo de reacci\u00f3n r\u00e1pido. El candado suministrado protege su datalogger contra la manipulaci\u00f3n no autorizada.<br \/>\nAdem\u00e1s de los valores actuales de temperatura y humedad, el datalogger muestra tambi\u00e9n en la pantalla el punto de roc\u00edo. Los valores l\u00edmite programables, los valores m\u00ednimos y m\u00e1ximos, los l\u00edmites excedidos y el tiempo restante de autonom\u00eda de las pilas se pueden consultar f\u00e1cilmente en la gran pantalla.<\/p>\n<div class=\"m-list\">\n<ul class=\"list-elements\">\n<li>R\u00e1pido tiempo de reacci\u00f3n y medici\u00f3n precisa gracias al sensor de humedad externo<\/li>\n<li>Medici\u00f3n y documentaci\u00f3n continua de la temperatura, la humedad relativa y el punto de roc\u00edo<\/li>\n<li>Medici\u00f3n a largo plazo sin problemas: gran capacidad de memoria para un m\u00e1ximo de 1 mill\u00f3n de valores de medici\u00f3n, pilas con autonom\u00eda para 3 a\u00f1os<\/li>\n<li>Software ComSoft B\u00e1sico disponible mediante descarga gratuita<\/li>\n<\/ul>\n<\/div>\n<p class=\"text\">Ahorro energ\u00e9tico, documentaci\u00f3n, almacenamiento, comodidad: en todas estas \u00e1reas es muy importante el an\u00e1lisis de la temperatura y la humedad. El datalogger testo 175 H1 realiza para usted la medici\u00f3n a largo plazo y la documentaci\u00f3n de estos valores.<\/p>\n<div class=\"c2a-tabSection m-tabs\">\n<div id=\"tab-details\" class=\"large-12 column m-tab-pdp\">\n<div class=\"medium-8\">\n<h3>Descripci\u00f3n del producto<\/h3>\n<article class=\"child-1 paragraph\">El datalogger testo 175 H1 mide y documenta la temperatura y la humedad relativa en edificios y espacios cerrados. Gracias al sensor de humedad externo (vaina) se garantiza un tiempo de reacci\u00f3n r\u00e1pido. El candado suministrado protege su datalogger contra la manipulaci\u00f3n no autorizada.<br \/>\nAdem\u00e1s de los valores actuales de temperatura y humedad, el datalogger muestra tambi\u00e9n en la pantalla el punto de roc\u00edo. Los valores l\u00edmite programables, los valores m\u00ednimos y m\u00e1ximos, los l\u00edmites excedidos y el tiempo restante de autonom\u00eda de las pilas se pueden consultar f\u00e1cilmente en la gran pantalla.<\/p>\n<h3>Seguridad y comodidad a todos los niveles<\/h3>\n<p>El datalogger testo 175 H1 garantiza una alta seguridad de los datos y resultados de medici\u00f3n fiables basados en la tecnolog\u00eda de medici\u00f3n m\u00e1s moderna. Gracias a su gran capacidad de memoria para un m\u00e1ximo de 1 mill\u00f3n de valores de medici\u00f3n y una duraci\u00f3n de las pilas hasta 3 a\u00f1os, raras veces necesitar\u00e1 descargar los datos del datalogger en ciclos de medici\u00f3n cortos. El usuario puede cambiar las pilas est\u00e1ndar (AAA) cuando resulte preciso.<\/p>\n<h3>Programaci\u00f3n y descarga del datalogger para temperatura y humedad<\/h3>\n<p>Para programar y leer el datalogger, as\u00ed como para valorar los datos de medici\u00f3n en el PC se dispone de tres versiones de software:<\/p>\n<ul>\n<li><strong>Software ComSoft B\u00e1sico:<\/strong>\u00a0descarga gratuita, permite la programaci\u00f3n r\u00e1pida del registrador de datos y un an\u00e1lisis de datos sencillo<\/li>\n<li><strong>Software ComSoft Profesional:<\/strong>\u00a0disponible opcionalmente, ofrece posibilidades diferentes para la valoraci\u00f3n detallada de los valores de temperatura y humedad<\/li>\n<li><strong>Software ComSoft CFR 21 Parte 11:\u00a0<\/strong>disponible opcionalmente, resulta \u00f3ptimo para los requisitos especiales de la industria farmac\u00e9utica seg\u00fan CFR 21 Parte 11<\/li>\n<\/ul>\n<p>Atenci\u00f3n: para programar el datalogger necesita un cable USB no incluido en el suministro. La descarga de los datos memorizados en el datalogger al PC se realiza mediante un cable USB o una tarjeta SD, (ambos productos se pueden adquirir opcionalmente con la compra del testo 175 H1).<\/p>\n<h3>Campos de aplicaci\u00f3n para el datalogger testo 175 H1<\/h3>\n<p>El datalogger profesional se utiliza en aquellas situaciones en las que es preciso tener un control absoluto de los valores de temperatura y humedad en espacios cerrados, ya sea para supervisar el ambiente de un edificio, para comprobar el ambiente de un almac\u00e9n o archivos o para encontrar el ambiente de trabajo ideal. El sensor de humedad instalado en la vaina del registrador garantiza un tiempo de reacci\u00f3n r\u00e1pido.<\/p>\n<\/article>\n<h3>Volumen de suministro<\/h3>\n<article class=\"child-2 paragraph\">Registrador de datos de 2 canales para temperatura y humedad testo\u00a0175 H1, con sensor externo (NTC\/sensor de humedad capacitivo), se incluye soporte de pared, cerradura, pilas y protocolo de calibraci\u00f3n.<\/article>\n<\/div>\n<div class=\"medium-4\">\n<div class=\"m-cert large-12 column\"><\/div>\n<\/div>\n<\/div>\n<\/div>\n<hr \/>\n<div class=\"c2a-tabSection m-tabs\">\n<div id=\"tab-technicalData\" class=\"large-12 column m-data-tab\">\n<h2>Datos t\u00e9cnicos<\/h2>\n<table>\n<colgroup>\n<col class=\"colWidth25\" \/>\n<col \/><\/colgroup>\n<thead>\n<tr>\n<th colspan=\"2\">Datos t\u00e9cnicos generales<\/th>\n<\/tr>\n<\/thead>\n<tbody>\n<tr>\n<td class=\"table-bold\">Peso<\/td>\n<td>130 g<\/td>\n<\/tr>\n<tr>\n<td class=\"table-bold\">Medidas<\/td>\n<td>149 X 53 X 27 mm<\/td>\n<\/tr>\n<tr>\n<td class=\"table-bold\">Temperatura de funcionamiento<\/td>\n<td>-20 hasta +55 \u00baC<\/td>\n<\/tr>\n<tr>\n<td class=\"table-bold\">Material de la carcasa \/ del producto<\/td>\n<td>Pl\u00e1stico<\/td>\n<\/tr>\n<tr>\n<td class=\"table-bold\">Clase de protecci\u00f3n<\/td>\n<td>IP54<\/td>\n<\/tr>\n<tr>\n<td class=\"table-bold\">Canales<\/td>\n<td>2 externo<\/td>\n<\/tr>\n<tr>\n<td class=\"table-bold\">Color del producto<\/td>\n<td>Negro<\/td>\n<\/tr>\n<tr>\n<td class=\"table-bold\">Vida \u00fatil del sensor<\/td>\n<td>Long-term drift of the sensor &lt;1% RH \/ year (ambient temperature + 25 \u00b0 C)<\/td>\n<\/tr>\n<tr>\n<td class=\"table-bold\">Norma<\/td>\n<td>Directriz UE 2014\/30\/EU; 2011\/65\/EU<\/td>\n<\/tr>\n<tr>\n<td class=\"table-bold\">Intervalo de medici\u00f3n<\/td>\n<td>10 seg &#8211; 24 h<\/td>\n<\/tr>\n<tr>\n<td class=\"table-bold\">Tipo de bater\u00eda<\/td>\n<td>3 pilas AAA (AlMn o Energizer)<\/td>\n<\/tr>\n<tr>\n<td class=\"table-bold\">Autonom\u00eda<\/td>\n<td>3 a\u00f1os a 15 min. intervalo med., +25 \u00b0C<\/td>\n<\/tr>\n<tr>\n<td class=\"table-bold\">Interfaces<\/td>\n<td>mini usb, ranura para tarjeta SD<\/td>\n<\/tr>\n<tr>\n<td class=\"table-bold\">Memoria<\/td>\n<td>1.000.000 valor medido<\/td>\n<\/tr>\n<tr>\n<td class=\"table-bold\">Temperatura de almacenamiento<\/td>\n<td>-20 hasta +55 \u00baC<\/td>\n<\/tr>\n<\/tbody>\n<\/table>\n<table>\n<colgroup>\n<col class=\"colWidth25\" \/>\n<col \/><\/colgroup>\n<thead>\n<tr>\n<th colspan=\"2\">NTC<\/th>\n<\/tr>\n<\/thead>\n<tbody>\n<tr>\n<td class=\"table-bold\">Rango<\/td>\n<td>-20 hasta +55 \u00baC<\/td>\n<\/tr>\n<tr>\n<td class=\"table-bold\">Exactitud<\/td>\n<td>\u00b10,4 \u00baC (-20 hasta +55 \u00baC) \u00b11 Digito<\/td>\n<\/tr>\n<tr>\n<td class=\"table-bold\">Resoluci\u00f3n<\/td>\n<td>0,1 \u00baC<\/td>\n<\/tr>\n<\/tbody>\n<\/table>\n<table>\n<colgroup>\n<col class=\"colWidth25\" \/>\n<col \/><\/colgroup>\n<thead>\n<tr>\n<th colspan=\"2\">Humedad &#8211; capacitivo<\/th>\n<\/tr>\n<\/thead>\n<tbody>\n<tr>\n<td class=\"table-bold\">Rango<\/td>\n<td>0 hasta 100 %HR*<\/td>\n<\/tr>\n<tr>\n<td class=\"table-bold\">Exactitud<\/td>\n<td>\u00b12 %HR (2 hasta 98 %HR) at +25 \u00baC<\/p>\n<p>\u00b10,03 %HR\/K \u00b11 Digito<\/p>\n<p>&lt; \u00b11 %HR \/ deriva anual AT +25 \u00baC<\/td>\n<\/tr>\n<tr>\n<td class=\"table-bold\">Resoluci\u00f3n<\/td>\n<td>0,1 %HR<\/td>\n<\/tr>\n<\/tbody>\n<\/table>\n<p class=\"footnote\">* Inadecuado para atm\u00f3sferas con condensaci\u00f3n.<\/p>\n<table>\n<colgroup>\n<col class=\"colWidth25\" \/>\n<col \/><\/colgroup>\n<thead>\n<tr>\n<th colspan=\"2\">Punto de roc\u00edo (calculado)<\/th>\n<\/tr>\n<\/thead>\n<tbody>\n<tr>\n<td class=\"table-bold\">Rango<\/td>\n<td>-40 hasta +50 \u00b0Ctd<\/td>\n<\/tr>\n<tr>\n<td class=\"table-bold\">Exactitud<\/td>\n<td>+0,03 %HR\/K \u00b11 Digito<\/td>\n<\/tr>\n<\/tbody>\n<\/table>\n<\/div>\n<\/div>\n","protected":false},"excerpt":{"rendered":"<p>El datalogger testo 175 H1 mide y documenta la temperatura y la humedad relativa en edificios y espacios cerrados. Gracias al sensor de humedad externo (vaina) se garantiza un tiempo de reacci\u00f3n r\u00e1pido. El candado suministrado protege su datalogger contra la manipulaci\u00f3n no autorizada.<br \/>\nAdem\u00e1s de los valores actuales de temperatura y humedad, el datalogger muestra tambi\u00e9n en la pantalla el punto de roc\u00edo. Los valores l\u00edmite programables, los valores m\u00ednimos y m\u00e1ximos, los l\u00edmites excedidos y el tiempo restante de autonom\u00eda de las pilas se pueden consultar f\u00e1cilmente en la gran pantalla.<\/p>\n","protected":false},"featured_media":1655,"comment_status":"open","ping_status":"closed","template":"","meta":{"_joinchat":[]},"product_brand":[],"product_cat":[15],"product_tag":[],"class_list":{"0":"post-1653","1":"product","2":"type-product","3":"status-publish","4":"has-post-thumbnail","6":"product_cat-sin-categorizar","8":"first","9":"instock","10":"shipping-taxable","11":"product-type-simple"},"yoast_head":"<!-- This site is optimized with the Yoast SEO plugin v26.4 - https:\/\/yoast.com\/wordpress\/plugins\/seo\/ -->\n<title>testo 175 H1 - Datalogger de temperatura y humedad - Abaa tienda online<\/title>\n<meta name=\"robots\" content=\"index, follow, max-snippet:-1, max-image-preview:large, max-video-preview:-1\" \/>\n<link rel=\"canonical\" href=\"https:\/\/abaa.mx\/tienda\/testo-175-h1-datalogger-de-temperatura-y-humedad\/\" \/>\n<meta property=\"og:locale\" content=\"es_MX\" \/>\n<meta property=\"og:type\" content=\"article\" \/>\n<meta property=\"og:title\" content=\"testo 175 H1 - Datalogger de temperatura y humedad - Abaa tienda online\" \/>\n<meta property=\"og:description\" content=\"El datalogger testo 175 H1 mide y documenta la temperatura y la humedad relativa en edificios y espacios cerrados. Gracias al sensor de humedad externo (vaina) se garantiza un tiempo de reacci\u00f3n r\u00e1pido. El candado suministrado protege su datalogger contra la manipulaci\u00f3n no autorizada. Adem\u00e1s de los valores actuales de temperatura y humedad, el datalogger muestra tambi\u00e9n en la pantalla el punto de roc\u00edo. Los valores l\u00edmite programables, los valores m\u00ednimos y m\u00e1ximos, los l\u00edmites excedidos y el tiempo restante de autonom\u00eda de las pilas se pueden consultar f\u00e1cilmente en la gran pantalla.\" \/>\n<meta property=\"og:url\" content=\"https:\/\/abaa.mx\/tienda\/testo-175-h1-datalogger-de-temperatura-y-humedad\/\" \/>\n<meta property=\"og:site_name\" content=\"Abaa tienda online\" \/>\n<meta property=\"article:modified_time\" content=\"2025-08-08T18:21:24+00:00\" \/>\n<meta property=\"og:image\" content=\"https:\/\/abaa.mx\/tienda\/wp-content\/uploads\/2023\/09\/REGISTRADOOR-DE-HUMEDAD.jpg\" \/>\n\t<meta property=\"og:image:width\" content=\"2000\" \/>\n\t<meta property=\"og:image:height\" content=\"1500\" \/>\n\t<meta property=\"og:image:type\" content=\"image\/jpeg\" \/>\n<meta name=\"twitter:card\" content=\"summary_large_image\" \/>\n<meta name=\"twitter:label1\" content=\"Tiempo de lectura\" \/>\n\t<meta name=\"twitter:data1\" content=\"4 minutos\" \/>\n<script type=\"application\/ld+json\" class=\"yoast-schema-graph\">{\"@context\":\"https:\/\/schema.org\",\"@graph\":[{\"@type\":\"WebPage\",\"@id\":\"https:\/\/abaa.mx\/tienda\/testo-175-h1-datalogger-de-temperatura-y-humedad\/\",\"url\":\"https:\/\/abaa.mx\/tienda\/testo-175-h1-datalogger-de-temperatura-y-humedad\/\",\"name\":\"testo 175 H1 - Datalogger de temperatura y humedad - Abaa tienda online\",\"isPartOf\":{\"@id\":\"https:\/\/abaa.mx\/tienda\/#website\"},\"primaryImageOfPage\":{\"@id\":\"https:\/\/abaa.mx\/tienda\/testo-175-h1-datalogger-de-temperatura-y-humedad\/#primaryimage\"},\"image\":{\"@id\":\"https:\/\/abaa.mx\/tienda\/testo-175-h1-datalogger-de-temperatura-y-humedad\/#primaryimage\"},\"thumbnailUrl\":\"https:\/\/abaa.mx\/tienda\/wp-content\/uploads\/2023\/09\/REGISTRADOOR-DE-HUMEDAD.jpg\",\"datePublished\":\"2023-09-15T15:22:13+00:00\",\"dateModified\":\"2025-08-08T18:21:24+00:00\",\"breadcrumb\":{\"@id\":\"https:\/\/abaa.mx\/tienda\/testo-175-h1-datalogger-de-temperatura-y-humedad\/#breadcrumb\"},\"inLanguage\":\"es\",\"potentialAction\":[{\"@type\":\"ReadAction\",\"target\":[\"https:\/\/abaa.mx\/tienda\/testo-175-h1-datalogger-de-temperatura-y-humedad\/\"]}]},{\"@type\":\"ImageObject\",\"inLanguage\":\"es\",\"@id\":\"https:\/\/abaa.mx\/tienda\/testo-175-h1-datalogger-de-temperatura-y-humedad\/#primaryimage\",\"url\":\"https:\/\/abaa.mx\/tienda\/wp-content\/uploads\/2023\/09\/REGISTRADOOR-DE-HUMEDAD.jpg\",\"contentUrl\":\"https:\/\/abaa.mx\/tienda\/wp-content\/uploads\/2023\/09\/REGISTRADOOR-DE-HUMEDAD.jpg\",\"width\":2000,\"height\":1500,\"caption\":\"REGISTRADOOR DE HUMEDAD\"},{\"@type\":\"BreadcrumbList\",\"@id\":\"https:\/\/abaa.mx\/tienda\/testo-175-h1-datalogger-de-temperatura-y-humedad\/#breadcrumb\",\"itemListElement\":[{\"@type\":\"ListItem\",\"position\":1,\"name\":\"Inicio\",\"item\":\"https:\/\/abaa.mx\/tienda\/\"},{\"@type\":\"ListItem\",\"position\":2,\"name\":\"Tienda\",\"item\":\"https:\/\/abaa.mx\/tienda\/\"},{\"@type\":\"ListItem\",\"position\":3,\"name\":\"testo 175 H1 &#8211; Datalogger de temperatura y humedad\"}]},{\"@type\":\"WebSite\",\"@id\":\"https:\/\/abaa.mx\/tienda\/#website\",\"url\":\"https:\/\/abaa.mx\/tienda\/\",\"name\":\"Abaa tienda online\",\"description\":\"Instrumentos de medici\u00f3n\",\"publisher\":{\"@id\":\"https:\/\/abaa.mx\/tienda\/#organization\"},\"potentialAction\":[{\"@type\":\"SearchAction\",\"target\":{\"@type\":\"EntryPoint\",\"urlTemplate\":\"https:\/\/abaa.mx\/tienda\/?s={search_term_string}\"},\"query-input\":{\"@type\":\"PropertyValueSpecification\",\"valueRequired\":true,\"valueName\":\"search_term_string\"}}],\"inLanguage\":\"es\"},{\"@type\":\"Organization\",\"@id\":\"https:\/\/abaa.mx\/tienda\/#organization\",\"name\":\"Abaa tienda online\",\"url\":\"https:\/\/abaa.mx\/tienda\/\",\"logo\":{\"@type\":\"ImageObject\",\"inLanguage\":\"es\",\"@id\":\"https:\/\/abaa.mx\/tienda\/#\/schema\/logo\/image\/\",\"url\":\"https:\/\/abaa.mx\/tienda\/wp-content\/uploads\/2024\/01\/abaa-metrologia-tienda.png\",\"contentUrl\":\"https:\/\/abaa.mx\/tienda\/wp-content\/uploads\/2024\/01\/abaa-metrologia-tienda.png\",\"width\":300,\"height\":141,\"caption\":\"Abaa tienda online\"},\"image\":{\"@id\":\"https:\/\/abaa.mx\/tienda\/#\/schema\/logo\/image\/\"}}]}<\/script>\n<!-- \/ Yoast SEO plugin. -->","yoast_head_json":{"title":"testo 175 H1 - Datalogger de temperatura y humedad - Abaa tienda online","robots":{"index":"index","follow":"follow","max-snippet":"max-snippet:-1","max-image-preview":"max-image-preview:large","max-video-preview":"max-video-preview:-1"},"canonical":"https:\/\/abaa.mx\/tienda\/testo-175-h1-datalogger-de-temperatura-y-humedad\/","og_locale":"es_MX","og_type":"article","og_title":"testo 175 H1 - Datalogger de temperatura y humedad - Abaa tienda online","og_description":"El datalogger testo 175 H1 mide y documenta la temperatura y la humedad relativa en edificios y espacios cerrados. Gracias al sensor de humedad externo (vaina) se garantiza un tiempo de reacci\u00f3n r\u00e1pido. El candado suministrado protege su datalogger contra la manipulaci\u00f3n no autorizada. Adem\u00e1s de los valores actuales de temperatura y humedad, el datalogger muestra tambi\u00e9n en la pantalla el punto de roc\u00edo. Los valores l\u00edmite programables, los valores m\u00ednimos y m\u00e1ximos, los l\u00edmites excedidos y el tiempo restante de autonom\u00eda de las pilas se pueden consultar f\u00e1cilmente en la gran pantalla.","og_url":"https:\/\/abaa.mx\/tienda\/testo-175-h1-datalogger-de-temperatura-y-humedad\/","og_site_name":"Abaa tienda online","article_modified_time":"2025-08-08T18:21:24+00:00","og_image":[{"width":2000,"height":1500,"url":"https:\/\/abaa.mx\/tienda\/wp-content\/uploads\/2023\/09\/REGISTRADOOR-DE-HUMEDAD.jpg","type":"image\/jpeg"}],"twitter_card":"summary_large_image","twitter_misc":{"Tiempo de lectura":"4 minutos"},"schema":{"@context":"https:\/\/schema.org","@graph":[{"@type":"WebPage","@id":"https:\/\/abaa.mx\/tienda\/testo-175-h1-datalogger-de-temperatura-y-humedad\/","url":"https:\/\/abaa.mx\/tienda\/testo-175-h1-datalogger-de-temperatura-y-humedad\/","name":"testo 175 H1 - Datalogger de temperatura y humedad - Abaa tienda online","isPartOf":{"@id":"https:\/\/abaa.mx\/tienda\/#website"},"primaryImageOfPage":{"@id":"https:\/\/abaa.mx\/tienda\/testo-175-h1-datalogger-de-temperatura-y-humedad\/#primaryimage"},"image":{"@id":"https:\/\/abaa.mx\/tienda\/testo-175-h1-datalogger-de-temperatura-y-humedad\/#primaryimage"},"thumbnailUrl":"https:\/\/abaa.mx\/tienda\/wp-content\/uploads\/2023\/09\/REGISTRADOOR-DE-HUMEDAD.jpg","datePublished":"2023-09-15T15:22:13+00:00","dateModified":"2025-08-08T18:21:24+00:00","breadcrumb":{"@id":"https:\/\/abaa.mx\/tienda\/testo-175-h1-datalogger-de-temperatura-y-humedad\/#breadcrumb"},"inLanguage":"es","potentialAction":[{"@type":"ReadAction","target":["https:\/\/abaa.mx\/tienda\/testo-175-h1-datalogger-de-temperatura-y-humedad\/"]}]},{"@type":"ImageObject","inLanguage":"es","@id":"https:\/\/abaa.mx\/tienda\/testo-175-h1-datalogger-de-temperatura-y-humedad\/#primaryimage","url":"https:\/\/abaa.mx\/tienda\/wp-content\/uploads\/2023\/09\/REGISTRADOOR-DE-HUMEDAD.jpg","contentUrl":"https:\/\/abaa.mx\/tienda\/wp-content\/uploads\/2023\/09\/REGISTRADOOR-DE-HUMEDAD.jpg","width":2000,"height":1500,"caption":"REGISTRADOOR DE HUMEDAD"},{"@type":"BreadcrumbList","@id":"https:\/\/abaa.mx\/tienda\/testo-175-h1-datalogger-de-temperatura-y-humedad\/#breadcrumb","itemListElement":[{"@type":"ListItem","position":1,"name":"Inicio","item":"https:\/\/abaa.mx\/tienda\/"},{"@type":"ListItem","position":2,"name":"Tienda","item":"https:\/\/abaa.mx\/tienda\/"},{"@type":"ListItem","position":3,"name":"testo 175 H1 &#8211; Datalogger de temperatura y humedad"}]},{"@type":"WebSite","@id":"https:\/\/abaa.mx\/tienda\/#website","url":"https:\/\/abaa.mx\/tienda\/","name":"Abaa tienda online","description":"Instrumentos de medici\u00f3n","publisher":{"@id":"https:\/\/abaa.mx\/tienda\/#organization"},"potentialAction":[{"@type":"SearchAction","target":{"@type":"EntryPoint","urlTemplate":"https:\/\/abaa.mx\/tienda\/?s={search_term_string}"},"query-input":{"@type":"PropertyValueSpecification","valueRequired":true,"valueName":"search_term_string"}}],"inLanguage":"es"},{"@type":"Organization","@id":"https:\/\/abaa.mx\/tienda\/#organization","name":"Abaa tienda online","url":"https:\/\/abaa.mx\/tienda\/","logo":{"@type":"ImageObject","inLanguage":"es","@id":"https:\/\/abaa.mx\/tienda\/#\/schema\/logo\/image\/","url":"https:\/\/abaa.mx\/tienda\/wp-content\/uploads\/2024\/01\/abaa-metrologia-tienda.png","contentUrl":"https:\/\/abaa.mx\/tienda\/wp-content\/uploads\/2024\/01\/abaa-metrologia-tienda.png","width":300,"height":141,"caption":"Abaa tienda online"},"image":{"@id":"https:\/\/abaa.mx\/tienda\/#\/schema\/logo\/image\/"}}]}},"_links":{"self":[{"href":"https:\/\/abaa.mx\/tienda\/wp-json\/wp\/v2\/product\/1653","targetHints":{"allow":["GET"]}}],"collection":[{"href":"https:\/\/abaa.mx\/tienda\/wp-json\/wp\/v2\/product"}],"about":[{"href":"https:\/\/abaa.mx\/tienda\/wp-json\/wp\/v2\/types\/product"}],"replies":[{"embeddable":true,"href":"https:\/\/abaa.mx\/tienda\/wp-json\/wp\/v2\/comments?post=1653"}],"wp:featuredmedia":[{"embeddable":true,"href":"https:\/\/abaa.mx\/tienda\/wp-json\/wp\/v2\/media\/1655"}],"wp:attachment":[{"href":"https:\/\/abaa.mx\/tienda\/wp-json\/wp\/v2\/media?parent=1653"}],"wp:term":[{"taxonomy":"product_brand","embeddable":true,"href":"https:\/\/abaa.mx\/tienda\/wp-json\/wp\/v2\/product_brand?post=1653"},{"taxonomy":"product_cat","embeddable":true,"href":"https:\/\/abaa.mx\/tienda\/wp-json\/wp\/v2\/product_cat?post=1653"},{"taxonomy":"product_tag","embeddable":true,"href":"https:\/\/abaa.mx\/tienda\/wp-json\/wp\/v2\/product_tag?post=1653"}],"curies":[{"name":"wp","href":"https:\/\/api.w.org\/{rel}","templated":true}]}}