{"id":1650,"date":"2023-09-15T15:19:47","date_gmt":"2023-09-15T15:19:47","guid":{"rendered":"https:\/\/abaa.mx\/tienda\/?post_type=product&#038;p=1650"},"modified":"2023-09-15T15:19:48","modified_gmt":"2023-09-15T15:19:48","slug":"registrador-en-transito-flashlink-rtl-prime-3g-temperatura-humedad-luz-golpes-modelo-22369","status":"publish","type":"product","link":"https:\/\/abaa.mx\/tienda\/registrador-en-transito-flashlink-rtl-prime-3g-temperatura-humedad-luz-golpes-modelo-22369\/","title":{"rendered":"Registrador en tr\u00e1nsito flashlink rtl prime 3g, temperatura, humedad, luz, golpes Modelo 22369"},"content":{"rendered":"<h1>Registrador en tr\u00e1nsito flashlink rtl prime 3g, temperatura, humedad, luz, golpes<\/h1>\n<h3><strong>Modelo\u00a022369<\/strong><\/h3>\n<ul>\n<li>Controle la temperatura, la humedad, la luz y los golpes durante el transporte y el almacenamiento.<\/li>\n<li>No es necesario abrir la caja de env\u00edo o la puerta del veh\u00edculo para leer los datos.<\/li>\n<li>Datos de ubicaci\u00f3n trazados en Google Maps Alerta del sensor de luz cuando se abren las puertas de la caja o del veh\u00edculo, para mayor seguridad.<\/li>\n<li>El sensor de impacto detecta el impacto f\u00edsico y la vibraci\u00f3n.<\/li>\n<li>Los datos se cargan autom\u00e1ticamente al servicio en la nube 24 horas al d\u00eda, 7 d\u00edas a la semana.<\/li>\n<li>Memoria integrada que registra datos cada 10 minutos.<\/li>\n<li>Opci\u00f3n para descargar el informe en PDF a la PC con un cable USB.<\/li>\n<\/ul>\n<p><b>Aplicaciones:<\/b>\u00a0Monitoreo en tiempo real de env\u00edos sensibles a la temperatura y la humedad.<\/p>\n<p>El registrador en tr\u00e1nsito 22369 FlashLink RTL Prime 3G monitorea e informa la temperatura, la humedad, la luz, los golpes y la ubicaci\u00f3n durante el transporte, y es especialmente importante para rastrear productos sensibles a la humedad.<\/p>\n<p>Un servicio basado en la nube muestra informaci\u00f3n y condiciones de ruta en tiempo real en un contenedor de env\u00edo o cami\u00f3n.<\/p>\n<p>El sensor de luz proporciona seguridad adicional al enviar alertas que podr\u00edan indicar manipulaci\u00f3n de la carga o inspecciones de llegada.<\/p>\n<p>Un sensor de impacto registra cuando se detecta una fuerza f\u00edsica excesiva.<\/p>\n<p>RTL Prime 3G ofrece los beneficios de un registrador 2 en 1 con informes en tiempo real y una copia de seguridad en PDF cuando no hay servicio celular disponible.<\/p>\n<p>Este registrador de datos de un solo uso env\u00eda datos de viaje a intervalos regulares a una aplicaci\u00f3n en la nube donde siempre est\u00e1 disponible.<\/p>\n<p>Copia de seguridad en PDF a bordo para los informes de viaje y la funci\u00f3n de modo de vuelo ofrece a los remitentes la ventaja para el seguimiento de los env\u00edos.<\/p>\n<p>Panel de control en l\u00ednea f\u00e1cil de usar hace que los datos est\u00e9n disponibles para los remitentes las 24 horas del d\u00eda, los 7 d\u00edas de la semana, incluso antes de que un env\u00edo llegue al puerto de recepci\u00f3n.<\/p>\n<h2 class=\"rl_tabs-title nn_tabs-title\"><span>Modelos<\/span><\/h2>\n<table>\n<tbody>\n<tr>\n<th>Modelo<\/th>\n<th>Duraci\u00f3n de registro<\/th>\n<th>Intervalo de registro<\/th>\n<th>Intervalo de subida de datos<\/th>\n<\/tr>\n<tr>\n<td>22369<\/td>\n<td>90 d\u00edas<\/td>\n<td>10 Minutos<\/td>\n<td>180 Minutos<\/td>\n<\/tr>\n<\/tbody>\n<\/table>\n<p>&nbsp;<\/p>\n<table>\n<caption><span>Registrador en tr\u00e1nsito FlashLink RTL Prime 3G, temperatura, humedad, luz, golpes<\/span><\/caption>\n<thead>\n<tr>\n<th scope=\"col\">Caracter\u00edstica<\/th>\n<th scope=\"col\">Detalles<\/th>\n<\/tr>\n<\/thead>\n<tfoot>\n<tr>\n<td colspan=\"2\"><\/td>\n<\/tr>\n<\/tfoot>\n<tbody>\n<tr>\n<td>Rango de medici\u00f3n<\/td>\n<td>-22\u00b0F a 158\u00b0F (-30\u00b0C a 70\u00b0C)<\/td>\n<\/tr>\n<tr>\n<td>Precisi\u00f3n de temperatura<\/td>\n<td>\u00b10.9\u00b0F de 14\u00baF a 113\u00baF (\u00b10.5\u00b0C de -10\u00b0C a 45\u00b0C) \u00b12\u00b0F (\u00b11\u00baC) otra<\/td>\n<\/tr>\n<tr>\n<td>Resoluci\u00f3n de temperatura<\/td>\n<td>0.1 \u00baF\/\u00baC<\/td>\n<\/tr>\n<tr>\n<td>Rango de medici\u00f3n de humedad<\/td>\n<td>5% a 95% HR<\/td>\n<\/tr>\n<tr>\n<td>Precisi\u00f3n de humedad<\/td>\n<td>\u00b15% de 20% a 80% RH, \u00b17% &lt;20% y &gt;80%<\/td>\n<\/tr>\n<tr>\n<td>Rango del sensor de luz<\/td>\n<td>0 a 1769 Lux, Sensor de doble nivel<\/td>\n<\/tr>\n<tr>\n<td>Rango de medidor de vibraci\u00f3n<\/td>\n<td>0G a 8G<\/td>\n<\/tr>\n<tr>\n<td>Capacidad de datos<\/td>\n<td>28,800 puntos de registro<\/td>\n<\/tr>\n<tr>\n<td>Intervalo de registro<\/td>\n<td>10 minutos<\/td>\n<\/tr>\n<tr>\n<td>Intervalo de subida de datos<\/td>\n<td>180 minutos (programable de f\u00e1brica)<\/td>\n<\/tr>\n<tr>\n<td>Duraci\u00f3n de registro<\/td>\n<td>90 d\u00edas<\/td>\n<\/tr>\n<tr>\n<td>Rojo GSM<\/td>\n<td>3G: Banda 1\/2\/4\/5\/8 cobertura global 2G: Cuatri banda GSM 850\/900\/1800\/1900 MHz<\/td>\n<\/tr>\n<tr>\n<td>S\u00cd<\/td>\n<td>Integrado interno (Roaming de datos global)<\/td>\n<\/tr>\n<tr>\n<td>Fuente de energ\u00eda<\/td>\n<td>Bater\u00eda Lithium-ion , cumple con UN38.3<\/td>\n<\/tr>\n<tr>\n<td>Vida de la bater\u00eda<\/td>\n<td>90 d\u00edas<\/td>\n<\/tr>\n<tr>\n<td>Peso del registrador<\/td>\n<td>3.63 oz (103 gramos)<\/td>\n<\/tr>\n<tr>\n<td>Dimensiones del registrador<\/td>\n<td>2,58 pulgadas x 4,01 pulgadas x 0,73 pulgadas (65,5 mm x 103 mm x 18,5 mm)<\/td>\n<\/tr>\n<tr>\n<td>Clasificaci\u00f3n impermeable<\/td>\n<td>IP65<\/td>\n<\/tr>\n<tr>\n<td>Certificaci\u00f3n<\/td>\n<td>Precisi\u00f3n de temperatura rastreable FCC, CE Mark, RoHS, WEEE, NIST<\/td>\n<\/tr>\n<tr>\n<td>Requisitos del sistema<\/td>\n<td>Logger requiere una conexi\u00f3n de red celular para enviar datos a una aplicaci\u00f3n segura en la nube. El usuario requiere una PC u otro dispositivo habilitado para Internet para ver los datos en l\u00ednea<\/td>\n<\/tr>\n<tr>\n<td>Requisitos de descarga<\/td>\n<td>Cable micro USB a USB para descargar a PC u otro dispositivo habilitado para USB que pueda leer archivos PDF<\/td>\n<\/tr>\n<\/tbody>\n<\/table>\n<p>&nbsp;<\/p>\n","protected":false},"excerpt":{"rendered":"<h3><strong>Caracter\u00edsticas\u00a0<\/strong><\/h3>\n<ul>\n<li>Controle la temperatura, la humedad, la luz y los golpes durante el transporte y el almacenamiento<\/li>\n<li>No es necesario abrir la caja de env\u00edo o la puerta del veh\u00edculo para leer los datos<\/li>\n<li>Datos de ubicaci\u00f3n trazados en Google Maps Alerta del sensor de luz cuando se abren las puertas de la caja o del veh\u00edculo, para mayor seguridad<\/li>\n<li>El sensor de impacto detecta el impacto f\u00edsico y la vibraci\u00f3n<\/li>\n<li>Los datos se cargan autom\u00e1ticamente al servicio en la nube 24 horas al d\u00eda, 7 d\u00edas a la semana<\/li>\n<li>Memoria integrada que registra datos cada 10 minutos<\/li>\n<li>Opci\u00f3n para descargar el informe en PDF a la PC con un cable USB<\/li>\n<\/ul>\n","protected":false},"featured_media":1652,"comment_status":"open","ping_status":"closed","template":"","meta":{"_joinchat":[]},"product_brand":[],"product_cat":[15],"product_tag":[],"class_list":{"0":"post-1650","1":"product","2":"type-product","3":"status-publish","4":"has-post-thumbnail","6":"product_cat-sin-categorizar","8":"first","9":"instock","10":"shipping-taxable","11":"product-type-simple"},"yoast_head":"<!-- This site is optimized with the Yoast SEO plugin v26.4 - https:\/\/yoast.com\/wordpress\/plugins\/seo\/ -->\n<title>Registrador en tr\u00e1nsito flashlink rtl prime 3g, temperatura, humedad, luz, golpes Modelo 22369 - Abaa tienda online<\/title>\n<meta name=\"robots\" content=\"index, follow, max-snippet:-1, max-image-preview:large, max-video-preview:-1\" \/>\n<link rel=\"canonical\" href=\"https:\/\/abaa.mx\/tienda\/registrador-en-transito-flashlink-rtl-prime-3g-temperatura-humedad-luz-golpes-modelo-22369\/\" \/>\n<meta property=\"og:locale\" content=\"es_MX\" \/>\n<meta property=\"og:type\" content=\"article\" \/>\n<meta property=\"og:title\" content=\"Registrador en tr\u00e1nsito flashlink rtl prime 3g, temperatura, humedad, luz, golpes Modelo 22369 - Abaa tienda online\" \/>\n<meta property=\"og:description\" content=\"Caracter\u00edsticas\u00a0   Controle la temperatura, la humedad, la luz y los golpes durante el transporte y el almacenamiento  No es necesario abrir la caja de env\u00edo o la puerta del veh\u00edculo para leer los datos  Datos de ubicaci\u00f3n trazados en Google Maps Alerta del sensor de luz cuando se abren las puertas de la caja o del veh\u00edculo, para mayor seguridad  El sensor de impacto detecta el impacto f\u00edsico y la vibraci\u00f3n  Los datos se cargan autom\u00e1ticamente al servicio en la nube 24 horas al d\u00eda, 7 d\u00edas a la semana  Memoria integrada que registra datos cada 10 minutos  Opci\u00f3n para descargar el informe en PDF a la PC con un cable USB\" \/>\n<meta property=\"og:url\" content=\"https:\/\/abaa.mx\/tienda\/registrador-en-transito-flashlink-rtl-prime-3g-temperatura-humedad-luz-golpes-modelo-22369\/\" \/>\n<meta property=\"og:site_name\" content=\"Abaa tienda online\" \/>\n<meta property=\"article:modified_time\" content=\"2023-09-15T15:19:48+00:00\" \/>\n<meta property=\"og:image\" content=\"https:\/\/abaa.mx\/tienda\/wp-content\/uploads\/2023\/09\/22369.jpg\" \/>\n\t<meta property=\"og:image:width\" content=\"673\" \/>\n\t<meta property=\"og:image:height\" content=\"1000\" \/>\n\t<meta property=\"og:image:type\" content=\"image\/jpeg\" \/>\n<meta name=\"twitter:card\" content=\"summary_large_image\" \/>\n<meta name=\"twitter:label1\" content=\"Tiempo de lectura\" \/>\n\t<meta name=\"twitter:data1\" content=\"3 minutos\" \/>\n<script type=\"application\/ld+json\" class=\"yoast-schema-graph\">{\"@context\":\"https:\/\/schema.org\",\"@graph\":[{\"@type\":\"WebPage\",\"@id\":\"https:\/\/abaa.mx\/tienda\/registrador-en-transito-flashlink-rtl-prime-3g-temperatura-humedad-luz-golpes-modelo-22369\/\",\"url\":\"https:\/\/abaa.mx\/tienda\/registrador-en-transito-flashlink-rtl-prime-3g-temperatura-humedad-luz-golpes-modelo-22369\/\",\"name\":\"Registrador en tr\u00e1nsito flashlink rtl prime 3g, temperatura, humedad, luz, golpes Modelo 22369 - Abaa tienda online\",\"isPartOf\":{\"@id\":\"https:\/\/abaa.mx\/tienda\/#website\"},\"primaryImageOfPage\":{\"@id\":\"https:\/\/abaa.mx\/tienda\/registrador-en-transito-flashlink-rtl-prime-3g-temperatura-humedad-luz-golpes-modelo-22369\/#primaryimage\"},\"image\":{\"@id\":\"https:\/\/abaa.mx\/tienda\/registrador-en-transito-flashlink-rtl-prime-3g-temperatura-humedad-luz-golpes-modelo-22369\/#primaryimage\"},\"thumbnailUrl\":\"https:\/\/abaa.mx\/tienda\/wp-content\/uploads\/2023\/09\/22369.jpg\",\"datePublished\":\"2023-09-15T15:19:47+00:00\",\"dateModified\":\"2023-09-15T15:19:48+00:00\",\"breadcrumb\":{\"@id\":\"https:\/\/abaa.mx\/tienda\/registrador-en-transito-flashlink-rtl-prime-3g-temperatura-humedad-luz-golpes-modelo-22369\/#breadcrumb\"},\"inLanguage\":\"es\",\"potentialAction\":[{\"@type\":\"ReadAction\",\"target\":[\"https:\/\/abaa.mx\/tienda\/registrador-en-transito-flashlink-rtl-prime-3g-temperatura-humedad-luz-golpes-modelo-22369\/\"]}]},{\"@type\":\"ImageObject\",\"inLanguage\":\"es\",\"@id\":\"https:\/\/abaa.mx\/tienda\/registrador-en-transito-flashlink-rtl-prime-3g-temperatura-humedad-luz-golpes-modelo-22369\/#primaryimage\",\"url\":\"https:\/\/abaa.mx\/tienda\/wp-content\/uploads\/2023\/09\/22369.jpg\",\"contentUrl\":\"https:\/\/abaa.mx\/tienda\/wp-content\/uploads\/2023\/09\/22369.jpg\",\"width\":673,\"height\":1000,\"caption\":\"registrador-en-transito-flashlink-rtl-prime-3g-temperatura-humedad-luz-golpes-modelo-22369\"},{\"@type\":\"BreadcrumbList\",\"@id\":\"https:\/\/abaa.mx\/tienda\/registrador-en-transito-flashlink-rtl-prime-3g-temperatura-humedad-luz-golpes-modelo-22369\/#breadcrumb\",\"itemListElement\":[{\"@type\":\"ListItem\",\"position\":1,\"name\":\"Inicio\",\"item\":\"https:\/\/abaa.mx\/tienda\/\"},{\"@type\":\"ListItem\",\"position\":2,\"name\":\"Tienda\",\"item\":\"https:\/\/abaa.mx\/tienda\/\"},{\"@type\":\"ListItem\",\"position\":3,\"name\":\"Registrador en tr\u00e1nsito flashlink rtl prime 3g, temperatura, humedad, luz, golpes Modelo 22369\"}]},{\"@type\":\"WebSite\",\"@id\":\"https:\/\/abaa.mx\/tienda\/#website\",\"url\":\"https:\/\/abaa.mx\/tienda\/\",\"name\":\"Abaa tienda online\",\"description\":\"Instrumentos de medici\u00f3n\",\"publisher\":{\"@id\":\"https:\/\/abaa.mx\/tienda\/#organization\"},\"potentialAction\":[{\"@type\":\"SearchAction\",\"target\":{\"@type\":\"EntryPoint\",\"urlTemplate\":\"https:\/\/abaa.mx\/tienda\/?s={search_term_string}\"},\"query-input\":{\"@type\":\"PropertyValueSpecification\",\"valueRequired\":true,\"valueName\":\"search_term_string\"}}],\"inLanguage\":\"es\"},{\"@type\":\"Organization\",\"@id\":\"https:\/\/abaa.mx\/tienda\/#organization\",\"name\":\"Abaa tienda online\",\"url\":\"https:\/\/abaa.mx\/tienda\/\",\"logo\":{\"@type\":\"ImageObject\",\"inLanguage\":\"es\",\"@id\":\"https:\/\/abaa.mx\/tienda\/#\/schema\/logo\/image\/\",\"url\":\"https:\/\/abaa.mx\/tienda\/wp-content\/uploads\/2024\/01\/abaa-metrologia-tienda.png\",\"contentUrl\":\"https:\/\/abaa.mx\/tienda\/wp-content\/uploads\/2024\/01\/abaa-metrologia-tienda.png\",\"width\":300,\"height\":141,\"caption\":\"Abaa tienda online\"},\"image\":{\"@id\":\"https:\/\/abaa.mx\/tienda\/#\/schema\/logo\/image\/\"}}]}<\/script>\n<!-- \/ Yoast SEO plugin. -->","yoast_head_json":{"title":"Registrador en tr\u00e1nsito flashlink rtl prime 3g, temperatura, humedad, luz, golpes Modelo 22369 - Abaa tienda online","robots":{"index":"index","follow":"follow","max-snippet":"max-snippet:-1","max-image-preview":"max-image-preview:large","max-video-preview":"max-video-preview:-1"},"canonical":"https:\/\/abaa.mx\/tienda\/registrador-en-transito-flashlink-rtl-prime-3g-temperatura-humedad-luz-golpes-modelo-22369\/","og_locale":"es_MX","og_type":"article","og_title":"Registrador en tr\u00e1nsito flashlink rtl prime 3g, temperatura, humedad, luz, golpes Modelo 22369 - Abaa tienda online","og_description":"Caracter\u00edsticas\u00a0   Controle la temperatura, la humedad, la luz y los golpes durante el transporte y el almacenamiento  No es necesario abrir la caja de env\u00edo o la puerta del veh\u00edculo para leer los datos  Datos de ubicaci\u00f3n trazados en Google Maps Alerta del sensor de luz cuando se abren las puertas de la caja o del veh\u00edculo, para mayor seguridad  El sensor de impacto detecta el impacto f\u00edsico y la vibraci\u00f3n  Los datos se cargan autom\u00e1ticamente al servicio en la nube 24 horas al d\u00eda, 7 d\u00edas a la semana  Memoria integrada que registra datos cada 10 minutos  Opci\u00f3n para descargar el informe en PDF a la PC con un cable USB","og_url":"https:\/\/abaa.mx\/tienda\/registrador-en-transito-flashlink-rtl-prime-3g-temperatura-humedad-luz-golpes-modelo-22369\/","og_site_name":"Abaa tienda online","article_modified_time":"2023-09-15T15:19:48+00:00","og_image":[{"width":673,"height":1000,"url":"https:\/\/abaa.mx\/tienda\/wp-content\/uploads\/2023\/09\/22369.jpg","type":"image\/jpeg"}],"twitter_card":"summary_large_image","twitter_misc":{"Tiempo de lectura":"3 minutos"},"schema":{"@context":"https:\/\/schema.org","@graph":[{"@type":"WebPage","@id":"https:\/\/abaa.mx\/tienda\/registrador-en-transito-flashlink-rtl-prime-3g-temperatura-humedad-luz-golpes-modelo-22369\/","url":"https:\/\/abaa.mx\/tienda\/registrador-en-transito-flashlink-rtl-prime-3g-temperatura-humedad-luz-golpes-modelo-22369\/","name":"Registrador en tr\u00e1nsito flashlink rtl prime 3g, temperatura, humedad, luz, golpes Modelo 22369 - Abaa tienda online","isPartOf":{"@id":"https:\/\/abaa.mx\/tienda\/#website"},"primaryImageOfPage":{"@id":"https:\/\/abaa.mx\/tienda\/registrador-en-transito-flashlink-rtl-prime-3g-temperatura-humedad-luz-golpes-modelo-22369\/#primaryimage"},"image":{"@id":"https:\/\/abaa.mx\/tienda\/registrador-en-transito-flashlink-rtl-prime-3g-temperatura-humedad-luz-golpes-modelo-22369\/#primaryimage"},"thumbnailUrl":"https:\/\/abaa.mx\/tienda\/wp-content\/uploads\/2023\/09\/22369.jpg","datePublished":"2023-09-15T15:19:47+00:00","dateModified":"2023-09-15T15:19:48+00:00","breadcrumb":{"@id":"https:\/\/abaa.mx\/tienda\/registrador-en-transito-flashlink-rtl-prime-3g-temperatura-humedad-luz-golpes-modelo-22369\/#breadcrumb"},"inLanguage":"es","potentialAction":[{"@type":"ReadAction","target":["https:\/\/abaa.mx\/tienda\/registrador-en-transito-flashlink-rtl-prime-3g-temperatura-humedad-luz-golpes-modelo-22369\/"]}]},{"@type":"ImageObject","inLanguage":"es","@id":"https:\/\/abaa.mx\/tienda\/registrador-en-transito-flashlink-rtl-prime-3g-temperatura-humedad-luz-golpes-modelo-22369\/#primaryimage","url":"https:\/\/abaa.mx\/tienda\/wp-content\/uploads\/2023\/09\/22369.jpg","contentUrl":"https:\/\/abaa.mx\/tienda\/wp-content\/uploads\/2023\/09\/22369.jpg","width":673,"height":1000,"caption":"registrador-en-transito-flashlink-rtl-prime-3g-temperatura-humedad-luz-golpes-modelo-22369"},{"@type":"BreadcrumbList","@id":"https:\/\/abaa.mx\/tienda\/registrador-en-transito-flashlink-rtl-prime-3g-temperatura-humedad-luz-golpes-modelo-22369\/#breadcrumb","itemListElement":[{"@type":"ListItem","position":1,"name":"Inicio","item":"https:\/\/abaa.mx\/tienda\/"},{"@type":"ListItem","position":2,"name":"Tienda","item":"https:\/\/abaa.mx\/tienda\/"},{"@type":"ListItem","position":3,"name":"Registrador en tr\u00e1nsito flashlink rtl prime 3g, temperatura, humedad, luz, golpes Modelo 22369"}]},{"@type":"WebSite","@id":"https:\/\/abaa.mx\/tienda\/#website","url":"https:\/\/abaa.mx\/tienda\/","name":"Abaa tienda online","description":"Instrumentos de medici\u00f3n","publisher":{"@id":"https:\/\/abaa.mx\/tienda\/#organization"},"potentialAction":[{"@type":"SearchAction","target":{"@type":"EntryPoint","urlTemplate":"https:\/\/abaa.mx\/tienda\/?s={search_term_string}"},"query-input":{"@type":"PropertyValueSpecification","valueRequired":true,"valueName":"search_term_string"}}],"inLanguage":"es"},{"@type":"Organization","@id":"https:\/\/abaa.mx\/tienda\/#organization","name":"Abaa tienda online","url":"https:\/\/abaa.mx\/tienda\/","logo":{"@type":"ImageObject","inLanguage":"es","@id":"https:\/\/abaa.mx\/tienda\/#\/schema\/logo\/image\/","url":"https:\/\/abaa.mx\/tienda\/wp-content\/uploads\/2024\/01\/abaa-metrologia-tienda.png","contentUrl":"https:\/\/abaa.mx\/tienda\/wp-content\/uploads\/2024\/01\/abaa-metrologia-tienda.png","width":300,"height":141,"caption":"Abaa tienda online"},"image":{"@id":"https:\/\/abaa.mx\/tienda\/#\/schema\/logo\/image\/"}}]}},"_links":{"self":[{"href":"https:\/\/abaa.mx\/tienda\/wp-json\/wp\/v2\/product\/1650","targetHints":{"allow":["GET"]}}],"collection":[{"href":"https:\/\/abaa.mx\/tienda\/wp-json\/wp\/v2\/product"}],"about":[{"href":"https:\/\/abaa.mx\/tienda\/wp-json\/wp\/v2\/types\/product"}],"replies":[{"embeddable":true,"href":"https:\/\/abaa.mx\/tienda\/wp-json\/wp\/v2\/comments?post=1650"}],"wp:featuredmedia":[{"embeddable":true,"href":"https:\/\/abaa.mx\/tienda\/wp-json\/wp\/v2\/media\/1652"}],"wp:attachment":[{"href":"https:\/\/abaa.mx\/tienda\/wp-json\/wp\/v2\/media?parent=1650"}],"wp:term":[{"taxonomy":"product_brand","embeddable":true,"href":"https:\/\/abaa.mx\/tienda\/wp-json\/wp\/v2\/product_brand?post=1650"},{"taxonomy":"product_cat","embeddable":true,"href":"https:\/\/abaa.mx\/tienda\/wp-json\/wp\/v2\/product_cat?post=1650"},{"taxonomy":"product_tag","embeddable":true,"href":"https:\/\/abaa.mx\/tienda\/wp-json\/wp\/v2\/product_tag?post=1650"}],"curies":[{"name":"wp","href":"https:\/\/api.w.org\/{rel}","templated":true}]}}