{"id":1649,"date":"2023-09-15T15:18:28","date_gmt":"2023-09-15T15:18:28","guid":{"rendered":"https:\/\/abaa.mx\/tienda\/?post_type=product&#038;p=1649"},"modified":"2023-09-15T15:18:28","modified_gmt":"2023-09-15T15:18:28","slug":"testo-174-t-mini-registrador-de-datos-de-temperatura","status":"publish","type":"product","link":"https:\/\/abaa.mx\/tienda\/testo-174-t-mini-registrador-de-datos-de-temperatura\/","title":{"rendered":"testo 174 T &#8211; Mini registrador de datos de temperatura"},"content":{"rendered":"<div class=\"c2a-tabSection m-tabs\">\n<div id=\"tab-details\" class=\"large-12 column m-tab-pdp\">\n<div class=\"medium-8\">\n<h3>Descripci\u00f3n del producto<\/h3>\n<article class=\"child-1 paragraph\">Si profesionalmente tiene que trabajar con alimentos o productos farmac\u00e9uticos, sabr\u00e1 que la temperatura de almacenamiento de las mercanc\u00edas bajo ninguna circunstancia debe exceder determinados l\u00edmites. El mini registrador de datos de temperatura testo 174 T le puede ayudar a mantener la temperatura especificada. Registra los valores de temperatura de manera segura garantizando as\u00ed una documentaci\u00f3n y registro ininterrumpidos de los datos de medici\u00f3n.<\/p>\n<div><\/div>\n<div>\n<ul class=\"list-elements\">\n<li>Memoria de datos para 16\u202f000 valores de temperatura, aprox. 500 d\u00edas de duraci\u00f3n de la pila<\/li>\n<li>Sin p\u00e9rdida de datos incluso con la pila vac\u00eda<\/li>\n<li>Estanco seg\u00fan IP 65, conforme a APPCC y certificado seg\u00fan la norma EN 12830<\/li>\n<li>Evaluaci\u00f3n de los datos: tres posibles versiones de programa para elegir, la versi\u00f3n b\u00e1sica est\u00e1 disponible gratuitamente para su descarga<\/li>\n<\/ul>\n<h3>Estas son las prestaciones del mini data logger de temperatura testo 174 T<\/h3>\n<div><\/div>\n<p>Con el mini registrador de datos de temperatura testo 174 T, puede almacenar de forma segura hasta 16\u202f000 valores. Incluso con la pila vac\u00eda o al cambiarla, los datos de medici\u00f3n almacenados no se pierden. De este modo, se garantiza un alto nivel de protecci\u00f3n de los datos. Gracias a su gran pantalla, podr\u00e1 leer f\u00e1cil y r\u00e1pidamente el valor actual de temperatura y los posibles incumplimientos de los valores l\u00edmites. El sensor NTC integrado procura una alta exactitud. Su amplio rango de medici\u00f3n de -30 hasta +70 \u00b0C y su dise\u00f1o compacto convierten al data logger de temperatura testo 174 T en un medidor ideal para casi cualquier registro de temperatura.<\/p><\/div>\n<div>\nEl mini registrador de datos de temperatura testo 174 T cumple con los requisitos de la norma EN 12830, es conforme a las normativas APPCC, dispone de la certificaci\u00f3n de HACCP International y, por tanto, es ideal para las mediciones en la industria alimentaria (p. ej., para la medici\u00f3n de la temperatura de almacenamiento). Especialmente pr\u00e1ctico: el registrador de datos es resistente a salpicaduras o chorros de agua seg\u00fan protecci\u00f3n IP 65. De esta manera, puede permanecer en el lugar de la medici\u00f3n durante la limpieza de los almacenes. El registrador de datos de temperatura tambi\u00e9n es adecuado para el control de la temperatura en c\u00e1maras frigor\u00edficas y almacenes refrigerados porque se puede utilizar con temperaturas de hasta -30 \u00b0C.<\/p>\n<h3><\/h3>\n<h3>Programaci\u00f3n y evaluaci\u00f3n del data logger de temperatura<\/h3>\n<div><\/div>\n<p>Para la programaci\u00f3n y la lectura de su registrador de datos de temperatura, as\u00ed como para la evaluaci\u00f3n de los datos medidos en un ordenador, se puede elegir entre tres versiones del programa:<\/p>\n<ul>\n<li><strong>ComSoft B\u00e1sico<\/strong>\u00a0\u2013 disponible para su descarga gratuita &#8211; para la programaci\u00f3n r\u00e1pida del mini registrador de datos de temperatura y un an\u00e1lisis f\u00e1cil de los datos de medici\u00f3n<\/li>\n<li><strong>ComSoft Profesional\u00a0<\/strong>\u2013 disponible opcionalmente &#8211; ofrece varias posibilidades para la evaluaci\u00f3n detallada de los valores de temperatura<\/li>\n<li><strong>ComSoft CFR 21 Parte 11<\/strong>\u00a0\u2013 disponible opcionalmente &#8211; ideal para los requisitos especiales de acuerdo con CFR 21 parte 11 en el sector farmac\u00e9utico<\/li>\n<\/ul>\n<div><\/div>\n<p>Para la programaci\u00f3n y la lectura de su registrador de datos de temperatura se requiere una interfaz USB.<\/p>\n<p><strong>Attenzione:<\/strong>\u00a0prima di mettere in funzione l\u2019interfaccia USB, scaricare la versione software aggiornata. Quest\u2019ultima si trova nell\u2019area Download.<\/div>\n<\/article>\n<h3>Volumen de suministro<\/h3>\n<article class=\"child-2 paragraph\">Mini registrador de datos de temperatura testo 174T, soporte de pared, pilas (2 x CR 2032 de litio) y protocolo de calibraci\u00f3n.<\/article>\n<\/div>\n<div class=\"medium-4\">\n<div class=\"m-cert large-12 column\"><\/div>\n<\/div>\n<\/div>\n<\/div>\n<hr \/>\n<div class=\"c2a-tabSection m-tabs\">\n<div id=\"tab-technicalData\" class=\"large-12 column m-data-tab\">\n<h2>Datos t\u00e9cnicos<\/h2>\n<table>\n<colgroup>\n<col class=\"colWidth25\" \/>\n<col \/><\/colgroup>\n<thead>\n<tr>\n<th colspan=\"2\">Datos t\u00e9cnicos generales<\/th>\n<\/tr>\n<\/thead>\n<tbody>\n<tr>\n<td class=\"table-bold\">Peso<\/td>\n<td>35 g<\/td>\n<\/tr>\n<tr>\n<td class=\"table-bold\">Medidas<\/td>\n<td>60 X 38 X 18,5 mm<\/td>\n<\/tr>\n<tr>\n<td class=\"table-bold\">Temperatura de funcionamiento<\/td>\n<td>-30 hasta 70 \u00baC<\/td>\n<\/tr>\n<tr>\n<td class=\"table-bold\">Material de la carcasa \/ del producto<\/td>\n<td>Pl\u00e1stico<\/td>\n<\/tr>\n<tr>\n<td class=\"table-bold\">Clase de protecci\u00f3n<\/td>\n<td>IP65<\/td>\n<\/tr>\n<tr>\n<td class=\"table-bold\">Canales<\/td>\n<td>1 externo<\/td>\n<\/tr>\n<tr>\n<td class=\"table-bold\">Color del producto<\/td>\n<td>blanco<\/td>\n<\/tr>\n<tr>\n<td class=\"table-bold\">Norma<\/td>\n<td>Directriz UE 2014\/30\/EU; 2011\/65\/EU<\/td>\n<\/tr>\n<tr>\n<td class=\"table-bold\">Intervalo de medici\u00f3n<\/td>\n<td>1 min &#8211; 24 h<\/td>\n<\/tr>\n<tr>\n<td class=\"table-bold\">Tipo de bater\u00eda<\/td>\n<td>2 pilas bot\u00f3n (3 V, CR 2032)<\/td>\n<\/tr>\n<tr>\n<td class=\"table-bold\">Autonom\u00eda<\/td>\n<td>500 d\u00edas (15\u2019 intervalo de medici\u00f3n a +25 \u00b0C)<\/td>\n<\/tr>\n<tr>\n<td class=\"table-bold\">Memoria<\/td>\n<td>16.000 valor medido<\/td>\n<\/tr>\n<tr>\n<td class=\"table-bold\">Temperatura de almacenamiento<\/td>\n<td>-40 hasta +70 \u00baC<\/td>\n<\/tr>\n<\/tbody>\n<\/table>\n<table>\n<colgroup>\n<col class=\"colWidth25\" \/>\n<col \/><\/colgroup>\n<thead>\n<tr>\n<th colspan=\"2\">NTC<\/th>\n<\/tr>\n<\/thead>\n<tbody>\n<tr>\n<td class=\"table-bold\">Rango<\/td>\n<td>-30 hasta +70 \u00baC<\/td>\n<\/tr>\n<tr>\n<td class=\"table-bold\">Exactitud<\/td>\n<td>\u00b10,5 \u00baC (-30 hasta +70 \u00baC)<\/td>\n<\/tr>\n<tr>\n<td class=\"table-bold\">Resoluci\u00f3n<\/td>\n<td>0,1 \u00baC<\/td>\n<\/tr>\n<\/tbody>\n<\/table>\n<\/div>\n<\/div>\n","protected":false},"excerpt":{"rendered":"<p>Si profesionalmente tiene que trabajar con alimentos o productos farmac\u00e9uticos, sabr\u00e1 que la temperatura de almacenamiento de las mercanc\u00edas bajo ninguna circunstancia debe exceder determinados l\u00edmites. El mini registrador de datos de temperatura testo 174 T le puede ayudar a mantener la temperatura especificada. Registra los valores de temperatura de manera segura garantizando as\u00ed una documentaci\u00f3n y registro ininterrumpidos de los datos de medici\u00f3n.<\/p>\n","protected":false},"featured_media":1651,"comment_status":"open","ping_status":"closed","template":"","meta":{"_joinchat":[]},"product_brand":[],"product_cat":[15],"product_tag":[],"class_list":{"0":"post-1649","1":"product","2":"type-product","3":"status-publish","4":"has-post-thumbnail","6":"product_cat-sin-categorizar","8":"first","9":"instock","10":"shipping-taxable","11":"product-type-simple"},"yoast_head":"<!-- This site is optimized with the Yoast SEO plugin v26.4 - https:\/\/yoast.com\/wordpress\/plugins\/seo\/ -->\n<title>testo 174 T - Mini registrador de datos de temperatura - Abaa tienda online<\/title>\n<meta name=\"robots\" content=\"index, follow, max-snippet:-1, max-image-preview:large, max-video-preview:-1\" \/>\n<link rel=\"canonical\" href=\"https:\/\/abaa.mx\/tienda\/testo-174-t-mini-registrador-de-datos-de-temperatura\/\" \/>\n<meta property=\"og:locale\" content=\"es_MX\" \/>\n<meta property=\"og:type\" content=\"article\" \/>\n<meta property=\"og:title\" content=\"testo 174 T - Mini registrador de datos de temperatura - Abaa tienda online\" \/>\n<meta property=\"og:description\" content=\"Si profesionalmente tiene que trabajar con alimentos o productos farmac\u00e9uticos, sabr\u00e1 que la temperatura de almacenamiento de las mercanc\u00edas bajo ninguna circunstancia debe exceder determinados l\u00edmites. El mini registrador de datos de temperatura testo 174 T le puede ayudar a mantener la temperatura especificada. Registra los valores de temperatura de manera segura garantizando as\u00ed una documentaci\u00f3n y registro ininterrumpidos de los datos de medici\u00f3n.\" \/>\n<meta property=\"og:url\" content=\"https:\/\/abaa.mx\/tienda\/testo-174-t-mini-registrador-de-datos-de-temperatura\/\" \/>\n<meta property=\"og:site_name\" content=\"Abaa tienda online\" \/>\n<meta property=\"og:image\" content=\"https:\/\/abaa.mx\/tienda\/wp-content\/uploads\/2023\/09\/REGISTRADO-DE-TEMPERATURA.jpg\" \/>\n\t<meta property=\"og:image:width\" content=\"2000\" \/>\n\t<meta property=\"og:image:height\" content=\"1500\" \/>\n\t<meta property=\"og:image:type\" content=\"image\/jpeg\" \/>\n<meta name=\"twitter:card\" content=\"summary_large_image\" \/>\n<meta name=\"twitter:label1\" content=\"Tiempo de lectura\" \/>\n\t<meta name=\"twitter:data1\" content=\"3 minutos\" \/>\n<script type=\"application\/ld+json\" class=\"yoast-schema-graph\">{\"@context\":\"https:\/\/schema.org\",\"@graph\":[{\"@type\":\"WebPage\",\"@id\":\"https:\/\/abaa.mx\/tienda\/testo-174-t-mini-registrador-de-datos-de-temperatura\/\",\"url\":\"https:\/\/abaa.mx\/tienda\/testo-174-t-mini-registrador-de-datos-de-temperatura\/\",\"name\":\"testo 174 T - Mini registrador de datos de temperatura - Abaa tienda online\",\"isPartOf\":{\"@id\":\"https:\/\/abaa.mx\/tienda\/#website\"},\"primaryImageOfPage\":{\"@id\":\"https:\/\/abaa.mx\/tienda\/testo-174-t-mini-registrador-de-datos-de-temperatura\/#primaryimage\"},\"image\":{\"@id\":\"https:\/\/abaa.mx\/tienda\/testo-174-t-mini-registrador-de-datos-de-temperatura\/#primaryimage\"},\"thumbnailUrl\":\"https:\/\/abaa.mx\/tienda\/wp-content\/uploads\/2023\/09\/REGISTRADO-DE-TEMPERATURA.jpg\",\"datePublished\":\"2023-09-15T15:18:28+00:00\",\"breadcrumb\":{\"@id\":\"https:\/\/abaa.mx\/tienda\/testo-174-t-mini-registrador-de-datos-de-temperatura\/#breadcrumb\"},\"inLanguage\":\"es\",\"potentialAction\":[{\"@type\":\"ReadAction\",\"target\":[\"https:\/\/abaa.mx\/tienda\/testo-174-t-mini-registrador-de-datos-de-temperatura\/\"]}]},{\"@type\":\"ImageObject\",\"inLanguage\":\"es\",\"@id\":\"https:\/\/abaa.mx\/tienda\/testo-174-t-mini-registrador-de-datos-de-temperatura\/#primaryimage\",\"url\":\"https:\/\/abaa.mx\/tienda\/wp-content\/uploads\/2023\/09\/REGISTRADO-DE-TEMPERATURA.jpg\",\"contentUrl\":\"https:\/\/abaa.mx\/tienda\/wp-content\/uploads\/2023\/09\/REGISTRADO-DE-TEMPERATURA.jpg\",\"width\":2000,\"height\":1500,\"caption\":\"REGISTRADO DE TEMPERATURA\"},{\"@type\":\"BreadcrumbList\",\"@id\":\"https:\/\/abaa.mx\/tienda\/testo-174-t-mini-registrador-de-datos-de-temperatura\/#breadcrumb\",\"itemListElement\":[{\"@type\":\"ListItem\",\"position\":1,\"name\":\"Inicio\",\"item\":\"https:\/\/abaa.mx\/tienda\/\"},{\"@type\":\"ListItem\",\"position\":2,\"name\":\"Tienda\",\"item\":\"https:\/\/abaa.mx\/tienda\/\"},{\"@type\":\"ListItem\",\"position\":3,\"name\":\"testo 174 T &#8211; Mini registrador de datos de temperatura\"}]},{\"@type\":\"WebSite\",\"@id\":\"https:\/\/abaa.mx\/tienda\/#website\",\"url\":\"https:\/\/abaa.mx\/tienda\/\",\"name\":\"Abaa tienda online\",\"description\":\"Instrumentos de medici\u00f3n\",\"publisher\":{\"@id\":\"https:\/\/abaa.mx\/tienda\/#organization\"},\"potentialAction\":[{\"@type\":\"SearchAction\",\"target\":{\"@type\":\"EntryPoint\",\"urlTemplate\":\"https:\/\/abaa.mx\/tienda\/?s={search_term_string}\"},\"query-input\":{\"@type\":\"PropertyValueSpecification\",\"valueRequired\":true,\"valueName\":\"search_term_string\"}}],\"inLanguage\":\"es\"},{\"@type\":\"Organization\",\"@id\":\"https:\/\/abaa.mx\/tienda\/#organization\",\"name\":\"Abaa tienda online\",\"url\":\"https:\/\/abaa.mx\/tienda\/\",\"logo\":{\"@type\":\"ImageObject\",\"inLanguage\":\"es\",\"@id\":\"https:\/\/abaa.mx\/tienda\/#\/schema\/logo\/image\/\",\"url\":\"https:\/\/abaa.mx\/tienda\/wp-content\/uploads\/2024\/01\/abaa-metrologia-tienda.png\",\"contentUrl\":\"https:\/\/abaa.mx\/tienda\/wp-content\/uploads\/2024\/01\/abaa-metrologia-tienda.png\",\"width\":300,\"height\":141,\"caption\":\"Abaa tienda online\"},\"image\":{\"@id\":\"https:\/\/abaa.mx\/tienda\/#\/schema\/logo\/image\/\"}}]}<\/script>\n<!-- \/ Yoast SEO plugin. -->","yoast_head_json":{"title":"testo 174 T - Mini registrador de datos de temperatura - Abaa tienda online","robots":{"index":"index","follow":"follow","max-snippet":"max-snippet:-1","max-image-preview":"max-image-preview:large","max-video-preview":"max-video-preview:-1"},"canonical":"https:\/\/abaa.mx\/tienda\/testo-174-t-mini-registrador-de-datos-de-temperatura\/","og_locale":"es_MX","og_type":"article","og_title":"testo 174 T - Mini registrador de datos de temperatura - Abaa tienda online","og_description":"Si profesionalmente tiene que trabajar con alimentos o productos farmac\u00e9uticos, sabr\u00e1 que la temperatura de almacenamiento de las mercanc\u00edas bajo ninguna circunstancia debe exceder determinados l\u00edmites. El mini registrador de datos de temperatura testo 174 T le puede ayudar a mantener la temperatura especificada. Registra los valores de temperatura de manera segura garantizando as\u00ed una documentaci\u00f3n y registro ininterrumpidos de los datos de medici\u00f3n.","og_url":"https:\/\/abaa.mx\/tienda\/testo-174-t-mini-registrador-de-datos-de-temperatura\/","og_site_name":"Abaa tienda online","og_image":[{"width":2000,"height":1500,"url":"https:\/\/abaa.mx\/tienda\/wp-content\/uploads\/2023\/09\/REGISTRADO-DE-TEMPERATURA.jpg","type":"image\/jpeg"}],"twitter_card":"summary_large_image","twitter_misc":{"Tiempo de lectura":"3 minutos"},"schema":{"@context":"https:\/\/schema.org","@graph":[{"@type":"WebPage","@id":"https:\/\/abaa.mx\/tienda\/testo-174-t-mini-registrador-de-datos-de-temperatura\/","url":"https:\/\/abaa.mx\/tienda\/testo-174-t-mini-registrador-de-datos-de-temperatura\/","name":"testo 174 T - Mini registrador de datos de temperatura - Abaa tienda online","isPartOf":{"@id":"https:\/\/abaa.mx\/tienda\/#website"},"primaryImageOfPage":{"@id":"https:\/\/abaa.mx\/tienda\/testo-174-t-mini-registrador-de-datos-de-temperatura\/#primaryimage"},"image":{"@id":"https:\/\/abaa.mx\/tienda\/testo-174-t-mini-registrador-de-datos-de-temperatura\/#primaryimage"},"thumbnailUrl":"https:\/\/abaa.mx\/tienda\/wp-content\/uploads\/2023\/09\/REGISTRADO-DE-TEMPERATURA.jpg","datePublished":"2023-09-15T15:18:28+00:00","breadcrumb":{"@id":"https:\/\/abaa.mx\/tienda\/testo-174-t-mini-registrador-de-datos-de-temperatura\/#breadcrumb"},"inLanguage":"es","potentialAction":[{"@type":"ReadAction","target":["https:\/\/abaa.mx\/tienda\/testo-174-t-mini-registrador-de-datos-de-temperatura\/"]}]},{"@type":"ImageObject","inLanguage":"es","@id":"https:\/\/abaa.mx\/tienda\/testo-174-t-mini-registrador-de-datos-de-temperatura\/#primaryimage","url":"https:\/\/abaa.mx\/tienda\/wp-content\/uploads\/2023\/09\/REGISTRADO-DE-TEMPERATURA.jpg","contentUrl":"https:\/\/abaa.mx\/tienda\/wp-content\/uploads\/2023\/09\/REGISTRADO-DE-TEMPERATURA.jpg","width":2000,"height":1500,"caption":"REGISTRADO DE TEMPERATURA"},{"@type":"BreadcrumbList","@id":"https:\/\/abaa.mx\/tienda\/testo-174-t-mini-registrador-de-datos-de-temperatura\/#breadcrumb","itemListElement":[{"@type":"ListItem","position":1,"name":"Inicio","item":"https:\/\/abaa.mx\/tienda\/"},{"@type":"ListItem","position":2,"name":"Tienda","item":"https:\/\/abaa.mx\/tienda\/"},{"@type":"ListItem","position":3,"name":"testo 174 T &#8211; Mini registrador de datos de temperatura"}]},{"@type":"WebSite","@id":"https:\/\/abaa.mx\/tienda\/#website","url":"https:\/\/abaa.mx\/tienda\/","name":"Abaa tienda online","description":"Instrumentos de medici\u00f3n","publisher":{"@id":"https:\/\/abaa.mx\/tienda\/#organization"},"potentialAction":[{"@type":"SearchAction","target":{"@type":"EntryPoint","urlTemplate":"https:\/\/abaa.mx\/tienda\/?s={search_term_string}"},"query-input":{"@type":"PropertyValueSpecification","valueRequired":true,"valueName":"search_term_string"}}],"inLanguage":"es"},{"@type":"Organization","@id":"https:\/\/abaa.mx\/tienda\/#organization","name":"Abaa tienda online","url":"https:\/\/abaa.mx\/tienda\/","logo":{"@type":"ImageObject","inLanguage":"es","@id":"https:\/\/abaa.mx\/tienda\/#\/schema\/logo\/image\/","url":"https:\/\/abaa.mx\/tienda\/wp-content\/uploads\/2024\/01\/abaa-metrologia-tienda.png","contentUrl":"https:\/\/abaa.mx\/tienda\/wp-content\/uploads\/2024\/01\/abaa-metrologia-tienda.png","width":300,"height":141,"caption":"Abaa tienda online"},"image":{"@id":"https:\/\/abaa.mx\/tienda\/#\/schema\/logo\/image\/"}}]}},"_links":{"self":[{"href":"https:\/\/abaa.mx\/tienda\/wp-json\/wp\/v2\/product\/1649","targetHints":{"allow":["GET"]}}],"collection":[{"href":"https:\/\/abaa.mx\/tienda\/wp-json\/wp\/v2\/product"}],"about":[{"href":"https:\/\/abaa.mx\/tienda\/wp-json\/wp\/v2\/types\/product"}],"replies":[{"embeddable":true,"href":"https:\/\/abaa.mx\/tienda\/wp-json\/wp\/v2\/comments?post=1649"}],"wp:featuredmedia":[{"embeddable":true,"href":"https:\/\/abaa.mx\/tienda\/wp-json\/wp\/v2\/media\/1651"}],"wp:attachment":[{"href":"https:\/\/abaa.mx\/tienda\/wp-json\/wp\/v2\/media?parent=1649"}],"wp:term":[{"taxonomy":"product_brand","embeddable":true,"href":"https:\/\/abaa.mx\/tienda\/wp-json\/wp\/v2\/product_brand?post=1649"},{"taxonomy":"product_cat","embeddable":true,"href":"https:\/\/abaa.mx\/tienda\/wp-json\/wp\/v2\/product_cat?post=1649"},{"taxonomy":"product_tag","embeddable":true,"href":"https:\/\/abaa.mx\/tienda\/wp-json\/wp\/v2\/product_tag?post=1649"}],"curies":[{"name":"wp","href":"https:\/\/api.w.org\/{rel}","templated":true}]}}