{"id":1643,"date":"2023-09-15T15:10:08","date_gmt":"2023-09-15T15:10:08","guid":{"rendered":"https:\/\/abaa.mx\/tienda\/?post_type=product&#038;p=1643"},"modified":"2023-12-11T15:32:10","modified_gmt":"2023-12-11T15:32:10","slug":"registrador-usb-un-practico-aliado-para-las-mediciones-a-largo-plazo","status":"publish","type":"product","link":"https:\/\/abaa.mx\/tienda\/registrador-usb-un-practico-aliado-para-las-mediciones-a-largo-plazo\/","title":{"rendered":"Registrador usb: un pr\u00e1ctico aliado para las mediciones a largo plazo"},"content":{"rendered":"<p>Registrador USB: un pr\u00e1ctico aliado para las mediciones a largo plazo<br \/>\nEn multitud de entornos de trabajo es necesario registrar de manera continua y fiable datos relativos a par\u00e1metros como la temperatura o la humedad ambiental. Los protocolos de datos continuos y verificables son obligatorios, por ejemplo, en la industria de la alimentaci\u00f3n. Al mismo tiempo, el monitoreo constante de los datos sirve para detectar a tiempo las \u00e1reas problem\u00e1ticas. La medici\u00f3n y el registro precisos de los datos son coser y cantar con un registrador de datos USB. Gracias a su pr\u00e1ctica interfaz USB, el paquete de datos se puede leer directamente en el PC y analizar con el software correspondiente.<\/p>\n<p>Los registradores de datos USB convencen por sus caracter\u00edsticas:<\/p>\n<p>uso sencillo: estacionario port\u00e1til;<br \/>\nregistro preciso de los datos;<br \/>\nintervalo de medici\u00f3n ajustable;<br \/>\nconexi\u00f3n r\u00e1pida al PC;<br \/>\namplia gama de instrumentos, como los registradores de datos de choque.<\/p>\n<header>\n<h2 class=\"s2 title\">Analizador USB: no se requiere mano de obra adicional<\/h2>\n<\/header>\n<div class=\"paragraph\">\n<p>Tanto en la industria de la alimentaci\u00f3n como en los laboratorios de calibraci\u00f3n es preciso realizar mediciones de manera constante y peri\u00f3dica, por lo que es pr\u00e1cticamente imposible que un trabajador pueda ocuparse de estas tareas. Si bien en el pasado se dispon\u00eda de suficiente de mano de obra para asumir estas tareas, hoy en d\u00eda la creciente carga de trabajo tiene que ser cubierta por cada vez menos empleados.<\/p>\n<p>Los\u00a0registradores de datos de presi\u00f3n, temperatura y otros valores son la soluci\u00f3n perfecta, porque el registro y el almacenamiento de los datos se llevan a cabo de manera plenamente autom\u00e1tica y no requieren la intervenci\u00f3n de los empleados. La lectura de los datos se convierte pr\u00e1cticamente en una tarea secundaria. En los controles de calidad internos o cuando sea obligatorio registrar los datos de medici\u00f3n, los registradores de datos USB ser\u00e1n una soluci\u00f3n eficaz para una tarea que requiere mucho trabajo.<\/p>\n<\/div>\n","protected":false},"excerpt":{"rendered":"<p>Registrador USB: un pr\u00e1ctico aliado para las mediciones a largo plazo<br \/>\nEn multitud de entornos de trabajo es necesario registrar de manera continua y fiable datos relativos a par\u00e1metros como la temperatura o la humedad ambiental. Los protocolos de datos continuos y verificables son obligatorios, por ejemplo, en la industria de la alimentaci\u00f3n. Al mismo tiempo, el monitoreo constante de los datos sirve para detectar a tiempo las \u00e1reas problem\u00e1ticas. La medici\u00f3n y el registro precisos de los datos son coser y cantar con un registrador de datos USB. Gracias a su pr\u00e1ctica interfaz USB, el paquete de datos se puede leer directamente en el PC y analizar con el software correspondiente.<\/p>\n","protected":false},"featured_media":9724,"comment_status":"open","ping_status":"closed","template":"","meta":{"_joinchat":[]},"product_brand":[],"product_cat":[15],"product_tag":[],"class_list":{"0":"post-1643","1":"product","2":"type-product","3":"status-publish","4":"has-post-thumbnail","6":"product_cat-sin-categorizar","8":"first","9":"instock","10":"shipping-taxable","11":"product-type-simple"},"yoast_head":"<!-- This site is optimized with the Yoast SEO plugin v26.4 - https:\/\/yoast.com\/wordpress\/plugins\/seo\/ -->\n<title>Registrador usb: un pr\u00e1ctico aliado para las mediciones a largo plazo - Abaa tienda online<\/title>\n<meta name=\"robots\" content=\"index, follow, max-snippet:-1, max-image-preview:large, max-video-preview:-1\" \/>\n<link rel=\"canonical\" href=\"https:\/\/abaa.mx\/tienda\/registrador-usb-un-practico-aliado-para-las-mediciones-a-largo-plazo\/\" \/>\n<meta property=\"og:locale\" content=\"es_MX\" \/>\n<meta property=\"og:type\" content=\"article\" \/>\n<meta property=\"og:title\" content=\"Registrador usb: un pr\u00e1ctico aliado para las mediciones a largo plazo - Abaa tienda online\" \/>\n<meta property=\"og:description\" content=\"Registrador USB: un pr\u00e1ctico aliado para las mediciones a largo plazo En multitud de entornos de trabajo es necesario registrar de manera continua y fiable datos relativos a par\u00e1metros como la temperatura o la humedad ambiental. Los protocolos de datos continuos y verificables son obligatorios, por ejemplo, en la industria de la alimentaci\u00f3n. Al mismo tiempo, el monitoreo constante de los datos sirve para detectar a tiempo las \u00e1reas problem\u00e1ticas. La medici\u00f3n y el registro precisos de los datos son coser y cantar con un registrador de datos USB. Gracias a su pr\u00e1ctica interfaz USB, el paquete de datos se puede leer directamente en el PC y analizar con el software correspondiente.\" \/>\n<meta property=\"og:url\" content=\"https:\/\/abaa.mx\/tienda\/registrador-usb-un-practico-aliado-para-las-mediciones-a-largo-plazo\/\" \/>\n<meta property=\"og:site_name\" content=\"Abaa tienda online\" \/>\n<meta property=\"article:modified_time\" content=\"2023-12-11T15:32:10+00:00\" \/>\n<meta property=\"og:image\" content=\"https:\/\/abaa.mx\/tienda\/wp-content\/uploads\/2023\/09\/registrador-de-datos-usb.jpeg\" \/>\n\t<meta property=\"og:image:width\" content=\"585\" \/>\n\t<meta property=\"og:image:height\" content=\"800\" \/>\n\t<meta property=\"og:image:type\" content=\"image\/jpeg\" \/>\n<meta name=\"twitter:card\" content=\"summary_large_image\" \/>\n<meta name=\"twitter:label1\" content=\"Tiempo de lectura\" \/>\n\t<meta name=\"twitter:data1\" content=\"2 minutos\" \/>\n<script type=\"application\/ld+json\" class=\"yoast-schema-graph\">{\"@context\":\"https:\/\/schema.org\",\"@graph\":[{\"@type\":\"WebPage\",\"@id\":\"https:\/\/abaa.mx\/tienda\/registrador-usb-un-practico-aliado-para-las-mediciones-a-largo-plazo\/\",\"url\":\"https:\/\/abaa.mx\/tienda\/registrador-usb-un-practico-aliado-para-las-mediciones-a-largo-plazo\/\",\"name\":\"Registrador usb: un pr\u00e1ctico aliado para las mediciones a largo plazo - Abaa tienda online\",\"isPartOf\":{\"@id\":\"https:\/\/abaa.mx\/tienda\/#website\"},\"primaryImageOfPage\":{\"@id\":\"https:\/\/abaa.mx\/tienda\/registrador-usb-un-practico-aliado-para-las-mediciones-a-largo-plazo\/#primaryimage\"},\"image\":{\"@id\":\"https:\/\/abaa.mx\/tienda\/registrador-usb-un-practico-aliado-para-las-mediciones-a-largo-plazo\/#primaryimage\"},\"thumbnailUrl\":\"https:\/\/abaa.mx\/tienda\/wp-content\/uploads\/2023\/09\/registrador-de-datos-usb.jpeg\",\"datePublished\":\"2023-09-15T15:10:08+00:00\",\"dateModified\":\"2023-12-11T15:32:10+00:00\",\"breadcrumb\":{\"@id\":\"https:\/\/abaa.mx\/tienda\/registrador-usb-un-practico-aliado-para-las-mediciones-a-largo-plazo\/#breadcrumb\"},\"inLanguage\":\"es\",\"potentialAction\":[{\"@type\":\"ReadAction\",\"target\":[\"https:\/\/abaa.mx\/tienda\/registrador-usb-un-practico-aliado-para-las-mediciones-a-largo-plazo\/\"]}]},{\"@type\":\"ImageObject\",\"inLanguage\":\"es\",\"@id\":\"https:\/\/abaa.mx\/tienda\/registrador-usb-un-practico-aliado-para-las-mediciones-a-largo-plazo\/#primaryimage\",\"url\":\"https:\/\/abaa.mx\/tienda\/wp-content\/uploads\/2023\/09\/registrador-de-datos-usb.jpeg\",\"contentUrl\":\"https:\/\/abaa.mx\/tienda\/wp-content\/uploads\/2023\/09\/registrador-de-datos-usb.jpeg\",\"width\":585,\"height\":800,\"caption\":\"registrador de datos usb\"},{\"@type\":\"BreadcrumbList\",\"@id\":\"https:\/\/abaa.mx\/tienda\/registrador-usb-un-practico-aliado-para-las-mediciones-a-largo-plazo\/#breadcrumb\",\"itemListElement\":[{\"@type\":\"ListItem\",\"position\":1,\"name\":\"Inicio\",\"item\":\"https:\/\/abaa.mx\/tienda\/\"},{\"@type\":\"ListItem\",\"position\":2,\"name\":\"Tienda\",\"item\":\"https:\/\/abaa.mx\/tienda\/\"},{\"@type\":\"ListItem\",\"position\":3,\"name\":\"Registrador usb: un pr\u00e1ctico aliado para las mediciones a largo plazo\"}]},{\"@type\":\"WebSite\",\"@id\":\"https:\/\/abaa.mx\/tienda\/#website\",\"url\":\"https:\/\/abaa.mx\/tienda\/\",\"name\":\"Abaa tienda online\",\"description\":\"Instrumentos de medici\u00f3n\",\"publisher\":{\"@id\":\"https:\/\/abaa.mx\/tienda\/#organization\"},\"potentialAction\":[{\"@type\":\"SearchAction\",\"target\":{\"@type\":\"EntryPoint\",\"urlTemplate\":\"https:\/\/abaa.mx\/tienda\/?s={search_term_string}\"},\"query-input\":{\"@type\":\"PropertyValueSpecification\",\"valueRequired\":true,\"valueName\":\"search_term_string\"}}],\"inLanguage\":\"es\"},{\"@type\":\"Organization\",\"@id\":\"https:\/\/abaa.mx\/tienda\/#organization\",\"name\":\"Abaa tienda online\",\"url\":\"https:\/\/abaa.mx\/tienda\/\",\"logo\":{\"@type\":\"ImageObject\",\"inLanguage\":\"es\",\"@id\":\"https:\/\/abaa.mx\/tienda\/#\/schema\/logo\/image\/\",\"url\":\"https:\/\/abaa.mx\/tienda\/wp-content\/uploads\/2024\/01\/abaa-metrologia-tienda.png\",\"contentUrl\":\"https:\/\/abaa.mx\/tienda\/wp-content\/uploads\/2024\/01\/abaa-metrologia-tienda.png\",\"width\":300,\"height\":141,\"caption\":\"Abaa tienda online\"},\"image\":{\"@id\":\"https:\/\/abaa.mx\/tienda\/#\/schema\/logo\/image\/\"}}]}<\/script>\n<!-- \/ Yoast SEO plugin. -->","yoast_head_json":{"title":"Registrador usb: un pr\u00e1ctico aliado para las mediciones a largo plazo - Abaa tienda online","robots":{"index":"index","follow":"follow","max-snippet":"max-snippet:-1","max-image-preview":"max-image-preview:large","max-video-preview":"max-video-preview:-1"},"canonical":"https:\/\/abaa.mx\/tienda\/registrador-usb-un-practico-aliado-para-las-mediciones-a-largo-plazo\/","og_locale":"es_MX","og_type":"article","og_title":"Registrador usb: un pr\u00e1ctico aliado para las mediciones a largo plazo - Abaa tienda online","og_description":"Registrador USB: un pr\u00e1ctico aliado para las mediciones a largo plazo En multitud de entornos de trabajo es necesario registrar de manera continua y fiable datos relativos a par\u00e1metros como la temperatura o la humedad ambiental. Los protocolos de datos continuos y verificables son obligatorios, por ejemplo, en la industria de la alimentaci\u00f3n. Al mismo tiempo, el monitoreo constante de los datos sirve para detectar a tiempo las \u00e1reas problem\u00e1ticas. La medici\u00f3n y el registro precisos de los datos son coser y cantar con un registrador de datos USB. Gracias a su pr\u00e1ctica interfaz USB, el paquete de datos se puede leer directamente en el PC y analizar con el software correspondiente.","og_url":"https:\/\/abaa.mx\/tienda\/registrador-usb-un-practico-aliado-para-las-mediciones-a-largo-plazo\/","og_site_name":"Abaa tienda online","article_modified_time":"2023-12-11T15:32:10+00:00","og_image":[{"width":585,"height":800,"url":"https:\/\/abaa.mx\/tienda\/wp-content\/uploads\/2023\/09\/registrador-de-datos-usb.jpeg","type":"image\/jpeg"}],"twitter_card":"summary_large_image","twitter_misc":{"Tiempo de lectura":"2 minutos"},"schema":{"@context":"https:\/\/schema.org","@graph":[{"@type":"WebPage","@id":"https:\/\/abaa.mx\/tienda\/registrador-usb-un-practico-aliado-para-las-mediciones-a-largo-plazo\/","url":"https:\/\/abaa.mx\/tienda\/registrador-usb-un-practico-aliado-para-las-mediciones-a-largo-plazo\/","name":"Registrador usb: un pr\u00e1ctico aliado para las mediciones a largo plazo - Abaa tienda online","isPartOf":{"@id":"https:\/\/abaa.mx\/tienda\/#website"},"primaryImageOfPage":{"@id":"https:\/\/abaa.mx\/tienda\/registrador-usb-un-practico-aliado-para-las-mediciones-a-largo-plazo\/#primaryimage"},"image":{"@id":"https:\/\/abaa.mx\/tienda\/registrador-usb-un-practico-aliado-para-las-mediciones-a-largo-plazo\/#primaryimage"},"thumbnailUrl":"https:\/\/abaa.mx\/tienda\/wp-content\/uploads\/2023\/09\/registrador-de-datos-usb.jpeg","datePublished":"2023-09-15T15:10:08+00:00","dateModified":"2023-12-11T15:32:10+00:00","breadcrumb":{"@id":"https:\/\/abaa.mx\/tienda\/registrador-usb-un-practico-aliado-para-las-mediciones-a-largo-plazo\/#breadcrumb"},"inLanguage":"es","potentialAction":[{"@type":"ReadAction","target":["https:\/\/abaa.mx\/tienda\/registrador-usb-un-practico-aliado-para-las-mediciones-a-largo-plazo\/"]}]},{"@type":"ImageObject","inLanguage":"es","@id":"https:\/\/abaa.mx\/tienda\/registrador-usb-un-practico-aliado-para-las-mediciones-a-largo-plazo\/#primaryimage","url":"https:\/\/abaa.mx\/tienda\/wp-content\/uploads\/2023\/09\/registrador-de-datos-usb.jpeg","contentUrl":"https:\/\/abaa.mx\/tienda\/wp-content\/uploads\/2023\/09\/registrador-de-datos-usb.jpeg","width":585,"height":800,"caption":"registrador de datos usb"},{"@type":"BreadcrumbList","@id":"https:\/\/abaa.mx\/tienda\/registrador-usb-un-practico-aliado-para-las-mediciones-a-largo-plazo\/#breadcrumb","itemListElement":[{"@type":"ListItem","position":1,"name":"Inicio","item":"https:\/\/abaa.mx\/tienda\/"},{"@type":"ListItem","position":2,"name":"Tienda","item":"https:\/\/abaa.mx\/tienda\/"},{"@type":"ListItem","position":3,"name":"Registrador usb: un pr\u00e1ctico aliado para las mediciones a largo plazo"}]},{"@type":"WebSite","@id":"https:\/\/abaa.mx\/tienda\/#website","url":"https:\/\/abaa.mx\/tienda\/","name":"Abaa tienda online","description":"Instrumentos de medici\u00f3n","publisher":{"@id":"https:\/\/abaa.mx\/tienda\/#organization"},"potentialAction":[{"@type":"SearchAction","target":{"@type":"EntryPoint","urlTemplate":"https:\/\/abaa.mx\/tienda\/?s={search_term_string}"},"query-input":{"@type":"PropertyValueSpecification","valueRequired":true,"valueName":"search_term_string"}}],"inLanguage":"es"},{"@type":"Organization","@id":"https:\/\/abaa.mx\/tienda\/#organization","name":"Abaa tienda online","url":"https:\/\/abaa.mx\/tienda\/","logo":{"@type":"ImageObject","inLanguage":"es","@id":"https:\/\/abaa.mx\/tienda\/#\/schema\/logo\/image\/","url":"https:\/\/abaa.mx\/tienda\/wp-content\/uploads\/2024\/01\/abaa-metrologia-tienda.png","contentUrl":"https:\/\/abaa.mx\/tienda\/wp-content\/uploads\/2024\/01\/abaa-metrologia-tienda.png","width":300,"height":141,"caption":"Abaa tienda online"},"image":{"@id":"https:\/\/abaa.mx\/tienda\/#\/schema\/logo\/image\/"}}]}},"_links":{"self":[{"href":"https:\/\/abaa.mx\/tienda\/wp-json\/wp\/v2\/product\/1643","targetHints":{"allow":["GET"]}}],"collection":[{"href":"https:\/\/abaa.mx\/tienda\/wp-json\/wp\/v2\/product"}],"about":[{"href":"https:\/\/abaa.mx\/tienda\/wp-json\/wp\/v2\/types\/product"}],"replies":[{"embeddable":true,"href":"https:\/\/abaa.mx\/tienda\/wp-json\/wp\/v2\/comments?post=1643"}],"wp:featuredmedia":[{"embeddable":true,"href":"https:\/\/abaa.mx\/tienda\/wp-json\/wp\/v2\/media\/9724"}],"wp:attachment":[{"href":"https:\/\/abaa.mx\/tienda\/wp-json\/wp\/v2\/media?parent=1643"}],"wp:term":[{"taxonomy":"product_brand","embeddable":true,"href":"https:\/\/abaa.mx\/tienda\/wp-json\/wp\/v2\/product_brand?post=1643"},{"taxonomy":"product_cat","embeddable":true,"href":"https:\/\/abaa.mx\/tienda\/wp-json\/wp\/v2\/product_cat?post=1643"},{"taxonomy":"product_tag","embeddable":true,"href":"https:\/\/abaa.mx\/tienda\/wp-json\/wp\/v2\/product_tag?post=1643"}],"curies":[{"name":"wp","href":"https:\/\/api.w.org\/{rel}","templated":true}]}}