{"id":1641,"date":"2023-09-15T14:57:24","date_gmt":"2023-09-15T14:57:24","guid":{"rendered":"https:\/\/abaa.mx\/tienda\/?post_type=product&#038;p=1641"},"modified":"2023-09-15T14:57:25","modified_gmt":"2023-09-15T14:57:25","slug":"flashlink-rtl-prime-2g-in-transit-logger-modelo-22362","status":"publish","type":"product","link":"https:\/\/abaa.mx\/tienda\/flashlink-rtl-prime-2g-in-transit-logger-modelo-22362\/","title":{"rendered":"Flashlink rtl prime 2g in-transit logger Modelo 22362"},"content":{"rendered":"<h3><strong>\u00a0<\/strong><\/h3>\n<h1>Flashlink\u00a0rtl prime 2g in-transit logger<\/h1>\n<h3><strong>Modelo\u00a022362<\/strong><\/h3>\n<ul>\n<li>Registradores en tiempo real de redes celulares globales Supervisa la ubicaci\u00f3n, la temperatura y la luz.<\/li>\n<li>Administre de manera proactiva las condiciones de env\u00edo para reducir el riesgo de p\u00e9rdida de productos debido a variaciones de temperatura.<\/li>\n<li>La plataforma FlashTrak Cloud Service ofrece diferentes niveles de acceso para optimizar la experiencia del usuario y la integraci\u00f3n de la API en los sistemas del cliente.<\/li>\n<li>El programa receptor FlashTrak permite a los remitentes compartir el acceso a alertas y condiciones de env\u00edo.<\/li>\n<li>Opci\u00f3n USB para descargar datos y acceder a informes en PDF de los detalles del viaje en caso de que las comunicaciones no est\u00e9n disponibles.<\/li>\n<li>Los sensores de luz lo alertan sobre entradas de env\u00edo no planificadas, lo que ayuda a reducir y evitar posibles robos de productos durante el transporte.<\/li>\n<li>Las opciones de l\u00edneas a\u00e9reas y mar\u00edtimas garantizan que se pueda acceder a todos los datos del viaje e informarlos completamente cuando las transmisiones lo permitan.<\/li>\n<\/ul>\n<div class=\"prod-top\">\n<div class=\"prod-left\">\n<div class=\"prod-app\"><b>Aplicaciones:<\/b>Monitoreo en tiempo real de env\u00edos locales y de exportaci\u00f3n, duraci\u00f3n del viaje hasta 15 d\u00edas.<\/p>\n<p>El registrador en tr\u00e1nsito FlashLink RTL Prime 2G monitorea e informa la temperatura, la ubicaci\u00f3n y la luz durante el transporte de productos sensibles a la temperatura. Es ideal para entregas en \u00e1reas locales y transferencias entre empresas. El seguimiento de las rutas es f\u00e1cil con un tablero en l\u00ednea f\u00e1cil de usar para acceder de forma remota a la informaci\u00f3n y las condiciones en tiempo real en un cami\u00f3n o contenedor, incluso antes de que un env\u00edo llegue al muelle.<\/p>\n<p>Este registrador 2 en 1 proporciona informes que se pueden descargar desde la aplicaci\u00f3n web, adem\u00e1s de un archivo PDF incorporado como respaldo, de modo que los receptores tengan acceso inmediato a los datos del viaje si no hay servicio celular cuando llega una carga. Otras caracter\u00edsticas beneficiosas incluyen la vida \u00fatil de la bater\u00eda de 12 meses y la funci\u00f3n Modo de vuelo, que permite a los remitentes desactivar temporalmente la transmisi\u00f3n durante los env\u00edos a\u00e9reos, de conformidad con las pautas de la FAA. El sensor de luz detecta aperturas de puertas, lo que puede indicar inspecciones y descargas al llegar, o aperturas inesperadas que podr\u00edan deberse a manipulaci\u00f3n de la carga.<\/p>\n<table>\n<caption>FlashLink RTL Prime 2G In-Transit Logger<\/caption>\n<thead>\n<tr>\n<th scope=\"col\">Funci\u00f3n<\/th>\n<th scope=\"col\">Especificaci\u00f3n<\/th>\n<\/tr>\n<\/thead>\n<tfoot>\n<tr>\n<td colspan=\"2\"><\/td>\n<\/tr>\n<\/tfoot>\n<tbody>\n<tr>\n<td>Rango de temperatura<\/td>\n<td>-30 \u00b0C a 70 \u00b0C (-22 \u00b0F a 158 \u00b0F)<\/td>\n<\/tr>\n<tr>\n<td>Precisi\u00f3n de temperatura<\/td>\n<td>\u00b10.5\u00b0C de -10\u00b0C a 45\u00b0C<br \/>\n(\u00b10,9 \u00b0F de 14 \u00b0F a 113 \u00b0F),<br \/>\n\u00b11,0 \u00b0C (2,0 \u00b0F) Otros<\/td>\n<\/tr>\n<tr>\n<td>Resoluci\u00f3n de temperatura<\/td>\n<td>0.1\u00b0F\/\u00b0C<\/td>\n<\/tr>\n<tr>\n<td>Tipo de sensor de temperatura<\/td>\n<td>Sensor de temperatura digital interno (trazable por NIST)<\/p>\n<div><\/div>\n<\/td>\n<\/tr>\n<tr>\n<td>Gama de sensores de luz<\/td>\n<td>0 a 52000 lux<\/p>\n<div><\/div>\n<\/td>\n<\/tr>\n<tr>\n<td>Precisi\u00f3n de detecci\u00f3n de luz<\/td>\n<td>0.01 lux<\/td>\n<\/tr>\n<tr>\n<td>Tipo de uso<\/td>\n<td>De un solo uso<\/td>\n<\/tr>\n<tr>\n<td>Data Capacity<\/td>\n<td>Max 28800 lecturas<\/td>\n<\/tr>\n<tr>\n<td>Intervalo de registro<\/td>\n<td>5 Min.<\/td>\n<\/tr>\n<tr>\n<td>Intervalo de carga de datos<\/td>\n<td>15 Min.<\/td>\n<\/tr>\n<tr>\n<td>Duraci\u00f3n del viaje<\/td>\n<td>15 d\u00edas (basado en intervalos de registro y carga)<\/td>\n<\/tr>\n<tr>\n<td>Celular<\/td>\n<td>GSM de banda cu\u00e1druple global (850, 900, 1800, 1900 MHz), datos GPRS<\/td>\n<\/tr>\n<tr>\n<td>SIM<\/td>\n<td>Integrado interno (roaming de datos global)<\/td>\n<\/tr>\n<tr>\n<td>Espa\u00f1ol Vida \u00fatil de la bater\u00eda<\/td>\n<td>1 a\u00f1o<\/td>\n<\/tr>\n<tr>\n<td>Dimensiones del registrador<\/td>\n<td>103mm x 61.3mm x 30mm\u00a0(4.05in x 2.41in x 1.18in)<\/td>\n<\/tr>\n<tr>\n<td>Peso<\/td>\n<td>4,16 onzas (118 gramos)<\/td>\n<\/tr>\n<tr>\n<td>Clasificaci\u00f3n impermeable<\/td>\n<td>IP64<\/td>\n<\/tr>\n<tr>\n<td>Certificaci\u00f3n<\/td>\n<td>Precisi\u00f3n de temperatura rastreable FCC, RoHS, NIST<\/td>\n<\/tr>\n<tr>\n<td>Copia de seguridad de informes en PDF<\/td>\n<td>Cable micro USB a USB para descargar el informe completo del viaje en PDF<\/td>\n<\/tr>\n<\/tbody>\n<\/table>\n<p>&nbsp;<\/p>\n<\/div>\n<\/div>\n<\/div>\n<div class=\"prod-bottom\">\n<div class=\"prod-desc\"><\/div>\n<\/div>\n","protected":false},"excerpt":{"rendered":"<h3><strong>Caracter\u00edsticas\u00a0<\/strong><\/h3>\n<ul>\n<li>Registradores en tiempo real de redes celulares globales Supervisa la ubicaci\u00f3n, la temperatura y la luz.<\/li>\n<li>Administre de manera proactiva las condiciones de env\u00edo para reducir el riesgo de p\u00e9rdida de productos debido a variaciones de temperatura.<\/li>\n<li>La plataforma FlashTrak Cloud Service ofrece diferentes niveles de acceso para optimizar la experiencia del usuario y la integraci\u00f3n de la API en los sistemas del cliente.<\/li>\n<li>El programa receptor FlashTrak permite a los remitentes compartir el acceso a alertas y condiciones de env\u00edo.<\/li>\n<li>Opci\u00f3n USB para descargar datos y acceder a informes en PDF de los detalles del viaje en caso de que las comunicaciones no est\u00e9n disponibles.<\/li>\n<li>Los sensores de luz lo alertan sobre entradas de env\u00edo no planificadas, lo que ayuda a reducir y evitar posibles robos de productos durante el transporte.<\/li>\n<li>Las opciones de l\u00edneas a\u00e9reas y mar\u00edtimas garantizan que se pueda acceder a todos los datos del viaje e informarlos completamente cuando las transmisiones lo permitan.<\/li>\n<\/ul>\n","protected":false},"featured_media":1644,"comment_status":"open","ping_status":"closed","template":"","meta":{"_joinchat":[]},"product_brand":[],"product_cat":[15],"product_tag":[],"class_list":{"0":"post-1641","1":"product","2":"type-product","3":"status-publish","4":"has-post-thumbnail","6":"product_cat-sin-categorizar","8":"first","9":"instock","10":"shipping-taxable","11":"product-type-simple"},"yoast_head":"<!-- This site is optimized with the Yoast SEO plugin v26.4 - https:\/\/yoast.com\/wordpress\/plugins\/seo\/ -->\n<title>Flashlink rtl prime 2g in-transit logger Modelo 22362 - Abaa tienda online<\/title>\n<meta name=\"robots\" content=\"index, follow, max-snippet:-1, max-image-preview:large, max-video-preview:-1\" \/>\n<link rel=\"canonical\" href=\"https:\/\/abaa.mx\/tienda\/flashlink-rtl-prime-2g-in-transit-logger-modelo-22362\/\" \/>\n<meta property=\"og:locale\" content=\"es_MX\" \/>\n<meta property=\"og:type\" content=\"article\" \/>\n<meta property=\"og:title\" content=\"Flashlink rtl prime 2g in-transit logger Modelo 22362 - Abaa tienda online\" \/>\n<meta property=\"og:description\" content=\"Caracter\u00edsticas\u00a0   Registradores en tiempo real de redes celulares globales Supervisa la ubicaci\u00f3n, la temperatura y la luz.  Administre de manera proactiva las condiciones de env\u00edo para reducir el riesgo de p\u00e9rdida de productos debido a variaciones de temperatura.  La plataforma FlashTrak Cloud Service ofrece diferentes niveles de acceso para optimizar la experiencia del usuario y la integraci\u00f3n de la API en los sistemas del cliente.  El programa receptor FlashTrak permite a los remitentes compartir el acceso a alertas y condiciones de env\u00edo.  Opci\u00f3n USB para descargar datos y acceder a informes en PDF de los detalles del viaje en caso de que las comunicaciones no est\u00e9n disponibles.  Los sensores de luz lo alertan sobre entradas de env\u00edo no planificadas, lo que ayuda a reducir y evitar posibles robos de productos durante el transporte.  Las opciones de l\u00edneas a\u00e9reas y mar\u00edtimas garantizan que se pueda acceder a todos los datos del viaje e informarlos completamente cuando las transmisiones lo permitan.\" \/>\n<meta property=\"og:url\" content=\"https:\/\/abaa.mx\/tienda\/flashlink-rtl-prime-2g-in-transit-logger-modelo-22362\/\" \/>\n<meta property=\"og:site_name\" content=\"Abaa tienda online\" \/>\n<meta property=\"article:modified_time\" content=\"2023-09-15T14:57:25+00:00\" \/>\n<meta property=\"og:image\" content=\"https:\/\/abaa.mx\/tienda\/wp-content\/uploads\/2023\/09\/22362.jpg\" \/>\n\t<meta property=\"og:image:width\" content=\"324\" \/>\n\t<meta property=\"og:image:height\" content=\"324\" \/>\n\t<meta property=\"og:image:type\" content=\"image\/jpeg\" \/>\n<meta name=\"twitter:card\" content=\"summary_large_image\" \/>\n<meta name=\"twitter:label1\" content=\"Tiempo de lectura\" \/>\n\t<meta name=\"twitter:data1\" content=\"3 minutos\" \/>\n<script type=\"application\/ld+json\" class=\"yoast-schema-graph\">{\"@context\":\"https:\/\/schema.org\",\"@graph\":[{\"@type\":\"WebPage\",\"@id\":\"https:\/\/abaa.mx\/tienda\/flashlink-rtl-prime-2g-in-transit-logger-modelo-22362\/\",\"url\":\"https:\/\/abaa.mx\/tienda\/flashlink-rtl-prime-2g-in-transit-logger-modelo-22362\/\",\"name\":\"Flashlink rtl prime 2g in-transit logger Modelo 22362 - Abaa tienda online\",\"isPartOf\":{\"@id\":\"https:\/\/abaa.mx\/tienda\/#website\"},\"primaryImageOfPage\":{\"@id\":\"https:\/\/abaa.mx\/tienda\/flashlink-rtl-prime-2g-in-transit-logger-modelo-22362\/#primaryimage\"},\"image\":{\"@id\":\"https:\/\/abaa.mx\/tienda\/flashlink-rtl-prime-2g-in-transit-logger-modelo-22362\/#primaryimage\"},\"thumbnailUrl\":\"https:\/\/abaa.mx\/tienda\/wp-content\/uploads\/2023\/09\/22362.jpg\",\"datePublished\":\"2023-09-15T14:57:24+00:00\",\"dateModified\":\"2023-09-15T14:57:25+00:00\",\"breadcrumb\":{\"@id\":\"https:\/\/abaa.mx\/tienda\/flashlink-rtl-prime-2g-in-transit-logger-modelo-22362\/#breadcrumb\"},\"inLanguage\":\"es\",\"potentialAction\":[{\"@type\":\"ReadAction\",\"target\":[\"https:\/\/abaa.mx\/tienda\/flashlink-rtl-prime-2g-in-transit-logger-modelo-22362\/\"]}]},{\"@type\":\"ImageObject\",\"inLanguage\":\"es\",\"@id\":\"https:\/\/abaa.mx\/tienda\/flashlink-rtl-prime-2g-in-transit-logger-modelo-22362\/#primaryimage\",\"url\":\"https:\/\/abaa.mx\/tienda\/wp-content\/uploads\/2023\/09\/22362.jpg\",\"contentUrl\":\"https:\/\/abaa.mx\/tienda\/wp-content\/uploads\/2023\/09\/22362.jpg\",\"width\":324,\"height\":324,\"caption\":\"flashlink-rtl-prime-2g-in-transit-logger-modelo-22362\"},{\"@type\":\"BreadcrumbList\",\"@id\":\"https:\/\/abaa.mx\/tienda\/flashlink-rtl-prime-2g-in-transit-logger-modelo-22362\/#breadcrumb\",\"itemListElement\":[{\"@type\":\"ListItem\",\"position\":1,\"name\":\"Inicio\",\"item\":\"https:\/\/abaa.mx\/tienda\/\"},{\"@type\":\"ListItem\",\"position\":2,\"name\":\"Tienda\",\"item\":\"https:\/\/abaa.mx\/tienda\/\"},{\"@type\":\"ListItem\",\"position\":3,\"name\":\"Flashlink rtl prime 2g in-transit logger Modelo 22362\"}]},{\"@type\":\"WebSite\",\"@id\":\"https:\/\/abaa.mx\/tienda\/#website\",\"url\":\"https:\/\/abaa.mx\/tienda\/\",\"name\":\"Abaa tienda online\",\"description\":\"Instrumentos de medici\u00f3n\",\"publisher\":{\"@id\":\"https:\/\/abaa.mx\/tienda\/#organization\"},\"potentialAction\":[{\"@type\":\"SearchAction\",\"target\":{\"@type\":\"EntryPoint\",\"urlTemplate\":\"https:\/\/abaa.mx\/tienda\/?s={search_term_string}\"},\"query-input\":{\"@type\":\"PropertyValueSpecification\",\"valueRequired\":true,\"valueName\":\"search_term_string\"}}],\"inLanguage\":\"es\"},{\"@type\":\"Organization\",\"@id\":\"https:\/\/abaa.mx\/tienda\/#organization\",\"name\":\"Abaa tienda online\",\"url\":\"https:\/\/abaa.mx\/tienda\/\",\"logo\":{\"@type\":\"ImageObject\",\"inLanguage\":\"es\",\"@id\":\"https:\/\/abaa.mx\/tienda\/#\/schema\/logo\/image\/\",\"url\":\"https:\/\/abaa.mx\/tienda\/wp-content\/uploads\/2024\/01\/abaa-metrologia-tienda.png\",\"contentUrl\":\"https:\/\/abaa.mx\/tienda\/wp-content\/uploads\/2024\/01\/abaa-metrologia-tienda.png\",\"width\":300,\"height\":141,\"caption\":\"Abaa tienda online\"},\"image\":{\"@id\":\"https:\/\/abaa.mx\/tienda\/#\/schema\/logo\/image\/\"}}]}<\/script>\n<!-- \/ Yoast SEO plugin. -->","yoast_head_json":{"title":"Flashlink rtl prime 2g in-transit logger Modelo 22362 - Abaa tienda online","robots":{"index":"index","follow":"follow","max-snippet":"max-snippet:-1","max-image-preview":"max-image-preview:large","max-video-preview":"max-video-preview:-1"},"canonical":"https:\/\/abaa.mx\/tienda\/flashlink-rtl-prime-2g-in-transit-logger-modelo-22362\/","og_locale":"es_MX","og_type":"article","og_title":"Flashlink rtl prime 2g in-transit logger Modelo 22362 - Abaa tienda online","og_description":"Caracter\u00edsticas\u00a0   Registradores en tiempo real de redes celulares globales Supervisa la ubicaci\u00f3n, la temperatura y la luz.  Administre de manera proactiva las condiciones de env\u00edo para reducir el riesgo de p\u00e9rdida de productos debido a variaciones de temperatura.  La plataforma FlashTrak Cloud Service ofrece diferentes niveles de acceso para optimizar la experiencia del usuario y la integraci\u00f3n de la API en los sistemas del cliente.  El programa receptor FlashTrak permite a los remitentes compartir el acceso a alertas y condiciones de env\u00edo.  Opci\u00f3n USB para descargar datos y acceder a informes en PDF de los detalles del viaje en caso de que las comunicaciones no est\u00e9n disponibles.  Los sensores de luz lo alertan sobre entradas de env\u00edo no planificadas, lo que ayuda a reducir y evitar posibles robos de productos durante el transporte.  Las opciones de l\u00edneas a\u00e9reas y mar\u00edtimas garantizan que se pueda acceder a todos los datos del viaje e informarlos completamente cuando las transmisiones lo permitan.","og_url":"https:\/\/abaa.mx\/tienda\/flashlink-rtl-prime-2g-in-transit-logger-modelo-22362\/","og_site_name":"Abaa tienda online","article_modified_time":"2023-09-15T14:57:25+00:00","og_image":[{"width":324,"height":324,"url":"https:\/\/abaa.mx\/tienda\/wp-content\/uploads\/2023\/09\/22362.jpg","type":"image\/jpeg"}],"twitter_card":"summary_large_image","twitter_misc":{"Tiempo de lectura":"3 minutos"},"schema":{"@context":"https:\/\/schema.org","@graph":[{"@type":"WebPage","@id":"https:\/\/abaa.mx\/tienda\/flashlink-rtl-prime-2g-in-transit-logger-modelo-22362\/","url":"https:\/\/abaa.mx\/tienda\/flashlink-rtl-prime-2g-in-transit-logger-modelo-22362\/","name":"Flashlink rtl prime 2g in-transit logger Modelo 22362 - Abaa tienda online","isPartOf":{"@id":"https:\/\/abaa.mx\/tienda\/#website"},"primaryImageOfPage":{"@id":"https:\/\/abaa.mx\/tienda\/flashlink-rtl-prime-2g-in-transit-logger-modelo-22362\/#primaryimage"},"image":{"@id":"https:\/\/abaa.mx\/tienda\/flashlink-rtl-prime-2g-in-transit-logger-modelo-22362\/#primaryimage"},"thumbnailUrl":"https:\/\/abaa.mx\/tienda\/wp-content\/uploads\/2023\/09\/22362.jpg","datePublished":"2023-09-15T14:57:24+00:00","dateModified":"2023-09-15T14:57:25+00:00","breadcrumb":{"@id":"https:\/\/abaa.mx\/tienda\/flashlink-rtl-prime-2g-in-transit-logger-modelo-22362\/#breadcrumb"},"inLanguage":"es","potentialAction":[{"@type":"ReadAction","target":["https:\/\/abaa.mx\/tienda\/flashlink-rtl-prime-2g-in-transit-logger-modelo-22362\/"]}]},{"@type":"ImageObject","inLanguage":"es","@id":"https:\/\/abaa.mx\/tienda\/flashlink-rtl-prime-2g-in-transit-logger-modelo-22362\/#primaryimage","url":"https:\/\/abaa.mx\/tienda\/wp-content\/uploads\/2023\/09\/22362.jpg","contentUrl":"https:\/\/abaa.mx\/tienda\/wp-content\/uploads\/2023\/09\/22362.jpg","width":324,"height":324,"caption":"flashlink-rtl-prime-2g-in-transit-logger-modelo-22362"},{"@type":"BreadcrumbList","@id":"https:\/\/abaa.mx\/tienda\/flashlink-rtl-prime-2g-in-transit-logger-modelo-22362\/#breadcrumb","itemListElement":[{"@type":"ListItem","position":1,"name":"Inicio","item":"https:\/\/abaa.mx\/tienda\/"},{"@type":"ListItem","position":2,"name":"Tienda","item":"https:\/\/abaa.mx\/tienda\/"},{"@type":"ListItem","position":3,"name":"Flashlink rtl prime 2g in-transit logger Modelo 22362"}]},{"@type":"WebSite","@id":"https:\/\/abaa.mx\/tienda\/#website","url":"https:\/\/abaa.mx\/tienda\/","name":"Abaa tienda online","description":"Instrumentos de medici\u00f3n","publisher":{"@id":"https:\/\/abaa.mx\/tienda\/#organization"},"potentialAction":[{"@type":"SearchAction","target":{"@type":"EntryPoint","urlTemplate":"https:\/\/abaa.mx\/tienda\/?s={search_term_string}"},"query-input":{"@type":"PropertyValueSpecification","valueRequired":true,"valueName":"search_term_string"}}],"inLanguage":"es"},{"@type":"Organization","@id":"https:\/\/abaa.mx\/tienda\/#organization","name":"Abaa tienda online","url":"https:\/\/abaa.mx\/tienda\/","logo":{"@type":"ImageObject","inLanguage":"es","@id":"https:\/\/abaa.mx\/tienda\/#\/schema\/logo\/image\/","url":"https:\/\/abaa.mx\/tienda\/wp-content\/uploads\/2024\/01\/abaa-metrologia-tienda.png","contentUrl":"https:\/\/abaa.mx\/tienda\/wp-content\/uploads\/2024\/01\/abaa-metrologia-tienda.png","width":300,"height":141,"caption":"Abaa tienda online"},"image":{"@id":"https:\/\/abaa.mx\/tienda\/#\/schema\/logo\/image\/"}}]}},"_links":{"self":[{"href":"https:\/\/abaa.mx\/tienda\/wp-json\/wp\/v2\/product\/1641","targetHints":{"allow":["GET"]}}],"collection":[{"href":"https:\/\/abaa.mx\/tienda\/wp-json\/wp\/v2\/product"}],"about":[{"href":"https:\/\/abaa.mx\/tienda\/wp-json\/wp\/v2\/types\/product"}],"replies":[{"embeddable":true,"href":"https:\/\/abaa.mx\/tienda\/wp-json\/wp\/v2\/comments?post=1641"}],"wp:featuredmedia":[{"embeddable":true,"href":"https:\/\/abaa.mx\/tienda\/wp-json\/wp\/v2\/media\/1644"}],"wp:attachment":[{"href":"https:\/\/abaa.mx\/tienda\/wp-json\/wp\/v2\/media?parent=1641"}],"wp:term":[{"taxonomy":"product_brand","embeddable":true,"href":"https:\/\/abaa.mx\/tienda\/wp-json\/wp\/v2\/product_brand?post=1641"},{"taxonomy":"product_cat","embeddable":true,"href":"https:\/\/abaa.mx\/tienda\/wp-json\/wp\/v2\/product_cat?post=1641"},{"taxonomy":"product_tag","embeddable":true,"href":"https:\/\/abaa.mx\/tienda\/wp-json\/wp\/v2\/product_tag?post=1641"}],"curies":[{"name":"wp","href":"https:\/\/api.w.org\/{rel}","templated":true}]}}