{"id":1639,"date":"2023-09-15T14:38:21","date_gmt":"2023-09-15T14:38:21","guid":{"rendered":"https:\/\/abaa.mx\/tienda\/?post_type=product&#038;p=1639"},"modified":"2023-09-15T14:38:21","modified_gmt":"2023-09-15T14:38:21","slug":"grabador-digital-lcd-de-graficos-de-temperatura-ambiental-modelo-18020-18031","status":"publish","type":"product","link":"https:\/\/abaa.mx\/tienda\/grabador-digital-lcd-de-graficos-de-temperatura-ambiental-modelo-18020-18031\/","title":{"rendered":"Grabador digital lcd de gr\u00e1ficos de temperatura ambiental Modelo 18020-18031"},"content":{"rendered":"<h1>Grabador digital lcd de gr\u00e1ficos de temperatura ambiental<\/h1>\n<h3><strong>Modelo\u00a018020-18031<\/strong><\/h3>\n<ul>\n<li style=\"list-style-type: none;\">\n<ul>\n<li style=\"list-style-type: none;\">\n<ul>\n<li style=\"text-align: left;\">Altamente visible pantalla LCD y gran ventana para la visualizaci\u00f3n de los datos de temperatura grabados recientemente.<\/li>\n<li style=\"text-align: left;\">Ligero, compacto y funciona con pilas, se puede montar en la pared, o colgar de un lazo.<\/li>\n<li style=\"text-align: left;\">Soporte para fijaci\u00f3n mural, tornillos y el gr\u00e1fico de control de calidad suministrado.<\/li>\n<li style=\"text-align: left;\">12 modelos en \u00b0 F y \u00b0 C y dos escalas de rangos de temperatura para el 3, 10, 31 y 62 d\u00edas de intervalos de tiempo.<\/li>\n<\/ul>\n<\/li>\n<\/ul>\n<\/li>\n<\/ul>\n<div class=\"prod-top\">\n<div class=\"prod-left\">\n<div class=\"prod-app\"><b>Aplicaciones:<\/b> Invernaderos, Criaderos, C\u00e1maras Frigor\u00edficas, Laboratorios, Salas Limpias, Instalaciones de Almacenamiento Sensibles a la Temperatura.<\/div>\n<div>\n<p>Instale el term\u00f3grafo digital de DeltaTrak LCD de temperatura ambiental, Modelos 18020, 18021, 18022, 18023, 18024, 18025, 18026, 18027, 18028, 18029, 18030, y 18031, en invernaderos, criaderos, c\u00e1maras frigor\u00edficas, laboratorios, salas blancas, o cualquier instalaci\u00f3n donde se almacenan art\u00edculos sensibles a la temperatura. Cuenta con un acceso continuo para ver los datos de temperatura actual y grabada con el tiempo. El term\u00f3grafo ofrece el registro an\u00e1logo de la temperatura junto con una precisa funci\u00f3n digital indicadora de temperatura para la visualizaci\u00f3n instant\u00e1nea, f\u00e1cil y permanente mantenimiento de registros. Diferentes modelos en escalas \u00ba F y \u00ba C est\u00e1n disponibles para la grabaci\u00f3n durante intervalos de tiempo de 3, 10, 31 y 62 d\u00edas, en dos rangos de temperatura.<\/p>\n<p>Los term\u00f3grafos de esta familia son compactos y de peso ligero con pilas. Pueden ser montados en la pared, o colgados de un bucle. Los registradores tienen la marca CE y cumplen la normativa RoHS.<\/p>\n<p>El term\u00f3grafo digital de temperatura ambiental viene con una gran pantalla LCD 1.5 &#8220;x 0.5&#8221; (3.8 cm x 1.3 cm) y un 2 &#8220;x 2.8&#8221; (7.1 cm x 5 cm). Una conveniente y econ\u00f3mica aguja se utiliza para producir una grabaci\u00f3n de gr\u00e1ficos de banda continua de las condiciones ambientales. El term\u00f3grafo incluye una bobina bimet\u00e1lica con un l\u00e1piz \u00f3ptico que registra la temperatura en una cinta de recubrimiento qu\u00edmico. Este dise\u00f1o \u00fanico asegura la grabaci\u00f3n precisa de la temperatura, que no se ve afectado por las vibraciones del veh\u00edculo u otras condiciones ambientales tales como calor o humedad, durante el transporte. Cada term\u00f3grafo se suministra con un soporte de montaje en pared, tornillos y un gr\u00e1fico de prueba de control de calidad.<\/p>\n<p>Esta familia de pr\u00f3xima generaci\u00f3n de term\u00f3grafos de temperatura ambiental reutilizables ofrecen grabaci\u00f3n anal\u00f3gica de temperatura junto con una precisa funci\u00f3n de temperatura digital para la visualizaci\u00f3n instant\u00e1nea, f\u00e1cil y permanente mantenimiento de registros.<\/p>\n<table>\n<caption>Modelo 18020-18031 Registrador de gr\u00e1ficos de temperatura ambiental de pantalla digital<\/caption>\n<thead>\n<tr>\n<th scope=\"col\">Caracter\u00edstica<\/th>\n<th scope=\"col\">Especificaci\u00f3n<\/th>\n<\/tr>\n<\/thead>\n<tfoot>\n<tr>\n<td colspan=\"2\"><\/td>\n<\/tr>\n<\/tfoot>\n<tbody>\n<tr>\n<td>Intervalo de Temp. Baja<\/td>\n<td>-20\u00b0F a 100\u00b0F (-28\u00b0C a 38\u00b0C)<\/td>\n<\/tr>\n<tr>\n<td>Intervalo de temperatura alta<\/td>\n<td>De 30 \u00b0C a 150 \u00b0C (de 0 \u00b0F a 65 \u00b0F)<\/td>\n<\/tr>\n<tr>\n<td>Precisi\u00f3n<\/td>\n<td>Gr\u00e1fica y escala: \u00b11.8\u00b0F (\u00b11.0\u00b0C)<br \/>\nLCD: \u00b11.8\u00b0F (-20\u00b0C a 165\u00b0C), \u00b11.0\u00b0C (-7\u00b0C a 74\u00b0C)<\/td>\n<\/tr>\n<tr>\n<td>Pantalla LCD \/ Ventana Gr\u00e1fica<\/td>\n<td>1,5&#8243; x 0,5&#8243; (3.8cm x 1,3 cm)\/2&#8243; x 2,8&#8243; (5 cm x 7,1 cm)<\/td>\n<\/tr>\n<tr>\n<td>Sensor<\/td>\n<td>Bobina bimet\u00e1lica \/ Termistor<\/td>\n<\/tr>\n<tr>\n<td>Gr\u00e1fica<\/td>\n<td>Sensible a la presi\u00f3n 36-pulgadas<\/td>\n<\/tr>\n<tr>\n<td>Conducir<\/td>\n<td>Motor de estado s\u00f3lido de cuarzo<\/td>\n<\/tr>\n<tr>\n<td>Certificaci\u00f3n<\/td>\n<td>CE Mark y cumplimiento con normativa RoHS<\/td>\n<\/tr>\n<tr>\n<td>Bater\u00eda<\/td>\n<td>Pila AAA alcalina (3 a\u00f1os de vida \u00fatil; De 1 a 2 a\u00f1os de vida de servicio)<\/td>\n<\/tr>\n<tr>\n<td>Peso<\/td>\n<td>1.1 lb (500 gramos)<\/td>\n<\/tr>\n<tr>\n<td>Dimensiones<\/td>\n<td>4x 7 x 2.25 pulgadas (10.2cm x 17.8cm x 5.72cm)<\/td>\n<\/tr>\n<tr>\n<td>Material de la cubierta<\/td>\n<td>ABS de alto impacto<\/td>\n<\/tr>\n<\/tbody>\n<\/table>\n<\/div>\n<\/div>\n<\/div>\n<div class=\"prod-bottom\">\n<div class=\"prod-desc\"><\/div>\n<\/div>\n","protected":false},"excerpt":{"rendered":"<h3><strong>Caracter\u00edsticas\u00a0<\/strong><\/h3>\n<ul>\n<li>Altamente visible pantalla LCD y gran ventana para la visualizaci\u00f3n de los datos de temperatura grabados recientemente.<\/li>\n<li>Ligero, compacto y funciona con pilas, se puede montar en la pared, o colgar de un lazo.<\/li>\n<li>Soporte para fijaci\u00f3n mural, tornillos y el gr\u00e1fico de control de calidad suministrado.<\/li>\n<li>12 modelos en \u00b0 F y \u00b0 C y dos escalas de rangos de temperatura para el 3, 10, 31 y 62 d\u00edas de intervalos de tiempo.<\/li>\n<\/ul>\n","protected":false},"featured_media":1640,"comment_status":"open","ping_status":"closed","template":"","meta":{"_joinchat":[]},"product_brand":[],"product_cat":[15],"product_tag":[],"class_list":{"0":"post-1639","1":"product","2":"type-product","3":"status-publish","4":"has-post-thumbnail","6":"product_cat-sin-categorizar","8":"first","9":"instock","10":"shipping-taxable","11":"product-type-simple"},"yoast_head":"<!-- This site is optimized with the Yoast SEO plugin v26.4 - https:\/\/yoast.com\/wordpress\/plugins\/seo\/ -->\n<title>Grabador digital lcd de gr\u00e1ficos de temperatura ambiental Modelo 18020-18031 - Abaa tienda online<\/title>\n<meta name=\"robots\" content=\"index, follow, max-snippet:-1, max-image-preview:large, max-video-preview:-1\" \/>\n<link rel=\"canonical\" href=\"https:\/\/abaa.mx\/tienda\/grabador-digital-lcd-de-graficos-de-temperatura-ambiental-modelo-18020-18031\/\" \/>\n<meta property=\"og:locale\" content=\"es_MX\" \/>\n<meta property=\"og:type\" content=\"article\" \/>\n<meta property=\"og:title\" content=\"Grabador digital lcd de gr\u00e1ficos de temperatura ambiental Modelo 18020-18031 - Abaa tienda online\" \/>\n<meta property=\"og:description\" content=\"Caracter\u00edsticas\u00a0   Altamente visible pantalla LCD y gran ventana para la visualizaci\u00f3n de los datos de temperatura grabados recientemente.  Ligero, compacto y funciona con pilas, se puede montar en la pared, o colgar de un lazo.  Soporte para fijaci\u00f3n mural, tornillos y el gr\u00e1fico de control de calidad suministrado.  12 modelos en \u00b0 F y \u00b0 C y dos escalas de rangos de temperatura para el 3, 10, 31 y 62 d\u00edas de intervalos de tiempo.\" \/>\n<meta property=\"og:url\" content=\"https:\/\/abaa.mx\/tienda\/grabador-digital-lcd-de-graficos-de-temperatura-ambiental-modelo-18020-18031\/\" \/>\n<meta property=\"og:site_name\" content=\"Abaa tienda online\" \/>\n<meta property=\"og:image\" content=\"https:\/\/abaa.mx\/tienda\/wp-content\/uploads\/2023\/09\/18020-18031.jpg\" \/>\n\t<meta property=\"og:image:width\" content=\"474\" \/>\n\t<meta property=\"og:image:height\" content=\"635\" \/>\n\t<meta property=\"og:image:type\" content=\"image\/jpeg\" \/>\n<meta name=\"twitter:card\" content=\"summary_large_image\" \/>\n<meta name=\"twitter:label1\" content=\"Tiempo de lectura\" \/>\n\t<meta name=\"twitter:data1\" content=\"3 minutos\" \/>\n<script type=\"application\/ld+json\" class=\"yoast-schema-graph\">{\"@context\":\"https:\/\/schema.org\",\"@graph\":[{\"@type\":\"WebPage\",\"@id\":\"https:\/\/abaa.mx\/tienda\/grabador-digital-lcd-de-graficos-de-temperatura-ambiental-modelo-18020-18031\/\",\"url\":\"https:\/\/abaa.mx\/tienda\/grabador-digital-lcd-de-graficos-de-temperatura-ambiental-modelo-18020-18031\/\",\"name\":\"Grabador digital lcd de gr\u00e1ficos de temperatura ambiental Modelo 18020-18031 - Abaa tienda online\",\"isPartOf\":{\"@id\":\"https:\/\/abaa.mx\/tienda\/#website\"},\"primaryImageOfPage\":{\"@id\":\"https:\/\/abaa.mx\/tienda\/grabador-digital-lcd-de-graficos-de-temperatura-ambiental-modelo-18020-18031\/#primaryimage\"},\"image\":{\"@id\":\"https:\/\/abaa.mx\/tienda\/grabador-digital-lcd-de-graficos-de-temperatura-ambiental-modelo-18020-18031\/#primaryimage\"},\"thumbnailUrl\":\"https:\/\/abaa.mx\/tienda\/wp-content\/uploads\/2023\/09\/18020-18031.jpg\",\"datePublished\":\"2023-09-15T14:38:21+00:00\",\"breadcrumb\":{\"@id\":\"https:\/\/abaa.mx\/tienda\/grabador-digital-lcd-de-graficos-de-temperatura-ambiental-modelo-18020-18031\/#breadcrumb\"},\"inLanguage\":\"es\",\"potentialAction\":[{\"@type\":\"ReadAction\",\"target\":[\"https:\/\/abaa.mx\/tienda\/grabador-digital-lcd-de-graficos-de-temperatura-ambiental-modelo-18020-18031\/\"]}]},{\"@type\":\"ImageObject\",\"inLanguage\":\"es\",\"@id\":\"https:\/\/abaa.mx\/tienda\/grabador-digital-lcd-de-graficos-de-temperatura-ambiental-modelo-18020-18031\/#primaryimage\",\"url\":\"https:\/\/abaa.mx\/tienda\/wp-content\/uploads\/2023\/09\/18020-18031.jpg\",\"contentUrl\":\"https:\/\/abaa.mx\/tienda\/wp-content\/uploads\/2023\/09\/18020-18031.jpg\",\"width\":474,\"height\":635,\"caption\":\"grabador-digital-lcd-de-graficos-de-temperatura-ambiental-modelo-18020-18031\"},{\"@type\":\"BreadcrumbList\",\"@id\":\"https:\/\/abaa.mx\/tienda\/grabador-digital-lcd-de-graficos-de-temperatura-ambiental-modelo-18020-18031\/#breadcrumb\",\"itemListElement\":[{\"@type\":\"ListItem\",\"position\":1,\"name\":\"Inicio\",\"item\":\"https:\/\/abaa.mx\/tienda\/\"},{\"@type\":\"ListItem\",\"position\":2,\"name\":\"Tienda\",\"item\":\"https:\/\/abaa.mx\/tienda\/\"},{\"@type\":\"ListItem\",\"position\":3,\"name\":\"Grabador digital lcd de gr\u00e1ficos de temperatura ambiental Modelo 18020-18031\"}]},{\"@type\":\"WebSite\",\"@id\":\"https:\/\/abaa.mx\/tienda\/#website\",\"url\":\"https:\/\/abaa.mx\/tienda\/\",\"name\":\"Abaa tienda online\",\"description\":\"Instrumentos de medici\u00f3n\",\"publisher\":{\"@id\":\"https:\/\/abaa.mx\/tienda\/#organization\"},\"potentialAction\":[{\"@type\":\"SearchAction\",\"target\":{\"@type\":\"EntryPoint\",\"urlTemplate\":\"https:\/\/abaa.mx\/tienda\/?s={search_term_string}\"},\"query-input\":{\"@type\":\"PropertyValueSpecification\",\"valueRequired\":true,\"valueName\":\"search_term_string\"}}],\"inLanguage\":\"es\"},{\"@type\":\"Organization\",\"@id\":\"https:\/\/abaa.mx\/tienda\/#organization\",\"name\":\"Abaa tienda online\",\"url\":\"https:\/\/abaa.mx\/tienda\/\",\"logo\":{\"@type\":\"ImageObject\",\"inLanguage\":\"es\",\"@id\":\"https:\/\/abaa.mx\/tienda\/#\/schema\/logo\/image\/\",\"url\":\"https:\/\/abaa.mx\/tienda\/wp-content\/uploads\/2024\/01\/abaa-metrologia-tienda.png\",\"contentUrl\":\"https:\/\/abaa.mx\/tienda\/wp-content\/uploads\/2024\/01\/abaa-metrologia-tienda.png\",\"width\":300,\"height\":141,\"caption\":\"Abaa tienda online\"},\"image\":{\"@id\":\"https:\/\/abaa.mx\/tienda\/#\/schema\/logo\/image\/\"}}]}<\/script>\n<!-- \/ Yoast SEO plugin. -->","yoast_head_json":{"title":"Grabador digital lcd de gr\u00e1ficos de temperatura ambiental Modelo 18020-18031 - Abaa tienda online","robots":{"index":"index","follow":"follow","max-snippet":"max-snippet:-1","max-image-preview":"max-image-preview:large","max-video-preview":"max-video-preview:-1"},"canonical":"https:\/\/abaa.mx\/tienda\/grabador-digital-lcd-de-graficos-de-temperatura-ambiental-modelo-18020-18031\/","og_locale":"es_MX","og_type":"article","og_title":"Grabador digital lcd de gr\u00e1ficos de temperatura ambiental Modelo 18020-18031 - Abaa tienda online","og_description":"Caracter\u00edsticas\u00a0   Altamente visible pantalla LCD y gran ventana para la visualizaci\u00f3n de los datos de temperatura grabados recientemente.  Ligero, compacto y funciona con pilas, se puede montar en la pared, o colgar de un lazo.  Soporte para fijaci\u00f3n mural, tornillos y el gr\u00e1fico de control de calidad suministrado.  12 modelos en \u00b0 F y \u00b0 C y dos escalas de rangos de temperatura para el 3, 10, 31 y 62 d\u00edas de intervalos de tiempo.","og_url":"https:\/\/abaa.mx\/tienda\/grabador-digital-lcd-de-graficos-de-temperatura-ambiental-modelo-18020-18031\/","og_site_name":"Abaa tienda online","og_image":[{"width":474,"height":635,"url":"https:\/\/abaa.mx\/tienda\/wp-content\/uploads\/2023\/09\/18020-18031.jpg","type":"image\/jpeg"}],"twitter_card":"summary_large_image","twitter_misc":{"Tiempo de lectura":"3 minutos"},"schema":{"@context":"https:\/\/schema.org","@graph":[{"@type":"WebPage","@id":"https:\/\/abaa.mx\/tienda\/grabador-digital-lcd-de-graficos-de-temperatura-ambiental-modelo-18020-18031\/","url":"https:\/\/abaa.mx\/tienda\/grabador-digital-lcd-de-graficos-de-temperatura-ambiental-modelo-18020-18031\/","name":"Grabador digital lcd de gr\u00e1ficos de temperatura ambiental Modelo 18020-18031 - Abaa tienda online","isPartOf":{"@id":"https:\/\/abaa.mx\/tienda\/#website"},"primaryImageOfPage":{"@id":"https:\/\/abaa.mx\/tienda\/grabador-digital-lcd-de-graficos-de-temperatura-ambiental-modelo-18020-18031\/#primaryimage"},"image":{"@id":"https:\/\/abaa.mx\/tienda\/grabador-digital-lcd-de-graficos-de-temperatura-ambiental-modelo-18020-18031\/#primaryimage"},"thumbnailUrl":"https:\/\/abaa.mx\/tienda\/wp-content\/uploads\/2023\/09\/18020-18031.jpg","datePublished":"2023-09-15T14:38:21+00:00","breadcrumb":{"@id":"https:\/\/abaa.mx\/tienda\/grabador-digital-lcd-de-graficos-de-temperatura-ambiental-modelo-18020-18031\/#breadcrumb"},"inLanguage":"es","potentialAction":[{"@type":"ReadAction","target":["https:\/\/abaa.mx\/tienda\/grabador-digital-lcd-de-graficos-de-temperatura-ambiental-modelo-18020-18031\/"]}]},{"@type":"ImageObject","inLanguage":"es","@id":"https:\/\/abaa.mx\/tienda\/grabador-digital-lcd-de-graficos-de-temperatura-ambiental-modelo-18020-18031\/#primaryimage","url":"https:\/\/abaa.mx\/tienda\/wp-content\/uploads\/2023\/09\/18020-18031.jpg","contentUrl":"https:\/\/abaa.mx\/tienda\/wp-content\/uploads\/2023\/09\/18020-18031.jpg","width":474,"height":635,"caption":"grabador-digital-lcd-de-graficos-de-temperatura-ambiental-modelo-18020-18031"},{"@type":"BreadcrumbList","@id":"https:\/\/abaa.mx\/tienda\/grabador-digital-lcd-de-graficos-de-temperatura-ambiental-modelo-18020-18031\/#breadcrumb","itemListElement":[{"@type":"ListItem","position":1,"name":"Inicio","item":"https:\/\/abaa.mx\/tienda\/"},{"@type":"ListItem","position":2,"name":"Tienda","item":"https:\/\/abaa.mx\/tienda\/"},{"@type":"ListItem","position":3,"name":"Grabador digital lcd de gr\u00e1ficos de temperatura ambiental Modelo 18020-18031"}]},{"@type":"WebSite","@id":"https:\/\/abaa.mx\/tienda\/#website","url":"https:\/\/abaa.mx\/tienda\/","name":"Abaa tienda online","description":"Instrumentos de medici\u00f3n","publisher":{"@id":"https:\/\/abaa.mx\/tienda\/#organization"},"potentialAction":[{"@type":"SearchAction","target":{"@type":"EntryPoint","urlTemplate":"https:\/\/abaa.mx\/tienda\/?s={search_term_string}"},"query-input":{"@type":"PropertyValueSpecification","valueRequired":true,"valueName":"search_term_string"}}],"inLanguage":"es"},{"@type":"Organization","@id":"https:\/\/abaa.mx\/tienda\/#organization","name":"Abaa tienda online","url":"https:\/\/abaa.mx\/tienda\/","logo":{"@type":"ImageObject","inLanguage":"es","@id":"https:\/\/abaa.mx\/tienda\/#\/schema\/logo\/image\/","url":"https:\/\/abaa.mx\/tienda\/wp-content\/uploads\/2024\/01\/abaa-metrologia-tienda.png","contentUrl":"https:\/\/abaa.mx\/tienda\/wp-content\/uploads\/2024\/01\/abaa-metrologia-tienda.png","width":300,"height":141,"caption":"Abaa tienda online"},"image":{"@id":"https:\/\/abaa.mx\/tienda\/#\/schema\/logo\/image\/"}}]}},"_links":{"self":[{"href":"https:\/\/abaa.mx\/tienda\/wp-json\/wp\/v2\/product\/1639","targetHints":{"allow":["GET"]}}],"collection":[{"href":"https:\/\/abaa.mx\/tienda\/wp-json\/wp\/v2\/product"}],"about":[{"href":"https:\/\/abaa.mx\/tienda\/wp-json\/wp\/v2\/types\/product"}],"replies":[{"embeddable":true,"href":"https:\/\/abaa.mx\/tienda\/wp-json\/wp\/v2\/comments?post=1639"}],"wp:featuredmedia":[{"embeddable":true,"href":"https:\/\/abaa.mx\/tienda\/wp-json\/wp\/v2\/media\/1640"}],"wp:attachment":[{"href":"https:\/\/abaa.mx\/tienda\/wp-json\/wp\/v2\/media?parent=1639"}],"wp:term":[{"taxonomy":"product_brand","embeddable":true,"href":"https:\/\/abaa.mx\/tienda\/wp-json\/wp\/v2\/product_brand?post=1639"},{"taxonomy":"product_cat","embeddable":true,"href":"https:\/\/abaa.mx\/tienda\/wp-json\/wp\/v2\/product_cat?post=1639"},{"taxonomy":"product_tag","embeddable":true,"href":"https:\/\/abaa.mx\/tienda\/wp-json\/wp\/v2\/product_tag?post=1639"}],"curies":[{"name":"wp","href":"https:\/\/api.w.org\/{rel}","templated":true}]}}