{"id":1636,"date":"2023-09-15T14:25:34","date_gmt":"2023-09-15T14:25:34","guid":{"rendered":"https:\/\/abaa.mx\/tienda\/?post_type=product&#038;p=1636"},"modified":"2023-09-15T14:25:34","modified_gmt":"2023-09-15T14:25:34","slug":"registrador-de-graficos-de-temperatura-en-transito-modelo-16000-16500","status":"publish","type":"product","link":"https:\/\/abaa.mx\/tienda\/registrador-de-graficos-de-temperatura-en-transito-modelo-16000-16500\/","title":{"rendered":"Registrador de gr\u00e1ficos de temperatura en tr\u00e1nsito Modelo 16000-16500"},"content":{"rendered":"<h1>Registrador de gr\u00e1ficos de temperatura en tr\u00e1nsito<\/h1>\n<h3><strong>Modelo\u00a016000-16500<\/strong><\/h3>\n<ul>\n<li>Cuenta con un documento nuevo en 2 partes que facilita el uso.<\/li>\n<li>Cuenta con una pesta\u00f1a nueva y mejorada dise\u00f1ada para hacer m\u00e1s f\u00e1cil el INICIO.<\/li>\n<li>Con gr\u00e1fico de escala doble (\u00b0F \/ \u00b0C).<\/li>\n<li>Incluye instrucciones de operaci\u00f3n en tres idiomas ( Ingles, Espa\u00f1ol, Chino).<\/li>\n<li>Cuenta con varios modelos que van en periodos de tr\u00e1nsito desde los 5 d\u00edas a 90 d\u00edas.<\/li>\n<li>Disponible en tres intervalos de temperatura.<\/li>\n<li>Con un dise\u00f1o patentado que garantiza que el seguimiento de registro se detenga al final del viaje.<\/li>\n<li>Cuenta con una caja de cubierta ventilada para una mejor respuesta y redusca el peso<\/li>\n<li>Incluye un n\u00famero de serie en cada unidad para su trazabilidad.<\/li>\n<li>No. de Patente 4,990,940.<\/li>\n<\/ul>\n<ul>\n<li>\n<div class=\"prod-top\">\n<div class=\"prod-left\">\n<div class=\"prod-app\"><b>Aplicaciones:<\/b>\u00a0Establecimientos de Alimentos, Centros de Distribuci\u00f3n, Almacenamiento en Fr\u00edo, Instalaciones de Procesamiento<\/div>\n<\/div>\n<\/div>\n<div class=\"prod-bottom\">\n<div class=\"prod-desc\">\n<p>El Term\u00f3grafo de Temperatura En-Tr\u00e1nsito de DeltaTrak, modelos 16000-16502 son tiras gr\u00e1ficas de registro de tiempo y temperatura altamente confiables y se utilizan para registrar condiciones ambientales encontradas durante el almacenamiento y transporte de alimentos, productos farmac\u00e9uticos, productos qu\u00edmicos y otros productos sensibles a la temperatura en camiones refrigerados, vagones de ferrocarril, contenedores mar\u00edtimos y a\u00e9reos.<\/p>\n<p>Los modelos de Term\u00f3grafos de Temperatura En-Tr\u00e1nsito est\u00e1n especialmente dise\u00f1ados a base de una cubierta ligera y durable para lograr una circulaci\u00f3n de aire superior y de respuesta de la temperatura m\u00e1s r\u00e1pida. Estos term\u00f3grafos proporcionan la m\u00e1xima precisi\u00f3n y generan un registro permanente de las condiciones de tr\u00e1nsito en una tira de papel de 36 pulgadas (91 cm). Un puerto de vista permite al operador confirmar visualmente la activaci\u00f3n despu\u00e9s de tirar la pesta\u00f1a de inicio del registrador gr\u00e1fico de temperatura.<\/p>\n<p>Los registros permanentes producidos por estos term\u00f3grafos de temperatura sirven como pruebas de corroboraci\u00f3n en las reclamaciones de seguros, documentaci\u00f3n de control de calidad y la protecci\u00f3n de sus valiosos productos. Los modelos est\u00e1n disponibles a partir de 5 d\u00edas a 90 d\u00edas para los per\u00edodos en tr\u00e1nsito con tres intervalos de temperatura.<\/p>\n<p>Aplicaciones: En instalaciones de almacenes y durante el transporte. Los registros permanentes producidos sirven como pruebas de corroboraci\u00f3n de calidad del producto en los productos perecederos, como documentaci\u00f3n de control de calidad y en las reclamaciones de seguros en caso de variaciones de temperatura.<\/p>\n<table style=\"height: 481px;\" width=\"669\">\n<thead>\n<tr>\n<th scope=\"col\">Modelos<\/th>\n<th scope=\"col\">5 d\u00edas<\/th>\n<th scope=\"col\">10 d\u00edas<\/th>\n<th scope=\"col\">20 d\u00edas<\/th>\n<th scope=\"col\">30 d\u00edas<\/th>\n<th scope=\"col\">40 d\u00edas<\/th>\n<th scope=\"col\">60 d\u00edas<\/th>\n<th scope=\"col\">90 d\u00edas<\/th>\n<\/tr>\n<\/thead>\n<tbody>\n<tr>\n<td><strong>Modelo Est\u00e1ndar<\/strong><br \/>\nDe -20 \u00b0F a 100 \u00b0F (-29 \u00b0C a 38 \u00b0C)<\/td>\n<td>16000<\/td>\n<td>16100<\/td>\n<td>16200<\/td>\n<td>16300<\/td>\n<td>16350<\/td>\n<td>16400<\/td>\n<td>16500<\/td>\n<\/tr>\n<tr>\n<td><strong>Modelo de rango alto<\/strong><br \/>\nde 32 \u00b0F a 150 \u00b0F (0 \u00b0C a 65 \u00b0C)<\/td>\n<td>16002<\/td>\n<td>16102<\/td>\n<td>16202<\/td>\n<td>16302<\/td>\n<td><\/td>\n<td>16402<\/td>\n<td>16502<\/td>\n<\/tr>\n<tr>\n<td><strong>Modelo de Intervalo Bajo<\/strong><br \/>\nDe -40 \u00b0F a 80 \u00b0F (-40 \u00b0C a 27 \u00b0C)<\/td>\n<td>16004<\/td>\n<td>16104<\/td>\n<td>16203<\/td>\n<td><\/td>\n<td><\/td>\n<td>16403<\/td>\n<td><\/td>\n<\/tr>\n<\/tbody>\n<\/table>\n<p>&nbsp;<\/p>\n<\/div>\n<table>\n<caption>Modelo 16000 In-Transit Temperature Chart Recorder<\/caption>\n<thead>\n<tr>\n<th scope=\"col\">Caracter\u00edstica<\/th>\n<th scope=\"col\">Especificaci\u00f3n<\/th>\n<\/tr>\n<\/thead>\n<tfoot>\n<tr>\n<td colspan=\"2\"><\/td>\n<\/tr>\n<\/tfoot>\n<tbody>\n<tr>\n<td>Rango de temperatura<\/td>\n<td>Modelo Est\u00e1ndar: De -20 \u00b0F a 100 \u00b0F (-29 \u00b0C a 38 \u00b0C)<br \/>\nModelo de Intervalo Alto: De 32 \u00b0F a 150 \u00b0F (0 \u00b0C a 65 \u00b0C)<br \/>\nModelo de Intervalo Bajo: De -40 \u00b0F a 80 \u00b0F (-40 \u00b0C a 27 \u00b0C)<\/td>\n<\/tr>\n<tr>\n<td>Precisi\u00f3n<\/td>\n<td>\u00b12 \u00b0F (\u00b11 \u00b0C) o m\u00e1s<\/td>\n<\/tr>\n<tr>\n<td>Sensor<\/td>\n<td>Bobina bimet\u00e1lica<\/td>\n<\/tr>\n<tr>\n<td>Gr\u00e1fico<\/td>\n<td>Sensible a la presi\u00f3n, longitud de total de 36 pulgadas (91.4 cm), escala dual de \u00b0F\/\u00b0C<\/td>\n<\/tr>\n<tr>\n<td>Motor<\/td>\n<td>Motor de estado s\u00f3lido de cuarzo<\/td>\n<\/tr>\n<tr>\n<td>Precisi\u00f3n del Cronometro \/ Motor del Reloj<\/td>\n<td>Promedio de \u00b120 segundos al mes<\/td>\n<\/tr>\n<tr>\n<td>Bater\u00eda<\/td>\n<td>Pila Alcalina AA \u2013 Modelos de intervalo Alto<br \/>\nPila Zinc de Carb\u00f3n AA \u2013 Modelos Est\u00e1ndar<br \/>\nPila de Litio AA \u2013 Modelos de Intervalo Bajo<\/td>\n<\/tr>\n<tr>\n<td>Vida \u00datil<\/td>\n<td>3 a\u00f1os<\/td>\n<\/tr>\n<tr>\n<td>Tama\u00f1o<\/td>\n<td>5.5 pulg. (largo) x 4 pulg. (ancho) x 2.5 pulg. (alto)<br \/>\n13.5 cm (largo) x 10 cm (ancho) x 6.3 cm (alto)<\/td>\n<\/tr>\n<tr>\n<td>Peso<\/td>\n<td>6,98 onzas (198 g)<\/td>\n<\/tr>\n<tr>\n<td>Tama\u00f1o de Lote \/ Peso<\/td>\n<td>20 registradores por caja \/ 12 lbs. (5.4 kg)<\/td>\n<\/tr>\n<tr>\n<td>Certificaci\u00f3n \/ Calibraci\u00f3n<\/td>\n<td>Marcado CE por T.U.V., trazable a NIST<\/td>\n<\/tr>\n<\/tbody>\n<\/table>\n<\/div>\n<\/li>\n<\/ul>\n","protected":false},"excerpt":{"rendered":"<h3><strong>Caracter\u00edsticas\u00a0<\/strong><\/h3>\n<ul>\n<li>Cuenta con un documento nuevo en 2 partes que facilita el uso.<\/li>\n<li>Cuenta con una pesta\u00f1a nueva y mejorada dise\u00f1ada para hacer m\u00e1s f\u00e1cil el INICIO.<\/li>\n<li>Con gr\u00e1fico de escala doble (\u00b0F \/ \u00b0C).<\/li>\n<li>Incluye instrucciones de operaci\u00f3n en tres idiomas ( Ingles, Espa\u00f1ol, Chino).<\/li>\n<li>Cuenta con varios modelos que van en periodos de tr\u00e1nsito desde los 5 d\u00edas a 90 d\u00edas.<\/li>\n<li>Disponible en tres intervalos de temperatura.<\/li>\n<li>Con un dise\u00f1o patentado que garantiza que el seguimiento de registro se detenga al final del viaje.<\/li>\n<li>Cuenta con una caja de cubierta ventilada para una mejor respuesta y redusca el peso<\/li>\n<li>Incluye un n\u00famero de serie en cada unidad para su trazabilidad.<\/li>\n<li>No. de Patente 4,990,940.<\/li>\n<\/ul>\n","protected":false},"featured_media":1637,"comment_status":"open","ping_status":"closed","template":"","meta":{"_joinchat":[]},"product_brand":[],"product_cat":[15],"product_tag":[],"class_list":{"0":"post-1636","1":"product","2":"type-product","3":"status-publish","4":"has-post-thumbnail","6":"product_cat-sin-categorizar","8":"first","9":"instock","10":"shipping-taxable","11":"product-type-simple"},"yoast_head":"<!-- This site is optimized with the Yoast SEO plugin v26.4 - https:\/\/yoast.com\/wordpress\/plugins\/seo\/ -->\n<title>Registrador de gr\u00e1ficos de temperatura en tr\u00e1nsito Modelo 16000-16500 - Abaa tienda online<\/title>\n<meta name=\"robots\" content=\"index, follow, max-snippet:-1, max-image-preview:large, max-video-preview:-1\" \/>\n<link rel=\"canonical\" href=\"https:\/\/abaa.mx\/tienda\/registrador-de-graficos-de-temperatura-en-transito-modelo-16000-16500\/\" \/>\n<meta property=\"og:locale\" content=\"es_MX\" \/>\n<meta property=\"og:type\" content=\"article\" \/>\n<meta property=\"og:title\" content=\"Registrador de gr\u00e1ficos de temperatura en tr\u00e1nsito Modelo 16000-16500 - Abaa tienda online\" \/>\n<meta property=\"og:description\" content=\"Caracter\u00edsticas\u00a0   Cuenta con un documento nuevo en 2 partes que facilita el uso.  Cuenta con una pesta\u00f1a nueva y mejorada dise\u00f1ada para hacer m\u00e1s f\u00e1cil el INICIO.  Con gr\u00e1fico de escala doble (\u00b0F \/ \u00b0C).  Incluye instrucciones de operaci\u00f3n en tres idiomas ( Ingles, Espa\u00f1ol, Chino).  Cuenta con varios modelos que van en periodos de tr\u00e1nsito desde los 5 d\u00edas a 90 d\u00edas.  Disponible en tres intervalos de temperatura.  Con un dise\u00f1o patentado que garantiza que el seguimiento de registro se detenga al final del viaje.  Cuenta con una caja de cubierta ventilada para una mejor respuesta y redusca el peso  Incluye un n\u00famero de serie en cada unidad para su trazabilidad.  No. de Patente 4,990,940.\" \/>\n<meta property=\"og:url\" content=\"https:\/\/abaa.mx\/tienda\/registrador-de-graficos-de-temperatura-en-transito-modelo-16000-16500\/\" \/>\n<meta property=\"og:site_name\" content=\"Abaa tienda online\" \/>\n<meta property=\"og:image\" content=\"https:\/\/abaa.mx\/tienda\/wp-content\/uploads\/2023\/09\/16000-16500.jpg\" \/>\n\t<meta property=\"og:image:width\" content=\"1000\" \/>\n\t<meta property=\"og:image:height\" content=\"756\" \/>\n\t<meta property=\"og:image:type\" content=\"image\/jpeg\" \/>\n<meta name=\"twitter:card\" content=\"summary_large_image\" \/>\n<meta name=\"twitter:label1\" content=\"Tiempo de lectura\" \/>\n\t<meta name=\"twitter:data1\" content=\"3 minutos\" \/>\n<script type=\"application\/ld+json\" class=\"yoast-schema-graph\">{\"@context\":\"https:\/\/schema.org\",\"@graph\":[{\"@type\":\"WebPage\",\"@id\":\"https:\/\/abaa.mx\/tienda\/registrador-de-graficos-de-temperatura-en-transito-modelo-16000-16500\/\",\"url\":\"https:\/\/abaa.mx\/tienda\/registrador-de-graficos-de-temperatura-en-transito-modelo-16000-16500\/\",\"name\":\"Registrador de gr\u00e1ficos de temperatura en tr\u00e1nsito Modelo 16000-16500 - Abaa tienda online\",\"isPartOf\":{\"@id\":\"https:\/\/abaa.mx\/tienda\/#website\"},\"primaryImageOfPage\":{\"@id\":\"https:\/\/abaa.mx\/tienda\/registrador-de-graficos-de-temperatura-en-transito-modelo-16000-16500\/#primaryimage\"},\"image\":{\"@id\":\"https:\/\/abaa.mx\/tienda\/registrador-de-graficos-de-temperatura-en-transito-modelo-16000-16500\/#primaryimage\"},\"thumbnailUrl\":\"https:\/\/abaa.mx\/tienda\/wp-content\/uploads\/2023\/09\/16000-16500.jpg\",\"datePublished\":\"2023-09-15T14:25:34+00:00\",\"breadcrumb\":{\"@id\":\"https:\/\/abaa.mx\/tienda\/registrador-de-graficos-de-temperatura-en-transito-modelo-16000-16500\/#breadcrumb\"},\"inLanguage\":\"es\",\"potentialAction\":[{\"@type\":\"ReadAction\",\"target\":[\"https:\/\/abaa.mx\/tienda\/registrador-de-graficos-de-temperatura-en-transito-modelo-16000-16500\/\"]}]},{\"@type\":\"ImageObject\",\"inLanguage\":\"es\",\"@id\":\"https:\/\/abaa.mx\/tienda\/registrador-de-graficos-de-temperatura-en-transito-modelo-16000-16500\/#primaryimage\",\"url\":\"https:\/\/abaa.mx\/tienda\/wp-content\/uploads\/2023\/09\/16000-16500.jpg\",\"contentUrl\":\"https:\/\/abaa.mx\/tienda\/wp-content\/uploads\/2023\/09\/16000-16500.jpg\",\"width\":1000,\"height\":756,\"caption\":\"registrador-de-graficos-de-temperatura-en-transito-modelo-16000-16500\"},{\"@type\":\"BreadcrumbList\",\"@id\":\"https:\/\/abaa.mx\/tienda\/registrador-de-graficos-de-temperatura-en-transito-modelo-16000-16500\/#breadcrumb\",\"itemListElement\":[{\"@type\":\"ListItem\",\"position\":1,\"name\":\"Inicio\",\"item\":\"https:\/\/abaa.mx\/tienda\/\"},{\"@type\":\"ListItem\",\"position\":2,\"name\":\"Tienda\",\"item\":\"https:\/\/abaa.mx\/tienda\/\"},{\"@type\":\"ListItem\",\"position\":3,\"name\":\"Registrador de gr\u00e1ficos de temperatura en tr\u00e1nsito Modelo 16000-16500\"}]},{\"@type\":\"WebSite\",\"@id\":\"https:\/\/abaa.mx\/tienda\/#website\",\"url\":\"https:\/\/abaa.mx\/tienda\/\",\"name\":\"Abaa tienda online\",\"description\":\"Instrumentos de medici\u00f3n\",\"publisher\":{\"@id\":\"https:\/\/abaa.mx\/tienda\/#organization\"},\"potentialAction\":[{\"@type\":\"SearchAction\",\"target\":{\"@type\":\"EntryPoint\",\"urlTemplate\":\"https:\/\/abaa.mx\/tienda\/?s={search_term_string}\"},\"query-input\":{\"@type\":\"PropertyValueSpecification\",\"valueRequired\":true,\"valueName\":\"search_term_string\"}}],\"inLanguage\":\"es\"},{\"@type\":\"Organization\",\"@id\":\"https:\/\/abaa.mx\/tienda\/#organization\",\"name\":\"Abaa tienda online\",\"url\":\"https:\/\/abaa.mx\/tienda\/\",\"logo\":{\"@type\":\"ImageObject\",\"inLanguage\":\"es\",\"@id\":\"https:\/\/abaa.mx\/tienda\/#\/schema\/logo\/image\/\",\"url\":\"https:\/\/abaa.mx\/tienda\/wp-content\/uploads\/2024\/01\/abaa-metrologia-tienda.png\",\"contentUrl\":\"https:\/\/abaa.mx\/tienda\/wp-content\/uploads\/2024\/01\/abaa-metrologia-tienda.png\",\"width\":300,\"height\":141,\"caption\":\"Abaa tienda online\"},\"image\":{\"@id\":\"https:\/\/abaa.mx\/tienda\/#\/schema\/logo\/image\/\"}}]}<\/script>\n<!-- \/ Yoast SEO plugin. -->","yoast_head_json":{"title":"Registrador de gr\u00e1ficos de temperatura en tr\u00e1nsito Modelo 16000-16500 - Abaa tienda online","robots":{"index":"index","follow":"follow","max-snippet":"max-snippet:-1","max-image-preview":"max-image-preview:large","max-video-preview":"max-video-preview:-1"},"canonical":"https:\/\/abaa.mx\/tienda\/registrador-de-graficos-de-temperatura-en-transito-modelo-16000-16500\/","og_locale":"es_MX","og_type":"article","og_title":"Registrador de gr\u00e1ficos de temperatura en tr\u00e1nsito Modelo 16000-16500 - Abaa tienda online","og_description":"Caracter\u00edsticas\u00a0   Cuenta con un documento nuevo en 2 partes que facilita el uso.  Cuenta con una pesta\u00f1a nueva y mejorada dise\u00f1ada para hacer m\u00e1s f\u00e1cil el INICIO.  Con gr\u00e1fico de escala doble (\u00b0F \/ \u00b0C).  Incluye instrucciones de operaci\u00f3n en tres idiomas ( Ingles, Espa\u00f1ol, Chino).  Cuenta con varios modelos que van en periodos de tr\u00e1nsito desde los 5 d\u00edas a 90 d\u00edas.  Disponible en tres intervalos de temperatura.  Con un dise\u00f1o patentado que garantiza que el seguimiento de registro se detenga al final del viaje.  Cuenta con una caja de cubierta ventilada para una mejor respuesta y redusca el peso  Incluye un n\u00famero de serie en cada unidad para su trazabilidad.  No. de Patente 4,990,940.","og_url":"https:\/\/abaa.mx\/tienda\/registrador-de-graficos-de-temperatura-en-transito-modelo-16000-16500\/","og_site_name":"Abaa tienda online","og_image":[{"width":1000,"height":756,"url":"https:\/\/abaa.mx\/tienda\/wp-content\/uploads\/2023\/09\/16000-16500.jpg","type":"image\/jpeg"}],"twitter_card":"summary_large_image","twitter_misc":{"Tiempo de lectura":"3 minutos"},"schema":{"@context":"https:\/\/schema.org","@graph":[{"@type":"WebPage","@id":"https:\/\/abaa.mx\/tienda\/registrador-de-graficos-de-temperatura-en-transito-modelo-16000-16500\/","url":"https:\/\/abaa.mx\/tienda\/registrador-de-graficos-de-temperatura-en-transito-modelo-16000-16500\/","name":"Registrador de gr\u00e1ficos de temperatura en tr\u00e1nsito Modelo 16000-16500 - Abaa tienda online","isPartOf":{"@id":"https:\/\/abaa.mx\/tienda\/#website"},"primaryImageOfPage":{"@id":"https:\/\/abaa.mx\/tienda\/registrador-de-graficos-de-temperatura-en-transito-modelo-16000-16500\/#primaryimage"},"image":{"@id":"https:\/\/abaa.mx\/tienda\/registrador-de-graficos-de-temperatura-en-transito-modelo-16000-16500\/#primaryimage"},"thumbnailUrl":"https:\/\/abaa.mx\/tienda\/wp-content\/uploads\/2023\/09\/16000-16500.jpg","datePublished":"2023-09-15T14:25:34+00:00","breadcrumb":{"@id":"https:\/\/abaa.mx\/tienda\/registrador-de-graficos-de-temperatura-en-transito-modelo-16000-16500\/#breadcrumb"},"inLanguage":"es","potentialAction":[{"@type":"ReadAction","target":["https:\/\/abaa.mx\/tienda\/registrador-de-graficos-de-temperatura-en-transito-modelo-16000-16500\/"]}]},{"@type":"ImageObject","inLanguage":"es","@id":"https:\/\/abaa.mx\/tienda\/registrador-de-graficos-de-temperatura-en-transito-modelo-16000-16500\/#primaryimage","url":"https:\/\/abaa.mx\/tienda\/wp-content\/uploads\/2023\/09\/16000-16500.jpg","contentUrl":"https:\/\/abaa.mx\/tienda\/wp-content\/uploads\/2023\/09\/16000-16500.jpg","width":1000,"height":756,"caption":"registrador-de-graficos-de-temperatura-en-transito-modelo-16000-16500"},{"@type":"BreadcrumbList","@id":"https:\/\/abaa.mx\/tienda\/registrador-de-graficos-de-temperatura-en-transito-modelo-16000-16500\/#breadcrumb","itemListElement":[{"@type":"ListItem","position":1,"name":"Inicio","item":"https:\/\/abaa.mx\/tienda\/"},{"@type":"ListItem","position":2,"name":"Tienda","item":"https:\/\/abaa.mx\/tienda\/"},{"@type":"ListItem","position":3,"name":"Registrador de gr\u00e1ficos de temperatura en tr\u00e1nsito Modelo 16000-16500"}]},{"@type":"WebSite","@id":"https:\/\/abaa.mx\/tienda\/#website","url":"https:\/\/abaa.mx\/tienda\/","name":"Abaa tienda online","description":"Instrumentos de medici\u00f3n","publisher":{"@id":"https:\/\/abaa.mx\/tienda\/#organization"},"potentialAction":[{"@type":"SearchAction","target":{"@type":"EntryPoint","urlTemplate":"https:\/\/abaa.mx\/tienda\/?s={search_term_string}"},"query-input":{"@type":"PropertyValueSpecification","valueRequired":true,"valueName":"search_term_string"}}],"inLanguage":"es"},{"@type":"Organization","@id":"https:\/\/abaa.mx\/tienda\/#organization","name":"Abaa tienda online","url":"https:\/\/abaa.mx\/tienda\/","logo":{"@type":"ImageObject","inLanguage":"es","@id":"https:\/\/abaa.mx\/tienda\/#\/schema\/logo\/image\/","url":"https:\/\/abaa.mx\/tienda\/wp-content\/uploads\/2024\/01\/abaa-metrologia-tienda.png","contentUrl":"https:\/\/abaa.mx\/tienda\/wp-content\/uploads\/2024\/01\/abaa-metrologia-tienda.png","width":300,"height":141,"caption":"Abaa tienda online"},"image":{"@id":"https:\/\/abaa.mx\/tienda\/#\/schema\/logo\/image\/"}}]}},"_links":{"self":[{"href":"https:\/\/abaa.mx\/tienda\/wp-json\/wp\/v2\/product\/1636","targetHints":{"allow":["GET"]}}],"collection":[{"href":"https:\/\/abaa.mx\/tienda\/wp-json\/wp\/v2\/product"}],"about":[{"href":"https:\/\/abaa.mx\/tienda\/wp-json\/wp\/v2\/types\/product"}],"replies":[{"embeddable":true,"href":"https:\/\/abaa.mx\/tienda\/wp-json\/wp\/v2\/comments?post=1636"}],"wp:featuredmedia":[{"embeddable":true,"href":"https:\/\/abaa.mx\/tienda\/wp-json\/wp\/v2\/media\/1637"}],"wp:attachment":[{"href":"https:\/\/abaa.mx\/tienda\/wp-json\/wp\/v2\/media?parent=1636"}],"wp:term":[{"taxonomy":"product_brand","embeddable":true,"href":"https:\/\/abaa.mx\/tienda\/wp-json\/wp\/v2\/product_brand?post=1636"},{"taxonomy":"product_cat","embeddable":true,"href":"https:\/\/abaa.mx\/tienda\/wp-json\/wp\/v2\/product_cat?post=1636"},{"taxonomy":"product_tag","embeddable":true,"href":"https:\/\/abaa.mx\/tienda\/wp-json\/wp\/v2\/product_tag?post=1636"}],"curies":[{"name":"wp","href":"https:\/\/api.w.org\/{rel}","templated":true}]}}