{"id":1634,"date":"2023-09-15T14:11:19","date_gmt":"2023-09-15T14:11:19","guid":{"rendered":"https:\/\/abaa.mx\/tienda\/?post_type=product&#038;p=1634"},"modified":"2023-09-15T14:11:20","modified_gmt":"2023-09-15T14:11:20","slug":"registrador-electronico-circular-de-graficos-de-temperatura-modelo-14010-14011-14012","status":"publish","type":"product","link":"https:\/\/abaa.mx\/tienda\/registrador-electronico-circular-de-graficos-de-temperatura-modelo-14010-14011-14012\/","title":{"rendered":"Registrador electr\u00f3nico circular de gr\u00e1ficos de temperatura Modelo 14010, 14011, 14012"},"content":{"rendered":"<h3><strong>\u00a0<\/strong><\/h3>\n<h1>Registrador electr\u00f3nico circular de gr\u00e1ficos de temperatura<\/h1>\n<h3><strong>Modelo\u00a014010, 14011, 14012<\/strong><\/h3>\n<h3><strong>Caracter\u00edsticas\u00a0<\/strong><\/h3>\n<ul>\n<li>Seleccione rotaci\u00f3n simple o continua de la grafica.<\/li>\n<li>La sonda de acero inoxidable permite medir la temperatura del aire, gas, l\u00edquidos, polvos, y semi-s\u00f3lidos.<\/li>\n<li>Las bater\u00edas permiten una funci\u00f3n continua (hasta 48 horas) durante fallas de energ\u00eda.<\/li>\n<\/ul>\n<div class=\"prod-top\">\n<div class=\"prod-left\">\n<div class=\"prod-app\"><b>Aplicaciones:<\/b> Medir la Temperatura del Aire, Gas, L\u00edquidos, Polvos, Semi-S\u00f3lidos.<\/div>\n<div>\n<p>El term\u00f3grafo electr\u00f3nico circular de DeltaTrak, modelos 14010, 14011 y 14012 es un registrador confiable de tiempo y temperatura. La grabadora tiene cuatro velocidades gr\u00e1ficas de 6 horas, 24 horas, 7 d\u00edas y 31 d\u00edas. Hay tres rangos de temperatura: -40\u00b0F ~ 30\u00b0F (-40\u00b0C ~ -1\u00b0C), -20\u00b0F ~ 50\u00b0F (-30\u00b0C ~ 10\u00b0C) y 50\u00b0F ~ 120\u00b0F (10\u00b0C ~ 49\u00b0C) para entornos congelados, fr\u00edos y ambientales.<\/p>\n<p>La sonda externa de acero inoxidable permite medir la temperatura del aire, gases, l\u00edquidos y semis\u00f3lidos. Tiene un movimiento de reloj de cuarzo, avance motorizado gr\u00e1fico y precisi\u00f3n de la temperatura de \u00b1 2\u00b0F (\u00b1 1\u00b0C). La grabadora viene en \u00b0F o \u00b0C y se ejecuta en los modelos de 120 V o 220 V AC, 50\/60 Hz. Un compartimiento posterior contiene 8 pilas alcalinas AA, que proporciona hasta 48 horas de grabaci\u00f3n continua en el caso de una p\u00e9rdida de energ\u00eda temporal.<\/p>\n<p>La temperatura actual es f\u00e1cil de leer y aparece en una pantalla LED de gran tama\u00f1o, mientras que un registro permanente se traza en las graficas de papel. Ambas graficas y plumas son f\u00e1ciles de reemplazar.<\/p>\n<table>\n<caption>Modelo 14010-14012 Registrador Electr\u00f3nico Circular de Temperatura<\/caption>\n<thead>\n<tr>\n<th scope=\"col\">Caracter\u00edstica<\/th>\n<th scope=\"col\">Especificaci\u00f3n<\/th>\n<\/tr>\n<\/thead>\n<tfoot>\n<tr>\n<td colspan=\"2\"><\/td>\n<\/tr>\n<\/tfoot>\n<tbody>\n<tr>\n<td>Intervalo de temperatura seleccionable<\/td>\n<td>-40\u00b0F a 30\u00b0F \/ -20\u00b0F a 50\u00b0F \/ 50\u00b0F a 120\u00b0F -40\u00b0C a 0\u00b0C \/ -30\u00b0C a 10\u00b0C \/ 10\u00b0C a 50\u00b0C<\/td>\n<\/tr>\n<tr>\n<td>Velocidad seleccionable de la grafica<\/td>\n<td>6 horas, 24 horas, 7 d\u00edas, 31 d\u00edas<\/td>\n<\/tr>\n<tr>\n<td>Precisi\u00f3n de la velocidad de la grafica<\/td>\n<td>\u00b11%<\/td>\n<\/tr>\n<tr>\n<td>Di\u00e1metro de la grafica<\/td>\n<td>6 pulgadas (152.4mm)<\/td>\n<\/tr>\n<tr>\n<td>Presentaci\u00f3n de la temperatura<\/td>\n<td>3 LED digital 0.5 pulgadas de alto<\/td>\n<\/tr>\n<tr>\n<td>Precisi\u00f3n de la temperatura<\/td>\n<td>\u00b12\u00b0F (\u00b11\u00b0C)<\/td>\n<\/tr>\n<tr>\n<td>Sensor de temperatura<\/td>\n<td>Sonda de acero inoxidable 27\/8&#8243;L x \u00bc&#8221;D estado s\u00f3lido circuito integrado, en un cable de 15 pies<\/td>\n<\/tr>\n<tr>\n<td>Pluma<\/td>\n<td>De tinta<\/td>\n<\/tr>\n<tr>\n<td>Fuente de Alimentaci\u00f3n<\/td>\n<td>120 VCA, 50\/60 Hz., (220\/240 VCA, 50 Hz. opcional)<\/td>\n<\/tr>\n<tr>\n<td>Bater\u00eda de Respaldo<\/td>\n<td>Soporte para 8 baterias alcalinas AA (baterias no incluidas)<\/td>\n<\/tr>\n<tr>\n<td>Vida de la Bater\u00eda<\/td>\n<td>48 horas<\/td>\n<\/tr>\n<tr>\n<td>Temperatura de funcionamiento<\/td>\n<td>De 32 \u00b0C a 120 \u00b0C (de 0 \u00b0F a 49 \u00b0F)<\/td>\n<\/tr>\n<tr>\n<td>Humedad Relativa<\/td>\n<td>96% m\u00e1ximo<\/td>\n<\/tr>\n<tr>\n<td>Dimensiones<\/td>\n<td>9 pulg x 6.875 pulg x 2.33 pulg (228mm x 174mm x 59mm)<\/td>\n<\/tr>\n<tr>\n<td>Peso<\/td>\n<td>1 lbs 12 oz (80 kg.)<\/td>\n<\/tr>\n<\/tbody>\n<\/table>\n<\/div>\n<\/div>\n<\/div>\n<div class=\"prod-bottom\">\n<div class=\"prod-desc\"><\/div>\n<\/div>\n","protected":false},"excerpt":{"rendered":"<h3><strong>Caracter\u00edsticas\u00a0<\/strong><\/h3>\n<ul>\n<li>Seleccione rotaci\u00f3n simple o continua de la grafica.<\/li>\n<li>La sonda de acero inoxidable permite medir la temperatura del aire, gas, l\u00edquidos, polvos, y semi-s\u00f3lidos.<\/li>\n<li>Las bater\u00edas permiten una funci\u00f3n continua (hasta 48 horas) durante fallas de energ\u00eda.<\/li>\n<\/ul>\n","protected":false},"featured_media":1635,"comment_status":"open","ping_status":"closed","template":"","meta":{"_joinchat":[]},"product_brand":[],"product_cat":[15],"product_tag":[],"class_list":{"0":"post-1634","1":"product","2":"type-product","3":"status-publish","4":"has-post-thumbnail","6":"product_cat-sin-categorizar","8":"first","9":"instock","10":"shipping-taxable","11":"product-type-simple"},"yoast_head":"<!-- This site is optimized with the Yoast SEO plugin v26.4 - https:\/\/yoast.com\/wordpress\/plugins\/seo\/ -->\n<title>Registrador electr\u00f3nico circular de gr\u00e1ficos de temperatura Modelo 14010, 14011, 14012 - Abaa tienda online<\/title>\n<meta name=\"robots\" content=\"index, follow, max-snippet:-1, max-image-preview:large, max-video-preview:-1\" \/>\n<link rel=\"canonical\" href=\"https:\/\/abaa.mx\/tienda\/registrador-electronico-circular-de-graficos-de-temperatura-modelo-14010-14011-14012\/\" \/>\n<meta property=\"og:locale\" content=\"es_MX\" \/>\n<meta property=\"og:type\" content=\"article\" \/>\n<meta property=\"og:title\" content=\"Registrador electr\u00f3nico circular de gr\u00e1ficos de temperatura Modelo 14010, 14011, 14012 - Abaa tienda online\" \/>\n<meta property=\"og:description\" content=\"Caracter\u00edsticas\u00a0   Seleccione rotaci\u00f3n simple o continua de la grafica.  La sonda de acero inoxidable permite medir la temperatura del aire, gas, l\u00edquidos, polvos, y semi-s\u00f3lidos.  Las bater\u00edas permiten una funci\u00f3n continua (hasta 48 horas) durante fallas de energ\u00eda.\" \/>\n<meta property=\"og:url\" content=\"https:\/\/abaa.mx\/tienda\/registrador-electronico-circular-de-graficos-de-temperatura-modelo-14010-14011-14012\/\" \/>\n<meta property=\"og:site_name\" content=\"Abaa tienda online\" \/>\n<meta property=\"article:modified_time\" content=\"2023-09-15T14:11:20+00:00\" \/>\n<meta property=\"og:image\" content=\"https:\/\/abaa.mx\/tienda\/wp-content\/uploads\/2023\/09\/14010-14011-14012.jpg\" \/>\n\t<meta property=\"og:image:width\" content=\"308\" \/>\n\t<meta property=\"og:image:height\" content=\"284\" \/>\n\t<meta property=\"og:image:type\" content=\"image\/jpeg\" \/>\n<meta name=\"twitter:card\" content=\"summary_large_image\" \/>\n<meta name=\"twitter:label1\" content=\"Tiempo de lectura\" \/>\n\t<meta name=\"twitter:data1\" content=\"2 minutos\" \/>\n<script type=\"application\/ld+json\" class=\"yoast-schema-graph\">{\"@context\":\"https:\/\/schema.org\",\"@graph\":[{\"@type\":\"WebPage\",\"@id\":\"https:\/\/abaa.mx\/tienda\/registrador-electronico-circular-de-graficos-de-temperatura-modelo-14010-14011-14012\/\",\"url\":\"https:\/\/abaa.mx\/tienda\/registrador-electronico-circular-de-graficos-de-temperatura-modelo-14010-14011-14012\/\",\"name\":\"Registrador electr\u00f3nico circular de gr\u00e1ficos de temperatura Modelo 14010, 14011, 14012 - Abaa tienda online\",\"isPartOf\":{\"@id\":\"https:\/\/abaa.mx\/tienda\/#website\"},\"primaryImageOfPage\":{\"@id\":\"https:\/\/abaa.mx\/tienda\/registrador-electronico-circular-de-graficos-de-temperatura-modelo-14010-14011-14012\/#primaryimage\"},\"image\":{\"@id\":\"https:\/\/abaa.mx\/tienda\/registrador-electronico-circular-de-graficos-de-temperatura-modelo-14010-14011-14012\/#primaryimage\"},\"thumbnailUrl\":\"https:\/\/abaa.mx\/tienda\/wp-content\/uploads\/2023\/09\/14010-14011-14012.jpg\",\"datePublished\":\"2023-09-15T14:11:19+00:00\",\"dateModified\":\"2023-09-15T14:11:20+00:00\",\"breadcrumb\":{\"@id\":\"https:\/\/abaa.mx\/tienda\/registrador-electronico-circular-de-graficos-de-temperatura-modelo-14010-14011-14012\/#breadcrumb\"},\"inLanguage\":\"es\",\"potentialAction\":[{\"@type\":\"ReadAction\",\"target\":[\"https:\/\/abaa.mx\/tienda\/registrador-electronico-circular-de-graficos-de-temperatura-modelo-14010-14011-14012\/\"]}]},{\"@type\":\"ImageObject\",\"inLanguage\":\"es\",\"@id\":\"https:\/\/abaa.mx\/tienda\/registrador-electronico-circular-de-graficos-de-temperatura-modelo-14010-14011-14012\/#primaryimage\",\"url\":\"https:\/\/abaa.mx\/tienda\/wp-content\/uploads\/2023\/09\/14010-14011-14012.jpg\",\"contentUrl\":\"https:\/\/abaa.mx\/tienda\/wp-content\/uploads\/2023\/09\/14010-14011-14012.jpg\",\"width\":308,\"height\":284,\"caption\":\"registrador-electronico-circular-de-graficos-de-temperatura-modelo-14010-14011-14012\"},{\"@type\":\"BreadcrumbList\",\"@id\":\"https:\/\/abaa.mx\/tienda\/registrador-electronico-circular-de-graficos-de-temperatura-modelo-14010-14011-14012\/#breadcrumb\",\"itemListElement\":[{\"@type\":\"ListItem\",\"position\":1,\"name\":\"Inicio\",\"item\":\"https:\/\/abaa.mx\/tienda\/\"},{\"@type\":\"ListItem\",\"position\":2,\"name\":\"Tienda\",\"item\":\"https:\/\/abaa.mx\/tienda\/\"},{\"@type\":\"ListItem\",\"position\":3,\"name\":\"Registrador electr\u00f3nico circular de gr\u00e1ficos de temperatura Modelo 14010, 14011, 14012\"}]},{\"@type\":\"WebSite\",\"@id\":\"https:\/\/abaa.mx\/tienda\/#website\",\"url\":\"https:\/\/abaa.mx\/tienda\/\",\"name\":\"Abaa tienda online\",\"description\":\"Instrumentos de medici\u00f3n\",\"publisher\":{\"@id\":\"https:\/\/abaa.mx\/tienda\/#organization\"},\"potentialAction\":[{\"@type\":\"SearchAction\",\"target\":{\"@type\":\"EntryPoint\",\"urlTemplate\":\"https:\/\/abaa.mx\/tienda\/?s={search_term_string}\"},\"query-input\":{\"@type\":\"PropertyValueSpecification\",\"valueRequired\":true,\"valueName\":\"search_term_string\"}}],\"inLanguage\":\"es\"},{\"@type\":\"Organization\",\"@id\":\"https:\/\/abaa.mx\/tienda\/#organization\",\"name\":\"Abaa tienda online\",\"url\":\"https:\/\/abaa.mx\/tienda\/\",\"logo\":{\"@type\":\"ImageObject\",\"inLanguage\":\"es\",\"@id\":\"https:\/\/abaa.mx\/tienda\/#\/schema\/logo\/image\/\",\"url\":\"https:\/\/abaa.mx\/tienda\/wp-content\/uploads\/2024\/01\/abaa-metrologia-tienda.png\",\"contentUrl\":\"https:\/\/abaa.mx\/tienda\/wp-content\/uploads\/2024\/01\/abaa-metrologia-tienda.png\",\"width\":300,\"height\":141,\"caption\":\"Abaa tienda online\"},\"image\":{\"@id\":\"https:\/\/abaa.mx\/tienda\/#\/schema\/logo\/image\/\"}}]}<\/script>\n<!-- \/ Yoast SEO plugin. -->","yoast_head_json":{"title":"Registrador electr\u00f3nico circular de gr\u00e1ficos de temperatura Modelo 14010, 14011, 14012 - Abaa tienda online","robots":{"index":"index","follow":"follow","max-snippet":"max-snippet:-1","max-image-preview":"max-image-preview:large","max-video-preview":"max-video-preview:-1"},"canonical":"https:\/\/abaa.mx\/tienda\/registrador-electronico-circular-de-graficos-de-temperatura-modelo-14010-14011-14012\/","og_locale":"es_MX","og_type":"article","og_title":"Registrador electr\u00f3nico circular de gr\u00e1ficos de temperatura Modelo 14010, 14011, 14012 - Abaa tienda online","og_description":"Caracter\u00edsticas\u00a0   Seleccione rotaci\u00f3n simple o continua de la grafica.  La sonda de acero inoxidable permite medir la temperatura del aire, gas, l\u00edquidos, polvos, y semi-s\u00f3lidos.  Las bater\u00edas permiten una funci\u00f3n continua (hasta 48 horas) durante fallas de energ\u00eda.","og_url":"https:\/\/abaa.mx\/tienda\/registrador-electronico-circular-de-graficos-de-temperatura-modelo-14010-14011-14012\/","og_site_name":"Abaa tienda online","article_modified_time":"2023-09-15T14:11:20+00:00","og_image":[{"width":308,"height":284,"url":"https:\/\/abaa.mx\/tienda\/wp-content\/uploads\/2023\/09\/14010-14011-14012.jpg","type":"image\/jpeg"}],"twitter_card":"summary_large_image","twitter_misc":{"Tiempo de lectura":"2 minutos"},"schema":{"@context":"https:\/\/schema.org","@graph":[{"@type":"WebPage","@id":"https:\/\/abaa.mx\/tienda\/registrador-electronico-circular-de-graficos-de-temperatura-modelo-14010-14011-14012\/","url":"https:\/\/abaa.mx\/tienda\/registrador-electronico-circular-de-graficos-de-temperatura-modelo-14010-14011-14012\/","name":"Registrador electr\u00f3nico circular de gr\u00e1ficos de temperatura Modelo 14010, 14011, 14012 - Abaa tienda online","isPartOf":{"@id":"https:\/\/abaa.mx\/tienda\/#website"},"primaryImageOfPage":{"@id":"https:\/\/abaa.mx\/tienda\/registrador-electronico-circular-de-graficos-de-temperatura-modelo-14010-14011-14012\/#primaryimage"},"image":{"@id":"https:\/\/abaa.mx\/tienda\/registrador-electronico-circular-de-graficos-de-temperatura-modelo-14010-14011-14012\/#primaryimage"},"thumbnailUrl":"https:\/\/abaa.mx\/tienda\/wp-content\/uploads\/2023\/09\/14010-14011-14012.jpg","datePublished":"2023-09-15T14:11:19+00:00","dateModified":"2023-09-15T14:11:20+00:00","breadcrumb":{"@id":"https:\/\/abaa.mx\/tienda\/registrador-electronico-circular-de-graficos-de-temperatura-modelo-14010-14011-14012\/#breadcrumb"},"inLanguage":"es","potentialAction":[{"@type":"ReadAction","target":["https:\/\/abaa.mx\/tienda\/registrador-electronico-circular-de-graficos-de-temperatura-modelo-14010-14011-14012\/"]}]},{"@type":"ImageObject","inLanguage":"es","@id":"https:\/\/abaa.mx\/tienda\/registrador-electronico-circular-de-graficos-de-temperatura-modelo-14010-14011-14012\/#primaryimage","url":"https:\/\/abaa.mx\/tienda\/wp-content\/uploads\/2023\/09\/14010-14011-14012.jpg","contentUrl":"https:\/\/abaa.mx\/tienda\/wp-content\/uploads\/2023\/09\/14010-14011-14012.jpg","width":308,"height":284,"caption":"registrador-electronico-circular-de-graficos-de-temperatura-modelo-14010-14011-14012"},{"@type":"BreadcrumbList","@id":"https:\/\/abaa.mx\/tienda\/registrador-electronico-circular-de-graficos-de-temperatura-modelo-14010-14011-14012\/#breadcrumb","itemListElement":[{"@type":"ListItem","position":1,"name":"Inicio","item":"https:\/\/abaa.mx\/tienda\/"},{"@type":"ListItem","position":2,"name":"Tienda","item":"https:\/\/abaa.mx\/tienda\/"},{"@type":"ListItem","position":3,"name":"Registrador electr\u00f3nico circular de gr\u00e1ficos de temperatura Modelo 14010, 14011, 14012"}]},{"@type":"WebSite","@id":"https:\/\/abaa.mx\/tienda\/#website","url":"https:\/\/abaa.mx\/tienda\/","name":"Abaa tienda online","description":"Instrumentos de medici\u00f3n","publisher":{"@id":"https:\/\/abaa.mx\/tienda\/#organization"},"potentialAction":[{"@type":"SearchAction","target":{"@type":"EntryPoint","urlTemplate":"https:\/\/abaa.mx\/tienda\/?s={search_term_string}"},"query-input":{"@type":"PropertyValueSpecification","valueRequired":true,"valueName":"search_term_string"}}],"inLanguage":"es"},{"@type":"Organization","@id":"https:\/\/abaa.mx\/tienda\/#organization","name":"Abaa tienda online","url":"https:\/\/abaa.mx\/tienda\/","logo":{"@type":"ImageObject","inLanguage":"es","@id":"https:\/\/abaa.mx\/tienda\/#\/schema\/logo\/image\/","url":"https:\/\/abaa.mx\/tienda\/wp-content\/uploads\/2024\/01\/abaa-metrologia-tienda.png","contentUrl":"https:\/\/abaa.mx\/tienda\/wp-content\/uploads\/2024\/01\/abaa-metrologia-tienda.png","width":300,"height":141,"caption":"Abaa tienda online"},"image":{"@id":"https:\/\/abaa.mx\/tienda\/#\/schema\/logo\/image\/"}}]}},"_links":{"self":[{"href":"https:\/\/abaa.mx\/tienda\/wp-json\/wp\/v2\/product\/1634","targetHints":{"allow":["GET"]}}],"collection":[{"href":"https:\/\/abaa.mx\/tienda\/wp-json\/wp\/v2\/product"}],"about":[{"href":"https:\/\/abaa.mx\/tienda\/wp-json\/wp\/v2\/types\/product"}],"replies":[{"embeddable":true,"href":"https:\/\/abaa.mx\/tienda\/wp-json\/wp\/v2\/comments?post=1634"}],"wp:featuredmedia":[{"embeddable":true,"href":"https:\/\/abaa.mx\/tienda\/wp-json\/wp\/v2\/media\/1635"}],"wp:attachment":[{"href":"https:\/\/abaa.mx\/tienda\/wp-json\/wp\/v2\/media?parent=1634"}],"wp:term":[{"taxonomy":"product_brand","embeddable":true,"href":"https:\/\/abaa.mx\/tienda\/wp-json\/wp\/v2\/product_brand?post=1634"},{"taxonomy":"product_cat","embeddable":true,"href":"https:\/\/abaa.mx\/tienda\/wp-json\/wp\/v2\/product_cat?post=1634"},{"taxonomy":"product_tag","embeddable":true,"href":"https:\/\/abaa.mx\/tienda\/wp-json\/wp\/v2\/product_tag?post=1634"}],"curies":[{"name":"wp","href":"https:\/\/api.w.org\/{rel}","templated":true}]}}